{"id":8061,"date":"2015-10-12T13:36:46","date_gmt":"2015-10-12T13:36:46","guid":{"rendered":"https:\/\/webknjizara.hr\/?product=istrazivanja-interneta-anci-leburic-m-dadic-i-drugi"},"modified":"2023-02-27T00:16:31","modified_gmt":"2023-02-26T23:16:31","slug":"istrazivanja-interneta-anci-leburic-m-dadic-i-drugi","status":"publish","type":"product","link":"https:\/\/webknjizara.hr\/en\/proizvod\/istrazivanja-interneta-anci-leburic-m-dadic-i-drugi\/","title":{"rendered":"ISTRA\u017dIVANJA INTERNETA, An\u010di Leburi\u0107, M. Dadi\u0107 i drugi"},"content":{"rendered":"<p style=\"text-align: justify;\"><strong>Sa\u017eetak:<\/p>\n<p><\/strong> Studija <strong>Istra\u017eivanja interneta<\/strong> objavljuje se kao \u010detvrta (4.) knjiga u ediciji <a href=\"hr\/component\/search\/?searchword=metodol&amp;ordering=newest&amp;searchphrase=all&amp;limit=20\" target=\"_blank\" rel=\"noopener noreferrer\"><strong>Metodolo\u0161ke teme<\/strong><\/a>, u biblioteci pod nazivom <strong>Metodolo\u0161ka biblioteka<\/strong>. Rije\u010d je o jo\u0161 jednom djelu metodolo\u0161koga tipa i sadr\u017eaja, a koje je rezultat nastavnoga i studentskoga grupnoga rada na ista\u017eiva\u010dkom modulu diplomskoga studija sociologije u Splitu. Temeljni cilj toga modula zapravo je apsolviranje s razli\u010ditih aspekata niza bitnih i relativno nerazvijenih analiza\/ metoda\/pristupa prvenstveno u okvirima niza razli\u010ditih sociolo\u0161kih subdisciplina, kao i u raznim formatima sociologijskih znanja i na bogatoj lepezi metodolo\u0161kih vje\u0161tina sociologa i sociologinja. <br \/>Stoga bi ovaj rad mogao dijelom nadoknaditi golemu \u201eglad\u201c za metodolo\u0161kom literaturom, \u010dija bi sadr\u017eajna orijentiranost bila prete\u017eno ili isklju\u010divo analiti\u010dke naravi. Naime, razli\u010dite vrste analiza ili istra\u017eiva\u010dkih vrsta (tipova), koje smo do sada obuhvatili ovom edicijom, vjerojatno \u0107e korisno poslu\u017eiti svima onima koje na\u010delno metodolo\u0161ka tematika zanima, ali i onima koji se \u017eele dodatno usavr\u0161iti u vlastitoj metodolo\u0161koj pismenosti, te kona\u010dno onima koji su samo znati\u017eeljni da sagledaju \u0161to je i kako je mogu\u0107e i s kojim istra\u017eiva\u010dkim (analiti\u010dkim) alatima istra\u017eiti, pa u kona\u010dnici adekvatnije razumjeti, objasniti, odnosno adekvatnije spoznati istra\u017eivane aspekte dru\u0161tvenoga i dru\u0161tvenosti. <\/p>\n<p>Studija se sastoji od \u0161est poglavlja, od kojih svako predstavlja zasebnu istra\u017eiva\u010dku i logi\u010dku cjelinu. Dok je prvo poglavlje teorijskoga sadr\u017eaja i naravi, ostalih pet su cjelovite i samostalno (grupno) obavljena istra\u017eivanja interneta. Stoga su ova posljednja poglavlja ovako strukturirana: uvodno su prezentirani analiti\u010dki i metodolo\u0161ki aspekti istra\u017eivanja; slijedi teorijsko obrazlo\u017eenje pristupa i dizajna, nakon kojega se interpretiraju dobijeni empirijski rezultati, pa slijedi popis relevantne i kori\u0161tene literature, zatim iscrpna ilustracija metodolo\u0161ke arhive, a na kraju svakog poglavlja su tabelirani i grafi\u010dki prikazani empirijski rezultati koji su prethodno bili interpretirani. <\/p>\n<p>Zahvaljujem se svim studentima i studenticama kao vrijednom suatorskom timu (diplomantima iz akademske godine2010\/2011.), bez \u010dije marljivosti i kreativnosti ovu studiju ne bismo uspjeli pripremiti za tisak. U nizu napora, zadataka i stru\u010dnih poslova nesebi\u010dno i entuzijasti\u010dno je sura\u0111ivala s nama tada\u0161nja asistentica (danas ve\u0107 doktorica dru\u0161tvenih znanosti) Maja Dadi\u0107, kojoj se beskrajno zahvaljujemo i s ponosom isti\u010demo na\u0161u suradnju kao dinami\u010dnu, nimalo dosadnu, \u010dak i naro\u010dito kreativnu, zapravo uzornu.<\/p>\n<p style=\"text-align: justify;\"><strong>Bilje\u0161ka o autoricama:<\/strong> <\/p>\n<p><em><strong>AN\u010cI LEBURI\u0106<\/strong><\/em>, redovna je profesorica u trajnom zvanju na katedri sociolo\u0161ke metodologije, Odsjeka za sociologiju Filozofskog fakulteta u Splitu. Objavljuje znanstvene radove iz metodologije dru\u0161tvenih i humanisti\u010dkih istra\u017eivanja, te empirijske studije iz posebnih sociologija. Nositeljica je kolegija na preddiplomskim, diplomskim i doktorskim studijima u zemlji i inozemstvu. Urednica je nekoliko biblioteka u kojima se objavljuju metodolo\u0161ke i sociolo\u0161ke studije. Vodi i sudjeluje u me\u0111unarodnim projektima u kojima se istra\u017euju razvojne, kulturolo\u0161ke, medijske, socijalno-ekolo\u0161ke, urbane i dr. teme. \u010clanica je nekoliko stru\u010dnih asocijacija, te predsjednica Splitske podru\u017enice Hrvatskoga sociolo\u0161kog dru\u0161tva od 2006 god.<\/p>\n<p><em><strong>MAJA DADI\u0106<\/strong><\/em>, ro\u0111ena 1983. u Splitu, gdje je zavr\u0161ila osnovnu i srednju \u0161kolu. Diplomirala je na Filozofskom fakultetu Sveu\u010dili\u0161ta u Zadru 2007. godine, na Odsjeku za sociologiju i pedagogiju. Profesorica je sociologije i pedagogije. Dobitnica je Rektorove nagrade i Top stipendije 2006.Sura\u0111ivala je u sociolo\u0161kim projektima i istra\u017eivanjima, kao anketarka i intervjuerka. Doktorirala je na poslijediplomskom doktorskom studiju sociologije na Sveu\u010dili\u0161tu u Zagrebu. Suautorica je studije <a href=\"hr\/about-joomla?page=shop.product_details&amp;flypage=flypage.tpl&amp;category_id=22&amp;product_id=62&amp;vmcchk=1\" target=\"_blank\" rel=\"noopener noreferrer\"><em>Kulturni turizam na splitski na\u010din<\/em><\/a> (Biblioteka: Istra\u017eiva\u010dke studije, knjiga br. 10, Split: Redak, 2010). \u010clanica je <em>Hrvatskog sociolo\u0161kog dru\u0161tva<\/em>.<\/p>\n<p><strong>Bilje\u0161ka o urednici:<\/strong> <\/p>\n<p>An\u010di Leburi\u0107, redovna je profesorica u trajnom zvanju na katedri sociolo\u0161ke metodologije, Odsjeka za sociologiju Filozofskog fakulteta u Splitu. Objavljuje znanstvene radove iz metodologije dru\u0161tvenih i humanisti\u010dkih istra\u017eivanja, te empirijske studije iz posebnih sociologija. Nositeljica je kolegija na preddiplomskim, diplomskim i doktorskim studijima u zemlji i inozemstvu. Urednica je nekoliko biblioteka u kojima se objavljuju metodolo\u0161ke i sociolo\u0161ke studije. Vodi i sudjeluje u me\u0111unarodnim projektima u kojima se istra\u017euju razvojne, kulturolo\u0161ke, medijske, socijalno-ekolo\u0161ke, urbane i dr. teme. \u010clanica je nekoliko stru\u010dnih asocijacija, te predsjednica Splitske podru\u017enice Hrvatskoga sociolo\u0161kog dru\u0161tva od 2006 god.<\/p>\n<p><strong>Klju\u010dne rije\u010di:<\/strong> Internet-sociolo\u0161ko istra\u017eivanje-analize<br \/><strong><br \/>Link:<\/strong> <a href=\"http:\/\/www.ancileburic.com\" target=\"_blank\" rel=\"noopener noreferrer\">www.ancileburic.com<\/a> <br \/><strong>E-mail:<\/strong> <a href=\"mailto:anci@ffst.hr\">An\u010di Leburi\u0107<\/a>\u00a0<\/p>\n<p style=\"text-align: justify;\"><strong>Naslov:<\/strong> Istra\u017eivanja interneta<br \/><strong>Autorice:<\/strong> An\u010di Leburi\u0107, M. Dadi\u0107 i drugi<br \/><strong>Broj stranica:<\/strong> 252<br \/><strong>Nakladnik:<\/strong> REDAK<br \/><strong>Godina izdanja:<\/strong> 2015.<br \/><strong>ISBN:<\/strong> 978-953-336-237-3<br \/><strong>Tisak:<\/strong> digitalni tisak knjiga &#8211; print na zahtjev<\/p>\n","protected":false},"excerpt":{"rendered":"<p>Sa\u017eetak: Studija Istra\u017eivanja interneta objavljuje se kao \u010detvrta (4.) knjiga u ediciji Metodolo\u0161ke teme, u biblioteci pod nazivom Metodolo\u0161ka biblioteka. Rije\u010d je o jo\u0161 jednom djelu metodolo\u0161koga tipa i sadr\u017eaja, a koje je rezultat nastavnoga i studentskoga grupnoga rada na ista\u017eiva\u010dkom modulu diplomskoga studija sociologije u Splitu. Temeljni cilj toga modula zapravo je apsolviranje s [&hellip;]<\/p>\n","protected":false},"featured_media":8062,"comment_status":"open","ping_status":"closed","template":"","meta":{"_acf_changed":false},"product_brand":[],"product_cat":[1517,1390],"product_tag":[],"class_list":{"0":"post-8061","1":"product","2":"type-product","3":"status-publish","4":"has-post-thumbnail","6":"product_cat-strucna-literatura","7":"product_cat-drustvene-znanosti","8":"pa_nakladnik-redak","10":"first","11":"instock","12":"shipping-taxable","13":"purchasable","14":"product-type-simple"},"acf":[],"yoast_head":"<!-- This site is optimized with the Yoast SEO plugin v27.3 - https:\/\/yoast.com\/product\/yoast-seo-wordpress\/ -->\n<title>ISTRA\u017dIVANJA INTERNETA, An\u010di Leburi\u0107, M. Dadi\u0107 i drugi - Web-knji\u017eara<\/title>\n<meta name=\"robots\" content=\"index, follow, max-snippet:-1, max-image-preview:large, max-video-preview:-1\" \/>\n<link rel=\"canonical\" href=\"https:\/\/webknjizara.hr\/proizvod\/istrazivanja-interneta-anci-leburic-m-dadic-i-drugi\/\" \/>\n<meta property=\"og:locale\" content=\"en_US\" \/>\n<meta property=\"og:type\" content=\"article\" \/>\n<meta property=\"og:title\" content=\"ISTRA\u017dIVANJA INTERNETA, An\u010di Leburi\u0107, M. Dadi\u0107 i drugi - Web-knji\u017eara\" \/>\n<meta property=\"og:description\" content=\"Sa\u017eetak: Studija Istra\u017eivanja interneta objavljuje se kao \u010detvrta (4.) knjiga u ediciji Metodolo\u0161ke teme, u biblioteci pod nazivom Metodolo\u0161ka biblioteka. Rije\u010d je o jo\u0161 jednom djelu metodolo\u0161koga tipa i sadr\u017eaja, a koje je rezultat nastavnoga i studentskoga grupnoga rada na ista\u017eiva\u010dkom modulu diplomskoga studija sociologije u Splitu. Temeljni cilj toga modula zapravo je apsolviranje s [&hellip;]\" \/>\n<meta property=\"og:url\" content=\"https:\/\/webknjizara.hr\/proizvod\/istrazivanja-interneta-anci-leburic-m-dadic-i-drugi\/\" \/>\n<meta property=\"og:site_name\" content=\"Web-knji\u017eara\" \/>\n<meta property=\"article:modified_time\" content=\"2023-02-26T23:16:31+00:00\" \/>\n<meta property=\"og:image\" content=\"https:\/\/webknjizara.hr\/wp-content\/uploads\/nc\/images\/virtuemart\/product\/istra-ivanja-in-561bb76ed6261.jpg\" \/>\n\t<meta property=\"og:image:width\" content=\"358\" \/>\n\t<meta property=\"og:image:height\" content=\"500\" \/>\n\t<meta property=\"og:image:type\" content=\"image\/jpeg\" \/>\n<meta name=\"twitter:card\" content=\"summary_large_image\" \/>\n<meta name=\"twitter:label1\" content=\"Est. reading time\" \/>\n\t<meta name=\"twitter:data1\" content=\"4 minutes\" \/>\n<script type=\"application\/ld+json\" class=\"yoast-schema-graph\">{\"@context\":\"https:\\\/\\\/schema.org\",\"@graph\":[{\"@type\":\"WebPage\",\"@id\":\"https:\\\/\\\/webknjizara.hr\\\/proizvod\\\/istrazivanja-interneta-anci-leburic-m-dadic-i-drugi\\\/\",\"url\":\"https:\\\/\\\/webknjizara.hr\\\/proizvod\\\/istrazivanja-interneta-anci-leburic-m-dadic-i-drugi\\\/\",\"name\":\"ISTRA\u017dIVANJA INTERNETA, An\u010di Leburi\u0107, M. Dadi\u0107 i drugi - Web-knji\u017eara\",\"isPartOf\":{\"@id\":\"https:\\\/\\\/webknjizara.hr\\\/#website\"},\"primaryImageOfPage\":{\"@id\":\"https:\\\/\\\/webknjizara.hr\\\/proizvod\\\/istrazivanja-interneta-anci-leburic-m-dadic-i-drugi\\\/#primaryimage\"},\"image\":{\"@id\":\"https:\\\/\\\/webknjizara.hr\\\/proizvod\\\/istrazivanja-interneta-anci-leburic-m-dadic-i-drugi\\\/#primaryimage\"},\"thumbnailUrl\":\"https:\\\/\\\/webknjizara.hr\\\/wp-content\\\/uploads\\\/nc\\\/images\\\/virtuemart\\\/product\\\/istra-ivanja-in-561bb76ed6261.jpg\",\"datePublished\":\"2015-10-12T13:36:46+00:00\",\"dateModified\":\"2023-02-26T23:16:31+00:00\",\"breadcrumb\":{\"@id\":\"https:\\\/\\\/webknjizara.hr\\\/proizvod\\\/istrazivanja-interneta-anci-leburic-m-dadic-i-drugi\\\/#breadcrumb\"},\"inLanguage\":\"en-US\",\"potentialAction\":[{\"@type\":\"ReadAction\",\"target\":[\"https:\\\/\\\/webknjizara.hr\\\/proizvod\\\/istrazivanja-interneta-anci-leburic-m-dadic-i-drugi\\\/\"]}]},{\"@type\":\"ImageObject\",\"inLanguage\":\"en-US\",\"@id\":\"https:\\\/\\\/webknjizara.hr\\\/proizvod\\\/istrazivanja-interneta-anci-leburic-m-dadic-i-drugi\\\/#primaryimage\",\"url\":\"https:\\\/\\\/webknjizara.hr\\\/wp-content\\\/uploads\\\/nc\\\/images\\\/virtuemart\\\/product\\\/istra-ivanja-in-561bb76ed6261.jpg\",\"contentUrl\":\"https:\\\/\\\/webknjizara.hr\\\/wp-content\\\/uploads\\\/nc\\\/images\\\/virtuemart\\\/product\\\/istra-ivanja-in-561bb76ed6261.jpg\",\"width\":358,\"height\":500,\"caption\":\"ISTRA\u017dIVANJA INTERNETA, An\u010di Leburi\u0107, M. Dadi\u0107 i drugi\"},{\"@type\":\"BreadcrumbList\",\"@id\":\"https:\\\/\\\/webknjizara.hr\\\/proizvod\\\/istrazivanja-interneta-anci-leburic-m-dadic-i-drugi\\\/#breadcrumb\",\"itemListElement\":[{\"@type\":\"ListItem\",\"position\":1,\"name\":\"Po\u010detna stranica\",\"item\":\"https:\\\/\\\/webknjizara.hr\\\/en\\\/\"},{\"@type\":\"ListItem\",\"position\":2,\"name\":\"Shop\",\"item\":\"https:\\\/\\\/webknjizara.hr\\\/shop\\\/\"},{\"@type\":\"ListItem\",\"position\":3,\"name\":\"ISTRA\u017dIVANJA INTERNETA, An\u010di Leburi\u0107, M. Dadi\u0107 i drugi\"}]},{\"@type\":\"WebSite\",\"@id\":\"https:\\\/\\\/webknjizara.hr\\\/#website\",\"url\":\"https:\\\/\\\/webknjizara.hr\\\/\",\"name\":\"Web Knji\u017eara\",\"description\":\"\",\"publisher\":{\"@id\":\"https:\\\/\\\/webknjizara.hr\\\/#organization\"},\"potentialAction\":[{\"@type\":\"SearchAction\",\"target\":{\"@type\":\"EntryPoint\",\"urlTemplate\":\"https:\\\/\\\/webknjizara.hr\\\/?s={search_term_string}\"},\"query-input\":{\"@type\":\"PropertyValueSpecification\",\"valueRequired\":true,\"valueName\":\"search_term_string\"}}],\"inLanguage\":\"en-US\"},{\"@type\":\"Organization\",\"@id\":\"https:\\\/\\\/webknjizara.hr\\\/#organization\",\"name\":\"REDAK D.O.O.\",\"url\":\"https:\\\/\\\/webknjizara.hr\\\/\",\"logo\":{\"@type\":\"ImageObject\",\"inLanguage\":\"en-US\",\"@id\":\"https:\\\/\\\/webknjizara.hr\\\/#\\\/schema\\\/logo\\\/image\\\/\",\"url\":\"https:\\\/\\\/webknjizara.hr\\\/wp-content\\\/uploads\\\/2023\\\/01\\\/web-knjizara-logo.webp\",\"contentUrl\":\"https:\\\/\\\/webknjizara.hr\\\/wp-content\\\/uploads\\\/2023\\\/01\\\/web-knjizara-logo.webp\",\"width\":324,\"height\":79,\"caption\":\"REDAK D.O.O.\"},\"image\":{\"@id\":\"https:\\\/\\\/webknjizara.hr\\\/#\\\/schema\\\/logo\\\/image\\\/\"}}]}<\/script>\n<!-- \/ Yoast SEO plugin. -->","yoast_head_json":{"title":"ISTRA\u017dIVANJA INTERNETA, An\u010di Leburi\u0107, M. Dadi\u0107 i drugi - Web-knji\u017eara","robots":{"index":"index","follow":"follow","max-snippet":"max-snippet:-1","max-image-preview":"max-image-preview:large","max-video-preview":"max-video-preview:-1"},"canonical":"https:\/\/webknjizara.hr\/proizvod\/istrazivanja-interneta-anci-leburic-m-dadic-i-drugi\/","og_locale":"en_US","og_type":"article","og_title":"ISTRA\u017dIVANJA INTERNETA, An\u010di Leburi\u0107, M. Dadi\u0107 i drugi - Web-knji\u017eara","og_description":"Sa\u017eetak: Studija Istra\u017eivanja interneta objavljuje se kao \u010detvrta (4.) knjiga u ediciji Metodolo\u0161ke teme, u biblioteci pod nazivom Metodolo\u0161ka biblioteka. Rije\u010d je o jo\u0161 jednom djelu metodolo\u0161koga tipa i sadr\u017eaja, a koje je rezultat nastavnoga i studentskoga grupnoga rada na ista\u017eiva\u010dkom modulu diplomskoga studija sociologije u Splitu. Temeljni cilj toga modula zapravo je apsolviranje s [&hellip;]","og_url":"https:\/\/webknjizara.hr\/proizvod\/istrazivanja-interneta-anci-leburic-m-dadic-i-drugi\/","og_site_name":"Web-knji\u017eara","article_modified_time":"2023-02-26T23:16:31+00:00","og_image":[{"width":358,"height":500,"url":"https:\/\/webknjizara.hr\/wp-content\/uploads\/nc\/images\/virtuemart\/product\/istra-ivanja-in-561bb76ed6261.jpg","type":"image\/jpeg"}],"twitter_card":"summary_large_image","twitter_misc":{"Est. reading time":"4 minutes"},"schema":{"@context":"https:\/\/schema.org","@graph":[{"@type":"WebPage","@id":"https:\/\/webknjizara.hr\/proizvod\/istrazivanja-interneta-anci-leburic-m-dadic-i-drugi\/","url":"https:\/\/webknjizara.hr\/proizvod\/istrazivanja-interneta-anci-leburic-m-dadic-i-drugi\/","name":"ISTRA\u017dIVANJA INTERNETA, An\u010di Leburi\u0107, M. Dadi\u0107 i drugi - Web-knji\u017eara","isPartOf":{"@id":"https:\/\/webknjizara.hr\/#website"},"primaryImageOfPage":{"@id":"https:\/\/webknjizara.hr\/proizvod\/istrazivanja-interneta-anci-leburic-m-dadic-i-drugi\/#primaryimage"},"image":{"@id":"https:\/\/webknjizara.hr\/proizvod\/istrazivanja-interneta-anci-leburic-m-dadic-i-drugi\/#primaryimage"},"thumbnailUrl":"https:\/\/webknjizara.hr\/wp-content\/uploads\/nc\/images\/virtuemart\/product\/istra-ivanja-in-561bb76ed6261.jpg","datePublished":"2015-10-12T13:36:46+00:00","dateModified":"2023-02-26T23:16:31+00:00","breadcrumb":{"@id":"https:\/\/webknjizara.hr\/proizvod\/istrazivanja-interneta-anci-leburic-m-dadic-i-drugi\/#breadcrumb"},"inLanguage":"en-US","potentialAction":[{"@type":"ReadAction","target":["https:\/\/webknjizara.hr\/proizvod\/istrazivanja-interneta-anci-leburic-m-dadic-i-drugi\/"]}]},{"@type":"ImageObject","inLanguage":"en-US","@id":"https:\/\/webknjizara.hr\/proizvod\/istrazivanja-interneta-anci-leburic-m-dadic-i-drugi\/#primaryimage","url":"https:\/\/webknjizara.hr\/wp-content\/uploads\/nc\/images\/virtuemart\/product\/istra-ivanja-in-561bb76ed6261.jpg","contentUrl":"https:\/\/webknjizara.hr\/wp-content\/uploads\/nc\/images\/virtuemart\/product\/istra-ivanja-in-561bb76ed6261.jpg","width":358,"height":500,"caption":"ISTRA\u017dIVANJA INTERNETA, An\u010di Leburi\u0107, M. Dadi\u0107 i drugi"},{"@type":"BreadcrumbList","@id":"https:\/\/webknjizara.hr\/proizvod\/istrazivanja-interneta-anci-leburic-m-dadic-i-drugi\/#breadcrumb","itemListElement":[{"@type":"ListItem","position":1,"name":"Po\u010detna stranica","item":"https:\/\/webknjizara.hr\/en\/"},{"@type":"ListItem","position":2,"name":"Shop","item":"https:\/\/webknjizara.hr\/shop\/"},{"@type":"ListItem","position":3,"name":"ISTRA\u017dIVANJA INTERNETA, An\u010di Leburi\u0107, M. Dadi\u0107 i drugi"}]},{"@type":"WebSite","@id":"https:\/\/webknjizara.hr\/#website","url":"https:\/\/webknjizara.hr\/","name":"Web Knji\u017eara","description":"","publisher":{"@id":"https:\/\/webknjizara.hr\/#organization"},"potentialAction":[{"@type":"SearchAction","target":{"@type":"EntryPoint","urlTemplate":"https:\/\/webknjizara.hr\/?s={search_term_string}"},"query-input":{"@type":"PropertyValueSpecification","valueRequired":true,"valueName":"search_term_string"}}],"inLanguage":"en-US"},{"@type":"Organization","@id":"https:\/\/webknjizara.hr\/#organization","name":"REDAK D.O.O.","url":"https:\/\/webknjizara.hr\/","logo":{"@type":"ImageObject","inLanguage":"en-US","@id":"https:\/\/webknjizara.hr\/#\/schema\/logo\/image\/","url":"https:\/\/webknjizara.hr\/wp-content\/uploads\/2023\/01\/web-knjizara-logo.webp","contentUrl":"https:\/\/webknjizara.hr\/wp-content\/uploads\/2023\/01\/web-knjizara-logo.webp","width":324,"height":79,"caption":"REDAK D.O.O."},"image":{"@id":"https:\/\/webknjizara.hr\/#\/schema\/logo\/image\/"}}]}},"_links":{"self":[{"href":"https:\/\/webknjizara.hr\/en\/wp-json\/wp\/v2\/product\/8061","targetHints":{"allow":["GET"]}}],"collection":[{"href":"https:\/\/webknjizara.hr\/en\/wp-json\/wp\/v2\/product"}],"about":[{"href":"https:\/\/webknjizara.hr\/en\/wp-json\/wp\/v2\/types\/product"}],"replies":[{"embeddable":true,"href":"https:\/\/webknjizara.hr\/en\/wp-json\/wp\/v2\/comments?post=8061"}],"wp:featuredmedia":[{"embeddable":true,"href":"https:\/\/webknjizara.hr\/en\/wp-json\/wp\/v2\/media\/8062"}],"wp:attachment":[{"href":"https:\/\/webknjizara.hr\/en\/wp-json\/wp\/v2\/media?parent=8061"}],"wp:term":[{"taxonomy":"product_brand","embeddable":true,"href":"https:\/\/webknjizara.hr\/en\/wp-json\/wp\/v2\/product_brand?post=8061"},{"taxonomy":"product_cat","embeddable":true,"href":"https:\/\/webknjizara.hr\/en\/wp-json\/wp\/v2\/product_cat?post=8061"},{"taxonomy":"product_tag","embeddable":true,"href":"https:\/\/webknjizara.hr\/en\/wp-json\/wp\/v2\/product_tag?post=8061"}],"curies":[{"name":"wp","href":"https:\/\/api.w.org\/{rel}","templated":true}]}}