{"id":8057,"date":"2015-10-06T11:00:48","date_gmt":"2015-10-06T11:00:48","guid":{"rendered":"https:\/\/webknjizara.hr\/?product=hipertenzija-dijabetes-kopb-astma-%e2%80%93-pracenje-bolesnika"},"modified":"2023-02-27T00:16:30","modified_gmt":"2023-02-26T23:16:30","slug":"hipertenzija-dijabetes-kopb-astma-pracenje-bolesnika","status":"publish","type":"product","link":"https:\/\/webknjizara.hr\/en\/proizvod\/hipertenzija-dijabetes-kopb-astma-pracenje-bolesnika\/","title":{"rendered":"Hipertenzija, Dijabetes, KOPB, Astma \u2013 Pra\u0107enje bolesnika"},"content":{"rendered":"<p style=\"text-align: justify;\"><em><br \/><strong>Sa\u017eetak:<\/strong> <br \/><\/em><br \/><em>PROSLOV <br \/><\/em><br \/><em>Drage kolegice i kolege, sastajemo se ve\u0107 petnaesti put na kongresu Hrvatskoga dru\u0161tva obiteljskih doktora kao mjestu susreta tradicionalnih vrijednosti obiteljske medicine i razmjene novih iskustava. Ovaj jubilarni kongres po mnogo je \u010demu poseban s obzirom na promjene koje se doga\u0111aju u zdravstvenome sustavu i novoj ulozi lije\u010dnika obiteljske medicine. Sredi\u0161nja je tema 15. kongresa kontinuirana skrb za kroni\u010dnog bolesnika u svjetlu promjena u ugovaranju i klju\u010dnoj ulozi lije\u010dnika obiteljske medicine u skrbi za ove bolesnike. Danas se od uspje\u0161noga lije\u010dnika obiteljske medicine ne o\u010dekuje da bude samo dobar dijagnosti\u010dar nego i lije\u010dnik koji zna jako dobro skrbiti za bolesnike s naj\u010de\u0161\u0107im kroni\u010dnim bolestima. Sve ono \u0161to sustav o\u010dekuje od nas sasvim je u skladu s onim \u0161to mi kao lije\u010dnici obiteljske medicine \u017eelimo i znamo raditi, ali isto tako zbog preoptere\u0107enosti poslom i nejednakih uvjeta rada \u010desto nije ni mogu\u0107e o\u010dekivati od nas da ispunjavamo te uloge u onoj mjeri u kojoj bismo i mi sami htjeli. Rad s kroni\u010dnim bolesnicima zahtijeva edukaciju, opremu, dodatno osoblje i, \u0161to je najva\u017enije od svega, vrijeme koje \u0107e lije\u010dnik posvetiti bolesniku. Brojni radovi na ovom kongresu pokazat \u0107e da unato\u010d svim problemima s kojima se susre\u0107emo u radu jo\u0161 uvijek pratimo najnovije smjernice i jo\u0161 uvijek poput ma\u0111ioni\u010dara na\u0111emo vrijeme koje posve\u0107ujemo kroni\u010dnim bolesnicima. Jedan od primjera skrbi za kroni\u010dnog bolesnika jest skrb za bolesnika s kroni\u010dnom ranom, koja od lije\u010dnika iziskuje mnogo znanja i truda, a istodobno je iznimno te\u0161ko raditi s ovakvim bolesnicima zbog nedostupnosti dijagnostike. Na\u0161im bolesnicima dostupan je cijeli niz vrlo kvalitetnih obloga za rane i daleko smo po tom pitanju ispred zemalja u okru\u017eenju, ali trebamo biti svjesni da je to samo jedan od \u010dimbenika u zbrinjavanju bolesnika s kroni\u010dnom ranom i da lije\u010dnik obiteljske medicine igra klju\u010dnu ulogu u sustavu za skrb ovih bolesnika. U tom svjetlu svakako je bitno istaknuti ulogu Hrvatske udruge za rane s kojom imamo odli\u010dnu suradnju u organizaciji izobrazbe za lije\u010dnike obiteljske medicine i koja nam je partner u organizaciji kongresa ove godine. Tre\u0107a tema kongresa posve\u0107ena je pokazateljima kvalitete rada i stru\u010dnoj kontroli u obiteljskoj medicini kao stupovima na kojima treba graditi obiteljsku medicinu. Svi smo svjesni da je za dobrobit obiteljske medicine i zdravstvenoga sustava nu\u017eno da struka bude ta koja odre\u0111uje pokazatelje kvalitete rada i da na\u0161 rad treba ocjenjivati stru\u010dna ZBORNIK RADOVA 10 kontrola umjesto niza administrativnih mjerila i propisa koji trenuta\u010dno postoje. Samo na taj na\u010din mo\u017eemo jam\u010diti da \u0107emo raditi bolje i biti uspje\u0161niji, a u tom smislu postoje i pozitivne naznake za osnivanje agencije koja \u0107e se preko struke baviti upravo ovim pitanjem. Posebno veseli \u0161to \u0107e nam se na ovom kongresu predstaviti velik broj na\u0161ih mladih kolega i specijalizanata obiteljske medicine sa zanimljivim temama, jer su upravo oni budu\u0107nost na\u0161e profesije. <br \/><\/em><br \/><em>Novi sustav ugovaranja stavio je obiteljsku medicinu na klju\u010dno mjesto u zdravstvenome sustavu i sljede\u0107i je logi\u010dni korak stvaranje uvjeta da se uistinu ostvari golem potencijal koji imamo mi kao lije\u010dnici obiteljske medicine. To se prvenstveno odnosi na bolje uvjete rada, uvo\u0111enje novih timova, obvezu specijalisti\u010dkog usavr\u0161avanja za ulazak u sustav te ujedna\u010davanje opremljenosti ordinacija i izjedna\u010davanje financijskog vrednovanja rada lije\u010dnika koncesionara i lije\u010dnika u domovima zdravlja. U tom svjetlu potpuno podr\u017eavamo projekt Ministarstva zdravlja i HZZO-a za nabavku opreme i raspisivanje natje\u010daja za specijalizacije iz obiteljske medicine za slabije razvijene \u017eupanije kroz projekte europskih fondova. Isto tako se nadamo da \u0107e se prona\u0107i model za nastavak specijalisti\u010dkog usavr\u0161avanja iz obiteljske medicine i u razvijenim \u017eupanijama, jer je 2015. posljednja godina u kojoj je bilo mogu\u0107e ostvariti specijalizaciju iz obiteljske medicine kroz projekt \u201eUskla\u0111ivanje djelatnosti obiteljske medicine s europskim standardima\u201c. Nadamo se da \u0107e i novi zakon o zdravstvenoj za\u0161titi prepoznati probleme s kojima se suo\u010davaju lije\u010dnici obiteljske medicine i u skladu s onim \u0161to se od obiteljske medicine o\u010dekuje istaknuti specijalisti\u010dku izobrazbu iz obiteljske medicine kao jedan od klju\u010dnih elemenata za razvoj i budu\u0107nost obiteljske medicine u Republici Hrvatskoj. Obiteljska je medicina temelj svakoga uspje\u0161noga zdravstvenog sustava i samo svi mi zajedno uz potporu Ministarstva zdravlja i Hrvatskoga zavoda za zdravstveno osiguranje mo\u017eemo ostvariti mjesto za obiteljsku medicinu koje joj po zaslugama i pripada. Neka ovaj kongresni zbornik bude jedan od kota\u010da koji \u0107e pridonijeti tom cilju i zato posebno zahvaljujem svima koji su pomogli u njegovoj realizaciji.<\/em><\/p>\n<p style=\"text-align: justify;\">&#8211; Predsjednik HDOD-HLZ-a<br \/>Dragan Soldo, dr. med.<\/p>\n<p style=\"text-align: justify;\"><strong>Bilje\u0161ka o autoru:<\/strong> <\/p>\n<p>Dragan Soldo ro\u0111en je 1978. godine u \u0160irokom Brijegu, maturirao 1996. u gimnaziji \u00abFra. Dominik Mandi\u0107\u00bb i iste godine upisao Medicinski fakultet u Zagrebu. Diplomirao 2002. godine i po\u010deo raditi kao znanstveni novak &#8211; asistent na Katedri za obiteljsku medicinu. Od travnja 2007. g. radi kao lije\u010dnik obiteljske medicine na pola radnog vremena u Zdravstvenoj stanici Dugave-Travno, Dom zdravlja Zagreb Centar. Zavr\u0161io specijalizaciju iz obiteljske medicine i polo\u017eio specijalisti\u010dki ispit 2008. Upisao znanstveni poslijediplomski studij \u00abBiomedicina i zdravstvo\u00bb na Medicinskom fakultetu u Zagrebu i radi na izradi doktorske disertacije u sklopu me\u0111unarodnog projekta APRES (The Appropriateness of Prescribing Antibiotics in Primary Health Care in Europe with Respect to Antibiotic Resistance). \u010clan Hrvatskog dru\u0161tva obiteljskih doktora od 2004. Godine, a od 2012. godine obna\u0161a du\u017enost predsjednika Dru\u0161tva. Aktivno sudjeluje u radu Dru\u0161tva nastavnika op\u0107e\/obiteljske medicine i \u010dlan je europskih udru\u017eenja lije\u010dnika obiteljske medicine EURACT i EGPRN u kojem je i nacionalni predstavnik za Republiku Hrvatsku. <br \/><strong><br \/>Klju\u010dne rije\u010di:\u00a0<\/strong>HDOD, zbornik obiteljske medicine, obiteljska medicina<\/p>\n<p style=\"text-align: justify;\"><strong>Link:<\/strong> <a href=\"http:\/\/www.hdod.net\" target=\"_blank\" rel=\"noopener\">www.hdod.net<\/a> <br \/><strong>E-mail:<\/strong> <a href=\"mailto:drsoldo@yahoo.com\">Dragan Soldo<\/a><\/p>\n<p style=\"text-align: justify;\"><strong>Naslov:<\/strong> Hipertenzija, Dijabetes, KOPB, Astma \u2013 Izazovi kontinuiranog pra\u0107enja bolesnika<br \/><strong>Autor:<\/strong> Hrvatsko dru\u0161tvo obiteljskih doktora<br \/><strong>Broj stranica:<\/strong> 362<br \/><strong>Nakladnik:<\/strong> Hrvatski lije\u010dni\u010dki zbor &#8211; Hrvatsko dru\u0161tvo obiteljskih doktora<br \/><strong>Godina izdanja:<\/strong> 2015.<br \/><strong>ISBN:<\/strong> 978-953-7789-03-9<br \/><strong>Tisak:<\/strong> digitalni tisak knjiga &#8211; print na zahtjev<\/p>\n","protected":false},"excerpt":{"rendered":"<p>Sa\u017eetak: PROSLOV Drage kolegice i kolege, sastajemo se ve\u0107 petnaesti put na kongresu Hrvatskoga dru\u0161tva obiteljskih doktora kao mjestu susreta tradicionalnih vrijednosti obiteljske medicine i razmjene novih iskustava. Ovaj jubilarni kongres po mnogo je \u010demu poseban s obzirom na promjene koje se doga\u0111aju u zdravstvenome sustavu i novoj ulozi lije\u010dnika obiteljske medicine. Sredi\u0161nja je tema [&hellip;]<\/p>\n","protected":false},"featured_media":8058,"comment_status":"open","ping_status":"closed","template":"","meta":{"_acf_changed":false},"product_brand":[],"product_cat":[1540,1517],"product_tag":[],"class_list":{"0":"post-8057","1":"product","2":"type-product","3":"status-publish","4":"has-post-thumbnail","6":"product_cat-biomedicina-i-zdravstvo","7":"product_cat-strucna-literatura","8":"pa_autor-hrvatsko-drustvo-obiteljskih-doktora","9":"pa_nakladnik-hrvatski-lijecnicki-zbor-hrvatsko-drustvo-obiteljskih-doktora","11":"first","12":"instock","13":"shipping-taxable","14":"purchasable","15":"product-type-simple"},"acf":[],"yoast_head":"<!-- This site is optimized with the Yoast SEO plugin v27.3 - https:\/\/yoast.com\/product\/yoast-seo-wordpress\/ -->\n<title>Hipertenzija, Dijabetes, KOPB, Astma \u2013 Pra\u0107enje bolesnika - Web-knji\u017eara<\/title>\n<meta name=\"robots\" content=\"index, follow, max-snippet:-1, max-image-preview:large, max-video-preview:-1\" \/>\n<link rel=\"canonical\" href=\"https:\/\/webknjizara.hr\/proizvod\/hipertenzija-dijabetes-kopb-astma-pracenje-bolesnika\/\" \/>\n<meta property=\"og:locale\" content=\"en_US\" \/>\n<meta property=\"og:type\" content=\"article\" \/>\n<meta property=\"og:title\" content=\"Hipertenzija, Dijabetes, KOPB, Astma \u2013 Pra\u0107enje bolesnika - Web-knji\u017eara\" \/>\n<meta property=\"og:description\" content=\"Sa\u017eetak: PROSLOV Drage kolegice i kolege, sastajemo se ve\u0107 petnaesti put na kongresu Hrvatskoga dru\u0161tva obiteljskih doktora kao mjestu susreta tradicionalnih vrijednosti obiteljske medicine i razmjene novih iskustava. Ovaj jubilarni kongres po mnogo je \u010demu poseban s obzirom na promjene koje se doga\u0111aju u zdravstvenome sustavu i novoj ulozi lije\u010dnika obiteljske medicine. Sredi\u0161nja je tema [&hellip;]\" \/>\n<meta property=\"og:url\" content=\"https:\/\/webknjizara.hr\/proizvod\/hipertenzija-dijabetes-kopb-astma-pracenje-bolesnika\/\" \/>\n<meta property=\"og:site_name\" content=\"Web-knji\u017eara\" \/>\n<meta property=\"article:modified_time\" content=\"2023-02-26T23:16:30+00:00\" \/>\n<meta property=\"og:image\" content=\"https:\/\/webknjizara.hr\/wp-content\/uploads\/nc\/images\/virtuemart\/product\/hipertenzija-di-5613a9e0caf69.jpg\" \/>\n\t<meta property=\"og:image:width\" content=\"358\" \/>\n\t<meta property=\"og:image:height\" content=\"500\" \/>\n\t<meta property=\"og:image:type\" content=\"image\/jpeg\" \/>\n<meta name=\"twitter:card\" content=\"summary_large_image\" \/>\n<meta name=\"twitter:label1\" content=\"Est. reading time\" \/>\n\t<meta name=\"twitter:data1\" content=\"5 minutes\" \/>\n<script type=\"application\/ld+json\" class=\"yoast-schema-graph\">{\"@context\":\"https:\\\/\\\/schema.org\",\"@graph\":[{\"@type\":\"WebPage\",\"@id\":\"https:\\\/\\\/webknjizara.hr\\\/proizvod\\\/hipertenzija-dijabetes-kopb-astma-pracenje-bolesnika\\\/\",\"url\":\"https:\\\/\\\/webknjizara.hr\\\/proizvod\\\/hipertenzija-dijabetes-kopb-astma-pracenje-bolesnika\\\/\",\"name\":\"Hipertenzija, Dijabetes, KOPB, Astma \u2013 Pra\u0107enje bolesnika - Web-knji\u017eara\",\"isPartOf\":{\"@id\":\"https:\\\/\\\/webknjizara.hr\\\/#website\"},\"primaryImageOfPage\":{\"@id\":\"https:\\\/\\\/webknjizara.hr\\\/proizvod\\\/hipertenzija-dijabetes-kopb-astma-pracenje-bolesnika\\\/#primaryimage\"},\"image\":{\"@id\":\"https:\\\/\\\/webknjizara.hr\\\/proizvod\\\/hipertenzija-dijabetes-kopb-astma-pracenje-bolesnika\\\/#primaryimage\"},\"thumbnailUrl\":\"https:\\\/\\\/webknjizara.hr\\\/wp-content\\\/uploads\\\/nc\\\/images\\\/virtuemart\\\/product\\\/hipertenzija-di-5613a9e0caf69.jpg\",\"datePublished\":\"2015-10-06T11:00:48+00:00\",\"dateModified\":\"2023-02-26T23:16:30+00:00\",\"breadcrumb\":{\"@id\":\"https:\\\/\\\/webknjizara.hr\\\/proizvod\\\/hipertenzija-dijabetes-kopb-astma-pracenje-bolesnika\\\/#breadcrumb\"},\"inLanguage\":\"en-US\",\"potentialAction\":[{\"@type\":\"ReadAction\",\"target\":[\"https:\\\/\\\/webknjizara.hr\\\/proizvod\\\/hipertenzija-dijabetes-kopb-astma-pracenje-bolesnika\\\/\"]}]},{\"@type\":\"ImageObject\",\"inLanguage\":\"en-US\",\"@id\":\"https:\\\/\\\/webknjizara.hr\\\/proizvod\\\/hipertenzija-dijabetes-kopb-astma-pracenje-bolesnika\\\/#primaryimage\",\"url\":\"https:\\\/\\\/webknjizara.hr\\\/wp-content\\\/uploads\\\/nc\\\/images\\\/virtuemart\\\/product\\\/hipertenzija-di-5613a9e0caf69.jpg\",\"contentUrl\":\"https:\\\/\\\/webknjizara.hr\\\/wp-content\\\/uploads\\\/nc\\\/images\\\/virtuemart\\\/product\\\/hipertenzija-di-5613a9e0caf69.jpg\",\"width\":358,\"height\":500,\"caption\":\"Hipertenzija, Dijabetes, KOPB, Astma \u2013 Pra\u0107enje bolesnika\"},{\"@type\":\"BreadcrumbList\",\"@id\":\"https:\\\/\\\/webknjizara.hr\\\/proizvod\\\/hipertenzija-dijabetes-kopb-astma-pracenje-bolesnika\\\/#breadcrumb\",\"itemListElement\":[{\"@type\":\"ListItem\",\"position\":1,\"name\":\"Po\u010detna stranica\",\"item\":\"https:\\\/\\\/webknjizara.hr\\\/en\\\/\"},{\"@type\":\"ListItem\",\"position\":2,\"name\":\"Shop\",\"item\":\"https:\\\/\\\/webknjizara.hr\\\/shop\\\/\"},{\"@type\":\"ListItem\",\"position\":3,\"name\":\"Hipertenzija, Dijabetes, KOPB, Astma \u2013 Pra\u0107enje bolesnika\"}]},{\"@type\":\"WebSite\",\"@id\":\"https:\\\/\\\/webknjizara.hr\\\/#website\",\"url\":\"https:\\\/\\\/webknjizara.hr\\\/\",\"name\":\"Web Knji\u017eara\",\"description\":\"\",\"publisher\":{\"@id\":\"https:\\\/\\\/webknjizara.hr\\\/#organization\"},\"potentialAction\":[{\"@type\":\"SearchAction\",\"target\":{\"@type\":\"EntryPoint\",\"urlTemplate\":\"https:\\\/\\\/webknjizara.hr\\\/?s={search_term_string}\"},\"query-input\":{\"@type\":\"PropertyValueSpecification\",\"valueRequired\":true,\"valueName\":\"search_term_string\"}}],\"inLanguage\":\"en-US\"},{\"@type\":\"Organization\",\"@id\":\"https:\\\/\\\/webknjizara.hr\\\/#organization\",\"name\":\"REDAK D.O.O.\",\"url\":\"https:\\\/\\\/webknjizara.hr\\\/\",\"logo\":{\"@type\":\"ImageObject\",\"inLanguage\":\"en-US\",\"@id\":\"https:\\\/\\\/webknjizara.hr\\\/#\\\/schema\\\/logo\\\/image\\\/\",\"url\":\"https:\\\/\\\/webknjizara.hr\\\/wp-content\\\/uploads\\\/2023\\\/01\\\/web-knjizara-logo.webp\",\"contentUrl\":\"https:\\\/\\\/webknjizara.hr\\\/wp-content\\\/uploads\\\/2023\\\/01\\\/web-knjizara-logo.webp\",\"width\":324,\"height\":79,\"caption\":\"REDAK D.O.O.\"},\"image\":{\"@id\":\"https:\\\/\\\/webknjizara.hr\\\/#\\\/schema\\\/logo\\\/image\\\/\"}}]}<\/script>\n<!-- \/ Yoast SEO plugin. -->","yoast_head_json":{"title":"Hipertenzija, Dijabetes, KOPB, Astma \u2013 Pra\u0107enje bolesnika - Web-knji\u017eara","robots":{"index":"index","follow":"follow","max-snippet":"max-snippet:-1","max-image-preview":"max-image-preview:large","max-video-preview":"max-video-preview:-1"},"canonical":"https:\/\/webknjizara.hr\/proizvod\/hipertenzija-dijabetes-kopb-astma-pracenje-bolesnika\/","og_locale":"en_US","og_type":"article","og_title":"Hipertenzija, Dijabetes, KOPB, Astma \u2013 Pra\u0107enje bolesnika - Web-knji\u017eara","og_description":"Sa\u017eetak: PROSLOV Drage kolegice i kolege, sastajemo se ve\u0107 petnaesti put na kongresu Hrvatskoga dru\u0161tva obiteljskih doktora kao mjestu susreta tradicionalnih vrijednosti obiteljske medicine i razmjene novih iskustava. Ovaj jubilarni kongres po mnogo je \u010demu poseban s obzirom na promjene koje se doga\u0111aju u zdravstvenome sustavu i novoj ulozi lije\u010dnika obiteljske medicine. Sredi\u0161nja je tema [&hellip;]","og_url":"https:\/\/webknjizara.hr\/proizvod\/hipertenzija-dijabetes-kopb-astma-pracenje-bolesnika\/","og_site_name":"Web-knji\u017eara","article_modified_time":"2023-02-26T23:16:30+00:00","og_image":[{"width":358,"height":500,"url":"https:\/\/webknjizara.hr\/wp-content\/uploads\/nc\/images\/virtuemart\/product\/hipertenzija-di-5613a9e0caf69.jpg","type":"image\/jpeg"}],"twitter_card":"summary_large_image","twitter_misc":{"Est. reading time":"5 minutes"},"schema":{"@context":"https:\/\/schema.org","@graph":[{"@type":"WebPage","@id":"https:\/\/webknjizara.hr\/proizvod\/hipertenzija-dijabetes-kopb-astma-pracenje-bolesnika\/","url":"https:\/\/webknjizara.hr\/proizvod\/hipertenzija-dijabetes-kopb-astma-pracenje-bolesnika\/","name":"Hipertenzija, Dijabetes, KOPB, Astma \u2013 Pra\u0107enje bolesnika - Web-knji\u017eara","isPartOf":{"@id":"https:\/\/webknjizara.hr\/#website"},"primaryImageOfPage":{"@id":"https:\/\/webknjizara.hr\/proizvod\/hipertenzija-dijabetes-kopb-astma-pracenje-bolesnika\/#primaryimage"},"image":{"@id":"https:\/\/webknjizara.hr\/proizvod\/hipertenzija-dijabetes-kopb-astma-pracenje-bolesnika\/#primaryimage"},"thumbnailUrl":"https:\/\/webknjizara.hr\/wp-content\/uploads\/nc\/images\/virtuemart\/product\/hipertenzija-di-5613a9e0caf69.jpg","datePublished":"2015-10-06T11:00:48+00:00","dateModified":"2023-02-26T23:16:30+00:00","breadcrumb":{"@id":"https:\/\/webknjizara.hr\/proizvod\/hipertenzija-dijabetes-kopb-astma-pracenje-bolesnika\/#breadcrumb"},"inLanguage":"en-US","potentialAction":[{"@type":"ReadAction","target":["https:\/\/webknjizara.hr\/proizvod\/hipertenzija-dijabetes-kopb-astma-pracenje-bolesnika\/"]}]},{"@type":"ImageObject","inLanguage":"en-US","@id":"https:\/\/webknjizara.hr\/proizvod\/hipertenzija-dijabetes-kopb-astma-pracenje-bolesnika\/#primaryimage","url":"https:\/\/webknjizara.hr\/wp-content\/uploads\/nc\/images\/virtuemart\/product\/hipertenzija-di-5613a9e0caf69.jpg","contentUrl":"https:\/\/webknjizara.hr\/wp-content\/uploads\/nc\/images\/virtuemart\/product\/hipertenzija-di-5613a9e0caf69.jpg","width":358,"height":500,"caption":"Hipertenzija, Dijabetes, KOPB, Astma \u2013 Pra\u0107enje bolesnika"},{"@type":"BreadcrumbList","@id":"https:\/\/webknjizara.hr\/proizvod\/hipertenzija-dijabetes-kopb-astma-pracenje-bolesnika\/#breadcrumb","itemListElement":[{"@type":"ListItem","position":1,"name":"Po\u010detna stranica","item":"https:\/\/webknjizara.hr\/en\/"},{"@type":"ListItem","position":2,"name":"Shop","item":"https:\/\/webknjizara.hr\/shop\/"},{"@type":"ListItem","position":3,"name":"Hipertenzija, Dijabetes, KOPB, Astma \u2013 Pra\u0107enje bolesnika"}]},{"@type":"WebSite","@id":"https:\/\/webknjizara.hr\/#website","url":"https:\/\/webknjizara.hr\/","name":"Web Knji\u017eara","description":"","publisher":{"@id":"https:\/\/webknjizara.hr\/#organization"},"potentialAction":[{"@type":"SearchAction","target":{"@type":"EntryPoint","urlTemplate":"https:\/\/webknjizara.hr\/?s={search_term_string}"},"query-input":{"@type":"PropertyValueSpecification","valueRequired":true,"valueName":"search_term_string"}}],"inLanguage":"en-US"},{"@type":"Organization","@id":"https:\/\/webknjizara.hr\/#organization","name":"REDAK D.O.O.","url":"https:\/\/webknjizara.hr\/","logo":{"@type":"ImageObject","inLanguage":"en-US","@id":"https:\/\/webknjizara.hr\/#\/schema\/logo\/image\/","url":"https:\/\/webknjizara.hr\/wp-content\/uploads\/2023\/01\/web-knjizara-logo.webp","contentUrl":"https:\/\/webknjizara.hr\/wp-content\/uploads\/2023\/01\/web-knjizara-logo.webp","width":324,"height":79,"caption":"REDAK D.O.O."},"image":{"@id":"https:\/\/webknjizara.hr\/#\/schema\/logo\/image\/"}}]}},"_links":{"self":[{"href":"https:\/\/webknjizara.hr\/en\/wp-json\/wp\/v2\/product\/8057","targetHints":{"allow":["GET"]}}],"collection":[{"href":"https:\/\/webknjizara.hr\/en\/wp-json\/wp\/v2\/product"}],"about":[{"href":"https:\/\/webknjizara.hr\/en\/wp-json\/wp\/v2\/types\/product"}],"replies":[{"embeddable":true,"href":"https:\/\/webknjizara.hr\/en\/wp-json\/wp\/v2\/comments?post=8057"}],"wp:featuredmedia":[{"embeddable":true,"href":"https:\/\/webknjizara.hr\/en\/wp-json\/wp\/v2\/media\/8058"}],"wp:attachment":[{"href":"https:\/\/webknjizara.hr\/en\/wp-json\/wp\/v2\/media?parent=8057"}],"wp:term":[{"taxonomy":"product_brand","embeddable":true,"href":"https:\/\/webknjizara.hr\/en\/wp-json\/wp\/v2\/product_brand?post=8057"},{"taxonomy":"product_cat","embeddable":true,"href":"https:\/\/webknjizara.hr\/en\/wp-json\/wp\/v2\/product_cat?post=8057"},{"taxonomy":"product_tag","embeddable":true,"href":"https:\/\/webknjizara.hr\/en\/wp-json\/wp\/v2\/product_tag?post=8057"}],"curies":[{"name":"wp","href":"https:\/\/api.w.org\/{rel}","templated":true}]}}