{"id":8043,"date":"2015-09-07T13:43:46","date_gmt":"2015-09-07T13:43:46","guid":{"rendered":"https:\/\/webknjizara.hr\/?product=napusteni-brodovi-hrvoje-landeka"},"modified":"2023-02-27T00:16:29","modified_gmt":"2023-02-26T23:16:29","slug":"napusteni-brodovi-hrvoje-landeka","status":"publish","type":"product","link":"https:\/\/webknjizara.hr\/en\/proizvod\/napusteni-brodovi-hrvoje-landeka\/","title":{"rendered":"NAPU\u0160TENI BRODOVI, Hrvoje Landeka"},"content":{"rendered":"<p style=\"text-align: justify;\"><strong><br \/>Sa\u017eetak:<\/strong> <\/p>\n<p>Roman \u00a8Napu\u0161teni brodovi\u00a8 pri\u010da je o individualizaciji. Pri\u010de likova romana su pri\u010de nas samih. Likovi se susre\u0107u kroz vlastite sudbine, te zajedno prolaze put i proces promijene. Put koji prolaze likovi vodi ih do unutarnjih odaja gdje se susre\u0107u sa dualno\u0161\u0107u vanjskog vidljivog svijeta pro\u017eetog la\u017enim sjajem, la\u017enim vrijednostima. Nasuprot te provalije i prljave bujice na drugoj obali o\u010dekuje ih mir i odanost samima sebi. Njihov put je te\u017eak i nevidljiv put na kojem si sve sami moraju dokazati. Taj put ih vodi do sr\u017ei \u017eivota i njih samih. Put \u017eivota, putovanje du\u0161e.<\/p>\n<p style=\"text-align: justify;\"><strong>Bilje\u0161ka o autoru:<\/strong> <\/p>\n<p>Hrvoje Landeka, ro\u0111en je 20.04.1981 u Vinkovcima gdje je odrastao te zavr\u0161io osnovnu i srednju \u0161kolu. 2011. Objavljuje zbirku poezije \u00a8Stopama \u010de\u017enje, stazama beskraja\u00a8 u izdanju Matice Hrvatske. U Vinkovcima se istaknuo vode\u0107i volonterski radionice kreativnog pisanja za djecu, organiziraju\u0107i koncerte, izlo\u017ebe fotografija, predavanja, ve\u010deri poezije i okupljanja vinkova\u010dkih pjesnika i umjetnika \u010dijem krugu i sam pripada. Gostovao je i predstavio se svojim stihovima i na zagreba\u010dkim okupljanjima mladih umjetnika i pjesnika. Otvorio je blog s poezijom koji je ubilje\u017eio 2.500 posjeta i na kojem je njegov cjelokupni opus poezije (<a href=\"http:\/\/www.hrvoje-cibale.bloger.index.hr\/\">http:\/\/www.hrvoje-cibale.bloger.index.hr\/<\/a>). Objavio je nekoliko tekstova i \u010dlanaka u monografijama i \u010dasopisima za kulturu i umjetnost. Roman \u00a8Napu\u0161teni brodovi\u00a8 je njegovo prvo prozno djelo. Priprema se objaviti svoju drugu zbirku poezije \u00a8Notar ti\u0161ine\u00a8 i roman za djecu \u00a8X Klinci\u00a8. \u017divi u Zagrebu, gdje radi i studira informatiku.<\/p>\n<p style=\"text-align: justify;\"><strong>Klju\u010dne rije\u010di:<\/strong> Hrvoje Landeka, Landeka, Napu\u0161teni brodovi, mladi pisci<\/p>\n<p style=\"text-align: justify;\"><strong>Link:<\/strong> <a href=\"https:\/\/www.facebook.com\/hrvoje.landeka.1\">https:\/\/www.facebook.com\/hrvoje.landeka.1<\/a><br \/><strong>E-mail:<\/strong> <a href=\"mailto:hrvoje.landeka@gmail.com\">Hrvoje Landeka<\/a><\/p>\n<p style=\"text-align: justify;\"><strong>Naslov:<\/strong> Napu\u0161teni brodovi<br \/><strong>Autor:<\/strong> Hrvoje Landeka<br \/><strong>Broj stranica:<\/strong> 204<br \/><strong>Nakladnik:<\/strong> REDAK<br \/><strong>Godina izdanja:<\/strong> 2015.<br \/><strong>ISBN:<\/strong> 978-953-336-228-1<br \/><strong>Tisak:<\/strong> digitalni tisak knjiga &#8211; print na zahtjev<\/p>\n","protected":false},"excerpt":{"rendered":"<p>Sa\u017eetak: Roman \u00a8Napu\u0161teni brodovi\u00a8 pri\u010da je o individualizaciji. Pri\u010de likova romana su pri\u010de nas samih. Likovi se susre\u0107u kroz vlastite sudbine, te zajedno prolaze put i proces promijene. Put koji prolaze likovi vodi ih do unutarnjih odaja gdje se susre\u0107u sa dualno\u0161\u0107u vanjskog vidljivog svijeta pro\u017eetog la\u017enim sjajem, la\u017enim vrijednostima. Nasuprot te provalije i prljave [&hellip;]<\/p>\n","protected":false},"featured_media":8044,"comment_status":"open","ping_status":"closed","template":"","meta":{"_acf_changed":false},"product_brand":[],"product_cat":[1383,1385],"product_tag":[],"class_list":{"0":"post-8043","1":"product","2":"type-product","3":"status-publish","4":"has-post-thumbnail","6":"product_cat-knjige","7":"product_cat-knjizevnost","8":"pa_autor-hrvoje-landeka","9":"pa_nakladnik-redak","11":"first","12":"instock","13":"shipping-taxable","14":"purchasable","15":"product-type-simple"},"acf":[],"yoast_head":"<!-- This site is optimized with the Yoast SEO plugin v27.3 - https:\/\/yoast.com\/product\/yoast-seo-wordpress\/ -->\n<title>NAPU\u0160TENI BRODOVI, Hrvoje Landeka - Web-knji\u017eara<\/title>\n<meta name=\"robots\" content=\"index, follow, max-snippet:-1, max-image-preview:large, max-video-preview:-1\" \/>\n<link rel=\"canonical\" href=\"https:\/\/webknjizara.hr\/proizvod\/napusteni-brodovi-hrvoje-landeka\/\" \/>\n<meta property=\"og:locale\" content=\"en_US\" \/>\n<meta property=\"og:type\" content=\"article\" \/>\n<meta property=\"og:title\" content=\"NAPU\u0160TENI BRODOVI, Hrvoje Landeka - Web-knji\u017eara\" \/>\n<meta property=\"og:description\" content=\"Sa\u017eetak: Roman \u00a8Napu\u0161teni brodovi\u00a8 pri\u010da je o individualizaciji. Pri\u010de likova romana su pri\u010de nas samih. Likovi se susre\u0107u kroz vlastite sudbine, te zajedno prolaze put i proces promijene. Put koji prolaze likovi vodi ih do unutarnjih odaja gdje se susre\u0107u sa dualno\u0161\u0107u vanjskog vidljivog svijeta pro\u017eetog la\u017enim sjajem, la\u017enim vrijednostima. Nasuprot te provalije i prljave [&hellip;]\" \/>\n<meta property=\"og:url\" content=\"https:\/\/webknjizara.hr\/proizvod\/napusteni-brodovi-hrvoje-landeka\/\" \/>\n<meta property=\"og:site_name\" content=\"Web-knji\u017eara\" \/>\n<meta property=\"article:modified_time\" content=\"2023-02-26T23:16:29+00:00\" \/>\n<meta property=\"og:image\" content=\"https:\/\/webknjizara.hr\/wp-content\/uploads\/nc\/images\/virtuemart\/product\/napu-teni-brodo-55ed949261ebe.jpg\" \/>\n\t<meta property=\"og:image:width\" content=\"338\" \/>\n\t<meta property=\"og:image:height\" content=\"500\" \/>\n\t<meta property=\"og:image:type\" content=\"image\/jpeg\" \/>\n<meta name=\"twitter:card\" content=\"summary_large_image\" \/>\n<meta name=\"twitter:label1\" content=\"Est. reading time\" \/>\n\t<meta name=\"twitter:data1\" content=\"2 minutes\" \/>\n<script type=\"application\/ld+json\" class=\"yoast-schema-graph\">{\"@context\":\"https:\\\/\\\/schema.org\",\"@graph\":[{\"@type\":\"WebPage\",\"@id\":\"https:\\\/\\\/webknjizara.hr\\\/proizvod\\\/napusteni-brodovi-hrvoje-landeka\\\/\",\"url\":\"https:\\\/\\\/webknjizara.hr\\\/proizvod\\\/napusteni-brodovi-hrvoje-landeka\\\/\",\"name\":\"NAPU\u0160TENI BRODOVI, Hrvoje Landeka - Web-knji\u017eara\",\"isPartOf\":{\"@id\":\"https:\\\/\\\/webknjizara.hr\\\/#website\"},\"primaryImageOfPage\":{\"@id\":\"https:\\\/\\\/webknjizara.hr\\\/proizvod\\\/napusteni-brodovi-hrvoje-landeka\\\/#primaryimage\"},\"image\":{\"@id\":\"https:\\\/\\\/webknjizara.hr\\\/proizvod\\\/napusteni-brodovi-hrvoje-landeka\\\/#primaryimage\"},\"thumbnailUrl\":\"https:\\\/\\\/webknjizara.hr\\\/wp-content\\\/uploads\\\/nc\\\/images\\\/virtuemart\\\/product\\\/napu-teni-brodo-55ed949261ebe.jpg\",\"datePublished\":\"2015-09-07T13:43:46+00:00\",\"dateModified\":\"2023-02-26T23:16:29+00:00\",\"breadcrumb\":{\"@id\":\"https:\\\/\\\/webknjizara.hr\\\/proizvod\\\/napusteni-brodovi-hrvoje-landeka\\\/#breadcrumb\"},\"inLanguage\":\"en-US\",\"potentialAction\":[{\"@type\":\"ReadAction\",\"target\":[\"https:\\\/\\\/webknjizara.hr\\\/proizvod\\\/napusteni-brodovi-hrvoje-landeka\\\/\"]}]},{\"@type\":\"ImageObject\",\"inLanguage\":\"en-US\",\"@id\":\"https:\\\/\\\/webknjizara.hr\\\/proizvod\\\/napusteni-brodovi-hrvoje-landeka\\\/#primaryimage\",\"url\":\"https:\\\/\\\/webknjizara.hr\\\/wp-content\\\/uploads\\\/nc\\\/images\\\/virtuemart\\\/product\\\/napu-teni-brodo-55ed949261ebe.jpg\",\"contentUrl\":\"https:\\\/\\\/webknjizara.hr\\\/wp-content\\\/uploads\\\/nc\\\/images\\\/virtuemart\\\/product\\\/napu-teni-brodo-55ed949261ebe.jpg\",\"width\":338,\"height\":500,\"caption\":\"NAPU\u0160TENI BRODOVI, Hrvoje Landeka\"},{\"@type\":\"BreadcrumbList\",\"@id\":\"https:\\\/\\\/webknjizara.hr\\\/proizvod\\\/napusteni-brodovi-hrvoje-landeka\\\/#breadcrumb\",\"itemListElement\":[{\"@type\":\"ListItem\",\"position\":1,\"name\":\"Po\u010detna stranica\",\"item\":\"https:\\\/\\\/webknjizara.hr\\\/en\\\/\"},{\"@type\":\"ListItem\",\"position\":2,\"name\":\"Shop\",\"item\":\"https:\\\/\\\/webknjizara.hr\\\/shop\\\/\"},{\"@type\":\"ListItem\",\"position\":3,\"name\":\"NAPU\u0160TENI BRODOVI, Hrvoje Landeka\"}]},{\"@type\":\"WebSite\",\"@id\":\"https:\\\/\\\/webknjizara.hr\\\/#website\",\"url\":\"https:\\\/\\\/webknjizara.hr\\\/\",\"name\":\"Web Knji\u017eara\",\"description\":\"\",\"publisher\":{\"@id\":\"https:\\\/\\\/webknjizara.hr\\\/#organization\"},\"potentialAction\":[{\"@type\":\"SearchAction\",\"target\":{\"@type\":\"EntryPoint\",\"urlTemplate\":\"https:\\\/\\\/webknjizara.hr\\\/?s={search_term_string}\"},\"query-input\":{\"@type\":\"PropertyValueSpecification\",\"valueRequired\":true,\"valueName\":\"search_term_string\"}}],\"inLanguage\":\"en-US\"},{\"@type\":\"Organization\",\"@id\":\"https:\\\/\\\/webknjizara.hr\\\/#organization\",\"name\":\"REDAK D.O.O.\",\"url\":\"https:\\\/\\\/webknjizara.hr\\\/\",\"logo\":{\"@type\":\"ImageObject\",\"inLanguage\":\"en-US\",\"@id\":\"https:\\\/\\\/webknjizara.hr\\\/#\\\/schema\\\/logo\\\/image\\\/\",\"url\":\"https:\\\/\\\/webknjizara.hr\\\/wp-content\\\/uploads\\\/2023\\\/01\\\/web-knjizara-logo.webp\",\"contentUrl\":\"https:\\\/\\\/webknjizara.hr\\\/wp-content\\\/uploads\\\/2023\\\/01\\\/web-knjizara-logo.webp\",\"width\":324,\"height\":79,\"caption\":\"REDAK D.O.O.\"},\"image\":{\"@id\":\"https:\\\/\\\/webknjizara.hr\\\/#\\\/schema\\\/logo\\\/image\\\/\"}}]}<\/script>\n<!-- \/ Yoast SEO plugin. -->","yoast_head_json":{"title":"NAPU\u0160TENI BRODOVI, Hrvoje Landeka - Web-knji\u017eara","robots":{"index":"index","follow":"follow","max-snippet":"max-snippet:-1","max-image-preview":"max-image-preview:large","max-video-preview":"max-video-preview:-1"},"canonical":"https:\/\/webknjizara.hr\/proizvod\/napusteni-brodovi-hrvoje-landeka\/","og_locale":"en_US","og_type":"article","og_title":"NAPU\u0160TENI BRODOVI, Hrvoje Landeka - Web-knji\u017eara","og_description":"Sa\u017eetak: Roman \u00a8Napu\u0161teni brodovi\u00a8 pri\u010da je o individualizaciji. Pri\u010de likova romana su pri\u010de nas samih. Likovi se susre\u0107u kroz vlastite sudbine, te zajedno prolaze put i proces promijene. Put koji prolaze likovi vodi ih do unutarnjih odaja gdje se susre\u0107u sa dualno\u0161\u0107u vanjskog vidljivog svijeta pro\u017eetog la\u017enim sjajem, la\u017enim vrijednostima. Nasuprot te provalije i prljave [&hellip;]","og_url":"https:\/\/webknjizara.hr\/proizvod\/napusteni-brodovi-hrvoje-landeka\/","og_site_name":"Web-knji\u017eara","article_modified_time":"2023-02-26T23:16:29+00:00","og_image":[{"width":338,"height":500,"url":"https:\/\/webknjizara.hr\/wp-content\/uploads\/nc\/images\/virtuemart\/product\/napu-teni-brodo-55ed949261ebe.jpg","type":"image\/jpeg"}],"twitter_card":"summary_large_image","twitter_misc":{"Est. reading time":"2 minutes"},"schema":{"@context":"https:\/\/schema.org","@graph":[{"@type":"WebPage","@id":"https:\/\/webknjizara.hr\/proizvod\/napusteni-brodovi-hrvoje-landeka\/","url":"https:\/\/webknjizara.hr\/proizvod\/napusteni-brodovi-hrvoje-landeka\/","name":"NAPU\u0160TENI BRODOVI, Hrvoje Landeka - Web-knji\u017eara","isPartOf":{"@id":"https:\/\/webknjizara.hr\/#website"},"primaryImageOfPage":{"@id":"https:\/\/webknjizara.hr\/proizvod\/napusteni-brodovi-hrvoje-landeka\/#primaryimage"},"image":{"@id":"https:\/\/webknjizara.hr\/proizvod\/napusteni-brodovi-hrvoje-landeka\/#primaryimage"},"thumbnailUrl":"https:\/\/webknjizara.hr\/wp-content\/uploads\/nc\/images\/virtuemart\/product\/napu-teni-brodo-55ed949261ebe.jpg","datePublished":"2015-09-07T13:43:46+00:00","dateModified":"2023-02-26T23:16:29+00:00","breadcrumb":{"@id":"https:\/\/webknjizara.hr\/proizvod\/napusteni-brodovi-hrvoje-landeka\/#breadcrumb"},"inLanguage":"en-US","potentialAction":[{"@type":"ReadAction","target":["https:\/\/webknjizara.hr\/proizvod\/napusteni-brodovi-hrvoje-landeka\/"]}]},{"@type":"ImageObject","inLanguage":"en-US","@id":"https:\/\/webknjizara.hr\/proizvod\/napusteni-brodovi-hrvoje-landeka\/#primaryimage","url":"https:\/\/webknjizara.hr\/wp-content\/uploads\/nc\/images\/virtuemart\/product\/napu-teni-brodo-55ed949261ebe.jpg","contentUrl":"https:\/\/webknjizara.hr\/wp-content\/uploads\/nc\/images\/virtuemart\/product\/napu-teni-brodo-55ed949261ebe.jpg","width":338,"height":500,"caption":"NAPU\u0160TENI BRODOVI, Hrvoje Landeka"},{"@type":"BreadcrumbList","@id":"https:\/\/webknjizara.hr\/proizvod\/napusteni-brodovi-hrvoje-landeka\/#breadcrumb","itemListElement":[{"@type":"ListItem","position":1,"name":"Po\u010detna stranica","item":"https:\/\/webknjizara.hr\/en\/"},{"@type":"ListItem","position":2,"name":"Shop","item":"https:\/\/webknjizara.hr\/shop\/"},{"@type":"ListItem","position":3,"name":"NAPU\u0160TENI BRODOVI, Hrvoje Landeka"}]},{"@type":"WebSite","@id":"https:\/\/webknjizara.hr\/#website","url":"https:\/\/webknjizara.hr\/","name":"Web Knji\u017eara","description":"","publisher":{"@id":"https:\/\/webknjizara.hr\/#organization"},"potentialAction":[{"@type":"SearchAction","target":{"@type":"EntryPoint","urlTemplate":"https:\/\/webknjizara.hr\/?s={search_term_string}"},"query-input":{"@type":"PropertyValueSpecification","valueRequired":true,"valueName":"search_term_string"}}],"inLanguage":"en-US"},{"@type":"Organization","@id":"https:\/\/webknjizara.hr\/#organization","name":"REDAK D.O.O.","url":"https:\/\/webknjizara.hr\/","logo":{"@type":"ImageObject","inLanguage":"en-US","@id":"https:\/\/webknjizara.hr\/#\/schema\/logo\/image\/","url":"https:\/\/webknjizara.hr\/wp-content\/uploads\/2023\/01\/web-knjizara-logo.webp","contentUrl":"https:\/\/webknjizara.hr\/wp-content\/uploads\/2023\/01\/web-knjizara-logo.webp","width":324,"height":79,"caption":"REDAK D.O.O."},"image":{"@id":"https:\/\/webknjizara.hr\/#\/schema\/logo\/image\/"}}]}},"_links":{"self":[{"href":"https:\/\/webknjizara.hr\/en\/wp-json\/wp\/v2\/product\/8043","targetHints":{"allow":["GET"]}}],"collection":[{"href":"https:\/\/webknjizara.hr\/en\/wp-json\/wp\/v2\/product"}],"about":[{"href":"https:\/\/webknjizara.hr\/en\/wp-json\/wp\/v2\/types\/product"}],"replies":[{"embeddable":true,"href":"https:\/\/webknjizara.hr\/en\/wp-json\/wp\/v2\/comments?post=8043"}],"wp:featuredmedia":[{"embeddable":true,"href":"https:\/\/webknjizara.hr\/en\/wp-json\/wp\/v2\/media\/8044"}],"wp:attachment":[{"href":"https:\/\/webknjizara.hr\/en\/wp-json\/wp\/v2\/media?parent=8043"}],"wp:term":[{"taxonomy":"product_brand","embeddable":true,"href":"https:\/\/webknjizara.hr\/en\/wp-json\/wp\/v2\/product_brand?post=8043"},{"taxonomy":"product_cat","embeddable":true,"href":"https:\/\/webknjizara.hr\/en\/wp-json\/wp\/v2\/product_cat?post=8043"},{"taxonomy":"product_tag","embeddable":true,"href":"https:\/\/webknjizara.hr\/en\/wp-json\/wp\/v2\/product_tag?post=8043"}],"curies":[{"name":"wp","href":"https:\/\/api.w.org\/{rel}","templated":true}]}}