{"id":8041,"date":"2015-09-03T17:56:03","date_gmt":"2015-09-03T17:56:03","guid":{"rendered":"https:\/\/webknjizara.hr\/?product=lila-istinita-prica-jednog-psa-ivka-ivanka-prskalo"},"modified":"2023-02-27T00:16:29","modified_gmt":"2023-02-26T23:16:29","slug":"lila-istinita-prica-jednog-psa-ivka-ivanka-prskalo","status":"publish","type":"product","link":"https:\/\/webknjizara.hr\/en\/proizvod\/lila-istinita-prica-jednog-psa-ivka-ivanka-prskalo\/","title":{"rendered":"LILA  &#8211; ISTINITA PRI\u010cA JEDNOG PSA, Ivka Ivanka Prskalo"},"content":{"rendered":"<p style=\"text-align: justify;\"><strong>Sa\u017eetak:<\/strong> <\/p>\n<p>Ovo je istinita pri\u010da o \u017eivotu kujice Lile: od njenog lutanja, preko bezuvjetne ljubavi do odlaska zauvijek. Pri\u010da je pisana u prvom licu, ba\u0161 onako kako gazdarica vjeruje da bi je ispri\u010dala Lila da je mogla. Ispri\u010dala bi to upravo zato da bismo mi ljudi bolje razumjeli ta \u010detverono\u017ena stvorenja koja su tu negdje oko nas, a opet tako daleko od na\u0161ih srdaca. Ljubitelji pasa, a naro\u010dito vlasnici udomljenih lutalica, prepoznat \u0107e se u Lilinoj pri\u010di i u\u017eivati, a svi ostali puno \u0107e o njima nau\u010diti i lak\u0161e ih prihvatiti u svojoj okolini.<\/p>\n<p style=\"text-align: justify;\"><strong>Bilje\u0161ka autorici:<\/strong> <\/p>\n<p>Rodila sam se 1950. godine u okolici Zagreba. Od najranije mladosti \u017eivim u Zagrebu, gdje sam nakon zavr\u0161ene gimnazije studirala ekonomiju, te kao diplomirana ekonomistica radila gotovo cijeli radni vijek u financijama. Sada sam u mirovini. Udana sam i imam dva odrasla sina. Oduvijek sam voljela raditi ne\u0161to kreativno, ali za to nije bilo previ\u0161e vremena uz obitelj i posao. Tek nakon odlaska u mirovinu i preboljene te\u0161ke bolesti, intenzivnije se po\u010dinjem baviti onime \u0161to najvi\u0161e volim: cvije\u0107e, ku\u0107ni ljubimci i pisanje. Cvije\u0107e okru\u017euje moj dom i glavni je materijal i motiv mojih radova \u2013 slika od pre\u0161anih latica. I ku\u0107ni ljubimci, uglavnom oni koji su bili napu\u0161teni, dio su mog okru\u017eenja i u\u017eivaju moju ljubav. Pisanje kratkih pri\u010da i pjesmica za djecu na\u0161ih prijatelja po\u010detak je moje \u201espisateljske karijere\u201c koja se nastavlja pisanjem ove istinite pri\u010de o mojoj velikoj ljubavi &#8211; kujici Lili.<\/p>\n<p><strong>Klju\u010dne rije\u010di:<\/strong> <\/p>\n<p>Istinita biografija jednog psa: od udomljenja lutalice preko velike ljubavi do njenog odlaska zauvijek.<\/p>\n<p style=\"text-align: justify;\">Pri\u010da ispri\u010dana u prvom licu &#8230; kroz rije\u010di njene gazdarice.<\/p>\n<p style=\"text-align: justify;\">Udomljeni pas i velika ljubav.<\/p>\n<p style=\"text-align: justify;\">Ku\u0107ni ljubimac \u2013 \u010dovjekov najbolji prijatelj.<\/p>\n<p><strong>E-mail:<\/strong> <a href=\"mailto:Ivka.prskalo@gmail.com\">Ivka Prskalo<\/a><\/p>\n<p style=\"text-align: justify;\"><strong>Naslov:<\/strong> Lila &#8211; istinita pri\u010da jednog psa<br \/><strong>Autorica:<\/strong>\u00a0Ivka Ivanka Prskalo<br \/><strong>Broj stranica:<\/strong> 94<br \/><strong>Nakladnik:<\/strong> REDAK<br \/><strong>Godina izdanja:<\/strong> 2015.<br \/><strong>ISBN:<\/strong> 978-953-336-224-3<br \/><strong>Tisak:<\/strong> digitalni tisak knjiga &#8211; print na zahtjev<\/p>\n","protected":false},"excerpt":{"rendered":"<p>Sa\u017eetak: Ovo je istinita pri\u010da o \u017eivotu kujice Lile: od njenog lutanja, preko bezuvjetne ljubavi do odlaska zauvijek. Pri\u010da je pisana u prvom licu, ba\u0161 onako kako gazdarica vjeruje da bi je ispri\u010dala Lila da je mogla. Ispri\u010dala bi to upravo zato da bismo mi ljudi bolje razumjeli ta \u010detverono\u017ena stvorenja koja su tu negdje [&hellip;]<\/p>\n","protected":false},"featured_media":8042,"comment_status":"open","ping_status":"closed","template":"","meta":{"_acf_changed":false},"product_brand":[],"product_cat":[1383,1385],"product_tag":[],"class_list":{"0":"post-8041","1":"product","2":"type-product","3":"status-publish","4":"has-post-thumbnail","6":"product_cat-knjige","7":"product_cat-knjizevnost","8":"pa_autor-ivka-ivanka-prskalo","9":"pa_nakladnik-redak","11":"first","12":"instock","13":"shipping-taxable","14":"purchasable","15":"product-type-simple"},"acf":[],"yoast_head":"<!-- This site is optimized with the Yoast SEO plugin v27.3 - https:\/\/yoast.com\/product\/yoast-seo-wordpress\/ -->\n<title>LILA - ISTINITA PRI\u010cA JEDNOG PSA, Ivka Ivanka Prskalo - Web-knji\u017eara<\/title>\n<meta name=\"robots\" content=\"index, follow, max-snippet:-1, max-image-preview:large, max-video-preview:-1\" \/>\n<link rel=\"canonical\" href=\"https:\/\/webknjizara.hr\/proizvod\/lila-istinita-prica-jednog-psa-ivka-ivanka-prskalo\/\" \/>\n<meta property=\"og:locale\" content=\"en_US\" \/>\n<meta property=\"og:type\" content=\"article\" \/>\n<meta property=\"og:title\" content=\"LILA - ISTINITA PRI\u010cA JEDNOG PSA, Ivka Ivanka Prskalo - Web-knji\u017eara\" \/>\n<meta property=\"og:description\" content=\"Sa\u017eetak: Ovo je istinita pri\u010da o \u017eivotu kujice Lile: od njenog lutanja, preko bezuvjetne ljubavi do odlaska zauvijek. Pri\u010da je pisana u prvom licu, ba\u0161 onako kako gazdarica vjeruje da bi je ispri\u010dala Lila da je mogla. Ispri\u010dala bi to upravo zato da bismo mi ljudi bolje razumjeli ta \u010detverono\u017ena stvorenja koja su tu negdje [&hellip;]\" \/>\n<meta property=\"og:url\" content=\"https:\/\/webknjizara.hr\/proizvod\/lila-istinita-prica-jednog-psa-ivka-ivanka-prskalo\/\" \/>\n<meta property=\"og:site_name\" content=\"Web-knji\u017eara\" \/>\n<meta property=\"article:modified_time\" content=\"2023-02-26T23:16:29+00:00\" \/>\n<meta property=\"og:image\" content=\"https:\/\/webknjizara.hr\/wp-content\/uploads\/nc\/images\/virtuemart\/product\/lila-istinita-55e889b32f5c5.jpg\" \/>\n\t<meta property=\"og:image:width\" content=\"346\" \/>\n\t<meta property=\"og:image:height\" content=\"500\" \/>\n\t<meta property=\"og:image:type\" content=\"image\/jpeg\" \/>\n<meta name=\"twitter:card\" content=\"summary_large_image\" \/>\n<meta name=\"twitter:label1\" content=\"Est. reading time\" \/>\n\t<meta name=\"twitter:data1\" content=\"2 minutes\" \/>\n<script type=\"application\/ld+json\" class=\"yoast-schema-graph\">{\"@context\":\"https:\\\/\\\/schema.org\",\"@graph\":[{\"@type\":\"WebPage\",\"@id\":\"https:\\\/\\\/webknjizara.hr\\\/proizvod\\\/lila-istinita-prica-jednog-psa-ivka-ivanka-prskalo\\\/\",\"url\":\"https:\\\/\\\/webknjizara.hr\\\/proizvod\\\/lila-istinita-prica-jednog-psa-ivka-ivanka-prskalo\\\/\",\"name\":\"LILA - ISTINITA PRI\u010cA JEDNOG PSA, Ivka Ivanka Prskalo - Web-knji\u017eara\",\"isPartOf\":{\"@id\":\"https:\\\/\\\/webknjizara.hr\\\/#website\"},\"primaryImageOfPage\":{\"@id\":\"https:\\\/\\\/webknjizara.hr\\\/proizvod\\\/lila-istinita-prica-jednog-psa-ivka-ivanka-prskalo\\\/#primaryimage\"},\"image\":{\"@id\":\"https:\\\/\\\/webknjizara.hr\\\/proizvod\\\/lila-istinita-prica-jednog-psa-ivka-ivanka-prskalo\\\/#primaryimage\"},\"thumbnailUrl\":\"https:\\\/\\\/webknjizara.hr\\\/wp-content\\\/uploads\\\/nc\\\/images\\\/virtuemart\\\/product\\\/lila-istinita-55e889b32f5c5.jpg\",\"datePublished\":\"2015-09-03T17:56:03+00:00\",\"dateModified\":\"2023-02-26T23:16:29+00:00\",\"breadcrumb\":{\"@id\":\"https:\\\/\\\/webknjizara.hr\\\/proizvod\\\/lila-istinita-prica-jednog-psa-ivka-ivanka-prskalo\\\/#breadcrumb\"},\"inLanguage\":\"en-US\",\"potentialAction\":[{\"@type\":\"ReadAction\",\"target\":[\"https:\\\/\\\/webknjizara.hr\\\/proizvod\\\/lila-istinita-prica-jednog-psa-ivka-ivanka-prskalo\\\/\"]}]},{\"@type\":\"ImageObject\",\"inLanguage\":\"en-US\",\"@id\":\"https:\\\/\\\/webknjizara.hr\\\/proizvod\\\/lila-istinita-prica-jednog-psa-ivka-ivanka-prskalo\\\/#primaryimage\",\"url\":\"https:\\\/\\\/webknjizara.hr\\\/wp-content\\\/uploads\\\/nc\\\/images\\\/virtuemart\\\/product\\\/lila-istinita-55e889b32f5c5.jpg\",\"contentUrl\":\"https:\\\/\\\/webknjizara.hr\\\/wp-content\\\/uploads\\\/nc\\\/images\\\/virtuemart\\\/product\\\/lila-istinita-55e889b32f5c5.jpg\",\"width\":346,\"height\":500,\"caption\":\"LILA - ISTINITA PRI\u010cA JEDNOG PSA, Ivka Ivanka Prskalo\"},{\"@type\":\"BreadcrumbList\",\"@id\":\"https:\\\/\\\/webknjizara.hr\\\/proizvod\\\/lila-istinita-prica-jednog-psa-ivka-ivanka-prskalo\\\/#breadcrumb\",\"itemListElement\":[{\"@type\":\"ListItem\",\"position\":1,\"name\":\"Po\u010detna stranica\",\"item\":\"https:\\\/\\\/webknjizara.hr\\\/en\\\/\"},{\"@type\":\"ListItem\",\"position\":2,\"name\":\"Shop\",\"item\":\"https:\\\/\\\/webknjizara.hr\\\/shop\\\/\"},{\"@type\":\"ListItem\",\"position\":3,\"name\":\"LILA &#8211; ISTINITA PRI\u010cA JEDNOG PSA, Ivka Ivanka Prskalo\"}]},{\"@type\":\"WebSite\",\"@id\":\"https:\\\/\\\/webknjizara.hr\\\/#website\",\"url\":\"https:\\\/\\\/webknjizara.hr\\\/\",\"name\":\"Web Knji\u017eara\",\"description\":\"\",\"publisher\":{\"@id\":\"https:\\\/\\\/webknjizara.hr\\\/#organization\"},\"potentialAction\":[{\"@type\":\"SearchAction\",\"target\":{\"@type\":\"EntryPoint\",\"urlTemplate\":\"https:\\\/\\\/webknjizara.hr\\\/?s={search_term_string}\"},\"query-input\":{\"@type\":\"PropertyValueSpecification\",\"valueRequired\":true,\"valueName\":\"search_term_string\"}}],\"inLanguage\":\"en-US\"},{\"@type\":\"Organization\",\"@id\":\"https:\\\/\\\/webknjizara.hr\\\/#organization\",\"name\":\"REDAK D.O.O.\",\"url\":\"https:\\\/\\\/webknjizara.hr\\\/\",\"logo\":{\"@type\":\"ImageObject\",\"inLanguage\":\"en-US\",\"@id\":\"https:\\\/\\\/webknjizara.hr\\\/#\\\/schema\\\/logo\\\/image\\\/\",\"url\":\"https:\\\/\\\/webknjizara.hr\\\/wp-content\\\/uploads\\\/2023\\\/01\\\/web-knjizara-logo.webp\",\"contentUrl\":\"https:\\\/\\\/webknjizara.hr\\\/wp-content\\\/uploads\\\/2023\\\/01\\\/web-knjizara-logo.webp\",\"width\":324,\"height\":79,\"caption\":\"REDAK D.O.O.\"},\"image\":{\"@id\":\"https:\\\/\\\/webknjizara.hr\\\/#\\\/schema\\\/logo\\\/image\\\/\"}}]}<\/script>\n<!-- \/ Yoast SEO plugin. -->","yoast_head_json":{"title":"LILA - ISTINITA PRI\u010cA JEDNOG PSA, Ivka Ivanka Prskalo - Web-knji\u017eara","robots":{"index":"index","follow":"follow","max-snippet":"max-snippet:-1","max-image-preview":"max-image-preview:large","max-video-preview":"max-video-preview:-1"},"canonical":"https:\/\/webknjizara.hr\/proizvod\/lila-istinita-prica-jednog-psa-ivka-ivanka-prskalo\/","og_locale":"en_US","og_type":"article","og_title":"LILA - ISTINITA PRI\u010cA JEDNOG PSA, Ivka Ivanka Prskalo - Web-knji\u017eara","og_description":"Sa\u017eetak: Ovo je istinita pri\u010da o \u017eivotu kujice Lile: od njenog lutanja, preko bezuvjetne ljubavi do odlaska zauvijek. Pri\u010da je pisana u prvom licu, ba\u0161 onako kako gazdarica vjeruje da bi je ispri\u010dala Lila da je mogla. Ispri\u010dala bi to upravo zato da bismo mi ljudi bolje razumjeli ta \u010detverono\u017ena stvorenja koja su tu negdje [&hellip;]","og_url":"https:\/\/webknjizara.hr\/proizvod\/lila-istinita-prica-jednog-psa-ivka-ivanka-prskalo\/","og_site_name":"Web-knji\u017eara","article_modified_time":"2023-02-26T23:16:29+00:00","og_image":[{"width":346,"height":500,"url":"https:\/\/webknjizara.hr\/wp-content\/uploads\/nc\/images\/virtuemart\/product\/lila-istinita-55e889b32f5c5.jpg","type":"image\/jpeg"}],"twitter_card":"summary_large_image","twitter_misc":{"Est. reading time":"2 minutes"},"schema":{"@context":"https:\/\/schema.org","@graph":[{"@type":"WebPage","@id":"https:\/\/webknjizara.hr\/proizvod\/lila-istinita-prica-jednog-psa-ivka-ivanka-prskalo\/","url":"https:\/\/webknjizara.hr\/proizvod\/lila-istinita-prica-jednog-psa-ivka-ivanka-prskalo\/","name":"LILA - ISTINITA PRI\u010cA JEDNOG PSA, Ivka Ivanka Prskalo - Web-knji\u017eara","isPartOf":{"@id":"https:\/\/webknjizara.hr\/#website"},"primaryImageOfPage":{"@id":"https:\/\/webknjizara.hr\/proizvod\/lila-istinita-prica-jednog-psa-ivka-ivanka-prskalo\/#primaryimage"},"image":{"@id":"https:\/\/webknjizara.hr\/proizvod\/lila-istinita-prica-jednog-psa-ivka-ivanka-prskalo\/#primaryimage"},"thumbnailUrl":"https:\/\/webknjizara.hr\/wp-content\/uploads\/nc\/images\/virtuemart\/product\/lila-istinita-55e889b32f5c5.jpg","datePublished":"2015-09-03T17:56:03+00:00","dateModified":"2023-02-26T23:16:29+00:00","breadcrumb":{"@id":"https:\/\/webknjizara.hr\/proizvod\/lila-istinita-prica-jednog-psa-ivka-ivanka-prskalo\/#breadcrumb"},"inLanguage":"en-US","potentialAction":[{"@type":"ReadAction","target":["https:\/\/webknjizara.hr\/proizvod\/lila-istinita-prica-jednog-psa-ivka-ivanka-prskalo\/"]}]},{"@type":"ImageObject","inLanguage":"en-US","@id":"https:\/\/webknjizara.hr\/proizvod\/lila-istinita-prica-jednog-psa-ivka-ivanka-prskalo\/#primaryimage","url":"https:\/\/webknjizara.hr\/wp-content\/uploads\/nc\/images\/virtuemart\/product\/lila-istinita-55e889b32f5c5.jpg","contentUrl":"https:\/\/webknjizara.hr\/wp-content\/uploads\/nc\/images\/virtuemart\/product\/lila-istinita-55e889b32f5c5.jpg","width":346,"height":500,"caption":"LILA - ISTINITA PRI\u010cA JEDNOG PSA, Ivka Ivanka Prskalo"},{"@type":"BreadcrumbList","@id":"https:\/\/webknjizara.hr\/proizvod\/lila-istinita-prica-jednog-psa-ivka-ivanka-prskalo\/#breadcrumb","itemListElement":[{"@type":"ListItem","position":1,"name":"Po\u010detna stranica","item":"https:\/\/webknjizara.hr\/en\/"},{"@type":"ListItem","position":2,"name":"Shop","item":"https:\/\/webknjizara.hr\/shop\/"},{"@type":"ListItem","position":3,"name":"LILA &#8211; ISTINITA PRI\u010cA JEDNOG PSA, Ivka Ivanka Prskalo"}]},{"@type":"WebSite","@id":"https:\/\/webknjizara.hr\/#website","url":"https:\/\/webknjizara.hr\/","name":"Web Knji\u017eara","description":"","publisher":{"@id":"https:\/\/webknjizara.hr\/#organization"},"potentialAction":[{"@type":"SearchAction","target":{"@type":"EntryPoint","urlTemplate":"https:\/\/webknjizara.hr\/?s={search_term_string}"},"query-input":{"@type":"PropertyValueSpecification","valueRequired":true,"valueName":"search_term_string"}}],"inLanguage":"en-US"},{"@type":"Organization","@id":"https:\/\/webknjizara.hr\/#organization","name":"REDAK D.O.O.","url":"https:\/\/webknjizara.hr\/","logo":{"@type":"ImageObject","inLanguage":"en-US","@id":"https:\/\/webknjizara.hr\/#\/schema\/logo\/image\/","url":"https:\/\/webknjizara.hr\/wp-content\/uploads\/2023\/01\/web-knjizara-logo.webp","contentUrl":"https:\/\/webknjizara.hr\/wp-content\/uploads\/2023\/01\/web-knjizara-logo.webp","width":324,"height":79,"caption":"REDAK D.O.O."},"image":{"@id":"https:\/\/webknjizara.hr\/#\/schema\/logo\/image\/"}}]}},"_links":{"self":[{"href":"https:\/\/webknjizara.hr\/en\/wp-json\/wp\/v2\/product\/8041","targetHints":{"allow":["GET"]}}],"collection":[{"href":"https:\/\/webknjizara.hr\/en\/wp-json\/wp\/v2\/product"}],"about":[{"href":"https:\/\/webknjizara.hr\/en\/wp-json\/wp\/v2\/types\/product"}],"replies":[{"embeddable":true,"href":"https:\/\/webknjizara.hr\/en\/wp-json\/wp\/v2\/comments?post=8041"}],"wp:featuredmedia":[{"embeddable":true,"href":"https:\/\/webknjizara.hr\/en\/wp-json\/wp\/v2\/media\/8042"}],"wp:attachment":[{"href":"https:\/\/webknjizara.hr\/en\/wp-json\/wp\/v2\/media?parent=8041"}],"wp:term":[{"taxonomy":"product_brand","embeddable":true,"href":"https:\/\/webknjizara.hr\/en\/wp-json\/wp\/v2\/product_brand?post=8041"},{"taxonomy":"product_cat","embeddable":true,"href":"https:\/\/webknjizara.hr\/en\/wp-json\/wp\/v2\/product_cat?post=8041"},{"taxonomy":"product_tag","embeddable":true,"href":"https:\/\/webknjizara.hr\/en\/wp-json\/wp\/v2\/product_tag?post=8041"}],"curies":[{"name":"wp","href":"https:\/\/api.w.org\/{rel}","templated":true}]}}