{"id":8035,"date":"2015-08-20T08:42:44","date_gmt":"2015-08-20T08:42:44","guid":{"rendered":"https:\/\/webknjizara.hr\/?product=diz-%e2%80%93-djeca-iznad-zakona-kiki-rain"},"modified":"2023-02-27T00:16:29","modified_gmt":"2023-02-26T23:16:29","slug":"d-i-z-djeca-iznad-zakona-kiki-rain","status":"publish","type":"product","link":"https:\/\/webknjizara.hr\/en\/proizvod\/d-i-z-djeca-iznad-zakona-kiki-rain\/","title":{"rendered":"D.I.Z. \u2013 Djeca iznad zakona, Kiki Rain"},"content":{"rendered":"<p style=\"text-align: justify;\"><strong>Sa\u017eetak:<\/strong> <\/p>\n<p>Dvije nerazdvojne prijateljice Niki i Katja otkrivaju da su jedne od rijetkih tinejd\u017eera koji sa svojih \u0161esnaest godina dobivaju nevjerojatne sposobnosti. Posebna grupa DIZ-ovaca otkriva Niki prije njene \u0161esnaeste godine i upozorava ju na stra\u0161ne posljedice koje sa sobom donosi razli\u010ditost. Ona ostaje neotkrivena, ali zato su svi njezini prijatelji DIZ-ovci prisiljeni na bijeg i skrivanje od Zmajara koji su u lovu na njih. Samo nekoliko dana prije nego \u0161to nestane Niki sti\u017ee upozoriti Katju koja joj se pridru\u017euje u bijegu od Zmajara, a time i od odgovornosti i svih pitanja na koja jednostavno ne mo\u017ee prona\u0107i odgovor. \u0160to se doga\u0111a nakon \u0161to nestanu? Roditeljima je dojavljena njihova smrt, ali DIZ-ovci znaju da nije tako. Znaju jer ih tada odvedu na brod i odonda se ni\u0161ta nikada vi\u0161e ne \u010duje o njima (oni su za javnost mrtvi). Nakon \u0161to Zmajari odvedu Katju, ona saznaje iz prve ruke \u0161to se nakon toga doga\u0111a, o\u010di joj se otvaraju i shva\u0107a \u0161to se zapravo nalazi pod krinkom Zmajara. Na brodu ponovo susre\u0107e Niki i DIZ-ovce koji su bili nestali, ali upoznaje i mno\u0161tvo drugih tinejd\u017eera koji nisu bili DIZ-ovci i koji su dobrovoljno na brodu. Me\u0111u njima je i Leo, jedan od DIZ-ovaca kojeg je tada prvi puta primijetila. Sve ih dovedu na otok na kojem moraju provesti nekoliko idu\u0107ih godina. Tamo nastavljaju svoje \u0161kolovanje i prisiljeni su prihvatiti situaciju. Spas od pritiska koji stvara nova sredina Katja pronalazi u pjesmi s Leom u \u0161umi. Njih dvoje prisiljeni su se razdvojiti postaju\u0107i \u010dlanovi suparni\u010dkih ekipa. Katja jedini izlaz iz te situacije pronalazi u bijegu. Nakon \u0161to njezin posljednji poku\u0161aj bijega propada Katja se svjesna svoje snage koju je nau\u010dila kontrolirati prepu\u0161ta slu\u010daju.<\/p>\n<p style=\"text-align: justify;\"><strong>Bilje\u0161ka o autorici:<\/strong> <\/p>\n<p>Ovo joj je prva knjiga kojoj \u0107e se uskoro pridru\u017eiti i nastavak<\/p>\n<p style=\"text-align: justify;\"><strong>Klju\u010dne rije\u010di:<\/strong> DIZ, mo\u0107i, Kiki Rain, djeca, tinejd\u017eeri, iznad zakona<\/p>\n<p style=\"text-align: justify;\"><strong>Naslov:<\/strong> D.I.Z. \u2013 Djeca iznad zakona<br \/><strong>Autor:<\/strong> Kiki Rain<br \/><strong>Broj stranica:<\/strong> 156<br \/><span id=\"_mce_caret\"><strong>Nakladnik:\u00a0<\/strong><span id=\"_mce_caret\">Vedran Stani\u0107<\/span><\/span><br \/><strong>Godina izdanja:<\/strong> 2015.<br \/><strong>ISBN:<\/strong> 978-953-58642-0-2<br \/><strong>Tisak:<\/strong> digitalni tisak knjiga &#8211; print na zahtjev<\/p>\n","protected":false},"excerpt":{"rendered":"<p>Sa\u017eetak: Dvije nerazdvojne prijateljice Niki i Katja otkrivaju da su jedne od rijetkih tinejd\u017eera koji sa svojih \u0161esnaest godina dobivaju nevjerojatne sposobnosti. Posebna grupa DIZ-ovaca otkriva Niki prije njene \u0161esnaeste godine i upozorava ju na stra\u0161ne posljedice koje sa sobom donosi razli\u010ditost. Ona ostaje neotkrivena, ali zato su svi njezini prijatelji DIZ-ovci prisiljeni na bijeg [&hellip;]<\/p>\n","protected":false},"featured_media":8036,"comment_status":"open","ping_status":"closed","template":"","meta":{"_acf_changed":false},"product_brand":[],"product_cat":[1383,1385],"product_tag":[],"class_list":{"0":"post-8035","1":"product","2":"type-product","3":"status-publish","4":"has-post-thumbnail","6":"product_cat-knjige","7":"product_cat-knjizevnost","8":"pa_autor-kiki-rain","9":"pa_nakladnik-vedran-stanic","11":"first","12":"instock","13":"shipping-taxable","14":"purchasable","15":"product-type-simple"},"acf":[],"yoast_head":"<!-- This site is optimized with the Yoast SEO plugin v27.3 - https:\/\/yoast.com\/product\/yoast-seo-wordpress\/ -->\n<title>D.I.Z. \u2013 Djeca iznad zakona, Kiki Rain - Web-knji\u017eara<\/title>\n<meta name=\"robots\" content=\"index, follow, max-snippet:-1, max-image-preview:large, max-video-preview:-1\" \/>\n<link rel=\"canonical\" href=\"https:\/\/webknjizara.hr\/proizvod\/d-i-z-djeca-iznad-zakona-kiki-rain\/\" \/>\n<meta property=\"og:locale\" content=\"en_US\" \/>\n<meta property=\"og:type\" content=\"article\" \/>\n<meta property=\"og:title\" content=\"D.I.Z. \u2013 Djeca iznad zakona, Kiki Rain - Web-knji\u017eara\" \/>\n<meta property=\"og:description\" content=\"Sa\u017eetak: Dvije nerazdvojne prijateljice Niki i Katja otkrivaju da su jedne od rijetkih tinejd\u017eera koji sa svojih \u0161esnaest godina dobivaju nevjerojatne sposobnosti. Posebna grupa DIZ-ovaca otkriva Niki prije njene \u0161esnaeste godine i upozorava ju na stra\u0161ne posljedice koje sa sobom donosi razli\u010ditost. Ona ostaje neotkrivena, ali zato su svi njezini prijatelji DIZ-ovci prisiljeni na bijeg [&hellip;]\" \/>\n<meta property=\"og:url\" content=\"https:\/\/webknjizara.hr\/proizvod\/d-i-z-djeca-iznad-zakona-kiki-rain\/\" \/>\n<meta property=\"og:site_name\" content=\"Web-knji\u017eara\" \/>\n<meta property=\"article:modified_time\" content=\"2023-02-26T23:16:29+00:00\" \/>\n<meta property=\"og:image\" content=\"https:\/\/webknjizara.hr\/wp-content\/uploads\/nc\/images\/virtuemart\/product\/d-i-z-djeca-55d59304f2d4d.jpg\" \/>\n\t<meta property=\"og:image:width\" content=\"332\" \/>\n\t<meta property=\"og:image:height\" content=\"500\" \/>\n\t<meta property=\"og:image:type\" content=\"image\/jpeg\" \/>\n<meta name=\"twitter:card\" content=\"summary_large_image\" \/>\n<meta name=\"twitter:label1\" content=\"Est. reading time\" \/>\n\t<meta name=\"twitter:data1\" content=\"2 minutes\" \/>\n<script type=\"application\/ld+json\" class=\"yoast-schema-graph\">{\"@context\":\"https:\\\/\\\/schema.org\",\"@graph\":[{\"@type\":\"WebPage\",\"@id\":\"https:\\\/\\\/webknjizara.hr\\\/proizvod\\\/d-i-z-djeca-iznad-zakona-kiki-rain\\\/\",\"url\":\"https:\\\/\\\/webknjizara.hr\\\/proizvod\\\/d-i-z-djeca-iznad-zakona-kiki-rain\\\/\",\"name\":\"D.I.Z. \u2013 Djeca iznad zakona, Kiki Rain - Web-knji\u017eara\",\"isPartOf\":{\"@id\":\"https:\\\/\\\/webknjizara.hr\\\/#website\"},\"primaryImageOfPage\":{\"@id\":\"https:\\\/\\\/webknjizara.hr\\\/proizvod\\\/d-i-z-djeca-iznad-zakona-kiki-rain\\\/#primaryimage\"},\"image\":{\"@id\":\"https:\\\/\\\/webknjizara.hr\\\/proizvod\\\/d-i-z-djeca-iznad-zakona-kiki-rain\\\/#primaryimage\"},\"thumbnailUrl\":\"https:\\\/\\\/webknjizara.hr\\\/wp-content\\\/uploads\\\/nc\\\/images\\\/virtuemart\\\/product\\\/d-i-z-djeca-55d59304f2d4d.jpg\",\"datePublished\":\"2015-08-20T08:42:44+00:00\",\"dateModified\":\"2023-02-26T23:16:29+00:00\",\"breadcrumb\":{\"@id\":\"https:\\\/\\\/webknjizara.hr\\\/proizvod\\\/d-i-z-djeca-iznad-zakona-kiki-rain\\\/#breadcrumb\"},\"inLanguage\":\"en-US\",\"potentialAction\":[{\"@type\":\"ReadAction\",\"target\":[\"https:\\\/\\\/webknjizara.hr\\\/proizvod\\\/d-i-z-djeca-iznad-zakona-kiki-rain\\\/\"]}]},{\"@type\":\"ImageObject\",\"inLanguage\":\"en-US\",\"@id\":\"https:\\\/\\\/webknjizara.hr\\\/proizvod\\\/d-i-z-djeca-iznad-zakona-kiki-rain\\\/#primaryimage\",\"url\":\"https:\\\/\\\/webknjizara.hr\\\/wp-content\\\/uploads\\\/nc\\\/images\\\/virtuemart\\\/product\\\/d-i-z-djeca-55d59304f2d4d.jpg\",\"contentUrl\":\"https:\\\/\\\/webknjizara.hr\\\/wp-content\\\/uploads\\\/nc\\\/images\\\/virtuemart\\\/product\\\/d-i-z-djeca-55d59304f2d4d.jpg\",\"width\":332,\"height\":500,\"caption\":\"D.I.Z. \u2013 Djeca iznad zakona, Kiki Rain\"},{\"@type\":\"BreadcrumbList\",\"@id\":\"https:\\\/\\\/webknjizara.hr\\\/proizvod\\\/d-i-z-djeca-iznad-zakona-kiki-rain\\\/#breadcrumb\",\"itemListElement\":[{\"@type\":\"ListItem\",\"position\":1,\"name\":\"Po\u010detna stranica\",\"item\":\"https:\\\/\\\/webknjizara.hr\\\/en\\\/\"},{\"@type\":\"ListItem\",\"position\":2,\"name\":\"Shop\",\"item\":\"https:\\\/\\\/webknjizara.hr\\\/shop\\\/\"},{\"@type\":\"ListItem\",\"position\":3,\"name\":\"D.I.Z. \u2013 Djeca iznad zakona, Kiki Rain\"}]},{\"@type\":\"WebSite\",\"@id\":\"https:\\\/\\\/webknjizara.hr\\\/#website\",\"url\":\"https:\\\/\\\/webknjizara.hr\\\/\",\"name\":\"Web Knji\u017eara\",\"description\":\"\",\"publisher\":{\"@id\":\"https:\\\/\\\/webknjizara.hr\\\/#organization\"},\"potentialAction\":[{\"@type\":\"SearchAction\",\"target\":{\"@type\":\"EntryPoint\",\"urlTemplate\":\"https:\\\/\\\/webknjizara.hr\\\/?s={search_term_string}\"},\"query-input\":{\"@type\":\"PropertyValueSpecification\",\"valueRequired\":true,\"valueName\":\"search_term_string\"}}],\"inLanguage\":\"en-US\"},{\"@type\":\"Organization\",\"@id\":\"https:\\\/\\\/webknjizara.hr\\\/#organization\",\"name\":\"REDAK D.O.O.\",\"url\":\"https:\\\/\\\/webknjizara.hr\\\/\",\"logo\":{\"@type\":\"ImageObject\",\"inLanguage\":\"en-US\",\"@id\":\"https:\\\/\\\/webknjizara.hr\\\/#\\\/schema\\\/logo\\\/image\\\/\",\"url\":\"https:\\\/\\\/webknjizara.hr\\\/wp-content\\\/uploads\\\/2023\\\/01\\\/web-knjizara-logo.webp\",\"contentUrl\":\"https:\\\/\\\/webknjizara.hr\\\/wp-content\\\/uploads\\\/2023\\\/01\\\/web-knjizara-logo.webp\",\"width\":324,\"height\":79,\"caption\":\"REDAK D.O.O.\"},\"image\":{\"@id\":\"https:\\\/\\\/webknjizara.hr\\\/#\\\/schema\\\/logo\\\/image\\\/\"}}]}<\/script>\n<!-- \/ Yoast SEO plugin. -->","yoast_head_json":{"title":"D.I.Z. \u2013 Djeca iznad zakona, Kiki Rain - Web-knji\u017eara","robots":{"index":"index","follow":"follow","max-snippet":"max-snippet:-1","max-image-preview":"max-image-preview:large","max-video-preview":"max-video-preview:-1"},"canonical":"https:\/\/webknjizara.hr\/proizvod\/d-i-z-djeca-iznad-zakona-kiki-rain\/","og_locale":"en_US","og_type":"article","og_title":"D.I.Z. \u2013 Djeca iznad zakona, Kiki Rain - Web-knji\u017eara","og_description":"Sa\u017eetak: Dvije nerazdvojne prijateljice Niki i Katja otkrivaju da su jedne od rijetkih tinejd\u017eera koji sa svojih \u0161esnaest godina dobivaju nevjerojatne sposobnosti. Posebna grupa DIZ-ovaca otkriva Niki prije njene \u0161esnaeste godine i upozorava ju na stra\u0161ne posljedice koje sa sobom donosi razli\u010ditost. Ona ostaje neotkrivena, ali zato su svi njezini prijatelji DIZ-ovci prisiljeni na bijeg [&hellip;]","og_url":"https:\/\/webknjizara.hr\/proizvod\/d-i-z-djeca-iznad-zakona-kiki-rain\/","og_site_name":"Web-knji\u017eara","article_modified_time":"2023-02-26T23:16:29+00:00","og_image":[{"width":332,"height":500,"url":"https:\/\/webknjizara.hr\/wp-content\/uploads\/nc\/images\/virtuemart\/product\/d-i-z-djeca-55d59304f2d4d.jpg","type":"image\/jpeg"}],"twitter_card":"summary_large_image","twitter_misc":{"Est. reading time":"2 minutes"},"schema":{"@context":"https:\/\/schema.org","@graph":[{"@type":"WebPage","@id":"https:\/\/webknjizara.hr\/proizvod\/d-i-z-djeca-iznad-zakona-kiki-rain\/","url":"https:\/\/webknjizara.hr\/proizvod\/d-i-z-djeca-iznad-zakona-kiki-rain\/","name":"D.I.Z. \u2013 Djeca iznad zakona, Kiki Rain - Web-knji\u017eara","isPartOf":{"@id":"https:\/\/webknjizara.hr\/#website"},"primaryImageOfPage":{"@id":"https:\/\/webknjizara.hr\/proizvod\/d-i-z-djeca-iznad-zakona-kiki-rain\/#primaryimage"},"image":{"@id":"https:\/\/webknjizara.hr\/proizvod\/d-i-z-djeca-iznad-zakona-kiki-rain\/#primaryimage"},"thumbnailUrl":"https:\/\/webknjizara.hr\/wp-content\/uploads\/nc\/images\/virtuemart\/product\/d-i-z-djeca-55d59304f2d4d.jpg","datePublished":"2015-08-20T08:42:44+00:00","dateModified":"2023-02-26T23:16:29+00:00","breadcrumb":{"@id":"https:\/\/webknjizara.hr\/proizvod\/d-i-z-djeca-iznad-zakona-kiki-rain\/#breadcrumb"},"inLanguage":"en-US","potentialAction":[{"@type":"ReadAction","target":["https:\/\/webknjizara.hr\/proizvod\/d-i-z-djeca-iznad-zakona-kiki-rain\/"]}]},{"@type":"ImageObject","inLanguage":"en-US","@id":"https:\/\/webknjizara.hr\/proizvod\/d-i-z-djeca-iznad-zakona-kiki-rain\/#primaryimage","url":"https:\/\/webknjizara.hr\/wp-content\/uploads\/nc\/images\/virtuemart\/product\/d-i-z-djeca-55d59304f2d4d.jpg","contentUrl":"https:\/\/webknjizara.hr\/wp-content\/uploads\/nc\/images\/virtuemart\/product\/d-i-z-djeca-55d59304f2d4d.jpg","width":332,"height":500,"caption":"D.I.Z. \u2013 Djeca iznad zakona, Kiki Rain"},{"@type":"BreadcrumbList","@id":"https:\/\/webknjizara.hr\/proizvod\/d-i-z-djeca-iznad-zakona-kiki-rain\/#breadcrumb","itemListElement":[{"@type":"ListItem","position":1,"name":"Po\u010detna stranica","item":"https:\/\/webknjizara.hr\/en\/"},{"@type":"ListItem","position":2,"name":"Shop","item":"https:\/\/webknjizara.hr\/shop\/"},{"@type":"ListItem","position":3,"name":"D.I.Z. \u2013 Djeca iznad zakona, Kiki Rain"}]},{"@type":"WebSite","@id":"https:\/\/webknjizara.hr\/#website","url":"https:\/\/webknjizara.hr\/","name":"Web Knji\u017eara","description":"","publisher":{"@id":"https:\/\/webknjizara.hr\/#organization"},"potentialAction":[{"@type":"SearchAction","target":{"@type":"EntryPoint","urlTemplate":"https:\/\/webknjizara.hr\/?s={search_term_string}"},"query-input":{"@type":"PropertyValueSpecification","valueRequired":true,"valueName":"search_term_string"}}],"inLanguage":"en-US"},{"@type":"Organization","@id":"https:\/\/webknjizara.hr\/#organization","name":"REDAK D.O.O.","url":"https:\/\/webknjizara.hr\/","logo":{"@type":"ImageObject","inLanguage":"en-US","@id":"https:\/\/webknjizara.hr\/#\/schema\/logo\/image\/","url":"https:\/\/webknjizara.hr\/wp-content\/uploads\/2023\/01\/web-knjizara-logo.webp","contentUrl":"https:\/\/webknjizara.hr\/wp-content\/uploads\/2023\/01\/web-knjizara-logo.webp","width":324,"height":79,"caption":"REDAK D.O.O."},"image":{"@id":"https:\/\/webknjizara.hr\/#\/schema\/logo\/image\/"}}]}},"_links":{"self":[{"href":"https:\/\/webknjizara.hr\/en\/wp-json\/wp\/v2\/product\/8035","targetHints":{"allow":["GET"]}}],"collection":[{"href":"https:\/\/webknjizara.hr\/en\/wp-json\/wp\/v2\/product"}],"about":[{"href":"https:\/\/webknjizara.hr\/en\/wp-json\/wp\/v2\/types\/product"}],"replies":[{"embeddable":true,"href":"https:\/\/webknjizara.hr\/en\/wp-json\/wp\/v2\/comments?post=8035"}],"wp:featuredmedia":[{"embeddable":true,"href":"https:\/\/webknjizara.hr\/en\/wp-json\/wp\/v2\/media\/8036"}],"wp:attachment":[{"href":"https:\/\/webknjizara.hr\/en\/wp-json\/wp\/v2\/media?parent=8035"}],"wp:term":[{"taxonomy":"product_brand","embeddable":true,"href":"https:\/\/webknjizara.hr\/en\/wp-json\/wp\/v2\/product_brand?post=8035"},{"taxonomy":"product_cat","embeddable":true,"href":"https:\/\/webknjizara.hr\/en\/wp-json\/wp\/v2\/product_cat?post=8035"},{"taxonomy":"product_tag","embeddable":true,"href":"https:\/\/webknjizara.hr\/en\/wp-json\/wp\/v2\/product_tag?post=8035"}],"curies":[{"name":"wp","href":"https:\/\/api.w.org\/{rel}","templated":true}]}}