{"id":8021,"date":"2015-07-21T15:10:05","date_gmt":"2015-07-21T15:10:05","guid":{"rendered":"https:\/\/webknjizara.hr\/?product=kadena-uspomena-josip-bauk"},"modified":"2023-02-27T00:16:27","modified_gmt":"2023-02-26T23:16:27","slug":"kadena-uspomena-josip-bauk","status":"publish","type":"product","link":"https:\/\/webknjizara.hr\/en\/proizvod\/kadena-uspomena-josip-bauk\/","title":{"rendered":"KADENA USPOMENA, Josip Bauk"},"content":{"rendered":"<p style=\"text-align: justify;\"><strong>Sa\u017eetak:<\/strong> Nakon objave prve zbirke pjesama <a href=\"hr\/about-joomla?page=shop.product_details&#038;flypage=flypage.tpl&#038;category_id=5&#038;product_id=264&#038;vmcchk=1\" target=\"_blank\" rel=\"noopener\">\u00abGropi\u00bb<\/a> 2013. godine ponukan reakcijom rodbine i prijatelja odlu\u010dio sam i\u0107i dalje. I eto uspio sam sakupljenim emocijama napisati nove pjesme iz \u017eivotnih uspomena i svakodnevnice. Otuda i naziv novoj zbirci \u00abKadena uspomena\u00bb pa bila vam ugodna za \u010ditanje.<\/p>\n<p style=\"text-align: justify;\"><strong>Bilje\u0161ka o autoru:<\/strong> <\/p>\n<p>Josip Bauk ro\u0111en je u Splitu 31. svibnja 1951. godine od majke Ivke i oca Dragutina.<\/p>\n<p>Osnovnu \u0161kolu poha\u0111ao je u Lokvi- Rogoznici i zavr\u0161io u Omi\u0161u. srednju stru\u010dnu spremu, zanimanje soboslikar zavr\u0161io je u Dugom Ratu.<\/p>\n<p>Kratko vrijeme radio je u Splitu, a od 1975. &#8211; 2006. bio je zaposlen u tvornici \u00abGaleb\u00bb Omi\u0161.<\/p>\n<p>Od 2007. nastavio sa sadnjom maslina da bi 2013.godine oti\u0161ao u mirovinu bez mirovanja.<\/p>\n<p>\u010citav \u017eivot, od ro\u0111enja proveo je u Lokvi- Rogoznici. Zahvaljuju\u0107i pokojnom ocu rano je zavolio more i ribolov.<\/p>\n<p>Tako i danas najve\u0107i dio vremena bavi se najdra\u017eim hobijem &#8211; ribolovom.<\/p>\n<p style=\"text-align: justify;\"><strong>Klju\u010dne rije\u010di:<\/strong> more, ljubav, vino, maslina, kamen, Lokva, dida, Dalmacija, Omi\u0161<\/p>\n<p style=\"text-align: justify;\"><strong>Naslov:<\/strong> Kadena uspomena<br \/><strong>Autor:<\/strong> Josip Bauk<br \/><strong>Broj stranica:<\/strong> 100<br \/><strong>Nakladnik:<\/strong> REDAK<br \/><strong>Godina izdanja:<\/strong> 2015.<br \/><strong>ISBN:<\/strong> 978-953-336-223-6<br \/><strong>Tisak:<\/strong> digitalni tisak knjiga &#8211; print na zahtjev<\/p>\n","protected":false},"excerpt":{"rendered":"<p>Sa\u017eetak: Nakon objave prve zbirke pjesama \u00abGropi\u00bb 2013. godine ponukan reakcijom rodbine i prijatelja odlu\u010dio sam i\u0107i dalje. I eto uspio sam sakupljenim emocijama napisati nove pjesme iz \u017eivotnih uspomena i svakodnevnice. Otuda i naziv novoj zbirci \u00abKadena uspomena\u00bb pa bila vam ugodna za \u010ditanje. Bilje\u0161ka o autoru: Josip Bauk ro\u0111en je u Splitu 31. [&hellip;]<\/p>\n","protected":false},"featured_media":8022,"comment_status":"open","ping_status":"closed","template":"","meta":{"_acf_changed":false},"product_brand":[],"product_cat":[1383,1385,1388],"product_tag":[],"class_list":{"0":"post-8021","1":"product","2":"type-product","3":"status-publish","4":"has-post-thumbnail","6":"product_cat-knjige","7":"product_cat-knjizevnost","8":"product_cat-poezija","9":"pa_autor-josip-bauk","10":"pa_nakladnik-redak","12":"first","13":"instock","14":"shipping-taxable","15":"purchasable","16":"product-type-simple"},"acf":[],"yoast_head":"<!-- This site is optimized with the Yoast SEO plugin v27.3 - https:\/\/yoast.com\/product\/yoast-seo-wordpress\/ -->\n<title>KADENA USPOMENA, Josip Bauk - Web-knji\u017eara<\/title>\n<meta name=\"robots\" content=\"index, follow, max-snippet:-1, max-image-preview:large, max-video-preview:-1\" \/>\n<link rel=\"canonical\" href=\"https:\/\/webknjizara.hr\/proizvod\/kadena-uspomena-josip-bauk\/\" \/>\n<meta property=\"og:locale\" content=\"en_US\" \/>\n<meta property=\"og:type\" content=\"article\" \/>\n<meta property=\"og:title\" content=\"KADENA USPOMENA, Josip Bauk - Web-knji\u017eara\" \/>\n<meta property=\"og:description\" content=\"Sa\u017eetak: Nakon objave prve zbirke pjesama \u00abGropi\u00bb 2013. godine ponukan reakcijom rodbine i prijatelja odlu\u010dio sam i\u0107i dalje. I eto uspio sam sakupljenim emocijama napisati nove pjesme iz \u017eivotnih uspomena i svakodnevnice. Otuda i naziv novoj zbirci \u00abKadena uspomena\u00bb pa bila vam ugodna za \u010ditanje. Bilje\u0161ka o autoru: Josip Bauk ro\u0111en je u Splitu 31. [&hellip;]\" \/>\n<meta property=\"og:url\" content=\"https:\/\/webknjizara.hr\/proizvod\/kadena-uspomena-josip-bauk\/\" \/>\n<meta property=\"og:site_name\" content=\"Web-knji\u017eara\" \/>\n<meta property=\"article:modified_time\" content=\"2023-02-26T23:16:27+00:00\" \/>\n<meta property=\"og:image\" content=\"https:\/\/webknjizara.hr\/wp-content\/uploads\/nc\/images\/virtuemart\/product\/kadena-uspomena-55f024b26bd04.jpg\" \/>\n\t<meta property=\"og:image:width\" content=\"319\" \/>\n\t<meta property=\"og:image:height\" content=\"500\" \/>\n\t<meta property=\"og:image:type\" content=\"image\/jpeg\" \/>\n<meta name=\"twitter:card\" content=\"summary_large_image\" \/>\n<meta name=\"twitter:label1\" content=\"Est. reading time\" \/>\n\t<meta name=\"twitter:data1\" content=\"1 minute\" \/>\n<script type=\"application\/ld+json\" class=\"yoast-schema-graph\">{\"@context\":\"https:\\\/\\\/schema.org\",\"@graph\":[{\"@type\":\"WebPage\",\"@id\":\"https:\\\/\\\/webknjizara.hr\\\/proizvod\\\/kadena-uspomena-josip-bauk\\\/\",\"url\":\"https:\\\/\\\/webknjizara.hr\\\/proizvod\\\/kadena-uspomena-josip-bauk\\\/\",\"name\":\"KADENA USPOMENA, Josip Bauk - Web-knji\u017eara\",\"isPartOf\":{\"@id\":\"https:\\\/\\\/webknjizara.hr\\\/#website\"},\"primaryImageOfPage\":{\"@id\":\"https:\\\/\\\/webknjizara.hr\\\/proizvod\\\/kadena-uspomena-josip-bauk\\\/#primaryimage\"},\"image\":{\"@id\":\"https:\\\/\\\/webknjizara.hr\\\/proizvod\\\/kadena-uspomena-josip-bauk\\\/#primaryimage\"},\"thumbnailUrl\":\"https:\\\/\\\/webknjizara.hr\\\/wp-content\\\/uploads\\\/nc\\\/images\\\/virtuemart\\\/product\\\/kadena-uspomena-55f024b26bd04.jpg\",\"datePublished\":\"2015-07-21T15:10:05+00:00\",\"dateModified\":\"2023-02-26T23:16:27+00:00\",\"breadcrumb\":{\"@id\":\"https:\\\/\\\/webknjizara.hr\\\/proizvod\\\/kadena-uspomena-josip-bauk\\\/#breadcrumb\"},\"inLanguage\":\"en-US\",\"potentialAction\":[{\"@type\":\"ReadAction\",\"target\":[\"https:\\\/\\\/webknjizara.hr\\\/proizvod\\\/kadena-uspomena-josip-bauk\\\/\"]}]},{\"@type\":\"ImageObject\",\"inLanguage\":\"en-US\",\"@id\":\"https:\\\/\\\/webknjizara.hr\\\/proizvod\\\/kadena-uspomena-josip-bauk\\\/#primaryimage\",\"url\":\"https:\\\/\\\/webknjizara.hr\\\/wp-content\\\/uploads\\\/nc\\\/images\\\/virtuemart\\\/product\\\/kadena-uspomena-55f024b26bd04.jpg\",\"contentUrl\":\"https:\\\/\\\/webknjizara.hr\\\/wp-content\\\/uploads\\\/nc\\\/images\\\/virtuemart\\\/product\\\/kadena-uspomena-55f024b26bd04.jpg\",\"width\":319,\"height\":500,\"caption\":\"KADENA USPOMENA, Josip Bauk\"},{\"@type\":\"BreadcrumbList\",\"@id\":\"https:\\\/\\\/webknjizara.hr\\\/proizvod\\\/kadena-uspomena-josip-bauk\\\/#breadcrumb\",\"itemListElement\":[{\"@type\":\"ListItem\",\"position\":1,\"name\":\"Po\u010detna stranica\",\"item\":\"https:\\\/\\\/webknjizara.hr\\\/en\\\/\"},{\"@type\":\"ListItem\",\"position\":2,\"name\":\"Shop\",\"item\":\"https:\\\/\\\/webknjizara.hr\\\/shop\\\/\"},{\"@type\":\"ListItem\",\"position\":3,\"name\":\"KADENA USPOMENA, Josip Bauk\"}]},{\"@type\":\"WebSite\",\"@id\":\"https:\\\/\\\/webknjizara.hr\\\/#website\",\"url\":\"https:\\\/\\\/webknjizara.hr\\\/\",\"name\":\"Web Knji\u017eara\",\"description\":\"\",\"publisher\":{\"@id\":\"https:\\\/\\\/webknjizara.hr\\\/#organization\"},\"potentialAction\":[{\"@type\":\"SearchAction\",\"target\":{\"@type\":\"EntryPoint\",\"urlTemplate\":\"https:\\\/\\\/webknjizara.hr\\\/?s={search_term_string}\"},\"query-input\":{\"@type\":\"PropertyValueSpecification\",\"valueRequired\":true,\"valueName\":\"search_term_string\"}}],\"inLanguage\":\"en-US\"},{\"@type\":\"Organization\",\"@id\":\"https:\\\/\\\/webknjizara.hr\\\/#organization\",\"name\":\"REDAK D.O.O.\",\"url\":\"https:\\\/\\\/webknjizara.hr\\\/\",\"logo\":{\"@type\":\"ImageObject\",\"inLanguage\":\"en-US\",\"@id\":\"https:\\\/\\\/webknjizara.hr\\\/#\\\/schema\\\/logo\\\/image\\\/\",\"url\":\"https:\\\/\\\/webknjizara.hr\\\/wp-content\\\/uploads\\\/2023\\\/01\\\/web-knjizara-logo.webp\",\"contentUrl\":\"https:\\\/\\\/webknjizara.hr\\\/wp-content\\\/uploads\\\/2023\\\/01\\\/web-knjizara-logo.webp\",\"width\":324,\"height\":79,\"caption\":\"REDAK D.O.O.\"},\"image\":{\"@id\":\"https:\\\/\\\/webknjizara.hr\\\/#\\\/schema\\\/logo\\\/image\\\/\"}}]}<\/script>\n<!-- \/ Yoast SEO plugin. -->","yoast_head_json":{"title":"KADENA USPOMENA, Josip Bauk - Web-knji\u017eara","robots":{"index":"index","follow":"follow","max-snippet":"max-snippet:-1","max-image-preview":"max-image-preview:large","max-video-preview":"max-video-preview:-1"},"canonical":"https:\/\/webknjizara.hr\/proizvod\/kadena-uspomena-josip-bauk\/","og_locale":"en_US","og_type":"article","og_title":"KADENA USPOMENA, Josip Bauk - Web-knji\u017eara","og_description":"Sa\u017eetak: Nakon objave prve zbirke pjesama \u00abGropi\u00bb 2013. godine ponukan reakcijom rodbine i prijatelja odlu\u010dio sam i\u0107i dalje. I eto uspio sam sakupljenim emocijama napisati nove pjesme iz \u017eivotnih uspomena i svakodnevnice. Otuda i naziv novoj zbirci \u00abKadena uspomena\u00bb pa bila vam ugodna za \u010ditanje. Bilje\u0161ka o autoru: Josip Bauk ro\u0111en je u Splitu 31. [&hellip;]","og_url":"https:\/\/webknjizara.hr\/proizvod\/kadena-uspomena-josip-bauk\/","og_site_name":"Web-knji\u017eara","article_modified_time":"2023-02-26T23:16:27+00:00","og_image":[{"width":319,"height":500,"url":"https:\/\/webknjizara.hr\/wp-content\/uploads\/nc\/images\/virtuemart\/product\/kadena-uspomena-55f024b26bd04.jpg","type":"image\/jpeg"}],"twitter_card":"summary_large_image","twitter_misc":{"Est. reading time":"1 minute"},"schema":{"@context":"https:\/\/schema.org","@graph":[{"@type":"WebPage","@id":"https:\/\/webknjizara.hr\/proizvod\/kadena-uspomena-josip-bauk\/","url":"https:\/\/webknjizara.hr\/proizvod\/kadena-uspomena-josip-bauk\/","name":"KADENA USPOMENA, Josip Bauk - Web-knji\u017eara","isPartOf":{"@id":"https:\/\/webknjizara.hr\/#website"},"primaryImageOfPage":{"@id":"https:\/\/webknjizara.hr\/proizvod\/kadena-uspomena-josip-bauk\/#primaryimage"},"image":{"@id":"https:\/\/webknjizara.hr\/proizvod\/kadena-uspomena-josip-bauk\/#primaryimage"},"thumbnailUrl":"https:\/\/webknjizara.hr\/wp-content\/uploads\/nc\/images\/virtuemart\/product\/kadena-uspomena-55f024b26bd04.jpg","datePublished":"2015-07-21T15:10:05+00:00","dateModified":"2023-02-26T23:16:27+00:00","breadcrumb":{"@id":"https:\/\/webknjizara.hr\/proizvod\/kadena-uspomena-josip-bauk\/#breadcrumb"},"inLanguage":"en-US","potentialAction":[{"@type":"ReadAction","target":["https:\/\/webknjizara.hr\/proizvod\/kadena-uspomena-josip-bauk\/"]}]},{"@type":"ImageObject","inLanguage":"en-US","@id":"https:\/\/webknjizara.hr\/proizvod\/kadena-uspomena-josip-bauk\/#primaryimage","url":"https:\/\/webknjizara.hr\/wp-content\/uploads\/nc\/images\/virtuemart\/product\/kadena-uspomena-55f024b26bd04.jpg","contentUrl":"https:\/\/webknjizara.hr\/wp-content\/uploads\/nc\/images\/virtuemart\/product\/kadena-uspomena-55f024b26bd04.jpg","width":319,"height":500,"caption":"KADENA USPOMENA, Josip Bauk"},{"@type":"BreadcrumbList","@id":"https:\/\/webknjizara.hr\/proizvod\/kadena-uspomena-josip-bauk\/#breadcrumb","itemListElement":[{"@type":"ListItem","position":1,"name":"Po\u010detna stranica","item":"https:\/\/webknjizara.hr\/en\/"},{"@type":"ListItem","position":2,"name":"Shop","item":"https:\/\/webknjizara.hr\/shop\/"},{"@type":"ListItem","position":3,"name":"KADENA USPOMENA, Josip Bauk"}]},{"@type":"WebSite","@id":"https:\/\/webknjizara.hr\/#website","url":"https:\/\/webknjizara.hr\/","name":"Web Knji\u017eara","description":"","publisher":{"@id":"https:\/\/webknjizara.hr\/#organization"},"potentialAction":[{"@type":"SearchAction","target":{"@type":"EntryPoint","urlTemplate":"https:\/\/webknjizara.hr\/?s={search_term_string}"},"query-input":{"@type":"PropertyValueSpecification","valueRequired":true,"valueName":"search_term_string"}}],"inLanguage":"en-US"},{"@type":"Organization","@id":"https:\/\/webknjizara.hr\/#organization","name":"REDAK D.O.O.","url":"https:\/\/webknjizara.hr\/","logo":{"@type":"ImageObject","inLanguage":"en-US","@id":"https:\/\/webknjizara.hr\/#\/schema\/logo\/image\/","url":"https:\/\/webknjizara.hr\/wp-content\/uploads\/2023\/01\/web-knjizara-logo.webp","contentUrl":"https:\/\/webknjizara.hr\/wp-content\/uploads\/2023\/01\/web-knjizara-logo.webp","width":324,"height":79,"caption":"REDAK D.O.O."},"image":{"@id":"https:\/\/webknjizara.hr\/#\/schema\/logo\/image\/"}}]}},"_links":{"self":[{"href":"https:\/\/webknjizara.hr\/en\/wp-json\/wp\/v2\/product\/8021","targetHints":{"allow":["GET"]}}],"collection":[{"href":"https:\/\/webknjizara.hr\/en\/wp-json\/wp\/v2\/product"}],"about":[{"href":"https:\/\/webknjizara.hr\/en\/wp-json\/wp\/v2\/types\/product"}],"replies":[{"embeddable":true,"href":"https:\/\/webknjizara.hr\/en\/wp-json\/wp\/v2\/comments?post=8021"}],"wp:featuredmedia":[{"embeddable":true,"href":"https:\/\/webknjizara.hr\/en\/wp-json\/wp\/v2\/media\/8022"}],"wp:attachment":[{"href":"https:\/\/webknjizara.hr\/en\/wp-json\/wp\/v2\/media?parent=8021"}],"wp:term":[{"taxonomy":"product_brand","embeddable":true,"href":"https:\/\/webknjizara.hr\/en\/wp-json\/wp\/v2\/product_brand?post=8021"},{"taxonomy":"product_cat","embeddable":true,"href":"https:\/\/webknjizara.hr\/en\/wp-json\/wp\/v2\/product_cat?post=8021"},{"taxonomy":"product_tag","embeddable":true,"href":"https:\/\/webknjizara.hr\/en\/wp-json\/wp\/v2\/product_tag?post=8021"}],"curies":[{"name":"wp","href":"https:\/\/api.w.org\/{rel}","templated":true}]}}