{"id":8011,"date":"2015-06-23T17:06:54","date_gmt":"2015-06-23T17:06:54","guid":{"rendered":"https:\/\/webknjizara.hr\/?product=bibliobus-goran-zloic"},"modified":"2023-02-27T00:16:26","modified_gmt":"2023-02-26T23:16:26","slug":"bibliobus-goran-zloic","status":"publish","type":"product","link":"https:\/\/webknjizara.hr\/en\/proizvod\/bibliobus-goran-zloic\/","title":{"rendered":"BIBLIOBUS, Goran Zloi\u0107"},"content":{"rendered":"<p style=\"text-align: justify;\"><strong>Bilje\u0161ka o autoru:<\/strong> <\/p>\n<p><strong>GORAN ZLOI\u0106 &#8211; ZLOJA<\/strong> (1959.-2013.) \u2013 kamionski prijevoznik, valjda jedini u svijetu koji je preko dana liferovao gra\u0111evinski materijal, a ve\u010deri provodio na opernim i baletnim predstavama na koje je dolazio kamionom, parkiraju\u0107i ga u neposrednoj blizini zgrade Hrvatskog narodnog kazali\u0161ta. Strastveni kolekcionar starih specijalnih vozila te utemeljitelj knji\u017eevnog \u017eanra truck-lita, u kojemu se emocije mjere u tonama. Autor kultne knjige znakovita naslova Tami\u0107 duple kabine, zbirke prozno-poetskih zapisa romanti\u010dnoga \u0161tiha, oka\u0111enih mirisima pe\u010dene janjetine i dizelskoga goriva. Zapam\u0107en u legendi i po tome \u0161to je pod okriljem no\u0107i prometni znak s natpisom Split premjestio nekoliko desetaka metara isto\u010dnije, tako da i njegova ku\u0107a bude u okvirima grada.<br \/>(natuknica iz knjige Split za po\u010detnike: abeceda grada)<\/p>\n<p style=\"text-align: justify;\"><strong>Naslov:<\/strong> Bibliobus<br \/><strong>Autor:<\/strong> Goran Zloi\u0107<br \/><strong>Broj stranica:<\/strong> 158<br \/><strong>Nakladnik:<\/strong> REDAK<br \/><strong>Godina izdanja:<\/strong> 2015.<br \/><strong>ISBN:<\/strong> 978-953-336-214-4<br \/><strong>Tisak:<\/strong> digitalni tisak knjiga &#8211; print na zahtjev<\/p>\n","protected":false},"excerpt":{"rendered":"<p>Bilje\u0161ka o autoru: GORAN ZLOI\u0106 &#8211; ZLOJA (1959.-2013.) \u2013 kamionski prijevoznik, valjda jedini u svijetu koji je preko dana liferovao gra\u0111evinski materijal, a ve\u010deri provodio na opernim i baletnim predstavama na koje je dolazio kamionom, parkiraju\u0107i ga u neposrednoj blizini zgrade Hrvatskog narodnog kazali\u0161ta. Strastveni kolekcionar starih specijalnih vozila te utemeljitelj knji\u017eevnog \u017eanra truck-lita, u [&hellip;]<\/p>\n","protected":false},"featured_media":8012,"comment_status":"open","ping_status":"closed","template":"","meta":{"_acf_changed":false},"product_brand":[],"product_cat":[1383,1385],"product_tag":[],"class_list":{"0":"post-8011","1":"product","2":"type-product","3":"status-publish","4":"has-post-thumbnail","6":"product_cat-knjige","7":"product_cat-knjizevnost","8":"pa_autor-goran-zloic","9":"pa_nakladnik-redak","11":"first","12":"instock","13":"shipping-taxable","14":"purchasable","15":"product-type-simple"},"acf":[],"yoast_head":"<!-- This site is optimized with the Yoast SEO plugin v27.3 - https:\/\/yoast.com\/product\/yoast-seo-wordpress\/ -->\n<title>BIBLIOBUS, Goran Zloi\u0107 - Web-knji\u017eara<\/title>\n<meta name=\"robots\" content=\"index, follow, max-snippet:-1, max-image-preview:large, max-video-preview:-1\" \/>\n<link rel=\"canonical\" href=\"https:\/\/webknjizara.hr\/proizvod\/bibliobus-goran-zloic\/\" \/>\n<meta property=\"og:locale\" content=\"en_US\" \/>\n<meta property=\"og:type\" content=\"article\" \/>\n<meta property=\"og:title\" content=\"BIBLIOBUS, Goran Zloi\u0107 - Web-knji\u017eara\" \/>\n<meta property=\"og:description\" content=\"Bilje\u0161ka o autoru: GORAN ZLOI\u0106 &#8211; ZLOJA (1959.-2013.) \u2013 kamionski prijevoznik, valjda jedini u svijetu koji je preko dana liferovao gra\u0111evinski materijal, a ve\u010deri provodio na opernim i baletnim predstavama na koje je dolazio kamionom, parkiraju\u0107i ga u neposrednoj blizini zgrade Hrvatskog narodnog kazali\u0161ta. Strastveni kolekcionar starih specijalnih vozila te utemeljitelj knji\u017eevnog \u017eanra truck-lita, u [&hellip;]\" \/>\n<meta property=\"og:url\" content=\"https:\/\/webknjizara.hr\/proizvod\/bibliobus-goran-zloic\/\" \/>\n<meta property=\"og:site_name\" content=\"Web-knji\u017eara\" \/>\n<meta property=\"article:modified_time\" content=\"2023-02-26T23:16:26+00:00\" \/>\n<meta property=\"og:image\" content=\"https:\/\/webknjizara.hr\/wp-content\/uploads\/nc\/images\/virtuemart\/product\/bibliobus-goran-5589922e6187a.jpg\" \/>\n\t<meta property=\"og:image:width\" content=\"358\" \/>\n\t<meta property=\"og:image:height\" content=\"500\" \/>\n\t<meta property=\"og:image:type\" content=\"image\/jpeg\" \/>\n<meta name=\"twitter:card\" content=\"summary_large_image\" \/>\n<meta name=\"twitter:label1\" content=\"Est. reading time\" \/>\n\t<meta name=\"twitter:data1\" content=\"1 minute\" \/>\n<script type=\"application\/ld+json\" class=\"yoast-schema-graph\">{\"@context\":\"https:\\\/\\\/schema.org\",\"@graph\":[{\"@type\":\"WebPage\",\"@id\":\"https:\\\/\\\/webknjizara.hr\\\/proizvod\\\/bibliobus-goran-zloic\\\/\",\"url\":\"https:\\\/\\\/webknjizara.hr\\\/proizvod\\\/bibliobus-goran-zloic\\\/\",\"name\":\"BIBLIOBUS, Goran Zloi\u0107 - Web-knji\u017eara\",\"isPartOf\":{\"@id\":\"https:\\\/\\\/webknjizara.hr\\\/#website\"},\"primaryImageOfPage\":{\"@id\":\"https:\\\/\\\/webknjizara.hr\\\/proizvod\\\/bibliobus-goran-zloic\\\/#primaryimage\"},\"image\":{\"@id\":\"https:\\\/\\\/webknjizara.hr\\\/proizvod\\\/bibliobus-goran-zloic\\\/#primaryimage\"},\"thumbnailUrl\":\"https:\\\/\\\/webknjizara.hr\\\/wp-content\\\/uploads\\\/nc\\\/images\\\/virtuemart\\\/product\\\/bibliobus-goran-5589922e6187a.jpg\",\"datePublished\":\"2015-06-23T17:06:54+00:00\",\"dateModified\":\"2023-02-26T23:16:26+00:00\",\"breadcrumb\":{\"@id\":\"https:\\\/\\\/webknjizara.hr\\\/proizvod\\\/bibliobus-goran-zloic\\\/#breadcrumb\"},\"inLanguage\":\"en-US\",\"potentialAction\":[{\"@type\":\"ReadAction\",\"target\":[\"https:\\\/\\\/webknjizara.hr\\\/proizvod\\\/bibliobus-goran-zloic\\\/\"]}]},{\"@type\":\"ImageObject\",\"inLanguage\":\"en-US\",\"@id\":\"https:\\\/\\\/webknjizara.hr\\\/proizvod\\\/bibliobus-goran-zloic\\\/#primaryimage\",\"url\":\"https:\\\/\\\/webknjizara.hr\\\/wp-content\\\/uploads\\\/nc\\\/images\\\/virtuemart\\\/product\\\/bibliobus-goran-5589922e6187a.jpg\",\"contentUrl\":\"https:\\\/\\\/webknjizara.hr\\\/wp-content\\\/uploads\\\/nc\\\/images\\\/virtuemart\\\/product\\\/bibliobus-goran-5589922e6187a.jpg\",\"width\":358,\"height\":500,\"caption\":\"BIBLIOBUS, Goran Zloi\u0107\"},{\"@type\":\"BreadcrumbList\",\"@id\":\"https:\\\/\\\/webknjizara.hr\\\/proizvod\\\/bibliobus-goran-zloic\\\/#breadcrumb\",\"itemListElement\":[{\"@type\":\"ListItem\",\"position\":1,\"name\":\"Po\u010detna stranica\",\"item\":\"https:\\\/\\\/webknjizara.hr\\\/en\\\/\"},{\"@type\":\"ListItem\",\"position\":2,\"name\":\"Shop\",\"item\":\"https:\\\/\\\/webknjizara.hr\\\/shop\\\/\"},{\"@type\":\"ListItem\",\"position\":3,\"name\":\"BIBLIOBUS, Goran Zloi\u0107\"}]},{\"@type\":\"WebSite\",\"@id\":\"https:\\\/\\\/webknjizara.hr\\\/#website\",\"url\":\"https:\\\/\\\/webknjizara.hr\\\/\",\"name\":\"Web Knji\u017eara\",\"description\":\"\",\"publisher\":{\"@id\":\"https:\\\/\\\/webknjizara.hr\\\/#organization\"},\"potentialAction\":[{\"@type\":\"SearchAction\",\"target\":{\"@type\":\"EntryPoint\",\"urlTemplate\":\"https:\\\/\\\/webknjizara.hr\\\/?s={search_term_string}\"},\"query-input\":{\"@type\":\"PropertyValueSpecification\",\"valueRequired\":true,\"valueName\":\"search_term_string\"}}],\"inLanguage\":\"en-US\"},{\"@type\":\"Organization\",\"@id\":\"https:\\\/\\\/webknjizara.hr\\\/#organization\",\"name\":\"REDAK D.O.O.\",\"url\":\"https:\\\/\\\/webknjizara.hr\\\/\",\"logo\":{\"@type\":\"ImageObject\",\"inLanguage\":\"en-US\",\"@id\":\"https:\\\/\\\/webknjizara.hr\\\/#\\\/schema\\\/logo\\\/image\\\/\",\"url\":\"https:\\\/\\\/webknjizara.hr\\\/wp-content\\\/uploads\\\/2023\\\/01\\\/web-knjizara-logo.webp\",\"contentUrl\":\"https:\\\/\\\/webknjizara.hr\\\/wp-content\\\/uploads\\\/2023\\\/01\\\/web-knjizara-logo.webp\",\"width\":324,\"height\":79,\"caption\":\"REDAK D.O.O.\"},\"image\":{\"@id\":\"https:\\\/\\\/webknjizara.hr\\\/#\\\/schema\\\/logo\\\/image\\\/\"}}]}<\/script>\n<!-- \/ Yoast SEO plugin. -->","yoast_head_json":{"title":"BIBLIOBUS, Goran Zloi\u0107 - Web-knji\u017eara","robots":{"index":"index","follow":"follow","max-snippet":"max-snippet:-1","max-image-preview":"max-image-preview:large","max-video-preview":"max-video-preview:-1"},"canonical":"https:\/\/webknjizara.hr\/proizvod\/bibliobus-goran-zloic\/","og_locale":"en_US","og_type":"article","og_title":"BIBLIOBUS, Goran Zloi\u0107 - Web-knji\u017eara","og_description":"Bilje\u0161ka o autoru: GORAN ZLOI\u0106 &#8211; ZLOJA (1959.-2013.) \u2013 kamionski prijevoznik, valjda jedini u svijetu koji je preko dana liferovao gra\u0111evinski materijal, a ve\u010deri provodio na opernim i baletnim predstavama na koje je dolazio kamionom, parkiraju\u0107i ga u neposrednoj blizini zgrade Hrvatskog narodnog kazali\u0161ta. Strastveni kolekcionar starih specijalnih vozila te utemeljitelj knji\u017eevnog \u017eanra truck-lita, u [&hellip;]","og_url":"https:\/\/webknjizara.hr\/proizvod\/bibliobus-goran-zloic\/","og_site_name":"Web-knji\u017eara","article_modified_time":"2023-02-26T23:16:26+00:00","og_image":[{"width":358,"height":500,"url":"https:\/\/webknjizara.hr\/wp-content\/uploads\/nc\/images\/virtuemart\/product\/bibliobus-goran-5589922e6187a.jpg","type":"image\/jpeg"}],"twitter_card":"summary_large_image","twitter_misc":{"Est. reading time":"1 minute"},"schema":{"@context":"https:\/\/schema.org","@graph":[{"@type":"WebPage","@id":"https:\/\/webknjizara.hr\/proizvod\/bibliobus-goran-zloic\/","url":"https:\/\/webknjizara.hr\/proizvod\/bibliobus-goran-zloic\/","name":"BIBLIOBUS, Goran Zloi\u0107 - Web-knji\u017eara","isPartOf":{"@id":"https:\/\/webknjizara.hr\/#website"},"primaryImageOfPage":{"@id":"https:\/\/webknjizara.hr\/proizvod\/bibliobus-goran-zloic\/#primaryimage"},"image":{"@id":"https:\/\/webknjizara.hr\/proizvod\/bibliobus-goran-zloic\/#primaryimage"},"thumbnailUrl":"https:\/\/webknjizara.hr\/wp-content\/uploads\/nc\/images\/virtuemart\/product\/bibliobus-goran-5589922e6187a.jpg","datePublished":"2015-06-23T17:06:54+00:00","dateModified":"2023-02-26T23:16:26+00:00","breadcrumb":{"@id":"https:\/\/webknjizara.hr\/proizvod\/bibliobus-goran-zloic\/#breadcrumb"},"inLanguage":"en-US","potentialAction":[{"@type":"ReadAction","target":["https:\/\/webknjizara.hr\/proizvod\/bibliobus-goran-zloic\/"]}]},{"@type":"ImageObject","inLanguage":"en-US","@id":"https:\/\/webknjizara.hr\/proizvod\/bibliobus-goran-zloic\/#primaryimage","url":"https:\/\/webknjizara.hr\/wp-content\/uploads\/nc\/images\/virtuemart\/product\/bibliobus-goran-5589922e6187a.jpg","contentUrl":"https:\/\/webknjizara.hr\/wp-content\/uploads\/nc\/images\/virtuemart\/product\/bibliobus-goran-5589922e6187a.jpg","width":358,"height":500,"caption":"BIBLIOBUS, Goran Zloi\u0107"},{"@type":"BreadcrumbList","@id":"https:\/\/webknjizara.hr\/proizvod\/bibliobus-goran-zloic\/#breadcrumb","itemListElement":[{"@type":"ListItem","position":1,"name":"Po\u010detna stranica","item":"https:\/\/webknjizara.hr\/en\/"},{"@type":"ListItem","position":2,"name":"Shop","item":"https:\/\/webknjizara.hr\/shop\/"},{"@type":"ListItem","position":3,"name":"BIBLIOBUS, Goran Zloi\u0107"}]},{"@type":"WebSite","@id":"https:\/\/webknjizara.hr\/#website","url":"https:\/\/webknjizara.hr\/","name":"Web Knji\u017eara","description":"","publisher":{"@id":"https:\/\/webknjizara.hr\/#organization"},"potentialAction":[{"@type":"SearchAction","target":{"@type":"EntryPoint","urlTemplate":"https:\/\/webknjizara.hr\/?s={search_term_string}"},"query-input":{"@type":"PropertyValueSpecification","valueRequired":true,"valueName":"search_term_string"}}],"inLanguage":"en-US"},{"@type":"Organization","@id":"https:\/\/webknjizara.hr\/#organization","name":"REDAK D.O.O.","url":"https:\/\/webknjizara.hr\/","logo":{"@type":"ImageObject","inLanguage":"en-US","@id":"https:\/\/webknjizara.hr\/#\/schema\/logo\/image\/","url":"https:\/\/webknjizara.hr\/wp-content\/uploads\/2023\/01\/web-knjizara-logo.webp","contentUrl":"https:\/\/webknjizara.hr\/wp-content\/uploads\/2023\/01\/web-knjizara-logo.webp","width":324,"height":79,"caption":"REDAK D.O.O."},"image":{"@id":"https:\/\/webknjizara.hr\/#\/schema\/logo\/image\/"}}]}},"_links":{"self":[{"href":"https:\/\/webknjizara.hr\/en\/wp-json\/wp\/v2\/product\/8011","targetHints":{"allow":["GET"]}}],"collection":[{"href":"https:\/\/webknjizara.hr\/en\/wp-json\/wp\/v2\/product"}],"about":[{"href":"https:\/\/webknjizara.hr\/en\/wp-json\/wp\/v2\/types\/product"}],"replies":[{"embeddable":true,"href":"https:\/\/webknjizara.hr\/en\/wp-json\/wp\/v2\/comments?post=8011"}],"wp:featuredmedia":[{"embeddable":true,"href":"https:\/\/webknjizara.hr\/en\/wp-json\/wp\/v2\/media\/8012"}],"wp:attachment":[{"href":"https:\/\/webknjizara.hr\/en\/wp-json\/wp\/v2\/media?parent=8011"}],"wp:term":[{"taxonomy":"product_brand","embeddable":true,"href":"https:\/\/webknjizara.hr\/en\/wp-json\/wp\/v2\/product_brand?post=8011"},{"taxonomy":"product_cat","embeddable":true,"href":"https:\/\/webknjizara.hr\/en\/wp-json\/wp\/v2\/product_cat?post=8011"},{"taxonomy":"product_tag","embeddable":true,"href":"https:\/\/webknjizara.hr\/en\/wp-json\/wp\/v2\/product_tag?post=8011"}],"curies":[{"name":"wp","href":"https:\/\/api.w.org\/{rel}","templated":true}]}}