{"id":8009,"date":"2015-06-18T14:28:25","date_gmt":"2015-06-18T14:28:25","guid":{"rendered":"https:\/\/webknjizara.hr\/?product=latice-josip-matijevic"},"modified":"2023-02-27T00:16:26","modified_gmt":"2023-02-26T23:16:26","slug":"latice-josip-matijevic","status":"publish","type":"product","link":"https:\/\/webknjizara.hr\/en\/proizvod\/latice-josip-matijevic\/","title":{"rendered":"LATICE, Josip Matijevi\u0107"},"content":{"rendered":"<p style=\"text-align: justify;\"><strong><br \/>Bilje\u0161ka o autoru:<\/strong> <\/p>\n<p>JOSIP MATIJEVI\u0106, ro\u0111en je u Slavoniji, u\u00a0selu Sv. \u0110ura\u0111, 1949. godine. Diplomirao je na\u00a0Pedago\u0161koj akademiji u Osijeku te na Filozofskome fakultetu u Novom Sadu.\u00a0Ponikao je u Slavoniji i kroz njegovu poeziju i prozu provla\u010di se nit o\u010duvanja kulturne ba\u0161tine Slavonije.<\/p>\n<p>Pri tom je pun neke posebne zavi\u010dajne emocije \u2013 ljubavi spram obi\u010dnog slavonskog \u010dovjeka. Radovi mu odi\u0161u jednostavno\u0161\u0107u, impresivno\u0161\u0107u okru\u017eja i lirskom formom svojstvenom ljudima tog kraja.\u00a0<\/p>\n<p>\u017divi i radi u Valpovu.<\/p>\n<p><strong>Klju\u010dne rije\u010di:<\/strong> Josip, josip, Matijevi\u0107, matijevi\u0107, zbirka, pjesme, poezija, latice, slavonija, Slavonija, selo, pjesnik, ljubav, djetinjstvo, obitelj, baka, unuk, vjetri\u0107, ljeto, rakija, miris, kava, djevoj\u010dica, jutro, san, put, smrt, va\u0161ar, rode, sin, majka, pas, ljubimac, susjed, mangupi, u\u010diteljica, dom, jablan, obi\u010daj, srce, djed<\/p>\n<p style=\"text-align: justify;\"><strong>Naslov:<\/strong> Latice<br \/><strong>Autor:<\/strong> Josip Matijevi\u0107<br \/><strong>Broj stranica:<\/strong> 100<br \/><strong>Nakladnik:<\/strong> REDAK<br \/><strong>Godina izdanja:<\/strong> 2015.<br \/><strong>ISBN:<\/strong> 978-953-336-213-7<br \/><strong>Tisak:<\/strong> digitalni tisak knjiga &#8211; print na zahtjev<\/p>\n","protected":false},"excerpt":{"rendered":"<p>Bilje\u0161ka o autoru: JOSIP MATIJEVI\u0106, ro\u0111en je u Slavoniji, u\u00a0selu Sv. \u0110ura\u0111, 1949. godine. Diplomirao je na\u00a0Pedago\u0161koj akademiji u Osijeku te na Filozofskome fakultetu u Novom Sadu.\u00a0Ponikao je u Slavoniji i kroz njegovu poeziju i prozu provla\u010di se nit o\u010duvanja kulturne ba\u0161tine Slavonije. Pri tom je pun neke posebne zavi\u010dajne emocije \u2013 ljubavi spram obi\u010dnog [&hellip;]<\/p>\n","protected":false},"featured_media":8010,"comment_status":"open","ping_status":"closed","template":"","meta":{"_acf_changed":false},"product_brand":[],"product_cat":[1383,1385,1388],"product_tag":[],"class_list":{"0":"post-8009","1":"product","2":"type-product","3":"status-publish","4":"has-post-thumbnail","6":"product_cat-knjige","7":"product_cat-knjizevnost","8":"product_cat-poezija","9":"pa_autor-josip-matijevic","10":"pa_nakladnik-redak","12":"first","13":"instock","14":"shipping-taxable","15":"purchasable","16":"product-type-simple"},"acf":[],"yoast_head":"<!-- This site is optimized with the Yoast SEO plugin v27.3 - https:\/\/yoast.com\/product\/yoast-seo-wordpress\/ -->\n<title>LATICE, Josip Matijevi\u0107 - Web-knji\u017eara<\/title>\n<meta name=\"robots\" content=\"index, follow, max-snippet:-1, max-image-preview:large, max-video-preview:-1\" \/>\n<link rel=\"canonical\" href=\"https:\/\/webknjizara.hr\/proizvod\/latice-josip-matijevic\/\" \/>\n<meta property=\"og:locale\" content=\"en_US\" \/>\n<meta property=\"og:type\" content=\"article\" \/>\n<meta property=\"og:title\" content=\"LATICE, Josip Matijevi\u0107 - Web-knji\u017eara\" \/>\n<meta property=\"og:description\" content=\"Bilje\u0161ka o autoru: JOSIP MATIJEVI\u0106, ro\u0111en je u Slavoniji, u\u00a0selu Sv. \u0110ura\u0111, 1949. godine. Diplomirao je na\u00a0Pedago\u0161koj akademiji u Osijeku te na Filozofskome fakultetu u Novom Sadu.\u00a0Ponikao je u Slavoniji i kroz njegovu poeziju i prozu provla\u010di se nit o\u010duvanja kulturne ba\u0161tine Slavonije. Pri tom je pun neke posebne zavi\u010dajne emocije \u2013 ljubavi spram obi\u010dnog [&hellip;]\" \/>\n<meta property=\"og:url\" content=\"https:\/\/webknjizara.hr\/proizvod\/latice-josip-matijevic\/\" \/>\n<meta property=\"og:site_name\" content=\"Web-knji\u017eara\" \/>\n<meta property=\"article:modified_time\" content=\"2023-02-26T23:16:26+00:00\" \/>\n<meta property=\"og:image\" content=\"https:\/\/webknjizara.hr\/wp-content\/uploads\/nc\/images\/virtuemart\/product\/latice-josip-ma-560d484b65ab5.jpg\" \/>\n\t<meta property=\"og:image:width\" content=\"358\" \/>\n\t<meta property=\"og:image:height\" content=\"500\" \/>\n\t<meta property=\"og:image:type\" content=\"image\/jpeg\" \/>\n<meta name=\"twitter:card\" content=\"summary_large_image\" \/>\n<meta name=\"twitter:label1\" content=\"Est. reading time\" \/>\n\t<meta name=\"twitter:data1\" content=\"1 minute\" \/>\n<script type=\"application\/ld+json\" class=\"yoast-schema-graph\">{\"@context\":\"https:\\\/\\\/schema.org\",\"@graph\":[{\"@type\":\"WebPage\",\"@id\":\"https:\\\/\\\/webknjizara.hr\\\/proizvod\\\/latice-josip-matijevic\\\/\",\"url\":\"https:\\\/\\\/webknjizara.hr\\\/proizvod\\\/latice-josip-matijevic\\\/\",\"name\":\"LATICE, Josip Matijevi\u0107 - Web-knji\u017eara\",\"isPartOf\":{\"@id\":\"https:\\\/\\\/webknjizara.hr\\\/#website\"},\"primaryImageOfPage\":{\"@id\":\"https:\\\/\\\/webknjizara.hr\\\/proizvod\\\/latice-josip-matijevic\\\/#primaryimage\"},\"image\":{\"@id\":\"https:\\\/\\\/webknjizara.hr\\\/proizvod\\\/latice-josip-matijevic\\\/#primaryimage\"},\"thumbnailUrl\":\"https:\\\/\\\/webknjizara.hr\\\/wp-content\\\/uploads\\\/nc\\\/images\\\/virtuemart\\\/product\\\/latice-josip-ma-560d484b65ab5.jpg\",\"datePublished\":\"2015-06-18T14:28:25+00:00\",\"dateModified\":\"2023-02-26T23:16:26+00:00\",\"breadcrumb\":{\"@id\":\"https:\\\/\\\/webknjizara.hr\\\/proizvod\\\/latice-josip-matijevic\\\/#breadcrumb\"},\"inLanguage\":\"en-US\",\"potentialAction\":[{\"@type\":\"ReadAction\",\"target\":[\"https:\\\/\\\/webknjizara.hr\\\/proizvod\\\/latice-josip-matijevic\\\/\"]}]},{\"@type\":\"ImageObject\",\"inLanguage\":\"en-US\",\"@id\":\"https:\\\/\\\/webknjizara.hr\\\/proizvod\\\/latice-josip-matijevic\\\/#primaryimage\",\"url\":\"https:\\\/\\\/webknjizara.hr\\\/wp-content\\\/uploads\\\/nc\\\/images\\\/virtuemart\\\/product\\\/latice-josip-ma-560d484b65ab5.jpg\",\"contentUrl\":\"https:\\\/\\\/webknjizara.hr\\\/wp-content\\\/uploads\\\/nc\\\/images\\\/virtuemart\\\/product\\\/latice-josip-ma-560d484b65ab5.jpg\",\"width\":358,\"height\":500,\"caption\":\"LATICE, Josip Matijevi\u0107\"},{\"@type\":\"BreadcrumbList\",\"@id\":\"https:\\\/\\\/webknjizara.hr\\\/proizvod\\\/latice-josip-matijevic\\\/#breadcrumb\",\"itemListElement\":[{\"@type\":\"ListItem\",\"position\":1,\"name\":\"Po\u010detna stranica\",\"item\":\"https:\\\/\\\/webknjizara.hr\\\/en\\\/\"},{\"@type\":\"ListItem\",\"position\":2,\"name\":\"Shop\",\"item\":\"https:\\\/\\\/webknjizara.hr\\\/shop\\\/\"},{\"@type\":\"ListItem\",\"position\":3,\"name\":\"LATICE, Josip Matijevi\u0107\"}]},{\"@type\":\"WebSite\",\"@id\":\"https:\\\/\\\/webknjizara.hr\\\/#website\",\"url\":\"https:\\\/\\\/webknjizara.hr\\\/\",\"name\":\"Web Knji\u017eara\",\"description\":\"\",\"publisher\":{\"@id\":\"https:\\\/\\\/webknjizara.hr\\\/#organization\"},\"potentialAction\":[{\"@type\":\"SearchAction\",\"target\":{\"@type\":\"EntryPoint\",\"urlTemplate\":\"https:\\\/\\\/webknjizara.hr\\\/?s={search_term_string}\"},\"query-input\":{\"@type\":\"PropertyValueSpecification\",\"valueRequired\":true,\"valueName\":\"search_term_string\"}}],\"inLanguage\":\"en-US\"},{\"@type\":\"Organization\",\"@id\":\"https:\\\/\\\/webknjizara.hr\\\/#organization\",\"name\":\"REDAK D.O.O.\",\"url\":\"https:\\\/\\\/webknjizara.hr\\\/\",\"logo\":{\"@type\":\"ImageObject\",\"inLanguage\":\"en-US\",\"@id\":\"https:\\\/\\\/webknjizara.hr\\\/#\\\/schema\\\/logo\\\/image\\\/\",\"url\":\"https:\\\/\\\/webknjizara.hr\\\/wp-content\\\/uploads\\\/2023\\\/01\\\/web-knjizara-logo.webp\",\"contentUrl\":\"https:\\\/\\\/webknjizara.hr\\\/wp-content\\\/uploads\\\/2023\\\/01\\\/web-knjizara-logo.webp\",\"width\":324,\"height\":79,\"caption\":\"REDAK D.O.O.\"},\"image\":{\"@id\":\"https:\\\/\\\/webknjizara.hr\\\/#\\\/schema\\\/logo\\\/image\\\/\"}}]}<\/script>\n<!-- \/ Yoast SEO plugin. -->","yoast_head_json":{"title":"LATICE, Josip Matijevi\u0107 - Web-knji\u017eara","robots":{"index":"index","follow":"follow","max-snippet":"max-snippet:-1","max-image-preview":"max-image-preview:large","max-video-preview":"max-video-preview:-1"},"canonical":"https:\/\/webknjizara.hr\/proizvod\/latice-josip-matijevic\/","og_locale":"en_US","og_type":"article","og_title":"LATICE, Josip Matijevi\u0107 - Web-knji\u017eara","og_description":"Bilje\u0161ka o autoru: JOSIP MATIJEVI\u0106, ro\u0111en je u Slavoniji, u\u00a0selu Sv. \u0110ura\u0111, 1949. godine. Diplomirao je na\u00a0Pedago\u0161koj akademiji u Osijeku te na Filozofskome fakultetu u Novom Sadu.\u00a0Ponikao je u Slavoniji i kroz njegovu poeziju i prozu provla\u010di se nit o\u010duvanja kulturne ba\u0161tine Slavonije. Pri tom je pun neke posebne zavi\u010dajne emocije \u2013 ljubavi spram obi\u010dnog [&hellip;]","og_url":"https:\/\/webknjizara.hr\/proizvod\/latice-josip-matijevic\/","og_site_name":"Web-knji\u017eara","article_modified_time":"2023-02-26T23:16:26+00:00","og_image":[{"width":358,"height":500,"url":"https:\/\/webknjizara.hr\/wp-content\/uploads\/nc\/images\/virtuemart\/product\/latice-josip-ma-560d484b65ab5.jpg","type":"image\/jpeg"}],"twitter_card":"summary_large_image","twitter_misc":{"Est. reading time":"1 minute"},"schema":{"@context":"https:\/\/schema.org","@graph":[{"@type":"WebPage","@id":"https:\/\/webknjizara.hr\/proizvod\/latice-josip-matijevic\/","url":"https:\/\/webknjizara.hr\/proizvod\/latice-josip-matijevic\/","name":"LATICE, Josip Matijevi\u0107 - Web-knji\u017eara","isPartOf":{"@id":"https:\/\/webknjizara.hr\/#website"},"primaryImageOfPage":{"@id":"https:\/\/webknjizara.hr\/proizvod\/latice-josip-matijevic\/#primaryimage"},"image":{"@id":"https:\/\/webknjizara.hr\/proizvod\/latice-josip-matijevic\/#primaryimage"},"thumbnailUrl":"https:\/\/webknjizara.hr\/wp-content\/uploads\/nc\/images\/virtuemart\/product\/latice-josip-ma-560d484b65ab5.jpg","datePublished":"2015-06-18T14:28:25+00:00","dateModified":"2023-02-26T23:16:26+00:00","breadcrumb":{"@id":"https:\/\/webknjizara.hr\/proizvod\/latice-josip-matijevic\/#breadcrumb"},"inLanguage":"en-US","potentialAction":[{"@type":"ReadAction","target":["https:\/\/webknjizara.hr\/proizvod\/latice-josip-matijevic\/"]}]},{"@type":"ImageObject","inLanguage":"en-US","@id":"https:\/\/webknjizara.hr\/proizvod\/latice-josip-matijevic\/#primaryimage","url":"https:\/\/webknjizara.hr\/wp-content\/uploads\/nc\/images\/virtuemart\/product\/latice-josip-ma-560d484b65ab5.jpg","contentUrl":"https:\/\/webknjizara.hr\/wp-content\/uploads\/nc\/images\/virtuemart\/product\/latice-josip-ma-560d484b65ab5.jpg","width":358,"height":500,"caption":"LATICE, Josip Matijevi\u0107"},{"@type":"BreadcrumbList","@id":"https:\/\/webknjizara.hr\/proizvod\/latice-josip-matijevic\/#breadcrumb","itemListElement":[{"@type":"ListItem","position":1,"name":"Po\u010detna stranica","item":"https:\/\/webknjizara.hr\/en\/"},{"@type":"ListItem","position":2,"name":"Shop","item":"https:\/\/webknjizara.hr\/shop\/"},{"@type":"ListItem","position":3,"name":"LATICE, Josip Matijevi\u0107"}]},{"@type":"WebSite","@id":"https:\/\/webknjizara.hr\/#website","url":"https:\/\/webknjizara.hr\/","name":"Web Knji\u017eara","description":"","publisher":{"@id":"https:\/\/webknjizara.hr\/#organization"},"potentialAction":[{"@type":"SearchAction","target":{"@type":"EntryPoint","urlTemplate":"https:\/\/webknjizara.hr\/?s={search_term_string}"},"query-input":{"@type":"PropertyValueSpecification","valueRequired":true,"valueName":"search_term_string"}}],"inLanguage":"en-US"},{"@type":"Organization","@id":"https:\/\/webknjizara.hr\/#organization","name":"REDAK D.O.O.","url":"https:\/\/webknjizara.hr\/","logo":{"@type":"ImageObject","inLanguage":"en-US","@id":"https:\/\/webknjizara.hr\/#\/schema\/logo\/image\/","url":"https:\/\/webknjizara.hr\/wp-content\/uploads\/2023\/01\/web-knjizara-logo.webp","contentUrl":"https:\/\/webknjizara.hr\/wp-content\/uploads\/2023\/01\/web-knjizara-logo.webp","width":324,"height":79,"caption":"REDAK D.O.O."},"image":{"@id":"https:\/\/webknjizara.hr\/#\/schema\/logo\/image\/"}}]}},"_links":{"self":[{"href":"https:\/\/webknjizara.hr\/en\/wp-json\/wp\/v2\/product\/8009","targetHints":{"allow":["GET"]}}],"collection":[{"href":"https:\/\/webknjizara.hr\/en\/wp-json\/wp\/v2\/product"}],"about":[{"href":"https:\/\/webknjizara.hr\/en\/wp-json\/wp\/v2\/types\/product"}],"replies":[{"embeddable":true,"href":"https:\/\/webknjizara.hr\/en\/wp-json\/wp\/v2\/comments?post=8009"}],"wp:featuredmedia":[{"embeddable":true,"href":"https:\/\/webknjizara.hr\/en\/wp-json\/wp\/v2\/media\/8010"}],"wp:attachment":[{"href":"https:\/\/webknjizara.hr\/en\/wp-json\/wp\/v2\/media?parent=8009"}],"wp:term":[{"taxonomy":"product_brand","embeddable":true,"href":"https:\/\/webknjizara.hr\/en\/wp-json\/wp\/v2\/product_brand?post=8009"},{"taxonomy":"product_cat","embeddable":true,"href":"https:\/\/webknjizara.hr\/en\/wp-json\/wp\/v2\/product_cat?post=8009"},{"taxonomy":"product_tag","embeddable":true,"href":"https:\/\/webknjizara.hr\/en\/wp-json\/wp\/v2\/product_tag?post=8009"}],"curies":[{"name":"wp","href":"https:\/\/api.w.org\/{rel}","templated":true}]}}