{"id":8003,"date":"2015-06-01T16:32:09","date_gmt":"2015-06-01T16:32:09","guid":{"rendered":"https:\/\/webknjizara.hr\/?product=kirurgija-i-stari-porat-neven-olivari"},"modified":"2025-03-28T11:34:13","modified_gmt":"2025-03-28T10:34:13","slug":"kirurgija-i-stari-porat-neven-olivari","status":"publish","type":"product","link":"https:\/\/webknjizara.hr\/en\/proizvod\/kirurgija-i-stari-porat-neven-olivari\/","title":{"rendered":"KIRURGIJA I STARI PORAT, Neven Olivari"},"content":{"rendered":"<p style=\"text-align: justify;\"><strong><br \/>Sa\u017eetak:<br \/><\/strong><br \/><em>\u201cDalmatinac, koji je puno promijenio u Europskoj i svjetskoj plasti\u010dnoj kirurgiji. <\/em><\/p>\n<p><em>Dinami\u010dno i vrlo interesantno sje\u0107anje siroma\u0161nog mladi\u0107a, iz Graca kod Makarske, koji je kao mladi lije\u010dnik, 1960 do\u0161ao u Njema\u010dku, da postane veliki kirurg. Sa skromnim po\u010detkom ali neizmjernom energijom i jasnim ciljem u kona\u010dnici postaje poznat izvan granica Njema\u010dke i Europe, kao lije\u010dnik i kao specijalist za plasti\u010dnu kirurgiju te kao vrhunski znanstvenik svoje struke.<\/em><\/p>\n<p><em>Ova sije\u010danja pokazuju obimnu sliku karizmati\u010dnog kirurga Nevena Olivarija, koji je postao profesor na sveu\u010dili\u0161tu, otkrio mnoge nove operacijske metode i napisao po mi\u0161ljenju stru\u010dnjaka, najbolju knjigu o plasti\u010dnoj kirurgiji u Njema\u010dkoj koja je prevedena na engleski i Hrvatski jezik. \u201cPrakti\u010dna plasti\u010dna kirurgija\u201c Medicinska naklada Zagreb 2007 godine. <\/em><\/p>\n<p><em>Osim njegovih uspomena iz ratne i siroma\u0161ne mladosti, on opisuje, \u0161to je u toku 40 godina pro\u017eivio u svom poslu na kirurgiji kao i doga\u0111aje vezane za posjete svojoj domovini.<\/em><\/p>\n<p><em>Osvr\u0107e se na do\u017eivljaje iz svoje mladosti u domovini, koji su dijelom bili dramati\u010dni, te\u0161ki i \u0161okantni, ali uvijek iskreno opisani te kako je sa neustra\u0161ivim povjerenjem uspio svladati djelomi\u010dno kamenit put velike karijere.<\/em><\/p>\n<p><em>Knjiga je napisana kao primjer ne samo onima koji se interesiraju za ovu granu medicine nego i svima ostalima koji \u017eele posti\u0107i svoje ciljeve i ukazuje na to da se samo radom i uporno\u0161\u0107u mo\u017ee do\u0107i do uspjeha.&#8221;<\/em><\/p>\n<p>(Norbert Kr\u00e4mer, Kaden Verlag , Heidelberg 2011.) <\/p>\n<p><em>&#8221;Prof. Olivari najbolji je poslijeratni plasti\u010dni kirurg Njema\u010dke. Njegova sje\u0107anja \u010ditaju se kao najnapetiji roman. Jo\u0161 nikad nije bilo pisca, koji je tako strastveno, bespo\u0161tedno i detaljno opisao tada\u0161nji zdravstveni sistem, sa svim njegovim u\u010dinkom na lije\u010dnike i pacijente. Njegovu filozofiju: \u201eNije gre\u0161ka pasti u rupu na nos, gre\u0161ka je ne dignuti se i dalje se boriti \u201c trebali bi mnogi makar pro\u010ditati. Slijediti tu filozofiju nije lako.<\/em><\/p>\n<p>(Prof.Dr. Axel Feller, Dr.med. Marianne Wolters (Plastische Chirurgie, Chirurgie 1\/2014)<\/p>\n<p style=\"text-align: justify;\"><strong>Bilje\u0161ka o autoru:<\/strong> <\/p>\n<p>Neven Olivari je ro\u0111en 1932 u mjestu Gradac u Dalmaciji. Nakon srednje \u0161kole studira medicinu u Rijeci, gdje diplomira i postaje doktor medicine 1958 god. Poslije zavr\u0161enoga studija 1960 god. odlazi u Njema\u010dku i po\u010dinje raditi kao asistent na kirur\u0161kom odjeljenju bolnice \u201eDreifaltigkeits-Krankenhaus\u201d Lippstadt u Njema\u010dkoj, gdje je ostao do 1964. <\/p>\n<p>Po\u010detkom 1964 god. ostvaruje mu se velika \u017eelja da dobije radno mjesto na sveu\u010dili\u0161noj kirur\u0161koj klinici u K\u00f6lnu (Prof. Schink),uz koje je istodobno dobio mogu\u0107nost da radi na plasti\u010dnoj kirurgiji (Prof. Schrudde).<\/p>\n<p>Od 1970 postaje primarius i zamjenik \u0161efa prof. Schruddea na sad samostalnoj klinici za plasti\u010dnu kirurgiju na sveu\u010dili\u0161noj klinici u K\u00f6lnu. Na toj vode\u0107oj funkciji je do 1978 god. objavio preko 30 znanstvenih radova.<\/p>\n<p>1977 god. se habilitira na podru\u010dju plasti\u010dne kirurgije i postaje docent, a 1982 god. postaje profesor plasti\u010dne kirurgije na sveu\u010dili\u0161tu K\u00f6ln.<\/p>\n<p>Ve\u0107 je 1976 god. objavio svjetski poznati znanstveni rad \u201eLatissimus re\u017eanj\u201d o novoj metodi rekonstrukcije dojke poslije operacije karcinoma, koja mu je donijela svjetski glas u znanstvenim krugovima. Prvi je koji je u Njema\u010dkoj uveo modernu terapiju pacijenata sa opeklinama.<\/p>\n<p>1982 god. postaje pro\u010delnik klinike za plasti\u010dnu kirurgiju u Wesselingu, koja vrlo brzo dobija svjetski glas.<\/p>\n<p>1985 god. razvija novu metodu za operaciju pacijenata sa morbus Basedow (Exophthalmus) i operira najve\u0107i broj tih pacijenata ne samo u Njema\u010dkoj nego u cijelom svijetu. Objavljuje knjigu o toj metodi na Njema\u010dkom i Engleskom jeziku.\u201dEndocrine Ophthalmopathy-surgical Treatment\u201d<\/p>\n<p>1982 god. dobija nagradu udru\u017eenja Njema\u010dkih plasti\u010dnih kirurga zbog otkri\u0107a \u201eLatissimus re\u017enja\u201d<\/p>\n<p>Od 1991-1993 god. je N. Olivari dobio \u010dast i postao predsjednik Udru\u017eenja Njema\u010dkih plasti\u010dnih kirurga, prvi, koji nije ro\u0111en u Njema\u010dkoj.<\/p>\n<p>1991 god. je objavio znanstveni rad na temu \u201eTranspalpebral Decompression of Endocrine Ophthalmopathy by Removal of intraorbital Fat. Experiances after 147 Operations\u201dzbog \u010dega dobija nagradu \u201eAward\u201d za najbolju znanstvenu publikaciju 1991 god. u USA.<\/p>\n<p>1998 god. predsjednik Savezne Njema\u010dke Republike, Roman Herzog dodjeljuje mu najve\u0107i Njema\u010dki orden \u201eBundesverdienskreutzersteKlasse\u201d zbog unapre\u0111enja Njema\u010dke plasti\u010dne kirurgije.<\/p>\n<p>Njegova voluminozna knjiga\u201e Prakti\u010dna Plasti\u010dna kirurgija\u201d (1000 str.) postaje oficijelni ud\u017ebenik Njema\u010dkih plasti\u010dnih kirurga. U njoj je Olivari objavio desetak svojih novih operativnih metoda. Knjiga je prevedena na Engleski i Hrvatski jezik. 1997 dobio je HAZU nagradu \u201cS.S. Strossmayera\u201dza \u201cPrakti\u010dnu plasti\u010dnu kirurgiju\u201d kao najbolju medicinsku knjigu izdanu te godine. <\/p>\n<p>Neven Olivari je po\u010dasni \u010dlan: Njema\u010dkih plasti\u010dnih kirurga, Honorary member of British Assotiation, po\u010dasni \u010dlan Hrvatskih plasti\u010dnih kirurga i \u010dlan Hrvatske akademije medicinskih znanosti. Po\u010dasni je \u010dlan Ma\u0111arskih plasti\u010dnih kirurga, Belgijskih plasti\u010dnih kirurga ,kao i Mediteranskog udru\u017eenja Plasti\u010dnih kirurga. Dobio je bezbroj po\u010dasnih medalja u Njema\u010dkoj, Italiji, Ma\u0111arskoj, Belgiji, Kolumbiji, USA, \u0160vicarskoj itd. Naravno, da je dr\u017eao predavanja i operirao na svim kontinentima.<\/p>\n<p>\u010cest je govornik na doma\u0107im i me\u0111unarodnim kongresima, a kao predava\u010d je precizan. Od svojih kolega tra\u017ei utemeljeno znanje i stru\u010dnost te da u svom radu ne pokazuju samo dobre i uspje\u0161ne rezultate ve\u0107 i komplikacije. Na tom podru\u010dju zna biti ne tolerantan.<\/p>\n<p>Njegovi su hobiji ,krstarenje Jadranom i sviranje klavira.<\/p>\n<p>N. Olivari je o\u017eenjen sa Anna Marijom, ima dva sina (Alexander i Nicolas) i 4 unu\u010dadi Lina, Ella, Karlo i Lies.<\/p>\n<p style=\"text-align: justify;\"><strong>Naslov:<\/strong> Kirurgija i stari porat<br \/><strong>Autor:<\/strong> Neven Olivari<br \/><strong>Broj stranica:<\/strong> 492<br \/><strong>Nakladnik:<\/strong> REDAK<br \/><strong>Godina izdanja:<\/strong> 2015.<br \/><strong>ISBN:<\/strong> 978-953-336-198-7<br \/><strong>Tisak:<\/strong> digitalni tisak knjiga &#8211; print na zahtjev<\/p>\n","protected":false},"excerpt":{"rendered":"<p>Sa\u017eetak:\u201cDalmatinac, koji je puno promijenio u Europskoj i svjetskoj plasti\u010dnoj kirurgiji. Dinami\u010dno i vrlo interesantno sje\u0107anje siroma\u0161nog mladi\u0107a, iz Graca kod Makarske, koji je kao mladi lije\u010dnik, 1960 do\u0161ao u Njema\u010dku, da postane veliki kirurg. Sa skromnim po\u010detkom ali neizmjernom energijom i jasnim ciljem u kona\u010dnici postaje poznat izvan granica Njema\u010dke i Europe, kao lije\u010dnik [&hellip;]<\/p>\n","protected":false},"featured_media":8004,"comment_status":"open","ping_status":"closed","template":"","meta":{"_acf_changed":false},"product_brand":[],"product_cat":[1383,1385],"product_tag":[],"class_list":{"0":"post-8003","1":"product","2":"type-product","3":"status-publish","4":"has-post-thumbnail","6":"product_cat-knjige","7":"product_cat-knjizevnost","8":"pa_autor-neven-olivari","9":"pa_nakladnik-redak","11":"first","12":"instock","13":"shipping-taxable","14":"purchasable","15":"product-type-simple"},"acf":[],"yoast_head":"<!-- This site is optimized with the Yoast SEO plugin v27.3 - https:\/\/yoast.com\/product\/yoast-seo-wordpress\/ -->\n<title>KIRURGIJA I STARI PORAT, Neven Olivari - Web-knji\u017eara<\/title>\n<meta name=\"robots\" content=\"index, follow, max-snippet:-1, max-image-preview:large, max-video-preview:-1\" \/>\n<link rel=\"canonical\" href=\"https:\/\/webknjizara.hr\/proizvod\/kirurgija-i-stari-porat-neven-olivari\/\" \/>\n<meta property=\"og:locale\" content=\"en_US\" \/>\n<meta property=\"og:type\" content=\"article\" \/>\n<meta property=\"og:title\" content=\"KIRURGIJA I STARI PORAT, Neven Olivari - Web-knji\u017eara\" \/>\n<meta property=\"og:description\" content=\"Sa\u017eetak:\u201cDalmatinac, koji je puno promijenio u Europskoj i svjetskoj plasti\u010dnoj kirurgiji. Dinami\u010dno i vrlo interesantno sje\u0107anje siroma\u0161nog mladi\u0107a, iz Graca kod Makarske, koji je kao mladi lije\u010dnik, 1960 do\u0161ao u Njema\u010dku, da postane veliki kirurg. Sa skromnim po\u010detkom ali neizmjernom energijom i jasnim ciljem u kona\u010dnici postaje poznat izvan granica Njema\u010dke i Europe, kao lije\u010dnik [&hellip;]\" \/>\n<meta property=\"og:url\" content=\"https:\/\/webknjizara.hr\/proizvod\/kirurgija-i-stari-porat-neven-olivari\/\" \/>\n<meta property=\"og:site_name\" content=\"Web-knji\u017eara\" \/>\n<meta property=\"article:modified_time\" content=\"2025-03-28T10:34:13+00:00\" \/>\n<meta property=\"og:image\" content=\"https:\/\/webknjizara.hr\/wp-content\/uploads\/nc\/images\/virtuemart\/product\/kirurgija-i-star-556c8909aa7b2.jpg\" \/>\n\t<meta property=\"og:image:width\" content=\"358\" \/>\n\t<meta property=\"og:image:height\" content=\"500\" \/>\n\t<meta property=\"og:image:type\" content=\"image\/jpeg\" \/>\n<meta name=\"twitter:card\" content=\"summary_large_image\" \/>\n<meta name=\"twitter:label1\" content=\"Est. reading time\" \/>\n\t<meta name=\"twitter:data1\" content=\"5 minutes\" \/>\n<script type=\"application\/ld+json\" class=\"yoast-schema-graph\">{\"@context\":\"https:\\\/\\\/schema.org\",\"@graph\":[{\"@type\":\"WebPage\",\"@id\":\"https:\\\/\\\/webknjizara.hr\\\/proizvod\\\/kirurgija-i-stari-porat-neven-olivari\\\/\",\"url\":\"https:\\\/\\\/webknjizara.hr\\\/proizvod\\\/kirurgija-i-stari-porat-neven-olivari\\\/\",\"name\":\"KIRURGIJA I STARI PORAT, Neven Olivari - Web-knji\u017eara\",\"isPartOf\":{\"@id\":\"https:\\\/\\\/webknjizara.hr\\\/#website\"},\"primaryImageOfPage\":{\"@id\":\"https:\\\/\\\/webknjizara.hr\\\/proizvod\\\/kirurgija-i-stari-porat-neven-olivari\\\/#primaryimage\"},\"image\":{\"@id\":\"https:\\\/\\\/webknjizara.hr\\\/proizvod\\\/kirurgija-i-stari-porat-neven-olivari\\\/#primaryimage\"},\"thumbnailUrl\":\"https:\\\/\\\/webknjizara.hr\\\/wp-content\\\/uploads\\\/nc\\\/images\\\/virtuemart\\\/product\\\/kirurgija-i-star-556c8909aa7b2.jpg\",\"datePublished\":\"2015-06-01T16:32:09+00:00\",\"dateModified\":\"2025-03-28T10:34:13+00:00\",\"breadcrumb\":{\"@id\":\"https:\\\/\\\/webknjizara.hr\\\/proizvod\\\/kirurgija-i-stari-porat-neven-olivari\\\/#breadcrumb\"},\"inLanguage\":\"en-US\",\"potentialAction\":[{\"@type\":\"ReadAction\",\"target\":[\"https:\\\/\\\/webknjizara.hr\\\/proizvod\\\/kirurgija-i-stari-porat-neven-olivari\\\/\"]}]},{\"@type\":\"ImageObject\",\"inLanguage\":\"en-US\",\"@id\":\"https:\\\/\\\/webknjizara.hr\\\/proizvod\\\/kirurgija-i-stari-porat-neven-olivari\\\/#primaryimage\",\"url\":\"https:\\\/\\\/webknjizara.hr\\\/wp-content\\\/uploads\\\/nc\\\/images\\\/virtuemart\\\/product\\\/kirurgija-i-star-556c8909aa7b2.jpg\",\"contentUrl\":\"https:\\\/\\\/webknjizara.hr\\\/wp-content\\\/uploads\\\/nc\\\/images\\\/virtuemart\\\/product\\\/kirurgija-i-star-556c8909aa7b2.jpg\",\"width\":358,\"height\":500,\"caption\":\"KIRURGIJA I STARI PORAT, Neven Olivari\"},{\"@type\":\"BreadcrumbList\",\"@id\":\"https:\\\/\\\/webknjizara.hr\\\/proizvod\\\/kirurgija-i-stari-porat-neven-olivari\\\/#breadcrumb\",\"itemListElement\":[{\"@type\":\"ListItem\",\"position\":1,\"name\":\"Po\u010detna stranica\",\"item\":\"https:\\\/\\\/webknjizara.hr\\\/en\\\/\"},{\"@type\":\"ListItem\",\"position\":2,\"name\":\"Shop\",\"item\":\"https:\\\/\\\/webknjizara.hr\\\/shop\\\/\"},{\"@type\":\"ListItem\",\"position\":3,\"name\":\"KIRURGIJA I STARI PORAT, Neven Olivari\"}]},{\"@type\":\"WebSite\",\"@id\":\"https:\\\/\\\/webknjizara.hr\\\/#website\",\"url\":\"https:\\\/\\\/webknjizara.hr\\\/\",\"name\":\"Web Knji\u017eara\",\"description\":\"\",\"publisher\":{\"@id\":\"https:\\\/\\\/webknjizara.hr\\\/#organization\"},\"potentialAction\":[{\"@type\":\"SearchAction\",\"target\":{\"@type\":\"EntryPoint\",\"urlTemplate\":\"https:\\\/\\\/webknjizara.hr\\\/?s={search_term_string}\"},\"query-input\":{\"@type\":\"PropertyValueSpecification\",\"valueRequired\":true,\"valueName\":\"search_term_string\"}}],\"inLanguage\":\"en-US\"},{\"@type\":\"Organization\",\"@id\":\"https:\\\/\\\/webknjizara.hr\\\/#organization\",\"name\":\"REDAK D.O.O.\",\"url\":\"https:\\\/\\\/webknjizara.hr\\\/\",\"logo\":{\"@type\":\"ImageObject\",\"inLanguage\":\"en-US\",\"@id\":\"https:\\\/\\\/webknjizara.hr\\\/#\\\/schema\\\/logo\\\/image\\\/\",\"url\":\"https:\\\/\\\/webknjizara.hr\\\/wp-content\\\/uploads\\\/2023\\\/01\\\/web-knjizara-logo.webp\",\"contentUrl\":\"https:\\\/\\\/webknjizara.hr\\\/wp-content\\\/uploads\\\/2023\\\/01\\\/web-knjizara-logo.webp\",\"width\":324,\"height\":79,\"caption\":\"REDAK D.O.O.\"},\"image\":{\"@id\":\"https:\\\/\\\/webknjizara.hr\\\/#\\\/schema\\\/logo\\\/image\\\/\"}}]}<\/script>\n<!-- \/ Yoast SEO plugin. -->","yoast_head_json":{"title":"KIRURGIJA I STARI PORAT, Neven Olivari - Web-knji\u017eara","robots":{"index":"index","follow":"follow","max-snippet":"max-snippet:-1","max-image-preview":"max-image-preview:large","max-video-preview":"max-video-preview:-1"},"canonical":"https:\/\/webknjizara.hr\/proizvod\/kirurgija-i-stari-porat-neven-olivari\/","og_locale":"en_US","og_type":"article","og_title":"KIRURGIJA I STARI PORAT, Neven Olivari - Web-knji\u017eara","og_description":"Sa\u017eetak:\u201cDalmatinac, koji je puno promijenio u Europskoj i svjetskoj plasti\u010dnoj kirurgiji. Dinami\u010dno i vrlo interesantno sje\u0107anje siroma\u0161nog mladi\u0107a, iz Graca kod Makarske, koji je kao mladi lije\u010dnik, 1960 do\u0161ao u Njema\u010dku, da postane veliki kirurg. Sa skromnim po\u010detkom ali neizmjernom energijom i jasnim ciljem u kona\u010dnici postaje poznat izvan granica Njema\u010dke i Europe, kao lije\u010dnik [&hellip;]","og_url":"https:\/\/webknjizara.hr\/proizvod\/kirurgija-i-stari-porat-neven-olivari\/","og_site_name":"Web-knji\u017eara","article_modified_time":"2025-03-28T10:34:13+00:00","og_image":[{"width":358,"height":500,"url":"https:\/\/webknjizara.hr\/wp-content\/uploads\/nc\/images\/virtuemart\/product\/kirurgija-i-star-556c8909aa7b2.jpg","type":"image\/jpeg"}],"twitter_card":"summary_large_image","twitter_misc":{"Est. reading time":"5 minutes"},"schema":{"@context":"https:\/\/schema.org","@graph":[{"@type":"WebPage","@id":"https:\/\/webknjizara.hr\/proizvod\/kirurgija-i-stari-porat-neven-olivari\/","url":"https:\/\/webknjizara.hr\/proizvod\/kirurgija-i-stari-porat-neven-olivari\/","name":"KIRURGIJA I STARI PORAT, Neven Olivari - Web-knji\u017eara","isPartOf":{"@id":"https:\/\/webknjizara.hr\/#website"},"primaryImageOfPage":{"@id":"https:\/\/webknjizara.hr\/proizvod\/kirurgija-i-stari-porat-neven-olivari\/#primaryimage"},"image":{"@id":"https:\/\/webknjizara.hr\/proizvod\/kirurgija-i-stari-porat-neven-olivari\/#primaryimage"},"thumbnailUrl":"https:\/\/webknjizara.hr\/wp-content\/uploads\/nc\/images\/virtuemart\/product\/kirurgija-i-star-556c8909aa7b2.jpg","datePublished":"2015-06-01T16:32:09+00:00","dateModified":"2025-03-28T10:34:13+00:00","breadcrumb":{"@id":"https:\/\/webknjizara.hr\/proizvod\/kirurgija-i-stari-porat-neven-olivari\/#breadcrumb"},"inLanguage":"en-US","potentialAction":[{"@type":"ReadAction","target":["https:\/\/webknjizara.hr\/proizvod\/kirurgija-i-stari-porat-neven-olivari\/"]}]},{"@type":"ImageObject","inLanguage":"en-US","@id":"https:\/\/webknjizara.hr\/proizvod\/kirurgija-i-stari-porat-neven-olivari\/#primaryimage","url":"https:\/\/webknjizara.hr\/wp-content\/uploads\/nc\/images\/virtuemart\/product\/kirurgija-i-star-556c8909aa7b2.jpg","contentUrl":"https:\/\/webknjizara.hr\/wp-content\/uploads\/nc\/images\/virtuemart\/product\/kirurgija-i-star-556c8909aa7b2.jpg","width":358,"height":500,"caption":"KIRURGIJA I STARI PORAT, Neven Olivari"},{"@type":"BreadcrumbList","@id":"https:\/\/webknjizara.hr\/proizvod\/kirurgija-i-stari-porat-neven-olivari\/#breadcrumb","itemListElement":[{"@type":"ListItem","position":1,"name":"Po\u010detna stranica","item":"https:\/\/webknjizara.hr\/en\/"},{"@type":"ListItem","position":2,"name":"Shop","item":"https:\/\/webknjizara.hr\/shop\/"},{"@type":"ListItem","position":3,"name":"KIRURGIJA I STARI PORAT, Neven Olivari"}]},{"@type":"WebSite","@id":"https:\/\/webknjizara.hr\/#website","url":"https:\/\/webknjizara.hr\/","name":"Web Knji\u017eara","description":"","publisher":{"@id":"https:\/\/webknjizara.hr\/#organization"},"potentialAction":[{"@type":"SearchAction","target":{"@type":"EntryPoint","urlTemplate":"https:\/\/webknjizara.hr\/?s={search_term_string}"},"query-input":{"@type":"PropertyValueSpecification","valueRequired":true,"valueName":"search_term_string"}}],"inLanguage":"en-US"},{"@type":"Organization","@id":"https:\/\/webknjizara.hr\/#organization","name":"REDAK D.O.O.","url":"https:\/\/webknjizara.hr\/","logo":{"@type":"ImageObject","inLanguage":"en-US","@id":"https:\/\/webknjizara.hr\/#\/schema\/logo\/image\/","url":"https:\/\/webknjizara.hr\/wp-content\/uploads\/2023\/01\/web-knjizara-logo.webp","contentUrl":"https:\/\/webknjizara.hr\/wp-content\/uploads\/2023\/01\/web-knjizara-logo.webp","width":324,"height":79,"caption":"REDAK D.O.O."},"image":{"@id":"https:\/\/webknjizara.hr\/#\/schema\/logo\/image\/"}}]}},"_links":{"self":[{"href":"https:\/\/webknjizara.hr\/en\/wp-json\/wp\/v2\/product\/8003","targetHints":{"allow":["GET"]}}],"collection":[{"href":"https:\/\/webknjizara.hr\/en\/wp-json\/wp\/v2\/product"}],"about":[{"href":"https:\/\/webknjizara.hr\/en\/wp-json\/wp\/v2\/types\/product"}],"replies":[{"embeddable":true,"href":"https:\/\/webknjizara.hr\/en\/wp-json\/wp\/v2\/comments?post=8003"}],"wp:featuredmedia":[{"embeddable":true,"href":"https:\/\/webknjizara.hr\/en\/wp-json\/wp\/v2\/media\/8004"}],"wp:attachment":[{"href":"https:\/\/webknjizara.hr\/en\/wp-json\/wp\/v2\/media?parent=8003"}],"wp:term":[{"taxonomy":"product_brand","embeddable":true,"href":"https:\/\/webknjizara.hr\/en\/wp-json\/wp\/v2\/product_brand?post=8003"},{"taxonomy":"product_cat","embeddable":true,"href":"https:\/\/webknjizara.hr\/en\/wp-json\/wp\/v2\/product_cat?post=8003"},{"taxonomy":"product_tag","embeddable":true,"href":"https:\/\/webknjizara.hr\/en\/wp-json\/wp\/v2\/product_tag?post=8003"}],"curies":[{"name":"wp","href":"https:\/\/api.w.org\/{rel}","templated":true}]}}