{"id":8001,"date":"2015-05-29T16:17:10","date_gmt":"2015-05-29T16:17:10","guid":{"rendered":"https:\/\/webknjizara.hr\/?product=eticka-pitanja-sadrzaja-u-medijima-rezultati-kom-istraz"},"modified":"2023-02-27T00:16:25","modified_gmt":"2023-02-26T23:16:25","slug":"eticka-pitanja-sadrzaja-u-medijima-rezultati-kom-istraz","status":"publish","type":"product","link":"https:\/\/webknjizara.hr\/en\/proizvod\/eticka-pitanja-sadrzaja-u-medijima-rezultati-kom-istraz\/","title":{"rendered":"ETI\u010cKA PITANJA SADR\u017dAJA U MEDIJIMA &#8211; Rezultati kom. istra\u017e."},"content":{"rendered":"<p style=\"text-align: justify;\"><strong><br \/>Sa\u017eetak:<br \/><\/strong><br \/>Cilj ove studije je ispitati fenomen eti\u010dnosti medija i na \u0161to bolji na\u010din predstaviti postoje\u0107e teorije o tom fenomenu i njemu sli\u010dnim. U radu \u0107e se predo\u010diti problemi etike u medijima \u010dime bi se eventualno izvr\u0161ilo poticanje kriti\u010dne svijesti o efektima tog problema. <\/p>\n<p>Tako\u0111er radom se \u017eeli utvrditi kako mediji utje\u010du na pona\u0161anje, prona\u0107i primjere naj\u010de\u0161\u0107ih eti\u010dkih nedoumica i karakteristi\u010dnih problema u eti\u010dnosti medija, ispitati mi\u0161ljenja ljudi povodom zadane problematike, utvrditi sli\u010dnosti i razlike izme\u0111u zaposlenih u medijima i njihovih korisnika (konzumenata), pri tome \u0107e se ispitati eti\u010dnost \u010detiriju razli\u010ditih medija (televizija, tisak, radio i internet). Metodolo\u0161ki pristup obradi teme rada je istra\u017eiva\u010dki rad, osobna zapa\u017eanja i diskusije, kao i tuma\u010denje pojedinih fenomena od razli\u010ditih autora koji su pisali o toj temi.<\/p>\n<p>Namjera ovog rada je ukazati na razmi\u0161ljanja o danoj temi kao i pru\u017eiti informacije koje bi eventualno bile korisne za neka budu\u0107a istra\u017eivanja.<\/p>\n<p style=\"text-align: justify;\"><strong>Recenzenti:<\/strong><\/p>\n<p>Prof. emeritus dr. sc. \u0110or\u0111e Nadrljanski<br \/>Prof. emeritus dr. sc. Ante Muniti\u0107<br \/>Prof. dr. sc. Slavko \u0160imundi\u0107<\/p>\n<p style=\"text-align: justify;\"><strong>Bilje\u0161ka o autorici:<\/strong> <\/p>\n<p>Dr.sc. Mila Nadrljanski, Rogulji\u0107, izvanredni profesor, znanstveno polje: informatika i informacijske tehnologije, informacijske znanosti, grana komunikologija. Diplomirala je na Fakultetu elektrotehnike, strojarstva i brodogradnje u Splitu 1984. i obranila magistarski rad u polju Automatike 1994. 2006. je dobila akademsku titulu doktora informacijskih znanosti, grana komunikologija. U 2011 je izabrana za akademsku titulu izvanrednog profesora, podru\u010dje dru\u0161tvenih znanosti, polje informacijskih znanosti, grana komunikologija. Dr.sc. Mila Nadrljanski ima bogat znanstveni i stru\u010dni opus; autor je 20 knjiga i vi\u0161e od 100 znanstvenih i stru\u010dnih radova. Trenutno radi na Pomorskom fakultetu u Splitu.<\/p>\n<p><strong>Klju\u010dne rije\u010di:<\/strong> Etika, etika u medijima, eti\u010dke nedoumice<br \/><strong><br \/>E-mail:<\/strong> <a href=\"mailto:Milamika60@yahoo.com\">Mila Nadrljanski 1<\/a>, <a href=\"mailto:mila@pfst.hr\">Mila Nadrljanski 2<\/a><br \/>\u00a0<\/p>\n<p style=\"text-align: justify;\"><strong>Naslov:<\/strong> ETI\u010cKA PITANJA SADR\u017dAJA U MEDIJIMA &#8211; Rezultati komunikolo\u0161kog istra\u017eivanja<br \/><strong>Autor:<\/strong> Mila Nadrljanski<br \/><strong>Broj stranica:<\/strong> 140<br \/><strong>Nakladnik:<\/strong> Redak<br \/><strong>Godina izdanja:<\/strong> 2015.<br \/><strong>ISBN:<\/strong> 978-953-336-208-3<br \/><strong>Tisak:<\/strong> digitalni tisak knjiga &#8211; print na zahtjev<\/p>\n","protected":false},"excerpt":{"rendered":"<p>Sa\u017eetak:Cilj ove studije je ispitati fenomen eti\u010dnosti medija i na \u0161to bolji na\u010din predstaviti postoje\u0107e teorije o tom fenomenu i njemu sli\u010dnim. U radu \u0107e se predo\u010diti problemi etike u medijima \u010dime bi se eventualno izvr\u0161ilo poticanje kriti\u010dne svijesti o efektima tog problema. Tako\u0111er radom se \u017eeli utvrditi kako mediji utje\u010du na pona\u0161anje, prona\u0107i primjere [&hellip;]<\/p>\n","protected":false},"featured_media":8002,"comment_status":"open","ping_status":"closed","template":"","meta":{"_acf_changed":false},"product_brand":[],"product_cat":[1517],"product_tag":[],"class_list":{"0":"post-8001","1":"product","2":"type-product","3":"status-publish","4":"has-post-thumbnail","6":"product_cat-strucna-literatura","7":"pa_autor-mila-nadrljanski","8":"pa_nakladnik-redak","10":"first","11":"instock","12":"shipping-taxable","13":"purchasable","14":"product-type-simple"},"acf":[],"yoast_head":"<!-- This site is optimized with the Yoast SEO plugin v27.3 - https:\/\/yoast.com\/product\/yoast-seo-wordpress\/ -->\n<title>ETI\u010cKA PITANJA SADR\u017dAJA U MEDIJIMA - Rezultati kom. istra\u017e. - Web-knji\u017eara<\/title>\n<meta name=\"robots\" content=\"index, follow, max-snippet:-1, max-image-preview:large, max-video-preview:-1\" \/>\n<link rel=\"canonical\" href=\"https:\/\/webknjizara.hr\/proizvod\/eticka-pitanja-sadrzaja-u-medijima-rezultati-kom-istraz\/\" \/>\n<meta property=\"og:locale\" content=\"en_US\" \/>\n<meta property=\"og:type\" content=\"article\" \/>\n<meta property=\"og:title\" content=\"ETI\u010cKA PITANJA SADR\u017dAJA U MEDIJIMA - Rezultati kom. istra\u017e. - Web-knji\u017eara\" \/>\n<meta property=\"og:description\" content=\"Sa\u017eetak:Cilj ove studije je ispitati fenomen eti\u010dnosti medija i na \u0161to bolji na\u010din predstaviti postoje\u0107e teorije o tom fenomenu i njemu sli\u010dnim. U radu \u0107e se predo\u010diti problemi etike u medijima \u010dime bi se eventualno izvr\u0161ilo poticanje kriti\u010dne svijesti o efektima tog problema. Tako\u0111er radom se \u017eeli utvrditi kako mediji utje\u010du na pona\u0161anje, prona\u0107i primjere [&hellip;]\" \/>\n<meta property=\"og:url\" content=\"https:\/\/webknjizara.hr\/proizvod\/eticka-pitanja-sadrzaja-u-medijima-rezultati-kom-istraz\/\" \/>\n<meta property=\"og:site_name\" content=\"Web-knji\u017eara\" \/>\n<meta property=\"article:modified_time\" content=\"2023-02-26T23:16:25+00:00\" \/>\n<meta property=\"og:image\" content=\"https:\/\/webknjizara.hr\/wp-content\/uploads\/nc\/images\/virtuemart\/product\/eti-ka-pitanja-55689106896cb.jpg\" \/>\n\t<meta property=\"og:image:width\" content=\"358\" \/>\n\t<meta property=\"og:image:height\" content=\"500\" \/>\n\t<meta property=\"og:image:type\" content=\"image\/jpeg\" \/>\n<meta name=\"twitter:card\" content=\"summary_large_image\" \/>\n<meta name=\"twitter:label1\" content=\"Est. reading time\" \/>\n\t<meta name=\"twitter:data1\" content=\"2 minutes\" \/>\n<script type=\"application\/ld+json\" class=\"yoast-schema-graph\">{\"@context\":\"https:\\\/\\\/schema.org\",\"@graph\":[{\"@type\":\"WebPage\",\"@id\":\"https:\\\/\\\/webknjizara.hr\\\/proizvod\\\/eticka-pitanja-sadrzaja-u-medijima-rezultati-kom-istraz\\\/\",\"url\":\"https:\\\/\\\/webknjizara.hr\\\/proizvod\\\/eticka-pitanja-sadrzaja-u-medijima-rezultati-kom-istraz\\\/\",\"name\":\"ETI\u010cKA PITANJA SADR\u017dAJA U MEDIJIMA - Rezultati kom. istra\u017e. - Web-knji\u017eara\",\"isPartOf\":{\"@id\":\"https:\\\/\\\/webknjizara.hr\\\/#website\"},\"primaryImageOfPage\":{\"@id\":\"https:\\\/\\\/webknjizara.hr\\\/proizvod\\\/eticka-pitanja-sadrzaja-u-medijima-rezultati-kom-istraz\\\/#primaryimage\"},\"image\":{\"@id\":\"https:\\\/\\\/webknjizara.hr\\\/proizvod\\\/eticka-pitanja-sadrzaja-u-medijima-rezultati-kom-istraz\\\/#primaryimage\"},\"thumbnailUrl\":\"https:\\\/\\\/webknjizara.hr\\\/wp-content\\\/uploads\\\/nc\\\/images\\\/virtuemart\\\/product\\\/eti-ka-pitanja-55689106896cb.jpg\",\"datePublished\":\"2015-05-29T16:17:10+00:00\",\"dateModified\":\"2023-02-26T23:16:25+00:00\",\"breadcrumb\":{\"@id\":\"https:\\\/\\\/webknjizara.hr\\\/proizvod\\\/eticka-pitanja-sadrzaja-u-medijima-rezultati-kom-istraz\\\/#breadcrumb\"},\"inLanguage\":\"en-US\",\"potentialAction\":[{\"@type\":\"ReadAction\",\"target\":[\"https:\\\/\\\/webknjizara.hr\\\/proizvod\\\/eticka-pitanja-sadrzaja-u-medijima-rezultati-kom-istraz\\\/\"]}]},{\"@type\":\"ImageObject\",\"inLanguage\":\"en-US\",\"@id\":\"https:\\\/\\\/webknjizara.hr\\\/proizvod\\\/eticka-pitanja-sadrzaja-u-medijima-rezultati-kom-istraz\\\/#primaryimage\",\"url\":\"https:\\\/\\\/webknjizara.hr\\\/wp-content\\\/uploads\\\/nc\\\/images\\\/virtuemart\\\/product\\\/eti-ka-pitanja-55689106896cb.jpg\",\"contentUrl\":\"https:\\\/\\\/webknjizara.hr\\\/wp-content\\\/uploads\\\/nc\\\/images\\\/virtuemart\\\/product\\\/eti-ka-pitanja-55689106896cb.jpg\",\"width\":358,\"height\":500,\"caption\":\"ETI\u010cKA PITANJA SADR\u017dAJA U MEDIJIMA - Rezultati kom. istra\u017e.\"},{\"@type\":\"BreadcrumbList\",\"@id\":\"https:\\\/\\\/webknjizara.hr\\\/proizvod\\\/eticka-pitanja-sadrzaja-u-medijima-rezultati-kom-istraz\\\/#breadcrumb\",\"itemListElement\":[{\"@type\":\"ListItem\",\"position\":1,\"name\":\"Po\u010detna stranica\",\"item\":\"https:\\\/\\\/webknjizara.hr\\\/en\\\/\"},{\"@type\":\"ListItem\",\"position\":2,\"name\":\"Shop\",\"item\":\"https:\\\/\\\/webknjizara.hr\\\/shop\\\/\"},{\"@type\":\"ListItem\",\"position\":3,\"name\":\"ETI\u010cKA PITANJA SADR\u017dAJA U MEDIJIMA &#8211; Rezultati kom. istra\u017e.\"}]},{\"@type\":\"WebSite\",\"@id\":\"https:\\\/\\\/webknjizara.hr\\\/#website\",\"url\":\"https:\\\/\\\/webknjizara.hr\\\/\",\"name\":\"Web Knji\u017eara\",\"description\":\"\",\"publisher\":{\"@id\":\"https:\\\/\\\/webknjizara.hr\\\/#organization\"},\"potentialAction\":[{\"@type\":\"SearchAction\",\"target\":{\"@type\":\"EntryPoint\",\"urlTemplate\":\"https:\\\/\\\/webknjizara.hr\\\/?s={search_term_string}\"},\"query-input\":{\"@type\":\"PropertyValueSpecification\",\"valueRequired\":true,\"valueName\":\"search_term_string\"}}],\"inLanguage\":\"en-US\"},{\"@type\":\"Organization\",\"@id\":\"https:\\\/\\\/webknjizara.hr\\\/#organization\",\"name\":\"REDAK D.O.O.\",\"url\":\"https:\\\/\\\/webknjizara.hr\\\/\",\"logo\":{\"@type\":\"ImageObject\",\"inLanguage\":\"en-US\",\"@id\":\"https:\\\/\\\/webknjizara.hr\\\/#\\\/schema\\\/logo\\\/image\\\/\",\"url\":\"https:\\\/\\\/webknjizara.hr\\\/wp-content\\\/uploads\\\/2023\\\/01\\\/web-knjizara-logo.webp\",\"contentUrl\":\"https:\\\/\\\/webknjizara.hr\\\/wp-content\\\/uploads\\\/2023\\\/01\\\/web-knjizara-logo.webp\",\"width\":324,\"height\":79,\"caption\":\"REDAK D.O.O.\"},\"image\":{\"@id\":\"https:\\\/\\\/webknjizara.hr\\\/#\\\/schema\\\/logo\\\/image\\\/\"}}]}<\/script>\n<!-- \/ Yoast SEO plugin. -->","yoast_head_json":{"title":"ETI\u010cKA PITANJA SADR\u017dAJA U MEDIJIMA - Rezultati kom. istra\u017e. - Web-knji\u017eara","robots":{"index":"index","follow":"follow","max-snippet":"max-snippet:-1","max-image-preview":"max-image-preview:large","max-video-preview":"max-video-preview:-1"},"canonical":"https:\/\/webknjizara.hr\/proizvod\/eticka-pitanja-sadrzaja-u-medijima-rezultati-kom-istraz\/","og_locale":"en_US","og_type":"article","og_title":"ETI\u010cKA PITANJA SADR\u017dAJA U MEDIJIMA - Rezultati kom. istra\u017e. - Web-knji\u017eara","og_description":"Sa\u017eetak:Cilj ove studije je ispitati fenomen eti\u010dnosti medija i na \u0161to bolji na\u010din predstaviti postoje\u0107e teorije o tom fenomenu i njemu sli\u010dnim. U radu \u0107e se predo\u010diti problemi etike u medijima \u010dime bi se eventualno izvr\u0161ilo poticanje kriti\u010dne svijesti o efektima tog problema. Tako\u0111er radom se \u017eeli utvrditi kako mediji utje\u010du na pona\u0161anje, prona\u0107i primjere [&hellip;]","og_url":"https:\/\/webknjizara.hr\/proizvod\/eticka-pitanja-sadrzaja-u-medijima-rezultati-kom-istraz\/","og_site_name":"Web-knji\u017eara","article_modified_time":"2023-02-26T23:16:25+00:00","og_image":[{"width":358,"height":500,"url":"https:\/\/webknjizara.hr\/wp-content\/uploads\/nc\/images\/virtuemart\/product\/eti-ka-pitanja-55689106896cb.jpg","type":"image\/jpeg"}],"twitter_card":"summary_large_image","twitter_misc":{"Est. reading time":"2 minutes"},"schema":{"@context":"https:\/\/schema.org","@graph":[{"@type":"WebPage","@id":"https:\/\/webknjizara.hr\/proizvod\/eticka-pitanja-sadrzaja-u-medijima-rezultati-kom-istraz\/","url":"https:\/\/webknjizara.hr\/proizvod\/eticka-pitanja-sadrzaja-u-medijima-rezultati-kom-istraz\/","name":"ETI\u010cKA PITANJA SADR\u017dAJA U MEDIJIMA - Rezultati kom. istra\u017e. - Web-knji\u017eara","isPartOf":{"@id":"https:\/\/webknjizara.hr\/#website"},"primaryImageOfPage":{"@id":"https:\/\/webknjizara.hr\/proizvod\/eticka-pitanja-sadrzaja-u-medijima-rezultati-kom-istraz\/#primaryimage"},"image":{"@id":"https:\/\/webknjizara.hr\/proizvod\/eticka-pitanja-sadrzaja-u-medijima-rezultati-kom-istraz\/#primaryimage"},"thumbnailUrl":"https:\/\/webknjizara.hr\/wp-content\/uploads\/nc\/images\/virtuemart\/product\/eti-ka-pitanja-55689106896cb.jpg","datePublished":"2015-05-29T16:17:10+00:00","dateModified":"2023-02-26T23:16:25+00:00","breadcrumb":{"@id":"https:\/\/webknjizara.hr\/proizvod\/eticka-pitanja-sadrzaja-u-medijima-rezultati-kom-istraz\/#breadcrumb"},"inLanguage":"en-US","potentialAction":[{"@type":"ReadAction","target":["https:\/\/webknjizara.hr\/proizvod\/eticka-pitanja-sadrzaja-u-medijima-rezultati-kom-istraz\/"]}]},{"@type":"ImageObject","inLanguage":"en-US","@id":"https:\/\/webknjizara.hr\/proizvod\/eticka-pitanja-sadrzaja-u-medijima-rezultati-kom-istraz\/#primaryimage","url":"https:\/\/webknjizara.hr\/wp-content\/uploads\/nc\/images\/virtuemart\/product\/eti-ka-pitanja-55689106896cb.jpg","contentUrl":"https:\/\/webknjizara.hr\/wp-content\/uploads\/nc\/images\/virtuemart\/product\/eti-ka-pitanja-55689106896cb.jpg","width":358,"height":500,"caption":"ETI\u010cKA PITANJA SADR\u017dAJA U MEDIJIMA - Rezultati kom. istra\u017e."},{"@type":"BreadcrumbList","@id":"https:\/\/webknjizara.hr\/proizvod\/eticka-pitanja-sadrzaja-u-medijima-rezultati-kom-istraz\/#breadcrumb","itemListElement":[{"@type":"ListItem","position":1,"name":"Po\u010detna stranica","item":"https:\/\/webknjizara.hr\/en\/"},{"@type":"ListItem","position":2,"name":"Shop","item":"https:\/\/webknjizara.hr\/shop\/"},{"@type":"ListItem","position":3,"name":"ETI\u010cKA PITANJA SADR\u017dAJA U MEDIJIMA &#8211; Rezultati kom. istra\u017e."}]},{"@type":"WebSite","@id":"https:\/\/webknjizara.hr\/#website","url":"https:\/\/webknjizara.hr\/","name":"Web Knji\u017eara","description":"","publisher":{"@id":"https:\/\/webknjizara.hr\/#organization"},"potentialAction":[{"@type":"SearchAction","target":{"@type":"EntryPoint","urlTemplate":"https:\/\/webknjizara.hr\/?s={search_term_string}"},"query-input":{"@type":"PropertyValueSpecification","valueRequired":true,"valueName":"search_term_string"}}],"inLanguage":"en-US"},{"@type":"Organization","@id":"https:\/\/webknjizara.hr\/#organization","name":"REDAK D.O.O.","url":"https:\/\/webknjizara.hr\/","logo":{"@type":"ImageObject","inLanguage":"en-US","@id":"https:\/\/webknjizara.hr\/#\/schema\/logo\/image\/","url":"https:\/\/webknjizara.hr\/wp-content\/uploads\/2023\/01\/web-knjizara-logo.webp","contentUrl":"https:\/\/webknjizara.hr\/wp-content\/uploads\/2023\/01\/web-knjizara-logo.webp","width":324,"height":79,"caption":"REDAK D.O.O."},"image":{"@id":"https:\/\/webknjizara.hr\/#\/schema\/logo\/image\/"}}]}},"_links":{"self":[{"href":"https:\/\/webknjizara.hr\/en\/wp-json\/wp\/v2\/product\/8001","targetHints":{"allow":["GET"]}}],"collection":[{"href":"https:\/\/webknjizara.hr\/en\/wp-json\/wp\/v2\/product"}],"about":[{"href":"https:\/\/webknjizara.hr\/en\/wp-json\/wp\/v2\/types\/product"}],"replies":[{"embeddable":true,"href":"https:\/\/webknjizara.hr\/en\/wp-json\/wp\/v2\/comments?post=8001"}],"wp:featuredmedia":[{"embeddable":true,"href":"https:\/\/webknjizara.hr\/en\/wp-json\/wp\/v2\/media\/8002"}],"wp:attachment":[{"href":"https:\/\/webknjizara.hr\/en\/wp-json\/wp\/v2\/media?parent=8001"}],"wp:term":[{"taxonomy":"product_brand","embeddable":true,"href":"https:\/\/webknjizara.hr\/en\/wp-json\/wp\/v2\/product_brand?post=8001"},{"taxonomy":"product_cat","embeddable":true,"href":"https:\/\/webknjizara.hr\/en\/wp-json\/wp\/v2\/product_cat?post=8001"},{"taxonomy":"product_tag","embeddable":true,"href":"https:\/\/webknjizara.hr\/en\/wp-json\/wp\/v2\/product_tag?post=8001"}],"curies":[{"name":"wp","href":"https:\/\/api.w.org\/{rel}","templated":true}]}}