{"id":7999,"date":"2015-05-25T13:37:10","date_gmt":"2015-05-25T13:37:10","guid":{"rendered":"https:\/\/webknjizara.hr\/?product=prirucnik-o-uporabi-analize-dna-u-sudsko-medicinskoj-praksi"},"modified":"2023-02-27T00:16:25","modified_gmt":"2023-02-26T23:16:25","slug":"prirucnik-o-uporabi-analize-dna-u-sudsko-medicinskoj-praksi","status":"publish","type":"product","link":"https:\/\/webknjizara.hr\/en\/proizvod\/prirucnik-o-uporabi-analize-dna-u-sudsko-medicinskoj-praksi\/","title":{"rendered":"PRIRU\u010cNIK O UPORABI ANALIZE DNA U SUDSKO-MEDICINSKOJ PRAKSI"},"content":{"rendered":"<p style=\"text-align: justify;\"><strong><br \/>Sa\u017eetak:<br \/><\/strong><br \/>Priru\u010dnik o uporabi analize DNA u sudsko-medicinskoj praksi napisan je u obliku pitanja, naj\u010de\u0161\u0107e postavljanih u praksi, i odgovora koji omogu\u0107uju \u010ditatelju osnovno razumijevanje primjene i postupka analize DNA. Podijeljeno je u 3 glavna poglavlja: Gra\u0111a i funkcija DNA, Forenzi\u010dna analiza DNA i Primjena DNA u sudsko-medicinskoj praksi.<\/p>\n<p>Nastao je kao rezultat zajedni\u010dkoga vi\u0161egodi\u0161njega prakti\u010dnoga, stru\u010dnoga, znanstvenoga i nastavnog rada autorica, iz podru\u010dja analiza DNA te iskustva ste\u010denoga vje\u0161ta\u010denjima na sudovima u Republici Hrvatskoj. <\/p>\n<p>Kao priru\u010dnik namijenjen je svima onima koji se bave forenzi\u010dnom analizom DNA i\/ili vje\u0161ta\u010denjima ili su zainteresirani za istra\u017eivanja u tom podru\u010dju. Posebno je namijenjeno sudcima, dr\u017eavnim odvjetnicima, odvjetnicima i svima ostalima kojima je potrebno znanje, poduka ili razumijevanje vje\u0161ta\u010denja iz analiza DNA. Priru\u010dnik tako\u0111er mo\u017ee poslu\u017eiti studentima, polaznicima preddiplomskih, diplomskih, integriranih, specijalisti\u010dkih i doktorskih studija, ali i osobama koje su samo zainteresirane za stjecanje novih spoznaja u tom podru\u010dju.<\/p>\n<p><strong>Bilje\u0161ka o autoricama:<\/strong> <\/p>\n<p><strong>Prof. dr. sc. Davorka Sutlovi\u0107<\/strong> diplomirani je in\u017eenjer, zaposlena u Klini\u010dkom bolni\u010dkom centru u Splitu te kao redovita profesorica dr\u017ei nastavu na Medicinskom fakultetu, Pravnom fakultetu, Sveu\u010dili\u0161nom odjelu za forenzi\u010dne znanosti u Splitu i Sveu\u010dili\u0161nom odjelu zdravstvenih studija u Splitu. Voditeljica je modula Forenzi\u010dna kemija i molekularna biologija na Sveu\u010dili\u0161nom odjelu za forenzi\u010dne znanosti u Splitu te je voditeljica Katedre za forenzi\u010dnu kemiju i toksikologiju na istom fakultetu. Stalni je sudski vje\u0161tak na \u017dupanijskom sudu u Splitu za podru\u010dje forenzi\u010dne toksikologije i DNA analize. \u010clan je nacionalnih i me\u0111unarodnih stru\u010dnih dru\u0161tava. Od 1998. godine do danas sudjeluje u programu DNA identifikacije posmrtnih ostataka \u017ertava Domovinskog rata u Republici Hrvatskoj. Veliko iskustvo u podru\u010dju DNA vje\u0161ta\u010denja stekla je radom u laboratoriju sudske medicine KBC-a Split na DNA analizama i DNA instrumentalnim tehnikama te na biostatisti\u010dkom utvr\u0111ivanja o\u010dinstava, identifikaciji \u017ertava rata i rje\u0161avanju raznih slu\u010dajeva za potrebe pravosu\u0111a.<\/p>\n<p>Objavila je niz znanstvenih i stru\u010dnih radova, autorica je i suautorica nekoliko sveu\u010dili\u0161nih ud\u017ebenika i priru\u010dnika, redovito aktivno sudjeluje na doma\u0107im i stranim znanstveno-stru\u010dnim skupovima.<\/p>\n<p style=\"text-align: justify;\"><strong>Prof. dr. sc. Marija Definis-Gojanovi\u0107<\/strong> je lije\u010dnica &#8211; specijalistica sudske medicine, primarijus, zaposlena u Klini\u010dkom bolni\u010dkom centru u Splitu te redovita profesorica sudske medicine i medicinske etike na Medicinskom fakultetu, Pravnom fakultetu i Studiju forenzi\u010dnih znanosti Sveu\u010dili\u0161ta u Splitu, kao i na Medicinskom fakultetu Sveu\u010dili\u0161ta u Mostaru. Pro\u010delnica je Katedre za sudsku medicinu na navedenim medicinskim fakultetima. Dugogodi\u0161nji je stalni sudski vje\u0161tak i mrtvozornik Splitsko-dalmatinske \u017eupanije. \u010clan je visokoga \u010dasnog suda Hrvatske lije\u010dni\u010dke komore te nacionalnih i me\u0111unarodnih stru\u010dnih dru\u0161tava. Od 1991. godine sudjeluje u programu identifikacije posmrtnih ostataka \u017ertava Domovinskog rata u Republici Hrvatskoj i Bosni i Hercegovini te utvr\u0111ivanju ratnih i poratnih \u017ertava II. svjetskog rata, a za \u0161to je dobila vi\u0161e nagrada i priznanja. Kao donedavni \u010dlan Europskog odbora za prevenciju mu\u010denja i drugih neljudskih postupanja te sada\u0161nji \u010dlan Podkomiteta za prevenciju mu\u010denja pri Ujedinjenim narodima i Nacionalnoga preventivnog mehanizma pri Uredu pu\u010dke pravobraniteljice RH, ima veliko iskustvo u monitoriranju i za\u0161titi prava osoba li\u0161enih slobode. Objavila je niz znanstvenih i stru\u010dnih radova, suautorica je nekoliko sveu\u010dili\u0161nih ud\u017ebenika, redovito aktivno sudjeluje na doma\u0107im i stranim znanstveno-stru\u010dnim skupovima kao izlaga\u010d, predava\u010d i edukator.<\/p>\n<p style=\"text-align: justify;\"><strong>Naslov:<\/strong> Priru\u010dnik o uporabi analize DNA u sudsko-medicinskoj praksi<br \/><strong>Autor:<\/strong> Davorka Sutlovi\u0107, Marija Definis Gojanovi\u0107<br \/><strong>Broj stranica:<\/strong> 56<br \/><strong>Nakladnik:<\/strong> REDAK<br \/><strong>Godina izdanja:<\/strong> 2015.<br \/><strong>ISBN:<\/strong> 978-953-336-209-0<br \/><strong>Tisak:<\/strong> digitalni tisak knjiga &#8211; print na zahtjev<\/p>\n","protected":false},"excerpt":{"rendered":"<p>Sa\u017eetak:Priru\u010dnik o uporabi analize DNA u sudsko-medicinskoj praksi napisan je u obliku pitanja, naj\u010de\u0161\u0107e postavljanih u praksi, i odgovora koji omogu\u0107uju \u010ditatelju osnovno razumijevanje primjene i postupka analize DNA. Podijeljeno je u 3 glavna poglavlja: Gra\u0111a i funkcija DNA, Forenzi\u010dna analiza DNA i Primjena DNA u sudsko-medicinskoj praksi. Nastao je kao rezultat zajedni\u010dkoga vi\u0161egodi\u0161njega prakti\u010dnoga, [&hellip;]<\/p>\n","protected":false},"featured_media":8000,"comment_status":"open","ping_status":"closed","template":"","meta":{"_acf_changed":false},"product_brand":[],"product_cat":[1540,1517],"product_tag":[],"class_list":{"0":"post-7999","1":"product","2":"type-product","3":"status-publish","4":"has-post-thumbnail","6":"product_cat-biomedicina-i-zdravstvo","7":"product_cat-strucna-literatura","8":"pa_nakladnik-redak","10":"first","11":"instock","12":"shipping-taxable","13":"purchasable","14":"product-type-simple"},"acf":[],"yoast_head":"<!-- This site is optimized with the Yoast SEO plugin v27.3 - https:\/\/yoast.com\/product\/yoast-seo-wordpress\/ -->\n<title>PRIRU\u010cNIK O UPORABI ANALIZE DNA U SUDSKO-MEDICINSKOJ PRAKSI - Web-knji\u017eara<\/title>\n<meta name=\"robots\" content=\"index, follow, max-snippet:-1, max-image-preview:large, max-video-preview:-1\" \/>\n<link rel=\"canonical\" href=\"https:\/\/webknjizara.hr\/proizvod\/prirucnik-o-uporabi-analize-dna-u-sudsko-medicinskoj-praksi\/\" \/>\n<meta property=\"og:locale\" content=\"en_US\" \/>\n<meta property=\"og:type\" content=\"article\" \/>\n<meta property=\"og:title\" content=\"PRIRU\u010cNIK O UPORABI ANALIZE DNA U SUDSKO-MEDICINSKOJ PRAKSI - Web-knji\u017eara\" \/>\n<meta property=\"og:description\" content=\"Sa\u017eetak:Priru\u010dnik o uporabi analize DNA u sudsko-medicinskoj praksi napisan je u obliku pitanja, naj\u010de\u0161\u0107e postavljanih u praksi, i odgovora koji omogu\u0107uju \u010ditatelju osnovno razumijevanje primjene i postupka analize DNA. Podijeljeno je u 3 glavna poglavlja: Gra\u0111a i funkcija DNA, Forenzi\u010dna analiza DNA i Primjena DNA u sudsko-medicinskoj praksi. Nastao je kao rezultat zajedni\u010dkoga vi\u0161egodi\u0161njega prakti\u010dnoga, [&hellip;]\" \/>\n<meta property=\"og:url\" content=\"https:\/\/webknjizara.hr\/proizvod\/prirucnik-o-uporabi-analize-dna-u-sudsko-medicinskoj-praksi\/\" \/>\n<meta property=\"og:site_name\" content=\"Web-knji\u017eara\" \/>\n<meta property=\"article:modified_time\" content=\"2023-02-26T23:16:25+00:00\" \/>\n<meta property=\"og:image\" content=\"https:\/\/webknjizara.hr\/wp-content\/uploads\/nc\/images\/virtuemart\/product\/priru-nik-o-upo-5563258695651.jpg\" \/>\n\t<meta property=\"og:image:width\" content=\"358\" \/>\n\t<meta property=\"og:image:height\" content=\"500\" \/>\n\t<meta property=\"og:image:type\" content=\"image\/jpeg\" \/>\n<meta name=\"twitter:card\" content=\"summary_large_image\" \/>\n<meta name=\"twitter:label1\" content=\"Est. reading time\" \/>\n\t<meta name=\"twitter:data1\" content=\"3 minutes\" \/>\n<script type=\"application\/ld+json\" class=\"yoast-schema-graph\">{\"@context\":\"https:\\\/\\\/schema.org\",\"@graph\":[{\"@type\":\"WebPage\",\"@id\":\"https:\\\/\\\/webknjizara.hr\\\/proizvod\\\/prirucnik-o-uporabi-analize-dna-u-sudsko-medicinskoj-praksi\\\/\",\"url\":\"https:\\\/\\\/webknjizara.hr\\\/proizvod\\\/prirucnik-o-uporabi-analize-dna-u-sudsko-medicinskoj-praksi\\\/\",\"name\":\"PRIRU\u010cNIK O UPORABI ANALIZE DNA U SUDSKO-MEDICINSKOJ PRAKSI - Web-knji\u017eara\",\"isPartOf\":{\"@id\":\"https:\\\/\\\/webknjizara.hr\\\/#website\"},\"primaryImageOfPage\":{\"@id\":\"https:\\\/\\\/webknjizara.hr\\\/proizvod\\\/prirucnik-o-uporabi-analize-dna-u-sudsko-medicinskoj-praksi\\\/#primaryimage\"},\"image\":{\"@id\":\"https:\\\/\\\/webknjizara.hr\\\/proizvod\\\/prirucnik-o-uporabi-analize-dna-u-sudsko-medicinskoj-praksi\\\/#primaryimage\"},\"thumbnailUrl\":\"https:\\\/\\\/webknjizara.hr\\\/wp-content\\\/uploads\\\/nc\\\/images\\\/virtuemart\\\/product\\\/priru-nik-o-upo-5563258695651.jpg\",\"datePublished\":\"2015-05-25T13:37:10+00:00\",\"dateModified\":\"2023-02-26T23:16:25+00:00\",\"breadcrumb\":{\"@id\":\"https:\\\/\\\/webknjizara.hr\\\/proizvod\\\/prirucnik-o-uporabi-analize-dna-u-sudsko-medicinskoj-praksi\\\/#breadcrumb\"},\"inLanguage\":\"en-US\",\"potentialAction\":[{\"@type\":\"ReadAction\",\"target\":[\"https:\\\/\\\/webknjizara.hr\\\/proizvod\\\/prirucnik-o-uporabi-analize-dna-u-sudsko-medicinskoj-praksi\\\/\"]}]},{\"@type\":\"ImageObject\",\"inLanguage\":\"en-US\",\"@id\":\"https:\\\/\\\/webknjizara.hr\\\/proizvod\\\/prirucnik-o-uporabi-analize-dna-u-sudsko-medicinskoj-praksi\\\/#primaryimage\",\"url\":\"https:\\\/\\\/webknjizara.hr\\\/wp-content\\\/uploads\\\/nc\\\/images\\\/virtuemart\\\/product\\\/priru-nik-o-upo-5563258695651.jpg\",\"contentUrl\":\"https:\\\/\\\/webknjizara.hr\\\/wp-content\\\/uploads\\\/nc\\\/images\\\/virtuemart\\\/product\\\/priru-nik-o-upo-5563258695651.jpg\",\"width\":358,\"height\":500,\"caption\":\"PRIRU\u010cNIK O UPORABI ANALIZE DNA U SUDSKO-MEDICINSKOJ PRAKSI\"},{\"@type\":\"BreadcrumbList\",\"@id\":\"https:\\\/\\\/webknjizara.hr\\\/proizvod\\\/prirucnik-o-uporabi-analize-dna-u-sudsko-medicinskoj-praksi\\\/#breadcrumb\",\"itemListElement\":[{\"@type\":\"ListItem\",\"position\":1,\"name\":\"Po\u010detna stranica\",\"item\":\"https:\\\/\\\/webknjizara.hr\\\/en\\\/\"},{\"@type\":\"ListItem\",\"position\":2,\"name\":\"Shop\",\"item\":\"https:\\\/\\\/webknjizara.hr\\\/shop\\\/\"},{\"@type\":\"ListItem\",\"position\":3,\"name\":\"PRIRU\u010cNIK O UPORABI ANALIZE DNA U SUDSKO-MEDICINSKOJ PRAKSI\"}]},{\"@type\":\"WebSite\",\"@id\":\"https:\\\/\\\/webknjizara.hr\\\/#website\",\"url\":\"https:\\\/\\\/webknjizara.hr\\\/\",\"name\":\"Web Knji\u017eara\",\"description\":\"\",\"publisher\":{\"@id\":\"https:\\\/\\\/webknjizara.hr\\\/#organization\"},\"potentialAction\":[{\"@type\":\"SearchAction\",\"target\":{\"@type\":\"EntryPoint\",\"urlTemplate\":\"https:\\\/\\\/webknjizara.hr\\\/?s={search_term_string}\"},\"query-input\":{\"@type\":\"PropertyValueSpecification\",\"valueRequired\":true,\"valueName\":\"search_term_string\"}}],\"inLanguage\":\"en-US\"},{\"@type\":\"Organization\",\"@id\":\"https:\\\/\\\/webknjizara.hr\\\/#organization\",\"name\":\"REDAK D.O.O.\",\"url\":\"https:\\\/\\\/webknjizara.hr\\\/\",\"logo\":{\"@type\":\"ImageObject\",\"inLanguage\":\"en-US\",\"@id\":\"https:\\\/\\\/webknjizara.hr\\\/#\\\/schema\\\/logo\\\/image\\\/\",\"url\":\"https:\\\/\\\/webknjizara.hr\\\/wp-content\\\/uploads\\\/2023\\\/01\\\/web-knjizara-logo.webp\",\"contentUrl\":\"https:\\\/\\\/webknjizara.hr\\\/wp-content\\\/uploads\\\/2023\\\/01\\\/web-knjizara-logo.webp\",\"width\":324,\"height\":79,\"caption\":\"REDAK D.O.O.\"},\"image\":{\"@id\":\"https:\\\/\\\/webknjizara.hr\\\/#\\\/schema\\\/logo\\\/image\\\/\"}}]}<\/script>\n<!-- \/ Yoast SEO plugin. -->","yoast_head_json":{"title":"PRIRU\u010cNIK O UPORABI ANALIZE DNA U SUDSKO-MEDICINSKOJ PRAKSI - Web-knji\u017eara","robots":{"index":"index","follow":"follow","max-snippet":"max-snippet:-1","max-image-preview":"max-image-preview:large","max-video-preview":"max-video-preview:-1"},"canonical":"https:\/\/webknjizara.hr\/proizvod\/prirucnik-o-uporabi-analize-dna-u-sudsko-medicinskoj-praksi\/","og_locale":"en_US","og_type":"article","og_title":"PRIRU\u010cNIK O UPORABI ANALIZE DNA U SUDSKO-MEDICINSKOJ PRAKSI - Web-knji\u017eara","og_description":"Sa\u017eetak:Priru\u010dnik o uporabi analize DNA u sudsko-medicinskoj praksi napisan je u obliku pitanja, naj\u010de\u0161\u0107e postavljanih u praksi, i odgovora koji omogu\u0107uju \u010ditatelju osnovno razumijevanje primjene i postupka analize DNA. Podijeljeno je u 3 glavna poglavlja: Gra\u0111a i funkcija DNA, Forenzi\u010dna analiza DNA i Primjena DNA u sudsko-medicinskoj praksi. Nastao je kao rezultat zajedni\u010dkoga vi\u0161egodi\u0161njega prakti\u010dnoga, [&hellip;]","og_url":"https:\/\/webknjizara.hr\/proizvod\/prirucnik-o-uporabi-analize-dna-u-sudsko-medicinskoj-praksi\/","og_site_name":"Web-knji\u017eara","article_modified_time":"2023-02-26T23:16:25+00:00","og_image":[{"width":358,"height":500,"url":"https:\/\/webknjizara.hr\/wp-content\/uploads\/nc\/images\/virtuemart\/product\/priru-nik-o-upo-5563258695651.jpg","type":"image\/jpeg"}],"twitter_card":"summary_large_image","twitter_misc":{"Est. reading time":"3 minutes"},"schema":{"@context":"https:\/\/schema.org","@graph":[{"@type":"WebPage","@id":"https:\/\/webknjizara.hr\/proizvod\/prirucnik-o-uporabi-analize-dna-u-sudsko-medicinskoj-praksi\/","url":"https:\/\/webknjizara.hr\/proizvod\/prirucnik-o-uporabi-analize-dna-u-sudsko-medicinskoj-praksi\/","name":"PRIRU\u010cNIK O UPORABI ANALIZE DNA U SUDSKO-MEDICINSKOJ PRAKSI - Web-knji\u017eara","isPartOf":{"@id":"https:\/\/webknjizara.hr\/#website"},"primaryImageOfPage":{"@id":"https:\/\/webknjizara.hr\/proizvod\/prirucnik-o-uporabi-analize-dna-u-sudsko-medicinskoj-praksi\/#primaryimage"},"image":{"@id":"https:\/\/webknjizara.hr\/proizvod\/prirucnik-o-uporabi-analize-dna-u-sudsko-medicinskoj-praksi\/#primaryimage"},"thumbnailUrl":"https:\/\/webknjizara.hr\/wp-content\/uploads\/nc\/images\/virtuemart\/product\/priru-nik-o-upo-5563258695651.jpg","datePublished":"2015-05-25T13:37:10+00:00","dateModified":"2023-02-26T23:16:25+00:00","breadcrumb":{"@id":"https:\/\/webknjizara.hr\/proizvod\/prirucnik-o-uporabi-analize-dna-u-sudsko-medicinskoj-praksi\/#breadcrumb"},"inLanguage":"en-US","potentialAction":[{"@type":"ReadAction","target":["https:\/\/webknjizara.hr\/proizvod\/prirucnik-o-uporabi-analize-dna-u-sudsko-medicinskoj-praksi\/"]}]},{"@type":"ImageObject","inLanguage":"en-US","@id":"https:\/\/webknjizara.hr\/proizvod\/prirucnik-o-uporabi-analize-dna-u-sudsko-medicinskoj-praksi\/#primaryimage","url":"https:\/\/webknjizara.hr\/wp-content\/uploads\/nc\/images\/virtuemart\/product\/priru-nik-o-upo-5563258695651.jpg","contentUrl":"https:\/\/webknjizara.hr\/wp-content\/uploads\/nc\/images\/virtuemart\/product\/priru-nik-o-upo-5563258695651.jpg","width":358,"height":500,"caption":"PRIRU\u010cNIK O UPORABI ANALIZE DNA U SUDSKO-MEDICINSKOJ PRAKSI"},{"@type":"BreadcrumbList","@id":"https:\/\/webknjizara.hr\/proizvod\/prirucnik-o-uporabi-analize-dna-u-sudsko-medicinskoj-praksi\/#breadcrumb","itemListElement":[{"@type":"ListItem","position":1,"name":"Po\u010detna stranica","item":"https:\/\/webknjizara.hr\/en\/"},{"@type":"ListItem","position":2,"name":"Shop","item":"https:\/\/webknjizara.hr\/shop\/"},{"@type":"ListItem","position":3,"name":"PRIRU\u010cNIK O UPORABI ANALIZE DNA U SUDSKO-MEDICINSKOJ PRAKSI"}]},{"@type":"WebSite","@id":"https:\/\/webknjizara.hr\/#website","url":"https:\/\/webknjizara.hr\/","name":"Web Knji\u017eara","description":"","publisher":{"@id":"https:\/\/webknjizara.hr\/#organization"},"potentialAction":[{"@type":"SearchAction","target":{"@type":"EntryPoint","urlTemplate":"https:\/\/webknjizara.hr\/?s={search_term_string}"},"query-input":{"@type":"PropertyValueSpecification","valueRequired":true,"valueName":"search_term_string"}}],"inLanguage":"en-US"},{"@type":"Organization","@id":"https:\/\/webknjizara.hr\/#organization","name":"REDAK D.O.O.","url":"https:\/\/webknjizara.hr\/","logo":{"@type":"ImageObject","inLanguage":"en-US","@id":"https:\/\/webknjizara.hr\/#\/schema\/logo\/image\/","url":"https:\/\/webknjizara.hr\/wp-content\/uploads\/2023\/01\/web-knjizara-logo.webp","contentUrl":"https:\/\/webknjizara.hr\/wp-content\/uploads\/2023\/01\/web-knjizara-logo.webp","width":324,"height":79,"caption":"REDAK D.O.O."},"image":{"@id":"https:\/\/webknjizara.hr\/#\/schema\/logo\/image\/"}}]}},"_links":{"self":[{"href":"https:\/\/webknjizara.hr\/en\/wp-json\/wp\/v2\/product\/7999","targetHints":{"allow":["GET"]}}],"collection":[{"href":"https:\/\/webknjizara.hr\/en\/wp-json\/wp\/v2\/product"}],"about":[{"href":"https:\/\/webknjizara.hr\/en\/wp-json\/wp\/v2\/types\/product"}],"replies":[{"embeddable":true,"href":"https:\/\/webknjizara.hr\/en\/wp-json\/wp\/v2\/comments?post=7999"}],"wp:featuredmedia":[{"embeddable":true,"href":"https:\/\/webknjizara.hr\/en\/wp-json\/wp\/v2\/media\/8000"}],"wp:attachment":[{"href":"https:\/\/webknjizara.hr\/en\/wp-json\/wp\/v2\/media?parent=7999"}],"wp:term":[{"taxonomy":"product_brand","embeddable":true,"href":"https:\/\/webknjizara.hr\/en\/wp-json\/wp\/v2\/product_brand?post=7999"},{"taxonomy":"product_cat","embeddable":true,"href":"https:\/\/webknjizara.hr\/en\/wp-json\/wp\/v2\/product_cat?post=7999"},{"taxonomy":"product_tag","embeddable":true,"href":"https:\/\/webknjizara.hr\/en\/wp-json\/wp\/v2\/product_tag?post=7999"}],"curies":[{"name":"wp","href":"https:\/\/api.w.org\/{rel}","templated":true}]}}