{"id":7993,"date":"2015-05-07T14:52:28","date_gmt":"2015-05-07T14:52:28","guid":{"rendered":"https:\/\/webknjizara.hr\/?product=melodija-nistavila-valentino-kuzelj"},"modified":"2023-02-27T00:16:25","modified_gmt":"2023-02-26T23:16:25","slug":"melodija-nistavila-valentino-kuzelj","status":"publish","type":"product","link":"https:\/\/webknjizara.hr\/en\/proizvod\/melodija-nistavila-valentino-kuzelj\/","title":{"rendered":"MELODIJA NI\u0160TAVILA, Valentino Kuzelj"},"content":{"rendered":"<p style=\"text-align: justify;\"><strong>Sa\u017eetak:<\/strong><\/p>\n<p><em>Prisloniv\u0161i oko na klju\u010danicu ravnateljeva ureda, Arsen \u0107e ispisati prvu stranicu tragedija koje \u0107e uslijediti. Nesvjesno se uplev\u0161i u svijet ovjen\u010dan agonijom, oslikat \u0107e retke svojega trajanja. Po\u010dev\u0161i s otmicom, niz ubojstava i sjene Arsenova uma koje mu \u0161ap\u0107u, u\u010dinit \u0107e njegov \u017eivot druga\u010dijim. Potraga za pravdom, izgubljenim idealima, vodit \u0107e glavni lik sve do zavr\u0161nice koja skriva \u2013 neo\u010dekivan rasplet. Bit \u0107e postavljena pitanja prijateljstva, lojalnosti, pripadnosti i sloboda. Ho\u0107e li Arsen dobiti odgovor prije nego posljednja nota Melodije ni\u0161tavila bude odsvirana&#8230;<\/em><\/p>\n<p><em>Radnja je odmaknuta od prave stvarnosti u svijet sjena, smrti, ni\u0161tavila, starih napu\u0161tenih vila, zvukova, mraka, groblja\u2026 \u0161kripe vrata, krvi, crkve. Likovi i teme su iz realnog svijeta: drogera\u0161i, lezbijke, crkva, sve\u0107enici\u2026 prijateljstva.<\/em><\/p>\n<p><em>Arsen \u017eivi u paralelnim svjetovima; u stvarnom svijetu i svom unutarnjem svijetu sjena. Sjene mu \u0161ap\u0107u, prate ga, vode ga u neizbje\u017enost, u ni\u0161tavilo. One ga poti\u010du na hrabrost, na su\u0107ut i ravnodu\u0161nost, na osvetu i prijateljstvo\u2026 One su njegova savjest, ali i ona tamna strana njegova bi\u0107a.<\/em><\/p>\n<p><em>Sjene \u2013 suputnice vode ga Tanatosu. Za\u0161to? Je li uzrok njegova mladost, njegovo predavanje boli zbog nesavr\u0161ena svijeta, njegova duboka potreba da kazni sve koji se usu\u0111uju uni\u0161tavati druge, ali i sna\u017eno izra\u017eena potreba da sebe najstro\u017ee kazni jer i sebe do\u017eivljava kao nesavr\u0161enu osobu sli\u010dnu onima koje osu\u0111uje.<\/em><br \/><em>Nema oprosta, nema povratka kada se u\u010dini zlo. Jer sve je na kraju samo ni\u0161tavilo, i melodija violine, njezin sjetan zvuk: sve nestaje, sve se rasplinjuje.<\/em><\/p>\n<p><em>Roman se mo\u017ee \u010ditati na dvjema razinama; na razini Arsenova unutarnjeg svijeta koji se ne snalazi u okru\u017eenju etabliranih, ali licemjernih, i Arsenova poku\u0161aja rje\u0161avanja svojih tjeskoba ispravljanjem ljudskih pogre\u0161aka koriste\u0107i se \u017eanrom krimi\u0107a, odnosno kriminalisti\u010dkim romanom.<\/em><\/p>\n<p><em>Arsen sve ru\u0161i jer je premlad da bi znao \u0161to graditi i jer ga nosi san kojem se potpuno predaje i s kojim nestaje.<\/em><\/p>\n<p style=\"text-align: justify;\">&#8211; Sonja Krvavica<\/p>\n<p><strong>Bilje\u0161ka o autoru:<\/strong> <\/p>\n<p>Valentino Kuzelj ro\u0111en je u Zagrebu 5. listopada 1996. godine. Zavr\u0161iv\u0161i Osnovnu \u0161kolu Julija Klovi\u0107a, upisuje Zdravstveno u\u010dili\u0161te Zagreb, koje poha\u0111a i danas. Dosad je objavio dva digitalna romana. Godine 2014. njegov sastav naslova <em>\u201eNovac je moderni bog\u201c<\/em> objavljen je u zajedni\u010dkoj e-zbirci <em>\u201eTragovi u&#8230;\u201c<\/em> rije\u010dke izdava\u010dke ku\u0107e Studio TiM. Kratka pri\u010da <em>\u201eProjekt &#8216;Deus&#8217;\u201c<\/em> objavljena mu je u 15. broju doma\u0107eg SF magazina UBIQ, a crtica naslova <em>\u201eO\u010di boje ebanovine\u201c<\/em> iza\u0161la u <em>\u201eWebstilus zborniku 2014. \u2013 Ponovno ususret\u201c<\/em><\/p>\n<p><strong>Klju\u010dne rije\u010di:<\/strong> melodija, ni\u0161tavilo, smrt, sloboda, sjene<\/p>\n<p><strong>E-mail:<\/strong> <a href=\"mailto:valentino.kuzelj01@gmail.com\">Valentino Kuzelj<\/a><\/p>\n<p style=\"text-align: justify;\"><strong>Naslov:<\/strong> Melodija ni\u0161tavila<br \/><strong>Autor:<\/strong> Valentino Kuzelj<br \/><strong>Broj stranica:<\/strong> 158<br \/><strong>Nakladnik:<\/strong> REDAK<br \/><strong>Godina izdanja:<\/strong> 2015.<br \/><strong>ISBN:<\/strong> 978-953-336-204-5<br \/><strong>Tisak:<\/strong> digitalni tisak knjiga &#8211; print na zahtjev<\/p>\n","protected":false},"excerpt":{"rendered":"<p>Sa\u017eetak: Prisloniv\u0161i oko na klju\u010danicu ravnateljeva ureda, Arsen \u0107e ispisati prvu stranicu tragedija koje \u0107e uslijediti. Nesvjesno se uplev\u0161i u svijet ovjen\u010dan agonijom, oslikat \u0107e retke svojega trajanja. Po\u010dev\u0161i s otmicom, niz ubojstava i sjene Arsenova uma koje mu \u0161ap\u0107u, u\u010dinit \u0107e njegov \u017eivot druga\u010dijim. Potraga za pravdom, izgubljenim idealima, vodit \u0107e glavni lik sve [&hellip;]<\/p>\n","protected":false},"featured_media":7994,"comment_status":"open","ping_status":"closed","template":"","meta":{"_acf_changed":false},"product_brand":[],"product_cat":[1383,1385],"product_tag":[],"class_list":{"0":"post-7993","1":"product","2":"type-product","3":"status-publish","4":"has-post-thumbnail","6":"product_cat-knjige","7":"product_cat-knjizevnost","8":"pa_autor-valentino-kuzelj","9":"pa_nakladnik-redak","11":"first","12":"instock","13":"shipping-taxable","14":"purchasable","15":"product-type-simple"},"acf":[],"yoast_head":"<!-- This site is optimized with the Yoast SEO plugin v27.3 - https:\/\/yoast.com\/product\/yoast-seo-wordpress\/ -->\n<title>MELODIJA NI\u0160TAVILA, Valentino Kuzelj - Web-knji\u017eara<\/title>\n<meta name=\"robots\" content=\"index, follow, max-snippet:-1, max-image-preview:large, max-video-preview:-1\" \/>\n<link rel=\"canonical\" href=\"https:\/\/webknjizara.hr\/proizvod\/melodija-nistavila-valentino-kuzelj\/\" \/>\n<meta property=\"og:locale\" content=\"en_US\" \/>\n<meta property=\"og:type\" content=\"article\" \/>\n<meta property=\"og:title\" content=\"MELODIJA NI\u0160TAVILA, Valentino Kuzelj - Web-knji\u017eara\" \/>\n<meta property=\"og:description\" content=\"Sa\u017eetak: Prisloniv\u0161i oko na klju\u010danicu ravnateljeva ureda, Arsen \u0107e ispisati prvu stranicu tragedija koje \u0107e uslijediti. Nesvjesno se uplev\u0161i u svijet ovjen\u010dan agonijom, oslikat \u0107e retke svojega trajanja. Po\u010dev\u0161i s otmicom, niz ubojstava i sjene Arsenova uma koje mu \u0161ap\u0107u, u\u010dinit \u0107e njegov \u017eivot druga\u010dijim. Potraga za pravdom, izgubljenim idealima, vodit \u0107e glavni lik sve [&hellip;]\" \/>\n<meta property=\"og:url\" content=\"https:\/\/webknjizara.hr\/proizvod\/melodija-nistavila-valentino-kuzelj\/\" \/>\n<meta property=\"og:site_name\" content=\"Web-knji\u017eara\" \/>\n<meta property=\"article:modified_time\" content=\"2023-02-26T23:16:25+00:00\" \/>\n<meta property=\"og:image\" content=\"https:\/\/webknjizara.hr\/wp-content\/uploads\/nc\/images\/virtuemart\/product\/melodija-ni-tav-560d3f5771701.jpg\" \/>\n\t<meta property=\"og:image:width\" content=\"358\" \/>\n\t<meta property=\"og:image:height\" content=\"500\" \/>\n\t<meta property=\"og:image:type\" content=\"image\/jpeg\" \/>\n<meta name=\"twitter:card\" content=\"summary_large_image\" \/>\n<meta name=\"twitter:label1\" content=\"Est. reading time\" \/>\n\t<meta name=\"twitter:data1\" content=\"2 minutes\" \/>\n<script type=\"application\/ld+json\" class=\"yoast-schema-graph\">{\"@context\":\"https:\\\/\\\/schema.org\",\"@graph\":[{\"@type\":\"WebPage\",\"@id\":\"https:\\\/\\\/webknjizara.hr\\\/proizvod\\\/melodija-nistavila-valentino-kuzelj\\\/\",\"url\":\"https:\\\/\\\/webknjizara.hr\\\/proizvod\\\/melodija-nistavila-valentino-kuzelj\\\/\",\"name\":\"MELODIJA NI\u0160TAVILA, Valentino Kuzelj - Web-knji\u017eara\",\"isPartOf\":{\"@id\":\"https:\\\/\\\/webknjizara.hr\\\/#website\"},\"primaryImageOfPage\":{\"@id\":\"https:\\\/\\\/webknjizara.hr\\\/proizvod\\\/melodija-nistavila-valentino-kuzelj\\\/#primaryimage\"},\"image\":{\"@id\":\"https:\\\/\\\/webknjizara.hr\\\/proizvod\\\/melodija-nistavila-valentino-kuzelj\\\/#primaryimage\"},\"thumbnailUrl\":\"https:\\\/\\\/webknjizara.hr\\\/wp-content\\\/uploads\\\/nc\\\/images\\\/virtuemart\\\/product\\\/melodija-ni-tav-560d3f5771701.jpg\",\"datePublished\":\"2015-05-07T14:52:28+00:00\",\"dateModified\":\"2023-02-26T23:16:25+00:00\",\"breadcrumb\":{\"@id\":\"https:\\\/\\\/webknjizara.hr\\\/proizvod\\\/melodija-nistavila-valentino-kuzelj\\\/#breadcrumb\"},\"inLanguage\":\"en-US\",\"potentialAction\":[{\"@type\":\"ReadAction\",\"target\":[\"https:\\\/\\\/webknjizara.hr\\\/proizvod\\\/melodija-nistavila-valentino-kuzelj\\\/\"]}]},{\"@type\":\"ImageObject\",\"inLanguage\":\"en-US\",\"@id\":\"https:\\\/\\\/webknjizara.hr\\\/proizvod\\\/melodija-nistavila-valentino-kuzelj\\\/#primaryimage\",\"url\":\"https:\\\/\\\/webknjizara.hr\\\/wp-content\\\/uploads\\\/nc\\\/images\\\/virtuemart\\\/product\\\/melodija-ni-tav-560d3f5771701.jpg\",\"contentUrl\":\"https:\\\/\\\/webknjizara.hr\\\/wp-content\\\/uploads\\\/nc\\\/images\\\/virtuemart\\\/product\\\/melodija-ni-tav-560d3f5771701.jpg\",\"width\":358,\"height\":500,\"caption\":\"MELODIJA NI\u0160TAVILA, Valentino Kuzelj\"},{\"@type\":\"BreadcrumbList\",\"@id\":\"https:\\\/\\\/webknjizara.hr\\\/proizvod\\\/melodija-nistavila-valentino-kuzelj\\\/#breadcrumb\",\"itemListElement\":[{\"@type\":\"ListItem\",\"position\":1,\"name\":\"Po\u010detna stranica\",\"item\":\"https:\\\/\\\/webknjizara.hr\\\/en\\\/\"},{\"@type\":\"ListItem\",\"position\":2,\"name\":\"Shop\",\"item\":\"https:\\\/\\\/webknjizara.hr\\\/shop\\\/\"},{\"@type\":\"ListItem\",\"position\":3,\"name\":\"MELODIJA NI\u0160TAVILA, Valentino Kuzelj\"}]},{\"@type\":\"WebSite\",\"@id\":\"https:\\\/\\\/webknjizara.hr\\\/#website\",\"url\":\"https:\\\/\\\/webknjizara.hr\\\/\",\"name\":\"Web Knji\u017eara\",\"description\":\"\",\"publisher\":{\"@id\":\"https:\\\/\\\/webknjizara.hr\\\/#organization\"},\"potentialAction\":[{\"@type\":\"SearchAction\",\"target\":{\"@type\":\"EntryPoint\",\"urlTemplate\":\"https:\\\/\\\/webknjizara.hr\\\/?s={search_term_string}\"},\"query-input\":{\"@type\":\"PropertyValueSpecification\",\"valueRequired\":true,\"valueName\":\"search_term_string\"}}],\"inLanguage\":\"en-US\"},{\"@type\":\"Organization\",\"@id\":\"https:\\\/\\\/webknjizara.hr\\\/#organization\",\"name\":\"REDAK D.O.O.\",\"url\":\"https:\\\/\\\/webknjizara.hr\\\/\",\"logo\":{\"@type\":\"ImageObject\",\"inLanguage\":\"en-US\",\"@id\":\"https:\\\/\\\/webknjizara.hr\\\/#\\\/schema\\\/logo\\\/image\\\/\",\"url\":\"https:\\\/\\\/webknjizara.hr\\\/wp-content\\\/uploads\\\/2023\\\/01\\\/web-knjizara-logo.webp\",\"contentUrl\":\"https:\\\/\\\/webknjizara.hr\\\/wp-content\\\/uploads\\\/2023\\\/01\\\/web-knjizara-logo.webp\",\"width\":324,\"height\":79,\"caption\":\"REDAK D.O.O.\"},\"image\":{\"@id\":\"https:\\\/\\\/webknjizara.hr\\\/#\\\/schema\\\/logo\\\/image\\\/\"}}]}<\/script>\n<!-- \/ Yoast SEO plugin. -->","yoast_head_json":{"title":"MELODIJA NI\u0160TAVILA, Valentino Kuzelj - Web-knji\u017eara","robots":{"index":"index","follow":"follow","max-snippet":"max-snippet:-1","max-image-preview":"max-image-preview:large","max-video-preview":"max-video-preview:-1"},"canonical":"https:\/\/webknjizara.hr\/proizvod\/melodija-nistavila-valentino-kuzelj\/","og_locale":"en_US","og_type":"article","og_title":"MELODIJA NI\u0160TAVILA, Valentino Kuzelj - Web-knji\u017eara","og_description":"Sa\u017eetak: Prisloniv\u0161i oko na klju\u010danicu ravnateljeva ureda, Arsen \u0107e ispisati prvu stranicu tragedija koje \u0107e uslijediti. Nesvjesno se uplev\u0161i u svijet ovjen\u010dan agonijom, oslikat \u0107e retke svojega trajanja. Po\u010dev\u0161i s otmicom, niz ubojstava i sjene Arsenova uma koje mu \u0161ap\u0107u, u\u010dinit \u0107e njegov \u017eivot druga\u010dijim. Potraga za pravdom, izgubljenim idealima, vodit \u0107e glavni lik sve [&hellip;]","og_url":"https:\/\/webknjizara.hr\/proizvod\/melodija-nistavila-valentino-kuzelj\/","og_site_name":"Web-knji\u017eara","article_modified_time":"2023-02-26T23:16:25+00:00","og_image":[{"width":358,"height":500,"url":"https:\/\/webknjizara.hr\/wp-content\/uploads\/nc\/images\/virtuemart\/product\/melodija-ni-tav-560d3f5771701.jpg","type":"image\/jpeg"}],"twitter_card":"summary_large_image","twitter_misc":{"Est. reading time":"2 minutes"},"schema":{"@context":"https:\/\/schema.org","@graph":[{"@type":"WebPage","@id":"https:\/\/webknjizara.hr\/proizvod\/melodija-nistavila-valentino-kuzelj\/","url":"https:\/\/webknjizara.hr\/proizvod\/melodija-nistavila-valentino-kuzelj\/","name":"MELODIJA NI\u0160TAVILA, Valentino Kuzelj - Web-knji\u017eara","isPartOf":{"@id":"https:\/\/webknjizara.hr\/#website"},"primaryImageOfPage":{"@id":"https:\/\/webknjizara.hr\/proizvod\/melodija-nistavila-valentino-kuzelj\/#primaryimage"},"image":{"@id":"https:\/\/webknjizara.hr\/proizvod\/melodija-nistavila-valentino-kuzelj\/#primaryimage"},"thumbnailUrl":"https:\/\/webknjizara.hr\/wp-content\/uploads\/nc\/images\/virtuemart\/product\/melodija-ni-tav-560d3f5771701.jpg","datePublished":"2015-05-07T14:52:28+00:00","dateModified":"2023-02-26T23:16:25+00:00","breadcrumb":{"@id":"https:\/\/webknjizara.hr\/proizvod\/melodija-nistavila-valentino-kuzelj\/#breadcrumb"},"inLanguage":"en-US","potentialAction":[{"@type":"ReadAction","target":["https:\/\/webknjizara.hr\/proizvod\/melodija-nistavila-valentino-kuzelj\/"]}]},{"@type":"ImageObject","inLanguage":"en-US","@id":"https:\/\/webknjizara.hr\/proizvod\/melodija-nistavila-valentino-kuzelj\/#primaryimage","url":"https:\/\/webknjizara.hr\/wp-content\/uploads\/nc\/images\/virtuemart\/product\/melodija-ni-tav-560d3f5771701.jpg","contentUrl":"https:\/\/webknjizara.hr\/wp-content\/uploads\/nc\/images\/virtuemart\/product\/melodija-ni-tav-560d3f5771701.jpg","width":358,"height":500,"caption":"MELODIJA NI\u0160TAVILA, Valentino Kuzelj"},{"@type":"BreadcrumbList","@id":"https:\/\/webknjizara.hr\/proizvod\/melodija-nistavila-valentino-kuzelj\/#breadcrumb","itemListElement":[{"@type":"ListItem","position":1,"name":"Po\u010detna stranica","item":"https:\/\/webknjizara.hr\/en\/"},{"@type":"ListItem","position":2,"name":"Shop","item":"https:\/\/webknjizara.hr\/shop\/"},{"@type":"ListItem","position":3,"name":"MELODIJA NI\u0160TAVILA, Valentino Kuzelj"}]},{"@type":"WebSite","@id":"https:\/\/webknjizara.hr\/#website","url":"https:\/\/webknjizara.hr\/","name":"Web Knji\u017eara","description":"","publisher":{"@id":"https:\/\/webknjizara.hr\/#organization"},"potentialAction":[{"@type":"SearchAction","target":{"@type":"EntryPoint","urlTemplate":"https:\/\/webknjizara.hr\/?s={search_term_string}"},"query-input":{"@type":"PropertyValueSpecification","valueRequired":true,"valueName":"search_term_string"}}],"inLanguage":"en-US"},{"@type":"Organization","@id":"https:\/\/webknjizara.hr\/#organization","name":"REDAK D.O.O.","url":"https:\/\/webknjizara.hr\/","logo":{"@type":"ImageObject","inLanguage":"en-US","@id":"https:\/\/webknjizara.hr\/#\/schema\/logo\/image\/","url":"https:\/\/webknjizara.hr\/wp-content\/uploads\/2023\/01\/web-knjizara-logo.webp","contentUrl":"https:\/\/webknjizara.hr\/wp-content\/uploads\/2023\/01\/web-knjizara-logo.webp","width":324,"height":79,"caption":"REDAK D.O.O."},"image":{"@id":"https:\/\/webknjizara.hr\/#\/schema\/logo\/image\/"}}]}},"_links":{"self":[{"href":"https:\/\/webknjizara.hr\/en\/wp-json\/wp\/v2\/product\/7993","targetHints":{"allow":["GET"]}}],"collection":[{"href":"https:\/\/webknjizara.hr\/en\/wp-json\/wp\/v2\/product"}],"about":[{"href":"https:\/\/webknjizara.hr\/en\/wp-json\/wp\/v2\/types\/product"}],"replies":[{"embeddable":true,"href":"https:\/\/webknjizara.hr\/en\/wp-json\/wp\/v2\/comments?post=7993"}],"wp:featuredmedia":[{"embeddable":true,"href":"https:\/\/webknjizara.hr\/en\/wp-json\/wp\/v2\/media\/7994"}],"wp:attachment":[{"href":"https:\/\/webknjizara.hr\/en\/wp-json\/wp\/v2\/media?parent=7993"}],"wp:term":[{"taxonomy":"product_brand","embeddable":true,"href":"https:\/\/webknjizara.hr\/en\/wp-json\/wp\/v2\/product_brand?post=7993"},{"taxonomy":"product_cat","embeddable":true,"href":"https:\/\/webknjizara.hr\/en\/wp-json\/wp\/v2\/product_cat?post=7993"},{"taxonomy":"product_tag","embeddable":true,"href":"https:\/\/webknjizara.hr\/en\/wp-json\/wp\/v2\/product_tag?post=7993"}],"curies":[{"name":"wp","href":"https:\/\/api.w.org\/{rel}","templated":true}]}}