{"id":7987,"date":"2015-04-25T16:49:48","date_gmt":"2015-04-25T16:49:48","guid":{"rendered":"https:\/\/webknjizara.hr\/?product=zeno-beznacajnog-imena-mirjana-radman"},"modified":"2023-02-27T00:16:24","modified_gmt":"2023-02-26T23:16:24","slug":"zeno-beznacajnog-imena-mirjana-radman","status":"publish","type":"product","link":"https:\/\/webknjizara.hr\/en\/proizvod\/zeno-beznacajnog-imena-mirjana-radman\/","title":{"rendered":"\u017dENO BEZNA\u010cAJNOG IMENA, Mirjana Radman"},"content":{"rendered":"<p style=\"text-align: justify;\"><strong>Sa\u017eetak:<\/strong><\/p>\n<p>Kao \u0161to mjese\u010dina obasjava put, tako i sunce pu\u0161ta svoje prve sun\u010deve zrake nad dobrima i slabima&#8230;<\/p>\n<p>Autorica knjige \u201e\u017deno bezna\u010dajnog imena\u201d retrospektivno se osvr\u0107e na dane provedene sa svojim ocem, dok se glavna radnja odvija u Sarajevu, gradu u kojem je autorica ro\u0111ena. Njezin \u017eivot doti\u010de i predio Bosanske Posavine (Turi\u0107, o\u010devo rodno mjesto), djelomi\u010dno Slavoniju, a najve\u0107im dijelom Dalmaciju u kojoj je zasnovala obitelj. U njezinoj pri\u010di predvladava bosanski jezik i pone\u0161to slavonski i dalmatinski dijalekt. <\/p>\n<p>\u017deno bezna\u010dajnog imena, kako je autoricu znao otac zvati, dugo vremena je u njoj budio osje\u0107aj manje vrijednosti dok nije razumjela pravu simboliku toga imena, i to tek nakon odlaska svoga oca na mjesto puno Bo\u017eje spoznaje, otkrivenja i oslobo\u0111enja&#8230;<\/p>\n<p style=\"text-align: justify;\"><strong>Bilje\u0161ka o autorici:<\/strong> <\/p>\n<p>Autorica je ro\u0111ena 20.11.1960. u Sarajevu. Velik dio svog djetinjstva je provela u Bosanskoj Posavini, u Turi\u0107u kod bake koja ju je hrabro\u0161\u0107u i velikom \u017eivotnom mudro\u0161\u0107u pripremila kroz \u017eivot. Ljubav prema pletenju i vezenju je naslijedila od svoje druge bake, a veliku \u017eelju za \u010ditanjem i poezijom od \u010dovjeka, svog oca , Ilije Matanovi\u0107a koji joj je za \u017eivota bio veliko nadahnu\u0107e, a i nakon.<\/p>\n<p style=\"text-align: justify;\"><strong>Klju\u010dne rije\u010di:<\/strong> \u017dena, ime<\/p>\n<p style=\"text-align: justify;\"><strong>Naslov:<\/strong> \u017deno bezna\u010dajnog imena<br \/><strong>Autor:<\/strong> Mirjana Radman<br \/><strong>Broj stranica:<\/strong> 88<br \/><strong>Nakladnik:<\/strong> Redak<br \/><strong>Godina izdanja:<\/strong> 2015.<br \/><strong>ISBN:<\/strong> 978-953-336-193-2<br \/><strong>Tisak:<\/strong> digitalni tisak knjiga &#8211; print na zahtjev<\/p>\n","protected":false},"excerpt":{"rendered":"<p>Sa\u017eetak: Kao \u0161to mjese\u010dina obasjava put, tako i sunce pu\u0161ta svoje prve sun\u010deve zrake nad dobrima i slabima&#8230; Autorica knjige \u201e\u017deno bezna\u010dajnog imena\u201d retrospektivno se osvr\u0107e na dane provedene sa svojim ocem, dok se glavna radnja odvija u Sarajevu, gradu u kojem je autorica ro\u0111ena. Njezin \u017eivot doti\u010de i predio Bosanske Posavine (Turi\u0107, o\u010devo rodno [&hellip;]<\/p>\n","protected":false},"featured_media":7988,"comment_status":"open","ping_status":"closed","template":"","meta":{"_acf_changed":false},"product_brand":[],"product_cat":[1383,1385],"product_tag":[],"class_list":{"0":"post-7987","1":"product","2":"type-product","3":"status-publish","4":"has-post-thumbnail","6":"product_cat-knjige","7":"product_cat-knjizevnost","8":"pa_autor-mirjana-radman","9":"pa_nakladnik-redak","11":"first","12":"instock","13":"shipping-taxable","14":"purchasable","15":"product-type-simple"},"acf":[],"yoast_head":"<!-- This site is optimized with the Yoast SEO plugin v27.3 - https:\/\/yoast.com\/product\/yoast-seo-wordpress\/ -->\n<title>\u017dENO BEZNA\u010cAJNOG IMENA, Mirjana Radman - Web-knji\u017eara<\/title>\n<meta name=\"robots\" content=\"index, follow, max-snippet:-1, max-image-preview:large, max-video-preview:-1\" \/>\n<link rel=\"canonical\" href=\"https:\/\/webknjizara.hr\/proizvod\/zeno-beznacajnog-imena-mirjana-radman\/\" \/>\n<meta property=\"og:locale\" content=\"en_US\" \/>\n<meta property=\"og:type\" content=\"article\" \/>\n<meta property=\"og:title\" content=\"\u017dENO BEZNA\u010cAJNOG IMENA, Mirjana Radman - Web-knji\u017eara\" \/>\n<meta property=\"og:description\" content=\"Sa\u017eetak: Kao \u0161to mjese\u010dina obasjava put, tako i sunce pu\u0161ta svoje prve sun\u010deve zrake nad dobrima i slabima&#8230; Autorica knjige \u201e\u017deno bezna\u010dajnog imena\u201d retrospektivno se osvr\u0107e na dane provedene sa svojim ocem, dok se glavna radnja odvija u Sarajevu, gradu u kojem je autorica ro\u0111ena. Njezin \u017eivot doti\u010de i predio Bosanske Posavine (Turi\u0107, o\u010devo rodno [&hellip;]\" \/>\n<meta property=\"og:url\" content=\"https:\/\/webknjizara.hr\/proizvod\/zeno-beznacajnog-imena-mirjana-radman\/\" \/>\n<meta property=\"og:site_name\" content=\"Web-knji\u017eara\" \/>\n<meta property=\"article:modified_time\" content=\"2023-02-26T23:16:24+00:00\" \/>\n<meta property=\"og:image\" content=\"https:\/\/webknjizara.hr\/wp-content\/uploads\/nc\/images\/virtuemart\/product\/eno-bezna-ajn-553bc5accdc7d.jpg\" \/>\n\t<meta property=\"og:image:width\" content=\"358\" \/>\n\t<meta property=\"og:image:height\" content=\"500\" \/>\n\t<meta property=\"og:image:type\" content=\"image\/jpeg\" \/>\n<meta name=\"twitter:card\" content=\"summary_large_image\" \/>\n<meta name=\"twitter:label1\" content=\"Est. reading time\" \/>\n\t<meta name=\"twitter:data1\" content=\"1 minute\" \/>\n<script type=\"application\/ld+json\" class=\"yoast-schema-graph\">{\"@context\":\"https:\\\/\\\/schema.org\",\"@graph\":[{\"@type\":\"WebPage\",\"@id\":\"https:\\\/\\\/webknjizara.hr\\\/proizvod\\\/zeno-beznacajnog-imena-mirjana-radman\\\/\",\"url\":\"https:\\\/\\\/webknjizara.hr\\\/proizvod\\\/zeno-beznacajnog-imena-mirjana-radman\\\/\",\"name\":\"\u017dENO BEZNA\u010cAJNOG IMENA, Mirjana Radman - Web-knji\u017eara\",\"isPartOf\":{\"@id\":\"https:\\\/\\\/webknjizara.hr\\\/#website\"},\"primaryImageOfPage\":{\"@id\":\"https:\\\/\\\/webknjizara.hr\\\/proizvod\\\/zeno-beznacajnog-imena-mirjana-radman\\\/#primaryimage\"},\"image\":{\"@id\":\"https:\\\/\\\/webknjizara.hr\\\/proizvod\\\/zeno-beznacajnog-imena-mirjana-radman\\\/#primaryimage\"},\"thumbnailUrl\":\"https:\\\/\\\/webknjizara.hr\\\/wp-content\\\/uploads\\\/nc\\\/images\\\/virtuemart\\\/product\\\/eno-bezna-ajn-553bc5accdc7d.jpg\",\"datePublished\":\"2015-04-25T16:49:48+00:00\",\"dateModified\":\"2023-02-26T23:16:24+00:00\",\"breadcrumb\":{\"@id\":\"https:\\\/\\\/webknjizara.hr\\\/proizvod\\\/zeno-beznacajnog-imena-mirjana-radman\\\/#breadcrumb\"},\"inLanguage\":\"en-US\",\"potentialAction\":[{\"@type\":\"ReadAction\",\"target\":[\"https:\\\/\\\/webknjizara.hr\\\/proizvod\\\/zeno-beznacajnog-imena-mirjana-radman\\\/\"]}]},{\"@type\":\"ImageObject\",\"inLanguage\":\"en-US\",\"@id\":\"https:\\\/\\\/webknjizara.hr\\\/proizvod\\\/zeno-beznacajnog-imena-mirjana-radman\\\/#primaryimage\",\"url\":\"https:\\\/\\\/webknjizara.hr\\\/wp-content\\\/uploads\\\/nc\\\/images\\\/virtuemart\\\/product\\\/eno-bezna-ajn-553bc5accdc7d.jpg\",\"contentUrl\":\"https:\\\/\\\/webknjizara.hr\\\/wp-content\\\/uploads\\\/nc\\\/images\\\/virtuemart\\\/product\\\/eno-bezna-ajn-553bc5accdc7d.jpg\",\"width\":358,\"height\":500,\"caption\":\"\u017dENO BEZNA\u010cAJNOG IMENA, Mirjana Radman\"},{\"@type\":\"BreadcrumbList\",\"@id\":\"https:\\\/\\\/webknjizara.hr\\\/proizvod\\\/zeno-beznacajnog-imena-mirjana-radman\\\/#breadcrumb\",\"itemListElement\":[{\"@type\":\"ListItem\",\"position\":1,\"name\":\"Po\u010detna stranica\",\"item\":\"https:\\\/\\\/webknjizara.hr\\\/en\\\/\"},{\"@type\":\"ListItem\",\"position\":2,\"name\":\"Shop\",\"item\":\"https:\\\/\\\/webknjizara.hr\\\/shop\\\/\"},{\"@type\":\"ListItem\",\"position\":3,\"name\":\"\u017dENO BEZNA\u010cAJNOG IMENA, Mirjana Radman\"}]},{\"@type\":\"WebSite\",\"@id\":\"https:\\\/\\\/webknjizara.hr\\\/#website\",\"url\":\"https:\\\/\\\/webknjizara.hr\\\/\",\"name\":\"Web Knji\u017eara\",\"description\":\"\",\"publisher\":{\"@id\":\"https:\\\/\\\/webknjizara.hr\\\/#organization\"},\"potentialAction\":[{\"@type\":\"SearchAction\",\"target\":{\"@type\":\"EntryPoint\",\"urlTemplate\":\"https:\\\/\\\/webknjizara.hr\\\/?s={search_term_string}\"},\"query-input\":{\"@type\":\"PropertyValueSpecification\",\"valueRequired\":true,\"valueName\":\"search_term_string\"}}],\"inLanguage\":\"en-US\"},{\"@type\":\"Organization\",\"@id\":\"https:\\\/\\\/webknjizara.hr\\\/#organization\",\"name\":\"REDAK D.O.O.\",\"url\":\"https:\\\/\\\/webknjizara.hr\\\/\",\"logo\":{\"@type\":\"ImageObject\",\"inLanguage\":\"en-US\",\"@id\":\"https:\\\/\\\/webknjizara.hr\\\/#\\\/schema\\\/logo\\\/image\\\/\",\"url\":\"https:\\\/\\\/webknjizara.hr\\\/wp-content\\\/uploads\\\/2023\\\/01\\\/web-knjizara-logo.webp\",\"contentUrl\":\"https:\\\/\\\/webknjizara.hr\\\/wp-content\\\/uploads\\\/2023\\\/01\\\/web-knjizara-logo.webp\",\"width\":324,\"height\":79,\"caption\":\"REDAK D.O.O.\"},\"image\":{\"@id\":\"https:\\\/\\\/webknjizara.hr\\\/#\\\/schema\\\/logo\\\/image\\\/\"}}]}<\/script>\n<!-- \/ Yoast SEO plugin. -->","yoast_head_json":{"title":"\u017dENO BEZNA\u010cAJNOG IMENA, Mirjana Radman - Web-knji\u017eara","robots":{"index":"index","follow":"follow","max-snippet":"max-snippet:-1","max-image-preview":"max-image-preview:large","max-video-preview":"max-video-preview:-1"},"canonical":"https:\/\/webknjizara.hr\/proizvod\/zeno-beznacajnog-imena-mirjana-radman\/","og_locale":"en_US","og_type":"article","og_title":"\u017dENO BEZNA\u010cAJNOG IMENA, Mirjana Radman - Web-knji\u017eara","og_description":"Sa\u017eetak: Kao \u0161to mjese\u010dina obasjava put, tako i sunce pu\u0161ta svoje prve sun\u010deve zrake nad dobrima i slabima&#8230; Autorica knjige \u201e\u017deno bezna\u010dajnog imena\u201d retrospektivno se osvr\u0107e na dane provedene sa svojim ocem, dok se glavna radnja odvija u Sarajevu, gradu u kojem je autorica ro\u0111ena. Njezin \u017eivot doti\u010de i predio Bosanske Posavine (Turi\u0107, o\u010devo rodno [&hellip;]","og_url":"https:\/\/webknjizara.hr\/proizvod\/zeno-beznacajnog-imena-mirjana-radman\/","og_site_name":"Web-knji\u017eara","article_modified_time":"2023-02-26T23:16:24+00:00","og_image":[{"width":358,"height":500,"url":"https:\/\/webknjizara.hr\/wp-content\/uploads\/nc\/images\/virtuemart\/product\/eno-bezna-ajn-553bc5accdc7d.jpg","type":"image\/jpeg"}],"twitter_card":"summary_large_image","twitter_misc":{"Est. reading time":"1 minute"},"schema":{"@context":"https:\/\/schema.org","@graph":[{"@type":"WebPage","@id":"https:\/\/webknjizara.hr\/proizvod\/zeno-beznacajnog-imena-mirjana-radman\/","url":"https:\/\/webknjizara.hr\/proizvod\/zeno-beznacajnog-imena-mirjana-radman\/","name":"\u017dENO BEZNA\u010cAJNOG IMENA, Mirjana Radman - Web-knji\u017eara","isPartOf":{"@id":"https:\/\/webknjizara.hr\/#website"},"primaryImageOfPage":{"@id":"https:\/\/webknjizara.hr\/proizvod\/zeno-beznacajnog-imena-mirjana-radman\/#primaryimage"},"image":{"@id":"https:\/\/webknjizara.hr\/proizvod\/zeno-beznacajnog-imena-mirjana-radman\/#primaryimage"},"thumbnailUrl":"https:\/\/webknjizara.hr\/wp-content\/uploads\/nc\/images\/virtuemart\/product\/eno-bezna-ajn-553bc5accdc7d.jpg","datePublished":"2015-04-25T16:49:48+00:00","dateModified":"2023-02-26T23:16:24+00:00","breadcrumb":{"@id":"https:\/\/webknjizara.hr\/proizvod\/zeno-beznacajnog-imena-mirjana-radman\/#breadcrumb"},"inLanguage":"en-US","potentialAction":[{"@type":"ReadAction","target":["https:\/\/webknjizara.hr\/proizvod\/zeno-beznacajnog-imena-mirjana-radman\/"]}]},{"@type":"ImageObject","inLanguage":"en-US","@id":"https:\/\/webknjizara.hr\/proizvod\/zeno-beznacajnog-imena-mirjana-radman\/#primaryimage","url":"https:\/\/webknjizara.hr\/wp-content\/uploads\/nc\/images\/virtuemart\/product\/eno-bezna-ajn-553bc5accdc7d.jpg","contentUrl":"https:\/\/webknjizara.hr\/wp-content\/uploads\/nc\/images\/virtuemart\/product\/eno-bezna-ajn-553bc5accdc7d.jpg","width":358,"height":500,"caption":"\u017dENO BEZNA\u010cAJNOG IMENA, Mirjana Radman"},{"@type":"BreadcrumbList","@id":"https:\/\/webknjizara.hr\/proizvod\/zeno-beznacajnog-imena-mirjana-radman\/#breadcrumb","itemListElement":[{"@type":"ListItem","position":1,"name":"Po\u010detna stranica","item":"https:\/\/webknjizara.hr\/en\/"},{"@type":"ListItem","position":2,"name":"Shop","item":"https:\/\/webknjizara.hr\/shop\/"},{"@type":"ListItem","position":3,"name":"\u017dENO BEZNA\u010cAJNOG IMENA, Mirjana Radman"}]},{"@type":"WebSite","@id":"https:\/\/webknjizara.hr\/#website","url":"https:\/\/webknjizara.hr\/","name":"Web Knji\u017eara","description":"","publisher":{"@id":"https:\/\/webknjizara.hr\/#organization"},"potentialAction":[{"@type":"SearchAction","target":{"@type":"EntryPoint","urlTemplate":"https:\/\/webknjizara.hr\/?s={search_term_string}"},"query-input":{"@type":"PropertyValueSpecification","valueRequired":true,"valueName":"search_term_string"}}],"inLanguage":"en-US"},{"@type":"Organization","@id":"https:\/\/webknjizara.hr\/#organization","name":"REDAK D.O.O.","url":"https:\/\/webknjizara.hr\/","logo":{"@type":"ImageObject","inLanguage":"en-US","@id":"https:\/\/webknjizara.hr\/#\/schema\/logo\/image\/","url":"https:\/\/webknjizara.hr\/wp-content\/uploads\/2023\/01\/web-knjizara-logo.webp","contentUrl":"https:\/\/webknjizara.hr\/wp-content\/uploads\/2023\/01\/web-knjizara-logo.webp","width":324,"height":79,"caption":"REDAK D.O.O."},"image":{"@id":"https:\/\/webknjizara.hr\/#\/schema\/logo\/image\/"}}]}},"_links":{"self":[{"href":"https:\/\/webknjizara.hr\/en\/wp-json\/wp\/v2\/product\/7987","targetHints":{"allow":["GET"]}}],"collection":[{"href":"https:\/\/webknjizara.hr\/en\/wp-json\/wp\/v2\/product"}],"about":[{"href":"https:\/\/webknjizara.hr\/en\/wp-json\/wp\/v2\/types\/product"}],"replies":[{"embeddable":true,"href":"https:\/\/webknjizara.hr\/en\/wp-json\/wp\/v2\/comments?post=7987"}],"wp:featuredmedia":[{"embeddable":true,"href":"https:\/\/webknjizara.hr\/en\/wp-json\/wp\/v2\/media\/7988"}],"wp:attachment":[{"href":"https:\/\/webknjizara.hr\/en\/wp-json\/wp\/v2\/media?parent=7987"}],"wp:term":[{"taxonomy":"product_brand","embeddable":true,"href":"https:\/\/webknjizara.hr\/en\/wp-json\/wp\/v2\/product_brand?post=7987"},{"taxonomy":"product_cat","embeddable":true,"href":"https:\/\/webknjizara.hr\/en\/wp-json\/wp\/v2\/product_cat?post=7987"},{"taxonomy":"product_tag","embeddable":true,"href":"https:\/\/webknjizara.hr\/en\/wp-json\/wp\/v2\/product_tag?post=7987"}],"curies":[{"name":"wp","href":"https:\/\/api.w.org\/{rel}","templated":true}]}}