{"id":7981,"date":"2015-04-20T17:21:10","date_gmt":"2015-04-20T17:21:10","guid":{"rendered":"https:\/\/webknjizara.hr\/?product=filozofija-spoznaje-i-logika-pristanka-johna-henryja-newmana"},"modified":"2023-02-27T00:16:23","modified_gmt":"2023-02-26T23:16:23","slug":"filozofija-spoznaje-i-logika-pristanka-johna-henryja-newmana","status":"publish","type":"product","link":"https:\/\/webknjizara.hr\/en\/proizvod\/filozofija-spoznaje-i-logika-pristanka-johna-henryja-newmana\/","title":{"rendered":"FILOZOFIJA SPOZNAJE I LOGIKA PRISTANKA JOHNA HENRYJA NEWMANA"},"content":{"rendered":"<p style=\"text-align: justify;\"><strong>Sa\u017eetak:<br \/><\/strong><br \/>John Henry Newman predstavlja jednu on najzanimljivijih li\u010dnosti engleske intelektualne scene XIX stolje\u0107a koji je svojim teolo\u0161kim i filozofskim djelima privla\u010dio pozornost i utjecao na cijeli niz britanskih mislioca. U knjizi Filozofija spoznaje i Logika pristanak Johna Henryja Newmana autorica iznosi temelje Newmanove filozofije spoznaje, posebno nauk o pristanku kao njegovom originalnom doprinosu razumijevanju ljudskog spoznajnog \u017eivota.<\/p>\n<p><strong>Bilje\u0161ka o autorici:<\/strong> <\/p>\n<p>Maja Poljak je ro\u0111ena 07. o\u017eujka 1984. godine u Sinju u kojem je zavr\u0161ila osnovnu \u0161kolu i Franjeva\u010dku klasi\u010dnu gimnaziju. 2002. godine upisala je dvopredmetni sveu\u010dili\u0161ni studij filozofije i ruskoga jezika i knji\u017eevnosti na Sveu\u010dili\u0161tu u Zadru na kojem je 2007. godine diplomirala, te se iste godine zaposlila na Odjelu za filozofiju Sveu\u010dili\u0161ta u Zadru. Doktorsku tezu je uspje\u0161no obranila 2011. godine, te s izlaganjima redovito sudjeluje na doma\u0107im i me\u0111unarodnim znanstvenim simpozijima te objavljuje \u010dlanke iz filozofije u znanstvenim \u010dasopisima u domovini<\/p>\n<p><strong>Klju\u010dne rije\u010di:<\/strong> John Henry Newman, Logika pristanka, spoznaja, filozofija religije, shva\u0107anje, realni i nominalni pristanak<\/p>\n<p style=\"text-align: justify;\"><strong>Naslov:<\/strong> Filozofija spoznaje i Logika pristanka Johna Henryja Newmana<br \/><strong>Autor:<\/strong> Maja Poljak<br \/><strong>Broj stranica:<\/strong> 256<br \/><strong>Nakladnik:<\/strong> REDAK<br \/><strong>Godina izdanja:<\/strong> 2015.<br \/><strong>ISBN:<\/strong> 978-953-336-196-3<br \/><strong>Tisak:<\/strong> digitalni tisak knjiga &#8211; print na zahtjev<\/p>\n","protected":false},"excerpt":{"rendered":"<p>Sa\u017eetak:John Henry Newman predstavlja jednu on najzanimljivijih li\u010dnosti engleske intelektualne scene XIX stolje\u0107a koji je svojim teolo\u0161kim i filozofskim djelima privla\u010dio pozornost i utjecao na cijeli niz britanskih mislioca. U knjizi Filozofija spoznaje i Logika pristanak Johna Henryja Newmana autorica iznosi temelje Newmanove filozofije spoznaje, posebno nauk o pristanku kao njegovom originalnom doprinosu razumijevanju ljudskog [&hellip;]<\/p>\n","protected":false},"featured_media":7982,"comment_status":"open","ping_status":"closed","template":"","meta":{"_acf_changed":false},"product_brand":[],"product_cat":[1383,1385],"product_tag":[],"class_list":{"0":"post-7981","1":"product","2":"type-product","3":"status-publish","4":"has-post-thumbnail","6":"product_cat-knjige","7":"product_cat-knjizevnost","8":"pa_autor-maja-poljak","9":"pa_nakladnik-redak","11":"first","12":"instock","13":"shipping-taxable","14":"purchasable","15":"product-type-simple"},"acf":[],"yoast_head":"<!-- This site is optimized with the Yoast SEO plugin v27.3 - https:\/\/yoast.com\/product\/yoast-seo-wordpress\/ -->\n<title>FILOZOFIJA SPOZNAJE I LOGIKA PRISTANKA JOHNA HENRYJA NEWMANA - Web-knji\u017eara<\/title>\n<meta name=\"robots\" content=\"index, follow, max-snippet:-1, max-image-preview:large, max-video-preview:-1\" \/>\n<link rel=\"canonical\" href=\"https:\/\/webknjizara.hr\/proizvod\/filozofija-spoznaje-i-logika-pristanka-johna-henryja-newmana\/\" \/>\n<meta property=\"og:locale\" content=\"en_US\" \/>\n<meta property=\"og:type\" content=\"article\" \/>\n<meta property=\"og:title\" content=\"FILOZOFIJA SPOZNAJE I LOGIKA PRISTANKA JOHNA HENRYJA NEWMANA - Web-knji\u017eara\" \/>\n<meta property=\"og:description\" content=\"Sa\u017eetak:John Henry Newman predstavlja jednu on najzanimljivijih li\u010dnosti engleske intelektualne scene XIX stolje\u0107a koji je svojim teolo\u0161kim i filozofskim djelima privla\u010dio pozornost i utjecao na cijeli niz britanskih mislioca. U knjizi Filozofija spoznaje i Logika pristanak Johna Henryja Newmana autorica iznosi temelje Newmanove filozofije spoznaje, posebno nauk o pristanku kao njegovom originalnom doprinosu razumijevanju ljudskog [&hellip;]\" \/>\n<meta property=\"og:url\" content=\"https:\/\/webknjizara.hr\/proizvod\/filozofija-spoznaje-i-logika-pristanka-johna-henryja-newmana\/\" \/>\n<meta property=\"og:site_name\" content=\"Web-knji\u017eara\" \/>\n<meta property=\"article:modified_time\" content=\"2023-02-26T23:16:23+00:00\" \/>\n<meta property=\"og:image\" content=\"https:\/\/webknjizara.hr\/wp-content\/uploads\/nc\/images\/virtuemart\/product\/filozofija-spozn-55353586aea80.jpg\" \/>\n\t<meta property=\"og:image:width\" content=\"344\" \/>\n\t<meta property=\"og:image:height\" content=\"500\" \/>\n\t<meta property=\"og:image:type\" content=\"image\/jpeg\" \/>\n<meta name=\"twitter:card\" content=\"summary_large_image\" \/>\n<meta name=\"twitter:label1\" content=\"Est. reading time\" \/>\n\t<meta name=\"twitter:data1\" content=\"1 minute\" \/>\n<script type=\"application\/ld+json\" class=\"yoast-schema-graph\">{\"@context\":\"https:\\\/\\\/schema.org\",\"@graph\":[{\"@type\":\"WebPage\",\"@id\":\"https:\\\/\\\/webknjizara.hr\\\/proizvod\\\/filozofija-spoznaje-i-logika-pristanka-johna-henryja-newmana\\\/\",\"url\":\"https:\\\/\\\/webknjizara.hr\\\/proizvod\\\/filozofija-spoznaje-i-logika-pristanka-johna-henryja-newmana\\\/\",\"name\":\"FILOZOFIJA SPOZNAJE I LOGIKA PRISTANKA JOHNA HENRYJA NEWMANA - Web-knji\u017eara\",\"isPartOf\":{\"@id\":\"https:\\\/\\\/webknjizara.hr\\\/#website\"},\"primaryImageOfPage\":{\"@id\":\"https:\\\/\\\/webknjizara.hr\\\/proizvod\\\/filozofija-spoznaje-i-logika-pristanka-johna-henryja-newmana\\\/#primaryimage\"},\"image\":{\"@id\":\"https:\\\/\\\/webknjizara.hr\\\/proizvod\\\/filozofija-spoznaje-i-logika-pristanka-johna-henryja-newmana\\\/#primaryimage\"},\"thumbnailUrl\":\"https:\\\/\\\/webknjizara.hr\\\/wp-content\\\/uploads\\\/nc\\\/images\\\/virtuemart\\\/product\\\/filozofija-spozn-55353586aea80.jpg\",\"datePublished\":\"2015-04-20T17:21:10+00:00\",\"dateModified\":\"2023-02-26T23:16:23+00:00\",\"breadcrumb\":{\"@id\":\"https:\\\/\\\/webknjizara.hr\\\/proizvod\\\/filozofija-spoznaje-i-logika-pristanka-johna-henryja-newmana\\\/#breadcrumb\"},\"inLanguage\":\"en-US\",\"potentialAction\":[{\"@type\":\"ReadAction\",\"target\":[\"https:\\\/\\\/webknjizara.hr\\\/proizvod\\\/filozofija-spoznaje-i-logika-pristanka-johna-henryja-newmana\\\/\"]}]},{\"@type\":\"ImageObject\",\"inLanguage\":\"en-US\",\"@id\":\"https:\\\/\\\/webknjizara.hr\\\/proizvod\\\/filozofija-spoznaje-i-logika-pristanka-johna-henryja-newmana\\\/#primaryimage\",\"url\":\"https:\\\/\\\/webknjizara.hr\\\/wp-content\\\/uploads\\\/nc\\\/images\\\/virtuemart\\\/product\\\/filozofija-spozn-55353586aea80.jpg\",\"contentUrl\":\"https:\\\/\\\/webknjizara.hr\\\/wp-content\\\/uploads\\\/nc\\\/images\\\/virtuemart\\\/product\\\/filozofija-spozn-55353586aea80.jpg\",\"width\":344,\"height\":500,\"caption\":\"FILOZOFIJA SPOZNAJE I LOGIKA PRISTANKA JOHNA HENRYJA NEWMANA\"},{\"@type\":\"BreadcrumbList\",\"@id\":\"https:\\\/\\\/webknjizara.hr\\\/proizvod\\\/filozofija-spoznaje-i-logika-pristanka-johna-henryja-newmana\\\/#breadcrumb\",\"itemListElement\":[{\"@type\":\"ListItem\",\"position\":1,\"name\":\"Po\u010detna stranica\",\"item\":\"https:\\\/\\\/webknjizara.hr\\\/en\\\/\"},{\"@type\":\"ListItem\",\"position\":2,\"name\":\"Shop\",\"item\":\"https:\\\/\\\/webknjizara.hr\\\/shop\\\/\"},{\"@type\":\"ListItem\",\"position\":3,\"name\":\"FILOZOFIJA SPOZNAJE I LOGIKA PRISTANKA JOHNA HENRYJA NEWMANA\"}]},{\"@type\":\"WebSite\",\"@id\":\"https:\\\/\\\/webknjizara.hr\\\/#website\",\"url\":\"https:\\\/\\\/webknjizara.hr\\\/\",\"name\":\"Web Knji\u017eara\",\"description\":\"\",\"publisher\":{\"@id\":\"https:\\\/\\\/webknjizara.hr\\\/#organization\"},\"potentialAction\":[{\"@type\":\"SearchAction\",\"target\":{\"@type\":\"EntryPoint\",\"urlTemplate\":\"https:\\\/\\\/webknjizara.hr\\\/?s={search_term_string}\"},\"query-input\":{\"@type\":\"PropertyValueSpecification\",\"valueRequired\":true,\"valueName\":\"search_term_string\"}}],\"inLanguage\":\"en-US\"},{\"@type\":\"Organization\",\"@id\":\"https:\\\/\\\/webknjizara.hr\\\/#organization\",\"name\":\"REDAK D.O.O.\",\"url\":\"https:\\\/\\\/webknjizara.hr\\\/\",\"logo\":{\"@type\":\"ImageObject\",\"inLanguage\":\"en-US\",\"@id\":\"https:\\\/\\\/webknjizara.hr\\\/#\\\/schema\\\/logo\\\/image\\\/\",\"url\":\"https:\\\/\\\/webknjizara.hr\\\/wp-content\\\/uploads\\\/2023\\\/01\\\/web-knjizara-logo.webp\",\"contentUrl\":\"https:\\\/\\\/webknjizara.hr\\\/wp-content\\\/uploads\\\/2023\\\/01\\\/web-knjizara-logo.webp\",\"width\":324,\"height\":79,\"caption\":\"REDAK D.O.O.\"},\"image\":{\"@id\":\"https:\\\/\\\/webknjizara.hr\\\/#\\\/schema\\\/logo\\\/image\\\/\"}}]}<\/script>\n<!-- \/ Yoast SEO plugin. -->","yoast_head_json":{"title":"FILOZOFIJA SPOZNAJE I LOGIKA PRISTANKA JOHNA HENRYJA NEWMANA - Web-knji\u017eara","robots":{"index":"index","follow":"follow","max-snippet":"max-snippet:-1","max-image-preview":"max-image-preview:large","max-video-preview":"max-video-preview:-1"},"canonical":"https:\/\/webknjizara.hr\/proizvod\/filozofija-spoznaje-i-logika-pristanka-johna-henryja-newmana\/","og_locale":"en_US","og_type":"article","og_title":"FILOZOFIJA SPOZNAJE I LOGIKA PRISTANKA JOHNA HENRYJA NEWMANA - Web-knji\u017eara","og_description":"Sa\u017eetak:John Henry Newman predstavlja jednu on najzanimljivijih li\u010dnosti engleske intelektualne scene XIX stolje\u0107a koji je svojim teolo\u0161kim i filozofskim djelima privla\u010dio pozornost i utjecao na cijeli niz britanskih mislioca. U knjizi Filozofija spoznaje i Logika pristanak Johna Henryja Newmana autorica iznosi temelje Newmanove filozofije spoznaje, posebno nauk o pristanku kao njegovom originalnom doprinosu razumijevanju ljudskog [&hellip;]","og_url":"https:\/\/webknjizara.hr\/proizvod\/filozofija-spoznaje-i-logika-pristanka-johna-henryja-newmana\/","og_site_name":"Web-knji\u017eara","article_modified_time":"2023-02-26T23:16:23+00:00","og_image":[{"width":344,"height":500,"url":"https:\/\/webknjizara.hr\/wp-content\/uploads\/nc\/images\/virtuemart\/product\/filozofija-spozn-55353586aea80.jpg","type":"image\/jpeg"}],"twitter_card":"summary_large_image","twitter_misc":{"Est. reading time":"1 minute"},"schema":{"@context":"https:\/\/schema.org","@graph":[{"@type":"WebPage","@id":"https:\/\/webknjizara.hr\/proizvod\/filozofija-spoznaje-i-logika-pristanka-johna-henryja-newmana\/","url":"https:\/\/webknjizara.hr\/proizvod\/filozofija-spoznaje-i-logika-pristanka-johna-henryja-newmana\/","name":"FILOZOFIJA SPOZNAJE I LOGIKA PRISTANKA JOHNA HENRYJA NEWMANA - Web-knji\u017eara","isPartOf":{"@id":"https:\/\/webknjizara.hr\/#website"},"primaryImageOfPage":{"@id":"https:\/\/webknjizara.hr\/proizvod\/filozofija-spoznaje-i-logika-pristanka-johna-henryja-newmana\/#primaryimage"},"image":{"@id":"https:\/\/webknjizara.hr\/proizvod\/filozofija-spoznaje-i-logika-pristanka-johna-henryja-newmana\/#primaryimage"},"thumbnailUrl":"https:\/\/webknjizara.hr\/wp-content\/uploads\/nc\/images\/virtuemart\/product\/filozofija-spozn-55353586aea80.jpg","datePublished":"2015-04-20T17:21:10+00:00","dateModified":"2023-02-26T23:16:23+00:00","breadcrumb":{"@id":"https:\/\/webknjizara.hr\/proizvod\/filozofija-spoznaje-i-logika-pristanka-johna-henryja-newmana\/#breadcrumb"},"inLanguage":"en-US","potentialAction":[{"@type":"ReadAction","target":["https:\/\/webknjizara.hr\/proizvod\/filozofija-spoznaje-i-logika-pristanka-johna-henryja-newmana\/"]}]},{"@type":"ImageObject","inLanguage":"en-US","@id":"https:\/\/webknjizara.hr\/proizvod\/filozofija-spoznaje-i-logika-pristanka-johna-henryja-newmana\/#primaryimage","url":"https:\/\/webknjizara.hr\/wp-content\/uploads\/nc\/images\/virtuemart\/product\/filozofija-spozn-55353586aea80.jpg","contentUrl":"https:\/\/webknjizara.hr\/wp-content\/uploads\/nc\/images\/virtuemart\/product\/filozofija-spozn-55353586aea80.jpg","width":344,"height":500,"caption":"FILOZOFIJA SPOZNAJE I LOGIKA PRISTANKA JOHNA HENRYJA NEWMANA"},{"@type":"BreadcrumbList","@id":"https:\/\/webknjizara.hr\/proizvod\/filozofija-spoznaje-i-logika-pristanka-johna-henryja-newmana\/#breadcrumb","itemListElement":[{"@type":"ListItem","position":1,"name":"Po\u010detna stranica","item":"https:\/\/webknjizara.hr\/en\/"},{"@type":"ListItem","position":2,"name":"Shop","item":"https:\/\/webknjizara.hr\/shop\/"},{"@type":"ListItem","position":3,"name":"FILOZOFIJA SPOZNAJE I LOGIKA PRISTANKA JOHNA HENRYJA NEWMANA"}]},{"@type":"WebSite","@id":"https:\/\/webknjizara.hr\/#website","url":"https:\/\/webknjizara.hr\/","name":"Web Knji\u017eara","description":"","publisher":{"@id":"https:\/\/webknjizara.hr\/#organization"},"potentialAction":[{"@type":"SearchAction","target":{"@type":"EntryPoint","urlTemplate":"https:\/\/webknjizara.hr\/?s={search_term_string}"},"query-input":{"@type":"PropertyValueSpecification","valueRequired":true,"valueName":"search_term_string"}}],"inLanguage":"en-US"},{"@type":"Organization","@id":"https:\/\/webknjizara.hr\/#organization","name":"REDAK D.O.O.","url":"https:\/\/webknjizara.hr\/","logo":{"@type":"ImageObject","inLanguage":"en-US","@id":"https:\/\/webknjizara.hr\/#\/schema\/logo\/image\/","url":"https:\/\/webknjizara.hr\/wp-content\/uploads\/2023\/01\/web-knjizara-logo.webp","contentUrl":"https:\/\/webknjizara.hr\/wp-content\/uploads\/2023\/01\/web-knjizara-logo.webp","width":324,"height":79,"caption":"REDAK D.O.O."},"image":{"@id":"https:\/\/webknjizara.hr\/#\/schema\/logo\/image\/"}}]}},"_links":{"self":[{"href":"https:\/\/webknjizara.hr\/en\/wp-json\/wp\/v2\/product\/7981","targetHints":{"allow":["GET"]}}],"collection":[{"href":"https:\/\/webknjizara.hr\/en\/wp-json\/wp\/v2\/product"}],"about":[{"href":"https:\/\/webknjizara.hr\/en\/wp-json\/wp\/v2\/types\/product"}],"replies":[{"embeddable":true,"href":"https:\/\/webknjizara.hr\/en\/wp-json\/wp\/v2\/comments?post=7981"}],"wp:featuredmedia":[{"embeddable":true,"href":"https:\/\/webknjizara.hr\/en\/wp-json\/wp\/v2\/media\/7982"}],"wp:attachment":[{"href":"https:\/\/webknjizara.hr\/en\/wp-json\/wp\/v2\/media?parent=7981"}],"wp:term":[{"taxonomy":"product_brand","embeddable":true,"href":"https:\/\/webknjizara.hr\/en\/wp-json\/wp\/v2\/product_brand?post=7981"},{"taxonomy":"product_cat","embeddable":true,"href":"https:\/\/webknjizara.hr\/en\/wp-json\/wp\/v2\/product_cat?post=7981"},{"taxonomy":"product_tag","embeddable":true,"href":"https:\/\/webknjizara.hr\/en\/wp-json\/wp\/v2\/product_tag?post=7981"}],"curies":[{"name":"wp","href":"https:\/\/api.w.org\/{rel}","templated":true}]}}