{"id":7977,"date":"2015-04-16T16:11:39","date_gmt":"2015-04-16T16:11:39","guid":{"rendered":"https:\/\/webknjizara.hr\/?product=tercijarna-prevencija-neuroloskih-psihickih-onkoloskih-bolesti"},"modified":"2023-02-27T00:16:22","modified_gmt":"2023-02-26T23:16:22","slug":"tercijarna-prevencija-neuroloskih-psihickih-onkoloskih-bolesti","status":"publish","type":"product","link":"https:\/\/webknjizara.hr\/en\/proizvod\/tercijarna-prevencija-neuroloskih-psihickih-onkoloskih-bolesti\/","title":{"rendered":"TERCIJARNA PREVENCIJA NEUROLO\u0160KIH, PSIHI\u010cKIH, ONKOLO\u0160KIH BOLESTI"},"content":{"rendered":"<p style=\"text-align: justify;\"><strong><br \/>Sa\u017eetak:<br \/><\/strong><br \/>Nove spoznaje i dvojbe o lije\u010denju psihi\u010dkih poreme\u0107aja, nove spoznaje o lije\u010denju neurolo\u0161kih poreme\u0107aja, a posebno onkolo\u0161ke bolesti, kao i potreba za novijim saznanjima lije\u010dnika obiteljske medicine nametnuli su temu VI kongresa DNOOM. <\/p>\n<p>Zbornik je tiskan na 491 stranici. Sam kongres, a zbornik je slijedio strukturu kongresa imao je 5 tematskih cjelina. Tako \u0107ete u Zborniku na\u0107i tematske cjeline: \u201eSpecifi\u010dnosti pristupa bolesniku s kroni\u010dnim bolestima u obiteljskoj medicini\u201c, \u201e tercijarna prevencija kroni\u010dnih neurolo\u0161kih bolesti\u201c, Tercijarna prevencija onkolo\u0161kih bolesti\u201c, \u201e Tercijarna prevencija mentalnih bolesti\u201c i \u201eEdukacija LOM kao preduvjet kvalitetnog rada\u201c<\/p>\n<p style=\"text-align: justify;\">Ovaj Zbornik, kao i svi ostali, zbir su tekstova napisanih u obliku preglednih \u010dlanaka koji slu\u017ee kao nastavno \u0161tivo. Namijenjen je poslijediplomantima u okviru specijalizacije iz obiteljske medicine, ali i studentima. Od koristi \u0107e biti poglavito lije\u010dnicima obiteljske medicine u svakodnevnom radu, kada treba odlu\u010diti o dijagnosti\u010dkom postupku ili na\u010dinu lije\u010denja boli.<\/p>\n<p><strong>Bilje\u0161ka o urednici:<\/strong> <\/p>\n<p>Prof.dr.sc. Biserka Bergman Markovi\u0107, ro\u0111ena 13.01.1952. u Zagrebu, Hrvatska. Od 1976 godine radi u Ordinaciji op\u0107e medicine. Nakon specijalizacije iz obiteljske medicine 1982, zapo\u0161ljava se Katedri za obiteljsku medicine Medicinskog fakulteta u Zagrebu. Odlaskom u zakup gubi kumulativni radni odnos na fakultetu i do danas radi na Medicinskom fakultetu u Zagrebu u dopunskom radnom odnosu. Ponosna je na svakodnevni rad i Ordinaciji obiteljske medicine, a iskustvo tog rada prena\u0161a u nastavu. Polje u\u017eeg interesa je prevencija kardiovaskularnih bolesti. Kao predsjednik Dru\u0161tva nastavnika op\u0107e\/obiteljske medicine od 2008. godine organizirala je svake godine kongres i dvadesetak radionica na kojima poti\u010de da lije\u010dnici obiteljske medicine sudjeluju kao nastavnici u trajnoj edukaciji lije\u010dnika obiteljske medicine. Autor nekoliko desetaka znanstvenih i stru\u010dnih radova, voditelj projekta o utjecaju intervenciji lije\u010dnika obiteljske medicine na sr\u010dano \u017eilnu bolest, redoviti profesor na Medicinskom fakultetu Zagreb i redoviti \u010dlan Akademije medicinskih znanosti.<br \/><strong><br \/>Link:<\/strong> <a href=\"http:\/\/www.hlz.hr\/portal\/index.php\" target=\"_blank\" rel=\"noopener\">HLZ Portal<\/a><br \/><strong>E-mail:\u00a0<\/strong><a href=\"mailto:tajnistvo@hlz.hr\"><span style=\"text-align: justify;\">Biserka Bergman Markovi\u0107<\/span><\/a>\u00a0<\/p>\n<p style=\"text-align: justify;\"><strong>Naslov:<\/strong> Tercijarna prevencija neurolo\u0161kih, psihi\u010dkih i onkolo\u0161kih bolesti u obiteljskoj medicini<br \/><strong>Autor:<\/strong> GRUPA AUTORA, Biserka Bergman Markovi\u0107 (ur.)<br \/><strong>Broj stranica:<\/strong> 498<br \/><strong>Nakladnik:<\/strong> REDAK<br \/><strong>Godina izdanja:<\/strong> 2015.<br \/><strong>ISBN:<\/strong> ISSN: 1848-4158<br \/><strong>Tisak:<\/strong> digitalni tisak knjiga &#8211; print na zahtjev<\/p>\n","protected":false},"excerpt":{"rendered":"<p>Sa\u017eetak:Nove spoznaje i dvojbe o lije\u010denju psihi\u010dkih poreme\u0107aja, nove spoznaje o lije\u010denju neurolo\u0161kih poreme\u0107aja, a posebno onkolo\u0161ke bolesti, kao i potreba za novijim saznanjima lije\u010dnika obiteljske medicine nametnuli su temu VI kongresa DNOOM. Zbornik je tiskan na 491 stranici. Sam kongres, a zbornik je slijedio strukturu kongresa imao je 5 tematskih cjelina. Tako \u0107ete u [&hellip;]<\/p>\n","protected":false},"featured_media":7978,"comment_status":"open","ping_status":"closed","template":"","meta":{"_acf_changed":false},"product_brand":[],"product_cat":[1540,1517],"product_tag":[],"class_list":{"0":"post-7977","1":"product","2":"type-product","3":"status-publish","4":"has-post-thumbnail","6":"product_cat-biomedicina-i-zdravstvo","7":"product_cat-strucna-literatura","8":"pa_autor-grupa-autora","9":"pa_autor-biserka-bergman-markovic-ur","10":"pa_nakladnik-redak","12":"first","13":"instock","14":"shipping-taxable","15":"purchasable","16":"product-type-simple"},"acf":[],"yoast_head":"<!-- This site is optimized with the Yoast SEO plugin v27.3 - https:\/\/yoast.com\/product\/yoast-seo-wordpress\/ -->\n<title>TERCIJARNA PREVENCIJA NEUROLO\u0160KIH, PSIHI\u010cKIH, ONKOLO\u0160KIH BOLESTI - Web-knji\u017eara<\/title>\n<meta name=\"robots\" content=\"index, follow, max-snippet:-1, max-image-preview:large, max-video-preview:-1\" \/>\n<link rel=\"canonical\" href=\"https:\/\/webknjizara.hr\/proizvod\/tercijarna-prevencija-neuroloskih-psihickih-onkoloskih-bolesti\/\" \/>\n<meta property=\"og:locale\" content=\"en_US\" \/>\n<meta property=\"og:type\" content=\"article\" \/>\n<meta property=\"og:title\" content=\"TERCIJARNA PREVENCIJA NEUROLO\u0160KIH, PSIHI\u010cKIH, ONKOLO\u0160KIH BOLESTI - Web-knji\u017eara\" \/>\n<meta property=\"og:description\" content=\"Sa\u017eetak:Nove spoznaje i dvojbe o lije\u010denju psihi\u010dkih poreme\u0107aja, nove spoznaje o lije\u010denju neurolo\u0161kih poreme\u0107aja, a posebno onkolo\u0161ke bolesti, kao i potreba za novijim saznanjima lije\u010dnika obiteljske medicine nametnuli su temu VI kongresa DNOOM. Zbornik je tiskan na 491 stranici. Sam kongres, a zbornik je slijedio strukturu kongresa imao je 5 tematskih cjelina. Tako \u0107ete u [&hellip;]\" \/>\n<meta property=\"og:url\" content=\"https:\/\/webknjizara.hr\/proizvod\/tercijarna-prevencija-neuroloskih-psihickih-onkoloskih-bolesti\/\" \/>\n<meta property=\"og:site_name\" content=\"Web-knji\u017eara\" \/>\n<meta property=\"article:modified_time\" content=\"2023-02-26T23:16:22+00:00\" \/>\n<meta property=\"og:image\" content=\"https:\/\/webknjizara.hr\/wp-content\/uploads\/nc\/images\/virtuemart\/product\/tercijarna-preve-552fdf3b115c9.jpg\" \/>\n\t<meta property=\"og:image:width\" content=\"358\" \/>\n\t<meta property=\"og:image:height\" content=\"500\" \/>\n\t<meta property=\"og:image:type\" content=\"image\/jpeg\" \/>\n<meta name=\"twitter:card\" content=\"summary_large_image\" \/>\n<meta name=\"twitter:label1\" content=\"Est. reading time\" \/>\n\t<meta name=\"twitter:data1\" content=\"2 minutes\" \/>\n<script type=\"application\/ld+json\" class=\"yoast-schema-graph\">{\"@context\":\"https:\\\/\\\/schema.org\",\"@graph\":[{\"@type\":\"WebPage\",\"@id\":\"https:\\\/\\\/webknjizara.hr\\\/proizvod\\\/tercijarna-prevencija-neuroloskih-psihickih-onkoloskih-bolesti\\\/\",\"url\":\"https:\\\/\\\/webknjizara.hr\\\/proizvod\\\/tercijarna-prevencija-neuroloskih-psihickih-onkoloskih-bolesti\\\/\",\"name\":\"TERCIJARNA PREVENCIJA NEUROLO\u0160KIH, PSIHI\u010cKIH, ONKOLO\u0160KIH BOLESTI - Web-knji\u017eara\",\"isPartOf\":{\"@id\":\"https:\\\/\\\/webknjizara.hr\\\/#website\"},\"primaryImageOfPage\":{\"@id\":\"https:\\\/\\\/webknjizara.hr\\\/proizvod\\\/tercijarna-prevencija-neuroloskih-psihickih-onkoloskih-bolesti\\\/#primaryimage\"},\"image\":{\"@id\":\"https:\\\/\\\/webknjizara.hr\\\/proizvod\\\/tercijarna-prevencija-neuroloskih-psihickih-onkoloskih-bolesti\\\/#primaryimage\"},\"thumbnailUrl\":\"https:\\\/\\\/webknjizara.hr\\\/wp-content\\\/uploads\\\/nc\\\/images\\\/virtuemart\\\/product\\\/tercijarna-preve-552fdf3b115c9.jpg\",\"datePublished\":\"2015-04-16T16:11:39+00:00\",\"dateModified\":\"2023-02-26T23:16:22+00:00\",\"breadcrumb\":{\"@id\":\"https:\\\/\\\/webknjizara.hr\\\/proizvod\\\/tercijarna-prevencija-neuroloskih-psihickih-onkoloskih-bolesti\\\/#breadcrumb\"},\"inLanguage\":\"en-US\",\"potentialAction\":[{\"@type\":\"ReadAction\",\"target\":[\"https:\\\/\\\/webknjizara.hr\\\/proizvod\\\/tercijarna-prevencija-neuroloskih-psihickih-onkoloskih-bolesti\\\/\"]}]},{\"@type\":\"ImageObject\",\"inLanguage\":\"en-US\",\"@id\":\"https:\\\/\\\/webknjizara.hr\\\/proizvod\\\/tercijarna-prevencija-neuroloskih-psihickih-onkoloskih-bolesti\\\/#primaryimage\",\"url\":\"https:\\\/\\\/webknjizara.hr\\\/wp-content\\\/uploads\\\/nc\\\/images\\\/virtuemart\\\/product\\\/tercijarna-preve-552fdf3b115c9.jpg\",\"contentUrl\":\"https:\\\/\\\/webknjizara.hr\\\/wp-content\\\/uploads\\\/nc\\\/images\\\/virtuemart\\\/product\\\/tercijarna-preve-552fdf3b115c9.jpg\",\"width\":358,\"height\":500,\"caption\":\"TERCIJARNA PREVENCIJA NEUROLO\u0160KIH, PSIHI\u010cKIH, ONKOLO\u0160KIH BOLESTI\"},{\"@type\":\"BreadcrumbList\",\"@id\":\"https:\\\/\\\/webknjizara.hr\\\/proizvod\\\/tercijarna-prevencija-neuroloskih-psihickih-onkoloskih-bolesti\\\/#breadcrumb\",\"itemListElement\":[{\"@type\":\"ListItem\",\"position\":1,\"name\":\"Po\u010detna stranica\",\"item\":\"https:\\\/\\\/webknjizara.hr\\\/en\\\/\"},{\"@type\":\"ListItem\",\"position\":2,\"name\":\"Shop\",\"item\":\"https:\\\/\\\/webknjizara.hr\\\/shop\\\/\"},{\"@type\":\"ListItem\",\"position\":3,\"name\":\"TERCIJARNA PREVENCIJA NEUROLO\u0160KIH, PSIHI\u010cKIH, ONKOLO\u0160KIH BOLESTI\"}]},{\"@type\":\"WebSite\",\"@id\":\"https:\\\/\\\/webknjizara.hr\\\/#website\",\"url\":\"https:\\\/\\\/webknjizara.hr\\\/\",\"name\":\"Web Knji\u017eara\",\"description\":\"\",\"publisher\":{\"@id\":\"https:\\\/\\\/webknjizara.hr\\\/#organization\"},\"potentialAction\":[{\"@type\":\"SearchAction\",\"target\":{\"@type\":\"EntryPoint\",\"urlTemplate\":\"https:\\\/\\\/webknjizara.hr\\\/?s={search_term_string}\"},\"query-input\":{\"@type\":\"PropertyValueSpecification\",\"valueRequired\":true,\"valueName\":\"search_term_string\"}}],\"inLanguage\":\"en-US\"},{\"@type\":\"Organization\",\"@id\":\"https:\\\/\\\/webknjizara.hr\\\/#organization\",\"name\":\"REDAK D.O.O.\",\"url\":\"https:\\\/\\\/webknjizara.hr\\\/\",\"logo\":{\"@type\":\"ImageObject\",\"inLanguage\":\"en-US\",\"@id\":\"https:\\\/\\\/webknjizara.hr\\\/#\\\/schema\\\/logo\\\/image\\\/\",\"url\":\"https:\\\/\\\/webknjizara.hr\\\/wp-content\\\/uploads\\\/2023\\\/01\\\/web-knjizara-logo.webp\",\"contentUrl\":\"https:\\\/\\\/webknjizara.hr\\\/wp-content\\\/uploads\\\/2023\\\/01\\\/web-knjizara-logo.webp\",\"width\":324,\"height\":79,\"caption\":\"REDAK D.O.O.\"},\"image\":{\"@id\":\"https:\\\/\\\/webknjizara.hr\\\/#\\\/schema\\\/logo\\\/image\\\/\"}}]}<\/script>\n<!-- \/ Yoast SEO plugin. -->","yoast_head_json":{"title":"TERCIJARNA PREVENCIJA NEUROLO\u0160KIH, PSIHI\u010cKIH, ONKOLO\u0160KIH BOLESTI - Web-knji\u017eara","robots":{"index":"index","follow":"follow","max-snippet":"max-snippet:-1","max-image-preview":"max-image-preview:large","max-video-preview":"max-video-preview:-1"},"canonical":"https:\/\/webknjizara.hr\/proizvod\/tercijarna-prevencija-neuroloskih-psihickih-onkoloskih-bolesti\/","og_locale":"en_US","og_type":"article","og_title":"TERCIJARNA PREVENCIJA NEUROLO\u0160KIH, PSIHI\u010cKIH, ONKOLO\u0160KIH BOLESTI - Web-knji\u017eara","og_description":"Sa\u017eetak:Nove spoznaje i dvojbe o lije\u010denju psihi\u010dkih poreme\u0107aja, nove spoznaje o lije\u010denju neurolo\u0161kih poreme\u0107aja, a posebno onkolo\u0161ke bolesti, kao i potreba za novijim saznanjima lije\u010dnika obiteljske medicine nametnuli su temu VI kongresa DNOOM. Zbornik je tiskan na 491 stranici. Sam kongres, a zbornik je slijedio strukturu kongresa imao je 5 tematskih cjelina. Tako \u0107ete u [&hellip;]","og_url":"https:\/\/webknjizara.hr\/proizvod\/tercijarna-prevencija-neuroloskih-psihickih-onkoloskih-bolesti\/","og_site_name":"Web-knji\u017eara","article_modified_time":"2023-02-26T23:16:22+00:00","og_image":[{"width":358,"height":500,"url":"https:\/\/webknjizara.hr\/wp-content\/uploads\/nc\/images\/virtuemart\/product\/tercijarna-preve-552fdf3b115c9.jpg","type":"image\/jpeg"}],"twitter_card":"summary_large_image","twitter_misc":{"Est. reading time":"2 minutes"},"schema":{"@context":"https:\/\/schema.org","@graph":[{"@type":"WebPage","@id":"https:\/\/webknjizara.hr\/proizvod\/tercijarna-prevencija-neuroloskih-psihickih-onkoloskih-bolesti\/","url":"https:\/\/webknjizara.hr\/proizvod\/tercijarna-prevencija-neuroloskih-psihickih-onkoloskih-bolesti\/","name":"TERCIJARNA PREVENCIJA NEUROLO\u0160KIH, PSIHI\u010cKIH, ONKOLO\u0160KIH BOLESTI - Web-knji\u017eara","isPartOf":{"@id":"https:\/\/webknjizara.hr\/#website"},"primaryImageOfPage":{"@id":"https:\/\/webknjizara.hr\/proizvod\/tercijarna-prevencija-neuroloskih-psihickih-onkoloskih-bolesti\/#primaryimage"},"image":{"@id":"https:\/\/webknjizara.hr\/proizvod\/tercijarna-prevencija-neuroloskih-psihickih-onkoloskih-bolesti\/#primaryimage"},"thumbnailUrl":"https:\/\/webknjizara.hr\/wp-content\/uploads\/nc\/images\/virtuemart\/product\/tercijarna-preve-552fdf3b115c9.jpg","datePublished":"2015-04-16T16:11:39+00:00","dateModified":"2023-02-26T23:16:22+00:00","breadcrumb":{"@id":"https:\/\/webknjizara.hr\/proizvod\/tercijarna-prevencija-neuroloskih-psihickih-onkoloskih-bolesti\/#breadcrumb"},"inLanguage":"en-US","potentialAction":[{"@type":"ReadAction","target":["https:\/\/webknjizara.hr\/proizvod\/tercijarna-prevencija-neuroloskih-psihickih-onkoloskih-bolesti\/"]}]},{"@type":"ImageObject","inLanguage":"en-US","@id":"https:\/\/webknjizara.hr\/proizvod\/tercijarna-prevencija-neuroloskih-psihickih-onkoloskih-bolesti\/#primaryimage","url":"https:\/\/webknjizara.hr\/wp-content\/uploads\/nc\/images\/virtuemart\/product\/tercijarna-preve-552fdf3b115c9.jpg","contentUrl":"https:\/\/webknjizara.hr\/wp-content\/uploads\/nc\/images\/virtuemart\/product\/tercijarna-preve-552fdf3b115c9.jpg","width":358,"height":500,"caption":"TERCIJARNA PREVENCIJA NEUROLO\u0160KIH, PSIHI\u010cKIH, ONKOLO\u0160KIH BOLESTI"},{"@type":"BreadcrumbList","@id":"https:\/\/webknjizara.hr\/proizvod\/tercijarna-prevencija-neuroloskih-psihickih-onkoloskih-bolesti\/#breadcrumb","itemListElement":[{"@type":"ListItem","position":1,"name":"Po\u010detna stranica","item":"https:\/\/webknjizara.hr\/en\/"},{"@type":"ListItem","position":2,"name":"Shop","item":"https:\/\/webknjizara.hr\/shop\/"},{"@type":"ListItem","position":3,"name":"TERCIJARNA PREVENCIJA NEUROLO\u0160KIH, PSIHI\u010cKIH, ONKOLO\u0160KIH BOLESTI"}]},{"@type":"WebSite","@id":"https:\/\/webknjizara.hr\/#website","url":"https:\/\/webknjizara.hr\/","name":"Web Knji\u017eara","description":"","publisher":{"@id":"https:\/\/webknjizara.hr\/#organization"},"potentialAction":[{"@type":"SearchAction","target":{"@type":"EntryPoint","urlTemplate":"https:\/\/webknjizara.hr\/?s={search_term_string}"},"query-input":{"@type":"PropertyValueSpecification","valueRequired":true,"valueName":"search_term_string"}}],"inLanguage":"en-US"},{"@type":"Organization","@id":"https:\/\/webknjizara.hr\/#organization","name":"REDAK D.O.O.","url":"https:\/\/webknjizara.hr\/","logo":{"@type":"ImageObject","inLanguage":"en-US","@id":"https:\/\/webknjizara.hr\/#\/schema\/logo\/image\/","url":"https:\/\/webknjizara.hr\/wp-content\/uploads\/2023\/01\/web-knjizara-logo.webp","contentUrl":"https:\/\/webknjizara.hr\/wp-content\/uploads\/2023\/01\/web-knjizara-logo.webp","width":324,"height":79,"caption":"REDAK D.O.O."},"image":{"@id":"https:\/\/webknjizara.hr\/#\/schema\/logo\/image\/"}}]}},"_links":{"self":[{"href":"https:\/\/webknjizara.hr\/en\/wp-json\/wp\/v2\/product\/7977","targetHints":{"allow":["GET"]}}],"collection":[{"href":"https:\/\/webknjizara.hr\/en\/wp-json\/wp\/v2\/product"}],"about":[{"href":"https:\/\/webknjizara.hr\/en\/wp-json\/wp\/v2\/types\/product"}],"replies":[{"embeddable":true,"href":"https:\/\/webknjizara.hr\/en\/wp-json\/wp\/v2\/comments?post=7977"}],"wp:featuredmedia":[{"embeddable":true,"href":"https:\/\/webknjizara.hr\/en\/wp-json\/wp\/v2\/media\/7978"}],"wp:attachment":[{"href":"https:\/\/webknjizara.hr\/en\/wp-json\/wp\/v2\/media?parent=7977"}],"wp:term":[{"taxonomy":"product_brand","embeddable":true,"href":"https:\/\/webknjizara.hr\/en\/wp-json\/wp\/v2\/product_brand?post=7977"},{"taxonomy":"product_cat","embeddable":true,"href":"https:\/\/webknjizara.hr\/en\/wp-json\/wp\/v2\/product_cat?post=7977"},{"taxonomy":"product_tag","embeddable":true,"href":"https:\/\/webknjizara.hr\/en\/wp-json\/wp\/v2\/product_tag?post=7977"}],"curies":[{"name":"wp","href":"https:\/\/api.w.org\/{rel}","templated":true}]}}