{"id":7975,"date":"2015-03-31T19:22:15","date_gmt":"2015-03-31T19:22:15","guid":{"rendered":"https:\/\/webknjizara.hr\/?product=nema-sunca-za-sve-dovoljno-stanko-petrovic"},"modified":"2023-02-27T00:16:22","modified_gmt":"2023-02-26T23:16:22","slug":"nema-sunca-za-sve-dovoljno-stanko-petrovic","status":"publish","type":"product","link":"https:\/\/webknjizara.hr\/en\/proizvod\/nema-sunca-za-sve-dovoljno-stanko-petrovic\/","title":{"rendered":"NEMA SUNCA ZA SVE DOVOLJNO, Stanko Petrovi\u0107"},"content":{"rendered":"<p style=\"text-align: justify;\"><strong>Sa\u017eetak:<br \/><\/strong><br \/><em>Kada rat stigne u miran \u017eivot ljudi, onda pred njim nitko ne mo\u017ee zatvoriti vrata. Gospodar \u017eivota i smrti, surov i nakazan poku\u0161ava ubiti sve ljudsko u \u010dovjeku, hraniti se o\u010dajem, tugom, strahom, zariti kand\u017ee u du\u0161e, nasla\u0111ivati se zlom koje \u0161iri nad svime \u0161to dotakne. Ne bira. <\/em><\/p>\n<p><em>Patnja se spu\u0161ta na Zemlju, obuzima sva bi\u0107a i nitko nije po\u0161te\u0111en; ni ljudi, ni \u017eivotinje. <\/em><\/p>\n<p><em>Stanko Petrovi\u0107, pisac zbirke pripovijedaka \u201eNema sunca za sve dovoljno\u201c osjetio je mra\u010dnu prazninu rata koja se ispunjava jadom, pogledao je u o\u010di zla, slu\u0161ao njegov suludi cerek. Bio je svjedokom ubijanja iz obijesti, iz sitne osobne koristi. <\/em><\/p>\n<p><em>Ovim pripovijestima on govori o trpljenju onih koje je Stvoritelj stvarao za \u017eivot, govori o borbi \u010dovjeka da sa\u010duva \u010dovje\u010dnost, o nastojanju plemenite \u017eivotinje da sa\u010duva svoju vrstu.<\/em><\/p>\n<p><em>Dvije pripovijesti ove zbirke, Miran i Garo svjedo\u010de dirljivu pri\u010du o \u017eivotinjama koje u svojoj prirodi nose vi\u0161e inteligencije, ljubavi i plemenitosti nego mnogi koji sebe nazivaju ljudima. Avanture kroz koje prolaze oslikavaju ru\u017ena lica rata koja se reflektiraju u poru\u0161enim selima, zgari\u0161tima, ubijenim ljudima, bombardiranju, zatiranju jednog naroda i njegovih vrednota.<\/em><\/p>\n<p><em>Druge dvije pripovijesti Sigrid i Magdina sre\u0107a pri\u010daju o ljudima u posebnim danima njihova \u017eivota, onim danima koji u trenutku znaju preokrenuti sudbinu.<\/em><\/p>\n<p>&#8211; Marija Jura\u010di\u0107, prof.<\/p>\n<p><strong>Bilje\u0161ka o autoru:<\/strong> <\/p>\n<p>Stanko Petrovi\u0107, dvanaesto dijete zagreba\u010dke radni\u010dke obitelji, ro\u0111en je 05.10.1947. godine. Svoj je \u017eivotni put posvetio prirodnim znanostima. <\/p>\n<p>Nakon zavr\u0161ene gimnazije studirao je, diplomirao i magistrirao na Veterinarskom fakultetu u Zagrebu.<\/p>\n<p>Ljubav prema umjetnosti, posebno glazbi, naslijedio je kao obiteljski znamen, pa se \u0161kolovao i za zvanje koncertnog pjeva\u010da. <\/p>\n<p>Poeziju i kratke pri\u010de pi\u0161e od gimnazijskih dana i svoje radove objavljuje u raznim \u010dasopisima; Kaj, Maruli\u0107, \u0160kolske novine i drugim literarnim publikacijama.<br \/>Godine 2010. objavljuje zbirku pjesama \u201eZrnje na vjetru\u201c koja obuhva\u0107a pjesme na kajkavskom dijalektu i standardnom jeziku, a 2013. objavljuje svoje pjesme u zajedni\u010dkoj zbirci petero ivane\u010dkih pjesnika \u201eKola\u017e s Maznice\u201c.<\/p>\n<p><strong>Klju\u010dne rije\u010di:<\/strong> Ratne pri\u010de<\/p>\n<p><strong>Link:<\/strong> <a href=\"http:\/\/www.ocaravanje.com\/\">http:\/\/www.ocaravanje.com\/<\/a><br \/><strong>E-mail:<\/strong> <a href=\"mailto:stankopetrovi52@gmail.com\">Stanko Petrovi\u0107<\/a><\/p>\n<p style=\"text-align: justify;\"><strong>Naslov:<\/strong> Nema sunca za sve dovoljno<br \/><strong>Autor:<\/strong> Stanko Petrovi\u0107<br \/><strong>Broj stranica:<\/strong> 104<br \/><strong>Nakladnik:<\/strong> REDAK<br \/><strong>Godina izdanja:<\/strong> 2015.<br \/><strong>ISBN:<\/strong> 978-953-336-189-5<br \/><strong>Tisak:<\/strong> digitalni tisak knjiga &#8211; print na zahtjev<\/p>\n","protected":false},"excerpt":{"rendered":"<p>Sa\u017eetak:Kada rat stigne u miran \u017eivot ljudi, onda pred njim nitko ne mo\u017ee zatvoriti vrata. Gospodar \u017eivota i smrti, surov i nakazan poku\u0161ava ubiti sve ljudsko u \u010dovjeku, hraniti se o\u010dajem, tugom, strahom, zariti kand\u017ee u du\u0161e, nasla\u0111ivati se zlom koje \u0161iri nad svime \u0161to dotakne. Ne bira. Patnja se spu\u0161ta na Zemlju, obuzima sva [&hellip;]<\/p>\n","protected":false},"featured_media":7976,"comment_status":"open","ping_status":"closed","template":"","meta":{"_acf_changed":false},"product_brand":[],"product_cat":[1383,1385],"product_tag":[],"class_list":{"0":"post-7975","1":"product","2":"type-product","3":"status-publish","4":"has-post-thumbnail","6":"product_cat-knjige","7":"product_cat-knjizevnost","8":"pa_autor-stanko-petrovic","9":"pa_nakladnik-redak","11":"first","12":"instock","13":"shipping-taxable","14":"purchasable","15":"product-type-simple"},"acf":[],"yoast_head":"<!-- This site is optimized with the Yoast SEO plugin v27.3 - https:\/\/yoast.com\/product\/yoast-seo-wordpress\/ -->\n<title>NEMA SUNCA ZA SVE DOVOLJNO, Stanko Petrovi\u0107 - Web-knji\u017eara<\/title>\n<meta name=\"robots\" content=\"index, follow, max-snippet:-1, max-image-preview:large, max-video-preview:-1\" \/>\n<link rel=\"canonical\" href=\"https:\/\/webknjizara.hr\/proizvod\/nema-sunca-za-sve-dovoljno-stanko-petrovic\/\" \/>\n<meta property=\"og:locale\" content=\"en_US\" \/>\n<meta property=\"og:type\" content=\"article\" \/>\n<meta property=\"og:title\" content=\"NEMA SUNCA ZA SVE DOVOLJNO, Stanko Petrovi\u0107 - Web-knji\u017eara\" \/>\n<meta property=\"og:description\" content=\"Sa\u017eetak:Kada rat stigne u miran \u017eivot ljudi, onda pred njim nitko ne mo\u017ee zatvoriti vrata. Gospodar \u017eivota i smrti, surov i nakazan poku\u0161ava ubiti sve ljudsko u \u010dovjeku, hraniti se o\u010dajem, tugom, strahom, zariti kand\u017ee u du\u0161e, nasla\u0111ivati se zlom koje \u0161iri nad svime \u0161to dotakne. Ne bira. Patnja se spu\u0161ta na Zemlju, obuzima sva [&hellip;]\" \/>\n<meta property=\"og:url\" content=\"https:\/\/webknjizara.hr\/proizvod\/nema-sunca-za-sve-dovoljno-stanko-petrovic\/\" \/>\n<meta property=\"og:site_name\" content=\"Web-knji\u017eara\" \/>\n<meta property=\"article:modified_time\" content=\"2023-02-26T23:16:22+00:00\" \/>\n<meta property=\"og:image\" content=\"https:\/\/webknjizara.hr\/wp-content\/uploads\/nc\/images\/virtuemart\/product\/nema-sunca-za-sv-551af3e7c2ada.jpg\" \/>\n\t<meta property=\"og:image:width\" content=\"358\" \/>\n\t<meta property=\"og:image:height\" content=\"500\" \/>\n\t<meta property=\"og:image:type\" content=\"image\/jpeg\" \/>\n<meta name=\"twitter:card\" content=\"summary_large_image\" \/>\n<meta name=\"twitter:label1\" content=\"Est. reading time\" \/>\n\t<meta name=\"twitter:data1\" content=\"2 minutes\" \/>\n<script type=\"application\/ld+json\" class=\"yoast-schema-graph\">{\"@context\":\"https:\\\/\\\/schema.org\",\"@graph\":[{\"@type\":\"WebPage\",\"@id\":\"https:\\\/\\\/webknjizara.hr\\\/proizvod\\\/nema-sunca-za-sve-dovoljno-stanko-petrovic\\\/\",\"url\":\"https:\\\/\\\/webknjizara.hr\\\/proizvod\\\/nema-sunca-za-sve-dovoljno-stanko-petrovic\\\/\",\"name\":\"NEMA SUNCA ZA SVE DOVOLJNO, Stanko Petrovi\u0107 - Web-knji\u017eara\",\"isPartOf\":{\"@id\":\"https:\\\/\\\/webknjizara.hr\\\/#website\"},\"primaryImageOfPage\":{\"@id\":\"https:\\\/\\\/webknjizara.hr\\\/proizvod\\\/nema-sunca-za-sve-dovoljno-stanko-petrovic\\\/#primaryimage\"},\"image\":{\"@id\":\"https:\\\/\\\/webknjizara.hr\\\/proizvod\\\/nema-sunca-za-sve-dovoljno-stanko-petrovic\\\/#primaryimage\"},\"thumbnailUrl\":\"https:\\\/\\\/webknjizara.hr\\\/wp-content\\\/uploads\\\/nc\\\/images\\\/virtuemart\\\/product\\\/nema-sunca-za-sv-551af3e7c2ada.jpg\",\"datePublished\":\"2015-03-31T19:22:15+00:00\",\"dateModified\":\"2023-02-26T23:16:22+00:00\",\"breadcrumb\":{\"@id\":\"https:\\\/\\\/webknjizara.hr\\\/proizvod\\\/nema-sunca-za-sve-dovoljno-stanko-petrovic\\\/#breadcrumb\"},\"inLanguage\":\"en-US\",\"potentialAction\":[{\"@type\":\"ReadAction\",\"target\":[\"https:\\\/\\\/webknjizara.hr\\\/proizvod\\\/nema-sunca-za-sve-dovoljno-stanko-petrovic\\\/\"]}]},{\"@type\":\"ImageObject\",\"inLanguage\":\"en-US\",\"@id\":\"https:\\\/\\\/webknjizara.hr\\\/proizvod\\\/nema-sunca-za-sve-dovoljno-stanko-petrovic\\\/#primaryimage\",\"url\":\"https:\\\/\\\/webknjizara.hr\\\/wp-content\\\/uploads\\\/nc\\\/images\\\/virtuemart\\\/product\\\/nema-sunca-za-sv-551af3e7c2ada.jpg\",\"contentUrl\":\"https:\\\/\\\/webknjizara.hr\\\/wp-content\\\/uploads\\\/nc\\\/images\\\/virtuemart\\\/product\\\/nema-sunca-za-sv-551af3e7c2ada.jpg\",\"width\":358,\"height\":500,\"caption\":\"NEMA SUNCA ZA SVE DOVOLJNO, Stanko Petrovi\u0107\"},{\"@type\":\"BreadcrumbList\",\"@id\":\"https:\\\/\\\/webknjizara.hr\\\/proizvod\\\/nema-sunca-za-sve-dovoljno-stanko-petrovic\\\/#breadcrumb\",\"itemListElement\":[{\"@type\":\"ListItem\",\"position\":1,\"name\":\"Po\u010detna stranica\",\"item\":\"https:\\\/\\\/webknjizara.hr\\\/en\\\/\"},{\"@type\":\"ListItem\",\"position\":2,\"name\":\"Shop\",\"item\":\"https:\\\/\\\/webknjizara.hr\\\/shop\\\/\"},{\"@type\":\"ListItem\",\"position\":3,\"name\":\"NEMA SUNCA ZA SVE DOVOLJNO, Stanko Petrovi\u0107\"}]},{\"@type\":\"WebSite\",\"@id\":\"https:\\\/\\\/webknjizara.hr\\\/#website\",\"url\":\"https:\\\/\\\/webknjizara.hr\\\/\",\"name\":\"Web Knji\u017eara\",\"description\":\"\",\"publisher\":{\"@id\":\"https:\\\/\\\/webknjizara.hr\\\/#organization\"},\"potentialAction\":[{\"@type\":\"SearchAction\",\"target\":{\"@type\":\"EntryPoint\",\"urlTemplate\":\"https:\\\/\\\/webknjizara.hr\\\/?s={search_term_string}\"},\"query-input\":{\"@type\":\"PropertyValueSpecification\",\"valueRequired\":true,\"valueName\":\"search_term_string\"}}],\"inLanguage\":\"en-US\"},{\"@type\":\"Organization\",\"@id\":\"https:\\\/\\\/webknjizara.hr\\\/#organization\",\"name\":\"REDAK D.O.O.\",\"url\":\"https:\\\/\\\/webknjizara.hr\\\/\",\"logo\":{\"@type\":\"ImageObject\",\"inLanguage\":\"en-US\",\"@id\":\"https:\\\/\\\/webknjizara.hr\\\/#\\\/schema\\\/logo\\\/image\\\/\",\"url\":\"https:\\\/\\\/webknjizara.hr\\\/wp-content\\\/uploads\\\/2023\\\/01\\\/web-knjizara-logo.webp\",\"contentUrl\":\"https:\\\/\\\/webknjizara.hr\\\/wp-content\\\/uploads\\\/2023\\\/01\\\/web-knjizara-logo.webp\",\"width\":324,\"height\":79,\"caption\":\"REDAK D.O.O.\"},\"image\":{\"@id\":\"https:\\\/\\\/webknjizara.hr\\\/#\\\/schema\\\/logo\\\/image\\\/\"}}]}<\/script>\n<!-- \/ Yoast SEO plugin. -->","yoast_head_json":{"title":"NEMA SUNCA ZA SVE DOVOLJNO, Stanko Petrovi\u0107 - Web-knji\u017eara","robots":{"index":"index","follow":"follow","max-snippet":"max-snippet:-1","max-image-preview":"max-image-preview:large","max-video-preview":"max-video-preview:-1"},"canonical":"https:\/\/webknjizara.hr\/proizvod\/nema-sunca-za-sve-dovoljno-stanko-petrovic\/","og_locale":"en_US","og_type":"article","og_title":"NEMA SUNCA ZA SVE DOVOLJNO, Stanko Petrovi\u0107 - Web-knji\u017eara","og_description":"Sa\u017eetak:Kada rat stigne u miran \u017eivot ljudi, onda pred njim nitko ne mo\u017ee zatvoriti vrata. Gospodar \u017eivota i smrti, surov i nakazan poku\u0161ava ubiti sve ljudsko u \u010dovjeku, hraniti se o\u010dajem, tugom, strahom, zariti kand\u017ee u du\u0161e, nasla\u0111ivati se zlom koje \u0161iri nad svime \u0161to dotakne. Ne bira. Patnja se spu\u0161ta na Zemlju, obuzima sva [&hellip;]","og_url":"https:\/\/webknjizara.hr\/proizvod\/nema-sunca-za-sve-dovoljno-stanko-petrovic\/","og_site_name":"Web-knji\u017eara","article_modified_time":"2023-02-26T23:16:22+00:00","og_image":[{"width":358,"height":500,"url":"https:\/\/webknjizara.hr\/wp-content\/uploads\/nc\/images\/virtuemart\/product\/nema-sunca-za-sv-551af3e7c2ada.jpg","type":"image\/jpeg"}],"twitter_card":"summary_large_image","twitter_misc":{"Est. reading time":"2 minutes"},"schema":{"@context":"https:\/\/schema.org","@graph":[{"@type":"WebPage","@id":"https:\/\/webknjizara.hr\/proizvod\/nema-sunca-za-sve-dovoljno-stanko-petrovic\/","url":"https:\/\/webknjizara.hr\/proizvod\/nema-sunca-za-sve-dovoljno-stanko-petrovic\/","name":"NEMA SUNCA ZA SVE DOVOLJNO, Stanko Petrovi\u0107 - Web-knji\u017eara","isPartOf":{"@id":"https:\/\/webknjizara.hr\/#website"},"primaryImageOfPage":{"@id":"https:\/\/webknjizara.hr\/proizvod\/nema-sunca-za-sve-dovoljno-stanko-petrovic\/#primaryimage"},"image":{"@id":"https:\/\/webknjizara.hr\/proizvod\/nema-sunca-za-sve-dovoljno-stanko-petrovic\/#primaryimage"},"thumbnailUrl":"https:\/\/webknjizara.hr\/wp-content\/uploads\/nc\/images\/virtuemart\/product\/nema-sunca-za-sv-551af3e7c2ada.jpg","datePublished":"2015-03-31T19:22:15+00:00","dateModified":"2023-02-26T23:16:22+00:00","breadcrumb":{"@id":"https:\/\/webknjizara.hr\/proizvod\/nema-sunca-za-sve-dovoljno-stanko-petrovic\/#breadcrumb"},"inLanguage":"en-US","potentialAction":[{"@type":"ReadAction","target":["https:\/\/webknjizara.hr\/proizvod\/nema-sunca-za-sve-dovoljno-stanko-petrovic\/"]}]},{"@type":"ImageObject","inLanguage":"en-US","@id":"https:\/\/webknjizara.hr\/proizvod\/nema-sunca-za-sve-dovoljno-stanko-petrovic\/#primaryimage","url":"https:\/\/webknjizara.hr\/wp-content\/uploads\/nc\/images\/virtuemart\/product\/nema-sunca-za-sv-551af3e7c2ada.jpg","contentUrl":"https:\/\/webknjizara.hr\/wp-content\/uploads\/nc\/images\/virtuemart\/product\/nema-sunca-za-sv-551af3e7c2ada.jpg","width":358,"height":500,"caption":"NEMA SUNCA ZA SVE DOVOLJNO, Stanko Petrovi\u0107"},{"@type":"BreadcrumbList","@id":"https:\/\/webknjizara.hr\/proizvod\/nema-sunca-za-sve-dovoljno-stanko-petrovic\/#breadcrumb","itemListElement":[{"@type":"ListItem","position":1,"name":"Po\u010detna stranica","item":"https:\/\/webknjizara.hr\/en\/"},{"@type":"ListItem","position":2,"name":"Shop","item":"https:\/\/webknjizara.hr\/shop\/"},{"@type":"ListItem","position":3,"name":"NEMA SUNCA ZA SVE DOVOLJNO, Stanko Petrovi\u0107"}]},{"@type":"WebSite","@id":"https:\/\/webknjizara.hr\/#website","url":"https:\/\/webknjizara.hr\/","name":"Web Knji\u017eara","description":"","publisher":{"@id":"https:\/\/webknjizara.hr\/#organization"},"potentialAction":[{"@type":"SearchAction","target":{"@type":"EntryPoint","urlTemplate":"https:\/\/webknjizara.hr\/?s={search_term_string}"},"query-input":{"@type":"PropertyValueSpecification","valueRequired":true,"valueName":"search_term_string"}}],"inLanguage":"en-US"},{"@type":"Organization","@id":"https:\/\/webknjizara.hr\/#organization","name":"REDAK D.O.O.","url":"https:\/\/webknjizara.hr\/","logo":{"@type":"ImageObject","inLanguage":"en-US","@id":"https:\/\/webknjizara.hr\/#\/schema\/logo\/image\/","url":"https:\/\/webknjizara.hr\/wp-content\/uploads\/2023\/01\/web-knjizara-logo.webp","contentUrl":"https:\/\/webknjizara.hr\/wp-content\/uploads\/2023\/01\/web-knjizara-logo.webp","width":324,"height":79,"caption":"REDAK D.O.O."},"image":{"@id":"https:\/\/webknjizara.hr\/#\/schema\/logo\/image\/"}}]}},"_links":{"self":[{"href":"https:\/\/webknjizara.hr\/en\/wp-json\/wp\/v2\/product\/7975","targetHints":{"allow":["GET"]}}],"collection":[{"href":"https:\/\/webknjizara.hr\/en\/wp-json\/wp\/v2\/product"}],"about":[{"href":"https:\/\/webknjizara.hr\/en\/wp-json\/wp\/v2\/types\/product"}],"replies":[{"embeddable":true,"href":"https:\/\/webknjizara.hr\/en\/wp-json\/wp\/v2\/comments?post=7975"}],"wp:featuredmedia":[{"embeddable":true,"href":"https:\/\/webknjizara.hr\/en\/wp-json\/wp\/v2\/media\/7976"}],"wp:attachment":[{"href":"https:\/\/webknjizara.hr\/en\/wp-json\/wp\/v2\/media?parent=7975"}],"wp:term":[{"taxonomy":"product_brand","embeddable":true,"href":"https:\/\/webknjizara.hr\/en\/wp-json\/wp\/v2\/product_brand?post=7975"},{"taxonomy":"product_cat","embeddable":true,"href":"https:\/\/webknjizara.hr\/en\/wp-json\/wp\/v2\/product_cat?post=7975"},{"taxonomy":"product_tag","embeddable":true,"href":"https:\/\/webknjizara.hr\/en\/wp-json\/wp\/v2\/product_tag?post=7975"}],"curies":[{"name":"wp","href":"https:\/\/api.w.org\/{rel}","templated":true}]}}