{"id":7967,"date":"2015-03-20T19:30:13","date_gmt":"2015-03-20T19:30:13","guid":{"rendered":"https:\/\/webknjizara.hr\/?product=jedne-zime-u-hrastovu-marija-juracic"},"modified":"2023-02-27T00:16:22","modified_gmt":"2023-02-26T23:16:22","slug":"jedne-zime-u-hrastovu-marija-juracic","status":"publish","type":"product","link":"https:\/\/webknjizara.hr\/en\/proizvod\/jedne-zime-u-hrastovu-marija-juracic\/","title":{"rendered":"JEDNE ZIME U HRASTOVU, Marija Jura\u010di\u0107"},"content":{"rendered":"<p style=\"text-align: justify;\"><strong>Sa\u017eetak:<br \/><\/strong><br \/><em>Kada je te snje\u017ene zime isljednica Ika Ekl stigla na odmor u mali obiteljski hotel \u201eSerena\u201c u blizini planinskog mjesta Hrastovo, nije niti slutila da \u0107e se njen odmor pretvoriti u dramati\u010dnu potragu za ubojicom i da \u0107e njezina istraga na povr\u0161inu iznijeti skrivene tajne obitelji hotelijera Noe Kerna. <\/em><\/p>\n<p><em>Zbog snje\u017ene vijavice odvojena od ostatka svijeta, bez podr\u0161ke laboratorija, tehnike i ekipe, na koju je u svojem radu navikla, oslonjena samo na vlastita zapa\u017eanja i online pomo\u0107 svog suradnika Ninna Ritza, isljednica povezuje sve konce paklenog plana i nalazi rje\u0161enje.<\/em><\/p>\n<p><em>Iako su nam sve \u010dinjenice predo\u010dene, do zadnjeg trenutka ne\u0107emo znati tko je po\u010dinitelj; lukava i pohlepna rodbina, zanosna crvenokosa ljepotica, druga hotelijerova \u017eena Flora, \u0161armantni, cini\u010dni danguba Ruben ili netko tre\u0107i tko s ubijenima naoko nije ni\u010dim povezan.<\/em><\/p>\n<p><em>U ambijentu \u010darobne, surove prirode, Ika, koja iznad svega cijeni svoju slobodu i koja se ni pod koju cijenu ne \u017eeli udavati, srest \u0107e ljubav u liku pisca kriminalisti\u010dkih romana. No, \u0161to \u0107e joj ta ljubav donijeti?<\/em><\/p>\n<p style=\"text-align: justify;\">Mihovila Walner<\/p>\n<p style=\"text-align: justify;\"><strong>Bilje\u0161ka o autorici:<\/strong> <\/p>\n<p>Marija Jura\u010di\u0107, profesorica knji\u017eevnosti i njema\u010dkog jezika urednica je poetskog portala O\u010daravanje. Izdala je nekoliko zbirki poezije te romane s kriminalisti\u010dkom tematikom; Buga, Toma, Una.<\/p>\n<p>Svoj roman Ljubav u Pompejima prevela je na njema\u010dki jezik pa je njema\u010dki izdava\u010d knjigu Liebe in Pompeji postavio na Amazon.<\/p>\n<p><strong>Klju\u010dne rije\u010di:<\/strong> Krimi, avantura, ljubavna pri\u010da<\/p>\n<p><strong>Link:<\/strong> <a href=\"http:\/\/www.ocaravanje.com\/\">http:\/\/www.ocaravanje.com\/<\/a><br \/><strong>E-mail:<\/strong> <a href=\"mailto:julijabek@net.hr\">Marija Jura\u010di\u0107<\/a><\/p>\n<p style=\"text-align: justify;\"><strong>Naslov:<\/strong> Jedne zime u Hrastovu<br \/><strong>Autor:<\/strong> Marija Jura\u010di\u0107<br \/><strong>Broj stranica:<\/strong> 148<br \/><strong>Nakladnik:<\/strong> REDAK<br \/><strong>Godina izdanja:<\/strong> 2015.<br \/><strong>ISBN:<\/strong> 978-953-336-195-6<br \/><strong>Tisak:<\/strong> digitalni tisak knjiga &#8211; print na zahtjev<\/p>\n","protected":false},"excerpt":{"rendered":"<p>Sa\u017eetak:Kada je te snje\u017ene zime isljednica Ika Ekl stigla na odmor u mali obiteljski hotel \u201eSerena\u201c u blizini planinskog mjesta Hrastovo, nije niti slutila da \u0107e se njen odmor pretvoriti u dramati\u010dnu potragu za ubojicom i da \u0107e njezina istraga na povr\u0161inu iznijeti skrivene tajne obitelji hotelijera Noe Kerna. Zbog snje\u017ene vijavice odvojena od ostatka [&hellip;]<\/p>\n","protected":false},"featured_media":7968,"comment_status":"open","ping_status":"closed","template":"","meta":{"_acf_changed":false},"product_brand":[],"product_cat":[1383,1385],"product_tag":[],"class_list":{"0":"post-7967","1":"product","2":"type-product","3":"status-publish","4":"has-post-thumbnail","6":"product_cat-knjige","7":"product_cat-knjizevnost","8":"pa_autor-marija-juracic","9":"pa_nakladnik-redak","11":"first","12":"instock","13":"shipping-taxable","14":"purchasable","15":"product-type-simple"},"acf":[],"yoast_head":"<!-- This site is optimized with the Yoast SEO plugin v27.3 - https:\/\/yoast.com\/product\/yoast-seo-wordpress\/ -->\n<title>JEDNE ZIME U HRASTOVU, Marija Jura\u010di\u0107 - Web-knji\u017eara<\/title>\n<meta name=\"robots\" content=\"index, follow, max-snippet:-1, max-image-preview:large, max-video-preview:-1\" \/>\n<link rel=\"canonical\" href=\"https:\/\/webknjizara.hr\/proizvod\/jedne-zime-u-hrastovu-marija-juracic\/\" \/>\n<meta property=\"og:locale\" content=\"en_US\" \/>\n<meta property=\"og:type\" content=\"article\" \/>\n<meta property=\"og:title\" content=\"JEDNE ZIME U HRASTOVU, Marija Jura\u010di\u0107 - Web-knji\u017eara\" \/>\n<meta property=\"og:description\" content=\"Sa\u017eetak:Kada je te snje\u017ene zime isljednica Ika Ekl stigla na odmor u mali obiteljski hotel \u201eSerena\u201c u blizini planinskog mjesta Hrastovo, nije niti slutila da \u0107e se njen odmor pretvoriti u dramati\u010dnu potragu za ubojicom i da \u0107e njezina istraga na povr\u0161inu iznijeti skrivene tajne obitelji hotelijera Noe Kerna. Zbog snje\u017ene vijavice odvojena od ostatka [&hellip;]\" \/>\n<meta property=\"og:url\" content=\"https:\/\/webknjizara.hr\/proizvod\/jedne-zime-u-hrastovu-marija-juracic\/\" \/>\n<meta property=\"og:site_name\" content=\"Web-knji\u017eara\" \/>\n<meta property=\"article:modified_time\" content=\"2023-02-26T23:16:22+00:00\" \/>\n<meta property=\"og:image\" content=\"https:\/\/webknjizara.hr\/wp-content\/uploads\/nc\/images\/virtuemart\/product\/jedne-zime-u-hra-550c7545c6e0f.jpg\" \/>\n\t<meta property=\"og:image:width\" content=\"358\" \/>\n\t<meta property=\"og:image:height\" content=\"500\" \/>\n\t<meta property=\"og:image:type\" content=\"image\/jpeg\" \/>\n<meta name=\"twitter:card\" content=\"summary_large_image\" \/>\n<meta name=\"twitter:label1\" content=\"Est. reading time\" \/>\n\t<meta name=\"twitter:data1\" content=\"1 minute\" \/>\n<script type=\"application\/ld+json\" class=\"yoast-schema-graph\">{\"@context\":\"https:\\\/\\\/schema.org\",\"@graph\":[{\"@type\":\"WebPage\",\"@id\":\"https:\\\/\\\/webknjizara.hr\\\/proizvod\\\/jedne-zime-u-hrastovu-marija-juracic\\\/\",\"url\":\"https:\\\/\\\/webknjizara.hr\\\/proizvod\\\/jedne-zime-u-hrastovu-marija-juracic\\\/\",\"name\":\"JEDNE ZIME U HRASTOVU, Marija Jura\u010di\u0107 - Web-knji\u017eara\",\"isPartOf\":{\"@id\":\"https:\\\/\\\/webknjizara.hr\\\/#website\"},\"primaryImageOfPage\":{\"@id\":\"https:\\\/\\\/webknjizara.hr\\\/proizvod\\\/jedne-zime-u-hrastovu-marija-juracic\\\/#primaryimage\"},\"image\":{\"@id\":\"https:\\\/\\\/webknjizara.hr\\\/proizvod\\\/jedne-zime-u-hrastovu-marija-juracic\\\/#primaryimage\"},\"thumbnailUrl\":\"https:\\\/\\\/webknjizara.hr\\\/wp-content\\\/uploads\\\/nc\\\/images\\\/virtuemart\\\/product\\\/jedne-zime-u-hra-550c7545c6e0f.jpg\",\"datePublished\":\"2015-03-20T19:30:13+00:00\",\"dateModified\":\"2023-02-26T23:16:22+00:00\",\"breadcrumb\":{\"@id\":\"https:\\\/\\\/webknjizara.hr\\\/proizvod\\\/jedne-zime-u-hrastovu-marija-juracic\\\/#breadcrumb\"},\"inLanguage\":\"en-US\",\"potentialAction\":[{\"@type\":\"ReadAction\",\"target\":[\"https:\\\/\\\/webknjizara.hr\\\/proizvod\\\/jedne-zime-u-hrastovu-marija-juracic\\\/\"]}]},{\"@type\":\"ImageObject\",\"inLanguage\":\"en-US\",\"@id\":\"https:\\\/\\\/webknjizara.hr\\\/proizvod\\\/jedne-zime-u-hrastovu-marija-juracic\\\/#primaryimage\",\"url\":\"https:\\\/\\\/webknjizara.hr\\\/wp-content\\\/uploads\\\/nc\\\/images\\\/virtuemart\\\/product\\\/jedne-zime-u-hra-550c7545c6e0f.jpg\",\"contentUrl\":\"https:\\\/\\\/webknjizara.hr\\\/wp-content\\\/uploads\\\/nc\\\/images\\\/virtuemart\\\/product\\\/jedne-zime-u-hra-550c7545c6e0f.jpg\",\"width\":358,\"height\":500,\"caption\":\"JEDNE ZIME U HRASTOVU, Marija Jura\u010di\u0107\"},{\"@type\":\"BreadcrumbList\",\"@id\":\"https:\\\/\\\/webknjizara.hr\\\/proizvod\\\/jedne-zime-u-hrastovu-marija-juracic\\\/#breadcrumb\",\"itemListElement\":[{\"@type\":\"ListItem\",\"position\":1,\"name\":\"Po\u010detna stranica\",\"item\":\"https:\\\/\\\/webknjizara.hr\\\/en\\\/\"},{\"@type\":\"ListItem\",\"position\":2,\"name\":\"Shop\",\"item\":\"https:\\\/\\\/webknjizara.hr\\\/shop\\\/\"},{\"@type\":\"ListItem\",\"position\":3,\"name\":\"JEDNE ZIME U HRASTOVU, Marija Jura\u010di\u0107\"}]},{\"@type\":\"WebSite\",\"@id\":\"https:\\\/\\\/webknjizara.hr\\\/#website\",\"url\":\"https:\\\/\\\/webknjizara.hr\\\/\",\"name\":\"Web Knji\u017eara\",\"description\":\"\",\"publisher\":{\"@id\":\"https:\\\/\\\/webknjizara.hr\\\/#organization\"},\"potentialAction\":[{\"@type\":\"SearchAction\",\"target\":{\"@type\":\"EntryPoint\",\"urlTemplate\":\"https:\\\/\\\/webknjizara.hr\\\/?s={search_term_string}\"},\"query-input\":{\"@type\":\"PropertyValueSpecification\",\"valueRequired\":true,\"valueName\":\"search_term_string\"}}],\"inLanguage\":\"en-US\"},{\"@type\":\"Organization\",\"@id\":\"https:\\\/\\\/webknjizara.hr\\\/#organization\",\"name\":\"REDAK D.O.O.\",\"url\":\"https:\\\/\\\/webknjizara.hr\\\/\",\"logo\":{\"@type\":\"ImageObject\",\"inLanguage\":\"en-US\",\"@id\":\"https:\\\/\\\/webknjizara.hr\\\/#\\\/schema\\\/logo\\\/image\\\/\",\"url\":\"https:\\\/\\\/webknjizara.hr\\\/wp-content\\\/uploads\\\/2023\\\/01\\\/web-knjizara-logo.webp\",\"contentUrl\":\"https:\\\/\\\/webknjizara.hr\\\/wp-content\\\/uploads\\\/2023\\\/01\\\/web-knjizara-logo.webp\",\"width\":324,\"height\":79,\"caption\":\"REDAK D.O.O.\"},\"image\":{\"@id\":\"https:\\\/\\\/webknjizara.hr\\\/#\\\/schema\\\/logo\\\/image\\\/\"}}]}<\/script>\n<!-- \/ Yoast SEO plugin. -->","yoast_head_json":{"title":"JEDNE ZIME U HRASTOVU, Marija Jura\u010di\u0107 - Web-knji\u017eara","robots":{"index":"index","follow":"follow","max-snippet":"max-snippet:-1","max-image-preview":"max-image-preview:large","max-video-preview":"max-video-preview:-1"},"canonical":"https:\/\/webknjizara.hr\/proizvod\/jedne-zime-u-hrastovu-marija-juracic\/","og_locale":"en_US","og_type":"article","og_title":"JEDNE ZIME U HRASTOVU, Marija Jura\u010di\u0107 - Web-knji\u017eara","og_description":"Sa\u017eetak:Kada je te snje\u017ene zime isljednica Ika Ekl stigla na odmor u mali obiteljski hotel \u201eSerena\u201c u blizini planinskog mjesta Hrastovo, nije niti slutila da \u0107e se njen odmor pretvoriti u dramati\u010dnu potragu za ubojicom i da \u0107e njezina istraga na povr\u0161inu iznijeti skrivene tajne obitelji hotelijera Noe Kerna. Zbog snje\u017ene vijavice odvojena od ostatka [&hellip;]","og_url":"https:\/\/webknjizara.hr\/proizvod\/jedne-zime-u-hrastovu-marija-juracic\/","og_site_name":"Web-knji\u017eara","article_modified_time":"2023-02-26T23:16:22+00:00","og_image":[{"width":358,"height":500,"url":"https:\/\/webknjizara.hr\/wp-content\/uploads\/nc\/images\/virtuemart\/product\/jedne-zime-u-hra-550c7545c6e0f.jpg","type":"image\/jpeg"}],"twitter_card":"summary_large_image","twitter_misc":{"Est. reading time":"1 minute"},"schema":{"@context":"https:\/\/schema.org","@graph":[{"@type":"WebPage","@id":"https:\/\/webknjizara.hr\/proizvod\/jedne-zime-u-hrastovu-marija-juracic\/","url":"https:\/\/webknjizara.hr\/proizvod\/jedne-zime-u-hrastovu-marija-juracic\/","name":"JEDNE ZIME U HRASTOVU, Marija Jura\u010di\u0107 - Web-knji\u017eara","isPartOf":{"@id":"https:\/\/webknjizara.hr\/#website"},"primaryImageOfPage":{"@id":"https:\/\/webknjizara.hr\/proizvod\/jedne-zime-u-hrastovu-marija-juracic\/#primaryimage"},"image":{"@id":"https:\/\/webknjizara.hr\/proizvod\/jedne-zime-u-hrastovu-marija-juracic\/#primaryimage"},"thumbnailUrl":"https:\/\/webknjizara.hr\/wp-content\/uploads\/nc\/images\/virtuemart\/product\/jedne-zime-u-hra-550c7545c6e0f.jpg","datePublished":"2015-03-20T19:30:13+00:00","dateModified":"2023-02-26T23:16:22+00:00","breadcrumb":{"@id":"https:\/\/webknjizara.hr\/proizvod\/jedne-zime-u-hrastovu-marija-juracic\/#breadcrumb"},"inLanguage":"en-US","potentialAction":[{"@type":"ReadAction","target":["https:\/\/webknjizara.hr\/proizvod\/jedne-zime-u-hrastovu-marija-juracic\/"]}]},{"@type":"ImageObject","inLanguage":"en-US","@id":"https:\/\/webknjizara.hr\/proizvod\/jedne-zime-u-hrastovu-marija-juracic\/#primaryimage","url":"https:\/\/webknjizara.hr\/wp-content\/uploads\/nc\/images\/virtuemart\/product\/jedne-zime-u-hra-550c7545c6e0f.jpg","contentUrl":"https:\/\/webknjizara.hr\/wp-content\/uploads\/nc\/images\/virtuemart\/product\/jedne-zime-u-hra-550c7545c6e0f.jpg","width":358,"height":500,"caption":"JEDNE ZIME U HRASTOVU, Marija Jura\u010di\u0107"},{"@type":"BreadcrumbList","@id":"https:\/\/webknjizara.hr\/proizvod\/jedne-zime-u-hrastovu-marija-juracic\/#breadcrumb","itemListElement":[{"@type":"ListItem","position":1,"name":"Po\u010detna stranica","item":"https:\/\/webknjizara.hr\/en\/"},{"@type":"ListItem","position":2,"name":"Shop","item":"https:\/\/webknjizara.hr\/shop\/"},{"@type":"ListItem","position":3,"name":"JEDNE ZIME U HRASTOVU, Marija Jura\u010di\u0107"}]},{"@type":"WebSite","@id":"https:\/\/webknjizara.hr\/#website","url":"https:\/\/webknjizara.hr\/","name":"Web Knji\u017eara","description":"","publisher":{"@id":"https:\/\/webknjizara.hr\/#organization"},"potentialAction":[{"@type":"SearchAction","target":{"@type":"EntryPoint","urlTemplate":"https:\/\/webknjizara.hr\/?s={search_term_string}"},"query-input":{"@type":"PropertyValueSpecification","valueRequired":true,"valueName":"search_term_string"}}],"inLanguage":"en-US"},{"@type":"Organization","@id":"https:\/\/webknjizara.hr\/#organization","name":"REDAK D.O.O.","url":"https:\/\/webknjizara.hr\/","logo":{"@type":"ImageObject","inLanguage":"en-US","@id":"https:\/\/webknjizara.hr\/#\/schema\/logo\/image\/","url":"https:\/\/webknjizara.hr\/wp-content\/uploads\/2023\/01\/web-knjizara-logo.webp","contentUrl":"https:\/\/webknjizara.hr\/wp-content\/uploads\/2023\/01\/web-knjizara-logo.webp","width":324,"height":79,"caption":"REDAK D.O.O."},"image":{"@id":"https:\/\/webknjizara.hr\/#\/schema\/logo\/image\/"}}]}},"_links":{"self":[{"href":"https:\/\/webknjizara.hr\/en\/wp-json\/wp\/v2\/product\/7967","targetHints":{"allow":["GET"]}}],"collection":[{"href":"https:\/\/webknjizara.hr\/en\/wp-json\/wp\/v2\/product"}],"about":[{"href":"https:\/\/webknjizara.hr\/en\/wp-json\/wp\/v2\/types\/product"}],"replies":[{"embeddable":true,"href":"https:\/\/webknjizara.hr\/en\/wp-json\/wp\/v2\/comments?post=7967"}],"wp:featuredmedia":[{"embeddable":true,"href":"https:\/\/webknjizara.hr\/en\/wp-json\/wp\/v2\/media\/7968"}],"wp:attachment":[{"href":"https:\/\/webknjizara.hr\/en\/wp-json\/wp\/v2\/media?parent=7967"}],"wp:term":[{"taxonomy":"product_brand","embeddable":true,"href":"https:\/\/webknjizara.hr\/en\/wp-json\/wp\/v2\/product_brand?post=7967"},{"taxonomy":"product_cat","embeddable":true,"href":"https:\/\/webknjizara.hr\/en\/wp-json\/wp\/v2\/product_cat?post=7967"},{"taxonomy":"product_tag","embeddable":true,"href":"https:\/\/webknjizara.hr\/en\/wp-json\/wp\/v2\/product_tag?post=7967"}],"curies":[{"name":"wp","href":"https:\/\/api.w.org\/{rel}","templated":true}]}}