{"id":7965,"date":"2015-03-18T16:12:41","date_gmt":"2015-03-18T16:12:41","guid":{"rendered":"https:\/\/webknjizara.hr\/?product=istarski-simfonijski-orkestar-istarsko-glazbeno-lj-1986%e2%80%931992"},"modified":"2023-02-27T00:16:22","modified_gmt":"2023-02-26T23:16:22","slug":"istarski-simfonijski-orkestar-istarsko-glazbeno-lj-1986-1992","status":"publish","type":"product","link":"https:\/\/webknjizara.hr\/en\/proizvod\/istarski-simfonijski-orkestar-istarsko-glazbeno-lj-1986-1992\/","title":{"rendered":"ISTARSKI SIMFONIJSKI ORKESTAR &#8211; ISTARSKO GLAZBENO LJ. 1986.\u20131992"},"content":{"rendered":"<p style=\"text-align: justify;\"><strong>Sa\u017eetak:<br \/><\/strong><br \/>Autor je ocijenio potrebu razvoja vlastite glazbene produkcije u Istri shodno kulturnom i turisti\u010dkom potencijalu Istre te je osnovan komorni i klasi\u010dni simfonijski sastav koji je bio osnova bogatog glazbenog \u017eivota u kome su sudjelovali neki od najzna\u010dajnijih doama\u0107ih umjetnika-solista u razdoblju 1986. do 1992. Va\u017ean doprinos dao je i Mje\u0161oviti pjeva\u010dki zbor Pedago\u0161kog fakulteta u Puli koji je, uz niz nastupa s orkestrom i samostalno, izvodio i oratorijska djela. U trajnom sje\u0107anju \u0107e ostati Istarsko glazbeno ljeto 1992. s ukupno 28 simfonijskih, komornih i solisti\u010dkih izvedaba u 11 mjesta Istre i Kvarnera.<\/p>\n<p><strong>Bilje\u0161ka o autoru:<\/strong> <\/p>\n<p>Nikola Debeli\u0107, dirigent, sveu\u010d. profesor i diplomat Nikola Debeli\u0107 djelovao je kao stalni dirigent Opere u Sarajevu, ravnatelj i dirigent Simfonijskog orkestra u Dubrovniku, DSO, dirigent Opere HNK u Zagrebu, profesor i dekan PF u Puli, prvi veleposlanik RH u Rumunjskoj i Moldovi (1992. \u2013 1996.) te gen. konzul RH za Zapadnu Australiju do 2000. Ostvario je najve\u0107e turneje hrvatskih simfoni\u010dara u hrvatskoj glazbenoj povijesti s preko 100 koncerata (DSO u SAD 1975. i 1978.) \u0161to predstavlja jedinstven doprinos hrvatskoj glazbenoj kulturi.<\/p>\n<p style=\"text-align: justify;\"><strong>Klju\u010dne rije\u010di:<\/strong> Istra, klasi\u010dna glazba, Istarski simfonijski orkestar, Istarsko glazbeno ljeto, Pedago\u0161ki fakultet, Pjeva\u010dki zbor, umjetnici-solisti, priredbe IGLJ 1992., Nikola Debeli\u0107<\/p>\n<p style=\"text-align: justify;\"><strong>E-mail:<\/strong> <a href=\"mailto:nikola.debelic@zg.t-com.hr\">Nikola Debeli\u0107<\/a>\u00a0<\/p>\n<p style=\"text-align: justify;\"><strong>Naslov:<\/strong> Istarski simfonijski orkestar &#8211; Istarsko glazbeno ljeto 1986. \u2013 1992.<br \/><strong>Autor:<\/strong> Nikola Debeli\u0107<br \/><strong>Nakladnik:<\/strong> REDAK<br \/><strong>Godina izdanja:<\/strong> 2015.<br \/><strong>Tisak:<\/strong> digitalni tisak knjiga &#8211; print na zahtjev<\/p>\n","protected":false},"excerpt":{"rendered":"<p>Sa\u017eetak:Autor je ocijenio potrebu razvoja vlastite glazbene produkcije u Istri shodno kulturnom i turisti\u010dkom potencijalu Istre te je osnovan komorni i klasi\u010dni simfonijski sastav koji je bio osnova bogatog glazbenog \u017eivota u kome su sudjelovali neki od najzna\u010dajnijih doama\u0107ih umjetnika-solista u razdoblju 1986. do 1992. Va\u017ean doprinos dao je i Mje\u0161oviti pjeva\u010dki zbor Pedago\u0161kog fakulteta [&hellip;]<\/p>\n","protected":false},"featured_media":7966,"comment_status":"open","ping_status":"closed","template":"","meta":{"_acf_changed":false},"product_brand":[],"product_cat":[1517],"product_tag":[],"class_list":{"0":"post-7965","1":"product","2":"type-product","3":"status-publish","4":"has-post-thumbnail","6":"product_cat-strucna-literatura","7":"pa_autor-nikola-debelic","8":"pa_nakladnik-redak","10":"first","11":"instock","12":"shipping-taxable","13":"purchasable","14":"product-type-simple"},"acf":[],"yoast_head":"<!-- This site is optimized with the Yoast SEO plugin v27.3 - https:\/\/yoast.com\/product\/yoast-seo-wordpress\/ -->\n<title>ISTARSKI SIMFONIJSKI ORKESTAR - ISTARSKO GLAZBENO LJ. 1986.\u20131992 - Web-knji\u017eara<\/title>\n<meta name=\"robots\" content=\"index, follow, max-snippet:-1, max-image-preview:large, max-video-preview:-1\" \/>\n<link rel=\"canonical\" href=\"https:\/\/webknjizara.hr\/proizvod\/istarski-simfonijski-orkestar-istarsko-glazbeno-lj-1986-1992\/\" \/>\n<meta property=\"og:locale\" content=\"en_US\" \/>\n<meta property=\"og:type\" content=\"article\" \/>\n<meta property=\"og:title\" content=\"ISTARSKI SIMFONIJSKI ORKESTAR - ISTARSKO GLAZBENO LJ. 1986.\u20131992 - Web-knji\u017eara\" \/>\n<meta property=\"og:description\" content=\"Sa\u017eetak:Autor je ocijenio potrebu razvoja vlastite glazbene produkcije u Istri shodno kulturnom i turisti\u010dkom potencijalu Istre te je osnovan komorni i klasi\u010dni simfonijski sastav koji je bio osnova bogatog glazbenog \u017eivota u kome su sudjelovali neki od najzna\u010dajnijih doama\u0107ih umjetnika-solista u razdoblju 1986. do 1992. Va\u017ean doprinos dao je i Mje\u0161oviti pjeva\u010dki zbor Pedago\u0161kog fakulteta [&hellip;]\" \/>\n<meta property=\"og:url\" content=\"https:\/\/webknjizara.hr\/proizvod\/istarski-simfonijski-orkestar-istarsko-glazbeno-lj-1986-1992\/\" \/>\n<meta property=\"og:site_name\" content=\"Web-knji\u017eara\" \/>\n<meta property=\"article:modified_time\" content=\"2023-02-26T23:16:22+00:00\" \/>\n<meta property=\"og:image\" content=\"https:\/\/webknjizara.hr\/wp-content\/uploads\/nc\/images\/virtuemart\/product\/istarski-simfoni-5509a3f9263bd.jpg\" \/>\n\t<meta property=\"og:image:width\" content=\"358\" \/>\n\t<meta property=\"og:image:height\" content=\"500\" \/>\n\t<meta property=\"og:image:type\" content=\"image\/jpeg\" \/>\n<meta name=\"twitter:card\" content=\"summary_large_image\" \/>\n<meta name=\"twitter:label1\" content=\"Est. reading time\" \/>\n\t<meta name=\"twitter:data1\" content=\"1 minute\" \/>\n<script type=\"application\/ld+json\" class=\"yoast-schema-graph\">{\"@context\":\"https:\\\/\\\/schema.org\",\"@graph\":[{\"@type\":\"WebPage\",\"@id\":\"https:\\\/\\\/webknjizara.hr\\\/proizvod\\\/istarski-simfonijski-orkestar-istarsko-glazbeno-lj-1986-1992\\\/\",\"url\":\"https:\\\/\\\/webknjizara.hr\\\/proizvod\\\/istarski-simfonijski-orkestar-istarsko-glazbeno-lj-1986-1992\\\/\",\"name\":\"ISTARSKI SIMFONIJSKI ORKESTAR - ISTARSKO GLAZBENO LJ. 1986.\u20131992 - Web-knji\u017eara\",\"isPartOf\":{\"@id\":\"https:\\\/\\\/webknjizara.hr\\\/#website\"},\"primaryImageOfPage\":{\"@id\":\"https:\\\/\\\/webknjizara.hr\\\/proizvod\\\/istarski-simfonijski-orkestar-istarsko-glazbeno-lj-1986-1992\\\/#primaryimage\"},\"image\":{\"@id\":\"https:\\\/\\\/webknjizara.hr\\\/proizvod\\\/istarski-simfonijski-orkestar-istarsko-glazbeno-lj-1986-1992\\\/#primaryimage\"},\"thumbnailUrl\":\"https:\\\/\\\/webknjizara.hr\\\/wp-content\\\/uploads\\\/nc\\\/images\\\/virtuemart\\\/product\\\/istarski-simfoni-5509a3f9263bd.jpg\",\"datePublished\":\"2015-03-18T16:12:41+00:00\",\"dateModified\":\"2023-02-26T23:16:22+00:00\",\"breadcrumb\":{\"@id\":\"https:\\\/\\\/webknjizara.hr\\\/proizvod\\\/istarski-simfonijski-orkestar-istarsko-glazbeno-lj-1986-1992\\\/#breadcrumb\"},\"inLanguage\":\"en-US\",\"potentialAction\":[{\"@type\":\"ReadAction\",\"target\":[\"https:\\\/\\\/webknjizara.hr\\\/proizvod\\\/istarski-simfonijski-orkestar-istarsko-glazbeno-lj-1986-1992\\\/\"]}]},{\"@type\":\"ImageObject\",\"inLanguage\":\"en-US\",\"@id\":\"https:\\\/\\\/webknjizara.hr\\\/proizvod\\\/istarski-simfonijski-orkestar-istarsko-glazbeno-lj-1986-1992\\\/#primaryimage\",\"url\":\"https:\\\/\\\/webknjizara.hr\\\/wp-content\\\/uploads\\\/nc\\\/images\\\/virtuemart\\\/product\\\/istarski-simfoni-5509a3f9263bd.jpg\",\"contentUrl\":\"https:\\\/\\\/webknjizara.hr\\\/wp-content\\\/uploads\\\/nc\\\/images\\\/virtuemart\\\/product\\\/istarski-simfoni-5509a3f9263bd.jpg\",\"width\":358,\"height\":500,\"caption\":\"ISTARSKI SIMFONIJSKI ORKESTAR - ISTARSKO GLAZBENO LJ. 1986.\u20131992\"},{\"@type\":\"BreadcrumbList\",\"@id\":\"https:\\\/\\\/webknjizara.hr\\\/proizvod\\\/istarski-simfonijski-orkestar-istarsko-glazbeno-lj-1986-1992\\\/#breadcrumb\",\"itemListElement\":[{\"@type\":\"ListItem\",\"position\":1,\"name\":\"Po\u010detna stranica\",\"item\":\"https:\\\/\\\/webknjizara.hr\\\/en\\\/\"},{\"@type\":\"ListItem\",\"position\":2,\"name\":\"Shop\",\"item\":\"https:\\\/\\\/webknjizara.hr\\\/shop\\\/\"},{\"@type\":\"ListItem\",\"position\":3,\"name\":\"ISTARSKI SIMFONIJSKI ORKESTAR &#8211; ISTARSKO GLAZBENO LJ. 1986.\u20131992\"}]},{\"@type\":\"WebSite\",\"@id\":\"https:\\\/\\\/webknjizara.hr\\\/#website\",\"url\":\"https:\\\/\\\/webknjizara.hr\\\/\",\"name\":\"Web Knji\u017eara\",\"description\":\"\",\"publisher\":{\"@id\":\"https:\\\/\\\/webknjizara.hr\\\/#organization\"},\"potentialAction\":[{\"@type\":\"SearchAction\",\"target\":{\"@type\":\"EntryPoint\",\"urlTemplate\":\"https:\\\/\\\/webknjizara.hr\\\/?s={search_term_string}\"},\"query-input\":{\"@type\":\"PropertyValueSpecification\",\"valueRequired\":true,\"valueName\":\"search_term_string\"}}],\"inLanguage\":\"en-US\"},{\"@type\":\"Organization\",\"@id\":\"https:\\\/\\\/webknjizara.hr\\\/#organization\",\"name\":\"REDAK D.O.O.\",\"url\":\"https:\\\/\\\/webknjizara.hr\\\/\",\"logo\":{\"@type\":\"ImageObject\",\"inLanguage\":\"en-US\",\"@id\":\"https:\\\/\\\/webknjizara.hr\\\/#\\\/schema\\\/logo\\\/image\\\/\",\"url\":\"https:\\\/\\\/webknjizara.hr\\\/wp-content\\\/uploads\\\/2023\\\/01\\\/web-knjizara-logo.webp\",\"contentUrl\":\"https:\\\/\\\/webknjizara.hr\\\/wp-content\\\/uploads\\\/2023\\\/01\\\/web-knjizara-logo.webp\",\"width\":324,\"height\":79,\"caption\":\"REDAK D.O.O.\"},\"image\":{\"@id\":\"https:\\\/\\\/webknjizara.hr\\\/#\\\/schema\\\/logo\\\/image\\\/\"}}]}<\/script>\n<!-- \/ Yoast SEO plugin. -->","yoast_head_json":{"title":"ISTARSKI SIMFONIJSKI ORKESTAR - ISTARSKO GLAZBENO LJ. 1986.\u20131992 - Web-knji\u017eara","robots":{"index":"index","follow":"follow","max-snippet":"max-snippet:-1","max-image-preview":"max-image-preview:large","max-video-preview":"max-video-preview:-1"},"canonical":"https:\/\/webknjizara.hr\/proizvod\/istarski-simfonijski-orkestar-istarsko-glazbeno-lj-1986-1992\/","og_locale":"en_US","og_type":"article","og_title":"ISTARSKI SIMFONIJSKI ORKESTAR - ISTARSKO GLAZBENO LJ. 1986.\u20131992 - Web-knji\u017eara","og_description":"Sa\u017eetak:Autor je ocijenio potrebu razvoja vlastite glazbene produkcije u Istri shodno kulturnom i turisti\u010dkom potencijalu Istre te je osnovan komorni i klasi\u010dni simfonijski sastav koji je bio osnova bogatog glazbenog \u017eivota u kome su sudjelovali neki od najzna\u010dajnijih doama\u0107ih umjetnika-solista u razdoblju 1986. do 1992. Va\u017ean doprinos dao je i Mje\u0161oviti pjeva\u010dki zbor Pedago\u0161kog fakulteta [&hellip;]","og_url":"https:\/\/webknjizara.hr\/proizvod\/istarski-simfonijski-orkestar-istarsko-glazbeno-lj-1986-1992\/","og_site_name":"Web-knji\u017eara","article_modified_time":"2023-02-26T23:16:22+00:00","og_image":[{"width":358,"height":500,"url":"https:\/\/webknjizara.hr\/wp-content\/uploads\/nc\/images\/virtuemart\/product\/istarski-simfoni-5509a3f9263bd.jpg","type":"image\/jpeg"}],"twitter_card":"summary_large_image","twitter_misc":{"Est. reading time":"1 minute"},"schema":{"@context":"https:\/\/schema.org","@graph":[{"@type":"WebPage","@id":"https:\/\/webknjizara.hr\/proizvod\/istarski-simfonijski-orkestar-istarsko-glazbeno-lj-1986-1992\/","url":"https:\/\/webknjizara.hr\/proizvod\/istarski-simfonijski-orkestar-istarsko-glazbeno-lj-1986-1992\/","name":"ISTARSKI SIMFONIJSKI ORKESTAR - ISTARSKO GLAZBENO LJ. 1986.\u20131992 - Web-knji\u017eara","isPartOf":{"@id":"https:\/\/webknjizara.hr\/#website"},"primaryImageOfPage":{"@id":"https:\/\/webknjizara.hr\/proizvod\/istarski-simfonijski-orkestar-istarsko-glazbeno-lj-1986-1992\/#primaryimage"},"image":{"@id":"https:\/\/webknjizara.hr\/proizvod\/istarski-simfonijski-orkestar-istarsko-glazbeno-lj-1986-1992\/#primaryimage"},"thumbnailUrl":"https:\/\/webknjizara.hr\/wp-content\/uploads\/nc\/images\/virtuemart\/product\/istarski-simfoni-5509a3f9263bd.jpg","datePublished":"2015-03-18T16:12:41+00:00","dateModified":"2023-02-26T23:16:22+00:00","breadcrumb":{"@id":"https:\/\/webknjizara.hr\/proizvod\/istarski-simfonijski-orkestar-istarsko-glazbeno-lj-1986-1992\/#breadcrumb"},"inLanguage":"en-US","potentialAction":[{"@type":"ReadAction","target":["https:\/\/webknjizara.hr\/proizvod\/istarski-simfonijski-orkestar-istarsko-glazbeno-lj-1986-1992\/"]}]},{"@type":"ImageObject","inLanguage":"en-US","@id":"https:\/\/webknjizara.hr\/proizvod\/istarski-simfonijski-orkestar-istarsko-glazbeno-lj-1986-1992\/#primaryimage","url":"https:\/\/webknjizara.hr\/wp-content\/uploads\/nc\/images\/virtuemart\/product\/istarski-simfoni-5509a3f9263bd.jpg","contentUrl":"https:\/\/webknjizara.hr\/wp-content\/uploads\/nc\/images\/virtuemart\/product\/istarski-simfoni-5509a3f9263bd.jpg","width":358,"height":500,"caption":"ISTARSKI SIMFONIJSKI ORKESTAR - ISTARSKO GLAZBENO LJ. 1986.\u20131992"},{"@type":"BreadcrumbList","@id":"https:\/\/webknjizara.hr\/proizvod\/istarski-simfonijski-orkestar-istarsko-glazbeno-lj-1986-1992\/#breadcrumb","itemListElement":[{"@type":"ListItem","position":1,"name":"Po\u010detna stranica","item":"https:\/\/webknjizara.hr\/en\/"},{"@type":"ListItem","position":2,"name":"Shop","item":"https:\/\/webknjizara.hr\/shop\/"},{"@type":"ListItem","position":3,"name":"ISTARSKI SIMFONIJSKI ORKESTAR &#8211; ISTARSKO GLAZBENO LJ. 1986.\u20131992"}]},{"@type":"WebSite","@id":"https:\/\/webknjizara.hr\/#website","url":"https:\/\/webknjizara.hr\/","name":"Web Knji\u017eara","description":"","publisher":{"@id":"https:\/\/webknjizara.hr\/#organization"},"potentialAction":[{"@type":"SearchAction","target":{"@type":"EntryPoint","urlTemplate":"https:\/\/webknjizara.hr\/?s={search_term_string}"},"query-input":{"@type":"PropertyValueSpecification","valueRequired":true,"valueName":"search_term_string"}}],"inLanguage":"en-US"},{"@type":"Organization","@id":"https:\/\/webknjizara.hr\/#organization","name":"REDAK D.O.O.","url":"https:\/\/webknjizara.hr\/","logo":{"@type":"ImageObject","inLanguage":"en-US","@id":"https:\/\/webknjizara.hr\/#\/schema\/logo\/image\/","url":"https:\/\/webknjizara.hr\/wp-content\/uploads\/2023\/01\/web-knjizara-logo.webp","contentUrl":"https:\/\/webknjizara.hr\/wp-content\/uploads\/2023\/01\/web-knjizara-logo.webp","width":324,"height":79,"caption":"REDAK D.O.O."},"image":{"@id":"https:\/\/webknjizara.hr\/#\/schema\/logo\/image\/"}}]}},"_links":{"self":[{"href":"https:\/\/webknjizara.hr\/en\/wp-json\/wp\/v2\/product\/7965","targetHints":{"allow":["GET"]}}],"collection":[{"href":"https:\/\/webknjizara.hr\/en\/wp-json\/wp\/v2\/product"}],"about":[{"href":"https:\/\/webknjizara.hr\/en\/wp-json\/wp\/v2\/types\/product"}],"replies":[{"embeddable":true,"href":"https:\/\/webknjizara.hr\/en\/wp-json\/wp\/v2\/comments?post=7965"}],"wp:featuredmedia":[{"embeddable":true,"href":"https:\/\/webknjizara.hr\/en\/wp-json\/wp\/v2\/media\/7966"}],"wp:attachment":[{"href":"https:\/\/webknjizara.hr\/en\/wp-json\/wp\/v2\/media?parent=7965"}],"wp:term":[{"taxonomy":"product_brand","embeddable":true,"href":"https:\/\/webknjizara.hr\/en\/wp-json\/wp\/v2\/product_brand?post=7965"},{"taxonomy":"product_cat","embeddable":true,"href":"https:\/\/webknjizara.hr\/en\/wp-json\/wp\/v2\/product_cat?post=7965"},{"taxonomy":"product_tag","embeddable":true,"href":"https:\/\/webknjizara.hr\/en\/wp-json\/wp\/v2\/product_tag?post=7965"}],"curies":[{"name":"wp","href":"https:\/\/api.w.org\/{rel}","templated":true}]}}