{"id":7961,"date":"2015-03-11T19:22:41","date_gmt":"2015-03-11T19:22:41","guid":{"rendered":"https:\/\/webknjizara.hr\/?product=radioloski-uredaji-i-oprema-u-radiologiji-radioterapiji-i-nmed"},"modified":"2025-06-24T15:40:22","modified_gmt":"2025-06-24T13:40:22","slug":"radioloski-uredaji-i-oprema-u-radiologiji-radioterapiji-i-n-med","status":"publish","type":"product","link":"https:\/\/webknjizara.hr\/en\/proizvod\/radioloski-uredaji-i-oprema-u-radiologiji-radioterapiji-i-n-med\/","title":{"rendered":"RADIOLO\u0160KI URE\u0110AJI I OPREMA U RADIOLOGIJI, RADIOTERAPIJI I N.MED"},"content":{"rendered":"<p style=\"text-align: justify;\"><strong>Sa\u017eetak:<br \/><\/strong><br \/>Sveu\u010dili\u0161ni ud\u017ebenik \u201cRadiolo\u0161ki ure\u0111aji i oprema u Radiologiji, Radioterapiji i Nuklearnoj medicini\u201d obuhva\u0107a sva bitna podru\u010dja radiolo\u0161ke tehnologije, proni\u010du\u0107i u dubinu tehni\u010dki vrlo kompliciranih ure\u0111aja i opreme na jednostavan i pregledan na\u010din, bez nepotrebnih detalja. Ud\u017ebenik je svojevrsna \u201eanatomija\u201c ure\u0111aja i opreme u Radiologiji u \u0161irem smislu, \u010dija je zada\u0107a na \u0161to je mogu\u0107e jednostavniji na\u010din uvesti studente u svu slo\u017eenost radiolo\u0161kih ure\u0111aja i opreme, kako bi se mogli obu\u010diti za samostalni rad na njima radi izvo\u0111enja najrazli\u010ditijih metoda dijagnosti\u010dke i intervencijske radiologije (konvencionalne i digitalne) i\/ili terapijskih postupaka. Studenti \u0107e \u010ditaju\u0107i ovaj ud\u017ebenik, nastao sistematizacijom ranije objavljenih tekstova oboga\u0107enih najnovijim znanstvenim i stru\u010dnim spoznajama u podru\u010dju radiolo\u0161ke tehnologije, nau\u010diti osnove gra\u0111e ure\u0111aja i opreme, na\u010dine njihova funkcioniranja, te tehni\u010dke mogu\u0107nosti dobivanja glavnog proizvoda &#8211; radiolo\u0161ke slike vrhunske kvalitete, bez obzira na vrstu receptora slike (analogni i\/ili digitalni). Odre\u0111eni dijelovi ud\u017ebenika svakako \u0107e dobro do\u0107i i studentima integriranih diplomskih studija Medicine i Dentalne medicine, kao i studentima sveu\u010dili\u0161nog Diplomskog studija Radiolo\u0161ke tehnologije, koji \u017eele nau\u010diti ne\u0161to vi\u0161e o tehni\u010dkim aspektima radiolo\u0161kih ure\u0111aja i opreme.<\/p>\n<p style=\"text-align: justify;\"><strong>Klju\u010dne rije\u010di:<\/strong> Radiologija, Radiolo\u0161ki ure\u0111aji, Oprema u radiologiji, Nuklearna medicina<\/p>\n<p><strong>Link:<\/strong> <a href=\"http:\/\/ozs.unist.hr\/\">http:\/\/ozs.unist.hr\/<\/a><\/p>\n<p style=\"text-align: justify;\"><strong>Naslov:<\/strong> Radiolo\u0161ki ure\u0111aji i oprema u radiologiji, radioterapiji i nuklearnoj medicini<br \/><strong>Autor:<\/strong> Stipan Jankovi\u0107, Frane Mihanovi\u0107<br \/><strong>Broj stranica:<\/strong> 318<br \/><strong>Nakladnik:<\/strong> SVEU\u010cILI\u0160TE U SPLITU, Sveu\u010dili\u0161ni odjel zdravstvenih studija<br \/><strong>Godina izdanja:<\/strong> 2015.<br \/><strong>Tisak:<\/strong> digitalni tisak knjiga &#8211; print na zahtjev<\/p>\n","protected":false},"excerpt":{"rendered":"<p>Sa\u017eetak:Sveu\u010dili\u0161ni ud\u017ebenik \u201cRadiolo\u0161ki ure\u0111aji i oprema u Radiologiji, Radioterapiji i Nuklearnoj medicini\u201d obuhva\u0107a sva bitna podru\u010dja radiolo\u0161ke tehnologije, proni\u010du\u0107i u dubinu tehni\u010dki vrlo kompliciranih ure\u0111aja i opreme na jednostavan i pregledan na\u010din, bez nepotrebnih detalja. Ud\u017ebenik je svojevrsna \u201eanatomija\u201c ure\u0111aja i opreme u Radiologiji u \u0161irem smislu, \u010dija je zada\u0107a na \u0161to je mogu\u0107e jednostavniji [&hellip;]<\/p>\n","protected":false},"featured_media":7962,"comment_status":"open","ping_status":"closed","template":"","meta":{"_acf_changed":false},"product_brand":[],"product_cat":[1540,1517],"product_tag":[],"class_list":{"0":"post-7961","1":"product","2":"type-product","3":"status-publish","4":"has-post-thumbnail","6":"product_cat-biomedicina-i-zdravstvo","7":"product_cat-strucna-literatura","8":"pa_autor-frane-mihanovic","9":"pa_autor-stipan-jankovic","10":"pa_nakladnik-sveuciliste-u-splitu-sveucilisni-odjel-zdravstvenih-studija","12":"first","13":"instock","14":"shipping-taxable","15":"purchasable","16":"product-type-simple"},"acf":[],"yoast_head":"<!-- This site is optimized with the Yoast SEO plugin v27.3 - https:\/\/yoast.com\/product\/yoast-seo-wordpress\/ -->\n<title>RADIOLO\u0160KI URE\u0110AJI I OPREMA U RADIOLOGIJI, RADIOTERAPIJI I N.MED - Web-knji\u017eara<\/title>\n<meta name=\"robots\" content=\"index, follow, max-snippet:-1, max-image-preview:large, max-video-preview:-1\" \/>\n<link rel=\"canonical\" href=\"https:\/\/webknjizara.hr\/proizvod\/radioloski-uredaji-i-oprema-u-radiologiji-radioterapiji-i-n-med\/\" \/>\n<meta property=\"og:locale\" content=\"en_US\" \/>\n<meta property=\"og:type\" content=\"article\" \/>\n<meta property=\"og:title\" content=\"RADIOLO\u0160KI URE\u0110AJI I OPREMA U RADIOLOGIJI, RADIOTERAPIJI I N.MED - Web-knji\u017eara\" \/>\n<meta property=\"og:description\" content=\"Sa\u017eetak:Sveu\u010dili\u0161ni ud\u017ebenik \u201cRadiolo\u0161ki ure\u0111aji i oprema u Radiologiji, Radioterapiji i Nuklearnoj medicini\u201d obuhva\u0107a sva bitna podru\u010dja radiolo\u0161ke tehnologije, proni\u010du\u0107i u dubinu tehni\u010dki vrlo kompliciranih ure\u0111aja i opreme na jednostavan i pregledan na\u010din, bez nepotrebnih detalja. Ud\u017ebenik je svojevrsna \u201eanatomija\u201c ure\u0111aja i opreme u Radiologiji u \u0161irem smislu, \u010dija je zada\u0107a na \u0161to je mogu\u0107e jednostavniji [&hellip;]\" \/>\n<meta property=\"og:url\" content=\"https:\/\/webknjizara.hr\/proizvod\/radioloski-uredaji-i-oprema-u-radiologiji-radioterapiji-i-n-med\/\" \/>\n<meta property=\"og:site_name\" content=\"Web-knji\u017eara\" \/>\n<meta property=\"article:modified_time\" content=\"2025-06-24T13:40:22+00:00\" \/>\n<meta property=\"og:image\" content=\"https:\/\/webknjizara.hr\/wp-content\/uploads\/nc\/images\/virtuemart\/product\/radiolo-ki-ure-55009600f19c4.jpg\" \/>\n\t<meta property=\"og:image:width\" content=\"345\" \/>\n\t<meta property=\"og:image:height\" content=\"500\" \/>\n\t<meta property=\"og:image:type\" content=\"image\/jpeg\" \/>\n<meta name=\"twitter:card\" content=\"summary_large_image\" \/>\n<meta name=\"twitter:label1\" content=\"Est. reading time\" \/>\n\t<meta name=\"twitter:data1\" content=\"1 minute\" \/>\n<script type=\"application\/ld+json\" class=\"yoast-schema-graph\">{\"@context\":\"https:\\\/\\\/schema.org\",\"@graph\":[{\"@type\":\"WebPage\",\"@id\":\"https:\\\/\\\/webknjizara.hr\\\/proizvod\\\/radioloski-uredaji-i-oprema-u-radiologiji-radioterapiji-i-n-med\\\/\",\"url\":\"https:\\\/\\\/webknjizara.hr\\\/proizvod\\\/radioloski-uredaji-i-oprema-u-radiologiji-radioterapiji-i-n-med\\\/\",\"name\":\"RADIOLO\u0160KI URE\u0110AJI I OPREMA U RADIOLOGIJI, RADIOTERAPIJI I N.MED - Web-knji\u017eara\",\"isPartOf\":{\"@id\":\"https:\\\/\\\/webknjizara.hr\\\/#website\"},\"primaryImageOfPage\":{\"@id\":\"https:\\\/\\\/webknjizara.hr\\\/proizvod\\\/radioloski-uredaji-i-oprema-u-radiologiji-radioterapiji-i-n-med\\\/#primaryimage\"},\"image\":{\"@id\":\"https:\\\/\\\/webknjizara.hr\\\/proizvod\\\/radioloski-uredaji-i-oprema-u-radiologiji-radioterapiji-i-n-med\\\/#primaryimage\"},\"thumbnailUrl\":\"https:\\\/\\\/webknjizara.hr\\\/wp-content\\\/uploads\\\/nc\\\/images\\\/virtuemart\\\/product\\\/radiolo-ki-ure-55009600f19c4.jpg\",\"datePublished\":\"2015-03-11T19:22:41+00:00\",\"dateModified\":\"2025-06-24T13:40:22+00:00\",\"breadcrumb\":{\"@id\":\"https:\\\/\\\/webknjizara.hr\\\/proizvod\\\/radioloski-uredaji-i-oprema-u-radiologiji-radioterapiji-i-n-med\\\/#breadcrumb\"},\"inLanguage\":\"en-US\",\"potentialAction\":[{\"@type\":\"ReadAction\",\"target\":[\"https:\\\/\\\/webknjizara.hr\\\/proizvod\\\/radioloski-uredaji-i-oprema-u-radiologiji-radioterapiji-i-n-med\\\/\"]}]},{\"@type\":\"ImageObject\",\"inLanguage\":\"en-US\",\"@id\":\"https:\\\/\\\/webknjizara.hr\\\/proizvod\\\/radioloski-uredaji-i-oprema-u-radiologiji-radioterapiji-i-n-med\\\/#primaryimage\",\"url\":\"https:\\\/\\\/webknjizara.hr\\\/wp-content\\\/uploads\\\/nc\\\/images\\\/virtuemart\\\/product\\\/radiolo-ki-ure-55009600f19c4.jpg\",\"contentUrl\":\"https:\\\/\\\/webknjizara.hr\\\/wp-content\\\/uploads\\\/nc\\\/images\\\/virtuemart\\\/product\\\/radiolo-ki-ure-55009600f19c4.jpg\",\"width\":345,\"height\":500,\"caption\":\"RADIOLO\u0160KI URE\u0110AJI I OPREMA U RADIOLOGIJI, RADIOTERAPIJI I N.MED\"},{\"@type\":\"BreadcrumbList\",\"@id\":\"https:\\\/\\\/webknjizara.hr\\\/proizvod\\\/radioloski-uredaji-i-oprema-u-radiologiji-radioterapiji-i-n-med\\\/#breadcrumb\",\"itemListElement\":[{\"@type\":\"ListItem\",\"position\":1,\"name\":\"Po\u010detna stranica\",\"item\":\"https:\\\/\\\/webknjizara.hr\\\/en\\\/\"},{\"@type\":\"ListItem\",\"position\":2,\"name\":\"Shop\",\"item\":\"https:\\\/\\\/webknjizara.hr\\\/shop\\\/\"},{\"@type\":\"ListItem\",\"position\":3,\"name\":\"RADIOLO\u0160KI URE\u0110AJI I OPREMA U RADIOLOGIJI, RADIOTERAPIJI I N.MED\"}]},{\"@type\":\"WebSite\",\"@id\":\"https:\\\/\\\/webknjizara.hr\\\/#website\",\"url\":\"https:\\\/\\\/webknjizara.hr\\\/\",\"name\":\"Web Knji\u017eara\",\"description\":\"\",\"publisher\":{\"@id\":\"https:\\\/\\\/webknjizara.hr\\\/#organization\"},\"potentialAction\":[{\"@type\":\"SearchAction\",\"target\":{\"@type\":\"EntryPoint\",\"urlTemplate\":\"https:\\\/\\\/webknjizara.hr\\\/?s={search_term_string}\"},\"query-input\":{\"@type\":\"PropertyValueSpecification\",\"valueRequired\":true,\"valueName\":\"search_term_string\"}}],\"inLanguage\":\"en-US\"},{\"@type\":\"Organization\",\"@id\":\"https:\\\/\\\/webknjizara.hr\\\/#organization\",\"name\":\"REDAK D.O.O.\",\"url\":\"https:\\\/\\\/webknjizara.hr\\\/\",\"logo\":{\"@type\":\"ImageObject\",\"inLanguage\":\"en-US\",\"@id\":\"https:\\\/\\\/webknjizara.hr\\\/#\\\/schema\\\/logo\\\/image\\\/\",\"url\":\"https:\\\/\\\/webknjizara.hr\\\/wp-content\\\/uploads\\\/2023\\\/01\\\/web-knjizara-logo.webp\",\"contentUrl\":\"https:\\\/\\\/webknjizara.hr\\\/wp-content\\\/uploads\\\/2023\\\/01\\\/web-knjizara-logo.webp\",\"width\":324,\"height\":79,\"caption\":\"REDAK D.O.O.\"},\"image\":{\"@id\":\"https:\\\/\\\/webknjizara.hr\\\/#\\\/schema\\\/logo\\\/image\\\/\"}}]}<\/script>\n<!-- \/ Yoast SEO plugin. -->","yoast_head_json":{"title":"RADIOLO\u0160KI URE\u0110AJI I OPREMA U RADIOLOGIJI, RADIOTERAPIJI I N.MED - Web-knji\u017eara","robots":{"index":"index","follow":"follow","max-snippet":"max-snippet:-1","max-image-preview":"max-image-preview:large","max-video-preview":"max-video-preview:-1"},"canonical":"https:\/\/webknjizara.hr\/proizvod\/radioloski-uredaji-i-oprema-u-radiologiji-radioterapiji-i-n-med\/","og_locale":"en_US","og_type":"article","og_title":"RADIOLO\u0160KI URE\u0110AJI I OPREMA U RADIOLOGIJI, RADIOTERAPIJI I N.MED - Web-knji\u017eara","og_description":"Sa\u017eetak:Sveu\u010dili\u0161ni ud\u017ebenik \u201cRadiolo\u0161ki ure\u0111aji i oprema u Radiologiji, Radioterapiji i Nuklearnoj medicini\u201d obuhva\u0107a sva bitna podru\u010dja radiolo\u0161ke tehnologije, proni\u010du\u0107i u dubinu tehni\u010dki vrlo kompliciranih ure\u0111aja i opreme na jednostavan i pregledan na\u010din, bez nepotrebnih detalja. Ud\u017ebenik je svojevrsna \u201eanatomija\u201c ure\u0111aja i opreme u Radiologiji u \u0161irem smislu, \u010dija je zada\u0107a na \u0161to je mogu\u0107e jednostavniji [&hellip;]","og_url":"https:\/\/webknjizara.hr\/proizvod\/radioloski-uredaji-i-oprema-u-radiologiji-radioterapiji-i-n-med\/","og_site_name":"Web-knji\u017eara","article_modified_time":"2025-06-24T13:40:22+00:00","og_image":[{"width":345,"height":500,"url":"https:\/\/webknjizara.hr\/wp-content\/uploads\/nc\/images\/virtuemart\/product\/radiolo-ki-ure-55009600f19c4.jpg","type":"image\/jpeg"}],"twitter_card":"summary_large_image","twitter_misc":{"Est. reading time":"1 minute"},"schema":{"@context":"https:\/\/schema.org","@graph":[{"@type":"WebPage","@id":"https:\/\/webknjizara.hr\/proizvod\/radioloski-uredaji-i-oprema-u-radiologiji-radioterapiji-i-n-med\/","url":"https:\/\/webknjizara.hr\/proizvod\/radioloski-uredaji-i-oprema-u-radiologiji-radioterapiji-i-n-med\/","name":"RADIOLO\u0160KI URE\u0110AJI I OPREMA U RADIOLOGIJI, RADIOTERAPIJI I N.MED - Web-knji\u017eara","isPartOf":{"@id":"https:\/\/webknjizara.hr\/#website"},"primaryImageOfPage":{"@id":"https:\/\/webknjizara.hr\/proizvod\/radioloski-uredaji-i-oprema-u-radiologiji-radioterapiji-i-n-med\/#primaryimage"},"image":{"@id":"https:\/\/webknjizara.hr\/proizvod\/radioloski-uredaji-i-oprema-u-radiologiji-radioterapiji-i-n-med\/#primaryimage"},"thumbnailUrl":"https:\/\/webknjizara.hr\/wp-content\/uploads\/nc\/images\/virtuemart\/product\/radiolo-ki-ure-55009600f19c4.jpg","datePublished":"2015-03-11T19:22:41+00:00","dateModified":"2025-06-24T13:40:22+00:00","breadcrumb":{"@id":"https:\/\/webknjizara.hr\/proizvod\/radioloski-uredaji-i-oprema-u-radiologiji-radioterapiji-i-n-med\/#breadcrumb"},"inLanguage":"en-US","potentialAction":[{"@type":"ReadAction","target":["https:\/\/webknjizara.hr\/proizvod\/radioloski-uredaji-i-oprema-u-radiologiji-radioterapiji-i-n-med\/"]}]},{"@type":"ImageObject","inLanguage":"en-US","@id":"https:\/\/webknjizara.hr\/proizvod\/radioloski-uredaji-i-oprema-u-radiologiji-radioterapiji-i-n-med\/#primaryimage","url":"https:\/\/webknjizara.hr\/wp-content\/uploads\/nc\/images\/virtuemart\/product\/radiolo-ki-ure-55009600f19c4.jpg","contentUrl":"https:\/\/webknjizara.hr\/wp-content\/uploads\/nc\/images\/virtuemart\/product\/radiolo-ki-ure-55009600f19c4.jpg","width":345,"height":500,"caption":"RADIOLO\u0160KI URE\u0110AJI I OPREMA U RADIOLOGIJI, RADIOTERAPIJI I N.MED"},{"@type":"BreadcrumbList","@id":"https:\/\/webknjizara.hr\/proizvod\/radioloski-uredaji-i-oprema-u-radiologiji-radioterapiji-i-n-med\/#breadcrumb","itemListElement":[{"@type":"ListItem","position":1,"name":"Po\u010detna stranica","item":"https:\/\/webknjizara.hr\/en\/"},{"@type":"ListItem","position":2,"name":"Shop","item":"https:\/\/webknjizara.hr\/shop\/"},{"@type":"ListItem","position":3,"name":"RADIOLO\u0160KI URE\u0110AJI I OPREMA U RADIOLOGIJI, RADIOTERAPIJI I N.MED"}]},{"@type":"WebSite","@id":"https:\/\/webknjizara.hr\/#website","url":"https:\/\/webknjizara.hr\/","name":"Web Knji\u017eara","description":"","publisher":{"@id":"https:\/\/webknjizara.hr\/#organization"},"potentialAction":[{"@type":"SearchAction","target":{"@type":"EntryPoint","urlTemplate":"https:\/\/webknjizara.hr\/?s={search_term_string}"},"query-input":{"@type":"PropertyValueSpecification","valueRequired":true,"valueName":"search_term_string"}}],"inLanguage":"en-US"},{"@type":"Organization","@id":"https:\/\/webknjizara.hr\/#organization","name":"REDAK D.O.O.","url":"https:\/\/webknjizara.hr\/","logo":{"@type":"ImageObject","inLanguage":"en-US","@id":"https:\/\/webknjizara.hr\/#\/schema\/logo\/image\/","url":"https:\/\/webknjizara.hr\/wp-content\/uploads\/2023\/01\/web-knjizara-logo.webp","contentUrl":"https:\/\/webknjizara.hr\/wp-content\/uploads\/2023\/01\/web-knjizara-logo.webp","width":324,"height":79,"caption":"REDAK D.O.O."},"image":{"@id":"https:\/\/webknjizara.hr\/#\/schema\/logo\/image\/"}}]}},"_links":{"self":[{"href":"https:\/\/webknjizara.hr\/en\/wp-json\/wp\/v2\/product\/7961","targetHints":{"allow":["GET"]}}],"collection":[{"href":"https:\/\/webknjizara.hr\/en\/wp-json\/wp\/v2\/product"}],"about":[{"href":"https:\/\/webknjizara.hr\/en\/wp-json\/wp\/v2\/types\/product"}],"replies":[{"embeddable":true,"href":"https:\/\/webknjizara.hr\/en\/wp-json\/wp\/v2\/comments?post=7961"}],"wp:featuredmedia":[{"embeddable":true,"href":"https:\/\/webknjizara.hr\/en\/wp-json\/wp\/v2\/media\/7962"}],"wp:attachment":[{"href":"https:\/\/webknjizara.hr\/en\/wp-json\/wp\/v2\/media?parent=7961"}],"wp:term":[{"taxonomy":"product_brand","embeddable":true,"href":"https:\/\/webknjizara.hr\/en\/wp-json\/wp\/v2\/product_brand?post=7961"},{"taxonomy":"product_cat","embeddable":true,"href":"https:\/\/webknjizara.hr\/en\/wp-json\/wp\/v2\/product_cat?post=7961"},{"taxonomy":"product_tag","embeddable":true,"href":"https:\/\/webknjizara.hr\/en\/wp-json\/wp\/v2\/product_tag?post=7961"}],"curies":[{"name":"wp","href":"https:\/\/api.w.org\/{rel}","templated":true}]}}