{"id":7955,"date":"2015-02-20T19:01:41","date_gmt":"2015-02-20T19:01:41","guid":{"rendered":"https:\/\/webknjizara.hr\/?product=sitna-riba-som-aleksandar-ljubotina"},"modified":"2025-04-02T18:48:57","modified_gmt":"2025-04-02T16:48:57","slug":"sitna-riba-som-aleksandar-ljubotina","status":"publish","type":"product","link":"https:\/\/webknjizara.hr\/en\/proizvod\/sitna-riba-som-aleksandar-ljubotina\/","title":{"rendered":"Sitna riba SOM, Aleksandar Ljubotina"},"content":{"rendered":"<p style=\"text-align: justify;\"><strong>Sa\u017eetak:<\/strong><\/p>\n<p>U djelu je na humoristi\u010dan i pomalo satiri\u010dan na\u010din, kroz kratke pri\u010de i i jo\u0161 kra\u0107a scenska djela prikazan polo\u017eaj obiteljkog lije\u010dnika i obiteljske medicine op\u0107enito u Republici Hrvatskoj<\/p>\n<p><strong>Bilje\u0161ka o autoru:<\/strong> <\/p>\n<p>Aleksandar Ljubotina je ro\u0111en 1957. u Rijeci, gdje je 1981. na Medicinskom fakultetu postav\u0161i doktorom medicine, i 1998. na Filozofskom fakultetu postav\u0161i profesorom psihologije. Magistrirao je i doktorirao iz podru\u010dja biomedicinskih znanosti. Radi kao specijalist obiteljske medicine u svojoj ordinaciji i vi\u0161i suradnik na Katedri obiteljske medicine Medicinskog fakulteta u Rijeci. Posebno se zanima za teme iz zdravstvene psihologije i medicinske sociologije.<\/p>\n<p><strong>Klju\u010dne rije\u010di:<\/strong> lije\u010dnik, psiholog, obiteljska medicina<\/p>\n<p><strong>Link:<\/strong> <a href=\"https:\/\/www.facebook.com\/pages\/Specijalisti%C4%8Dka-ordinacija-obiteljske-medicine-dr-Aleksandar-Ljubotina\/674378925990157\">https:\/\/www.facebook.com\/pages\/Specijalisti%C4%8Dka-ordinacija-obiteljske-medicine-dr-Aleksandar-Ljubotina\/674378925990157<\/a><\/p>\n<p><strong>E-mail:<\/strong> <a href=\"mailto:alexandar_ljubotina@yahoo.com\">Aleksandar Ljubotina<\/a><\/p>\n<p style=\"text-align: justify;\"><strong>Naslov:<\/strong> Sitna riba SOM<br \/><strong>Autor:<\/strong> Aleksandar Ljubotina<br \/><strong>Broj stranica:<\/strong> 122<br \/><strong>Nakladnik:<\/strong> REDAK<br \/><strong>Godina izdanja:<\/strong> 2015.<br \/><strong>ISBN:<\/strong> 978-953-336-186-4<br \/><strong>Tisak:<\/strong> digitalni tisak knjiga &#8211; print na zahtjev<\/p>\n","protected":false},"excerpt":{"rendered":"<p>Sa\u017eetak: U djelu je na humoristi\u010dan i pomalo satiri\u010dan na\u010din, kroz kratke pri\u010de i i jo\u0161 kra\u0107a scenska djela prikazan polo\u017eaj obiteljkog lije\u010dnika i obiteljske medicine op\u0107enito u Republici Hrvatskoj Bilje\u0161ka o autoru: Aleksandar Ljubotina je ro\u0111en 1957. u Rijeci, gdje je 1981. na Medicinskom fakultetu postav\u0161i doktorom medicine, i 1998. na Filozofskom fakultetu postav\u0161i [&hellip;]<\/p>\n","protected":false},"featured_media":7956,"comment_status":"open","ping_status":"closed","template":"","meta":{"_acf_changed":false},"product_brand":[],"product_cat":[1383,1385],"product_tag":[],"class_list":{"0":"post-7955","1":"product","2":"type-product","3":"status-publish","4":"has-post-thumbnail","6":"product_cat-knjige","7":"product_cat-knjizevnost","8":"pa_nakladnik-redak","10":"first","11":"instock","12":"shipping-taxable","13":"purchasable","14":"product-type-simple"},"acf":[],"yoast_head":"<!-- This site is optimized with the Yoast SEO plugin v27.3 - https:\/\/yoast.com\/product\/yoast-seo-wordpress\/ -->\n<title>Sitna riba SOM, Aleksandar Ljubotina - Web-knji\u017eara<\/title>\n<meta name=\"robots\" content=\"index, follow, max-snippet:-1, max-image-preview:large, max-video-preview:-1\" \/>\n<link rel=\"canonical\" href=\"https:\/\/webknjizara.hr\/proizvod\/sitna-riba-som-aleksandar-ljubotina\/\" \/>\n<meta property=\"og:locale\" content=\"en_US\" \/>\n<meta property=\"og:type\" content=\"article\" \/>\n<meta property=\"og:title\" content=\"Sitna riba SOM, Aleksandar Ljubotina - Web-knji\u017eara\" \/>\n<meta property=\"og:description\" content=\"Sa\u017eetak: U djelu je na humoristi\u010dan i pomalo satiri\u010dan na\u010din, kroz kratke pri\u010de i i jo\u0161 kra\u0107a scenska djela prikazan polo\u017eaj obiteljkog lije\u010dnika i obiteljske medicine op\u0107enito u Republici Hrvatskoj Bilje\u0161ka o autoru: Aleksandar Ljubotina je ro\u0111en 1957. u Rijeci, gdje je 1981. na Medicinskom fakultetu postav\u0161i doktorom medicine, i 1998. na Filozofskom fakultetu postav\u0161i [&hellip;]\" \/>\n<meta property=\"og:url\" content=\"https:\/\/webknjizara.hr\/proizvod\/sitna-riba-som-aleksandar-ljubotina\/\" \/>\n<meta property=\"og:site_name\" content=\"Web-knji\u017eara\" \/>\n<meta property=\"article:modified_time\" content=\"2025-04-02T16:48:57+00:00\" \/>\n<meta property=\"og:image\" content=\"https:\/\/webknjizara.hr\/wp-content\/uploads\/nc\/images\/virtuemart\/product\/sitna-riba-som-560d420529f44.jpg\" \/>\n\t<meta property=\"og:image:width\" content=\"358\" \/>\n\t<meta property=\"og:image:height\" content=\"500\" \/>\n\t<meta property=\"og:image:type\" content=\"image\/jpeg\" \/>\n<meta name=\"twitter:card\" content=\"summary_large_image\" \/>\n<meta name=\"twitter:label1\" content=\"Est. reading time\" \/>\n\t<meta name=\"twitter:data1\" content=\"1 minute\" \/>\n<script type=\"application\/ld+json\" class=\"yoast-schema-graph\">{\"@context\":\"https:\\\/\\\/schema.org\",\"@graph\":[{\"@type\":\"WebPage\",\"@id\":\"https:\\\/\\\/webknjizara.hr\\\/proizvod\\\/sitna-riba-som-aleksandar-ljubotina\\\/\",\"url\":\"https:\\\/\\\/webknjizara.hr\\\/proizvod\\\/sitna-riba-som-aleksandar-ljubotina\\\/\",\"name\":\"Sitna riba SOM, Aleksandar Ljubotina - Web-knji\u017eara\",\"isPartOf\":{\"@id\":\"https:\\\/\\\/webknjizara.hr\\\/#website\"},\"primaryImageOfPage\":{\"@id\":\"https:\\\/\\\/webknjizara.hr\\\/proizvod\\\/sitna-riba-som-aleksandar-ljubotina\\\/#primaryimage\"},\"image\":{\"@id\":\"https:\\\/\\\/webknjizara.hr\\\/proizvod\\\/sitna-riba-som-aleksandar-ljubotina\\\/#primaryimage\"},\"thumbnailUrl\":\"https:\\\/\\\/webknjizara.hr\\\/wp-content\\\/uploads\\\/nc\\\/images\\\/virtuemart\\\/product\\\/sitna-riba-som-560d420529f44.jpg\",\"datePublished\":\"2015-02-20T19:01:41+00:00\",\"dateModified\":\"2025-04-02T16:48:57+00:00\",\"breadcrumb\":{\"@id\":\"https:\\\/\\\/webknjizara.hr\\\/proizvod\\\/sitna-riba-som-aleksandar-ljubotina\\\/#breadcrumb\"},\"inLanguage\":\"en-US\",\"potentialAction\":[{\"@type\":\"ReadAction\",\"target\":[\"https:\\\/\\\/webknjizara.hr\\\/proizvod\\\/sitna-riba-som-aleksandar-ljubotina\\\/\"]}]},{\"@type\":\"ImageObject\",\"inLanguage\":\"en-US\",\"@id\":\"https:\\\/\\\/webknjizara.hr\\\/proizvod\\\/sitna-riba-som-aleksandar-ljubotina\\\/#primaryimage\",\"url\":\"https:\\\/\\\/webknjizara.hr\\\/wp-content\\\/uploads\\\/nc\\\/images\\\/virtuemart\\\/product\\\/sitna-riba-som-560d420529f44.jpg\",\"contentUrl\":\"https:\\\/\\\/webknjizara.hr\\\/wp-content\\\/uploads\\\/nc\\\/images\\\/virtuemart\\\/product\\\/sitna-riba-som-560d420529f44.jpg\",\"width\":358,\"height\":500,\"caption\":\"Sitna riba SOM, Aleksandar Ljubotina\"},{\"@type\":\"BreadcrumbList\",\"@id\":\"https:\\\/\\\/webknjizara.hr\\\/proizvod\\\/sitna-riba-som-aleksandar-ljubotina\\\/#breadcrumb\",\"itemListElement\":[{\"@type\":\"ListItem\",\"position\":1,\"name\":\"Po\u010detna stranica\",\"item\":\"https:\\\/\\\/webknjizara.hr\\\/en\\\/\"},{\"@type\":\"ListItem\",\"position\":2,\"name\":\"Shop\",\"item\":\"https:\\\/\\\/webknjizara.hr\\\/shop\\\/\"},{\"@type\":\"ListItem\",\"position\":3,\"name\":\"Sitna riba SOM, Aleksandar Ljubotina\"}]},{\"@type\":\"WebSite\",\"@id\":\"https:\\\/\\\/webknjizara.hr\\\/#website\",\"url\":\"https:\\\/\\\/webknjizara.hr\\\/\",\"name\":\"Web Knji\u017eara\",\"description\":\"\",\"publisher\":{\"@id\":\"https:\\\/\\\/webknjizara.hr\\\/#organization\"},\"potentialAction\":[{\"@type\":\"SearchAction\",\"target\":{\"@type\":\"EntryPoint\",\"urlTemplate\":\"https:\\\/\\\/webknjizara.hr\\\/?s={search_term_string}\"},\"query-input\":{\"@type\":\"PropertyValueSpecification\",\"valueRequired\":true,\"valueName\":\"search_term_string\"}}],\"inLanguage\":\"en-US\"},{\"@type\":\"Organization\",\"@id\":\"https:\\\/\\\/webknjizara.hr\\\/#organization\",\"name\":\"REDAK D.O.O.\",\"url\":\"https:\\\/\\\/webknjizara.hr\\\/\",\"logo\":{\"@type\":\"ImageObject\",\"inLanguage\":\"en-US\",\"@id\":\"https:\\\/\\\/webknjizara.hr\\\/#\\\/schema\\\/logo\\\/image\\\/\",\"url\":\"https:\\\/\\\/webknjizara.hr\\\/wp-content\\\/uploads\\\/2023\\\/01\\\/web-knjizara-logo.webp\",\"contentUrl\":\"https:\\\/\\\/webknjizara.hr\\\/wp-content\\\/uploads\\\/2023\\\/01\\\/web-knjizara-logo.webp\",\"width\":324,\"height\":79,\"caption\":\"REDAK D.O.O.\"},\"image\":{\"@id\":\"https:\\\/\\\/webknjizara.hr\\\/#\\\/schema\\\/logo\\\/image\\\/\"}}]}<\/script>\n<!-- \/ Yoast SEO plugin. -->","yoast_head_json":{"title":"Sitna riba SOM, Aleksandar Ljubotina - Web-knji\u017eara","robots":{"index":"index","follow":"follow","max-snippet":"max-snippet:-1","max-image-preview":"max-image-preview:large","max-video-preview":"max-video-preview:-1"},"canonical":"https:\/\/webknjizara.hr\/proizvod\/sitna-riba-som-aleksandar-ljubotina\/","og_locale":"en_US","og_type":"article","og_title":"Sitna riba SOM, Aleksandar Ljubotina - Web-knji\u017eara","og_description":"Sa\u017eetak: U djelu je na humoristi\u010dan i pomalo satiri\u010dan na\u010din, kroz kratke pri\u010de i i jo\u0161 kra\u0107a scenska djela prikazan polo\u017eaj obiteljkog lije\u010dnika i obiteljske medicine op\u0107enito u Republici Hrvatskoj Bilje\u0161ka o autoru: Aleksandar Ljubotina je ro\u0111en 1957. u Rijeci, gdje je 1981. na Medicinskom fakultetu postav\u0161i doktorom medicine, i 1998. na Filozofskom fakultetu postav\u0161i [&hellip;]","og_url":"https:\/\/webknjizara.hr\/proizvod\/sitna-riba-som-aleksandar-ljubotina\/","og_site_name":"Web-knji\u017eara","article_modified_time":"2025-04-02T16:48:57+00:00","og_image":[{"width":358,"height":500,"url":"https:\/\/webknjizara.hr\/wp-content\/uploads\/nc\/images\/virtuemart\/product\/sitna-riba-som-560d420529f44.jpg","type":"image\/jpeg"}],"twitter_card":"summary_large_image","twitter_misc":{"Est. reading time":"1 minute"},"schema":{"@context":"https:\/\/schema.org","@graph":[{"@type":"WebPage","@id":"https:\/\/webknjizara.hr\/proizvod\/sitna-riba-som-aleksandar-ljubotina\/","url":"https:\/\/webknjizara.hr\/proizvod\/sitna-riba-som-aleksandar-ljubotina\/","name":"Sitna riba SOM, Aleksandar Ljubotina - Web-knji\u017eara","isPartOf":{"@id":"https:\/\/webknjizara.hr\/#website"},"primaryImageOfPage":{"@id":"https:\/\/webknjizara.hr\/proizvod\/sitna-riba-som-aleksandar-ljubotina\/#primaryimage"},"image":{"@id":"https:\/\/webknjizara.hr\/proizvod\/sitna-riba-som-aleksandar-ljubotina\/#primaryimage"},"thumbnailUrl":"https:\/\/webknjizara.hr\/wp-content\/uploads\/nc\/images\/virtuemart\/product\/sitna-riba-som-560d420529f44.jpg","datePublished":"2015-02-20T19:01:41+00:00","dateModified":"2025-04-02T16:48:57+00:00","breadcrumb":{"@id":"https:\/\/webknjizara.hr\/proizvod\/sitna-riba-som-aleksandar-ljubotina\/#breadcrumb"},"inLanguage":"en-US","potentialAction":[{"@type":"ReadAction","target":["https:\/\/webknjizara.hr\/proizvod\/sitna-riba-som-aleksandar-ljubotina\/"]}]},{"@type":"ImageObject","inLanguage":"en-US","@id":"https:\/\/webknjizara.hr\/proizvod\/sitna-riba-som-aleksandar-ljubotina\/#primaryimage","url":"https:\/\/webknjizara.hr\/wp-content\/uploads\/nc\/images\/virtuemart\/product\/sitna-riba-som-560d420529f44.jpg","contentUrl":"https:\/\/webknjizara.hr\/wp-content\/uploads\/nc\/images\/virtuemart\/product\/sitna-riba-som-560d420529f44.jpg","width":358,"height":500,"caption":"Sitna riba SOM, Aleksandar Ljubotina"},{"@type":"BreadcrumbList","@id":"https:\/\/webknjizara.hr\/proizvod\/sitna-riba-som-aleksandar-ljubotina\/#breadcrumb","itemListElement":[{"@type":"ListItem","position":1,"name":"Po\u010detna stranica","item":"https:\/\/webknjizara.hr\/en\/"},{"@type":"ListItem","position":2,"name":"Shop","item":"https:\/\/webknjizara.hr\/shop\/"},{"@type":"ListItem","position":3,"name":"Sitna riba SOM, Aleksandar Ljubotina"}]},{"@type":"WebSite","@id":"https:\/\/webknjizara.hr\/#website","url":"https:\/\/webknjizara.hr\/","name":"Web Knji\u017eara","description":"","publisher":{"@id":"https:\/\/webknjizara.hr\/#organization"},"potentialAction":[{"@type":"SearchAction","target":{"@type":"EntryPoint","urlTemplate":"https:\/\/webknjizara.hr\/?s={search_term_string}"},"query-input":{"@type":"PropertyValueSpecification","valueRequired":true,"valueName":"search_term_string"}}],"inLanguage":"en-US"},{"@type":"Organization","@id":"https:\/\/webknjizara.hr\/#organization","name":"REDAK D.O.O.","url":"https:\/\/webknjizara.hr\/","logo":{"@type":"ImageObject","inLanguage":"en-US","@id":"https:\/\/webknjizara.hr\/#\/schema\/logo\/image\/","url":"https:\/\/webknjizara.hr\/wp-content\/uploads\/2023\/01\/web-knjizara-logo.webp","contentUrl":"https:\/\/webknjizara.hr\/wp-content\/uploads\/2023\/01\/web-knjizara-logo.webp","width":324,"height":79,"caption":"REDAK D.O.O."},"image":{"@id":"https:\/\/webknjizara.hr\/#\/schema\/logo\/image\/"}}]}},"_links":{"self":[{"href":"https:\/\/webknjizara.hr\/en\/wp-json\/wp\/v2\/product\/7955","targetHints":{"allow":["GET"]}}],"collection":[{"href":"https:\/\/webknjizara.hr\/en\/wp-json\/wp\/v2\/product"}],"about":[{"href":"https:\/\/webknjizara.hr\/en\/wp-json\/wp\/v2\/types\/product"}],"replies":[{"embeddable":true,"href":"https:\/\/webknjizara.hr\/en\/wp-json\/wp\/v2\/comments?post=7955"}],"wp:featuredmedia":[{"embeddable":true,"href":"https:\/\/webknjizara.hr\/en\/wp-json\/wp\/v2\/media\/7956"}],"wp:attachment":[{"href":"https:\/\/webknjizara.hr\/en\/wp-json\/wp\/v2\/media?parent=7955"}],"wp:term":[{"taxonomy":"product_brand","embeddable":true,"href":"https:\/\/webknjizara.hr\/en\/wp-json\/wp\/v2\/product_brand?post=7955"},{"taxonomy":"product_cat","embeddable":true,"href":"https:\/\/webknjizara.hr\/en\/wp-json\/wp\/v2\/product_cat?post=7955"},{"taxonomy":"product_tag","embeddable":true,"href":"https:\/\/webknjizara.hr\/en\/wp-json\/wp\/v2\/product_tag?post=7955"}],"curies":[{"name":"wp","href":"https:\/\/api.w.org\/{rel}","templated":true}]}}