{"id":7951,"date":"2015-02-18T17:40:30","date_gmt":"2015-02-18T17:40:30","guid":{"rendered":"https:\/\/webknjizara.hr\/?product=istrazivanje-kulturnog-turizma-konteksti-metode-koncepti-maja-dadic"},"modified":"2023-02-27T00:16:21","modified_gmt":"2023-02-26T23:16:21","slug":"istrazivanje-kulturnog-turizma-konteksti-metode-koncepti","status":"publish","type":"product","link":"https:\/\/webknjizara.hr\/en\/proizvod\/istrazivanje-kulturnog-turizma-konteksti-metode-koncepti\/","title":{"rendered":"ISTRA\u017dIVANJE KULTURNOG TURIZMA: KONTEKSTI, METODE, KONCEPTI, Maja Dadi\u0107"},"content":{"rendered":"<p style=\"text-align: justify;\"><strong><br \/>Sa\u017eetak:<br \/><\/strong><br \/>Studija pod naslovom <strong>Istra\u017eivanje kulturnog turizma: konteksti, metode, koncepti<\/strong> \u010dija je autorica <em><strong>Maja Dadi\u0107<\/strong><\/em>, objavljena je kao knjiga br. 2 u biblioteci <em>Teorijsko-metodolo\u0161ke teme<\/em> kod splitskog izdava\u010da <em>Redak<\/em>. U radu se pose\u017ee za kulturnim studijima kao novim metodolo\u0161kim okvirom u istra\u017eivanju turizma i njegovoj kontekstualizaciji u okviru postoje\u0107ih promjena koje se odvijaju u suvremenom dru\u0161tvu.<\/p>\n<p>Kulturni turizam kao selektivni oblik turizma jest upravo onaj koji povezuje elaborirano: kulturu, turizam i svakodnevni \u017eivot. Kako tr\u017ei\u0161te kulturnog turizma raste, njegov se fokus iznimno brzo prebacuje s interesa za spomenike i lokalitete na mnogo \u0161ire podru\u010dje, pokrivaju\u0107i sve aspekte \u201evisoke\u201c i \u201epopularne kulture\u201c. <br \/>Analiti\u010dku gra\u0111u ove studije predstavljaju istra\u017eivanja turizma u Hrvatskoj predmetno usmjerena na sociolo\u0161ke aspekte razvoja turizma, turizam u kontekstu europskih integracija te interakcijske aspekte turizma i kulturne ba\u0161tine. Analizom postoje\u0107ih istra\u017eivanja registrirani su i razmatrani osnovni metodolo\u0161ki aspekti i faze istra\u017eiva\u010dkog procesa. Navedenim su ustanovljeni osnovni metodolo\u0161ki zahtjevi te propusti analiziranih istra\u017eivanja. Ujedno, analiza metodolo\u0161kih aspekata, omogu\u0107ila je konstruiranje istra\u017eiva\u010dkih koncepata. Metodolo\u0161ko bavljenje istra\u017eiva\u010dkim aspektima definirano je kao metodologizacija istra\u017eiva\u010dkih aspekata. Krajnji cilj ove studije jest utvr\u0111ivanje relevantnosti kulturnih dimenzija u svrhu novih na\u010dina promi\u0161ljanja turizma, odnosno razvijanju novoga na\u010dina artikulacije istra\u017eiva\u010dke, metodolo\u0161ke i teorijske dimenzije u istra\u017eivanju kulturnih dimenzija turizma.<\/p>\n<p><strong>Bilje\u0161ka o autorici:<\/strong> <\/p>\n<p><em><strong>MAJA DADI\u0106<\/strong><\/em>, diplomirala je na Filozofskom fakultetu Sveu\u010dili\u0161ta u Zadru 2007. godine, na Odsjeku za sociologiju i pedagogiju. Izabrana je u nastavno zvanje vi\u0161e predava\u010dice 2013. godine na Visokoj \u0161koli tr\u017ei\u0161nih komunikacija Agora, Zagreb gdje je izvodila nastavu. Akademski stupanj doktorice znanosti stekla je 2014. godine na Filozofskom Fakultetu Sveu\u010dili\u0161ta u Zagrebu pod mentorstvom prof. dr. sc. An\u010di Leburi\u0107. Dobitnica je Stipendije grada Splita za poslijediplomske studije (2009\/2010), Top stipendije (2006) i Rektorove nagrade (2004\/2005), Dr\u017eavne stipendije za osobito nadarene redovite studente (2003\/2004). Istra\u017euje i objavljuje iz sociolo\u0161ke metodologije, sociologije turizma, sociologije mladih i sociologije medija.<\/p>\n<p style=\"text-align: justify;\"><strong>Klju\u010dne rije\u010di:<\/strong> Kulturni studiji, svakodnevni \u017eivot, popularna kultura, kulturni turizam, kulturne atrakcije, proizvod kulturnog turizma, kulturni turisti, faze istra\u017eiva\u010dkog procesa, istra\u017eiva\u010dki koncepti, metodologizacija, kulturne dimenzije turizma<\/p>\n<p><strong><br \/>E-mail:<\/strong> <a href=\"mailto:dadicmaja@gmail.com\">Dadi\u0107 Maja<\/a><\/p>\n<p style=\"text-align: justify;\"><strong>Naslov:<\/strong> Istra\u017eivanje kulturnog turizma: konteksti, metode, koncepti<br \/><strong>Autorica:<\/strong> Maja Dadi\u0107<br \/><strong>Broj stranica:<\/strong> 274<br \/><strong>Nakladnik:<\/strong> REDAK<br \/><strong>Godina izdanja:<\/strong> 2014.<br \/><strong>ISBN:<\/strong> 978-953-336-183-3<br \/><strong>Tisak:<\/strong> digitalni tisak knjiga &#8211; print na zahtjev<\/p>\n","protected":false},"excerpt":{"rendered":"<p>Sa\u017eetak:Studija pod naslovom Istra\u017eivanje kulturnog turizma: konteksti, metode, koncepti \u010dija je autorica Maja Dadi\u0107, objavljena je kao knjiga br. 2 u biblioteci Teorijsko-metodolo\u0161ke teme kod splitskog izdava\u010da Redak. U radu se pose\u017ee za kulturnim studijima kao novim metodolo\u0161kim okvirom u istra\u017eivanju turizma i njegovoj kontekstualizaciji u okviru postoje\u0107ih promjena koje se odvijaju u suvremenom dru\u0161tvu. [&hellip;]<\/p>\n","protected":false},"featured_media":7952,"comment_status":"open","ping_status":"closed","template":"","meta":{"_acf_changed":false},"product_brand":[],"product_cat":[1517,1390],"product_tag":[],"class_list":{"0":"post-7951","1":"product","2":"type-product","3":"status-publish","4":"has-post-thumbnail","6":"product_cat-strucna-literatura","7":"product_cat-drustvene-znanosti","8":"pa_autor-maja-dadic","9":"pa_nakladnik-redak","11":"first","12":"instock","13":"shipping-taxable","14":"purchasable","15":"product-type-simple"},"acf":[],"yoast_head":"<!-- This site is optimized with the Yoast SEO plugin v27.3 - https:\/\/yoast.com\/product\/yoast-seo-wordpress\/ -->\n<title>ISTRA\u017dIVANJE KULTURNOG TURIZMA: KONTEKSTI, METODE, KONCEPTI, Maja Dadi\u0107 - Web-knji\u017eara<\/title>\n<meta name=\"robots\" content=\"index, follow, max-snippet:-1, max-image-preview:large, max-video-preview:-1\" \/>\n<link rel=\"canonical\" href=\"https:\/\/webknjizara.hr\/proizvod\/istrazivanje-kulturnog-turizma-konteksti-metode-koncepti\/\" \/>\n<meta property=\"og:locale\" content=\"en_US\" \/>\n<meta property=\"og:type\" content=\"article\" \/>\n<meta property=\"og:title\" content=\"ISTRA\u017dIVANJE KULTURNOG TURIZMA: KONTEKSTI, METODE, KONCEPTI, Maja Dadi\u0107 - Web-knji\u017eara\" \/>\n<meta property=\"og:description\" content=\"Sa\u017eetak:Studija pod naslovom Istra\u017eivanje kulturnog turizma: konteksti, metode, koncepti \u010dija je autorica Maja Dadi\u0107, objavljena je kao knjiga br. 2 u biblioteci Teorijsko-metodolo\u0161ke teme kod splitskog izdava\u010da Redak. U radu se pose\u017ee za kulturnim studijima kao novim metodolo\u0161kim okvirom u istra\u017eivanju turizma i njegovoj kontekstualizaciji u okviru postoje\u0107ih promjena koje se odvijaju u suvremenom dru\u0161tvu. [&hellip;]\" \/>\n<meta property=\"og:url\" content=\"https:\/\/webknjizara.hr\/proizvod\/istrazivanje-kulturnog-turizma-konteksti-metode-koncepti\/\" \/>\n<meta property=\"og:site_name\" content=\"Web-knji\u017eara\" \/>\n<meta property=\"article:modified_time\" content=\"2023-02-26T23:16:21+00:00\" \/>\n<meta property=\"og:image\" content=\"https:\/\/webknjizara.hr\/wp-content\/uploads\/nc\/images\/virtuemart\/product\/istra-ivanje-ku-55f0353f78e74.jpg\" \/>\n\t<meta property=\"og:image:width\" content=\"358\" \/>\n\t<meta property=\"og:image:height\" content=\"500\" \/>\n\t<meta property=\"og:image:type\" content=\"image\/jpeg\" \/>\n<meta name=\"twitter:card\" content=\"summary_large_image\" \/>\n<meta name=\"twitter:label1\" content=\"Est. reading time\" \/>\n\t<meta name=\"twitter:data1\" content=\"2 minutes\" \/>\n<script type=\"application\/ld+json\" class=\"yoast-schema-graph\">{\"@context\":\"https:\\\/\\\/schema.org\",\"@graph\":[{\"@type\":\"WebPage\",\"@id\":\"https:\\\/\\\/webknjizara.hr\\\/proizvod\\\/istrazivanje-kulturnog-turizma-konteksti-metode-koncepti\\\/\",\"url\":\"https:\\\/\\\/webknjizara.hr\\\/proizvod\\\/istrazivanje-kulturnog-turizma-konteksti-metode-koncepti\\\/\",\"name\":\"ISTRA\u017dIVANJE KULTURNOG TURIZMA: KONTEKSTI, METODE, KONCEPTI, Maja Dadi\u0107 - Web-knji\u017eara\",\"isPartOf\":{\"@id\":\"https:\\\/\\\/webknjizara.hr\\\/#website\"},\"primaryImageOfPage\":{\"@id\":\"https:\\\/\\\/webknjizara.hr\\\/proizvod\\\/istrazivanje-kulturnog-turizma-konteksti-metode-koncepti\\\/#primaryimage\"},\"image\":{\"@id\":\"https:\\\/\\\/webknjizara.hr\\\/proizvod\\\/istrazivanje-kulturnog-turizma-konteksti-metode-koncepti\\\/#primaryimage\"},\"thumbnailUrl\":\"https:\\\/\\\/webknjizara.hr\\\/wp-content\\\/uploads\\\/nc\\\/images\\\/virtuemart\\\/product\\\/istra-ivanje-ku-55f0353f78e74.jpg\",\"datePublished\":\"2015-02-18T17:40:30+00:00\",\"dateModified\":\"2023-02-26T23:16:21+00:00\",\"breadcrumb\":{\"@id\":\"https:\\\/\\\/webknjizara.hr\\\/proizvod\\\/istrazivanje-kulturnog-turizma-konteksti-metode-koncepti\\\/#breadcrumb\"},\"inLanguage\":\"en-US\",\"potentialAction\":[{\"@type\":\"ReadAction\",\"target\":[\"https:\\\/\\\/webknjizara.hr\\\/proizvod\\\/istrazivanje-kulturnog-turizma-konteksti-metode-koncepti\\\/\"]}]},{\"@type\":\"ImageObject\",\"inLanguage\":\"en-US\",\"@id\":\"https:\\\/\\\/webknjizara.hr\\\/proizvod\\\/istrazivanje-kulturnog-turizma-konteksti-metode-koncepti\\\/#primaryimage\",\"url\":\"https:\\\/\\\/webknjizara.hr\\\/wp-content\\\/uploads\\\/nc\\\/images\\\/virtuemart\\\/product\\\/istra-ivanje-ku-55f0353f78e74.jpg\",\"contentUrl\":\"https:\\\/\\\/webknjizara.hr\\\/wp-content\\\/uploads\\\/nc\\\/images\\\/virtuemart\\\/product\\\/istra-ivanje-ku-55f0353f78e74.jpg\",\"width\":358,\"height\":500,\"caption\":\"ISTRA\u017dIVANJE KULTURNOG TURIZMA: KONTEKSTI, METODE, KONCEPTI\"},{\"@type\":\"BreadcrumbList\",\"@id\":\"https:\\\/\\\/webknjizara.hr\\\/proizvod\\\/istrazivanje-kulturnog-turizma-konteksti-metode-koncepti\\\/#breadcrumb\",\"itemListElement\":[{\"@type\":\"ListItem\",\"position\":1,\"name\":\"Po\u010detna stranica\",\"item\":\"https:\\\/\\\/webknjizara.hr\\\/en\\\/\"},{\"@type\":\"ListItem\",\"position\":2,\"name\":\"Shop\",\"item\":\"https:\\\/\\\/webknjizara.hr\\\/shop\\\/\"},{\"@type\":\"ListItem\",\"position\":3,\"name\":\"ISTRA\u017dIVANJE KULTURNOG TURIZMA: KONTEKSTI, METODE, KONCEPTI, Maja Dadi\u0107\"}]},{\"@type\":\"WebSite\",\"@id\":\"https:\\\/\\\/webknjizara.hr\\\/#website\",\"url\":\"https:\\\/\\\/webknjizara.hr\\\/\",\"name\":\"Web Knji\u017eara\",\"description\":\"\",\"publisher\":{\"@id\":\"https:\\\/\\\/webknjizara.hr\\\/#organization\"},\"potentialAction\":[{\"@type\":\"SearchAction\",\"target\":{\"@type\":\"EntryPoint\",\"urlTemplate\":\"https:\\\/\\\/webknjizara.hr\\\/?s={search_term_string}\"},\"query-input\":{\"@type\":\"PropertyValueSpecification\",\"valueRequired\":true,\"valueName\":\"search_term_string\"}}],\"inLanguage\":\"en-US\"},{\"@type\":\"Organization\",\"@id\":\"https:\\\/\\\/webknjizara.hr\\\/#organization\",\"name\":\"REDAK D.O.O.\",\"url\":\"https:\\\/\\\/webknjizara.hr\\\/\",\"logo\":{\"@type\":\"ImageObject\",\"inLanguage\":\"en-US\",\"@id\":\"https:\\\/\\\/webknjizara.hr\\\/#\\\/schema\\\/logo\\\/image\\\/\",\"url\":\"https:\\\/\\\/webknjizara.hr\\\/wp-content\\\/uploads\\\/2023\\\/01\\\/web-knjizara-logo.webp\",\"contentUrl\":\"https:\\\/\\\/webknjizara.hr\\\/wp-content\\\/uploads\\\/2023\\\/01\\\/web-knjizara-logo.webp\",\"width\":324,\"height\":79,\"caption\":\"REDAK D.O.O.\"},\"image\":{\"@id\":\"https:\\\/\\\/webknjizara.hr\\\/#\\\/schema\\\/logo\\\/image\\\/\"}}]}<\/script>\n<!-- \/ Yoast SEO plugin. -->","yoast_head_json":{"title":"ISTRA\u017dIVANJE KULTURNOG TURIZMA: KONTEKSTI, METODE, KONCEPTI, Maja Dadi\u0107 - Web-knji\u017eara","robots":{"index":"index","follow":"follow","max-snippet":"max-snippet:-1","max-image-preview":"max-image-preview:large","max-video-preview":"max-video-preview:-1"},"canonical":"https:\/\/webknjizara.hr\/proizvod\/istrazivanje-kulturnog-turizma-konteksti-metode-koncepti\/","og_locale":"en_US","og_type":"article","og_title":"ISTRA\u017dIVANJE KULTURNOG TURIZMA: KONTEKSTI, METODE, KONCEPTI, Maja Dadi\u0107 - Web-knji\u017eara","og_description":"Sa\u017eetak:Studija pod naslovom Istra\u017eivanje kulturnog turizma: konteksti, metode, koncepti \u010dija je autorica Maja Dadi\u0107, objavljena je kao knjiga br. 2 u biblioteci Teorijsko-metodolo\u0161ke teme kod splitskog izdava\u010da Redak. U radu se pose\u017ee za kulturnim studijima kao novim metodolo\u0161kim okvirom u istra\u017eivanju turizma i njegovoj kontekstualizaciji u okviru postoje\u0107ih promjena koje se odvijaju u suvremenom dru\u0161tvu. [&hellip;]","og_url":"https:\/\/webknjizara.hr\/proizvod\/istrazivanje-kulturnog-turizma-konteksti-metode-koncepti\/","og_site_name":"Web-knji\u017eara","article_modified_time":"2023-02-26T23:16:21+00:00","og_image":[{"width":358,"height":500,"url":"https:\/\/webknjizara.hr\/wp-content\/uploads\/nc\/images\/virtuemart\/product\/istra-ivanje-ku-55f0353f78e74.jpg","type":"image\/jpeg"}],"twitter_card":"summary_large_image","twitter_misc":{"Est. reading time":"2 minutes"},"schema":{"@context":"https:\/\/schema.org","@graph":[{"@type":"WebPage","@id":"https:\/\/webknjizara.hr\/proizvod\/istrazivanje-kulturnog-turizma-konteksti-metode-koncepti\/","url":"https:\/\/webknjizara.hr\/proizvod\/istrazivanje-kulturnog-turizma-konteksti-metode-koncepti\/","name":"ISTRA\u017dIVANJE KULTURNOG TURIZMA: KONTEKSTI, METODE, KONCEPTI, Maja Dadi\u0107 - Web-knji\u017eara","isPartOf":{"@id":"https:\/\/webknjizara.hr\/#website"},"primaryImageOfPage":{"@id":"https:\/\/webknjizara.hr\/proizvod\/istrazivanje-kulturnog-turizma-konteksti-metode-koncepti\/#primaryimage"},"image":{"@id":"https:\/\/webknjizara.hr\/proizvod\/istrazivanje-kulturnog-turizma-konteksti-metode-koncepti\/#primaryimage"},"thumbnailUrl":"https:\/\/webknjizara.hr\/wp-content\/uploads\/nc\/images\/virtuemart\/product\/istra-ivanje-ku-55f0353f78e74.jpg","datePublished":"2015-02-18T17:40:30+00:00","dateModified":"2023-02-26T23:16:21+00:00","breadcrumb":{"@id":"https:\/\/webknjizara.hr\/proizvod\/istrazivanje-kulturnog-turizma-konteksti-metode-koncepti\/#breadcrumb"},"inLanguage":"en-US","potentialAction":[{"@type":"ReadAction","target":["https:\/\/webknjizara.hr\/proizvod\/istrazivanje-kulturnog-turizma-konteksti-metode-koncepti\/"]}]},{"@type":"ImageObject","inLanguage":"en-US","@id":"https:\/\/webknjizara.hr\/proizvod\/istrazivanje-kulturnog-turizma-konteksti-metode-koncepti\/#primaryimage","url":"https:\/\/webknjizara.hr\/wp-content\/uploads\/nc\/images\/virtuemart\/product\/istra-ivanje-ku-55f0353f78e74.jpg","contentUrl":"https:\/\/webknjizara.hr\/wp-content\/uploads\/nc\/images\/virtuemart\/product\/istra-ivanje-ku-55f0353f78e74.jpg","width":358,"height":500,"caption":"ISTRA\u017dIVANJE KULTURNOG TURIZMA: KONTEKSTI, METODE, KONCEPTI"},{"@type":"BreadcrumbList","@id":"https:\/\/webknjizara.hr\/proizvod\/istrazivanje-kulturnog-turizma-konteksti-metode-koncepti\/#breadcrumb","itemListElement":[{"@type":"ListItem","position":1,"name":"Po\u010detna stranica","item":"https:\/\/webknjizara.hr\/en\/"},{"@type":"ListItem","position":2,"name":"Shop","item":"https:\/\/webknjizara.hr\/shop\/"},{"@type":"ListItem","position":3,"name":"ISTRA\u017dIVANJE KULTURNOG TURIZMA: KONTEKSTI, METODE, KONCEPTI, Maja Dadi\u0107"}]},{"@type":"WebSite","@id":"https:\/\/webknjizara.hr\/#website","url":"https:\/\/webknjizara.hr\/","name":"Web Knji\u017eara","description":"","publisher":{"@id":"https:\/\/webknjizara.hr\/#organization"},"potentialAction":[{"@type":"SearchAction","target":{"@type":"EntryPoint","urlTemplate":"https:\/\/webknjizara.hr\/?s={search_term_string}"},"query-input":{"@type":"PropertyValueSpecification","valueRequired":true,"valueName":"search_term_string"}}],"inLanguage":"en-US"},{"@type":"Organization","@id":"https:\/\/webknjizara.hr\/#organization","name":"REDAK D.O.O.","url":"https:\/\/webknjizara.hr\/","logo":{"@type":"ImageObject","inLanguage":"en-US","@id":"https:\/\/webknjizara.hr\/#\/schema\/logo\/image\/","url":"https:\/\/webknjizara.hr\/wp-content\/uploads\/2023\/01\/web-knjizara-logo.webp","contentUrl":"https:\/\/webknjizara.hr\/wp-content\/uploads\/2023\/01\/web-knjizara-logo.webp","width":324,"height":79,"caption":"REDAK D.O.O."},"image":{"@id":"https:\/\/webknjizara.hr\/#\/schema\/logo\/image\/"}}]}},"_links":{"self":[{"href":"https:\/\/webknjizara.hr\/en\/wp-json\/wp\/v2\/product\/7951","targetHints":{"allow":["GET"]}}],"collection":[{"href":"https:\/\/webknjizara.hr\/en\/wp-json\/wp\/v2\/product"}],"about":[{"href":"https:\/\/webknjizara.hr\/en\/wp-json\/wp\/v2\/types\/product"}],"replies":[{"embeddable":true,"href":"https:\/\/webknjizara.hr\/en\/wp-json\/wp\/v2\/comments?post=7951"}],"wp:featuredmedia":[{"embeddable":true,"href":"https:\/\/webknjizara.hr\/en\/wp-json\/wp\/v2\/media\/7952"}],"wp:attachment":[{"href":"https:\/\/webknjizara.hr\/en\/wp-json\/wp\/v2\/media?parent=7951"}],"wp:term":[{"taxonomy":"product_brand","embeddable":true,"href":"https:\/\/webknjizara.hr\/en\/wp-json\/wp\/v2\/product_brand?post=7951"},{"taxonomy":"product_cat","embeddable":true,"href":"https:\/\/webknjizara.hr\/en\/wp-json\/wp\/v2\/product_cat?post=7951"},{"taxonomy":"product_tag","embeddable":true,"href":"https:\/\/webknjizara.hr\/en\/wp-json\/wp\/v2\/product_tag?post=7951"}],"curies":[{"name":"wp","href":"https:\/\/api.w.org\/{rel}","templated":true}]}}