{"id":7947,"date":"2015-02-12T18:10:45","date_gmt":"2015-02-12T18:10:45","guid":{"rendered":"https:\/\/webknjizara.hr\/?product=konobari-kurve-i-politicari-gorkic-taradi"},"modified":"2023-02-27T00:16:21","modified_gmt":"2023-02-26T23:16:21","slug":"konobari-kurve-i-politicari-gorkic-taradi","status":"publish","type":"product","link":"https:\/\/webknjizara.hr\/en\/proizvod\/konobari-kurve-i-politicari-gorkic-taradi\/","title":{"rendered":"KONOBARI, KURVE I POLITI\u010cARI, Gorki\u0107 Taradi"},"content":{"rendered":"<p style=\"text-align: justify;\"><strong>Sa\u017eetak:<\/strong><\/p>\n<p>Knjiga je podijeljena u tri dijela: <br \/>&#8211; memoari jednog konobara, zgode i nezgode s poznatim i nepoznatim gostima<br \/>&#8211; memoari jednog radnika, bijela, crna i siva strana radni\u0161tva<br \/>&#8211; zbirka blogerskih objava vezanih uz svijet politike sa satiri\u010dnim prizvukom<\/p>\n<p><strong>Bilje\u0161ka o autoru\/autorici:<\/strong> <\/p>\n<p>Gorki\u0107 Taradi ro\u0111en je 10. listopada 1964. godine u \u010cakovcu. Od malih nogu vezan je uz svijet ugostiteljstva, zara\u0111uju\u0107i za \u0161kolske knjige u restoranu svog ujaka. S kratkim izletima u radni\u0161tvo, ipak je skoro cijeli radni vijek proveo rade\u0107i kao konobar, u Hrvatskoj i Njema\u010dkoj. Nakon problema sa srcem, vra\u0107a se u ugostiteljstvo, ali i upu\u0161ta u politi\u010dke vode, pi\u0161u\u0107i pri tome blog protkan satirom o politici, ali i svakodnevnim malim stvarima koje \u017eivot zna\u010de.<\/p>\n<p><strong>Klju\u010dne rije\u010di:<\/strong> Konobar, kurva, politika, politi\u010dari, Gorki\u0107, \u010cakovec, Novalja, Zagreb, jet-set, starlete, celebrity, estradne zvijezde, sporta\u0161i, glumci, skandali<\/p>\n<p><strong>Link:<\/strong> <a href=\"http:\/\/gtaradi.blog.hr\/\">http:\/\/gtaradi.blog.hr\/<\/a><br \/><strong>E-mail:<\/strong> <a href=\"mailto:gorkic.taradi@ck.t-com.hr\">Gorki\u0107 Taradi<\/a><\/p>\n<p style=\"text-align: justify;\"><strong>Naslov:<\/strong> Konobari, kurve i politi\u010dari<br \/><strong>Autor:<\/strong> Gorki\u0107 Taradi<br \/><strong>Broj stranica:<\/strong> 96<br \/><strong>Nakladnik:<\/strong> Redak<br \/><strong>Godina izdanja:<\/strong> 2015.<br \/><strong>ISBN:<\/strong> 978-953-336-188-8<br \/><strong>Tisak:<\/strong> digitalni tisak knjiga &#8211; print na zahtjev<\/p>\n","protected":false},"excerpt":{"rendered":"<p>Sa\u017eetak: Knjiga je podijeljena u tri dijela: &#8211; memoari jednog konobara, zgode i nezgode s poznatim i nepoznatim gostima&#8211; memoari jednog radnika, bijela, crna i siva strana radni\u0161tva&#8211; zbirka blogerskih objava vezanih uz svijet politike sa satiri\u010dnim prizvukom Bilje\u0161ka o autoru\/autorici: Gorki\u0107 Taradi ro\u0111en je 10. listopada 1964. godine u \u010cakovcu. Od malih nogu vezan [&hellip;]<\/p>\n","protected":false},"featured_media":7948,"comment_status":"open","ping_status":"closed","template":"","meta":{"_acf_changed":false},"product_brand":[],"product_cat":[1383,1385],"product_tag":[],"class_list":{"0":"post-7947","1":"product","2":"type-product","3":"status-publish","4":"has-post-thumbnail","6":"product_cat-knjige","7":"product_cat-knjizevnost","8":"pa_autor-gorkic-taradi","9":"pa_nakladnik-redak","11":"first","12":"instock","13":"shipping-taxable","14":"purchasable","15":"product-type-simple"},"acf":[],"yoast_head":"<!-- This site is optimized with the Yoast SEO plugin v27.3 - https:\/\/yoast.com\/product\/yoast-seo-wordpress\/ -->\n<title>KONOBARI, KURVE I POLITI\u010cARI, Gorki\u0107 Taradi - Web-knji\u017eara<\/title>\n<meta name=\"robots\" content=\"index, follow, max-snippet:-1, max-image-preview:large, max-video-preview:-1\" \/>\n<link rel=\"canonical\" href=\"https:\/\/webknjizara.hr\/proizvod\/konobari-kurve-i-politicari-gorkic-taradi\/\" \/>\n<meta property=\"og:locale\" content=\"en_US\" \/>\n<meta property=\"og:type\" content=\"article\" \/>\n<meta property=\"og:title\" content=\"KONOBARI, KURVE I POLITI\u010cARI, Gorki\u0107 Taradi - Web-knji\u017eara\" \/>\n<meta property=\"og:description\" content=\"Sa\u017eetak: Knjiga je podijeljena u tri dijela: &#8211; memoari jednog konobara, zgode i nezgode s poznatim i nepoznatim gostima&#8211; memoari jednog radnika, bijela, crna i siva strana radni\u0161tva&#8211; zbirka blogerskih objava vezanih uz svijet politike sa satiri\u010dnim prizvukom Bilje\u0161ka o autoru\/autorici: Gorki\u0107 Taradi ro\u0111en je 10. listopada 1964. godine u \u010cakovcu. Od malih nogu vezan [&hellip;]\" \/>\n<meta property=\"og:url\" content=\"https:\/\/webknjizara.hr\/proizvod\/konobari-kurve-i-politicari-gorkic-taradi\/\" \/>\n<meta property=\"og:site_name\" content=\"Web-knji\u017eara\" \/>\n<meta property=\"article:modified_time\" content=\"2023-02-26T23:16:21+00:00\" \/>\n<meta property=\"og:image\" content=\"https:\/\/webknjizara.hr\/wp-content\/uploads\/nc\/images\/virtuemart\/product\/konobari-kurve-54dceca5e1a6f.jpg\" \/>\n\t<meta property=\"og:image:width\" content=\"358\" \/>\n\t<meta property=\"og:image:height\" content=\"500\" \/>\n\t<meta property=\"og:image:type\" content=\"image\/jpeg\" \/>\n<meta name=\"twitter:card\" content=\"summary_large_image\" \/>\n<meta name=\"twitter:label1\" content=\"Est. reading time\" \/>\n\t<meta name=\"twitter:data1\" content=\"1 minute\" \/>\n<script type=\"application\/ld+json\" class=\"yoast-schema-graph\">{\"@context\":\"https:\\\/\\\/schema.org\",\"@graph\":[{\"@type\":\"WebPage\",\"@id\":\"https:\\\/\\\/webknjizara.hr\\\/proizvod\\\/konobari-kurve-i-politicari-gorkic-taradi\\\/\",\"url\":\"https:\\\/\\\/webknjizara.hr\\\/proizvod\\\/konobari-kurve-i-politicari-gorkic-taradi\\\/\",\"name\":\"KONOBARI, KURVE I POLITI\u010cARI, Gorki\u0107 Taradi - Web-knji\u017eara\",\"isPartOf\":{\"@id\":\"https:\\\/\\\/webknjizara.hr\\\/#website\"},\"primaryImageOfPage\":{\"@id\":\"https:\\\/\\\/webknjizara.hr\\\/proizvod\\\/konobari-kurve-i-politicari-gorkic-taradi\\\/#primaryimage\"},\"image\":{\"@id\":\"https:\\\/\\\/webknjizara.hr\\\/proizvod\\\/konobari-kurve-i-politicari-gorkic-taradi\\\/#primaryimage\"},\"thumbnailUrl\":\"https:\\\/\\\/webknjizara.hr\\\/wp-content\\\/uploads\\\/nc\\\/images\\\/virtuemart\\\/product\\\/konobari-kurve-54dceca5e1a6f.jpg\",\"datePublished\":\"2015-02-12T18:10:45+00:00\",\"dateModified\":\"2023-02-26T23:16:21+00:00\",\"breadcrumb\":{\"@id\":\"https:\\\/\\\/webknjizara.hr\\\/proizvod\\\/konobari-kurve-i-politicari-gorkic-taradi\\\/#breadcrumb\"},\"inLanguage\":\"en-US\",\"potentialAction\":[{\"@type\":\"ReadAction\",\"target\":[\"https:\\\/\\\/webknjizara.hr\\\/proizvod\\\/konobari-kurve-i-politicari-gorkic-taradi\\\/\"]}]},{\"@type\":\"ImageObject\",\"inLanguage\":\"en-US\",\"@id\":\"https:\\\/\\\/webknjizara.hr\\\/proizvod\\\/konobari-kurve-i-politicari-gorkic-taradi\\\/#primaryimage\",\"url\":\"https:\\\/\\\/webknjizara.hr\\\/wp-content\\\/uploads\\\/nc\\\/images\\\/virtuemart\\\/product\\\/konobari-kurve-54dceca5e1a6f.jpg\",\"contentUrl\":\"https:\\\/\\\/webknjizara.hr\\\/wp-content\\\/uploads\\\/nc\\\/images\\\/virtuemart\\\/product\\\/konobari-kurve-54dceca5e1a6f.jpg\",\"width\":358,\"height\":500,\"caption\":\"KONOBARI, KURVE I POLITI\u010cARI, Gorki\u0107 Taradi\"},{\"@type\":\"BreadcrumbList\",\"@id\":\"https:\\\/\\\/webknjizara.hr\\\/proizvod\\\/konobari-kurve-i-politicari-gorkic-taradi\\\/#breadcrumb\",\"itemListElement\":[{\"@type\":\"ListItem\",\"position\":1,\"name\":\"Po\u010detna stranica\",\"item\":\"https:\\\/\\\/webknjizara.hr\\\/en\\\/\"},{\"@type\":\"ListItem\",\"position\":2,\"name\":\"Shop\",\"item\":\"https:\\\/\\\/webknjizara.hr\\\/shop\\\/\"},{\"@type\":\"ListItem\",\"position\":3,\"name\":\"KONOBARI, KURVE I POLITI\u010cARI, Gorki\u0107 Taradi\"}]},{\"@type\":\"WebSite\",\"@id\":\"https:\\\/\\\/webknjizara.hr\\\/#website\",\"url\":\"https:\\\/\\\/webknjizara.hr\\\/\",\"name\":\"Web Knji\u017eara\",\"description\":\"\",\"publisher\":{\"@id\":\"https:\\\/\\\/webknjizara.hr\\\/#organization\"},\"potentialAction\":[{\"@type\":\"SearchAction\",\"target\":{\"@type\":\"EntryPoint\",\"urlTemplate\":\"https:\\\/\\\/webknjizara.hr\\\/?s={search_term_string}\"},\"query-input\":{\"@type\":\"PropertyValueSpecification\",\"valueRequired\":true,\"valueName\":\"search_term_string\"}}],\"inLanguage\":\"en-US\"},{\"@type\":\"Organization\",\"@id\":\"https:\\\/\\\/webknjizara.hr\\\/#organization\",\"name\":\"REDAK D.O.O.\",\"url\":\"https:\\\/\\\/webknjizara.hr\\\/\",\"logo\":{\"@type\":\"ImageObject\",\"inLanguage\":\"en-US\",\"@id\":\"https:\\\/\\\/webknjizara.hr\\\/#\\\/schema\\\/logo\\\/image\\\/\",\"url\":\"https:\\\/\\\/webknjizara.hr\\\/wp-content\\\/uploads\\\/2023\\\/01\\\/web-knjizara-logo.webp\",\"contentUrl\":\"https:\\\/\\\/webknjizara.hr\\\/wp-content\\\/uploads\\\/2023\\\/01\\\/web-knjizara-logo.webp\",\"width\":324,\"height\":79,\"caption\":\"REDAK D.O.O.\"},\"image\":{\"@id\":\"https:\\\/\\\/webknjizara.hr\\\/#\\\/schema\\\/logo\\\/image\\\/\"}}]}<\/script>\n<!-- \/ Yoast SEO plugin. -->","yoast_head_json":{"title":"KONOBARI, KURVE I POLITI\u010cARI, Gorki\u0107 Taradi - Web-knji\u017eara","robots":{"index":"index","follow":"follow","max-snippet":"max-snippet:-1","max-image-preview":"max-image-preview:large","max-video-preview":"max-video-preview:-1"},"canonical":"https:\/\/webknjizara.hr\/proizvod\/konobari-kurve-i-politicari-gorkic-taradi\/","og_locale":"en_US","og_type":"article","og_title":"KONOBARI, KURVE I POLITI\u010cARI, Gorki\u0107 Taradi - Web-knji\u017eara","og_description":"Sa\u017eetak: Knjiga je podijeljena u tri dijela: &#8211; memoari jednog konobara, zgode i nezgode s poznatim i nepoznatim gostima&#8211; memoari jednog radnika, bijela, crna i siva strana radni\u0161tva&#8211; zbirka blogerskih objava vezanih uz svijet politike sa satiri\u010dnim prizvukom Bilje\u0161ka o autoru\/autorici: Gorki\u0107 Taradi ro\u0111en je 10. listopada 1964. godine u \u010cakovcu. Od malih nogu vezan [&hellip;]","og_url":"https:\/\/webknjizara.hr\/proizvod\/konobari-kurve-i-politicari-gorkic-taradi\/","og_site_name":"Web-knji\u017eara","article_modified_time":"2023-02-26T23:16:21+00:00","og_image":[{"width":358,"height":500,"url":"https:\/\/webknjizara.hr\/wp-content\/uploads\/nc\/images\/virtuemart\/product\/konobari-kurve-54dceca5e1a6f.jpg","type":"image\/jpeg"}],"twitter_card":"summary_large_image","twitter_misc":{"Est. reading time":"1 minute"},"schema":{"@context":"https:\/\/schema.org","@graph":[{"@type":"WebPage","@id":"https:\/\/webknjizara.hr\/proizvod\/konobari-kurve-i-politicari-gorkic-taradi\/","url":"https:\/\/webknjizara.hr\/proizvod\/konobari-kurve-i-politicari-gorkic-taradi\/","name":"KONOBARI, KURVE I POLITI\u010cARI, Gorki\u0107 Taradi - Web-knji\u017eara","isPartOf":{"@id":"https:\/\/webknjizara.hr\/#website"},"primaryImageOfPage":{"@id":"https:\/\/webknjizara.hr\/proizvod\/konobari-kurve-i-politicari-gorkic-taradi\/#primaryimage"},"image":{"@id":"https:\/\/webknjizara.hr\/proizvod\/konobari-kurve-i-politicari-gorkic-taradi\/#primaryimage"},"thumbnailUrl":"https:\/\/webknjizara.hr\/wp-content\/uploads\/nc\/images\/virtuemart\/product\/konobari-kurve-54dceca5e1a6f.jpg","datePublished":"2015-02-12T18:10:45+00:00","dateModified":"2023-02-26T23:16:21+00:00","breadcrumb":{"@id":"https:\/\/webknjizara.hr\/proizvod\/konobari-kurve-i-politicari-gorkic-taradi\/#breadcrumb"},"inLanguage":"en-US","potentialAction":[{"@type":"ReadAction","target":["https:\/\/webknjizara.hr\/proizvod\/konobari-kurve-i-politicari-gorkic-taradi\/"]}]},{"@type":"ImageObject","inLanguage":"en-US","@id":"https:\/\/webknjizara.hr\/proizvod\/konobari-kurve-i-politicari-gorkic-taradi\/#primaryimage","url":"https:\/\/webknjizara.hr\/wp-content\/uploads\/nc\/images\/virtuemart\/product\/konobari-kurve-54dceca5e1a6f.jpg","contentUrl":"https:\/\/webknjizara.hr\/wp-content\/uploads\/nc\/images\/virtuemart\/product\/konobari-kurve-54dceca5e1a6f.jpg","width":358,"height":500,"caption":"KONOBARI, KURVE I POLITI\u010cARI, Gorki\u0107 Taradi"},{"@type":"BreadcrumbList","@id":"https:\/\/webknjizara.hr\/proizvod\/konobari-kurve-i-politicari-gorkic-taradi\/#breadcrumb","itemListElement":[{"@type":"ListItem","position":1,"name":"Po\u010detna stranica","item":"https:\/\/webknjizara.hr\/en\/"},{"@type":"ListItem","position":2,"name":"Shop","item":"https:\/\/webknjizara.hr\/shop\/"},{"@type":"ListItem","position":3,"name":"KONOBARI, KURVE I POLITI\u010cARI, Gorki\u0107 Taradi"}]},{"@type":"WebSite","@id":"https:\/\/webknjizara.hr\/#website","url":"https:\/\/webknjizara.hr\/","name":"Web Knji\u017eara","description":"","publisher":{"@id":"https:\/\/webknjizara.hr\/#organization"},"potentialAction":[{"@type":"SearchAction","target":{"@type":"EntryPoint","urlTemplate":"https:\/\/webknjizara.hr\/?s={search_term_string}"},"query-input":{"@type":"PropertyValueSpecification","valueRequired":true,"valueName":"search_term_string"}}],"inLanguage":"en-US"},{"@type":"Organization","@id":"https:\/\/webknjizara.hr\/#organization","name":"REDAK D.O.O.","url":"https:\/\/webknjizara.hr\/","logo":{"@type":"ImageObject","inLanguage":"en-US","@id":"https:\/\/webknjizara.hr\/#\/schema\/logo\/image\/","url":"https:\/\/webknjizara.hr\/wp-content\/uploads\/2023\/01\/web-knjizara-logo.webp","contentUrl":"https:\/\/webknjizara.hr\/wp-content\/uploads\/2023\/01\/web-knjizara-logo.webp","width":324,"height":79,"caption":"REDAK D.O.O."},"image":{"@id":"https:\/\/webknjizara.hr\/#\/schema\/logo\/image\/"}}]}},"_links":{"self":[{"href":"https:\/\/webknjizara.hr\/en\/wp-json\/wp\/v2\/product\/7947","targetHints":{"allow":["GET"]}}],"collection":[{"href":"https:\/\/webknjizara.hr\/en\/wp-json\/wp\/v2\/product"}],"about":[{"href":"https:\/\/webknjizara.hr\/en\/wp-json\/wp\/v2\/types\/product"}],"replies":[{"embeddable":true,"href":"https:\/\/webknjizara.hr\/en\/wp-json\/wp\/v2\/comments?post=7947"}],"wp:featuredmedia":[{"embeddable":true,"href":"https:\/\/webknjizara.hr\/en\/wp-json\/wp\/v2\/media\/7948"}],"wp:attachment":[{"href":"https:\/\/webknjizara.hr\/en\/wp-json\/wp\/v2\/media?parent=7947"}],"wp:term":[{"taxonomy":"product_brand","embeddable":true,"href":"https:\/\/webknjizara.hr\/en\/wp-json\/wp\/v2\/product_brand?post=7947"},{"taxonomy":"product_cat","embeddable":true,"href":"https:\/\/webknjizara.hr\/en\/wp-json\/wp\/v2\/product_cat?post=7947"},{"taxonomy":"product_tag","embeddable":true,"href":"https:\/\/webknjizara.hr\/en\/wp-json\/wp\/v2\/product_tag?post=7947"}],"curies":[{"name":"wp","href":"https:\/\/api.w.org\/{rel}","templated":true}]}}