{"id":7945,"date":"2015-02-10T17:02:45","date_gmt":"2015-02-10T17:02:45","guid":{"rendered":"https:\/\/webknjizara.hr\/?product=izmedu-zoran-baresic"},"modified":"2023-02-27T00:16:20","modified_gmt":"2023-02-26T23:16:20","slug":"izmedu-zoran-baresic","status":"publish","type":"product","link":"https:\/\/webknjizara.hr\/en\/proizvod\/izmedu-zoran-baresic\/","title":{"rendered":"IZME\u0110U, Zoran Bare\u0161i\u0107"},"content":{"rendered":"<p style=\"text-align: justify;\"><strong>Sa\u017eetak:<\/strong><\/p>\n<p>Bare\u0161i\u0107 nije tek puki traga\u010d za smislenostima niti se osvr\u0107e za simboli\u010darima besmisla koji bi, sa sumnjivim snovima na svojim izranjenim rukama, neucviljeno cvile\u0107i, obno\u0107 rado obigravali oko njegove da\u0161\u010darice masnih kistova i alabastrenih ispisa njegovih stihova po tamnim atelijerskim zidovima, on nit&#8217; vojuje, nit&#8217; miruje, nit&#8217; luduje nit&#8217; pametuje, a kako bi i mogao kad je on ta cvile\u017e ti\u0161ine koja po imotskim mracima i mrakovima hrli jednoj i jedinoj, nepromijenjenoj i nepromjenjivoj Istini.<\/p>\n<p>On je dio plemena ljudi sa zanimanjem \u010covjek i s napomenom u rubrici \u2013 rok trajanja: ne pod svaku cijenu.<\/p>\n<p style=\"text-align: justify;\">Bare\u0161i\u0107 ist kein einfacher Sucher nach dem Sinn, noch lehnt er sich an Symboliker der Unsinnigkeit an, die mit eigenartigen Tr\u00e4umen auf ihren verwundeten H\u00e4nden, untr\u00f6stlich winselnd, nachts zu gern um die Holzh\u00fctte seiner fettigen Pinsel und der alabasterartigen Niederschriften seiner Verse an den dunklen W\u00e4nden seines Ateliers herumschleichen w\u00fcrden, denn er k\u00e4mpft nicht, noch ruht er, noch spielt er verr\u00fcckt oder belehrt er, und wie k\u00f6nnte er auch, wo er doch selbst diese winselnde Stille ist, die in der Dunkelheit von Imotski und der D\u00fcsternis nach der einzigen, unver\u00e4nderten und unver\u00e4nderlichen Wahrheit sucht. <\/p>\n<p>Er ist der Teil eines Menschenvolkes mit dem Beruf Mensch und mit einem Vermerk unter der Rubrik \u2013 Verfallsdatum: <em>nicht unbedingt<\/em>.<\/p>\n<p style=\"text-align: justify;\"><strong>Bilje\u0161ka o autoru:<\/strong> <\/p>\n<p>Ro\u0111en 1974. godine u Doboju u BiH. \u017divio je nekoliko godina u Njema\u010dkoj, danas \u017eivi i radi u Hrvatskoj kao slobodni umjetnik. Njegova djela su prezentirana na mnogobrojnim izlo\u017ebama u Hrvatkoj, Bosni i Hercegovini te Njema\u010dkoj i Austriji.<\/p>\n<p style=\"text-align: justify;\">1974 in Bosnien\/Doboj geboren und aufgewachsen, verbrachte einige Jahre in Deutschland, lebt heute in Kroatien und arbeitet dort und in Deutschland als freier K\u00fcnstler. Seine Kunstwerke pr\u00e4sentieren sich in vielen Ausstellungen und Ver\u00f6ffentlichungen in Kroatien, Bosnien, Deutschland und \u00d6sterreich.<\/p>\n<p><strong>Klju\u010dne rije\u010di:<\/strong> Zoran Bare\u0161i\u0107, Imotski, poezija, izme\u0111u, ironija, novi \u017eivot<\/p>\n<p style=\"text-align: justify;\"><strong>Link:<\/strong> <a href=\"http:\/\/www.zoranbaresic.com\" target=\"_blank\" rel=\"noopener\">www.zoranbaresic.com<\/a>, <a href=\"http:\/\/www.kunstremise12.de\" target=\"_blank\" rel=\"noopener\">www.kunstremise12.de<\/a> <br \/><strong>E-mail:<\/strong>\u00a0<a href=\"mailto:zoran.baresic@gmail.com\">Zoran Bare\u0161i\u0107<\/a><\/p>\n<p style=\"text-align: justify;\"><strong>Naslov:<\/strong> Izme\u0111u<br \/><strong>Autor:<\/strong> Zoran Bare\u0161i\u0107<br \/><strong>Nakladnik:<\/strong> Redak<br \/><strong>Godina izdanja:<\/strong> 2015.<br \/><strong>Tisak:<\/strong> digitalni tisak knjiga &#8211; print na zahtjev<\/p>\n","protected":false},"excerpt":{"rendered":"<p>Sa\u017eetak: Bare\u0161i\u0107 nije tek puki traga\u010d za smislenostima niti se osvr\u0107e za simboli\u010darima besmisla koji bi, sa sumnjivim snovima na svojim izranjenim rukama, neucviljeno cvile\u0107i, obno\u0107 rado obigravali oko njegove da\u0161\u010darice masnih kistova i alabastrenih ispisa njegovih stihova po tamnim atelijerskim zidovima, on nit&#8217; vojuje, nit&#8217; miruje, nit&#8217; luduje nit&#8217; pametuje, a kako bi i [&hellip;]<\/p>\n","protected":false},"featured_media":7946,"comment_status":"open","ping_status":"closed","template":"","meta":{"_acf_changed":false},"product_brand":[],"product_cat":[1383,1385,1388],"product_tag":[],"class_list":{"0":"post-7945","1":"product","2":"type-product","3":"status-publish","4":"has-post-thumbnail","6":"product_cat-knjige","7":"product_cat-knjizevnost","8":"product_cat-poezija","9":"pa_autor-zoran-baresic","10":"pa_nakladnik-redak","12":"first","13":"instock","14":"shipping-taxable","15":"purchasable","16":"product-type-simple"},"acf":[],"yoast_head":"<!-- This site is optimized with the Yoast SEO plugin v27.3 - https:\/\/yoast.com\/product\/yoast-seo-wordpress\/ -->\n<title>IZME\u0110U, Zoran Bare\u0161i\u0107 - Web-knji\u017eara<\/title>\n<meta name=\"robots\" content=\"index, follow, max-snippet:-1, max-image-preview:large, max-video-preview:-1\" \/>\n<link rel=\"canonical\" href=\"https:\/\/webknjizara.hr\/proizvod\/izmedu-zoran-baresic\/\" \/>\n<meta property=\"og:locale\" content=\"en_US\" \/>\n<meta property=\"og:type\" content=\"article\" \/>\n<meta property=\"og:title\" content=\"IZME\u0110U, Zoran Bare\u0161i\u0107 - Web-knji\u017eara\" \/>\n<meta property=\"og:description\" content=\"Sa\u017eetak: Bare\u0161i\u0107 nije tek puki traga\u010d za smislenostima niti se osvr\u0107e za simboli\u010darima besmisla koji bi, sa sumnjivim snovima na svojim izranjenim rukama, neucviljeno cvile\u0107i, obno\u0107 rado obigravali oko njegove da\u0161\u010darice masnih kistova i alabastrenih ispisa njegovih stihova po tamnim atelijerskim zidovima, on nit&#8217; vojuje, nit&#8217; miruje, nit&#8217; luduje nit&#8217; pametuje, a kako bi i [&hellip;]\" \/>\n<meta property=\"og:url\" content=\"https:\/\/webknjizara.hr\/proizvod\/izmedu-zoran-baresic\/\" \/>\n<meta property=\"og:site_name\" content=\"Web-knji\u017eara\" \/>\n<meta property=\"article:modified_time\" content=\"2023-02-26T23:16:20+00:00\" \/>\n<meta property=\"og:image\" content=\"https:\/\/webknjizara.hr\/wp-content\/uploads\/nc\/images\/virtuemart\/product\/izme-u-zoran-b-54da39b585a6e.jpg\" \/>\n\t<meta property=\"og:image:width\" content=\"344\" \/>\n\t<meta property=\"og:image:height\" content=\"500\" \/>\n\t<meta property=\"og:image:type\" content=\"image\/jpeg\" \/>\n<meta name=\"twitter:card\" content=\"summary_large_image\" \/>\n<meta name=\"twitter:label1\" content=\"Est. reading time\" \/>\n\t<meta name=\"twitter:data1\" content=\"2 minutes\" \/>\n<script type=\"application\/ld+json\" class=\"yoast-schema-graph\">{\"@context\":\"https:\\\/\\\/schema.org\",\"@graph\":[{\"@type\":\"WebPage\",\"@id\":\"https:\\\/\\\/webknjizara.hr\\\/proizvod\\\/izmedu-zoran-baresic\\\/\",\"url\":\"https:\\\/\\\/webknjizara.hr\\\/proizvod\\\/izmedu-zoran-baresic\\\/\",\"name\":\"IZME\u0110U, Zoran Bare\u0161i\u0107 - Web-knji\u017eara\",\"isPartOf\":{\"@id\":\"https:\\\/\\\/webknjizara.hr\\\/#website\"},\"primaryImageOfPage\":{\"@id\":\"https:\\\/\\\/webknjizara.hr\\\/proizvod\\\/izmedu-zoran-baresic\\\/#primaryimage\"},\"image\":{\"@id\":\"https:\\\/\\\/webknjizara.hr\\\/proizvod\\\/izmedu-zoran-baresic\\\/#primaryimage\"},\"thumbnailUrl\":\"https:\\\/\\\/webknjizara.hr\\\/wp-content\\\/uploads\\\/nc\\\/images\\\/virtuemart\\\/product\\\/izme-u-zoran-b-54da39b585a6e.jpg\",\"datePublished\":\"2015-02-10T17:02:45+00:00\",\"dateModified\":\"2023-02-26T23:16:20+00:00\",\"breadcrumb\":{\"@id\":\"https:\\\/\\\/webknjizara.hr\\\/proizvod\\\/izmedu-zoran-baresic\\\/#breadcrumb\"},\"inLanguage\":\"en-US\",\"potentialAction\":[{\"@type\":\"ReadAction\",\"target\":[\"https:\\\/\\\/webknjizara.hr\\\/proizvod\\\/izmedu-zoran-baresic\\\/\"]}]},{\"@type\":\"ImageObject\",\"inLanguage\":\"en-US\",\"@id\":\"https:\\\/\\\/webknjizara.hr\\\/proizvod\\\/izmedu-zoran-baresic\\\/#primaryimage\",\"url\":\"https:\\\/\\\/webknjizara.hr\\\/wp-content\\\/uploads\\\/nc\\\/images\\\/virtuemart\\\/product\\\/izme-u-zoran-b-54da39b585a6e.jpg\",\"contentUrl\":\"https:\\\/\\\/webknjizara.hr\\\/wp-content\\\/uploads\\\/nc\\\/images\\\/virtuemart\\\/product\\\/izme-u-zoran-b-54da39b585a6e.jpg\",\"width\":344,\"height\":500,\"caption\":\"IZME\u0110U, Zoran Bare\u0161i\u0107\"},{\"@type\":\"BreadcrumbList\",\"@id\":\"https:\\\/\\\/webknjizara.hr\\\/proizvod\\\/izmedu-zoran-baresic\\\/#breadcrumb\",\"itemListElement\":[{\"@type\":\"ListItem\",\"position\":1,\"name\":\"Po\u010detna stranica\",\"item\":\"https:\\\/\\\/webknjizara.hr\\\/en\\\/\"},{\"@type\":\"ListItem\",\"position\":2,\"name\":\"Shop\",\"item\":\"https:\\\/\\\/webknjizara.hr\\\/shop\\\/\"},{\"@type\":\"ListItem\",\"position\":3,\"name\":\"IZME\u0110U, Zoran Bare\u0161i\u0107\"}]},{\"@type\":\"WebSite\",\"@id\":\"https:\\\/\\\/webknjizara.hr\\\/#website\",\"url\":\"https:\\\/\\\/webknjizara.hr\\\/\",\"name\":\"Web Knji\u017eara\",\"description\":\"\",\"publisher\":{\"@id\":\"https:\\\/\\\/webknjizara.hr\\\/#organization\"},\"potentialAction\":[{\"@type\":\"SearchAction\",\"target\":{\"@type\":\"EntryPoint\",\"urlTemplate\":\"https:\\\/\\\/webknjizara.hr\\\/?s={search_term_string}\"},\"query-input\":{\"@type\":\"PropertyValueSpecification\",\"valueRequired\":true,\"valueName\":\"search_term_string\"}}],\"inLanguage\":\"en-US\"},{\"@type\":\"Organization\",\"@id\":\"https:\\\/\\\/webknjizara.hr\\\/#organization\",\"name\":\"REDAK D.O.O.\",\"url\":\"https:\\\/\\\/webknjizara.hr\\\/\",\"logo\":{\"@type\":\"ImageObject\",\"inLanguage\":\"en-US\",\"@id\":\"https:\\\/\\\/webknjizara.hr\\\/#\\\/schema\\\/logo\\\/image\\\/\",\"url\":\"https:\\\/\\\/webknjizara.hr\\\/wp-content\\\/uploads\\\/2023\\\/01\\\/web-knjizara-logo.webp\",\"contentUrl\":\"https:\\\/\\\/webknjizara.hr\\\/wp-content\\\/uploads\\\/2023\\\/01\\\/web-knjizara-logo.webp\",\"width\":324,\"height\":79,\"caption\":\"REDAK D.O.O.\"},\"image\":{\"@id\":\"https:\\\/\\\/webknjizara.hr\\\/#\\\/schema\\\/logo\\\/image\\\/\"}}]}<\/script>\n<!-- \/ Yoast SEO plugin. -->","yoast_head_json":{"title":"IZME\u0110U, Zoran Bare\u0161i\u0107 - Web-knji\u017eara","robots":{"index":"index","follow":"follow","max-snippet":"max-snippet:-1","max-image-preview":"max-image-preview:large","max-video-preview":"max-video-preview:-1"},"canonical":"https:\/\/webknjizara.hr\/proizvod\/izmedu-zoran-baresic\/","og_locale":"en_US","og_type":"article","og_title":"IZME\u0110U, Zoran Bare\u0161i\u0107 - Web-knji\u017eara","og_description":"Sa\u017eetak: Bare\u0161i\u0107 nije tek puki traga\u010d za smislenostima niti se osvr\u0107e za simboli\u010darima besmisla koji bi, sa sumnjivim snovima na svojim izranjenim rukama, neucviljeno cvile\u0107i, obno\u0107 rado obigravali oko njegove da\u0161\u010darice masnih kistova i alabastrenih ispisa njegovih stihova po tamnim atelijerskim zidovima, on nit&#8217; vojuje, nit&#8217; miruje, nit&#8217; luduje nit&#8217; pametuje, a kako bi i [&hellip;]","og_url":"https:\/\/webknjizara.hr\/proizvod\/izmedu-zoran-baresic\/","og_site_name":"Web-knji\u017eara","article_modified_time":"2023-02-26T23:16:20+00:00","og_image":[{"width":344,"height":500,"url":"https:\/\/webknjizara.hr\/wp-content\/uploads\/nc\/images\/virtuemart\/product\/izme-u-zoran-b-54da39b585a6e.jpg","type":"image\/jpeg"}],"twitter_card":"summary_large_image","twitter_misc":{"Est. reading time":"2 minutes"},"schema":{"@context":"https:\/\/schema.org","@graph":[{"@type":"WebPage","@id":"https:\/\/webknjizara.hr\/proizvod\/izmedu-zoran-baresic\/","url":"https:\/\/webknjizara.hr\/proizvod\/izmedu-zoran-baresic\/","name":"IZME\u0110U, Zoran Bare\u0161i\u0107 - Web-knji\u017eara","isPartOf":{"@id":"https:\/\/webknjizara.hr\/#website"},"primaryImageOfPage":{"@id":"https:\/\/webknjizara.hr\/proizvod\/izmedu-zoran-baresic\/#primaryimage"},"image":{"@id":"https:\/\/webknjizara.hr\/proizvod\/izmedu-zoran-baresic\/#primaryimage"},"thumbnailUrl":"https:\/\/webknjizara.hr\/wp-content\/uploads\/nc\/images\/virtuemart\/product\/izme-u-zoran-b-54da39b585a6e.jpg","datePublished":"2015-02-10T17:02:45+00:00","dateModified":"2023-02-26T23:16:20+00:00","breadcrumb":{"@id":"https:\/\/webknjizara.hr\/proizvod\/izmedu-zoran-baresic\/#breadcrumb"},"inLanguage":"en-US","potentialAction":[{"@type":"ReadAction","target":["https:\/\/webknjizara.hr\/proizvod\/izmedu-zoran-baresic\/"]}]},{"@type":"ImageObject","inLanguage":"en-US","@id":"https:\/\/webknjizara.hr\/proizvod\/izmedu-zoran-baresic\/#primaryimage","url":"https:\/\/webknjizara.hr\/wp-content\/uploads\/nc\/images\/virtuemart\/product\/izme-u-zoran-b-54da39b585a6e.jpg","contentUrl":"https:\/\/webknjizara.hr\/wp-content\/uploads\/nc\/images\/virtuemart\/product\/izme-u-zoran-b-54da39b585a6e.jpg","width":344,"height":500,"caption":"IZME\u0110U, Zoran Bare\u0161i\u0107"},{"@type":"BreadcrumbList","@id":"https:\/\/webknjizara.hr\/proizvod\/izmedu-zoran-baresic\/#breadcrumb","itemListElement":[{"@type":"ListItem","position":1,"name":"Po\u010detna stranica","item":"https:\/\/webknjizara.hr\/en\/"},{"@type":"ListItem","position":2,"name":"Shop","item":"https:\/\/webknjizara.hr\/shop\/"},{"@type":"ListItem","position":3,"name":"IZME\u0110U, Zoran Bare\u0161i\u0107"}]},{"@type":"WebSite","@id":"https:\/\/webknjizara.hr\/#website","url":"https:\/\/webknjizara.hr\/","name":"Web Knji\u017eara","description":"","publisher":{"@id":"https:\/\/webknjizara.hr\/#organization"},"potentialAction":[{"@type":"SearchAction","target":{"@type":"EntryPoint","urlTemplate":"https:\/\/webknjizara.hr\/?s={search_term_string}"},"query-input":{"@type":"PropertyValueSpecification","valueRequired":true,"valueName":"search_term_string"}}],"inLanguage":"en-US"},{"@type":"Organization","@id":"https:\/\/webknjizara.hr\/#organization","name":"REDAK D.O.O.","url":"https:\/\/webknjizara.hr\/","logo":{"@type":"ImageObject","inLanguage":"en-US","@id":"https:\/\/webknjizara.hr\/#\/schema\/logo\/image\/","url":"https:\/\/webknjizara.hr\/wp-content\/uploads\/2023\/01\/web-knjizara-logo.webp","contentUrl":"https:\/\/webknjizara.hr\/wp-content\/uploads\/2023\/01\/web-knjizara-logo.webp","width":324,"height":79,"caption":"REDAK D.O.O."},"image":{"@id":"https:\/\/webknjizara.hr\/#\/schema\/logo\/image\/"}}]}},"_links":{"self":[{"href":"https:\/\/webknjizara.hr\/en\/wp-json\/wp\/v2\/product\/7945","targetHints":{"allow":["GET"]}}],"collection":[{"href":"https:\/\/webknjizara.hr\/en\/wp-json\/wp\/v2\/product"}],"about":[{"href":"https:\/\/webknjizara.hr\/en\/wp-json\/wp\/v2\/types\/product"}],"replies":[{"embeddable":true,"href":"https:\/\/webknjizara.hr\/en\/wp-json\/wp\/v2\/comments?post=7945"}],"wp:featuredmedia":[{"embeddable":true,"href":"https:\/\/webknjizara.hr\/en\/wp-json\/wp\/v2\/media\/7946"}],"wp:attachment":[{"href":"https:\/\/webknjizara.hr\/en\/wp-json\/wp\/v2\/media?parent=7945"}],"wp:term":[{"taxonomy":"product_brand","embeddable":true,"href":"https:\/\/webknjizara.hr\/en\/wp-json\/wp\/v2\/product_brand?post=7945"},{"taxonomy":"product_cat","embeddable":true,"href":"https:\/\/webknjizara.hr\/en\/wp-json\/wp\/v2\/product_cat?post=7945"},{"taxonomy":"product_tag","embeddable":true,"href":"https:\/\/webknjizara.hr\/en\/wp-json\/wp\/v2\/product_tag?post=7945"}],"curies":[{"name":"wp","href":"https:\/\/api.w.org\/{rel}","templated":true}]}}