{"id":7935,"date":"2015-01-27T16:38:32","date_gmt":"2015-01-27T16:38:32","guid":{"rendered":"https:\/\/webknjizara.hr\/?product=medijska-konstrukcija-stvarnosti-sociolosko-istrazivanje-anci-leburic"},"modified":"2023-02-27T00:16:18","modified_gmt":"2023-02-26T23:16:18","slug":"medijska-konstrukcija-stvarnosti-sociolosko-istrazivanje","status":"publish","type":"product","link":"https:\/\/webknjizara.hr\/en\/proizvod\/medijska-konstrukcija-stvarnosti-sociolosko-istrazivanje\/","title":{"rendered":"MEDIJSKA KONSTRUKCIJA STVARNOSTI: SOCIOLO\u0160KO ISTRA\u017dIVANJE, An\u010di Leburi\u0107"},"content":{"rendered":"<p style=\"text-align: justify;\"><strong>Sa\u017eetak:<\/strong><\/p>\n<p>Studija pod naslovom <strong>Medijska konstrukcija stvarnosti: sociolo\u0161ko istra\u017eivanje<\/strong> \u010dije su autorice <strong>An\u010di Leburi\u0107<\/strong> i <strong>Maja Quien<\/strong>, objavljena je kao knjiga br. 19 u biblioteci Istra\u017eiva\u010dke studije kod splitskog izdava\u010da Redak. U radu se istra\u017euju neki medijski utjecaji kao naro\u010dito kompleksne dru\u0161tvene pojave, i to na razli\u010ditim mikro razinama \u017eivota ispitanoga stanovni\u0161tva.<\/p>\n<p>Zaklju\u010duje se o intenziviranju medijskih ujecaja u svjetovima pojedinaca i grupa, koji se u tim okvirima organiziraju, zabavljaju i informiraju, razumije\u00acvaju\u0107i svijet oko sebe. Naime, dru\u0161tveni odnosi se mijenjaju istovremeno sa promjenama medija, \u0161to svjedo\u010di o njihovoj me\u0111uovisnosti i dinami\u010dnim interakcijama koje se razvijaju u tim relacijama. U procesima globalizacije, mijenjaju se i medijske forme i sadr\u017eaji, pa se razvijaju novi i druga\u010diji fenomeni\/procesi\/odnosi kao \u0161to su komercijalizacija, individualizacija, erotiza\u00accija, pornografizacija, tzv. \u017euti tisak i dr.<\/p>\n<p>Provedeno anketno istra\u017eivanje stanovnika Splita (N= 1066) fokusiralo se u svom istra\u017eiva\u010dkom dizajnu na procese informiranja, na medijske ure\u0111iva\u010dke politike i na javno mnijenje kao poseban i specifi\u010dan dru\u0161tveni fenomen. Me\u0111u istra\u017eiva\u010dkim rezultatima primjetno je relativno nezadovoljstvo sa objektiv\u00acno\u0161\u0107u medijskih djelatnika, kao i sa generalnim ure\u0111iva\u010dkim politikama u medijima. Uo\u010dene su zna\u010dajne mogu\u0107nosti medijskih utjecaja u procesima konstrukcije stvarnosti ispitanih, budu\u0107i se kori\u0161teni mediji percipiraju kao bitni izvori informiranja pojedinaca, ali i formiranja javnoga mnijenja.<\/p>\n<p><strong>Bilje\u0161ka o autoricama:<\/strong> <\/p>\n<p><strong>AN\u010cI LEBURI\u0106<\/strong>, redovna je profesorica u trajnom zvanju na katedri sociolo\u0161ke metodologije, Odsjeka za sociologiju Filozofskog fakulteta u Splitu. Objavljuje znanstvene radove iz metodologije dru\u0161tvenih i humanisti\u010dkih istra\u017eivanja, te empirijske studije iz posebnih sociologija. Nositeljica je kolegija na preddiplomskim, diplomskim i doktorskim studijima u zemlji i inozemstvu. Urednica je nekoliko biblioteka u kojima se objavljuju metodolo\u0161ke i sociolo\u0161ke studije. Vodi i sudjeluje u me\u0111unarodnim projektima u kojima se istra\u017euju razvojne, kulturolo\u0161ke, medijske, socijalno-ekolo\u0161ke, urbane i dr. teme. \u010clanica je nekoliko stru\u010dnih asocijacija, te predsjednica Splitske podru\u017enice Hrvatskoga sociolo\u0161kog dru\u0161tva od 2006 god.<\/p>\n<p><strong>E-mail:<\/strong> <a href=\"mailto:anci.leburic@gmail.com\">An\u010di Leburi\u0107<\/a> <a href=\"mailto:anci.leburic@gmail.com\"><br \/><\/a><br \/> <strong>MAJA QUIEN<\/strong>, doktorandica je sociologije na Filozofskom fakultetu Sveu\u010dili\u0161ta u Zagrebu. Trenuta\u010dno radi u Hrvatskoj akademskoj i istra\u017eiva\u010dkoj mre\u017ei &#8211; CARNet kao stru\u010dna suradnica, gdje provodi i razvija nove projekte financirane iz EU fondova u podru\u010dju unaprje\u0111enja obrazovanja. Dobitnica je Rektorove nagrade za ak.god. 2008.\/2009. Diplomirala je s pohvalnicom Filozofskog fakulteta u Splitu te je bila me\u0111u 10% najboljih studenata diplomskih studija na Odsjeku za sociologiju u svojoj generaciji. Sudjeluje na skupovima i objavljuje stru\u010dne radove, bave\u0107 i se sociologijom obrazovanja, te sociologijom medija. \u010clanica je Hrvatskog sociolo\u0161kog dru\u0161tva.<\/p>\n<p><strong>E-mail:<\/strong>\u00a0<a href=\"mailto:maja.quien@gmail.com\">Maja Quien<\/a><br \/><strong><br \/>Klju\u010dne rije\u010di:<\/strong> Mediji; sociolo\u0161ko istra\u017eivanje; medijska konstrukcija stvarnosti; javno mnijenje; ure\u0111iva\u010dke politike<br \/><strong><br \/>Link:<\/strong> <a href=\"http:\/\/www.ancileburic.com\" target=\"_blank\" rel=\"noopener noreferrer\">www.ancileburic.com<\/a><strong><br \/>E-mail:\u00a0<\/strong><a href=\"mailto:anci@ffst.hr\">An\u010di Leburi\u0107<\/a><\/p>\n<p style=\"text-align: justify;\"><strong>Naslov:<\/strong> Medijska konstrukcija stvarnosti: sociolo\u0161ko istra\u017eivanje<br \/><strong>Autor:<\/strong> An\u010di Leburi\u0107<br \/><strong>Broj stranica:<\/strong> 184<br \/><strong>Nakladnik:<\/strong> REDAK<br \/><strong>Godina izdanja:<\/strong> 2014.<br \/><strong>ISBN:<\/strong> 978-953-336-184-0<br \/><strong>Tisak:<\/strong> digitalni tisak knjiga &#8211; print na zahtjev<\/p>\n","protected":false},"excerpt":{"rendered":"<p>Sa\u017eetak: Studija pod naslovom Medijska konstrukcija stvarnosti: sociolo\u0161ko istra\u017eivanje \u010dije su autorice An\u010di Leburi\u0107 i Maja Quien, objavljena je kao knjiga br. 19 u biblioteci Istra\u017eiva\u010dke studije kod splitskog izdava\u010da Redak. U radu se istra\u017euju neki medijski utjecaji kao naro\u010dito kompleksne dru\u0161tvene pojave, i to na razli\u010ditim mikro razinama \u017eivota ispitanoga stanovni\u0161tva. Zaklju\u010duje se o [&hellip;]<\/p>\n","protected":false},"featured_media":7936,"comment_status":"open","ping_status":"closed","template":"","meta":{"_acf_changed":false},"product_brand":[],"product_cat":[1517,1390],"product_tag":[],"class_list":{"0":"post-7935","1":"product","2":"type-product","3":"status-publish","4":"has-post-thumbnail","6":"product_cat-strucna-literatura","7":"product_cat-drustvene-znanosti","8":"pa_nakladnik-redak","10":"first","11":"instock","12":"shipping-taxable","13":"purchasable","14":"product-type-simple"},"acf":[],"yoast_head":"<!-- This site is optimized with the Yoast SEO plugin v27.3 - https:\/\/yoast.com\/product\/yoast-seo-wordpress\/ -->\n<title>MEDIJSKA KONSTRUKCIJA STVARNOSTI: SOCIOLO\u0160KO ISTRA\u017dIVANJE, An\u010di Leburi\u0107 - Web-knji\u017eara<\/title>\n<meta name=\"robots\" content=\"index, follow, max-snippet:-1, max-image-preview:large, max-video-preview:-1\" \/>\n<link rel=\"canonical\" href=\"https:\/\/webknjizara.hr\/proizvod\/medijska-konstrukcija-stvarnosti-sociolosko-istrazivanje\/\" \/>\n<meta property=\"og:locale\" content=\"en_US\" \/>\n<meta property=\"og:type\" content=\"article\" \/>\n<meta property=\"og:title\" content=\"MEDIJSKA KONSTRUKCIJA STVARNOSTI: SOCIOLO\u0160KO ISTRA\u017dIVANJE, An\u010di Leburi\u0107 - Web-knji\u017eara\" \/>\n<meta property=\"og:description\" content=\"Sa\u017eetak: Studija pod naslovom Medijska konstrukcija stvarnosti: sociolo\u0161ko istra\u017eivanje \u010dije su autorice An\u010di Leburi\u0107 i Maja Quien, objavljena je kao knjiga br. 19 u biblioteci Istra\u017eiva\u010dke studije kod splitskog izdava\u010da Redak. U radu se istra\u017euju neki medijski utjecaji kao naro\u010dito kompleksne dru\u0161tvene pojave, i to na razli\u010ditim mikro razinama \u017eivota ispitanoga stanovni\u0161tva. Zaklju\u010duje se o [&hellip;]\" \/>\n<meta property=\"og:url\" content=\"https:\/\/webknjizara.hr\/proizvod\/medijska-konstrukcija-stvarnosti-sociolosko-istrazivanje\/\" \/>\n<meta property=\"og:site_name\" content=\"Web-knji\u017eara\" \/>\n<meta property=\"article:modified_time\" content=\"2023-02-26T23:16:18+00:00\" \/>\n<meta property=\"og:image\" content=\"https:\/\/webknjizara.hr\/wp-content\/uploads\/nc\/images\/virtuemart\/product\/medijska-konstru-54c7bf0882265.jpg\" \/>\n\t<meta property=\"og:image:width\" content=\"353\" \/>\n\t<meta property=\"og:image:height\" content=\"500\" \/>\n\t<meta property=\"og:image:type\" content=\"image\/jpeg\" \/>\n<meta name=\"twitter:card\" content=\"summary_large_image\" \/>\n<meta name=\"twitter:label1\" content=\"Est. reading time\" \/>\n\t<meta name=\"twitter:data1\" content=\"3 minutes\" \/>\n<script type=\"application\/ld+json\" class=\"yoast-schema-graph\">{\"@context\":\"https:\\\/\\\/schema.org\",\"@graph\":[{\"@type\":\"WebPage\",\"@id\":\"https:\\\/\\\/webknjizara.hr\\\/proizvod\\\/medijska-konstrukcija-stvarnosti-sociolosko-istrazivanje\\\/\",\"url\":\"https:\\\/\\\/webknjizara.hr\\\/proizvod\\\/medijska-konstrukcija-stvarnosti-sociolosko-istrazivanje\\\/\",\"name\":\"MEDIJSKA KONSTRUKCIJA STVARNOSTI: SOCIOLO\u0160KO ISTRA\u017dIVANJE, An\u010di Leburi\u0107 - Web-knji\u017eara\",\"isPartOf\":{\"@id\":\"https:\\\/\\\/webknjizara.hr\\\/#website\"},\"primaryImageOfPage\":{\"@id\":\"https:\\\/\\\/webknjizara.hr\\\/proizvod\\\/medijska-konstrukcija-stvarnosti-sociolosko-istrazivanje\\\/#primaryimage\"},\"image\":{\"@id\":\"https:\\\/\\\/webknjizara.hr\\\/proizvod\\\/medijska-konstrukcija-stvarnosti-sociolosko-istrazivanje\\\/#primaryimage\"},\"thumbnailUrl\":\"https:\\\/\\\/webknjizara.hr\\\/wp-content\\\/uploads\\\/nc\\\/images\\\/virtuemart\\\/product\\\/medijska-konstru-54c7bf0882265.jpg\",\"datePublished\":\"2015-01-27T16:38:32+00:00\",\"dateModified\":\"2023-02-26T23:16:18+00:00\",\"breadcrumb\":{\"@id\":\"https:\\\/\\\/webknjizara.hr\\\/proizvod\\\/medijska-konstrukcija-stvarnosti-sociolosko-istrazivanje\\\/#breadcrumb\"},\"inLanguage\":\"en-US\",\"potentialAction\":[{\"@type\":\"ReadAction\",\"target\":[\"https:\\\/\\\/webknjizara.hr\\\/proizvod\\\/medijska-konstrukcija-stvarnosti-sociolosko-istrazivanje\\\/\"]}]},{\"@type\":\"ImageObject\",\"inLanguage\":\"en-US\",\"@id\":\"https:\\\/\\\/webknjizara.hr\\\/proizvod\\\/medijska-konstrukcija-stvarnosti-sociolosko-istrazivanje\\\/#primaryimage\",\"url\":\"https:\\\/\\\/webknjizara.hr\\\/wp-content\\\/uploads\\\/nc\\\/images\\\/virtuemart\\\/product\\\/medijska-konstru-54c7bf0882265.jpg\",\"contentUrl\":\"https:\\\/\\\/webknjizara.hr\\\/wp-content\\\/uploads\\\/nc\\\/images\\\/virtuemart\\\/product\\\/medijska-konstru-54c7bf0882265.jpg\",\"width\":353,\"height\":500,\"caption\":\"MEDIJSKA KONSTRUKCIJA STVARNOSTI: SOCIOLO\u0160KO ISTRA\u017dIVANJE\"},{\"@type\":\"BreadcrumbList\",\"@id\":\"https:\\\/\\\/webknjizara.hr\\\/proizvod\\\/medijska-konstrukcija-stvarnosti-sociolosko-istrazivanje\\\/#breadcrumb\",\"itemListElement\":[{\"@type\":\"ListItem\",\"position\":1,\"name\":\"Po\u010detna stranica\",\"item\":\"https:\\\/\\\/webknjizara.hr\\\/en\\\/\"},{\"@type\":\"ListItem\",\"position\":2,\"name\":\"Shop\",\"item\":\"https:\\\/\\\/webknjizara.hr\\\/shop\\\/\"},{\"@type\":\"ListItem\",\"position\":3,\"name\":\"MEDIJSKA KONSTRUKCIJA STVARNOSTI: SOCIOLO\u0160KO ISTRA\u017dIVANJE, An\u010di Leburi\u0107\"}]},{\"@type\":\"WebSite\",\"@id\":\"https:\\\/\\\/webknjizara.hr\\\/#website\",\"url\":\"https:\\\/\\\/webknjizara.hr\\\/\",\"name\":\"Web Knji\u017eara\",\"description\":\"\",\"publisher\":{\"@id\":\"https:\\\/\\\/webknjizara.hr\\\/#organization\"},\"potentialAction\":[{\"@type\":\"SearchAction\",\"target\":{\"@type\":\"EntryPoint\",\"urlTemplate\":\"https:\\\/\\\/webknjizara.hr\\\/?s={search_term_string}\"},\"query-input\":{\"@type\":\"PropertyValueSpecification\",\"valueRequired\":true,\"valueName\":\"search_term_string\"}}],\"inLanguage\":\"en-US\"},{\"@type\":\"Organization\",\"@id\":\"https:\\\/\\\/webknjizara.hr\\\/#organization\",\"name\":\"REDAK D.O.O.\",\"url\":\"https:\\\/\\\/webknjizara.hr\\\/\",\"logo\":{\"@type\":\"ImageObject\",\"inLanguage\":\"en-US\",\"@id\":\"https:\\\/\\\/webknjizara.hr\\\/#\\\/schema\\\/logo\\\/image\\\/\",\"url\":\"https:\\\/\\\/webknjizara.hr\\\/wp-content\\\/uploads\\\/2023\\\/01\\\/web-knjizara-logo.webp\",\"contentUrl\":\"https:\\\/\\\/webknjizara.hr\\\/wp-content\\\/uploads\\\/2023\\\/01\\\/web-knjizara-logo.webp\",\"width\":324,\"height\":79,\"caption\":\"REDAK D.O.O.\"},\"image\":{\"@id\":\"https:\\\/\\\/webknjizara.hr\\\/#\\\/schema\\\/logo\\\/image\\\/\"}}]}<\/script>\n<!-- \/ Yoast SEO plugin. -->","yoast_head_json":{"title":"MEDIJSKA KONSTRUKCIJA STVARNOSTI: SOCIOLO\u0160KO ISTRA\u017dIVANJE, An\u010di Leburi\u0107 - Web-knji\u017eara","robots":{"index":"index","follow":"follow","max-snippet":"max-snippet:-1","max-image-preview":"max-image-preview:large","max-video-preview":"max-video-preview:-1"},"canonical":"https:\/\/webknjizara.hr\/proizvod\/medijska-konstrukcija-stvarnosti-sociolosko-istrazivanje\/","og_locale":"en_US","og_type":"article","og_title":"MEDIJSKA KONSTRUKCIJA STVARNOSTI: SOCIOLO\u0160KO ISTRA\u017dIVANJE, An\u010di Leburi\u0107 - Web-knji\u017eara","og_description":"Sa\u017eetak: Studija pod naslovom Medijska konstrukcija stvarnosti: sociolo\u0161ko istra\u017eivanje \u010dije su autorice An\u010di Leburi\u0107 i Maja Quien, objavljena je kao knjiga br. 19 u biblioteci Istra\u017eiva\u010dke studije kod splitskog izdava\u010da Redak. U radu se istra\u017euju neki medijski utjecaji kao naro\u010dito kompleksne dru\u0161tvene pojave, i to na razli\u010ditim mikro razinama \u017eivota ispitanoga stanovni\u0161tva. Zaklju\u010duje se o [&hellip;]","og_url":"https:\/\/webknjizara.hr\/proizvod\/medijska-konstrukcija-stvarnosti-sociolosko-istrazivanje\/","og_site_name":"Web-knji\u017eara","article_modified_time":"2023-02-26T23:16:18+00:00","og_image":[{"width":353,"height":500,"url":"https:\/\/webknjizara.hr\/wp-content\/uploads\/nc\/images\/virtuemart\/product\/medijska-konstru-54c7bf0882265.jpg","type":"image\/jpeg"}],"twitter_card":"summary_large_image","twitter_misc":{"Est. reading time":"3 minutes"},"schema":{"@context":"https:\/\/schema.org","@graph":[{"@type":"WebPage","@id":"https:\/\/webknjizara.hr\/proizvod\/medijska-konstrukcija-stvarnosti-sociolosko-istrazivanje\/","url":"https:\/\/webknjizara.hr\/proizvod\/medijska-konstrukcija-stvarnosti-sociolosko-istrazivanje\/","name":"MEDIJSKA KONSTRUKCIJA STVARNOSTI: SOCIOLO\u0160KO ISTRA\u017dIVANJE, An\u010di Leburi\u0107 - Web-knji\u017eara","isPartOf":{"@id":"https:\/\/webknjizara.hr\/#website"},"primaryImageOfPage":{"@id":"https:\/\/webknjizara.hr\/proizvod\/medijska-konstrukcija-stvarnosti-sociolosko-istrazivanje\/#primaryimage"},"image":{"@id":"https:\/\/webknjizara.hr\/proizvod\/medijska-konstrukcija-stvarnosti-sociolosko-istrazivanje\/#primaryimage"},"thumbnailUrl":"https:\/\/webknjizara.hr\/wp-content\/uploads\/nc\/images\/virtuemart\/product\/medijska-konstru-54c7bf0882265.jpg","datePublished":"2015-01-27T16:38:32+00:00","dateModified":"2023-02-26T23:16:18+00:00","breadcrumb":{"@id":"https:\/\/webknjizara.hr\/proizvod\/medijska-konstrukcija-stvarnosti-sociolosko-istrazivanje\/#breadcrumb"},"inLanguage":"en-US","potentialAction":[{"@type":"ReadAction","target":["https:\/\/webknjizara.hr\/proizvod\/medijska-konstrukcija-stvarnosti-sociolosko-istrazivanje\/"]}]},{"@type":"ImageObject","inLanguage":"en-US","@id":"https:\/\/webknjizara.hr\/proizvod\/medijska-konstrukcija-stvarnosti-sociolosko-istrazivanje\/#primaryimage","url":"https:\/\/webknjizara.hr\/wp-content\/uploads\/nc\/images\/virtuemart\/product\/medijska-konstru-54c7bf0882265.jpg","contentUrl":"https:\/\/webknjizara.hr\/wp-content\/uploads\/nc\/images\/virtuemart\/product\/medijska-konstru-54c7bf0882265.jpg","width":353,"height":500,"caption":"MEDIJSKA KONSTRUKCIJA STVARNOSTI: SOCIOLO\u0160KO ISTRA\u017dIVANJE"},{"@type":"BreadcrumbList","@id":"https:\/\/webknjizara.hr\/proizvod\/medijska-konstrukcija-stvarnosti-sociolosko-istrazivanje\/#breadcrumb","itemListElement":[{"@type":"ListItem","position":1,"name":"Po\u010detna stranica","item":"https:\/\/webknjizara.hr\/en\/"},{"@type":"ListItem","position":2,"name":"Shop","item":"https:\/\/webknjizara.hr\/shop\/"},{"@type":"ListItem","position":3,"name":"MEDIJSKA KONSTRUKCIJA STVARNOSTI: SOCIOLO\u0160KO ISTRA\u017dIVANJE, An\u010di Leburi\u0107"}]},{"@type":"WebSite","@id":"https:\/\/webknjizara.hr\/#website","url":"https:\/\/webknjizara.hr\/","name":"Web Knji\u017eara","description":"","publisher":{"@id":"https:\/\/webknjizara.hr\/#organization"},"potentialAction":[{"@type":"SearchAction","target":{"@type":"EntryPoint","urlTemplate":"https:\/\/webknjizara.hr\/?s={search_term_string}"},"query-input":{"@type":"PropertyValueSpecification","valueRequired":true,"valueName":"search_term_string"}}],"inLanguage":"en-US"},{"@type":"Organization","@id":"https:\/\/webknjizara.hr\/#organization","name":"REDAK D.O.O.","url":"https:\/\/webknjizara.hr\/","logo":{"@type":"ImageObject","inLanguage":"en-US","@id":"https:\/\/webknjizara.hr\/#\/schema\/logo\/image\/","url":"https:\/\/webknjizara.hr\/wp-content\/uploads\/2023\/01\/web-knjizara-logo.webp","contentUrl":"https:\/\/webknjizara.hr\/wp-content\/uploads\/2023\/01\/web-knjizara-logo.webp","width":324,"height":79,"caption":"REDAK D.O.O."},"image":{"@id":"https:\/\/webknjizara.hr\/#\/schema\/logo\/image\/"}}]}},"_links":{"self":[{"href":"https:\/\/webknjizara.hr\/en\/wp-json\/wp\/v2\/product\/7935","targetHints":{"allow":["GET"]}}],"collection":[{"href":"https:\/\/webknjizara.hr\/en\/wp-json\/wp\/v2\/product"}],"about":[{"href":"https:\/\/webknjizara.hr\/en\/wp-json\/wp\/v2\/types\/product"}],"replies":[{"embeddable":true,"href":"https:\/\/webknjizara.hr\/en\/wp-json\/wp\/v2\/comments?post=7935"}],"wp:featuredmedia":[{"embeddable":true,"href":"https:\/\/webknjizara.hr\/en\/wp-json\/wp\/v2\/media\/7936"}],"wp:attachment":[{"href":"https:\/\/webknjizara.hr\/en\/wp-json\/wp\/v2\/media?parent=7935"}],"wp:term":[{"taxonomy":"product_brand","embeddable":true,"href":"https:\/\/webknjizara.hr\/en\/wp-json\/wp\/v2\/product_brand?post=7935"},{"taxonomy":"product_cat","embeddable":true,"href":"https:\/\/webknjizara.hr\/en\/wp-json\/wp\/v2\/product_cat?post=7935"},{"taxonomy":"product_tag","embeddable":true,"href":"https:\/\/webknjizara.hr\/en\/wp-json\/wp\/v2\/product_tag?post=7935"}],"curies":[{"name":"wp","href":"https:\/\/api.w.org\/{rel}","templated":true}]}}