{"id":7931,"date":"2015-01-13T19:14:21","date_gmt":"2015-01-13T19:14:21","guid":{"rendered":"https:\/\/webknjizara.hr\/?product=izgubljena-generacija-damir-duplancic"},"modified":"2025-04-03T16:37:55","modified_gmt":"2025-04-03T14:37:55","slug":"izgubljena-generacija-damir-duplancic","status":"publish","type":"product","link":"https:\/\/webknjizara.hr\/en\/proizvod\/izgubljena-generacija-damir-duplancic\/","title":{"rendered":"IZGUBLJENA GENERACIJA, Damir Duplan\u010di\u0107"},"content":{"rendered":"<p style=\"text-align: justify;\"><strong>Sa\u017eetak:<\/strong><\/p>\n<p>Prva knjiga, izdanje 2009. godine.<\/p>\n<p>Kronologija jednog vremena, uglavnom &#8217;70-tih i &#8217;80-tih godina pro\u0161log stolje\u0107a poja\u0161njenih kroz autorove stihove i pri\u010dice o djetinjstvu, igrama, odrastanju, \u0161koli, prolaznosti \u017eivota i op\u0107enito uspomenama mnogobrojnih, kako ih autor naziva, Izgubljenih generacija&#8230; Autor uspore\u0111uju\u0107i vremena, \u010desto kritizira dana\u0161nje dru\u0161tvo, stavljaju\u0107i naglasak na neka skromnija ali i puno po\u0161tenija, humanija te solidarnija pro\u0161lo svr\u0161ena vremena na ovim prostorima.<\/p>\n<p>Drugu knjigu, <strong>Best Feller &#8211; Izgubljena generacija 2<\/strong>, mo\u017eete naru\u010diti <a href=\"hr\/about-joomla?page=shop.product_details&#038;category_id=5&#038;flypage=flypage.tpl&#038;product_id=397&#038;vmcchk=1\" target=\"_blank\" rel=\"noopener\">ovdje<\/a>.<\/p>\n<p><strong>Bilje\u0161ka o autoru:<\/strong><\/p>\n<p>Ro\u0111en u Splitu 18.7.1967 Magistar kineziologije i ve\u0107 14 godina radijski voditelj vrlo slu\u0161ane emisije \u201eIzgubljena generacija&#8221;, od koje su proiza\u0161le i dvije knjige, prva pod naslovom \u201eIzgubljena generacija&#8221; i druga \u201eBestfeller-Izgubljena generacija 2&#8243;<\/p>\n<p><strong>Klju\u010dne rije\u010di:<\/strong> Damir Duplan\u010di\u0107, Izgubljena generacija, Bestfeller<\/p>\n<p style=\"text-align: justify;\"><strong>Naslov:<\/strong> Izgubljena generacija<br \/><strong>Autor:<\/strong> Damir Duplan\u010di\u0107<br \/><strong>Broj stranica:<\/strong> 464<br \/><strong>Nakladnik:<\/strong> Damir Duplan\u010di\u0107<br \/><strong>Godina izdanja:<\/strong> 2009.<br \/><strong>ISBN:<\/strong> 978-953-55968-0-6<br \/><strong>Tisak:<\/strong> digitalni tisak knjiga &#8211; print na zahtjev<\/p>\n","protected":false},"excerpt":{"rendered":"<p>Sa\u017eetak: Prva knjiga, izdanje 2009. godine. Kronologija jednog vremena, uglavnom &#8217;70-tih i &#8217;80-tih godina pro\u0161log stolje\u0107a poja\u0161njenih kroz autorove stihove i pri\u010dice o djetinjstvu, igrama, odrastanju, \u0161koli, prolaznosti \u017eivota i op\u0107enito uspomenama mnogobrojnih, kako ih autor naziva, Izgubljenih generacija&#8230; Autor uspore\u0111uju\u0107i vremena, \u010desto kritizira dana\u0161nje dru\u0161tvo, stavljaju\u0107i naglasak na neka skromnija ali i puno po\u0161tenija, [&hellip;]<\/p>\n","protected":false},"featured_media":7932,"comment_status":"open","ping_status":"closed","template":"","meta":{"_acf_changed":false},"product_brand":[],"product_cat":[1383,1385],"product_tag":[],"class_list":{"0":"post-7931","1":"product","2":"type-product","3":"status-publish","4":"has-post-thumbnail","6":"product_cat-knjige","7":"product_cat-knjizevnost","8":"pa_nakladnik-damir-duplancic","10":"first","11":"instock","12":"shipping-taxable","13":"purchasable","14":"product-type-simple"},"acf":[],"yoast_head":"<!-- This site is optimized with the Yoast SEO plugin v27.3 - https:\/\/yoast.com\/product\/yoast-seo-wordpress\/ -->\n<title>IZGUBLJENA GENERACIJA, Damir Duplan\u010di\u0107 - Web-knji\u017eara<\/title>\n<meta name=\"robots\" content=\"index, follow, max-snippet:-1, max-image-preview:large, max-video-preview:-1\" \/>\n<link rel=\"canonical\" href=\"https:\/\/webknjizara.hr\/proizvod\/izgubljena-generacija-damir-duplancic\/\" \/>\n<meta property=\"og:locale\" content=\"en_US\" \/>\n<meta property=\"og:type\" content=\"article\" \/>\n<meta property=\"og:title\" content=\"IZGUBLJENA GENERACIJA, Damir Duplan\u010di\u0107 - Web-knji\u017eara\" \/>\n<meta property=\"og:description\" content=\"Sa\u017eetak: Prva knjiga, izdanje 2009. godine. Kronologija jednog vremena, uglavnom &#8217;70-tih i &#8217;80-tih godina pro\u0161log stolje\u0107a poja\u0161njenih kroz autorove stihove i pri\u010dice o djetinjstvu, igrama, odrastanju, \u0161koli, prolaznosti \u017eivota i op\u0107enito uspomenama mnogobrojnih, kako ih autor naziva, Izgubljenih generacija&#8230; Autor uspore\u0111uju\u0107i vremena, \u010desto kritizira dana\u0161nje dru\u0161tvo, stavljaju\u0107i naglasak na neka skromnija ali i puno po\u0161tenija, [&hellip;]\" \/>\n<meta property=\"og:url\" content=\"https:\/\/webknjizara.hr\/proizvod\/izgubljena-generacija-damir-duplancic\/\" \/>\n<meta property=\"og:site_name\" content=\"Web-knji\u017eara\" \/>\n<meta property=\"article:modified_time\" content=\"2025-04-03T14:37:55+00:00\" \/>\n<meta property=\"og:image\" content=\"https:\/\/webknjizara.hr\/wp-content\/uploads\/nc\/images\/virtuemart\/product\/izgubljena-gener-54b56e8d487b9.jpg\" \/>\n\t<meta property=\"og:image:width\" content=\"358\" \/>\n\t<meta property=\"og:image:height\" content=\"500\" \/>\n\t<meta property=\"og:image:type\" content=\"image\/jpeg\" \/>\n<meta name=\"twitter:card\" content=\"summary_large_image\" \/>\n<meta name=\"twitter:label1\" content=\"Est. reading time\" \/>\n\t<meta name=\"twitter:data1\" content=\"1 minute\" \/>\n<script type=\"application\/ld+json\" class=\"yoast-schema-graph\">{\"@context\":\"https:\\\/\\\/schema.org\",\"@graph\":[{\"@type\":\"WebPage\",\"@id\":\"https:\\\/\\\/webknjizara.hr\\\/proizvod\\\/izgubljena-generacija-damir-duplancic\\\/\",\"url\":\"https:\\\/\\\/webknjizara.hr\\\/proizvod\\\/izgubljena-generacija-damir-duplancic\\\/\",\"name\":\"IZGUBLJENA GENERACIJA, Damir Duplan\u010di\u0107 - Web-knji\u017eara\",\"isPartOf\":{\"@id\":\"https:\\\/\\\/webknjizara.hr\\\/#website\"},\"primaryImageOfPage\":{\"@id\":\"https:\\\/\\\/webknjizara.hr\\\/proizvod\\\/izgubljena-generacija-damir-duplancic\\\/#primaryimage\"},\"image\":{\"@id\":\"https:\\\/\\\/webknjizara.hr\\\/proizvod\\\/izgubljena-generacija-damir-duplancic\\\/#primaryimage\"},\"thumbnailUrl\":\"https:\\\/\\\/webknjizara.hr\\\/wp-content\\\/uploads\\\/nc\\\/images\\\/virtuemart\\\/product\\\/izgubljena-gener-54b56e8d487b9.jpg\",\"datePublished\":\"2015-01-13T19:14:21+00:00\",\"dateModified\":\"2025-04-03T14:37:55+00:00\",\"breadcrumb\":{\"@id\":\"https:\\\/\\\/webknjizara.hr\\\/proizvod\\\/izgubljena-generacija-damir-duplancic\\\/#breadcrumb\"},\"inLanguage\":\"en-US\",\"potentialAction\":[{\"@type\":\"ReadAction\",\"target\":[\"https:\\\/\\\/webknjizara.hr\\\/proizvod\\\/izgubljena-generacija-damir-duplancic\\\/\"]}]},{\"@type\":\"ImageObject\",\"inLanguage\":\"en-US\",\"@id\":\"https:\\\/\\\/webknjizara.hr\\\/proizvod\\\/izgubljena-generacija-damir-duplancic\\\/#primaryimage\",\"url\":\"https:\\\/\\\/webknjizara.hr\\\/wp-content\\\/uploads\\\/nc\\\/images\\\/virtuemart\\\/product\\\/izgubljena-gener-54b56e8d487b9.jpg\",\"contentUrl\":\"https:\\\/\\\/webknjizara.hr\\\/wp-content\\\/uploads\\\/nc\\\/images\\\/virtuemart\\\/product\\\/izgubljena-gener-54b56e8d487b9.jpg\",\"width\":358,\"height\":500,\"caption\":\"IZGUBLJENA GENERACIJA, Damir Duplan\u010di\u0107\"},{\"@type\":\"BreadcrumbList\",\"@id\":\"https:\\\/\\\/webknjizara.hr\\\/proizvod\\\/izgubljena-generacija-damir-duplancic\\\/#breadcrumb\",\"itemListElement\":[{\"@type\":\"ListItem\",\"position\":1,\"name\":\"Po\u010detna stranica\",\"item\":\"https:\\\/\\\/webknjizara.hr\\\/en\\\/\"},{\"@type\":\"ListItem\",\"position\":2,\"name\":\"Shop\",\"item\":\"https:\\\/\\\/webknjizara.hr\\\/shop\\\/\"},{\"@type\":\"ListItem\",\"position\":3,\"name\":\"IZGUBLJENA GENERACIJA, Damir Duplan\u010di\u0107\"}]},{\"@type\":\"WebSite\",\"@id\":\"https:\\\/\\\/webknjizara.hr\\\/#website\",\"url\":\"https:\\\/\\\/webknjizara.hr\\\/\",\"name\":\"Web Knji\u017eara\",\"description\":\"\",\"publisher\":{\"@id\":\"https:\\\/\\\/webknjizara.hr\\\/#organization\"},\"potentialAction\":[{\"@type\":\"SearchAction\",\"target\":{\"@type\":\"EntryPoint\",\"urlTemplate\":\"https:\\\/\\\/webknjizara.hr\\\/?s={search_term_string}\"},\"query-input\":{\"@type\":\"PropertyValueSpecification\",\"valueRequired\":true,\"valueName\":\"search_term_string\"}}],\"inLanguage\":\"en-US\"},{\"@type\":\"Organization\",\"@id\":\"https:\\\/\\\/webknjizara.hr\\\/#organization\",\"name\":\"REDAK D.O.O.\",\"url\":\"https:\\\/\\\/webknjizara.hr\\\/\",\"logo\":{\"@type\":\"ImageObject\",\"inLanguage\":\"en-US\",\"@id\":\"https:\\\/\\\/webknjizara.hr\\\/#\\\/schema\\\/logo\\\/image\\\/\",\"url\":\"https:\\\/\\\/webknjizara.hr\\\/wp-content\\\/uploads\\\/2023\\\/01\\\/web-knjizara-logo.webp\",\"contentUrl\":\"https:\\\/\\\/webknjizara.hr\\\/wp-content\\\/uploads\\\/2023\\\/01\\\/web-knjizara-logo.webp\",\"width\":324,\"height\":79,\"caption\":\"REDAK D.O.O.\"},\"image\":{\"@id\":\"https:\\\/\\\/webknjizara.hr\\\/#\\\/schema\\\/logo\\\/image\\\/\"}}]}<\/script>\n<!-- \/ Yoast SEO plugin. -->","yoast_head_json":{"title":"IZGUBLJENA GENERACIJA, Damir Duplan\u010di\u0107 - Web-knji\u017eara","robots":{"index":"index","follow":"follow","max-snippet":"max-snippet:-1","max-image-preview":"max-image-preview:large","max-video-preview":"max-video-preview:-1"},"canonical":"https:\/\/webknjizara.hr\/proizvod\/izgubljena-generacija-damir-duplancic\/","og_locale":"en_US","og_type":"article","og_title":"IZGUBLJENA GENERACIJA, Damir Duplan\u010di\u0107 - Web-knji\u017eara","og_description":"Sa\u017eetak: Prva knjiga, izdanje 2009. godine. Kronologija jednog vremena, uglavnom &#8217;70-tih i &#8217;80-tih godina pro\u0161log stolje\u0107a poja\u0161njenih kroz autorove stihove i pri\u010dice o djetinjstvu, igrama, odrastanju, \u0161koli, prolaznosti \u017eivota i op\u0107enito uspomenama mnogobrojnih, kako ih autor naziva, Izgubljenih generacija&#8230; Autor uspore\u0111uju\u0107i vremena, \u010desto kritizira dana\u0161nje dru\u0161tvo, stavljaju\u0107i naglasak na neka skromnija ali i puno po\u0161tenija, [&hellip;]","og_url":"https:\/\/webknjizara.hr\/proizvod\/izgubljena-generacija-damir-duplancic\/","og_site_name":"Web-knji\u017eara","article_modified_time":"2025-04-03T14:37:55+00:00","og_image":[{"width":358,"height":500,"url":"https:\/\/webknjizara.hr\/wp-content\/uploads\/nc\/images\/virtuemart\/product\/izgubljena-gener-54b56e8d487b9.jpg","type":"image\/jpeg"}],"twitter_card":"summary_large_image","twitter_misc":{"Est. reading time":"1 minute"},"schema":{"@context":"https:\/\/schema.org","@graph":[{"@type":"WebPage","@id":"https:\/\/webknjizara.hr\/proizvod\/izgubljena-generacija-damir-duplancic\/","url":"https:\/\/webknjizara.hr\/proizvod\/izgubljena-generacija-damir-duplancic\/","name":"IZGUBLJENA GENERACIJA, Damir Duplan\u010di\u0107 - Web-knji\u017eara","isPartOf":{"@id":"https:\/\/webknjizara.hr\/#website"},"primaryImageOfPage":{"@id":"https:\/\/webknjizara.hr\/proizvod\/izgubljena-generacija-damir-duplancic\/#primaryimage"},"image":{"@id":"https:\/\/webknjizara.hr\/proizvod\/izgubljena-generacija-damir-duplancic\/#primaryimage"},"thumbnailUrl":"https:\/\/webknjizara.hr\/wp-content\/uploads\/nc\/images\/virtuemart\/product\/izgubljena-gener-54b56e8d487b9.jpg","datePublished":"2015-01-13T19:14:21+00:00","dateModified":"2025-04-03T14:37:55+00:00","breadcrumb":{"@id":"https:\/\/webknjizara.hr\/proizvod\/izgubljena-generacija-damir-duplancic\/#breadcrumb"},"inLanguage":"en-US","potentialAction":[{"@type":"ReadAction","target":["https:\/\/webknjizara.hr\/proizvod\/izgubljena-generacija-damir-duplancic\/"]}]},{"@type":"ImageObject","inLanguage":"en-US","@id":"https:\/\/webknjizara.hr\/proizvod\/izgubljena-generacija-damir-duplancic\/#primaryimage","url":"https:\/\/webknjizara.hr\/wp-content\/uploads\/nc\/images\/virtuemart\/product\/izgubljena-gener-54b56e8d487b9.jpg","contentUrl":"https:\/\/webknjizara.hr\/wp-content\/uploads\/nc\/images\/virtuemart\/product\/izgubljena-gener-54b56e8d487b9.jpg","width":358,"height":500,"caption":"IZGUBLJENA GENERACIJA, Damir Duplan\u010di\u0107"},{"@type":"BreadcrumbList","@id":"https:\/\/webknjizara.hr\/proizvod\/izgubljena-generacija-damir-duplancic\/#breadcrumb","itemListElement":[{"@type":"ListItem","position":1,"name":"Po\u010detna stranica","item":"https:\/\/webknjizara.hr\/en\/"},{"@type":"ListItem","position":2,"name":"Shop","item":"https:\/\/webknjizara.hr\/shop\/"},{"@type":"ListItem","position":3,"name":"IZGUBLJENA GENERACIJA, Damir Duplan\u010di\u0107"}]},{"@type":"WebSite","@id":"https:\/\/webknjizara.hr\/#website","url":"https:\/\/webknjizara.hr\/","name":"Web Knji\u017eara","description":"","publisher":{"@id":"https:\/\/webknjizara.hr\/#organization"},"potentialAction":[{"@type":"SearchAction","target":{"@type":"EntryPoint","urlTemplate":"https:\/\/webknjizara.hr\/?s={search_term_string}"},"query-input":{"@type":"PropertyValueSpecification","valueRequired":true,"valueName":"search_term_string"}}],"inLanguage":"en-US"},{"@type":"Organization","@id":"https:\/\/webknjizara.hr\/#organization","name":"REDAK D.O.O.","url":"https:\/\/webknjizara.hr\/","logo":{"@type":"ImageObject","inLanguage":"en-US","@id":"https:\/\/webknjizara.hr\/#\/schema\/logo\/image\/","url":"https:\/\/webknjizara.hr\/wp-content\/uploads\/2023\/01\/web-knjizara-logo.webp","contentUrl":"https:\/\/webknjizara.hr\/wp-content\/uploads\/2023\/01\/web-knjizara-logo.webp","width":324,"height":79,"caption":"REDAK D.O.O."},"image":{"@id":"https:\/\/webknjizara.hr\/#\/schema\/logo\/image\/"}}]}},"_links":{"self":[{"href":"https:\/\/webknjizara.hr\/en\/wp-json\/wp\/v2\/product\/7931","targetHints":{"allow":["GET"]}}],"collection":[{"href":"https:\/\/webknjizara.hr\/en\/wp-json\/wp\/v2\/product"}],"about":[{"href":"https:\/\/webknjizara.hr\/en\/wp-json\/wp\/v2\/types\/product"}],"replies":[{"embeddable":true,"href":"https:\/\/webknjizara.hr\/en\/wp-json\/wp\/v2\/comments?post=7931"}],"wp:featuredmedia":[{"embeddable":true,"href":"https:\/\/webknjizara.hr\/en\/wp-json\/wp\/v2\/media\/7932"}],"wp:attachment":[{"href":"https:\/\/webknjizara.hr\/en\/wp-json\/wp\/v2\/media?parent=7931"}],"wp:term":[{"taxonomy":"product_brand","embeddable":true,"href":"https:\/\/webknjizara.hr\/en\/wp-json\/wp\/v2\/product_brand?post=7931"},{"taxonomy":"product_cat","embeddable":true,"href":"https:\/\/webknjizara.hr\/en\/wp-json\/wp\/v2\/product_cat?post=7931"},{"taxonomy":"product_tag","embeddable":true,"href":"https:\/\/webknjizara.hr\/en\/wp-json\/wp\/v2\/product_tag?post=7931"}],"curies":[{"name":"wp","href":"https:\/\/api.w.org\/{rel}","templated":true}]}}