{"id":7927,"date":"2014-12-19T16:15:33","date_gmt":"2014-12-19T16:15:33","guid":{"rendered":"https:\/\/webknjizara.hr\/?product=koncept-dobre-vladavine-i-institucija-puckog-pravobranitelja"},"modified":"2023-02-27T00:16:18","modified_gmt":"2023-02-26T23:16:18","slug":"koncept-dobre-vladavine-i-institucija-puckog-pravobranitelja","status":"publish","type":"product","link":"https:\/\/webknjizara.hr\/en\/proizvod\/koncept-dobre-vladavine-i-institucija-puckog-pravobranitelja\/","title":{"rendered":"KONCEPT DOBRE VLADAVINE I INSTITUCIJA PU\u010cKOG PRAVOBRANITELJA"},"content":{"rendered":"<p style=\"text-align: justify;\"><strong><br \/>Sa\u017eetak:<br \/><\/strong><br \/>Tema kojom se autorica bavi je iznimno aktualna i dobiva sve vi\u0161e na va\u017enosti. Me\u0111utim, unato\u010d \u010dinjenici da je koncept dobre vladavine prili\u010dno popularan (ili ba\u0161 upravo zbog toga), veliki broj postoje\u0107ih definicija dobre vladavine rezultirao je pove\u0107anom konfuzijom oko toga \u0161to uop\u0107e \u010dini granice odnosnog koncepta. S druge strane, unato\u010d postoje\u0107im razli\u010ditim zna\u010denjima, interpretacijama i definicijama koje nalazimo u literaturi, postoji, u najmanju ruku, odre\u0111ena vrsta zajedni\u010dkog shva\u0107anja u pogledu temeljnih elemenata ili na\u010dela dobre vladavine. Svako od tih na\u010dela (otvorenost, sudjelovanje, odgovornost, uskla\u0111enost, djelotvornost, potpomognuti na\u010delima supsidijarnosti i proporcionalnosti) va\u017eno je samo po sebi, ali ona se ne mogu ostvariti odvojenim djelovanjem. Zajedni\u010dko djelovanje svih na\u010dela dobre vladavine ono je \u0161to o\u010dekujemo od svakog demokratskog sustava. Na\u010dela dobre vladavine podupiru demokraciju i vladavinu prava i, u kona\u010dnici, ne manje va\u017eno, je da se sva na\u010dela primjenjuju na svim razinama vladavine \u2013 globalnoj, europskoj, nacionalnoj, te, dakako, regionalnoj i lokalnoj.<\/p>\n<p>Autorica za svrhu svojeg istra\u017eivanja odre\u0111uje analizu implementacije koncepta dobre vladavine u cjelokupni hrvatski dru\u0161tveno-politi\u010dki sustav. Pri tome, potaknuta osobnim (negativnim) iskustvima s hrvatskim upravnim aparatom, koja su rezultirala gubljenjem povjerenja u javnu upravu same autorice (ali zasigurno i velikog postotka gra\u0111ana), autorica se fokusira upravo na upravu i na instituciju pu\u010dkog pravobranitelja, kao korektivnog mehanizma vezanog uz (lo\u0161) rad uprave.<\/p>\n<p>Va\u017enost predmeta koji se obra\u0111uje u rukopisu je u tome \u0161to ovako iznimno slo\u017eenu materiju autorica sistematizira i klasificira, te na taj na\u010din cijelu materiju \u010dini razumljivom, pristupa\u010dnijom i primjenjivijom. Pri tome, ne manje va\u017eno je da autorica nudi popis relevantnih teorija, smjernica i preporuka za vra\u0107anje povjerenja gra\u0111ana u cjelokupni sustav javne uprave. <\/p>\n<p>Recenzirano djelo ocjenjeno je kao izvorno djelo kojim se ispravlja insuficijentnost literature na odnosnu temu.<\/p>\n<p style=\"text-align: justify;\">Iz recenzije doc. dr. sc. Anite Blagojevi\u0107<\/p>\n<p><strong>Bilje\u0161ka o autorici:<\/strong> <\/p>\n<p>Sadika Bajutti ro\u0111ena je 25. rujna 1966. godine u mjestu Jezerski, B i H. Zavr\u0161ila je Studij javne uprave na Pravnom fakultetu u Osijeku, Sveu\u010dili\u0161te J. J. Strossmayer, na kojem je diplomirala 09. lipnja 2009. godine pod mentorstvom prof.dr.sc. Renate Peri\u0107, na temu rada \u201ePorez na dodanu vrijednost i njegov utjecaj na razvoj Republike Hrvatske\u201c, te stekla stru\u010dni naziv Stru\u010dna prvostupnica javne uprave. Na Specijalisti\u010dkom stru\u010dnom studiju javne uprave\u201c tako\u0111er na Sveu\u010dili\u0161tu J. J. Strossmayer u Osijeku diplomirala je 20. o\u017eujka 2012. iznimno uspje\u0161no iz predmeta Menad\u017ement, pod mentorstvom prof.dr.sc. Nihade Muji\u0107, na temu zavr\u0161nog rada \u201ePoslovna etika\u201c, te stekla stru\u010dni naziv Stru\u010dna specijalistica javne uprave. Na Specijalisti\u010dkom diplomskom stru\u010dnom studiju javne uprave\u201c na Sveu\u010dili\u0161tu J. J. Strossmayer u Osijeku, diplomirala je 28.travnja 2014. godine tako\u0111er iznimno uspje\u0161no iz predmeta Dobra vladavina, pod mentorstvom prof.dr.sc. Zvonimira Lauca, na temu \u201eKoncept dobre vladavine i Institucija pu\u010dkog pravobranitelja u Republici Hrvatskoj\u201c te stekla stru\u010dni naziv Specijalistica javne uprave (spec.publ.adm). 2014. prijavila je poslijediplomski studij Marketing posebnih podru\u010dja na Ekonomskom fakultetu u Osijeku. Zaposlena je u Ministarstvu financija, Porezna uprava, Podru\u010dni ured Sisak, Ispostava Sisak. \u010clanica je Instituta za javnu upravu i Centra za poslovnu etiku u Zagrebu.<\/p>\n<p><strong>Klju\u010dne rije\u010di:<\/strong> dobra vladavina (good governance), europska i demokratska na\u010dela, problematika vladavine u RH, javna uprava, pu\u010dki pravobranitelj, ljudska prava, autopoiesis<\/p>\n<p><strong>E-mail:<\/strong> <a href=\"mailto:sadika.bajutti@gmail.hr\">Sadika Bajutti<\/a><\/p>\n<p style=\"text-align: justify;\"><strong>Naslov:<\/strong> Koncept dobre vladavine i institucija pu\u010dkog pravobranitelja u Republici Hrvatskoj<br \/><strong>Autor:<\/strong> Sadika Bajutti<br \/><strong>Broj stranica:<\/strong> 188<br \/><strong>Nakladnik:<\/strong> REDAK<br \/><strong>Godina izdanja:<\/strong> 2014.<br \/><strong>ISBN:<\/strong> 978-953-336-164-2<br \/><strong>Tisak:<\/strong> digitalni tisak knjiga &#8211; print na zahtjev<\/p>\n","protected":false},"excerpt":{"rendered":"<p>Sa\u017eetak:Tema kojom se autorica bavi je iznimno aktualna i dobiva sve vi\u0161e na va\u017enosti. Me\u0111utim, unato\u010d \u010dinjenici da je koncept dobre vladavine prili\u010dno popularan (ili ba\u0161 upravo zbog toga), veliki broj postoje\u0107ih definicija dobre vladavine rezultirao je pove\u0107anom konfuzijom oko toga \u0161to uop\u0107e \u010dini granice odnosnog koncepta. S druge strane, unato\u010d postoje\u0107im razli\u010ditim zna\u010denjima, interpretacijama [&hellip;]<\/p>\n","protected":false},"featured_media":7928,"comment_status":"open","ping_status":"closed","template":"","meta":{"_acf_changed":false},"product_brand":[],"product_cat":[1539],"product_tag":[],"class_list":{"0":"post-7927","1":"product","2":"type-product","3":"status-publish","4":"has-post-thumbnail","6":"product_cat-sveucilisni-udzbenici-i-prirucnici","7":"pa_autor-sadika-bajutti","8":"pa_nakladnik-redak","10":"first","11":"instock","12":"shipping-taxable","13":"purchasable","14":"product-type-simple"},"acf":[],"yoast_head":"<!-- This site is optimized with the Yoast SEO plugin v27.3 - https:\/\/yoast.com\/product\/yoast-seo-wordpress\/ -->\n<title>KONCEPT DOBRE VLADAVINE I INSTITUCIJA PU\u010cKOG PRAVOBRANITELJA - Web-knji\u017eara<\/title>\n<meta name=\"robots\" content=\"index, follow, max-snippet:-1, max-image-preview:large, max-video-preview:-1\" \/>\n<link rel=\"canonical\" href=\"https:\/\/webknjizara.hr\/proizvod\/koncept-dobre-vladavine-i-institucija-puckog-pravobranitelja\/\" \/>\n<meta property=\"og:locale\" content=\"en_US\" \/>\n<meta property=\"og:type\" content=\"article\" \/>\n<meta property=\"og:title\" content=\"KONCEPT DOBRE VLADAVINE I INSTITUCIJA PU\u010cKOG PRAVOBRANITELJA - Web-knji\u017eara\" \/>\n<meta property=\"og:description\" content=\"Sa\u017eetak:Tema kojom se autorica bavi je iznimno aktualna i dobiva sve vi\u0161e na va\u017enosti. Me\u0111utim, unato\u010d \u010dinjenici da je koncept dobre vladavine prili\u010dno popularan (ili ba\u0161 upravo zbog toga), veliki broj postoje\u0107ih definicija dobre vladavine rezultirao je pove\u0107anom konfuzijom oko toga \u0161to uop\u0107e \u010dini granice odnosnog koncepta. S druge strane, unato\u010d postoje\u0107im razli\u010ditim zna\u010denjima, interpretacijama [&hellip;]\" \/>\n<meta property=\"og:url\" content=\"https:\/\/webknjizara.hr\/proizvod\/koncept-dobre-vladavine-i-institucija-puckog-pravobranitelja\/\" \/>\n<meta property=\"og:site_name\" content=\"Web-knji\u017eara\" \/>\n<meta property=\"article:modified_time\" content=\"2023-02-26T23:16:18+00:00\" \/>\n<meta property=\"og:image\" content=\"https:\/\/webknjizara.hr\/wp-content\/uploads\/nc\/images\/virtuemart\/product\/koncept-dobre-vl-54944f25880c3.jpg\" \/>\n\t<meta property=\"og:image:width\" content=\"356\" \/>\n\t<meta property=\"og:image:height\" content=\"500\" \/>\n\t<meta property=\"og:image:type\" content=\"image\/jpeg\" \/>\n<meta name=\"twitter:card\" content=\"summary_large_image\" \/>\n<meta name=\"twitter:label1\" content=\"Est. reading time\" \/>\n\t<meta name=\"twitter:data1\" content=\"3 minutes\" \/>\n<script type=\"application\/ld+json\" class=\"yoast-schema-graph\">{\"@context\":\"https:\\\/\\\/schema.org\",\"@graph\":[{\"@type\":\"WebPage\",\"@id\":\"https:\\\/\\\/webknjizara.hr\\\/proizvod\\\/koncept-dobre-vladavine-i-institucija-puckog-pravobranitelja\\\/\",\"url\":\"https:\\\/\\\/webknjizara.hr\\\/proizvod\\\/koncept-dobre-vladavine-i-institucija-puckog-pravobranitelja\\\/\",\"name\":\"KONCEPT DOBRE VLADAVINE I INSTITUCIJA PU\u010cKOG PRAVOBRANITELJA - Web-knji\u017eara\",\"isPartOf\":{\"@id\":\"https:\\\/\\\/webknjizara.hr\\\/#website\"},\"primaryImageOfPage\":{\"@id\":\"https:\\\/\\\/webknjizara.hr\\\/proizvod\\\/koncept-dobre-vladavine-i-institucija-puckog-pravobranitelja\\\/#primaryimage\"},\"image\":{\"@id\":\"https:\\\/\\\/webknjizara.hr\\\/proizvod\\\/koncept-dobre-vladavine-i-institucija-puckog-pravobranitelja\\\/#primaryimage\"},\"thumbnailUrl\":\"https:\\\/\\\/webknjizara.hr\\\/wp-content\\\/uploads\\\/nc\\\/images\\\/virtuemart\\\/product\\\/koncept-dobre-vl-54944f25880c3.jpg\",\"datePublished\":\"2014-12-19T16:15:33+00:00\",\"dateModified\":\"2023-02-26T23:16:18+00:00\",\"breadcrumb\":{\"@id\":\"https:\\\/\\\/webknjizara.hr\\\/proizvod\\\/koncept-dobre-vladavine-i-institucija-puckog-pravobranitelja\\\/#breadcrumb\"},\"inLanguage\":\"en-US\",\"potentialAction\":[{\"@type\":\"ReadAction\",\"target\":[\"https:\\\/\\\/webknjizara.hr\\\/proizvod\\\/koncept-dobre-vladavine-i-institucija-puckog-pravobranitelja\\\/\"]}]},{\"@type\":\"ImageObject\",\"inLanguage\":\"en-US\",\"@id\":\"https:\\\/\\\/webknjizara.hr\\\/proizvod\\\/koncept-dobre-vladavine-i-institucija-puckog-pravobranitelja\\\/#primaryimage\",\"url\":\"https:\\\/\\\/webknjizara.hr\\\/wp-content\\\/uploads\\\/nc\\\/images\\\/virtuemart\\\/product\\\/koncept-dobre-vl-54944f25880c3.jpg\",\"contentUrl\":\"https:\\\/\\\/webknjizara.hr\\\/wp-content\\\/uploads\\\/nc\\\/images\\\/virtuemart\\\/product\\\/koncept-dobre-vl-54944f25880c3.jpg\",\"width\":356,\"height\":500,\"caption\":\"KONCEPT DOBRE VLADAVINE I INSTITUCIJA PU\u010cKOG PRAVOBRANITELJA\"},{\"@type\":\"BreadcrumbList\",\"@id\":\"https:\\\/\\\/webknjizara.hr\\\/proizvod\\\/koncept-dobre-vladavine-i-institucija-puckog-pravobranitelja\\\/#breadcrumb\",\"itemListElement\":[{\"@type\":\"ListItem\",\"position\":1,\"name\":\"Po\u010detna stranica\",\"item\":\"https:\\\/\\\/webknjizara.hr\\\/en\\\/\"},{\"@type\":\"ListItem\",\"position\":2,\"name\":\"Shop\",\"item\":\"https:\\\/\\\/webknjizara.hr\\\/shop\\\/\"},{\"@type\":\"ListItem\",\"position\":3,\"name\":\"KONCEPT DOBRE VLADAVINE I INSTITUCIJA PU\u010cKOG PRAVOBRANITELJA\"}]},{\"@type\":\"WebSite\",\"@id\":\"https:\\\/\\\/webknjizara.hr\\\/#website\",\"url\":\"https:\\\/\\\/webknjizara.hr\\\/\",\"name\":\"Web Knji\u017eara\",\"description\":\"\",\"publisher\":{\"@id\":\"https:\\\/\\\/webknjizara.hr\\\/#organization\"},\"potentialAction\":[{\"@type\":\"SearchAction\",\"target\":{\"@type\":\"EntryPoint\",\"urlTemplate\":\"https:\\\/\\\/webknjizara.hr\\\/?s={search_term_string}\"},\"query-input\":{\"@type\":\"PropertyValueSpecification\",\"valueRequired\":true,\"valueName\":\"search_term_string\"}}],\"inLanguage\":\"en-US\"},{\"@type\":\"Organization\",\"@id\":\"https:\\\/\\\/webknjizara.hr\\\/#organization\",\"name\":\"REDAK D.O.O.\",\"url\":\"https:\\\/\\\/webknjizara.hr\\\/\",\"logo\":{\"@type\":\"ImageObject\",\"inLanguage\":\"en-US\",\"@id\":\"https:\\\/\\\/webknjizara.hr\\\/#\\\/schema\\\/logo\\\/image\\\/\",\"url\":\"https:\\\/\\\/webknjizara.hr\\\/wp-content\\\/uploads\\\/2023\\\/01\\\/web-knjizara-logo.webp\",\"contentUrl\":\"https:\\\/\\\/webknjizara.hr\\\/wp-content\\\/uploads\\\/2023\\\/01\\\/web-knjizara-logo.webp\",\"width\":324,\"height\":79,\"caption\":\"REDAK D.O.O.\"},\"image\":{\"@id\":\"https:\\\/\\\/webknjizara.hr\\\/#\\\/schema\\\/logo\\\/image\\\/\"}}]}<\/script>\n<!-- \/ Yoast SEO plugin. -->","yoast_head_json":{"title":"KONCEPT DOBRE VLADAVINE I INSTITUCIJA PU\u010cKOG PRAVOBRANITELJA - Web-knji\u017eara","robots":{"index":"index","follow":"follow","max-snippet":"max-snippet:-1","max-image-preview":"max-image-preview:large","max-video-preview":"max-video-preview:-1"},"canonical":"https:\/\/webknjizara.hr\/proizvod\/koncept-dobre-vladavine-i-institucija-puckog-pravobranitelja\/","og_locale":"en_US","og_type":"article","og_title":"KONCEPT DOBRE VLADAVINE I INSTITUCIJA PU\u010cKOG PRAVOBRANITELJA - Web-knji\u017eara","og_description":"Sa\u017eetak:Tema kojom se autorica bavi je iznimno aktualna i dobiva sve vi\u0161e na va\u017enosti. Me\u0111utim, unato\u010d \u010dinjenici da je koncept dobre vladavine prili\u010dno popularan (ili ba\u0161 upravo zbog toga), veliki broj postoje\u0107ih definicija dobre vladavine rezultirao je pove\u0107anom konfuzijom oko toga \u0161to uop\u0107e \u010dini granice odnosnog koncepta. S druge strane, unato\u010d postoje\u0107im razli\u010ditim zna\u010denjima, interpretacijama [&hellip;]","og_url":"https:\/\/webknjizara.hr\/proizvod\/koncept-dobre-vladavine-i-institucija-puckog-pravobranitelja\/","og_site_name":"Web-knji\u017eara","article_modified_time":"2023-02-26T23:16:18+00:00","og_image":[{"width":356,"height":500,"url":"https:\/\/webknjizara.hr\/wp-content\/uploads\/nc\/images\/virtuemart\/product\/koncept-dobre-vl-54944f25880c3.jpg","type":"image\/jpeg"}],"twitter_card":"summary_large_image","twitter_misc":{"Est. reading time":"3 minutes"},"schema":{"@context":"https:\/\/schema.org","@graph":[{"@type":"WebPage","@id":"https:\/\/webknjizara.hr\/proizvod\/koncept-dobre-vladavine-i-institucija-puckog-pravobranitelja\/","url":"https:\/\/webknjizara.hr\/proizvod\/koncept-dobre-vladavine-i-institucija-puckog-pravobranitelja\/","name":"KONCEPT DOBRE VLADAVINE I INSTITUCIJA PU\u010cKOG PRAVOBRANITELJA - Web-knji\u017eara","isPartOf":{"@id":"https:\/\/webknjizara.hr\/#website"},"primaryImageOfPage":{"@id":"https:\/\/webknjizara.hr\/proizvod\/koncept-dobre-vladavine-i-institucija-puckog-pravobranitelja\/#primaryimage"},"image":{"@id":"https:\/\/webknjizara.hr\/proizvod\/koncept-dobre-vladavine-i-institucija-puckog-pravobranitelja\/#primaryimage"},"thumbnailUrl":"https:\/\/webknjizara.hr\/wp-content\/uploads\/nc\/images\/virtuemart\/product\/koncept-dobre-vl-54944f25880c3.jpg","datePublished":"2014-12-19T16:15:33+00:00","dateModified":"2023-02-26T23:16:18+00:00","breadcrumb":{"@id":"https:\/\/webknjizara.hr\/proizvod\/koncept-dobre-vladavine-i-institucija-puckog-pravobranitelja\/#breadcrumb"},"inLanguage":"en-US","potentialAction":[{"@type":"ReadAction","target":["https:\/\/webknjizara.hr\/proizvod\/koncept-dobre-vladavine-i-institucija-puckog-pravobranitelja\/"]}]},{"@type":"ImageObject","inLanguage":"en-US","@id":"https:\/\/webknjizara.hr\/proizvod\/koncept-dobre-vladavine-i-institucija-puckog-pravobranitelja\/#primaryimage","url":"https:\/\/webknjizara.hr\/wp-content\/uploads\/nc\/images\/virtuemart\/product\/koncept-dobre-vl-54944f25880c3.jpg","contentUrl":"https:\/\/webknjizara.hr\/wp-content\/uploads\/nc\/images\/virtuemart\/product\/koncept-dobre-vl-54944f25880c3.jpg","width":356,"height":500,"caption":"KONCEPT DOBRE VLADAVINE I INSTITUCIJA PU\u010cKOG PRAVOBRANITELJA"},{"@type":"BreadcrumbList","@id":"https:\/\/webknjizara.hr\/proizvod\/koncept-dobre-vladavine-i-institucija-puckog-pravobranitelja\/#breadcrumb","itemListElement":[{"@type":"ListItem","position":1,"name":"Po\u010detna stranica","item":"https:\/\/webknjizara.hr\/en\/"},{"@type":"ListItem","position":2,"name":"Shop","item":"https:\/\/webknjizara.hr\/shop\/"},{"@type":"ListItem","position":3,"name":"KONCEPT DOBRE VLADAVINE I INSTITUCIJA PU\u010cKOG PRAVOBRANITELJA"}]},{"@type":"WebSite","@id":"https:\/\/webknjizara.hr\/#website","url":"https:\/\/webknjizara.hr\/","name":"Web Knji\u017eara","description":"","publisher":{"@id":"https:\/\/webknjizara.hr\/#organization"},"potentialAction":[{"@type":"SearchAction","target":{"@type":"EntryPoint","urlTemplate":"https:\/\/webknjizara.hr\/?s={search_term_string}"},"query-input":{"@type":"PropertyValueSpecification","valueRequired":true,"valueName":"search_term_string"}}],"inLanguage":"en-US"},{"@type":"Organization","@id":"https:\/\/webknjizara.hr\/#organization","name":"REDAK D.O.O.","url":"https:\/\/webknjizara.hr\/","logo":{"@type":"ImageObject","inLanguage":"en-US","@id":"https:\/\/webknjizara.hr\/#\/schema\/logo\/image\/","url":"https:\/\/webknjizara.hr\/wp-content\/uploads\/2023\/01\/web-knjizara-logo.webp","contentUrl":"https:\/\/webknjizara.hr\/wp-content\/uploads\/2023\/01\/web-knjizara-logo.webp","width":324,"height":79,"caption":"REDAK D.O.O."},"image":{"@id":"https:\/\/webknjizara.hr\/#\/schema\/logo\/image\/"}}]}},"_links":{"self":[{"href":"https:\/\/webknjizara.hr\/en\/wp-json\/wp\/v2\/product\/7927","targetHints":{"allow":["GET"]}}],"collection":[{"href":"https:\/\/webknjizara.hr\/en\/wp-json\/wp\/v2\/product"}],"about":[{"href":"https:\/\/webknjizara.hr\/en\/wp-json\/wp\/v2\/types\/product"}],"replies":[{"embeddable":true,"href":"https:\/\/webknjizara.hr\/en\/wp-json\/wp\/v2\/comments?post=7927"}],"wp:featuredmedia":[{"embeddable":true,"href":"https:\/\/webknjizara.hr\/en\/wp-json\/wp\/v2\/media\/7928"}],"wp:attachment":[{"href":"https:\/\/webknjizara.hr\/en\/wp-json\/wp\/v2\/media?parent=7927"}],"wp:term":[{"taxonomy":"product_brand","embeddable":true,"href":"https:\/\/webknjizara.hr\/en\/wp-json\/wp\/v2\/product_brand?post=7927"},{"taxonomy":"product_cat","embeddable":true,"href":"https:\/\/webknjizara.hr\/en\/wp-json\/wp\/v2\/product_cat?post=7927"},{"taxonomy":"product_tag","embeddable":true,"href":"https:\/\/webknjizara.hr\/en\/wp-json\/wp\/v2\/product_tag?post=7927"}],"curies":[{"name":"wp","href":"https:\/\/api.w.org\/{rel}","templated":true}]}}