{"id":7921,"date":"2014-12-04T18:34:47","date_gmt":"2014-12-04T18:34:47","guid":{"rendered":"https:\/\/webknjizara.hr\/?product=buga-marija-juracic"},"modified":"2023-02-27T00:16:18","modified_gmt":"2023-02-26T23:16:18","slug":"buga-marija-juracic","status":"publish","type":"product","link":"https:\/\/webknjizara.hr\/en\/proizvod\/buga-marija-juracic\/","title":{"rendered":"BUGA, Marija Jura\u010di\u0107"},"content":{"rendered":"<p style=\"text-align: justify;\"><strong>Sa\u017eetak:<\/strong><\/p>\n<p>Buga je kriminalisti\u010dki roman \u010dija radnja po\u010dinje u trenutku kada se glavna junakinja Buga mora suo\u010diti sa \u017eivotom u kojem njezina diploma ne zna\u010di ni\u0161ta, u kojem ostaje sama i nezbrinuta.<\/p>\n<p>Igrom slu\u010daja dolazi u mali primorski grad u kojem su se dogodila dva ubojstva i Buga se odjednom na\u0111e u sredi\u0161tu zbivanja. <br \/>Usporedo s glavnom radnjom, koja se odvija 2014. godine, uglavnom u maloj, samotnoj ku\u0107i na obali mora, otkriva se i pri\u010da koja zadire u najranija Bugina sje\u0107anja, ona sje\u0107anja zbog kojih ona sanja rednoroge i zbog kojih ne mo\u017ee pogledati lice mrtvog \u010dovjeka. Rje\u0161enje zagonetke cijelo je vrijeme \u010ditatelju pred o\u010dima, ali je iznena\u0111enje na kraju romana potpuno. <\/p>\n<p><strong>Bilje\u0161ka o autorici:<\/strong> <\/p>\n<p>Marija Jura\u010di\u0107, profesorica knji\u017eevnosti i njema\u010dkog jezika, voditeljica poetskog portala \u201eO\u010daravanje\u201c objavila je zbirke pjesama: \u201cCrni plamen\u201c, \u201cMore, bura i ti\u201c, <a href=\"hr\/component\/virtuemart\/?page=shop.product_details&#038;flypage=flypage.tpl&#038;category_id=5&#038;product_id=254\" target=\"_blank\" rel=\"noopener\">\u201cStope u pijesku\u201c<\/a>, \u201cLjubav, pisci i ostale trice\u201c , romane: Tara. Toma, <a href=\"hr\/component\/virtuemart\/?page=shop.product_details&#038;flypage=flypage.tpl&#038;category_id=4&#038;product_id=328\" target=\"_blank\" rel=\"noopener\">Una<\/a>, <a href=\"hr\/component\/virtuemart\/?page=shop.product_details&#038;flypage=flypage.tpl&#038;category_id=4&#038;product_id=345\" target=\"_blank\" rel=\"noopener\">Ljubav u Pompejima<\/a>.<\/p>\n<p>Objavila je tri me\u0111udr\u017eavna zbornika poezije grupe autora: \u201e Pomaknuti haiku\u201c, \u201eLjubavne pjesme\u201c i <a href=\"hr\/about-joomla?page=shop.product_details&#038;flypage=flypage.tpl&#038;category_id=5&#038;product_id=308&#038;vmcchk=1\" target=\"_blank\" rel=\"noopener\">\u201eUmre\u017eeni snovi\u201c<\/a>.<\/p>\n<p><strong>Klju\u010dne rije\u010di:<\/strong> kriminalisti\u010dki roman<br \/><strong><br \/>Link:<\/strong> <a href=\"http:\/\/julijetabek.blog.hr\/\">http:\/\/julijetabek.blog.hr\/<\/a><br \/><strong>E-mail:<\/strong> <a href=\"mailto:marijajuracic@net.hr\">Marija Jura\u010di\u0107<\/a><\/p>\n<p style=\"text-align: justify;\"><strong>Naslov:<\/strong> Buga<br \/><strong>Autorica:<\/strong> Marija Jura\u010di\u0107<br \/><strong>Broj stranica:<\/strong> 152<br \/><strong>Nakladnik:<\/strong> REDAK<br \/><strong>Godina izdanja:<\/strong> 2014.<br \/><strong>ISBN:<\/strong> 978-953-336-174-1<br \/><strong>Tisak:<\/strong> digitalni tisak knjiga &#8211; print na zahtjev<\/p>\n","protected":false},"excerpt":{"rendered":"<p>Sa\u017eetak: Buga je kriminalisti\u010dki roman \u010dija radnja po\u010dinje u trenutku kada se glavna junakinja Buga mora suo\u010diti sa \u017eivotom u kojem njezina diploma ne zna\u010di ni\u0161ta, u kojem ostaje sama i nezbrinuta. Igrom slu\u010daja dolazi u mali primorski grad u kojem su se dogodila dva ubojstva i Buga se odjednom na\u0111e u sredi\u0161tu zbivanja. Usporedo [&hellip;]<\/p>\n","protected":false},"featured_media":7922,"comment_status":"open","ping_status":"closed","template":"","meta":{"_acf_changed":false},"product_brand":[],"product_cat":[1383,1385],"product_tag":[],"class_list":{"0":"post-7921","1":"product","2":"type-product","3":"status-publish","4":"has-post-thumbnail","6":"product_cat-knjige","7":"product_cat-knjizevnost","8":"pa_autor-marija-juracic","9":"pa_nakladnik-redak","11":"first","12":"instock","13":"shipping-taxable","14":"purchasable","15":"product-type-simple"},"acf":[],"yoast_head":"<!-- This site is optimized with the Yoast SEO plugin v27.3 - https:\/\/yoast.com\/product\/yoast-seo-wordpress\/ -->\n<title>BUGA, Marija Jura\u010di\u0107 - Web-knji\u017eara<\/title>\n<meta name=\"robots\" content=\"index, follow, max-snippet:-1, max-image-preview:large, max-video-preview:-1\" \/>\n<link rel=\"canonical\" href=\"https:\/\/webknjizara.hr\/proizvod\/buga-marija-juracic\/\" \/>\n<meta property=\"og:locale\" content=\"en_US\" \/>\n<meta property=\"og:type\" content=\"article\" \/>\n<meta property=\"og:title\" content=\"BUGA, Marija Jura\u010di\u0107 - Web-knji\u017eara\" \/>\n<meta property=\"og:description\" content=\"Sa\u017eetak: Buga je kriminalisti\u010dki roman \u010dija radnja po\u010dinje u trenutku kada se glavna junakinja Buga mora suo\u010diti sa \u017eivotom u kojem njezina diploma ne zna\u010di ni\u0161ta, u kojem ostaje sama i nezbrinuta. Igrom slu\u010daja dolazi u mali primorski grad u kojem su se dogodila dva ubojstva i Buga se odjednom na\u0111e u sredi\u0161tu zbivanja. Usporedo [&hellip;]\" \/>\n<meta property=\"og:url\" content=\"https:\/\/webknjizara.hr\/proizvod\/buga-marija-juracic\/\" \/>\n<meta property=\"og:site_name\" content=\"Web-knji\u017eara\" \/>\n<meta property=\"article:modified_time\" content=\"2023-02-26T23:16:18+00:00\" \/>\n<meta property=\"og:image\" content=\"https:\/\/webknjizara.hr\/wp-content\/uploads\/nc\/images\/virtuemart\/product\/buga-marija-jur-560d3b28c9776.jpg\" \/>\n\t<meta property=\"og:image:width\" content=\"358\" \/>\n\t<meta property=\"og:image:height\" content=\"500\" \/>\n\t<meta property=\"og:image:type\" content=\"image\/jpeg\" \/>\n<meta name=\"twitter:card\" content=\"summary_large_image\" \/>\n<meta name=\"twitter:label1\" content=\"Est. reading time\" \/>\n\t<meta name=\"twitter:data1\" content=\"1 minute\" \/>\n<script type=\"application\/ld+json\" class=\"yoast-schema-graph\">{\"@context\":\"https:\\\/\\\/schema.org\",\"@graph\":[{\"@type\":\"WebPage\",\"@id\":\"https:\\\/\\\/webknjizara.hr\\\/proizvod\\\/buga-marija-juracic\\\/\",\"url\":\"https:\\\/\\\/webknjizara.hr\\\/proizvod\\\/buga-marija-juracic\\\/\",\"name\":\"BUGA, Marija Jura\u010di\u0107 - Web-knji\u017eara\",\"isPartOf\":{\"@id\":\"https:\\\/\\\/webknjizara.hr\\\/#website\"},\"primaryImageOfPage\":{\"@id\":\"https:\\\/\\\/webknjizara.hr\\\/proizvod\\\/buga-marija-juracic\\\/#primaryimage\"},\"image\":{\"@id\":\"https:\\\/\\\/webknjizara.hr\\\/proizvod\\\/buga-marija-juracic\\\/#primaryimage\"},\"thumbnailUrl\":\"https:\\\/\\\/webknjizara.hr\\\/wp-content\\\/uploads\\\/nc\\\/images\\\/virtuemart\\\/product\\\/buga-marija-jur-560d3b28c9776.jpg\",\"datePublished\":\"2014-12-04T18:34:47+00:00\",\"dateModified\":\"2023-02-26T23:16:18+00:00\",\"breadcrumb\":{\"@id\":\"https:\\\/\\\/webknjizara.hr\\\/proizvod\\\/buga-marija-juracic\\\/#breadcrumb\"},\"inLanguage\":\"en-US\",\"potentialAction\":[{\"@type\":\"ReadAction\",\"target\":[\"https:\\\/\\\/webknjizara.hr\\\/proizvod\\\/buga-marija-juracic\\\/\"]}]},{\"@type\":\"ImageObject\",\"inLanguage\":\"en-US\",\"@id\":\"https:\\\/\\\/webknjizara.hr\\\/proizvod\\\/buga-marija-juracic\\\/#primaryimage\",\"url\":\"https:\\\/\\\/webknjizara.hr\\\/wp-content\\\/uploads\\\/nc\\\/images\\\/virtuemart\\\/product\\\/buga-marija-jur-560d3b28c9776.jpg\",\"contentUrl\":\"https:\\\/\\\/webknjizara.hr\\\/wp-content\\\/uploads\\\/nc\\\/images\\\/virtuemart\\\/product\\\/buga-marija-jur-560d3b28c9776.jpg\",\"width\":358,\"height\":500,\"caption\":\"BUGA, Marija Jura\u010di\u0107\"},{\"@type\":\"BreadcrumbList\",\"@id\":\"https:\\\/\\\/webknjizara.hr\\\/proizvod\\\/buga-marija-juracic\\\/#breadcrumb\",\"itemListElement\":[{\"@type\":\"ListItem\",\"position\":1,\"name\":\"Po\u010detna stranica\",\"item\":\"https:\\\/\\\/webknjizara.hr\\\/en\\\/\"},{\"@type\":\"ListItem\",\"position\":2,\"name\":\"Shop\",\"item\":\"https:\\\/\\\/webknjizara.hr\\\/shop\\\/\"},{\"@type\":\"ListItem\",\"position\":3,\"name\":\"BUGA, Marija Jura\u010di\u0107\"}]},{\"@type\":\"WebSite\",\"@id\":\"https:\\\/\\\/webknjizara.hr\\\/#website\",\"url\":\"https:\\\/\\\/webknjizara.hr\\\/\",\"name\":\"Web Knji\u017eara\",\"description\":\"\",\"publisher\":{\"@id\":\"https:\\\/\\\/webknjizara.hr\\\/#organization\"},\"potentialAction\":[{\"@type\":\"SearchAction\",\"target\":{\"@type\":\"EntryPoint\",\"urlTemplate\":\"https:\\\/\\\/webknjizara.hr\\\/?s={search_term_string}\"},\"query-input\":{\"@type\":\"PropertyValueSpecification\",\"valueRequired\":true,\"valueName\":\"search_term_string\"}}],\"inLanguage\":\"en-US\"},{\"@type\":\"Organization\",\"@id\":\"https:\\\/\\\/webknjizara.hr\\\/#organization\",\"name\":\"REDAK D.O.O.\",\"url\":\"https:\\\/\\\/webknjizara.hr\\\/\",\"logo\":{\"@type\":\"ImageObject\",\"inLanguage\":\"en-US\",\"@id\":\"https:\\\/\\\/webknjizara.hr\\\/#\\\/schema\\\/logo\\\/image\\\/\",\"url\":\"https:\\\/\\\/webknjizara.hr\\\/wp-content\\\/uploads\\\/2023\\\/01\\\/web-knjizara-logo.webp\",\"contentUrl\":\"https:\\\/\\\/webknjizara.hr\\\/wp-content\\\/uploads\\\/2023\\\/01\\\/web-knjizara-logo.webp\",\"width\":324,\"height\":79,\"caption\":\"REDAK D.O.O.\"},\"image\":{\"@id\":\"https:\\\/\\\/webknjizara.hr\\\/#\\\/schema\\\/logo\\\/image\\\/\"}}]}<\/script>\n<!-- \/ Yoast SEO plugin. -->","yoast_head_json":{"title":"BUGA, Marija Jura\u010di\u0107 - Web-knji\u017eara","robots":{"index":"index","follow":"follow","max-snippet":"max-snippet:-1","max-image-preview":"max-image-preview:large","max-video-preview":"max-video-preview:-1"},"canonical":"https:\/\/webknjizara.hr\/proizvod\/buga-marija-juracic\/","og_locale":"en_US","og_type":"article","og_title":"BUGA, Marija Jura\u010di\u0107 - Web-knji\u017eara","og_description":"Sa\u017eetak: Buga je kriminalisti\u010dki roman \u010dija radnja po\u010dinje u trenutku kada se glavna junakinja Buga mora suo\u010diti sa \u017eivotom u kojem njezina diploma ne zna\u010di ni\u0161ta, u kojem ostaje sama i nezbrinuta. Igrom slu\u010daja dolazi u mali primorski grad u kojem su se dogodila dva ubojstva i Buga se odjednom na\u0111e u sredi\u0161tu zbivanja. Usporedo [&hellip;]","og_url":"https:\/\/webknjizara.hr\/proizvod\/buga-marija-juracic\/","og_site_name":"Web-knji\u017eara","article_modified_time":"2023-02-26T23:16:18+00:00","og_image":[{"width":358,"height":500,"url":"https:\/\/webknjizara.hr\/wp-content\/uploads\/nc\/images\/virtuemart\/product\/buga-marija-jur-560d3b28c9776.jpg","type":"image\/jpeg"}],"twitter_card":"summary_large_image","twitter_misc":{"Est. reading time":"1 minute"},"schema":{"@context":"https:\/\/schema.org","@graph":[{"@type":"WebPage","@id":"https:\/\/webknjizara.hr\/proizvod\/buga-marija-juracic\/","url":"https:\/\/webknjizara.hr\/proizvod\/buga-marija-juracic\/","name":"BUGA, Marija Jura\u010di\u0107 - Web-knji\u017eara","isPartOf":{"@id":"https:\/\/webknjizara.hr\/#website"},"primaryImageOfPage":{"@id":"https:\/\/webknjizara.hr\/proizvod\/buga-marija-juracic\/#primaryimage"},"image":{"@id":"https:\/\/webknjizara.hr\/proizvod\/buga-marija-juracic\/#primaryimage"},"thumbnailUrl":"https:\/\/webknjizara.hr\/wp-content\/uploads\/nc\/images\/virtuemart\/product\/buga-marija-jur-560d3b28c9776.jpg","datePublished":"2014-12-04T18:34:47+00:00","dateModified":"2023-02-26T23:16:18+00:00","breadcrumb":{"@id":"https:\/\/webknjizara.hr\/proizvod\/buga-marija-juracic\/#breadcrumb"},"inLanguage":"en-US","potentialAction":[{"@type":"ReadAction","target":["https:\/\/webknjizara.hr\/proizvod\/buga-marija-juracic\/"]}]},{"@type":"ImageObject","inLanguage":"en-US","@id":"https:\/\/webknjizara.hr\/proizvod\/buga-marija-juracic\/#primaryimage","url":"https:\/\/webknjizara.hr\/wp-content\/uploads\/nc\/images\/virtuemart\/product\/buga-marija-jur-560d3b28c9776.jpg","contentUrl":"https:\/\/webknjizara.hr\/wp-content\/uploads\/nc\/images\/virtuemart\/product\/buga-marija-jur-560d3b28c9776.jpg","width":358,"height":500,"caption":"BUGA, Marija Jura\u010di\u0107"},{"@type":"BreadcrumbList","@id":"https:\/\/webknjizara.hr\/proizvod\/buga-marija-juracic\/#breadcrumb","itemListElement":[{"@type":"ListItem","position":1,"name":"Po\u010detna stranica","item":"https:\/\/webknjizara.hr\/en\/"},{"@type":"ListItem","position":2,"name":"Shop","item":"https:\/\/webknjizara.hr\/shop\/"},{"@type":"ListItem","position":3,"name":"BUGA, Marija Jura\u010di\u0107"}]},{"@type":"WebSite","@id":"https:\/\/webknjizara.hr\/#website","url":"https:\/\/webknjizara.hr\/","name":"Web Knji\u017eara","description":"","publisher":{"@id":"https:\/\/webknjizara.hr\/#organization"},"potentialAction":[{"@type":"SearchAction","target":{"@type":"EntryPoint","urlTemplate":"https:\/\/webknjizara.hr\/?s={search_term_string}"},"query-input":{"@type":"PropertyValueSpecification","valueRequired":true,"valueName":"search_term_string"}}],"inLanguage":"en-US"},{"@type":"Organization","@id":"https:\/\/webknjizara.hr\/#organization","name":"REDAK D.O.O.","url":"https:\/\/webknjizara.hr\/","logo":{"@type":"ImageObject","inLanguage":"en-US","@id":"https:\/\/webknjizara.hr\/#\/schema\/logo\/image\/","url":"https:\/\/webknjizara.hr\/wp-content\/uploads\/2023\/01\/web-knjizara-logo.webp","contentUrl":"https:\/\/webknjizara.hr\/wp-content\/uploads\/2023\/01\/web-knjizara-logo.webp","width":324,"height":79,"caption":"REDAK D.O.O."},"image":{"@id":"https:\/\/webknjizara.hr\/#\/schema\/logo\/image\/"}}]}},"_links":{"self":[{"href":"https:\/\/webknjizara.hr\/en\/wp-json\/wp\/v2\/product\/7921","targetHints":{"allow":["GET"]}}],"collection":[{"href":"https:\/\/webknjizara.hr\/en\/wp-json\/wp\/v2\/product"}],"about":[{"href":"https:\/\/webknjizara.hr\/en\/wp-json\/wp\/v2\/types\/product"}],"replies":[{"embeddable":true,"href":"https:\/\/webknjizara.hr\/en\/wp-json\/wp\/v2\/comments?post=7921"}],"wp:featuredmedia":[{"embeddable":true,"href":"https:\/\/webknjizara.hr\/en\/wp-json\/wp\/v2\/media\/7922"}],"wp:attachment":[{"href":"https:\/\/webknjizara.hr\/en\/wp-json\/wp\/v2\/media?parent=7921"}],"wp:term":[{"taxonomy":"product_brand","embeddable":true,"href":"https:\/\/webknjizara.hr\/en\/wp-json\/wp\/v2\/product_brand?post=7921"},{"taxonomy":"product_cat","embeddable":true,"href":"https:\/\/webknjizara.hr\/en\/wp-json\/wp\/v2\/product_cat?post=7921"},{"taxonomy":"product_tag","embeddable":true,"href":"https:\/\/webknjizara.hr\/en\/wp-json\/wp\/v2\/product_tag?post=7921"}],"curies":[{"name":"wp","href":"https:\/\/api.w.org\/{rel}","templated":true}]}}