{"id":7903,"date":"2014-11-11T18:02:24","date_gmt":"2014-11-11T18:02:24","guid":{"rendered":"https:\/\/webknjizara.hr\/?product=male-price-3-mirjana-nazor"},"modified":"2023-02-27T00:16:15","modified_gmt":"2023-02-26T23:16:15","slug":"male-price-3-mirjana-nazor","status":"publish","type":"product","link":"https:\/\/webknjizara.hr\/en\/proizvod\/male-price-3-mirjana-nazor\/","title":{"rendered":"MALE PRI\u010cE 3, Mirjana Nazor"},"content":{"rendered":"<p style=\"text-align: justify;\"><strong><br \/>Sa\u017eetak:<br \/><\/strong><br \/>Knjiga sadr\u017ei pri\u010de koje se ponedjeljkom ujutro emitiraju na Radio Splitu uz komentar Mirjane Nazor. Pri\u010de su vrlo raznolike: neke su suvremene, neke bajkovite, ima i basni. Primjerene su i djeci i odraslima jer na jednostavan na\u010din prenose va\u017ene \u017eivotne poruke. Kako je naglasila recenzentica \u201eone te uzmu za ruku, natjeraju te da sjedne\u0161 i razmi\u0161lja\u0161.\u201d<\/p>\n<p><strong>Bilje\u0161ka o autorici:<\/strong> <\/p>\n<p>Mirjana Nazor ro\u0111ena je u Zagrebu, diplomirala jednopredmentnu psihologiju 1971. godine, 1979. magistrirala i 1987. doktorirala na Filozofskom fakultetu u Zagrebu. <\/p>\n<p>Po\u010dasna je \u010dlanica Lige za prevenciju ovisnosti, a povremeno sudjeluje u odr\u017eavanju predavanja u okviru razli\u010ditih Liginih projekta. Dopredsjednica je Hrvatske akademske udruge Split-\u010dovjek nadasve-EU humanisti i \u010dlanica je Saveza za gra\u0111ansku i eti\u010dku Hrvatsku. <\/p>\n<p>Do sada je objavila pedesetak znanstvenih i stru\u010dnih radova, pet knjiga u suautorstvu (Narkomani: smrtopisi, Avanturizam roditeljstva: adolescencija &#8211; prevencija, Obiteljska i dru\u0161tvena socijalizacija &#8211; prilog nacionalnoj strategiji spre\u010davanja zlouporabe droga; Izazov je biti u\u010ditelj; Bumerang odgoja) te samostalno \u010detiri knjige stru\u010dnih eseja: Razbij ogledalo, Genetski modificirani mozak, Otklizavanje pameti i \u0160to smo sijali to \u017eanjemo!.<\/p>\n<p>Objavila je 3 knji\u017eice pod naslovom Male pri\u010de \u2013 pri\u010de razli\u010ditih autora s njezinim komentarom.<\/p>\n<p><strong>Klju\u010dne rije\u010di:<\/strong>\u00a0\u00a0kratka pri\u010da, optimisti\u010dna poruka<\/p>\n<p><strong>E-mail:<\/strong> <a href=\"mailto:mirjana.nazor@hau.hr\">Mirjana Nazor<\/a>\u00a0<\/p>\n<p style=\"text-align: justify;\"><strong>Naslov:<\/strong> Male pri\u010de 3<br \/><strong>Autor:<\/strong> Mirjana Nazor<br \/><strong>Broj stranica:<\/strong> 228<br \/><strong>Nakladnik:<\/strong> HRVATSKA AKADEMSKA UDRUGA SPLIT &#8211; \u010cOVJEK NADASVE<br \/><strong>Godina izdanja:<\/strong> 2013.<br \/><strong>ISBN:<\/strong> 978-953-7550-15-8<br \/><strong>Tisak:<\/strong> digitalni tisak knjiga &#8211; print na zahtjev<\/p>\n","protected":false},"excerpt":{"rendered":"<p>Sa\u017eetak:Knjiga sadr\u017ei pri\u010de koje se ponedjeljkom ujutro emitiraju na Radio Splitu uz komentar Mirjane Nazor. Pri\u010de su vrlo raznolike: neke su suvremene, neke bajkovite, ima i basni. Primjerene su i djeci i odraslima jer na jednostavan na\u010din prenose va\u017ene \u017eivotne poruke. Kako je naglasila recenzentica \u201eone te uzmu za ruku, natjeraju te da sjedne\u0161 i [&hellip;]<\/p>\n","protected":false},"featured_media":7904,"comment_status":"open","ping_status":"closed","template":"","meta":{"_acf_changed":false},"product_brand":[],"product_cat":[1405],"product_tag":[],"class_list":{"0":"post-7903","1":"product","2":"type-product","3":"status-publish","4":"has-post-thumbnail","6":"product_cat-samopomoc","7":"pa_autor-u-obradi","8":"pa_nakladnik-unos-u-tijeku","10":"first","11":"instock","12":"shipping-taxable","13":"purchasable","14":"product-type-simple"},"acf":[],"yoast_head":"<!-- This site is optimized with the Yoast SEO plugin v27.3 - https:\/\/yoast.com\/product\/yoast-seo-wordpress\/ -->\n<title>MALE PRI\u010cE 3, Mirjana Nazor - Web-knji\u017eara<\/title>\n<meta name=\"robots\" content=\"index, follow, max-snippet:-1, max-image-preview:large, max-video-preview:-1\" \/>\n<link rel=\"canonical\" href=\"https:\/\/webknjizara.hr\/proizvod\/male-price-3-mirjana-nazor\/\" \/>\n<meta property=\"og:locale\" content=\"en_US\" \/>\n<meta property=\"og:type\" content=\"article\" \/>\n<meta property=\"og:title\" content=\"MALE PRI\u010cE 3, Mirjana Nazor - Web-knji\u017eara\" \/>\n<meta property=\"og:description\" content=\"Sa\u017eetak:Knjiga sadr\u017ei pri\u010de koje se ponedjeljkom ujutro emitiraju na Radio Splitu uz komentar Mirjane Nazor. Pri\u010de su vrlo raznolike: neke su suvremene, neke bajkovite, ima i basni. Primjerene su i djeci i odraslima jer na jednostavan na\u010din prenose va\u017ene \u017eivotne poruke. Kako je naglasila recenzentica \u201eone te uzmu za ruku, natjeraju te da sjedne\u0161 i [&hellip;]\" \/>\n<meta property=\"og:url\" content=\"https:\/\/webknjizara.hr\/proizvod\/male-price-3-mirjana-nazor\/\" \/>\n<meta property=\"og:site_name\" content=\"Web-knji\u017eara\" \/>\n<meta property=\"article:modified_time\" content=\"2023-02-26T23:16:15+00:00\" \/>\n<meta property=\"og:image\" content=\"https:\/\/webknjizara.hr\/wp-content\/uploads\/nc\/images\/virtuemart\/product\/male-pri-e-3-m-54624f30c90fa.jpg\" \/>\n\t<meta property=\"og:image:width\" content=\"1410\" \/>\n\t<meta property=\"og:image:height\" content=\"2375\" \/>\n\t<meta property=\"og:image:type\" content=\"image\/jpeg\" \/>\n<meta name=\"twitter:card\" content=\"summary_large_image\" \/>\n<meta name=\"twitter:label1\" content=\"Est. reading time\" \/>\n\t<meta name=\"twitter:data1\" content=\"1 minute\" \/>\n<script type=\"application\/ld+json\" class=\"yoast-schema-graph\">{\"@context\":\"https:\\\/\\\/schema.org\",\"@graph\":[{\"@type\":\"WebPage\",\"@id\":\"https:\\\/\\\/webknjizara.hr\\\/proizvod\\\/male-price-3-mirjana-nazor\\\/\",\"url\":\"https:\\\/\\\/webknjizara.hr\\\/proizvod\\\/male-price-3-mirjana-nazor\\\/\",\"name\":\"MALE PRI\u010cE 3, Mirjana Nazor - Web-knji\u017eara\",\"isPartOf\":{\"@id\":\"https:\\\/\\\/webknjizara.hr\\\/#website\"},\"primaryImageOfPage\":{\"@id\":\"https:\\\/\\\/webknjizara.hr\\\/proizvod\\\/male-price-3-mirjana-nazor\\\/#primaryimage\"},\"image\":{\"@id\":\"https:\\\/\\\/webknjizara.hr\\\/proizvod\\\/male-price-3-mirjana-nazor\\\/#primaryimage\"},\"thumbnailUrl\":\"https:\\\/\\\/webknjizara.hr\\\/wp-content\\\/uploads\\\/nc\\\/images\\\/virtuemart\\\/product\\\/male-pri-e-3-m-54624f30c90fa.jpg\",\"datePublished\":\"2014-11-11T18:02:24+00:00\",\"dateModified\":\"2023-02-26T23:16:15+00:00\",\"breadcrumb\":{\"@id\":\"https:\\\/\\\/webknjizara.hr\\\/proizvod\\\/male-price-3-mirjana-nazor\\\/#breadcrumb\"},\"inLanguage\":\"en-US\",\"potentialAction\":[{\"@type\":\"ReadAction\",\"target\":[\"https:\\\/\\\/webknjizara.hr\\\/proizvod\\\/male-price-3-mirjana-nazor\\\/\"]}]},{\"@type\":\"ImageObject\",\"inLanguage\":\"en-US\",\"@id\":\"https:\\\/\\\/webknjizara.hr\\\/proizvod\\\/male-price-3-mirjana-nazor\\\/#primaryimage\",\"url\":\"https:\\\/\\\/webknjizara.hr\\\/wp-content\\\/uploads\\\/nc\\\/images\\\/virtuemart\\\/product\\\/male-pri-e-3-m-54624f30c90fa.jpg\",\"contentUrl\":\"https:\\\/\\\/webknjizara.hr\\\/wp-content\\\/uploads\\\/nc\\\/images\\\/virtuemart\\\/product\\\/male-pri-e-3-m-54624f30c90fa.jpg\",\"width\":1410,\"height\":2375,\"caption\":\"MALE PRI\u010cE 3, Mirjana Nazor\"},{\"@type\":\"BreadcrumbList\",\"@id\":\"https:\\\/\\\/webknjizara.hr\\\/proizvod\\\/male-price-3-mirjana-nazor\\\/#breadcrumb\",\"itemListElement\":[{\"@type\":\"ListItem\",\"position\":1,\"name\":\"Po\u010detna stranica\",\"item\":\"https:\\\/\\\/webknjizara.hr\\\/en\\\/\"},{\"@type\":\"ListItem\",\"position\":2,\"name\":\"Shop\",\"item\":\"https:\\\/\\\/webknjizara.hr\\\/shop\\\/\"},{\"@type\":\"ListItem\",\"position\":3,\"name\":\"MALE PRI\u010cE 3, Mirjana Nazor\"}]},{\"@type\":\"WebSite\",\"@id\":\"https:\\\/\\\/webknjizara.hr\\\/#website\",\"url\":\"https:\\\/\\\/webknjizara.hr\\\/\",\"name\":\"Web Knji\u017eara\",\"description\":\"\",\"publisher\":{\"@id\":\"https:\\\/\\\/webknjizara.hr\\\/#organization\"},\"potentialAction\":[{\"@type\":\"SearchAction\",\"target\":{\"@type\":\"EntryPoint\",\"urlTemplate\":\"https:\\\/\\\/webknjizara.hr\\\/?s={search_term_string}\"},\"query-input\":{\"@type\":\"PropertyValueSpecification\",\"valueRequired\":true,\"valueName\":\"search_term_string\"}}],\"inLanguage\":\"en-US\"},{\"@type\":\"Organization\",\"@id\":\"https:\\\/\\\/webknjizara.hr\\\/#organization\",\"name\":\"REDAK D.O.O.\",\"url\":\"https:\\\/\\\/webknjizara.hr\\\/\",\"logo\":{\"@type\":\"ImageObject\",\"inLanguage\":\"en-US\",\"@id\":\"https:\\\/\\\/webknjizara.hr\\\/#\\\/schema\\\/logo\\\/image\\\/\",\"url\":\"https:\\\/\\\/webknjizara.hr\\\/wp-content\\\/uploads\\\/2023\\\/01\\\/web-knjizara-logo.webp\",\"contentUrl\":\"https:\\\/\\\/webknjizara.hr\\\/wp-content\\\/uploads\\\/2023\\\/01\\\/web-knjizara-logo.webp\",\"width\":324,\"height\":79,\"caption\":\"REDAK D.O.O.\"},\"image\":{\"@id\":\"https:\\\/\\\/webknjizara.hr\\\/#\\\/schema\\\/logo\\\/image\\\/\"}}]}<\/script>\n<!-- \/ Yoast SEO plugin. -->","yoast_head_json":{"title":"MALE PRI\u010cE 3, Mirjana Nazor - Web-knji\u017eara","robots":{"index":"index","follow":"follow","max-snippet":"max-snippet:-1","max-image-preview":"max-image-preview:large","max-video-preview":"max-video-preview:-1"},"canonical":"https:\/\/webknjizara.hr\/proizvod\/male-price-3-mirjana-nazor\/","og_locale":"en_US","og_type":"article","og_title":"MALE PRI\u010cE 3, Mirjana Nazor - Web-knji\u017eara","og_description":"Sa\u017eetak:Knjiga sadr\u017ei pri\u010de koje se ponedjeljkom ujutro emitiraju na Radio Splitu uz komentar Mirjane Nazor. Pri\u010de su vrlo raznolike: neke su suvremene, neke bajkovite, ima i basni. Primjerene su i djeci i odraslima jer na jednostavan na\u010din prenose va\u017ene \u017eivotne poruke. Kako je naglasila recenzentica \u201eone te uzmu za ruku, natjeraju te da sjedne\u0161 i [&hellip;]","og_url":"https:\/\/webknjizara.hr\/proizvod\/male-price-3-mirjana-nazor\/","og_site_name":"Web-knji\u017eara","article_modified_time":"2023-02-26T23:16:15+00:00","og_image":[{"width":1410,"height":2375,"url":"https:\/\/webknjizara.hr\/wp-content\/uploads\/nc\/images\/virtuemart\/product\/male-pri-e-3-m-54624f30c90fa.jpg","type":"image\/jpeg"}],"twitter_card":"summary_large_image","twitter_misc":{"Est. reading time":"1 minute"},"schema":{"@context":"https:\/\/schema.org","@graph":[{"@type":"WebPage","@id":"https:\/\/webknjizara.hr\/proizvod\/male-price-3-mirjana-nazor\/","url":"https:\/\/webknjizara.hr\/proizvod\/male-price-3-mirjana-nazor\/","name":"MALE PRI\u010cE 3, Mirjana Nazor - Web-knji\u017eara","isPartOf":{"@id":"https:\/\/webknjizara.hr\/#website"},"primaryImageOfPage":{"@id":"https:\/\/webknjizara.hr\/proizvod\/male-price-3-mirjana-nazor\/#primaryimage"},"image":{"@id":"https:\/\/webknjizara.hr\/proizvod\/male-price-3-mirjana-nazor\/#primaryimage"},"thumbnailUrl":"https:\/\/webknjizara.hr\/wp-content\/uploads\/nc\/images\/virtuemart\/product\/male-pri-e-3-m-54624f30c90fa.jpg","datePublished":"2014-11-11T18:02:24+00:00","dateModified":"2023-02-26T23:16:15+00:00","breadcrumb":{"@id":"https:\/\/webknjizara.hr\/proizvod\/male-price-3-mirjana-nazor\/#breadcrumb"},"inLanguage":"en-US","potentialAction":[{"@type":"ReadAction","target":["https:\/\/webknjizara.hr\/proizvod\/male-price-3-mirjana-nazor\/"]}]},{"@type":"ImageObject","inLanguage":"en-US","@id":"https:\/\/webknjizara.hr\/proizvod\/male-price-3-mirjana-nazor\/#primaryimage","url":"https:\/\/webknjizara.hr\/wp-content\/uploads\/nc\/images\/virtuemart\/product\/male-pri-e-3-m-54624f30c90fa.jpg","contentUrl":"https:\/\/webknjizara.hr\/wp-content\/uploads\/nc\/images\/virtuemart\/product\/male-pri-e-3-m-54624f30c90fa.jpg","width":1410,"height":2375,"caption":"MALE PRI\u010cE 3, Mirjana Nazor"},{"@type":"BreadcrumbList","@id":"https:\/\/webknjizara.hr\/proizvod\/male-price-3-mirjana-nazor\/#breadcrumb","itemListElement":[{"@type":"ListItem","position":1,"name":"Po\u010detna stranica","item":"https:\/\/webknjizara.hr\/en\/"},{"@type":"ListItem","position":2,"name":"Shop","item":"https:\/\/webknjizara.hr\/shop\/"},{"@type":"ListItem","position":3,"name":"MALE PRI\u010cE 3, Mirjana Nazor"}]},{"@type":"WebSite","@id":"https:\/\/webknjizara.hr\/#website","url":"https:\/\/webknjizara.hr\/","name":"Web Knji\u017eara","description":"","publisher":{"@id":"https:\/\/webknjizara.hr\/#organization"},"potentialAction":[{"@type":"SearchAction","target":{"@type":"EntryPoint","urlTemplate":"https:\/\/webknjizara.hr\/?s={search_term_string}"},"query-input":{"@type":"PropertyValueSpecification","valueRequired":true,"valueName":"search_term_string"}}],"inLanguage":"en-US"},{"@type":"Organization","@id":"https:\/\/webknjizara.hr\/#organization","name":"REDAK D.O.O.","url":"https:\/\/webknjizara.hr\/","logo":{"@type":"ImageObject","inLanguage":"en-US","@id":"https:\/\/webknjizara.hr\/#\/schema\/logo\/image\/","url":"https:\/\/webknjizara.hr\/wp-content\/uploads\/2023\/01\/web-knjizara-logo.webp","contentUrl":"https:\/\/webknjizara.hr\/wp-content\/uploads\/2023\/01\/web-knjizara-logo.webp","width":324,"height":79,"caption":"REDAK D.O.O."},"image":{"@id":"https:\/\/webknjizara.hr\/#\/schema\/logo\/image\/"}}]}},"_links":{"self":[{"href":"https:\/\/webknjizara.hr\/en\/wp-json\/wp\/v2\/product\/7903","targetHints":{"allow":["GET"]}}],"collection":[{"href":"https:\/\/webknjizara.hr\/en\/wp-json\/wp\/v2\/product"}],"about":[{"href":"https:\/\/webknjizara.hr\/en\/wp-json\/wp\/v2\/types\/product"}],"replies":[{"embeddable":true,"href":"https:\/\/webknjizara.hr\/en\/wp-json\/wp\/v2\/comments?post=7903"}],"wp:featuredmedia":[{"embeddable":true,"href":"https:\/\/webknjizara.hr\/en\/wp-json\/wp\/v2\/media\/7904"}],"wp:attachment":[{"href":"https:\/\/webknjizara.hr\/en\/wp-json\/wp\/v2\/media?parent=7903"}],"wp:term":[{"taxonomy":"product_brand","embeddable":true,"href":"https:\/\/webknjizara.hr\/en\/wp-json\/wp\/v2\/product_brand?post=7903"},{"taxonomy":"product_cat","embeddable":true,"href":"https:\/\/webknjizara.hr\/en\/wp-json\/wp\/v2\/product_cat?post=7903"},{"taxonomy":"product_tag","embeddable":true,"href":"https:\/\/webknjizara.hr\/en\/wp-json\/wp\/v2\/product_tag?post=7903"}],"curies":[{"name":"wp","href":"https:\/\/api.w.org\/{rel}","templated":true}]}}