{"id":7901,"date":"2014-11-10T15:56:33","date_gmt":"2014-11-10T15:56:33","guid":{"rendered":"https:\/\/webknjizara.hr\/?product=namigni-galebu-lea-pazanin"},"modified":"2023-02-27T00:16:15","modified_gmt":"2023-02-26T23:16:15","slug":"namigni-galebu-lea-pazanin","status":"publish","type":"product","link":"https:\/\/webknjizara.hr\/en\/proizvod\/namigni-galebu-lea-pazanin\/","title":{"rendered":"NAMIGNI GALEBU, Lea Pa\u017eanin"},"content":{"rendered":"<p style=\"text-align: justify;\"><strong><br \/>Bilje\u0161ka o autorici:<\/strong><\/p>\n<p style=\"text-align: justify;\">Lea Pa\u017eanin ro\u0111ena je 1965. godine u Splitu. Poeziju pi\u0161e od mladih dana, a ovo je njena prva zbirka pjesama.<\/p>\n<p style=\"text-align: justify;\"><strong>Naslov:<\/strong> Namigni galebu<br \/><strong>Autor:<\/strong> Lea Pa\u017eanin<br \/><strong>Broj stranica:<\/strong> 56<br \/><strong>Nakladnik:<\/strong> REDAK<br \/><strong>Godina izdanja:<\/strong> 2014.<br \/><strong>ISBN:<\/strong> 978-953-336-163-5<br \/><strong>Tisak:<\/strong> digitalni tisak knjiga &#8211; print na zahtjev<\/p>\n","protected":false},"excerpt":{"rendered":"<p>Bilje\u0161ka o autorici: Lea Pa\u017eanin ro\u0111ena je 1965. godine u Splitu. Poeziju pi\u0161e od mladih dana, a ovo je njena prva zbirka pjesama. Naslov: Namigni galebuAutor: Lea Pa\u017eaninBroj stranica: 56Nakladnik: REDAKGodina izdanja: 2014.ISBN: 978-953-336-163-5Tisak: digitalni tisak knjiga &#8211; print na zahtjev<\/p>\n","protected":false},"featured_media":7902,"comment_status":"open","ping_status":"closed","template":"","meta":{"_acf_changed":false},"product_brand":[],"product_cat":[1383,1385,1388],"product_tag":[],"class_list":{"0":"post-7901","1":"product","2":"type-product","3":"status-publish","4":"has-post-thumbnail","6":"product_cat-knjige","7":"product_cat-knjizevnost","8":"product_cat-poezija","9":"pa_autor-lea-pazanin","10":"pa_nakladnik-redak","12":"first","13":"instock","14":"shipping-taxable","15":"purchasable","16":"product-type-simple"},"acf":[],"yoast_head":"<!-- This site is optimized with the Yoast SEO plugin v27.3 - https:\/\/yoast.com\/product\/yoast-seo-wordpress\/ -->\n<title>NAMIGNI GALEBU, Lea Pa\u017eanin - Web-knji\u017eara<\/title>\n<meta name=\"robots\" content=\"index, follow, max-snippet:-1, max-image-preview:large, max-video-preview:-1\" \/>\n<link rel=\"canonical\" href=\"https:\/\/webknjizara.hr\/proizvod\/namigni-galebu-lea-pazanin\/\" \/>\n<meta property=\"og:locale\" content=\"en_US\" \/>\n<meta property=\"og:type\" content=\"article\" \/>\n<meta property=\"og:title\" content=\"NAMIGNI GALEBU, Lea Pa\u017eanin - Web-knji\u017eara\" \/>\n<meta property=\"og:description\" content=\"Bilje\u0161ka o autorici: Lea Pa\u017eanin ro\u0111ena je 1965. godine u Splitu. Poeziju pi\u0161e od mladih dana, a ovo je njena prva zbirka pjesama. Naslov: Namigni galebuAutor: Lea Pa\u017eaninBroj stranica: 56Nakladnik: REDAKGodina izdanja: 2014.ISBN: 978-953-336-163-5Tisak: digitalni tisak knjiga &#8211; print na zahtjev\" \/>\n<meta property=\"og:url\" content=\"https:\/\/webknjizara.hr\/proizvod\/namigni-galebu-lea-pazanin\/\" \/>\n<meta property=\"og:site_name\" content=\"Web-knji\u017eara\" \/>\n<meta property=\"article:modified_time\" content=\"2023-02-26T23:16:15+00:00\" \/>\n<meta property=\"og:image\" content=\"https:\/\/webknjizara.hr\/wp-content\/uploads\/nc\/images\/virtuemart\/product\/namigni-galebu-5460e031179ca.jpg\" \/>\n\t<meta property=\"og:image:width\" content=\"334\" \/>\n\t<meta property=\"og:image:height\" content=\"500\" \/>\n\t<meta property=\"og:image:type\" content=\"image\/jpeg\" \/>\n<meta name=\"twitter:card\" content=\"summary_large_image\" \/>\n<script type=\"application\/ld+json\" class=\"yoast-schema-graph\">{\"@context\":\"https:\\\/\\\/schema.org\",\"@graph\":[{\"@type\":\"WebPage\",\"@id\":\"https:\\\/\\\/webknjizara.hr\\\/proizvod\\\/namigni-galebu-lea-pazanin\\\/\",\"url\":\"https:\\\/\\\/webknjizara.hr\\\/proizvod\\\/namigni-galebu-lea-pazanin\\\/\",\"name\":\"NAMIGNI GALEBU, Lea Pa\u017eanin - Web-knji\u017eara\",\"isPartOf\":{\"@id\":\"https:\\\/\\\/webknjizara.hr\\\/#website\"},\"primaryImageOfPage\":{\"@id\":\"https:\\\/\\\/webknjizara.hr\\\/proizvod\\\/namigni-galebu-lea-pazanin\\\/#primaryimage\"},\"image\":{\"@id\":\"https:\\\/\\\/webknjizara.hr\\\/proizvod\\\/namigni-galebu-lea-pazanin\\\/#primaryimage\"},\"thumbnailUrl\":\"https:\\\/\\\/webknjizara.hr\\\/wp-content\\\/uploads\\\/nc\\\/images\\\/virtuemart\\\/product\\\/namigni-galebu-5460e031179ca.jpg\",\"datePublished\":\"2014-11-10T15:56:33+00:00\",\"dateModified\":\"2023-02-26T23:16:15+00:00\",\"breadcrumb\":{\"@id\":\"https:\\\/\\\/webknjizara.hr\\\/proizvod\\\/namigni-galebu-lea-pazanin\\\/#breadcrumb\"},\"inLanguage\":\"en-US\",\"potentialAction\":[{\"@type\":\"ReadAction\",\"target\":[\"https:\\\/\\\/webknjizara.hr\\\/proizvod\\\/namigni-galebu-lea-pazanin\\\/\"]}]},{\"@type\":\"ImageObject\",\"inLanguage\":\"en-US\",\"@id\":\"https:\\\/\\\/webknjizara.hr\\\/proizvod\\\/namigni-galebu-lea-pazanin\\\/#primaryimage\",\"url\":\"https:\\\/\\\/webknjizara.hr\\\/wp-content\\\/uploads\\\/nc\\\/images\\\/virtuemart\\\/product\\\/namigni-galebu-5460e031179ca.jpg\",\"contentUrl\":\"https:\\\/\\\/webknjizara.hr\\\/wp-content\\\/uploads\\\/nc\\\/images\\\/virtuemart\\\/product\\\/namigni-galebu-5460e031179ca.jpg\",\"width\":334,\"height\":500,\"caption\":\"NAMIGNI GALEBU, Lea Pa\u017eanin\"},{\"@type\":\"BreadcrumbList\",\"@id\":\"https:\\\/\\\/webknjizara.hr\\\/proizvod\\\/namigni-galebu-lea-pazanin\\\/#breadcrumb\",\"itemListElement\":[{\"@type\":\"ListItem\",\"position\":1,\"name\":\"Po\u010detna stranica\",\"item\":\"https:\\\/\\\/webknjizara.hr\\\/en\\\/\"},{\"@type\":\"ListItem\",\"position\":2,\"name\":\"Shop\",\"item\":\"https:\\\/\\\/webknjizara.hr\\\/shop\\\/\"},{\"@type\":\"ListItem\",\"position\":3,\"name\":\"NAMIGNI GALEBU, Lea Pa\u017eanin\"}]},{\"@type\":\"WebSite\",\"@id\":\"https:\\\/\\\/webknjizara.hr\\\/#website\",\"url\":\"https:\\\/\\\/webknjizara.hr\\\/\",\"name\":\"Web Knji\u017eara\",\"description\":\"\",\"publisher\":{\"@id\":\"https:\\\/\\\/webknjizara.hr\\\/#organization\"},\"potentialAction\":[{\"@type\":\"SearchAction\",\"target\":{\"@type\":\"EntryPoint\",\"urlTemplate\":\"https:\\\/\\\/webknjizara.hr\\\/?s={search_term_string}\"},\"query-input\":{\"@type\":\"PropertyValueSpecification\",\"valueRequired\":true,\"valueName\":\"search_term_string\"}}],\"inLanguage\":\"en-US\"},{\"@type\":\"Organization\",\"@id\":\"https:\\\/\\\/webknjizara.hr\\\/#organization\",\"name\":\"REDAK D.O.O.\",\"url\":\"https:\\\/\\\/webknjizara.hr\\\/\",\"logo\":{\"@type\":\"ImageObject\",\"inLanguage\":\"en-US\",\"@id\":\"https:\\\/\\\/webknjizara.hr\\\/#\\\/schema\\\/logo\\\/image\\\/\",\"url\":\"https:\\\/\\\/webknjizara.hr\\\/wp-content\\\/uploads\\\/2023\\\/01\\\/web-knjizara-logo.webp\",\"contentUrl\":\"https:\\\/\\\/webknjizara.hr\\\/wp-content\\\/uploads\\\/2023\\\/01\\\/web-knjizara-logo.webp\",\"width\":324,\"height\":79,\"caption\":\"REDAK D.O.O.\"},\"image\":{\"@id\":\"https:\\\/\\\/webknjizara.hr\\\/#\\\/schema\\\/logo\\\/image\\\/\"}}]}<\/script>\n<!-- \/ Yoast SEO plugin. -->","yoast_head_json":{"title":"NAMIGNI GALEBU, Lea Pa\u017eanin - Web-knji\u017eara","robots":{"index":"index","follow":"follow","max-snippet":"max-snippet:-1","max-image-preview":"max-image-preview:large","max-video-preview":"max-video-preview:-1"},"canonical":"https:\/\/webknjizara.hr\/proizvod\/namigni-galebu-lea-pazanin\/","og_locale":"en_US","og_type":"article","og_title":"NAMIGNI GALEBU, Lea Pa\u017eanin - Web-knji\u017eara","og_description":"Bilje\u0161ka o autorici: Lea Pa\u017eanin ro\u0111ena je 1965. godine u Splitu. Poeziju pi\u0161e od mladih dana, a ovo je njena prva zbirka pjesama. Naslov: Namigni galebuAutor: Lea Pa\u017eaninBroj stranica: 56Nakladnik: REDAKGodina izdanja: 2014.ISBN: 978-953-336-163-5Tisak: digitalni tisak knjiga &#8211; print na zahtjev","og_url":"https:\/\/webknjizara.hr\/proizvod\/namigni-galebu-lea-pazanin\/","og_site_name":"Web-knji\u017eara","article_modified_time":"2023-02-26T23:16:15+00:00","og_image":[{"width":334,"height":500,"url":"https:\/\/webknjizara.hr\/wp-content\/uploads\/nc\/images\/virtuemart\/product\/namigni-galebu-5460e031179ca.jpg","type":"image\/jpeg"}],"twitter_card":"summary_large_image","schema":{"@context":"https:\/\/schema.org","@graph":[{"@type":"WebPage","@id":"https:\/\/webknjizara.hr\/proizvod\/namigni-galebu-lea-pazanin\/","url":"https:\/\/webknjizara.hr\/proizvod\/namigni-galebu-lea-pazanin\/","name":"NAMIGNI GALEBU, Lea Pa\u017eanin - Web-knji\u017eara","isPartOf":{"@id":"https:\/\/webknjizara.hr\/#website"},"primaryImageOfPage":{"@id":"https:\/\/webknjizara.hr\/proizvod\/namigni-galebu-lea-pazanin\/#primaryimage"},"image":{"@id":"https:\/\/webknjizara.hr\/proizvod\/namigni-galebu-lea-pazanin\/#primaryimage"},"thumbnailUrl":"https:\/\/webknjizara.hr\/wp-content\/uploads\/nc\/images\/virtuemart\/product\/namigni-galebu-5460e031179ca.jpg","datePublished":"2014-11-10T15:56:33+00:00","dateModified":"2023-02-26T23:16:15+00:00","breadcrumb":{"@id":"https:\/\/webknjizara.hr\/proizvod\/namigni-galebu-lea-pazanin\/#breadcrumb"},"inLanguage":"en-US","potentialAction":[{"@type":"ReadAction","target":["https:\/\/webknjizara.hr\/proizvod\/namigni-galebu-lea-pazanin\/"]}]},{"@type":"ImageObject","inLanguage":"en-US","@id":"https:\/\/webknjizara.hr\/proizvod\/namigni-galebu-lea-pazanin\/#primaryimage","url":"https:\/\/webknjizara.hr\/wp-content\/uploads\/nc\/images\/virtuemart\/product\/namigni-galebu-5460e031179ca.jpg","contentUrl":"https:\/\/webknjizara.hr\/wp-content\/uploads\/nc\/images\/virtuemart\/product\/namigni-galebu-5460e031179ca.jpg","width":334,"height":500,"caption":"NAMIGNI GALEBU, Lea Pa\u017eanin"},{"@type":"BreadcrumbList","@id":"https:\/\/webknjizara.hr\/proizvod\/namigni-galebu-lea-pazanin\/#breadcrumb","itemListElement":[{"@type":"ListItem","position":1,"name":"Po\u010detna stranica","item":"https:\/\/webknjizara.hr\/en\/"},{"@type":"ListItem","position":2,"name":"Shop","item":"https:\/\/webknjizara.hr\/shop\/"},{"@type":"ListItem","position":3,"name":"NAMIGNI GALEBU, Lea Pa\u017eanin"}]},{"@type":"WebSite","@id":"https:\/\/webknjizara.hr\/#website","url":"https:\/\/webknjizara.hr\/","name":"Web Knji\u017eara","description":"","publisher":{"@id":"https:\/\/webknjizara.hr\/#organization"},"potentialAction":[{"@type":"SearchAction","target":{"@type":"EntryPoint","urlTemplate":"https:\/\/webknjizara.hr\/?s={search_term_string}"},"query-input":{"@type":"PropertyValueSpecification","valueRequired":true,"valueName":"search_term_string"}}],"inLanguage":"en-US"},{"@type":"Organization","@id":"https:\/\/webknjizara.hr\/#organization","name":"REDAK D.O.O.","url":"https:\/\/webknjizara.hr\/","logo":{"@type":"ImageObject","inLanguage":"en-US","@id":"https:\/\/webknjizara.hr\/#\/schema\/logo\/image\/","url":"https:\/\/webknjizara.hr\/wp-content\/uploads\/2023\/01\/web-knjizara-logo.webp","contentUrl":"https:\/\/webknjizara.hr\/wp-content\/uploads\/2023\/01\/web-knjizara-logo.webp","width":324,"height":79,"caption":"REDAK D.O.O."},"image":{"@id":"https:\/\/webknjizara.hr\/#\/schema\/logo\/image\/"}}]}},"_links":{"self":[{"href":"https:\/\/webknjizara.hr\/en\/wp-json\/wp\/v2\/product\/7901","targetHints":{"allow":["GET"]}}],"collection":[{"href":"https:\/\/webknjizara.hr\/en\/wp-json\/wp\/v2\/product"}],"about":[{"href":"https:\/\/webknjizara.hr\/en\/wp-json\/wp\/v2\/types\/product"}],"replies":[{"embeddable":true,"href":"https:\/\/webknjizara.hr\/en\/wp-json\/wp\/v2\/comments?post=7901"}],"wp:featuredmedia":[{"embeddable":true,"href":"https:\/\/webknjizara.hr\/en\/wp-json\/wp\/v2\/media\/7902"}],"wp:attachment":[{"href":"https:\/\/webknjizara.hr\/en\/wp-json\/wp\/v2\/media?parent=7901"}],"wp:term":[{"taxonomy":"product_brand","embeddable":true,"href":"https:\/\/webknjizara.hr\/en\/wp-json\/wp\/v2\/product_brand?post=7901"},{"taxonomy":"product_cat","embeddable":true,"href":"https:\/\/webknjizara.hr\/en\/wp-json\/wp\/v2\/product_cat?post=7901"},{"taxonomy":"product_tag","embeddable":true,"href":"https:\/\/webknjizara.hr\/en\/wp-json\/wp\/v2\/product_tag?post=7901"}],"curies":[{"name":"wp","href":"https:\/\/api.w.org\/{rel}","templated":true}]}}