{"id":7897,"date":"2014-11-08T09:04:01","date_gmt":"2014-11-08T09:04:01","guid":{"rendered":"https:\/\/webknjizara.hr\/?product=metodoloski-rjecnik-anci-leburic-i-drugi"},"modified":"2023-02-27T00:16:15","modified_gmt":"2023-02-26T23:16:15","slug":"metodoloski-rjecnik-anci-leburic-i-drugi","status":"publish","type":"product","link":"https:\/\/webknjizara.hr\/en\/proizvod\/metodoloski-rjecnik-anci-leburic-i-drugi\/","title":{"rendered":"METODOLO\u0160KI RJE\u010cNIK, An\u010di Leburi\u0107 i drugi"},"content":{"rendered":"<p style=\"text-align: justify;\"><strong><br \/>Sa\u017eetak:<\/strong><\/p>\n<p>Sociologija kao istaknutija dru\u0161tvena znanost posjeduje ve\u0107 zna\u010dajan broj sociolo\u0161kih rje\u010dnika, kao i onih predmetnih rje\u010dni\u010dkih priru\u010dnika, npr. kulturalnih, medijskih i sl. S druge strane, metodologija kao dru\u0161tvena znanost ne posjeduje u svjetskim okvirima zamjetan broj metodolo\u0161kih rje\u010dnika, premda su se u nizu ostalih dru\u0161tvenih znanosti objavljivali rje\u010dnici, leksikoni, enciklopedije i sli\u010dne tiskane forme. <strong>Metodolo\u0161ki rje\u010dnik<\/strong> (knjiga br.2) objavljuje se u ediciji Metodolo\u0161ke teme, a u okviru Metodolo\u0161ke biblioteke., pa \u0107e s obzirom na relativnu nerazvijenost i nepostojanje ovakve vrste priru\u010dnika u istra\u017eiva\u010dkim disciplinama s podru\u010dja<br \/>dru\u0161tvenih znanosti, konzistentno nadomjestiti praznine i nedostatke s kojima se aktivni istra\u017eiva\u010di svakodnevno susre\u0107u u svome radu, uo\u010di i poslije terenskih faza istra\u017eivanja.<\/p>\n<p>Originalniji doprinos ovoga djela predstavlja obavljena metodolo\u0161ka kategorizacija koja je bila konstruirana za potrebe sistematizacije klju\u010dnih metodolo\u0161kih pojmova. To su \u201emetodolo\u0161ke odrednice\u201c (u pogl.1), \u201emetode, tehnike i procedure\u201c (u pogl.2), \u201estatisti\u010dke kategorije\u201c (u pogl.3), a bez kojih se kvantitativni pristupi i radovi ne mogu niti zamisliti \u010dak i u sociologiji, zatim \u201eimena, autori i osniva\u010di\u201c (u pogl.4), ali prete\u017eno oni koji su na odre\u0111eni na\u010din bitnije (in)direktno utjecali<br \/>(prvenstveno svojim istra\u017eivanjima) na razvitak suvremene sociolo\u0161ke metodologije, te kona\u010dno (u pogl.5) smje\u0161teni su \u201epravci, orijentacije, \u0161kole, tradicije, discipline i struje\u201c u raznim metodologijama s podru\u010dja dru\u0161tvenih znanosti.<\/p>\n<p><strong>Bilje\u0161ka o autoricama:<\/strong><\/p>\n<p><strong>An\u010di Leburi\u0107<\/strong>, redovna je profesorica u trajnom zvanju na katedri sociolo\u0161ke metodologije, Odsjeka za sociologiju Filozofskog fakulteta u Splitu. Objavljuje znanstvene radove iz metodologije dru\u0161tvenih i humanisti\u010dkih istra\u017eivanja, te empirijske studije iz posebnih sociologija. Nositeljica je kolegija na preddiplomskim, diplomskim i doktorskim studijima u zemlji i inozemstvu. Urednica je nekoliko biblioteka u kojima se objavljuju metodolo\u0161ke i sociolo\u0161ke studije. Vodi i sudjeluje u me\u0111unarodnim projektima u kojima se istra\u017euju razvojne, kulturolo\u0161ke, medijske, socijalno-ekolo\u0161ke, urbane i dr. teme. \u010clanica je nekoliko stru\u010dnih asocijacija, te predsjednica Splitske podru\u017enice Hrvatskoga sociolo\u0161kog dru\u0161tva od 2006 god.<\/p>\n<p><strong>E-mail:<\/strong> <a href=\"mailto:anci.leburic@gmail.com\">An\u010di Leburi\u0107<\/a><a href=\"mailto:anci.leburic@gmail.com\"><br \/><\/a><br \/><strong>Sanja Delin<\/strong> je magistar sociologije. Diplomirala je na Filozofskom fakultetu u Splitu. Tema zavr\u0161nog rada bila joj je Metodolo\u0161ke procedure primjenjive u kvalitativnoj metodologiji (2009), a diplomirala je s temom Funkcionalnost body arta u \u017eivotima pojedinaca (2012). Sura\u0111ivala je kao anketarka\/intervjuerka u sociolo\u0161kim istra\u017eivanjima Jezik u medijima (2006.\/2007.) i Dru\u0161tveno pona\u0161anje mladih (2007.\/2008.) \u010dija je voditeljica bila prof. dr. sc. An\u010di Leburi\u0107, na Odsjeku za sociologiju u Splitu. \u010clanica je Hrvatskog sociolo\u0161kog dru\u0161tva.<\/p>\n<p><strong>E-mail:<\/strong> <a href=\"mailto:sanja.delin@gmail.com\">Sanja Delin<\/a><\/p>\n<p><strong>Ivana Botica<\/strong> zavr\u0161ava studij Pred\u0161kolskog odgoja 2006. godine na Filozofskom fakultetu u Splitu, a 2009. godine stje\u010de akademski naziv prvostupnice (baccalaurea) sociologije. Tema zavr\u0161nog rada bila joj je Evaluacija kao tip metodolo\u0161kog istra\u017eivanja. Tijekom preddiplomskog studija sura\u0111ivala je kao anketarka\/intervjuerka u sociolo\u0161kim istra\u017eivanjima Jezik u medijima (2006.\/2007.) i Dru\u0161tveno pona\u0161anje mladih (2007.\/2008.) \u010dija je voditeljica bila prof. dr. sc. An\u010di Leburi\u0107, na Odsjeku za sociologiju u Splitu. \u010clanica je Hrvatskog sociolo\u0161kog dru\u0161tva.<\/p>\n<p><strong>E-mail:<\/strong> <a href=\"mailto:ivanakorcula@gmail.com\">Ivana Botica<\/a><\/p>\n<p><strong>Ivona Barun<\/strong>, akademski naziv prvostupnice (baccalaurea) sociologije stekla je 2009. godine na Filozofskom fakultetu u Splitu. Tema zavr\u0161nog rada bila joj je Upitnik kao mjerni instrument. Tijekom preddiplomskog studija sura\u0111ivala je kao anketarka\/intervjuerka u sociolo\u0161kim istra\u017eivanjima Jezik u medijima (2006.\/2007.) i Dru\u0161tveno pona\u0161anje mladih (2007.\/2008.) \u010dija je voditeljica bila prof. dr. sc. An\u010di Leburi\u0107, na Odsjeku za sociologiju. Diplomski studij sociologije zavr\u0161ila je na Filozofskom fakultetu u Zagrebu na temu Dru\u0161tvena va\u017enost ekonomske diplomacije: Slu\u010daj RH. Sura\u0111ivala je s Udrugom op\u0107ina RH, Ministarstvom obitelji, branitelja i me\u0111ugeneracijske solidarnosti, te Zakladom Friedrich Ebert.<\/p>\n<p><strong>E-mail:\u00a0<\/strong><a href=\"mailto:ivona.barun@gmail.com\">Ivona Barun<\/a> <\/p>\n<p><strong>Klju\u010dne rije\u010di:<\/strong> rje\u010dnik, sociolo\u0161ka metodologija, metodolo\u0161ki alati, metodolo\u0161ke kategorije, metodolo\u0161ki pojmovi, metodolo\u0161ki pristupi, dictionary, sociological methodology, methodological tools, methodological categories, methodological concepts, methodological approaches <\/p>\n<p><strong>Link:<\/strong> <a href=\"http:\/\/www.ancileburic.com\" target=\"_blank\" rel=\"noopener noreferrer\">www.ancileburic.com<\/a><\/p>\n<p><strong>Naslov:<\/strong> Metodolo\u0161ki rje\u010dnik<br \/><strong>Autor:<\/strong> An\u010di Leburi\u0107 i drugi<br \/><strong>Broj stranica:<\/strong> 240<br \/><strong>Nakladnik:<\/strong> REDAK<br \/><strong>Godina izdanja:<\/strong> 2014.<br \/><strong>ISBN:<\/strong> 978-953-336-165-9<br \/><strong>Tisak:<\/strong> digitalni tisak knjiga &#8211; print na zahtjev<\/p>\n","protected":false},"excerpt":{"rendered":"<p>Sa\u017eetak: Sociologija kao istaknutija dru\u0161tvena znanost posjeduje ve\u0107 zna\u010dajan broj sociolo\u0161kih rje\u010dnika, kao i onih predmetnih rje\u010dni\u010dkih priru\u010dnika, npr. kulturalnih, medijskih i sl. S druge strane, metodologija kao dru\u0161tvena znanost ne posjeduje u svjetskim okvirima zamjetan broj metodolo\u0161kih rje\u010dnika, premda su se u nizu ostalih dru\u0161tvenih znanosti objavljivali rje\u010dnici, leksikoni, enciklopedije i sli\u010dne tiskane forme. [&hellip;]<\/p>\n","protected":false},"featured_media":7898,"comment_status":"open","ping_status":"closed","template":"","meta":{"_acf_changed":false},"product_brand":[],"product_cat":[1517,1390],"product_tag":[],"class_list":{"0":"post-7897","1":"product","2":"type-product","3":"status-publish","4":"has-post-thumbnail","6":"product_cat-strucna-literatura","7":"product_cat-drustvene-znanosti","8":"pa_nakladnik-redak","10":"first","11":"instock","12":"shipping-taxable","13":"purchasable","14":"product-type-simple"},"acf":[],"yoast_head":"<!-- This site is optimized with the Yoast SEO plugin v27.3 - https:\/\/yoast.com\/product\/yoast-seo-wordpress\/ -->\n<title>METODOLO\u0160KI RJE\u010cNIK, An\u010di Leburi\u0107 i drugi - Web-knji\u017eara<\/title>\n<meta name=\"robots\" content=\"index, follow, max-snippet:-1, max-image-preview:large, max-video-preview:-1\" \/>\n<link rel=\"canonical\" href=\"https:\/\/webknjizara.hr\/proizvod\/metodoloski-rjecnik-anci-leburic-i-drugi\/\" \/>\n<meta property=\"og:locale\" content=\"en_US\" \/>\n<meta property=\"og:type\" content=\"article\" \/>\n<meta property=\"og:title\" content=\"METODOLO\u0160KI RJE\u010cNIK, An\u010di Leburi\u0107 i drugi - Web-knji\u017eara\" \/>\n<meta property=\"og:description\" content=\"Sa\u017eetak: Sociologija kao istaknutija dru\u0161tvena znanost posjeduje ve\u0107 zna\u010dajan broj sociolo\u0161kih rje\u010dnika, kao i onih predmetnih rje\u010dni\u010dkih priru\u010dnika, npr. kulturalnih, medijskih i sl. S druge strane, metodologija kao dru\u0161tvena znanost ne posjeduje u svjetskim okvirima zamjetan broj metodolo\u0161kih rje\u010dnika, premda su se u nizu ostalih dru\u0161tvenih znanosti objavljivali rje\u010dnici, leksikoni, enciklopedije i sli\u010dne tiskane forme. [&hellip;]\" \/>\n<meta property=\"og:url\" content=\"https:\/\/webknjizara.hr\/proizvod\/metodoloski-rjecnik-anci-leburic-i-drugi\/\" \/>\n<meta property=\"og:site_name\" content=\"Web-knji\u017eara\" \/>\n<meta property=\"article:modified_time\" content=\"2023-02-26T23:16:15+00:00\" \/>\n<meta property=\"og:image\" content=\"https:\/\/webknjizara.hr\/wp-content\/uploads\/nc\/images\/virtuemart\/product\/metodolo-ki-rje-55f02840e4228.jpg\" \/>\n\t<meta property=\"og:image:width\" content=\"314\" \/>\n\t<meta property=\"og:image:height\" content=\"500\" \/>\n\t<meta property=\"og:image:type\" content=\"image\/jpeg\" \/>\n<meta name=\"twitter:card\" content=\"summary_large_image\" \/>\n<meta name=\"twitter:label1\" content=\"Est. reading time\" \/>\n\t<meta name=\"twitter:data1\" content=\"3 minutes\" \/>\n<script type=\"application\/ld+json\" class=\"yoast-schema-graph\">{\"@context\":\"https:\\\/\\\/schema.org\",\"@graph\":[{\"@type\":\"WebPage\",\"@id\":\"https:\\\/\\\/webknjizara.hr\\\/proizvod\\\/metodoloski-rjecnik-anci-leburic-i-drugi\\\/\",\"url\":\"https:\\\/\\\/webknjizara.hr\\\/proizvod\\\/metodoloski-rjecnik-anci-leburic-i-drugi\\\/\",\"name\":\"METODOLO\u0160KI RJE\u010cNIK, An\u010di Leburi\u0107 i drugi - Web-knji\u017eara\",\"isPartOf\":{\"@id\":\"https:\\\/\\\/webknjizara.hr\\\/#website\"},\"primaryImageOfPage\":{\"@id\":\"https:\\\/\\\/webknjizara.hr\\\/proizvod\\\/metodoloski-rjecnik-anci-leburic-i-drugi\\\/#primaryimage\"},\"image\":{\"@id\":\"https:\\\/\\\/webknjizara.hr\\\/proizvod\\\/metodoloski-rjecnik-anci-leburic-i-drugi\\\/#primaryimage\"},\"thumbnailUrl\":\"https:\\\/\\\/webknjizara.hr\\\/wp-content\\\/uploads\\\/nc\\\/images\\\/virtuemart\\\/product\\\/metodolo-ki-rje-55f02840e4228.jpg\",\"datePublished\":\"2014-11-08T09:04:01+00:00\",\"dateModified\":\"2023-02-26T23:16:15+00:00\",\"breadcrumb\":{\"@id\":\"https:\\\/\\\/webknjizara.hr\\\/proizvod\\\/metodoloski-rjecnik-anci-leburic-i-drugi\\\/#breadcrumb\"},\"inLanguage\":\"en-US\",\"potentialAction\":[{\"@type\":\"ReadAction\",\"target\":[\"https:\\\/\\\/webknjizara.hr\\\/proizvod\\\/metodoloski-rjecnik-anci-leburic-i-drugi\\\/\"]}]},{\"@type\":\"ImageObject\",\"inLanguage\":\"en-US\",\"@id\":\"https:\\\/\\\/webknjizara.hr\\\/proizvod\\\/metodoloski-rjecnik-anci-leburic-i-drugi\\\/#primaryimage\",\"url\":\"https:\\\/\\\/webknjizara.hr\\\/wp-content\\\/uploads\\\/nc\\\/images\\\/virtuemart\\\/product\\\/metodolo-ki-rje-55f02840e4228.jpg\",\"contentUrl\":\"https:\\\/\\\/webknjizara.hr\\\/wp-content\\\/uploads\\\/nc\\\/images\\\/virtuemart\\\/product\\\/metodolo-ki-rje-55f02840e4228.jpg\",\"width\":314,\"height\":500,\"caption\":\"METODOLO\u0160KI RJE\u010cNIK, An\u010di Leburi\u0107 i drugi\"},{\"@type\":\"BreadcrumbList\",\"@id\":\"https:\\\/\\\/webknjizara.hr\\\/proizvod\\\/metodoloski-rjecnik-anci-leburic-i-drugi\\\/#breadcrumb\",\"itemListElement\":[{\"@type\":\"ListItem\",\"position\":1,\"name\":\"Po\u010detna stranica\",\"item\":\"https:\\\/\\\/webknjizara.hr\\\/en\\\/\"},{\"@type\":\"ListItem\",\"position\":2,\"name\":\"Shop\",\"item\":\"https:\\\/\\\/webknjizara.hr\\\/shop\\\/\"},{\"@type\":\"ListItem\",\"position\":3,\"name\":\"METODOLO\u0160KI RJE\u010cNIK, An\u010di Leburi\u0107 i drugi\"}]},{\"@type\":\"WebSite\",\"@id\":\"https:\\\/\\\/webknjizara.hr\\\/#website\",\"url\":\"https:\\\/\\\/webknjizara.hr\\\/\",\"name\":\"Web Knji\u017eara\",\"description\":\"\",\"publisher\":{\"@id\":\"https:\\\/\\\/webknjizara.hr\\\/#organization\"},\"potentialAction\":[{\"@type\":\"SearchAction\",\"target\":{\"@type\":\"EntryPoint\",\"urlTemplate\":\"https:\\\/\\\/webknjizara.hr\\\/?s={search_term_string}\"},\"query-input\":{\"@type\":\"PropertyValueSpecification\",\"valueRequired\":true,\"valueName\":\"search_term_string\"}}],\"inLanguage\":\"en-US\"},{\"@type\":\"Organization\",\"@id\":\"https:\\\/\\\/webknjizara.hr\\\/#organization\",\"name\":\"REDAK D.O.O.\",\"url\":\"https:\\\/\\\/webknjizara.hr\\\/\",\"logo\":{\"@type\":\"ImageObject\",\"inLanguage\":\"en-US\",\"@id\":\"https:\\\/\\\/webknjizara.hr\\\/#\\\/schema\\\/logo\\\/image\\\/\",\"url\":\"https:\\\/\\\/webknjizara.hr\\\/wp-content\\\/uploads\\\/2023\\\/01\\\/web-knjizara-logo.webp\",\"contentUrl\":\"https:\\\/\\\/webknjizara.hr\\\/wp-content\\\/uploads\\\/2023\\\/01\\\/web-knjizara-logo.webp\",\"width\":324,\"height\":79,\"caption\":\"REDAK D.O.O.\"},\"image\":{\"@id\":\"https:\\\/\\\/webknjizara.hr\\\/#\\\/schema\\\/logo\\\/image\\\/\"}}]}<\/script>\n<!-- \/ Yoast SEO plugin. -->","yoast_head_json":{"title":"METODOLO\u0160KI RJE\u010cNIK, An\u010di Leburi\u0107 i drugi - Web-knji\u017eara","robots":{"index":"index","follow":"follow","max-snippet":"max-snippet:-1","max-image-preview":"max-image-preview:large","max-video-preview":"max-video-preview:-1"},"canonical":"https:\/\/webknjizara.hr\/proizvod\/metodoloski-rjecnik-anci-leburic-i-drugi\/","og_locale":"en_US","og_type":"article","og_title":"METODOLO\u0160KI RJE\u010cNIK, An\u010di Leburi\u0107 i drugi - Web-knji\u017eara","og_description":"Sa\u017eetak: Sociologija kao istaknutija dru\u0161tvena znanost posjeduje ve\u0107 zna\u010dajan broj sociolo\u0161kih rje\u010dnika, kao i onih predmetnih rje\u010dni\u010dkih priru\u010dnika, npr. kulturalnih, medijskih i sl. S druge strane, metodologija kao dru\u0161tvena znanost ne posjeduje u svjetskim okvirima zamjetan broj metodolo\u0161kih rje\u010dnika, premda su se u nizu ostalih dru\u0161tvenih znanosti objavljivali rje\u010dnici, leksikoni, enciklopedije i sli\u010dne tiskane forme. [&hellip;]","og_url":"https:\/\/webknjizara.hr\/proizvod\/metodoloski-rjecnik-anci-leburic-i-drugi\/","og_site_name":"Web-knji\u017eara","article_modified_time":"2023-02-26T23:16:15+00:00","og_image":[{"width":314,"height":500,"url":"https:\/\/webknjizara.hr\/wp-content\/uploads\/nc\/images\/virtuemart\/product\/metodolo-ki-rje-55f02840e4228.jpg","type":"image\/jpeg"}],"twitter_card":"summary_large_image","twitter_misc":{"Est. reading time":"3 minutes"},"schema":{"@context":"https:\/\/schema.org","@graph":[{"@type":"WebPage","@id":"https:\/\/webknjizara.hr\/proizvod\/metodoloski-rjecnik-anci-leburic-i-drugi\/","url":"https:\/\/webknjizara.hr\/proizvod\/metodoloski-rjecnik-anci-leburic-i-drugi\/","name":"METODOLO\u0160KI RJE\u010cNIK, An\u010di Leburi\u0107 i drugi - Web-knji\u017eara","isPartOf":{"@id":"https:\/\/webknjizara.hr\/#website"},"primaryImageOfPage":{"@id":"https:\/\/webknjizara.hr\/proizvod\/metodoloski-rjecnik-anci-leburic-i-drugi\/#primaryimage"},"image":{"@id":"https:\/\/webknjizara.hr\/proizvod\/metodoloski-rjecnik-anci-leburic-i-drugi\/#primaryimage"},"thumbnailUrl":"https:\/\/webknjizara.hr\/wp-content\/uploads\/nc\/images\/virtuemart\/product\/metodolo-ki-rje-55f02840e4228.jpg","datePublished":"2014-11-08T09:04:01+00:00","dateModified":"2023-02-26T23:16:15+00:00","breadcrumb":{"@id":"https:\/\/webknjizara.hr\/proizvod\/metodoloski-rjecnik-anci-leburic-i-drugi\/#breadcrumb"},"inLanguage":"en-US","potentialAction":[{"@type":"ReadAction","target":["https:\/\/webknjizara.hr\/proizvod\/metodoloski-rjecnik-anci-leburic-i-drugi\/"]}]},{"@type":"ImageObject","inLanguage":"en-US","@id":"https:\/\/webknjizara.hr\/proizvod\/metodoloski-rjecnik-anci-leburic-i-drugi\/#primaryimage","url":"https:\/\/webknjizara.hr\/wp-content\/uploads\/nc\/images\/virtuemart\/product\/metodolo-ki-rje-55f02840e4228.jpg","contentUrl":"https:\/\/webknjizara.hr\/wp-content\/uploads\/nc\/images\/virtuemart\/product\/metodolo-ki-rje-55f02840e4228.jpg","width":314,"height":500,"caption":"METODOLO\u0160KI RJE\u010cNIK, An\u010di Leburi\u0107 i drugi"},{"@type":"BreadcrumbList","@id":"https:\/\/webknjizara.hr\/proizvod\/metodoloski-rjecnik-anci-leburic-i-drugi\/#breadcrumb","itemListElement":[{"@type":"ListItem","position":1,"name":"Po\u010detna stranica","item":"https:\/\/webknjizara.hr\/en\/"},{"@type":"ListItem","position":2,"name":"Shop","item":"https:\/\/webknjizara.hr\/shop\/"},{"@type":"ListItem","position":3,"name":"METODOLO\u0160KI RJE\u010cNIK, An\u010di Leburi\u0107 i drugi"}]},{"@type":"WebSite","@id":"https:\/\/webknjizara.hr\/#website","url":"https:\/\/webknjizara.hr\/","name":"Web Knji\u017eara","description":"","publisher":{"@id":"https:\/\/webknjizara.hr\/#organization"},"potentialAction":[{"@type":"SearchAction","target":{"@type":"EntryPoint","urlTemplate":"https:\/\/webknjizara.hr\/?s={search_term_string}"},"query-input":{"@type":"PropertyValueSpecification","valueRequired":true,"valueName":"search_term_string"}}],"inLanguage":"en-US"},{"@type":"Organization","@id":"https:\/\/webknjizara.hr\/#organization","name":"REDAK D.O.O.","url":"https:\/\/webknjizara.hr\/","logo":{"@type":"ImageObject","inLanguage":"en-US","@id":"https:\/\/webknjizara.hr\/#\/schema\/logo\/image\/","url":"https:\/\/webknjizara.hr\/wp-content\/uploads\/2023\/01\/web-knjizara-logo.webp","contentUrl":"https:\/\/webknjizara.hr\/wp-content\/uploads\/2023\/01\/web-knjizara-logo.webp","width":324,"height":79,"caption":"REDAK D.O.O."},"image":{"@id":"https:\/\/webknjizara.hr\/#\/schema\/logo\/image\/"}}]}},"_links":{"self":[{"href":"https:\/\/webknjizara.hr\/en\/wp-json\/wp\/v2\/product\/7897","targetHints":{"allow":["GET"]}}],"collection":[{"href":"https:\/\/webknjizara.hr\/en\/wp-json\/wp\/v2\/product"}],"about":[{"href":"https:\/\/webknjizara.hr\/en\/wp-json\/wp\/v2\/types\/product"}],"replies":[{"embeddable":true,"href":"https:\/\/webknjizara.hr\/en\/wp-json\/wp\/v2\/comments?post=7897"}],"wp:featuredmedia":[{"embeddable":true,"href":"https:\/\/webknjizara.hr\/en\/wp-json\/wp\/v2\/media\/7898"}],"wp:attachment":[{"href":"https:\/\/webknjizara.hr\/en\/wp-json\/wp\/v2\/media?parent=7897"}],"wp:term":[{"taxonomy":"product_brand","embeddable":true,"href":"https:\/\/webknjizara.hr\/en\/wp-json\/wp\/v2\/product_brand?post=7897"},{"taxonomy":"product_cat","embeddable":true,"href":"https:\/\/webknjizara.hr\/en\/wp-json\/wp\/v2\/product_cat?post=7897"},{"taxonomy":"product_tag","embeddable":true,"href":"https:\/\/webknjizara.hr\/en\/wp-json\/wp\/v2\/product_tag?post=7897"}],"curies":[{"name":"wp","href":"https:\/\/api.w.org\/{rel}","templated":true}]}}