{"id":7893,"date":"2014-10-29T10:23:15","date_gmt":"2014-10-29T10:23:15","guid":{"rendered":"https:\/\/webknjizara.hr\/?product=embriologija-i-histologija-covjeka-grupa-autora"},"modified":"2023-02-27T00:16:15","modified_gmt":"2023-02-26T23:16:15","slug":"embriologija-i-histologija-covjeka-grupa-autora","status":"publish","type":"product","link":"https:\/\/webknjizara.hr\/en\/proizvod\/embriologija-i-histologija-covjeka-grupa-autora\/","title":{"rendered":"EMBRIOLOGIJA I HISTOLOGIJA \u010cOVJEKA, grupa autora"},"content":{"rendered":"<p style=\"text-align: justify;\"><strong>Sa\u017eetak:<\/strong><\/p>\n<p>Embriologija i histologija \u010dovjeka studentu pru\u017eaju znanja o razvoju i histolo\u0161koj gra\u0111i \u010dovjekova tijela i tako ga osposobljavaju za razumijevanje normalne funkcije ljudskog tijela i patolo\u0161kih promjena na mikroskopskoj razini. Ud\u017ebenik Embriologija i histologija sastoji se od 30 poglavlja i 56 crte\u017ea u kojima su opisana odabrana podru\u010dja iz embriologije i histologije \u010dovjeka. Metode koje se primjenjuju u histologiji i embriologiji opisane su u uvodnom dijelu ud\u017ebenika. Razvoj \u010dovjeka od trenutka oplodnje do poroda nadovezuje se na metodologiju, dok su op\u0107a svojstva ljudskih tkiva te temeljni principi histolo\u0161ke gra\u0111e pojedinih organskih sustava opisani u dijelu ud\u017ebenika pod nazivom Histologija. Pojedina\u010dna poglavlja opisuju i klini\u010dki va\u017ene poreme\u0107aje i na\u010dine njihovog prepoznavanja, kao i osnovne principe nastanka razvojnih anomalija.<\/p>\n<p style=\"text-align: justify;\"><strong>Bilje\u0161ka o autorima:<\/strong> <\/p>\n<p><a href=\"http:\/\/neuron.mefst.hr\/docs\/znanost\/Zavod_anat_hist\/Embryology_Lab\/CV_EN_Saraga-Babic-Mirna.pdf\" target=\"_blank\" rel=\"noopener\"><strong>Mirna Saraga-Babi\u0107<\/strong><\/a> je redovita profesorica na Katedri za histologiju i embriologiju Medicinskog fakulteta Sveu\u010dili\u0161ta u Splitu. <\/p>\n<p><a href=\"http:\/\/neuron.mefst.hr\/docs\/znanost\/Zavod_anat_hist\/Pain\/Livia_Puljak_CV.pdf\" target=\"_blank\" rel=\"noopener\"><strong>Livia Puljak<\/strong><\/a> je izvanredna profesorica na Katedri za histologiju i embriologiju Medicinskog fakulteta Sveu\u010dili\u0161ta u Splitu. <\/p>\n<p><a href=\"http:\/\/neuron.mefst.hr\/docs\/znanost\/Zavod_anat_hist\/Embryology_Lab\/SMB_CV_ENG.pdf\" target=\"_blank\" rel=\"noopener\"><strong>Snje\u017eana Marde\u0161i\u0107<\/strong><\/a> je docentica na Katedri za histologiju i embriologiju Medicinskog fakulteta Sveu\u010dili\u0161ta u Splitu. <\/p>\n<p><a href=\"http:\/\/neuron.mefst.hr\/docs\/znanost\/Zavod_anat_hist\/Pain\/2014-8-01-CV_S_KOSTIC.pdf\" target=\"_blank\" rel=\"noopener\"><strong>Sandra Kosti\u0107<\/strong><\/a> je docentica na Katedri za histologiju i embriologiju Medicinskog fakulteta Sveu\u010dili\u0161ta u Splitu.<\/p>\n<p><a href=\"http:\/\/neuron.mefst.hr\/docs\/znanost\/Zavod_anat_hist\/Pain\/Damir%20Sapunar%20CV.pdf\" target=\"_blank\" rel=\"noopener\"><strong>Damir Sapunar<\/strong><\/a> je redoviti profesor na Katedri za histologiju i embriologiju Medicinskog fakulteta Sveu\u010dili\u0161ta u Splitu.<\/p>\n<p><strong>Klju\u010dne rije\u010di:<\/strong> Histologija, embriologija<\/p>\n<p style=\"text-align: justify;\"><strong>Naslov:<\/strong> Embriologija i histologija \u010dovjeka<br \/><strong>Autor:<\/strong> Mirna Saraga-Babi\u0107, Livia Puljak i suradnici<br \/><strong>Broj stranica:<\/strong> 160<br \/><strong>Nakladnik:<\/strong> SVEU\u010cILI\u0160TE U SPLITU, Sveu\u010dili\u0161ni odjel zdravstvenih studija<br \/><strong>Godina izdanja:<\/strong> 2014.<br \/><strong>Tisak:<\/strong> digitalni tisak knjiga &#8211; print na zahtjev<\/p>\n","protected":false},"excerpt":{"rendered":"<p>Sa\u017eetak: Embriologija i histologija \u010dovjeka studentu pru\u017eaju znanja o razvoju i histolo\u0161koj gra\u0111i \u010dovjekova tijela i tako ga osposobljavaju za razumijevanje normalne funkcije ljudskog tijela i patolo\u0161kih promjena na mikroskopskoj razini. Ud\u017ebenik Embriologija i histologija sastoji se od 30 poglavlja i 56 crte\u017ea u kojima su opisana odabrana podru\u010dja iz embriologije i histologije \u010dovjeka. Metode [&hellip;]<\/p>\n","protected":false},"featured_media":7894,"comment_status":"open","ping_status":"closed","template":"","meta":{"_acf_changed":false},"product_brand":[],"product_cat":[1540,1517],"product_tag":[],"class_list":{"0":"post-7893","1":"product","2":"type-product","3":"status-publish","4":"has-post-thumbnail","6":"product_cat-biomedicina-i-zdravstvo","7":"product_cat-strucna-literatura","8":"pa_autor-livia-puljak-i-suradnici","9":"pa_autor-mirna-saraga-babic","10":"pa_nakladnik-sveuciliste-u-splitu-sveucilisni-odjel-zdravstvenih-studija","12":"first","13":"instock","14":"shipping-taxable","15":"purchasable","16":"product-type-simple"},"acf":[],"yoast_head":"<!-- This site is optimized with the Yoast SEO plugin v27.3 - https:\/\/yoast.com\/product\/yoast-seo-wordpress\/ -->\n<title>EMBRIOLOGIJA I HISTOLOGIJA \u010cOVJEKA, grupa autora - Web-knji\u017eara<\/title>\n<meta name=\"robots\" content=\"index, follow, max-snippet:-1, max-image-preview:large, max-video-preview:-1\" \/>\n<link rel=\"canonical\" href=\"https:\/\/webknjizara.hr\/proizvod\/embriologija-i-histologija-covjeka-grupa-autora\/\" \/>\n<meta property=\"og:locale\" content=\"en_US\" \/>\n<meta property=\"og:type\" content=\"article\" \/>\n<meta property=\"og:title\" content=\"EMBRIOLOGIJA I HISTOLOGIJA \u010cOVJEKA, grupa autora - Web-knji\u017eara\" \/>\n<meta property=\"og:description\" content=\"Sa\u017eetak: Embriologija i histologija \u010dovjeka studentu pru\u017eaju znanja o razvoju i histolo\u0161koj gra\u0111i \u010dovjekova tijela i tako ga osposobljavaju za razumijevanje normalne funkcije ljudskog tijela i patolo\u0161kih promjena na mikroskopskoj razini. Ud\u017ebenik Embriologija i histologija sastoji se od 30 poglavlja i 56 crte\u017ea u kojima su opisana odabrana podru\u010dja iz embriologije i histologije \u010dovjeka. Metode [&hellip;]\" \/>\n<meta property=\"og:url\" content=\"https:\/\/webknjizara.hr\/proizvod\/embriologija-i-histologija-covjeka-grupa-autora\/\" \/>\n<meta property=\"og:site_name\" content=\"Web-knji\u017eara\" \/>\n<meta property=\"article:modified_time\" content=\"2023-02-26T23:16:15+00:00\" \/>\n<meta property=\"og:image\" content=\"https:\/\/webknjizara.hr\/wp-content\/uploads\/nc\/images\/virtuemart\/product\/embriologija-i-h-5450c013002de.jpg\" \/>\n\t<meta property=\"og:image:width\" content=\"358\" \/>\n\t<meta property=\"og:image:height\" content=\"500\" \/>\n\t<meta property=\"og:image:type\" content=\"image\/jpeg\" \/>\n<meta name=\"twitter:card\" content=\"summary_large_image\" \/>\n<meta name=\"twitter:label1\" content=\"Est. reading time\" \/>\n\t<meta name=\"twitter:data1\" content=\"1 minute\" \/>\n<script type=\"application\/ld+json\" class=\"yoast-schema-graph\">{\"@context\":\"https:\\\/\\\/schema.org\",\"@graph\":[{\"@type\":\"WebPage\",\"@id\":\"https:\\\/\\\/webknjizara.hr\\\/proizvod\\\/embriologija-i-histologija-covjeka-grupa-autora\\\/\",\"url\":\"https:\\\/\\\/webknjizara.hr\\\/proizvod\\\/embriologija-i-histologija-covjeka-grupa-autora\\\/\",\"name\":\"EMBRIOLOGIJA I HISTOLOGIJA \u010cOVJEKA, grupa autora - Web-knji\u017eara\",\"isPartOf\":{\"@id\":\"https:\\\/\\\/webknjizara.hr\\\/#website\"},\"primaryImageOfPage\":{\"@id\":\"https:\\\/\\\/webknjizara.hr\\\/proizvod\\\/embriologija-i-histologija-covjeka-grupa-autora\\\/#primaryimage\"},\"image\":{\"@id\":\"https:\\\/\\\/webknjizara.hr\\\/proizvod\\\/embriologija-i-histologija-covjeka-grupa-autora\\\/#primaryimage\"},\"thumbnailUrl\":\"https:\\\/\\\/webknjizara.hr\\\/wp-content\\\/uploads\\\/nc\\\/images\\\/virtuemart\\\/product\\\/embriologija-i-h-5450c013002de.jpg\",\"datePublished\":\"2014-10-29T10:23:15+00:00\",\"dateModified\":\"2023-02-26T23:16:15+00:00\",\"breadcrumb\":{\"@id\":\"https:\\\/\\\/webknjizara.hr\\\/proizvod\\\/embriologija-i-histologija-covjeka-grupa-autora\\\/#breadcrumb\"},\"inLanguage\":\"en-US\",\"potentialAction\":[{\"@type\":\"ReadAction\",\"target\":[\"https:\\\/\\\/webknjizara.hr\\\/proizvod\\\/embriologija-i-histologija-covjeka-grupa-autora\\\/\"]}]},{\"@type\":\"ImageObject\",\"inLanguage\":\"en-US\",\"@id\":\"https:\\\/\\\/webknjizara.hr\\\/proizvod\\\/embriologija-i-histologija-covjeka-grupa-autora\\\/#primaryimage\",\"url\":\"https:\\\/\\\/webknjizara.hr\\\/wp-content\\\/uploads\\\/nc\\\/images\\\/virtuemart\\\/product\\\/embriologija-i-h-5450c013002de.jpg\",\"contentUrl\":\"https:\\\/\\\/webknjizara.hr\\\/wp-content\\\/uploads\\\/nc\\\/images\\\/virtuemart\\\/product\\\/embriologija-i-h-5450c013002de.jpg\",\"width\":358,\"height\":500,\"caption\":\"EMBRIOLOGIJA I HISTOLOGIJA \u010cOVJEKA, grupa autora\"},{\"@type\":\"BreadcrumbList\",\"@id\":\"https:\\\/\\\/webknjizara.hr\\\/proizvod\\\/embriologija-i-histologija-covjeka-grupa-autora\\\/#breadcrumb\",\"itemListElement\":[{\"@type\":\"ListItem\",\"position\":1,\"name\":\"Po\u010detna stranica\",\"item\":\"https:\\\/\\\/webknjizara.hr\\\/en\\\/\"},{\"@type\":\"ListItem\",\"position\":2,\"name\":\"Shop\",\"item\":\"https:\\\/\\\/webknjizara.hr\\\/shop\\\/\"},{\"@type\":\"ListItem\",\"position\":3,\"name\":\"EMBRIOLOGIJA I HISTOLOGIJA \u010cOVJEKA, grupa autora\"}]},{\"@type\":\"WebSite\",\"@id\":\"https:\\\/\\\/webknjizara.hr\\\/#website\",\"url\":\"https:\\\/\\\/webknjizara.hr\\\/\",\"name\":\"Web Knji\u017eara\",\"description\":\"\",\"publisher\":{\"@id\":\"https:\\\/\\\/webknjizara.hr\\\/#organization\"},\"potentialAction\":[{\"@type\":\"SearchAction\",\"target\":{\"@type\":\"EntryPoint\",\"urlTemplate\":\"https:\\\/\\\/webknjizara.hr\\\/?s={search_term_string}\"},\"query-input\":{\"@type\":\"PropertyValueSpecification\",\"valueRequired\":true,\"valueName\":\"search_term_string\"}}],\"inLanguage\":\"en-US\"},{\"@type\":\"Organization\",\"@id\":\"https:\\\/\\\/webknjizara.hr\\\/#organization\",\"name\":\"REDAK D.O.O.\",\"url\":\"https:\\\/\\\/webknjizara.hr\\\/\",\"logo\":{\"@type\":\"ImageObject\",\"inLanguage\":\"en-US\",\"@id\":\"https:\\\/\\\/webknjizara.hr\\\/#\\\/schema\\\/logo\\\/image\\\/\",\"url\":\"https:\\\/\\\/webknjizara.hr\\\/wp-content\\\/uploads\\\/2023\\\/01\\\/web-knjizara-logo.webp\",\"contentUrl\":\"https:\\\/\\\/webknjizara.hr\\\/wp-content\\\/uploads\\\/2023\\\/01\\\/web-knjizara-logo.webp\",\"width\":324,\"height\":79,\"caption\":\"REDAK D.O.O.\"},\"image\":{\"@id\":\"https:\\\/\\\/webknjizara.hr\\\/#\\\/schema\\\/logo\\\/image\\\/\"}}]}<\/script>\n<!-- \/ Yoast SEO plugin. -->","yoast_head_json":{"title":"EMBRIOLOGIJA I HISTOLOGIJA \u010cOVJEKA, grupa autora - Web-knji\u017eara","robots":{"index":"index","follow":"follow","max-snippet":"max-snippet:-1","max-image-preview":"max-image-preview:large","max-video-preview":"max-video-preview:-1"},"canonical":"https:\/\/webknjizara.hr\/proizvod\/embriologija-i-histologija-covjeka-grupa-autora\/","og_locale":"en_US","og_type":"article","og_title":"EMBRIOLOGIJA I HISTOLOGIJA \u010cOVJEKA, grupa autora - Web-knji\u017eara","og_description":"Sa\u017eetak: Embriologija i histologija \u010dovjeka studentu pru\u017eaju znanja o razvoju i histolo\u0161koj gra\u0111i \u010dovjekova tijela i tako ga osposobljavaju za razumijevanje normalne funkcije ljudskog tijela i patolo\u0161kih promjena na mikroskopskoj razini. Ud\u017ebenik Embriologija i histologija sastoji se od 30 poglavlja i 56 crte\u017ea u kojima su opisana odabrana podru\u010dja iz embriologije i histologije \u010dovjeka. Metode [&hellip;]","og_url":"https:\/\/webknjizara.hr\/proizvod\/embriologija-i-histologija-covjeka-grupa-autora\/","og_site_name":"Web-knji\u017eara","article_modified_time":"2023-02-26T23:16:15+00:00","og_image":[{"width":358,"height":500,"url":"https:\/\/webknjizara.hr\/wp-content\/uploads\/nc\/images\/virtuemart\/product\/embriologija-i-h-5450c013002de.jpg","type":"image\/jpeg"}],"twitter_card":"summary_large_image","twitter_misc":{"Est. reading time":"1 minute"},"schema":{"@context":"https:\/\/schema.org","@graph":[{"@type":"WebPage","@id":"https:\/\/webknjizara.hr\/proizvod\/embriologija-i-histologija-covjeka-grupa-autora\/","url":"https:\/\/webknjizara.hr\/proizvod\/embriologija-i-histologija-covjeka-grupa-autora\/","name":"EMBRIOLOGIJA I HISTOLOGIJA \u010cOVJEKA, grupa autora - Web-knji\u017eara","isPartOf":{"@id":"https:\/\/webknjizara.hr\/#website"},"primaryImageOfPage":{"@id":"https:\/\/webknjizara.hr\/proizvod\/embriologija-i-histologija-covjeka-grupa-autora\/#primaryimage"},"image":{"@id":"https:\/\/webknjizara.hr\/proizvod\/embriologija-i-histologija-covjeka-grupa-autora\/#primaryimage"},"thumbnailUrl":"https:\/\/webknjizara.hr\/wp-content\/uploads\/nc\/images\/virtuemart\/product\/embriologija-i-h-5450c013002de.jpg","datePublished":"2014-10-29T10:23:15+00:00","dateModified":"2023-02-26T23:16:15+00:00","breadcrumb":{"@id":"https:\/\/webknjizara.hr\/proizvod\/embriologija-i-histologija-covjeka-grupa-autora\/#breadcrumb"},"inLanguage":"en-US","potentialAction":[{"@type":"ReadAction","target":["https:\/\/webknjizara.hr\/proizvod\/embriologija-i-histologija-covjeka-grupa-autora\/"]}]},{"@type":"ImageObject","inLanguage":"en-US","@id":"https:\/\/webknjizara.hr\/proizvod\/embriologija-i-histologija-covjeka-grupa-autora\/#primaryimage","url":"https:\/\/webknjizara.hr\/wp-content\/uploads\/nc\/images\/virtuemart\/product\/embriologija-i-h-5450c013002de.jpg","contentUrl":"https:\/\/webknjizara.hr\/wp-content\/uploads\/nc\/images\/virtuemart\/product\/embriologija-i-h-5450c013002de.jpg","width":358,"height":500,"caption":"EMBRIOLOGIJA I HISTOLOGIJA \u010cOVJEKA, grupa autora"},{"@type":"BreadcrumbList","@id":"https:\/\/webknjizara.hr\/proizvod\/embriologija-i-histologija-covjeka-grupa-autora\/#breadcrumb","itemListElement":[{"@type":"ListItem","position":1,"name":"Po\u010detna stranica","item":"https:\/\/webknjizara.hr\/en\/"},{"@type":"ListItem","position":2,"name":"Shop","item":"https:\/\/webknjizara.hr\/shop\/"},{"@type":"ListItem","position":3,"name":"EMBRIOLOGIJA I HISTOLOGIJA \u010cOVJEKA, grupa autora"}]},{"@type":"WebSite","@id":"https:\/\/webknjizara.hr\/#website","url":"https:\/\/webknjizara.hr\/","name":"Web Knji\u017eara","description":"","publisher":{"@id":"https:\/\/webknjizara.hr\/#organization"},"potentialAction":[{"@type":"SearchAction","target":{"@type":"EntryPoint","urlTemplate":"https:\/\/webknjizara.hr\/?s={search_term_string}"},"query-input":{"@type":"PropertyValueSpecification","valueRequired":true,"valueName":"search_term_string"}}],"inLanguage":"en-US"},{"@type":"Organization","@id":"https:\/\/webknjizara.hr\/#organization","name":"REDAK D.O.O.","url":"https:\/\/webknjizara.hr\/","logo":{"@type":"ImageObject","inLanguage":"en-US","@id":"https:\/\/webknjizara.hr\/#\/schema\/logo\/image\/","url":"https:\/\/webknjizara.hr\/wp-content\/uploads\/2023\/01\/web-knjizara-logo.webp","contentUrl":"https:\/\/webknjizara.hr\/wp-content\/uploads\/2023\/01\/web-knjizara-logo.webp","width":324,"height":79,"caption":"REDAK D.O.O."},"image":{"@id":"https:\/\/webknjizara.hr\/#\/schema\/logo\/image\/"}}]}},"_links":{"self":[{"href":"https:\/\/webknjizara.hr\/en\/wp-json\/wp\/v2\/product\/7893","targetHints":{"allow":["GET"]}}],"collection":[{"href":"https:\/\/webknjizara.hr\/en\/wp-json\/wp\/v2\/product"}],"about":[{"href":"https:\/\/webknjizara.hr\/en\/wp-json\/wp\/v2\/types\/product"}],"replies":[{"embeddable":true,"href":"https:\/\/webknjizara.hr\/en\/wp-json\/wp\/v2\/comments?post=7893"}],"wp:featuredmedia":[{"embeddable":true,"href":"https:\/\/webknjizara.hr\/en\/wp-json\/wp\/v2\/media\/7894"}],"wp:attachment":[{"href":"https:\/\/webknjizara.hr\/en\/wp-json\/wp\/v2\/media?parent=7893"}],"wp:term":[{"taxonomy":"product_brand","embeddable":true,"href":"https:\/\/webknjizara.hr\/en\/wp-json\/wp\/v2\/product_brand?post=7893"},{"taxonomy":"product_cat","embeddable":true,"href":"https:\/\/webknjizara.hr\/en\/wp-json\/wp\/v2\/product_cat?post=7893"},{"taxonomy":"product_tag","embeddable":true,"href":"https:\/\/webknjizara.hr\/en\/wp-json\/wp\/v2\/product_tag?post=7893"}],"curies":[{"name":"wp","href":"https:\/\/api.w.org\/{rel}","templated":true}]}}