{"id":7869,"date":"2014-09-26T10:35:26","date_gmt":"2014-09-26T10:35:26","guid":{"rendered":"https:\/\/webknjizara.hr\/?product=financijsko-poslovanje-ivan-vujevic"},"modified":"2023-02-27T00:16:14","modified_gmt":"2023-02-26T23:16:14","slug":"financijsko-poslovanje-ivan-vujevic","status":"publish","type":"product","link":"https:\/\/webknjizara.hr\/en\/proizvod\/financijsko-poslovanje-ivan-vujevic\/","title":{"rendered":"FINANCIJSKO POSLOVANJE, Ivan Vujevi\u0107"},"content":{"rendered":"<p style=\"text-align: justify;\"><strong><br \/>Sa\u017eetak:<br \/><\/strong><br \/>Knjiga &#8220;Financijsko poslovanje&#8221; nastala je kao nadogradnja na autorov vi\u0161egodi\u0161nji znanstvenoistra\u017eiva\u010dki i nastavni rad iz ovog podru\u010dja ekonomske znanosti. Cilj pisanja je da \u0161to\u00a0jednostavnije i za \u0161iru javnost shvatljivije oslika problematiku ovog financijskog i ekonomskog\u00a0podru\u010dja.<\/p>\n<p>Knjiga je prije svega namijenjena studentima ekonomskih fakulteta i drugih visokih \u0161kola na\u00a0kojima se izu\u010dava ekonomsko-financijska problematika poslovanja poduze\u0107a jer je va\u017eno\u00a0poznavanje ovog podru\u010dja ekonomske znanosti u praksi budu\u0107i da je financijsko stanje osnova\u00a0za dono\u0161enje menad\u017eerskih odluka.<\/p>\n<p>U dono\u0161enju menad\u017eerskih odluka javlja se financijska politika poduze\u0107a kao polazna aktivnost\u00a0financijskog upravljanja poduze\u0107em kao osnova za usmjeravanje i djelovanje financijske\u00a0funkcije i iz nje drugih financijskih odnosa koji iz tog djelovanja proistje\u010du, a koji se odnose na\u00a0poslovanje poduze\u0107a. Financijska politika se odnosi na stvarala\u010dko odlu\u010divanje o osnovnim\u00a0financijskim ciljevima poduze\u0107a i izbor odgovaraju\u0107ih strategija i struktura za njihovo ostvarenje.<\/p>\n<p>Financijska politika se konkretizira financijskim planiranjem, organiziranjem rada financijske\u00a0funkcije, motiviranjem i koordiniranjem, a realizira se, u pravilu, teku\u0107im odlu\u010divanjem.\u00a0Osnovni zadatak financijske politike odnosi se na osiguravanje nesmetanog djelovanja\u00a0poduze\u0107a na tr\u017ei\u0161tu, sposobnosti o\u010duvanja i pove\u0107avanja njegove imovine sa odr\u017eavanjem\u00a0odgovaraju\u0107eg stupnja likvidnosti.<\/p>\n<p>Financijsko poslovanje ostvaruje se djelovanjem financijske funkcije u organiziranom\u00a0pribavljanju financijskih sredstava i nastojanju da se racionalno transformiraju u poslovnim\u00a0procesima, kako bi se ostvarili financijski ciljevi, osobito u o\u010duvanju i pove\u0107anju imovine\u00a0poduze\u0107a, kao i njegove plate\u017ene sposobnost za vra\u0107anje financijskih sredstava izvorima. To je,\u00a0u stvari, realizacija ciljeva financijske politike, sve u cilju stvaranja i odr\u017eavanja optimalne\u00a0strukture sredstava i izvora, \u0161to se uobi\u010dajeno posti\u017ee racionalnim financiranjem\u00a0Sadr\u017eaj knjige je uskla\u0111en s postoje\u0107im nastavnim planom i programom kolegija Financijsko\u00a0poslovanje. Matemati\u010dko-grafi\u010dki instrumentarij je upotrebljen u onoj mjeri da ne zamagljuje\u00a0predstavljene probleme, ve\u0107 da ih bistri.<\/p>\n<p>&#8211; Iz predgovora<\/p>\n<p><strong style=\"text-align: justify;\">Bilje\u0161ka o autoru\/autorici:<\/strong>\u00a0<br style=\"text-align: justify;\" \/><br style=\"text-align: justify;\" \/>IVAN VUJEVI\u0106 ro\u0111en je 1939. godine u Podbablju kod Imotskog. Diplomirao je 1964. na Ekonomskom fakultetu u Sarajevu, magistrirao 1968. u Zagrebu, a doktorirao 1977. u Rijeci. Dvadesetak godina radio je na rukovode\u0107im radnim mjestima u ugostiteljsko-turisti\u010dkim poduze\u0107ima. Dugogodi\u0161nji je profesor na Ekonomskom fakultetu u Splitu i Mostaru. Sada je anga\u017eiran u svojstvu profesora Visoke \u0161kole za inspekcijski i kadrovski menad\u017ement u Splitu. Objavio je oko stotinu znanstvenih i stru\u010dnih radova i oko 50 (pedeset knjiga) iz razli\u010ditih podru\u010dja, kao:\u00a0<strong style=\"text-align: justify;\">(A) Enciklopedije i leksikoni:<\/strong>\u00a0Enciklopedija \u017eivota 1., 2. i 3. (Split, 2007.), Ekonomski leksikon (2007.),\u00a0<strong style=\"text-align: justify;\">(B) Ekonomska znanost:<\/strong>\u00a01. Integracije u ugostiteljskohotelskoj privredi (\u010cakovec, 1981.), 2. Gostiteljstvo i turizam, na\u010dela razvitka i praksa ( Split, 1997.), 3. Hrvatska stvarnost (1990.-2000.) (Omi\u0161, 2000.), 4. Financijska analiza (Split, 2003.), 5. Revizija (Split, 2003.), 6. Poduzetni\u0161tvo (Split, 2004.), 7. Ekonomski koncept potro\u0161nje, \u0161tednje i duga (Split, 2004.), 8. Financijska analiza u teoriji i praksi ( Split, 2005.), 9. Revizija u teoriji i praksi ( Split, 2005.), 10.Poimanje \u017eivota i izbor slobodne volje u pona\u0161anju potro\u0161a\u010da (Split, 2005.), 11.Osnove poslovne analize (Split, 2008.), 12.Analiza financijskih izvje\u0161taja (Split, 2009.) i 13. Financijsko izvje\u0161\u0107ivanje i revizije (Split, 2010.), Ra\u010dunovodstvo i revizija (Split,2013.) i Analiza poslovanja poduze\u0107a (Split, 2013.)\u00a0<strong style=\"text-align: justify;\">C) Hrvatska stvarnost (hrvatska povijest):<\/strong>\u00a01. Hrvatska stvarnost (1835.-1939.) ( Split, 2008.), 2. Hrvatska stvarnost (1939.-2005.) (Split, 2006.), 3. Svjedo\u010denje vremena, Bruno Bu\u0161i\u0107 mu\u010denik i vizionar (Split, 2009.), 4. Franjo Tu\u0111man (1990. &#8211; 1999.) ( Split, 2011.) i 5. Stjepan Mesi\u0107 (2000. &#8211; 2010.) (Imotski, 2011.),\u00a0<strong style=\"text-align: justify;\">(D) Antika:<\/strong>\u00a01. Duh antike ( Omi\u0161, 2002.), 2. Anti\u010dki nauk i latinske mudrosti ( Split, 2003.), 3. Homerova mapa Trojanskog rata i njena aplikacija ( Split, 2004.) i 4. U spoznaji sebe (Split, 2011.),\u00a0<strong style=\"text-align: justify;\">(E) \u017divotna stvarnost:<\/strong>\u00a01. Duh ljubavi ( Split, 1998.), 2. \u017divotna stvarnost ( Split, 2003.), 3. O prijateljstvu (Split, 2003.), 4. O sre\u0107i i nesre\u0107i (Split, 2004.), 5. Osmijeh, smijeh, pla\u010d i suze ( Split, 2004.), 6. Zdravlje i medicina kroz povijest ( Omi\u0161, 2004.), 7. O braku i obitelji ( Omi\u0161, 2004.), 8. O ljubavi, (Split, 2004.), 9. Pravo i Pravda ( Split, 2004.), 10. O umu, duhu i du\u0161i ( Split, 2004.), 11. Smrt i Uskrsnu\u0107e (Split, 2004.), 12. Vjere, religije i grijesi ( Split, 2004.), 13. Povijest postanka svijeta i \u010dovjeka ( Split, 2005.), 14. Rat i mir, mo\u0107 politike i globalizacija (Split, 2005.), Probu\u0111ena sje\u0107anja traganja za smislom (Split, 2012.),\u00a0<strong style=\"text-align: justify;\">(F) Etnologija:<\/strong>\u00a01. Graditeljska ba\u0161tina ( Split, 2008.) i\u00a0<strong style=\"text-align: justify;\">(G) Zbirke poezije:<\/strong>\u00a01. Hrvatska u srcu sina (Imotski, 1997.) i 2. Zov Domovine (Omi\u0161, 1999.)<\/p>\n<p style=\"text-align: justify;\"><strong>Naslov:<\/strong> Financijsko poslovanje <br \/><strong>Autor:<\/strong> Ivan Vujevi\u0107 <br \/><strong>Broj stranica:<\/strong> 108<br \/><strong>Nakladnik:<\/strong> REDAK <br \/><strong>Godina izdanja:<\/strong> 2013.<br \/><strong>ISBN:<\/strong> 978-953-336-113-0 <br \/><strong>Tisak:<\/strong> digitalni tisak knjiga &#8211; print na zahtjev<\/p>\n","protected":false},"excerpt":{"rendered":"<p>Sa\u017eetak:Knjiga &#8220;Financijsko poslovanje&#8221; nastala je kao nadogradnja na autorov vi\u0161egodi\u0161nji znanstvenoistra\u017eiva\u010dki i nastavni rad iz ovog podru\u010dja ekonomske znanosti. Cilj pisanja je da \u0161to\u00a0jednostavnije i za \u0161iru javnost shvatljivije oslika problematiku ovog financijskog i ekonomskog\u00a0podru\u010dja. Knjiga je prije svega namijenjena studentima ekonomskih fakulteta i drugih visokih \u0161kola na\u00a0kojima se izu\u010dava ekonomsko-financijska problematika poslovanja poduze\u0107a jer [&hellip;]<\/p>\n","protected":false},"featured_media":7870,"comment_status":"open","ping_status":"closed","template":"","meta":{"_acf_changed":false},"product_brand":[],"product_cat":[1517],"product_tag":[],"class_list":{"0":"post-7869","1":"product","2":"type-product","3":"status-publish","4":"has-post-thumbnail","6":"product_cat-strucna-literatura","7":"pa_autor-ivan-vujevic","8":"pa_nakladnik-redak","10":"first","11":"instock","12":"shipping-taxable","13":"purchasable","14":"product-type-simple"},"acf":[],"yoast_head":"<!-- This site is optimized with the Yoast SEO plugin v27.3 - https:\/\/yoast.com\/product\/yoast-seo-wordpress\/ -->\n<title>FINANCIJSKO POSLOVANJE, Ivan Vujevi\u0107 - Web-knji\u017eara<\/title>\n<meta name=\"robots\" content=\"index, follow, max-snippet:-1, max-image-preview:large, max-video-preview:-1\" \/>\n<link rel=\"canonical\" href=\"https:\/\/webknjizara.hr\/proizvod\/financijsko-poslovanje-ivan-vujevic\/\" \/>\n<meta property=\"og:locale\" content=\"en_US\" \/>\n<meta property=\"og:type\" content=\"article\" \/>\n<meta property=\"og:title\" content=\"FINANCIJSKO POSLOVANJE, Ivan Vujevi\u0107 - Web-knji\u017eara\" \/>\n<meta property=\"og:description\" content=\"Sa\u017eetak:Knjiga &#8220;Financijsko poslovanje&#8221; nastala je kao nadogradnja na autorov vi\u0161egodi\u0161nji znanstvenoistra\u017eiva\u010dki i nastavni rad iz ovog podru\u010dja ekonomske znanosti. Cilj pisanja je da \u0161to\u00a0jednostavnije i za \u0161iru javnost shvatljivije oslika problematiku ovog financijskog i ekonomskog\u00a0podru\u010dja. Knjiga je prije svega namijenjena studentima ekonomskih fakulteta i drugih visokih \u0161kola na\u00a0kojima se izu\u010dava ekonomsko-financijska problematika poslovanja poduze\u0107a jer [&hellip;]\" \/>\n<meta property=\"og:url\" content=\"https:\/\/webknjizara.hr\/proizvod\/financijsko-poslovanje-ivan-vujevic\/\" \/>\n<meta property=\"og:site_name\" content=\"Web-knji\u017eara\" \/>\n<meta property=\"article:modified_time\" content=\"2023-02-26T23:16:14+00:00\" \/>\n<meta property=\"og:image\" content=\"https:\/\/webknjizara.hr\/wp-content\/uploads\/nc\/images\/virtuemart\/product\/financijsko-posl-5425416e149ae.jpg\" \/>\n\t<meta property=\"og:image:width\" content=\"356\" \/>\n\t<meta property=\"og:image:height\" content=\"500\" \/>\n\t<meta property=\"og:image:type\" content=\"image\/jpeg\" \/>\n<meta name=\"twitter:card\" content=\"summary_large_image\" \/>\n<meta name=\"twitter:label1\" content=\"Est. reading time\" \/>\n\t<meta name=\"twitter:data1\" content=\"4 minutes\" \/>\n<script type=\"application\/ld+json\" class=\"yoast-schema-graph\">{\"@context\":\"https:\\\/\\\/schema.org\",\"@graph\":[{\"@type\":\"WebPage\",\"@id\":\"https:\\\/\\\/webknjizara.hr\\\/proizvod\\\/financijsko-poslovanje-ivan-vujevic\\\/\",\"url\":\"https:\\\/\\\/webknjizara.hr\\\/proizvod\\\/financijsko-poslovanje-ivan-vujevic\\\/\",\"name\":\"FINANCIJSKO POSLOVANJE, Ivan Vujevi\u0107 - Web-knji\u017eara\",\"isPartOf\":{\"@id\":\"https:\\\/\\\/webknjizara.hr\\\/#website\"},\"primaryImageOfPage\":{\"@id\":\"https:\\\/\\\/webknjizara.hr\\\/proizvod\\\/financijsko-poslovanje-ivan-vujevic\\\/#primaryimage\"},\"image\":{\"@id\":\"https:\\\/\\\/webknjizara.hr\\\/proizvod\\\/financijsko-poslovanje-ivan-vujevic\\\/#primaryimage\"},\"thumbnailUrl\":\"https:\\\/\\\/webknjizara.hr\\\/wp-content\\\/uploads\\\/nc\\\/images\\\/virtuemart\\\/product\\\/financijsko-posl-5425416e149ae.jpg\",\"datePublished\":\"2014-09-26T10:35:26+00:00\",\"dateModified\":\"2023-02-26T23:16:14+00:00\",\"breadcrumb\":{\"@id\":\"https:\\\/\\\/webknjizara.hr\\\/proizvod\\\/financijsko-poslovanje-ivan-vujevic\\\/#breadcrumb\"},\"inLanguage\":\"en-US\",\"potentialAction\":[{\"@type\":\"ReadAction\",\"target\":[\"https:\\\/\\\/webknjizara.hr\\\/proizvod\\\/financijsko-poslovanje-ivan-vujevic\\\/\"]}]},{\"@type\":\"ImageObject\",\"inLanguage\":\"en-US\",\"@id\":\"https:\\\/\\\/webknjizara.hr\\\/proizvod\\\/financijsko-poslovanje-ivan-vujevic\\\/#primaryimage\",\"url\":\"https:\\\/\\\/webknjizara.hr\\\/wp-content\\\/uploads\\\/nc\\\/images\\\/virtuemart\\\/product\\\/financijsko-posl-5425416e149ae.jpg\",\"contentUrl\":\"https:\\\/\\\/webknjizara.hr\\\/wp-content\\\/uploads\\\/nc\\\/images\\\/virtuemart\\\/product\\\/financijsko-posl-5425416e149ae.jpg\",\"width\":356,\"height\":500,\"caption\":\"FINANCIJSKO POSLOVANJE, Ivan Vujevi\u0107\"},{\"@type\":\"BreadcrumbList\",\"@id\":\"https:\\\/\\\/webknjizara.hr\\\/proizvod\\\/financijsko-poslovanje-ivan-vujevic\\\/#breadcrumb\",\"itemListElement\":[{\"@type\":\"ListItem\",\"position\":1,\"name\":\"Po\u010detna stranica\",\"item\":\"https:\\\/\\\/webknjizara.hr\\\/en\\\/\"},{\"@type\":\"ListItem\",\"position\":2,\"name\":\"Shop\",\"item\":\"https:\\\/\\\/webknjizara.hr\\\/shop\\\/\"},{\"@type\":\"ListItem\",\"position\":3,\"name\":\"FINANCIJSKO POSLOVANJE, Ivan Vujevi\u0107\"}]},{\"@type\":\"WebSite\",\"@id\":\"https:\\\/\\\/webknjizara.hr\\\/#website\",\"url\":\"https:\\\/\\\/webknjizara.hr\\\/\",\"name\":\"Web Knji\u017eara\",\"description\":\"\",\"publisher\":{\"@id\":\"https:\\\/\\\/webknjizara.hr\\\/#organization\"},\"potentialAction\":[{\"@type\":\"SearchAction\",\"target\":{\"@type\":\"EntryPoint\",\"urlTemplate\":\"https:\\\/\\\/webknjizara.hr\\\/?s={search_term_string}\"},\"query-input\":{\"@type\":\"PropertyValueSpecification\",\"valueRequired\":true,\"valueName\":\"search_term_string\"}}],\"inLanguage\":\"en-US\"},{\"@type\":\"Organization\",\"@id\":\"https:\\\/\\\/webknjizara.hr\\\/#organization\",\"name\":\"REDAK D.O.O.\",\"url\":\"https:\\\/\\\/webknjizara.hr\\\/\",\"logo\":{\"@type\":\"ImageObject\",\"inLanguage\":\"en-US\",\"@id\":\"https:\\\/\\\/webknjizara.hr\\\/#\\\/schema\\\/logo\\\/image\\\/\",\"url\":\"https:\\\/\\\/webknjizara.hr\\\/wp-content\\\/uploads\\\/2023\\\/01\\\/web-knjizara-logo.webp\",\"contentUrl\":\"https:\\\/\\\/webknjizara.hr\\\/wp-content\\\/uploads\\\/2023\\\/01\\\/web-knjizara-logo.webp\",\"width\":324,\"height\":79,\"caption\":\"REDAK D.O.O.\"},\"image\":{\"@id\":\"https:\\\/\\\/webknjizara.hr\\\/#\\\/schema\\\/logo\\\/image\\\/\"}}]}<\/script>\n<!-- \/ Yoast SEO plugin. -->","yoast_head_json":{"title":"FINANCIJSKO POSLOVANJE, Ivan Vujevi\u0107 - Web-knji\u017eara","robots":{"index":"index","follow":"follow","max-snippet":"max-snippet:-1","max-image-preview":"max-image-preview:large","max-video-preview":"max-video-preview:-1"},"canonical":"https:\/\/webknjizara.hr\/proizvod\/financijsko-poslovanje-ivan-vujevic\/","og_locale":"en_US","og_type":"article","og_title":"FINANCIJSKO POSLOVANJE, Ivan Vujevi\u0107 - Web-knji\u017eara","og_description":"Sa\u017eetak:Knjiga &#8220;Financijsko poslovanje&#8221; nastala je kao nadogradnja na autorov vi\u0161egodi\u0161nji znanstvenoistra\u017eiva\u010dki i nastavni rad iz ovog podru\u010dja ekonomske znanosti. Cilj pisanja je da \u0161to\u00a0jednostavnije i za \u0161iru javnost shvatljivije oslika problematiku ovog financijskog i ekonomskog\u00a0podru\u010dja. Knjiga je prije svega namijenjena studentima ekonomskih fakulteta i drugih visokih \u0161kola na\u00a0kojima se izu\u010dava ekonomsko-financijska problematika poslovanja poduze\u0107a jer [&hellip;]","og_url":"https:\/\/webknjizara.hr\/proizvod\/financijsko-poslovanje-ivan-vujevic\/","og_site_name":"Web-knji\u017eara","article_modified_time":"2023-02-26T23:16:14+00:00","og_image":[{"width":356,"height":500,"url":"https:\/\/webknjizara.hr\/wp-content\/uploads\/nc\/images\/virtuemart\/product\/financijsko-posl-5425416e149ae.jpg","type":"image\/jpeg"}],"twitter_card":"summary_large_image","twitter_misc":{"Est. reading time":"4 minutes"},"schema":{"@context":"https:\/\/schema.org","@graph":[{"@type":"WebPage","@id":"https:\/\/webknjizara.hr\/proizvod\/financijsko-poslovanje-ivan-vujevic\/","url":"https:\/\/webknjizara.hr\/proizvod\/financijsko-poslovanje-ivan-vujevic\/","name":"FINANCIJSKO POSLOVANJE, Ivan Vujevi\u0107 - Web-knji\u017eara","isPartOf":{"@id":"https:\/\/webknjizara.hr\/#website"},"primaryImageOfPage":{"@id":"https:\/\/webknjizara.hr\/proizvod\/financijsko-poslovanje-ivan-vujevic\/#primaryimage"},"image":{"@id":"https:\/\/webknjizara.hr\/proizvod\/financijsko-poslovanje-ivan-vujevic\/#primaryimage"},"thumbnailUrl":"https:\/\/webknjizara.hr\/wp-content\/uploads\/nc\/images\/virtuemart\/product\/financijsko-posl-5425416e149ae.jpg","datePublished":"2014-09-26T10:35:26+00:00","dateModified":"2023-02-26T23:16:14+00:00","breadcrumb":{"@id":"https:\/\/webknjizara.hr\/proizvod\/financijsko-poslovanje-ivan-vujevic\/#breadcrumb"},"inLanguage":"en-US","potentialAction":[{"@type":"ReadAction","target":["https:\/\/webknjizara.hr\/proizvod\/financijsko-poslovanje-ivan-vujevic\/"]}]},{"@type":"ImageObject","inLanguage":"en-US","@id":"https:\/\/webknjizara.hr\/proizvod\/financijsko-poslovanje-ivan-vujevic\/#primaryimage","url":"https:\/\/webknjizara.hr\/wp-content\/uploads\/nc\/images\/virtuemart\/product\/financijsko-posl-5425416e149ae.jpg","contentUrl":"https:\/\/webknjizara.hr\/wp-content\/uploads\/nc\/images\/virtuemart\/product\/financijsko-posl-5425416e149ae.jpg","width":356,"height":500,"caption":"FINANCIJSKO POSLOVANJE, Ivan Vujevi\u0107"},{"@type":"BreadcrumbList","@id":"https:\/\/webknjizara.hr\/proizvod\/financijsko-poslovanje-ivan-vujevic\/#breadcrumb","itemListElement":[{"@type":"ListItem","position":1,"name":"Po\u010detna stranica","item":"https:\/\/webknjizara.hr\/en\/"},{"@type":"ListItem","position":2,"name":"Shop","item":"https:\/\/webknjizara.hr\/shop\/"},{"@type":"ListItem","position":3,"name":"FINANCIJSKO POSLOVANJE, Ivan Vujevi\u0107"}]},{"@type":"WebSite","@id":"https:\/\/webknjizara.hr\/#website","url":"https:\/\/webknjizara.hr\/","name":"Web Knji\u017eara","description":"","publisher":{"@id":"https:\/\/webknjizara.hr\/#organization"},"potentialAction":[{"@type":"SearchAction","target":{"@type":"EntryPoint","urlTemplate":"https:\/\/webknjizara.hr\/?s={search_term_string}"},"query-input":{"@type":"PropertyValueSpecification","valueRequired":true,"valueName":"search_term_string"}}],"inLanguage":"en-US"},{"@type":"Organization","@id":"https:\/\/webknjizara.hr\/#organization","name":"REDAK D.O.O.","url":"https:\/\/webknjizara.hr\/","logo":{"@type":"ImageObject","inLanguage":"en-US","@id":"https:\/\/webknjizara.hr\/#\/schema\/logo\/image\/","url":"https:\/\/webknjizara.hr\/wp-content\/uploads\/2023\/01\/web-knjizara-logo.webp","contentUrl":"https:\/\/webknjizara.hr\/wp-content\/uploads\/2023\/01\/web-knjizara-logo.webp","width":324,"height":79,"caption":"REDAK D.O.O."},"image":{"@id":"https:\/\/webknjizara.hr\/#\/schema\/logo\/image\/"}}]}},"_links":{"self":[{"href":"https:\/\/webknjizara.hr\/en\/wp-json\/wp\/v2\/product\/7869","targetHints":{"allow":["GET"]}}],"collection":[{"href":"https:\/\/webknjizara.hr\/en\/wp-json\/wp\/v2\/product"}],"about":[{"href":"https:\/\/webknjizara.hr\/en\/wp-json\/wp\/v2\/types\/product"}],"replies":[{"embeddable":true,"href":"https:\/\/webknjizara.hr\/en\/wp-json\/wp\/v2\/comments?post=7869"}],"wp:featuredmedia":[{"embeddable":true,"href":"https:\/\/webknjizara.hr\/en\/wp-json\/wp\/v2\/media\/7870"}],"wp:attachment":[{"href":"https:\/\/webknjizara.hr\/en\/wp-json\/wp\/v2\/media?parent=7869"}],"wp:term":[{"taxonomy":"product_brand","embeddable":true,"href":"https:\/\/webknjizara.hr\/en\/wp-json\/wp\/v2\/product_brand?post=7869"},{"taxonomy":"product_cat","embeddable":true,"href":"https:\/\/webknjizara.hr\/en\/wp-json\/wp\/v2\/product_cat?post=7869"},{"taxonomy":"product_tag","embeddable":true,"href":"https:\/\/webknjizara.hr\/en\/wp-json\/wp\/v2\/product_tag?post=7869"}],"curies":[{"name":"wp","href":"https:\/\/api.w.org\/{rel}","templated":true}]}}