{"id":7863,"date":"2014-09-11T19:28:53","date_gmt":"2014-09-11T19:28:53","guid":{"rendered":"https:\/\/webknjizara.hr\/?product=praktikum-vjestina-za-stud-i-spec-obiteljske-medicine-oski-2"},"modified":"2023-02-27T00:16:12","modified_gmt":"2023-02-26T23:16:12","slug":"praktikum-vjestina-za-stud-i-spec-obiteljske-medicine-oski-2","status":"publish","type":"product","link":"https:\/\/webknjizara.hr\/en\/proizvod\/praktikum-vjestina-za-stud-i-spec-obiteljske-medicine-oski-2\/","title":{"rendered":"Praktikum vje\u0161tina za stud. i spec. obiteljske medicine, OSKI 2"},"content":{"rendered":"<p style=\"text-align: justify;\"><strong><br \/>Sa\u017eetak:<br \/><\/strong><br \/>Temeljni zadatak medicinskih fakulteta je osposobljavanje kompetentnih lije\u010dnika op\u0107e medicine. Pored kognitivnih sposobnosti budu\u0107im lije\u010dnicima treba usaditi moralne stavove\u00a0i osigurati profesionalnu psihomotoriku. Stoga, uz stjecanje znanja i zauzimanje svrsishodnih stavova, studenti trebaju tijekom dodiplomske nastave ovladati i nizom provedbenih vje\u0161tina. Te se vje\u0161tine mogu podijeliti u pretrage (ve\u0107inom dijagnosti\u010dke i neinvazivne, npr. otoskopija) i zahvate (ve\u0107inom terapijske, nerijetko invazivne, npr. punkcija tenzijskog pneumotoraksa). Razgrani\u010denje izme\u0111u ovih vje\u0161tina nije ni jednostavno niti nedvosmisleno; razdjelnica invazivnosti se obi\u010dno poistovje\u0107uje s prekidom kontinuiteta ko\u017ee. Po takvoj bi podjeli kardiopulmonalna reanimacija bila neinvazivna intervencija, premda mo\u017ee dovesti do zna\u010dajnih povreda unutarnjih organa, a ubadanje jagodice prsta radi uzorkovanja krvi invazivna, mada su komplikacije tek teorijski mogu\u0107e.<\/p>\n<p style=\"text-align: justify;\">Na kolegiju Obiteljske medicine (zadnji klini\u010dki predmet u zavr\u0161noj godini studija) ove se vje\u0161tine stje\u010du na vje\u017ebama, odnosno prakti\u010dnim radom u ordinacijama obiteljskih lije\u010dnika. Studenti tu ve\u0107 dolaze s mnogim znanjima koja se uglavnom temelje na bolni\u010dkom iskustvu, gdje su se upoznali s odabranim, uskim spektrom specifi\u010dnih bolesnika, koji se ne mo\u017ee ekstrapolirati na \u0161iroku lepezu tegoba, stanja i socijalnih problema koja ti\u0161ti posjetitelje ordinacije obiteljskog lije\u010dnika. Osim velikog raspona i \u0161arolike slike onih o kojima skrbi, lije\u010dnik obiteljske medicine (LOM) se od bolni\u010dkog klini\u010dara razlikuje i po osobitom, biopsihosocijalnom (holisti\u010dkom) pristupu pacijentu, specifi\u010dnom za ovu razinu zdravstvene za\u0161tite. Ono \u0161to ga posebno razlikuje jest da obiteljski lije\u010dnik treba jednako dobro znati postaviti infuziju, isprati uho ili uvesti urinarni kateter, a klini\u010dar samo one vje\u0161tine koje su u domeni njegove specijalizacije. Potrebna su prema tome dodatna znanja, stavovi i vje\u0161tine kako bi se toj problematici pristupilo na uspje\u0161an i djelotvoran na\u010din.<\/p>\n<p style=\"text-align: justify;\">Vrednovanje ste\u010denih znanja, stavova i vje\u0161tina provodi se ne samo na zavr\u0161nom ispitu (sumativno-zbirno: zavr\u0161na procjena stru\u010dne kompetencije), ve\u0107 i kontinuirano, tijekom kolegija obiteljske medicine (formativno-oblikovno: procjenjivanje ostvarenoga, dorada neispunjenih zadataka, poticanje na dodatno i trajno usavr\u0161avanje). Zavr\u0161ni ispit kolegija Obiteljska medicina sastoji se iz tri dijela: pismenog (zaokru\u017eivanje odgovora na pitanja s vi\u0161estrukim izborom), tvornog (OSKI) i usmenog (provjera teorijskog znanja, zaklju\u010divanja, komunikacijskih vje\u0161tina, dono\u0161enja odluka).<\/p>\n<p style=\"text-align: justify;\">OSKI (objektivno strukturirani klini\u010dki ispit, prema engl. Objective Structured Clinical Examination &#8211; OSCE) predstavlja tvorni, tj. prakti\u010dni dio sumativnog ispita. U njemu se mogu razlikovati barem tri razine provjere: na prvoj se procjenjuje teorijsko znanje o postupku i njegovim sastavnicama, na drugoj sposobnost ugradnje te vje\u0161tine u odgovaraju\u0107i kontekst (npr. rje\u0161avanje stanovitog terapijskog problema), a na tre\u0107oj izvedbena sposobnost (provedba zadanog postupka pred nastavnicima). Ipak, potpunu osposobljenost student stje\u010de tek onda kad mo\u017ee samostalno djelovati u realnom okru\u017eenju lije\u010dni\u010dke prakse. Budu\u0107i da je Praktikum namijenjen stjecanju vje\u0161tina kako studenata tako i specijalizanata, valja razlu\u010diti ove dvije skupine jer se razlikuju po stupnju znanja, stavova i vje\u0161tina. Student treba sve vje\u0161tine opisane u ovom praktikumu znati na prve dvije razine, a na tre\u0107oj samo neke, koje \u0107e svake godine biti uprili\u010dene na terenskim vje\u017ebama i u laboratoriju klini\u010dkih vje\u0161tina. Specijalizant obiteljske medicine bi svim opisanim vje\u0161tinama morao ovladati na sva tri stupnja.<\/p>\n<p style=\"text-align: justify;\">OSKI ima niz prednosti: objektivan je (za sve studente identi\u010dan skup zadataka pod jednakim uvjetima; koliko stanica toliko i ispitiva\u010da, \u010dija se subjektivnost uzajamno potire) i strukturiran (vi\u0161e, najmanje 4, obi\u010dno 5-7 stanica provjere), ali i nedostataka. Takav je ispit naime organizacijski slo\u017een, uklju\u010duje istodobno ve\u0107i broj ispitiva\u010da, pacijenata, glumaca, naprava i prostorija, a eti\u010dki stavovi, empatija i razli\u010diti oblici produktivne komunikacije s pacijentom se ne mogu dobro ispitati (takva su pitanja ve\u0107inom uklju\u010dena u usmeni dio ispita).<\/p>\n<p style=\"text-align: justify;\">Kako se OSKI provodi u evaluacijskoj praksi? Ako primjerice postoji 6 stanica (s modelima, napravama) u odre\u0111enim, odvojenim prostorijama, ispit se pola\u017ee tako da se 6 studenata rasporedi na tih 6 stanica (u svakoj je po jedan od 6 ispitiva\u010da). Nakon odre\u0111enog vremena, npr. 3 min, u kojem svaki student treba izvr\u0161iti zadanu radnju, koju na licu mjesta ocjenjuje doti\u010dni ispitiva\u010d, odlazi u slijede\u0107u stanicu. Tako studenti kru\u017ee dok ne zavr\u0161e svih 6 zadataka. Ukupno trajanje ispita u tom slu\u010daju iznosi do 24 min (tj. 6&#215;3= 18 + 6 min za rotiranje).<\/p>\n<p style=\"text-align: justify;\">Dakako, provjeru ste\u010denih vje\u0161tina bi u pravilu trebalo provoditi na pacijentima odnosno bolesnicima, a manje na modelima ili lutkama. Kako je to u sklopu kolegija Obiteljske medicine te\u0161ko, gotovo nemogu\u0107e dosljedno provesti iz niza eti\u010dkih i organizacijskih razloga, nerijetko se uz pacijente koriste modeli, lutke, odnosno prikladne naprave, koje tek dijelom odgovaraju stvarnom klini\u010dkom ugo\u0111aju. Ipak, OSKI je danas najbolji na\u010din provjere vje\u0161tina i vjerojatno najvjerodostojniji dio sumativnog ispita koji je \u0161iroko prihva\u0107en i zastupljen na gotovo svim medicinskim fakultetima u svijetu.<\/p>\n<p style=\"text-align: justify;\">Ovaj praktikum bi u tom smislu trebao olak\u0161ati usavr\u0161avanje\/svladavanje nekih vje\u0161tina koje su va\u017ene u dnevnoj praksi obiteljske medicine, a provjeravaju se na tvornom dijelu ispita (OSKI) iz obiteljske medicine. Svrhovitost svakog od opisanih postupaka je ve\u0107inom intuitivno jasna; kako bi se ipak izbjegle mogu\u0107e nejasno\u0107e, mjestimice je ukazano na patofiziolo\u0161ku pozadinu i na ciljeve odre\u0111enih zahvata.<br \/><strong><br \/>Klju\u010dne rije\u010di:<\/strong> obiteljska medicina, odabrana poglavlja, ud\u017ebenik, katedra obiteljske medicine, nastava, OSKI.<\/p>\n<p style=\"text-align: justify;\"><strong>Naslov:<\/strong> Praktikum vje\u0161tina za studente i specijalizante obiteljske medicine, OSKI 2<br \/><strong>Autor:<\/strong> Mirjana Rumboldt, Dragomir Petric i suradnici<br \/><strong>Nakladnik:<\/strong> REDAK<br \/><strong>Godina izdanja:<\/strong> 2014.<br \/><strong>Tisak:<\/strong> digitalni tisak knjiga &#8211; print na zahtjev<\/p>\n","protected":false},"excerpt":{"rendered":"<p>Sa\u017eetak:Temeljni zadatak medicinskih fakulteta je osposobljavanje kompetentnih lije\u010dnika op\u0107e medicine. Pored kognitivnih sposobnosti budu\u0107im lije\u010dnicima treba usaditi moralne stavove\u00a0i osigurati profesionalnu psihomotoriku. Stoga, uz stjecanje znanja i zauzimanje svrsishodnih stavova, studenti trebaju tijekom dodiplomske nastave ovladati i nizom provedbenih vje\u0161tina. Te se vje\u0161tine mogu podijeliti u pretrage (ve\u0107inom dijagnosti\u010dke i neinvazivne, npr. otoskopija) i zahvate [&hellip;]<\/p>\n","protected":false},"featured_media":7864,"comment_status":"open","ping_status":"closed","template":"","meta":{"_acf_changed":false},"product_brand":[],"product_cat":[1540,1517],"product_tag":[],"class_list":{"0":"post-7863","1":"product","2":"type-product","3":"status-publish","4":"has-post-thumbnail","6":"product_cat-biomedicina-i-zdravstvo","7":"product_cat-strucna-literatura","8":"pa_autor-dragomir-petric-i-suradnici","9":"pa_autor-mirjana-rumboldt","10":"pa_nakladnik-redak","12":"first","13":"instock","14":"shipping-taxable","15":"purchasable","16":"product-type-simple"},"acf":[],"yoast_head":"<!-- This site is optimized with the Yoast SEO plugin v27.3 - https:\/\/yoast.com\/product\/yoast-seo-wordpress\/ -->\n<title>Praktikum vje\u0161tina za stud. i spec. obiteljske medicine, OSKI 2 - Web-knji\u017eara<\/title>\n<meta name=\"robots\" content=\"index, follow, max-snippet:-1, max-image-preview:large, max-video-preview:-1\" \/>\n<link rel=\"canonical\" href=\"https:\/\/webknjizara.hr\/proizvod\/praktikum-vjestina-za-stud-i-spec-obiteljske-medicine-oski-2\/\" \/>\n<meta property=\"og:locale\" content=\"en_US\" \/>\n<meta property=\"og:type\" content=\"article\" \/>\n<meta property=\"og:title\" content=\"Praktikum vje\u0161tina za stud. i spec. obiteljske medicine, OSKI 2 - Web-knji\u017eara\" \/>\n<meta property=\"og:description\" content=\"Sa\u017eetak:Temeljni zadatak medicinskih fakulteta je osposobljavanje kompetentnih lije\u010dnika op\u0107e medicine. Pored kognitivnih sposobnosti budu\u0107im lije\u010dnicima treba usaditi moralne stavove\u00a0i osigurati profesionalnu psihomotoriku. Stoga, uz stjecanje znanja i zauzimanje svrsishodnih stavova, studenti trebaju tijekom dodiplomske nastave ovladati i nizom provedbenih vje\u0161tina. Te se vje\u0161tine mogu podijeliti u pretrage (ve\u0107inom dijagnosti\u010dke i neinvazivne, npr. otoskopija) i zahvate [&hellip;]\" \/>\n<meta property=\"og:url\" content=\"https:\/\/webknjizara.hr\/proizvod\/praktikum-vjestina-za-stud-i-spec-obiteljske-medicine-oski-2\/\" \/>\n<meta property=\"og:site_name\" content=\"Web-knji\u017eara\" \/>\n<meta property=\"article:modified_time\" content=\"2023-02-26T23:16:12+00:00\" \/>\n<meta property=\"og:image\" content=\"https:\/\/webknjizara.hr\/wp-content\/uploads\/nc\/images\/virtuemart\/product\/praktikum-vje-t-5411f7f582733.jpg\" \/>\n\t<meta property=\"og:image:width\" content=\"327\" \/>\n\t<meta property=\"og:image:height\" content=\"500\" \/>\n\t<meta property=\"og:image:type\" content=\"image\/jpeg\" \/>\n<meta name=\"twitter:card\" content=\"summary_large_image\" \/>\n<meta name=\"twitter:label1\" content=\"Est. reading time\" \/>\n\t<meta name=\"twitter:data1\" content=\"5 minutes\" \/>\n<script type=\"application\/ld+json\" class=\"yoast-schema-graph\">{\"@context\":\"https:\\\/\\\/schema.org\",\"@graph\":[{\"@type\":\"WebPage\",\"@id\":\"https:\\\/\\\/webknjizara.hr\\\/proizvod\\\/praktikum-vjestina-za-stud-i-spec-obiteljske-medicine-oski-2\\\/\",\"url\":\"https:\\\/\\\/webknjizara.hr\\\/proizvod\\\/praktikum-vjestina-za-stud-i-spec-obiteljske-medicine-oski-2\\\/\",\"name\":\"Praktikum vje\u0161tina za stud. i spec. obiteljske medicine, OSKI 2 - Web-knji\u017eara\",\"isPartOf\":{\"@id\":\"https:\\\/\\\/webknjizara.hr\\\/#website\"},\"primaryImageOfPage\":{\"@id\":\"https:\\\/\\\/webknjizara.hr\\\/proizvod\\\/praktikum-vjestina-za-stud-i-spec-obiteljske-medicine-oski-2\\\/#primaryimage\"},\"image\":{\"@id\":\"https:\\\/\\\/webknjizara.hr\\\/proizvod\\\/praktikum-vjestina-za-stud-i-spec-obiteljske-medicine-oski-2\\\/#primaryimage\"},\"thumbnailUrl\":\"https:\\\/\\\/webknjizara.hr\\\/wp-content\\\/uploads\\\/nc\\\/images\\\/virtuemart\\\/product\\\/praktikum-vje-t-5411f7f582733.jpg\",\"datePublished\":\"2014-09-11T19:28:53+00:00\",\"dateModified\":\"2023-02-26T23:16:12+00:00\",\"breadcrumb\":{\"@id\":\"https:\\\/\\\/webknjizara.hr\\\/proizvod\\\/praktikum-vjestina-za-stud-i-spec-obiteljske-medicine-oski-2\\\/#breadcrumb\"},\"inLanguage\":\"en-US\",\"potentialAction\":[{\"@type\":\"ReadAction\",\"target\":[\"https:\\\/\\\/webknjizara.hr\\\/proizvod\\\/praktikum-vjestina-za-stud-i-spec-obiteljske-medicine-oski-2\\\/\"]}]},{\"@type\":\"ImageObject\",\"inLanguage\":\"en-US\",\"@id\":\"https:\\\/\\\/webknjizara.hr\\\/proizvod\\\/praktikum-vjestina-za-stud-i-spec-obiteljske-medicine-oski-2\\\/#primaryimage\",\"url\":\"https:\\\/\\\/webknjizara.hr\\\/wp-content\\\/uploads\\\/nc\\\/images\\\/virtuemart\\\/product\\\/praktikum-vje-t-5411f7f582733.jpg\",\"contentUrl\":\"https:\\\/\\\/webknjizara.hr\\\/wp-content\\\/uploads\\\/nc\\\/images\\\/virtuemart\\\/product\\\/praktikum-vje-t-5411f7f582733.jpg\",\"width\":327,\"height\":500,\"caption\":\"Praktikum vje\u0161tina za stud. i spec. obiteljske medicine, OSKI 2\"},{\"@type\":\"BreadcrumbList\",\"@id\":\"https:\\\/\\\/webknjizara.hr\\\/proizvod\\\/praktikum-vjestina-za-stud-i-spec-obiteljske-medicine-oski-2\\\/#breadcrumb\",\"itemListElement\":[{\"@type\":\"ListItem\",\"position\":1,\"name\":\"Po\u010detna stranica\",\"item\":\"https:\\\/\\\/webknjizara.hr\\\/en\\\/\"},{\"@type\":\"ListItem\",\"position\":2,\"name\":\"Shop\",\"item\":\"https:\\\/\\\/webknjizara.hr\\\/shop\\\/\"},{\"@type\":\"ListItem\",\"position\":3,\"name\":\"Praktikum vje\u0161tina za stud. i spec. obiteljske medicine, OSKI 2\"}]},{\"@type\":\"WebSite\",\"@id\":\"https:\\\/\\\/webknjizara.hr\\\/#website\",\"url\":\"https:\\\/\\\/webknjizara.hr\\\/\",\"name\":\"Web Knji\u017eara\",\"description\":\"\",\"publisher\":{\"@id\":\"https:\\\/\\\/webknjizara.hr\\\/#organization\"},\"potentialAction\":[{\"@type\":\"SearchAction\",\"target\":{\"@type\":\"EntryPoint\",\"urlTemplate\":\"https:\\\/\\\/webknjizara.hr\\\/?s={search_term_string}\"},\"query-input\":{\"@type\":\"PropertyValueSpecification\",\"valueRequired\":true,\"valueName\":\"search_term_string\"}}],\"inLanguage\":\"en-US\"},{\"@type\":\"Organization\",\"@id\":\"https:\\\/\\\/webknjizara.hr\\\/#organization\",\"name\":\"REDAK D.O.O.\",\"url\":\"https:\\\/\\\/webknjizara.hr\\\/\",\"logo\":{\"@type\":\"ImageObject\",\"inLanguage\":\"en-US\",\"@id\":\"https:\\\/\\\/webknjizara.hr\\\/#\\\/schema\\\/logo\\\/image\\\/\",\"url\":\"https:\\\/\\\/webknjizara.hr\\\/wp-content\\\/uploads\\\/2023\\\/01\\\/web-knjizara-logo.webp\",\"contentUrl\":\"https:\\\/\\\/webknjizara.hr\\\/wp-content\\\/uploads\\\/2023\\\/01\\\/web-knjizara-logo.webp\",\"width\":324,\"height\":79,\"caption\":\"REDAK D.O.O.\"},\"image\":{\"@id\":\"https:\\\/\\\/webknjizara.hr\\\/#\\\/schema\\\/logo\\\/image\\\/\"}}]}<\/script>\n<!-- \/ Yoast SEO plugin. -->","yoast_head_json":{"title":"Praktikum vje\u0161tina za stud. i spec. obiteljske medicine, OSKI 2 - Web-knji\u017eara","robots":{"index":"index","follow":"follow","max-snippet":"max-snippet:-1","max-image-preview":"max-image-preview:large","max-video-preview":"max-video-preview:-1"},"canonical":"https:\/\/webknjizara.hr\/proizvod\/praktikum-vjestina-za-stud-i-spec-obiteljske-medicine-oski-2\/","og_locale":"en_US","og_type":"article","og_title":"Praktikum vje\u0161tina za stud. i spec. obiteljske medicine, OSKI 2 - Web-knji\u017eara","og_description":"Sa\u017eetak:Temeljni zadatak medicinskih fakulteta je osposobljavanje kompetentnih lije\u010dnika op\u0107e medicine. Pored kognitivnih sposobnosti budu\u0107im lije\u010dnicima treba usaditi moralne stavove\u00a0i osigurati profesionalnu psihomotoriku. Stoga, uz stjecanje znanja i zauzimanje svrsishodnih stavova, studenti trebaju tijekom dodiplomske nastave ovladati i nizom provedbenih vje\u0161tina. Te se vje\u0161tine mogu podijeliti u pretrage (ve\u0107inom dijagnosti\u010dke i neinvazivne, npr. otoskopija) i zahvate [&hellip;]","og_url":"https:\/\/webknjizara.hr\/proizvod\/praktikum-vjestina-za-stud-i-spec-obiteljske-medicine-oski-2\/","og_site_name":"Web-knji\u017eara","article_modified_time":"2023-02-26T23:16:12+00:00","og_image":[{"width":327,"height":500,"url":"https:\/\/webknjizara.hr\/wp-content\/uploads\/nc\/images\/virtuemart\/product\/praktikum-vje-t-5411f7f582733.jpg","type":"image\/jpeg"}],"twitter_card":"summary_large_image","twitter_misc":{"Est. reading time":"5 minutes"},"schema":{"@context":"https:\/\/schema.org","@graph":[{"@type":"WebPage","@id":"https:\/\/webknjizara.hr\/proizvod\/praktikum-vjestina-za-stud-i-spec-obiteljske-medicine-oski-2\/","url":"https:\/\/webknjizara.hr\/proizvod\/praktikum-vjestina-za-stud-i-spec-obiteljske-medicine-oski-2\/","name":"Praktikum vje\u0161tina za stud. i spec. obiteljske medicine, OSKI 2 - Web-knji\u017eara","isPartOf":{"@id":"https:\/\/webknjizara.hr\/#website"},"primaryImageOfPage":{"@id":"https:\/\/webknjizara.hr\/proizvod\/praktikum-vjestina-za-stud-i-spec-obiteljske-medicine-oski-2\/#primaryimage"},"image":{"@id":"https:\/\/webknjizara.hr\/proizvod\/praktikum-vjestina-za-stud-i-spec-obiteljske-medicine-oski-2\/#primaryimage"},"thumbnailUrl":"https:\/\/webknjizara.hr\/wp-content\/uploads\/nc\/images\/virtuemart\/product\/praktikum-vje-t-5411f7f582733.jpg","datePublished":"2014-09-11T19:28:53+00:00","dateModified":"2023-02-26T23:16:12+00:00","breadcrumb":{"@id":"https:\/\/webknjizara.hr\/proizvod\/praktikum-vjestina-za-stud-i-spec-obiteljske-medicine-oski-2\/#breadcrumb"},"inLanguage":"en-US","potentialAction":[{"@type":"ReadAction","target":["https:\/\/webknjizara.hr\/proizvod\/praktikum-vjestina-za-stud-i-spec-obiteljske-medicine-oski-2\/"]}]},{"@type":"ImageObject","inLanguage":"en-US","@id":"https:\/\/webknjizara.hr\/proizvod\/praktikum-vjestina-za-stud-i-spec-obiteljske-medicine-oski-2\/#primaryimage","url":"https:\/\/webknjizara.hr\/wp-content\/uploads\/nc\/images\/virtuemart\/product\/praktikum-vje-t-5411f7f582733.jpg","contentUrl":"https:\/\/webknjizara.hr\/wp-content\/uploads\/nc\/images\/virtuemart\/product\/praktikum-vje-t-5411f7f582733.jpg","width":327,"height":500,"caption":"Praktikum vje\u0161tina za stud. i spec. obiteljske medicine, OSKI 2"},{"@type":"BreadcrumbList","@id":"https:\/\/webknjizara.hr\/proizvod\/praktikum-vjestina-za-stud-i-spec-obiteljske-medicine-oski-2\/#breadcrumb","itemListElement":[{"@type":"ListItem","position":1,"name":"Po\u010detna stranica","item":"https:\/\/webknjizara.hr\/en\/"},{"@type":"ListItem","position":2,"name":"Shop","item":"https:\/\/webknjizara.hr\/shop\/"},{"@type":"ListItem","position":3,"name":"Praktikum vje\u0161tina za stud. i spec. obiteljske medicine, OSKI 2"}]},{"@type":"WebSite","@id":"https:\/\/webknjizara.hr\/#website","url":"https:\/\/webknjizara.hr\/","name":"Web Knji\u017eara","description":"","publisher":{"@id":"https:\/\/webknjizara.hr\/#organization"},"potentialAction":[{"@type":"SearchAction","target":{"@type":"EntryPoint","urlTemplate":"https:\/\/webknjizara.hr\/?s={search_term_string}"},"query-input":{"@type":"PropertyValueSpecification","valueRequired":true,"valueName":"search_term_string"}}],"inLanguage":"en-US"},{"@type":"Organization","@id":"https:\/\/webknjizara.hr\/#organization","name":"REDAK D.O.O.","url":"https:\/\/webknjizara.hr\/","logo":{"@type":"ImageObject","inLanguage":"en-US","@id":"https:\/\/webknjizara.hr\/#\/schema\/logo\/image\/","url":"https:\/\/webknjizara.hr\/wp-content\/uploads\/2023\/01\/web-knjizara-logo.webp","contentUrl":"https:\/\/webknjizara.hr\/wp-content\/uploads\/2023\/01\/web-knjizara-logo.webp","width":324,"height":79,"caption":"REDAK D.O.O."},"image":{"@id":"https:\/\/webknjizara.hr\/#\/schema\/logo\/image\/"}}]}},"_links":{"self":[{"href":"https:\/\/webknjizara.hr\/en\/wp-json\/wp\/v2\/product\/7863","targetHints":{"allow":["GET"]}}],"collection":[{"href":"https:\/\/webknjizara.hr\/en\/wp-json\/wp\/v2\/product"}],"about":[{"href":"https:\/\/webknjizara.hr\/en\/wp-json\/wp\/v2\/types\/product"}],"replies":[{"embeddable":true,"href":"https:\/\/webknjizara.hr\/en\/wp-json\/wp\/v2\/comments?post=7863"}],"wp:featuredmedia":[{"embeddable":true,"href":"https:\/\/webknjizara.hr\/en\/wp-json\/wp\/v2\/media\/7864"}],"wp:attachment":[{"href":"https:\/\/webknjizara.hr\/en\/wp-json\/wp\/v2\/media?parent=7863"}],"wp:term":[{"taxonomy":"product_brand","embeddable":true,"href":"https:\/\/webknjizara.hr\/en\/wp-json\/wp\/v2\/product_brand?post=7863"},{"taxonomy":"product_cat","embeddable":true,"href":"https:\/\/webknjizara.hr\/en\/wp-json\/wp\/v2\/product_cat?post=7863"},{"taxonomy":"product_tag","embeddable":true,"href":"https:\/\/webknjizara.hr\/en\/wp-json\/wp\/v2\/product_tag?post=7863"}],"curies":[{"name":"wp","href":"https:\/\/api.w.org\/{rel}","templated":true}]}}