{"id":7851,"date":"2014-08-14T16:49:15","date_gmt":"2014-08-14T16:49:15","guid":{"rendered":"https:\/\/webknjizara.hr\/?product=gramaticke-znacajke-vulgarnog-latinskoga-nada-bulic"},"modified":"2023-02-27T00:16:11","modified_gmt":"2023-02-26T23:16:11","slug":"gramaticke-znacajke-vulgarnog-latinskoga-nada-bulic","status":"publish","type":"product","link":"https:\/\/webknjizara.hr\/en\/proizvod\/gramaticke-znacajke-vulgarnog-latinskoga-nada-bulic\/","title":{"rendered":"GRAMATI\u010cKE ZNA\u010cAJKE VULGARNOG LATINSKOGA, Nada Buli\u0107"},"content":{"rendered":"<p style=\"text-align: justify;\"><strong><br \/>Sa\u017eetak:<br \/><\/strong><br \/>U ud\u017ebeniku se obra\u0111uju fonetska, morfolo\u0161ka, sintakti\u010dka i leksi\u010dka obilje\u017eja vulgarnog latinskog, obilje\u017eja starolatinskog u odnosu prema vulgarnom latinskom (najbitnije karakteristike starolatinskog \u2013 vokali i diftonzi, konsonanti, glagolska morfologija, dijalektalana varijacija u starolatinskom; zajedni\u010dka obilje\u017eja starolatinskog i vulgarnog latinskog). U Dodatku su prilo\u017eeni odabrani tekstovi.<\/p>\n<p style=\"text-align: justify;\"><strong><br \/>Bilje\u0161ka o autoricama:<\/strong> <\/p>\n<p><strong>Dr. sc. Nada Buli\u0107<\/strong> &#8211; ro\u0111ena 12. svibnja 1968. godine u Zadru. Diplomirala Gr\u010dki jezik i knji\u017eevnost i Latinski jezik i rimsku knji\u017eevnost 1994. god. na Odsjeku za klasi\u010dnu filologiju Filozofskog fakulteta u Zadru. Kao student dobila dvije Sveu\u010dili\u0161ne nagrade. Zavr\u0161ila Poslijediplomski studij iz Knji\u017eevnosti na Filozofskom fakultetu u Zagrebu 1994. Magistrirala 2000. na Filozofskom fakultetu u Zagrebu. Zavr\u0161ila Program novogr\u010dkog jezika na Filozofskom fakultetu u Ateni. Od 1996. do 2000. znanstveni novak na projektu \u00abBiti Hermana Dalmatinca\u00bb glavnog istra\u017eiva\u010da Antuna Slavka Kaleni\u0107a. Radila u Povjerenstvu za ud\u017ebenike Ministarstva Prosvjete i sporta Republike Hrvatske. Doktorsku disertaciju pod naslovom \u00abSmisaonozna\u010devno ishodi\u0161te filozofskog svjetonazora Hermana Dalmatina\u00bb obranila 2010. na Sveu\u010dili\u0161tu u Zadru. Od 2000. godine predaje na Odjelu za klasi\u010dnu filologiju Sveu\u010dili\u0161ta u Zadru. Predavala Gr\u010dki jezik na Odjelu za filozofiju Sveu\u010dili\u0161ta u Rijeci, Rimsku knji\u017eevnost na Sveu\u010dili\u0161tu u Puli, Historijsku gramatiku i Rimsku knji\u017eevnost na Sveu\u010dili\u0161tu u Sarajevu. Podru\u010dje znanstvenog interesa: prijevodi i recepcija gr\u010dke filozofije u islamskom svijetu, filozofija na latinskom zapadu dvanaestog stolje\u0107a, rimska knji\u017eevnost, vulgarni latinitet, novogr\u010dki jezik. Prevodi s gr\u010dkog, latinskog, novogr\u010dkog, engleskog, talijanskog i njema\u010dkog jezika. <\/p>\n<p><strong>Maria Mariola \u0160ari\u0107<\/strong> \u2013 ro\u0111ena 1. srpnja 1981. godine u Torontu. Diplomirala Francuski jezik i knji\u017eevnost i Talijanski jezik i knji\u017eevnost na University of Toronto, gdje je i magistrirala. Zavr\u0161ila je preddiplomski i diplomski studij Gr\u010dkog jezika i knji\u017eevnosti i Latinskog jezika i rimske knji\u017eevnosti na Odsjeku za klasi\u010dnu filologiju Filozofskog fakulteta u Zadru. Kao student dobila nekoliko Sveu\u010dili\u0161nih nagrada. Upisala je poslijediplomski studij u Zadru te napisala disertaciju iz podru\u010dja romanistike pod naslovom \u00abRomanizmi u privla\u010dkom govoru\u00bb. Podru\u010dje znanstvenog interesa: komparativno prou\u010davanje religije indoeuropskih naroda, poredbeno-povijesna lingvistika, arealna lingvistika, indoeuropeistika, povijest latinskog jezika, vulgarni latinitet, romanistika .<\/p>\n<p style=\"text-align: justify;\"><strong>Klju\u010dne rije\u010di:<\/strong> klasi\u010dna filologija, vulgarni latinski, historijska gramatika, starolatinski, gramati\u010dke zna\u010dajke<\/p>\n<p><strong>E-mail:<\/strong>\u00a0<a href=\"mailto:nbulic@unizd.hr\"><span style=\"text-decoration: underline;\">Nada Buli\u0107<\/span><\/a><\/p>\n<p style=\"text-align: justify;\"><strong>Naslov:<\/strong> Gramati\u010dke zna\u010dajke vulgarnog latinskoga<br \/><strong>Autor:<\/strong> Nada Buli\u0107<br \/><strong>Broj stranica:<\/strong> 222<br \/><strong>Nakladnik:<\/strong> REDAK<br \/><strong>Godina izdanja:<\/strong> 2013.<br \/><strong>ISBN:<\/strong> 978-953-336-060-7<br \/><strong>Tisak:<\/strong> digitalni tisak knjiga &#8211; print na zahtjev<\/p>\n","protected":false},"excerpt":{"rendered":"<p>Sa\u017eetak:U ud\u017ebeniku se obra\u0111uju fonetska, morfolo\u0161ka, sintakti\u010dka i leksi\u010dka obilje\u017eja vulgarnog latinskog, obilje\u017eja starolatinskog u odnosu prema vulgarnom latinskom (najbitnije karakteristike starolatinskog \u2013 vokali i diftonzi, konsonanti, glagolska morfologija, dijalektalana varijacija u starolatinskom; zajedni\u010dka obilje\u017eja starolatinskog i vulgarnog latinskog). U Dodatku su prilo\u017eeni odabrani tekstovi. Bilje\u0161ka o autoricama: Dr. sc. Nada Buli\u0107 &#8211; ro\u0111ena 12. [&hellip;]<\/p>\n","protected":false},"featured_media":7852,"comment_status":"open","ping_status":"closed","template":"","meta":{"_acf_changed":false},"product_brand":[],"product_cat":[1399,1517,1395],"product_tag":[],"class_list":{"0":"post-7851","1":"product","2":"type-product","3":"status-publish","4":"has-post-thumbnail","6":"product_cat-filologija","7":"product_cat-strucna-literatura","8":"product_cat-humanisticke-znanosti","9":"pa_autor-nada-bulic","10":"pa_nakladnik-redak","12":"first","13":"instock","14":"shipping-taxable","15":"purchasable","16":"product-type-simple"},"acf":[],"yoast_head":"<!-- This site is optimized with the Yoast SEO plugin v27.3 - https:\/\/yoast.com\/product\/yoast-seo-wordpress\/ -->\n<title>GRAMATI\u010cKE ZNA\u010cAJKE VULGARNOG LATINSKOGA, Nada Buli\u0107 - Web-knji\u017eara<\/title>\n<meta name=\"robots\" content=\"index, follow, max-snippet:-1, max-image-preview:large, max-video-preview:-1\" \/>\n<link rel=\"canonical\" href=\"https:\/\/webknjizara.hr\/proizvod\/gramaticke-znacajke-vulgarnog-latinskoga-nada-bulic\/\" \/>\n<meta property=\"og:locale\" content=\"en_US\" \/>\n<meta property=\"og:type\" content=\"article\" \/>\n<meta property=\"og:title\" content=\"GRAMATI\u010cKE ZNA\u010cAJKE VULGARNOG LATINSKOGA, Nada Buli\u0107 - Web-knji\u017eara\" \/>\n<meta property=\"og:description\" content=\"Sa\u017eetak:U ud\u017ebeniku se obra\u0111uju fonetska, morfolo\u0161ka, sintakti\u010dka i leksi\u010dka obilje\u017eja vulgarnog latinskog, obilje\u017eja starolatinskog u odnosu prema vulgarnom latinskom (najbitnije karakteristike starolatinskog \u2013 vokali i diftonzi, konsonanti, glagolska morfologija, dijalektalana varijacija u starolatinskom; zajedni\u010dka obilje\u017eja starolatinskog i vulgarnog latinskog). U Dodatku su prilo\u017eeni odabrani tekstovi. Bilje\u0161ka o autoricama: Dr. sc. Nada Buli\u0107 &#8211; ro\u0111ena 12. [&hellip;]\" \/>\n<meta property=\"og:url\" content=\"https:\/\/webknjizara.hr\/proizvod\/gramaticke-znacajke-vulgarnog-latinskoga-nada-bulic\/\" \/>\n<meta property=\"og:site_name\" content=\"Web-knji\u017eara\" \/>\n<meta property=\"article:modified_time\" content=\"2023-02-26T23:16:11+00:00\" \/>\n<meta property=\"og:image\" content=\"https:\/\/webknjizara.hr\/wp-content\/uploads\/nc\/images\/virtuemart\/product\/gramati-ke-zna-53ece88b9ba00.jpg\" \/>\n\t<meta property=\"og:image:width\" content=\"358\" \/>\n\t<meta property=\"og:image:height\" content=\"500\" \/>\n\t<meta property=\"og:image:type\" content=\"image\/jpeg\" \/>\n<meta name=\"twitter:card\" content=\"summary_large_image\" \/>\n<meta name=\"twitter:label1\" content=\"Est. reading time\" \/>\n\t<meta name=\"twitter:data1\" content=\"2 minutes\" \/>\n<script type=\"application\/ld+json\" class=\"yoast-schema-graph\">{\"@context\":\"https:\\\/\\\/schema.org\",\"@graph\":[{\"@type\":\"WebPage\",\"@id\":\"https:\\\/\\\/webknjizara.hr\\\/proizvod\\\/gramaticke-znacajke-vulgarnog-latinskoga-nada-bulic\\\/\",\"url\":\"https:\\\/\\\/webknjizara.hr\\\/proizvod\\\/gramaticke-znacajke-vulgarnog-latinskoga-nada-bulic\\\/\",\"name\":\"GRAMATI\u010cKE ZNA\u010cAJKE VULGARNOG LATINSKOGA, Nada Buli\u0107 - Web-knji\u017eara\",\"isPartOf\":{\"@id\":\"https:\\\/\\\/webknjizara.hr\\\/#website\"},\"primaryImageOfPage\":{\"@id\":\"https:\\\/\\\/webknjizara.hr\\\/proizvod\\\/gramaticke-znacajke-vulgarnog-latinskoga-nada-bulic\\\/#primaryimage\"},\"image\":{\"@id\":\"https:\\\/\\\/webknjizara.hr\\\/proizvod\\\/gramaticke-znacajke-vulgarnog-latinskoga-nada-bulic\\\/#primaryimage\"},\"thumbnailUrl\":\"https:\\\/\\\/webknjizara.hr\\\/wp-content\\\/uploads\\\/nc\\\/images\\\/virtuemart\\\/product\\\/gramati-ke-zna-53ece88b9ba00.jpg\",\"datePublished\":\"2014-08-14T16:49:15+00:00\",\"dateModified\":\"2023-02-26T23:16:11+00:00\",\"breadcrumb\":{\"@id\":\"https:\\\/\\\/webknjizara.hr\\\/proizvod\\\/gramaticke-znacajke-vulgarnog-latinskoga-nada-bulic\\\/#breadcrumb\"},\"inLanguage\":\"en-US\",\"potentialAction\":[{\"@type\":\"ReadAction\",\"target\":[\"https:\\\/\\\/webknjizara.hr\\\/proizvod\\\/gramaticke-znacajke-vulgarnog-latinskoga-nada-bulic\\\/\"]}]},{\"@type\":\"ImageObject\",\"inLanguage\":\"en-US\",\"@id\":\"https:\\\/\\\/webknjizara.hr\\\/proizvod\\\/gramaticke-znacajke-vulgarnog-latinskoga-nada-bulic\\\/#primaryimage\",\"url\":\"https:\\\/\\\/webknjizara.hr\\\/wp-content\\\/uploads\\\/nc\\\/images\\\/virtuemart\\\/product\\\/gramati-ke-zna-53ece88b9ba00.jpg\",\"contentUrl\":\"https:\\\/\\\/webknjizara.hr\\\/wp-content\\\/uploads\\\/nc\\\/images\\\/virtuemart\\\/product\\\/gramati-ke-zna-53ece88b9ba00.jpg\",\"width\":358,\"height\":500,\"caption\":\"GRAMATI\u010cKE ZNA\u010cAJKE VULGARNOG LATINSKOGA, Nada Buli\u0107\"},{\"@type\":\"BreadcrumbList\",\"@id\":\"https:\\\/\\\/webknjizara.hr\\\/proizvod\\\/gramaticke-znacajke-vulgarnog-latinskoga-nada-bulic\\\/#breadcrumb\",\"itemListElement\":[{\"@type\":\"ListItem\",\"position\":1,\"name\":\"Po\u010detna stranica\",\"item\":\"https:\\\/\\\/webknjizara.hr\\\/en\\\/\"},{\"@type\":\"ListItem\",\"position\":2,\"name\":\"Shop\",\"item\":\"https:\\\/\\\/webknjizara.hr\\\/shop\\\/\"},{\"@type\":\"ListItem\",\"position\":3,\"name\":\"GRAMATI\u010cKE ZNA\u010cAJKE VULGARNOG LATINSKOGA, Nada Buli\u0107\"}]},{\"@type\":\"WebSite\",\"@id\":\"https:\\\/\\\/webknjizara.hr\\\/#website\",\"url\":\"https:\\\/\\\/webknjizara.hr\\\/\",\"name\":\"Web Knji\u017eara\",\"description\":\"\",\"publisher\":{\"@id\":\"https:\\\/\\\/webknjizara.hr\\\/#organization\"},\"potentialAction\":[{\"@type\":\"SearchAction\",\"target\":{\"@type\":\"EntryPoint\",\"urlTemplate\":\"https:\\\/\\\/webknjizara.hr\\\/?s={search_term_string}\"},\"query-input\":{\"@type\":\"PropertyValueSpecification\",\"valueRequired\":true,\"valueName\":\"search_term_string\"}}],\"inLanguage\":\"en-US\"},{\"@type\":\"Organization\",\"@id\":\"https:\\\/\\\/webknjizara.hr\\\/#organization\",\"name\":\"REDAK D.O.O.\",\"url\":\"https:\\\/\\\/webknjizara.hr\\\/\",\"logo\":{\"@type\":\"ImageObject\",\"inLanguage\":\"en-US\",\"@id\":\"https:\\\/\\\/webknjizara.hr\\\/#\\\/schema\\\/logo\\\/image\\\/\",\"url\":\"https:\\\/\\\/webknjizara.hr\\\/wp-content\\\/uploads\\\/2023\\\/01\\\/web-knjizara-logo.webp\",\"contentUrl\":\"https:\\\/\\\/webknjizara.hr\\\/wp-content\\\/uploads\\\/2023\\\/01\\\/web-knjizara-logo.webp\",\"width\":324,\"height\":79,\"caption\":\"REDAK D.O.O.\"},\"image\":{\"@id\":\"https:\\\/\\\/webknjizara.hr\\\/#\\\/schema\\\/logo\\\/image\\\/\"}}]}<\/script>\n<!-- \/ Yoast SEO plugin. -->","yoast_head_json":{"title":"GRAMATI\u010cKE ZNA\u010cAJKE VULGARNOG LATINSKOGA, Nada Buli\u0107 - Web-knji\u017eara","robots":{"index":"index","follow":"follow","max-snippet":"max-snippet:-1","max-image-preview":"max-image-preview:large","max-video-preview":"max-video-preview:-1"},"canonical":"https:\/\/webknjizara.hr\/proizvod\/gramaticke-znacajke-vulgarnog-latinskoga-nada-bulic\/","og_locale":"en_US","og_type":"article","og_title":"GRAMATI\u010cKE ZNA\u010cAJKE VULGARNOG LATINSKOGA, Nada Buli\u0107 - Web-knji\u017eara","og_description":"Sa\u017eetak:U ud\u017ebeniku se obra\u0111uju fonetska, morfolo\u0161ka, sintakti\u010dka i leksi\u010dka obilje\u017eja vulgarnog latinskog, obilje\u017eja starolatinskog u odnosu prema vulgarnom latinskom (najbitnije karakteristike starolatinskog \u2013 vokali i diftonzi, konsonanti, glagolska morfologija, dijalektalana varijacija u starolatinskom; zajedni\u010dka obilje\u017eja starolatinskog i vulgarnog latinskog). U Dodatku su prilo\u017eeni odabrani tekstovi. Bilje\u0161ka o autoricama: Dr. sc. Nada Buli\u0107 &#8211; ro\u0111ena 12. [&hellip;]","og_url":"https:\/\/webknjizara.hr\/proizvod\/gramaticke-znacajke-vulgarnog-latinskoga-nada-bulic\/","og_site_name":"Web-knji\u017eara","article_modified_time":"2023-02-26T23:16:11+00:00","og_image":[{"width":358,"height":500,"url":"https:\/\/webknjizara.hr\/wp-content\/uploads\/nc\/images\/virtuemart\/product\/gramati-ke-zna-53ece88b9ba00.jpg","type":"image\/jpeg"}],"twitter_card":"summary_large_image","twitter_misc":{"Est. reading time":"2 minutes"},"schema":{"@context":"https:\/\/schema.org","@graph":[{"@type":"WebPage","@id":"https:\/\/webknjizara.hr\/proizvod\/gramaticke-znacajke-vulgarnog-latinskoga-nada-bulic\/","url":"https:\/\/webknjizara.hr\/proizvod\/gramaticke-znacajke-vulgarnog-latinskoga-nada-bulic\/","name":"GRAMATI\u010cKE ZNA\u010cAJKE VULGARNOG LATINSKOGA, Nada Buli\u0107 - Web-knji\u017eara","isPartOf":{"@id":"https:\/\/webknjizara.hr\/#website"},"primaryImageOfPage":{"@id":"https:\/\/webknjizara.hr\/proizvod\/gramaticke-znacajke-vulgarnog-latinskoga-nada-bulic\/#primaryimage"},"image":{"@id":"https:\/\/webknjizara.hr\/proizvod\/gramaticke-znacajke-vulgarnog-latinskoga-nada-bulic\/#primaryimage"},"thumbnailUrl":"https:\/\/webknjizara.hr\/wp-content\/uploads\/nc\/images\/virtuemart\/product\/gramati-ke-zna-53ece88b9ba00.jpg","datePublished":"2014-08-14T16:49:15+00:00","dateModified":"2023-02-26T23:16:11+00:00","breadcrumb":{"@id":"https:\/\/webknjizara.hr\/proizvod\/gramaticke-znacajke-vulgarnog-latinskoga-nada-bulic\/#breadcrumb"},"inLanguage":"en-US","potentialAction":[{"@type":"ReadAction","target":["https:\/\/webknjizara.hr\/proizvod\/gramaticke-znacajke-vulgarnog-latinskoga-nada-bulic\/"]}]},{"@type":"ImageObject","inLanguage":"en-US","@id":"https:\/\/webknjizara.hr\/proizvod\/gramaticke-znacajke-vulgarnog-latinskoga-nada-bulic\/#primaryimage","url":"https:\/\/webknjizara.hr\/wp-content\/uploads\/nc\/images\/virtuemart\/product\/gramati-ke-zna-53ece88b9ba00.jpg","contentUrl":"https:\/\/webknjizara.hr\/wp-content\/uploads\/nc\/images\/virtuemart\/product\/gramati-ke-zna-53ece88b9ba00.jpg","width":358,"height":500,"caption":"GRAMATI\u010cKE ZNA\u010cAJKE VULGARNOG LATINSKOGA, Nada Buli\u0107"},{"@type":"BreadcrumbList","@id":"https:\/\/webknjizara.hr\/proizvod\/gramaticke-znacajke-vulgarnog-latinskoga-nada-bulic\/#breadcrumb","itemListElement":[{"@type":"ListItem","position":1,"name":"Po\u010detna stranica","item":"https:\/\/webknjizara.hr\/en\/"},{"@type":"ListItem","position":2,"name":"Shop","item":"https:\/\/webknjizara.hr\/shop\/"},{"@type":"ListItem","position":3,"name":"GRAMATI\u010cKE ZNA\u010cAJKE VULGARNOG LATINSKOGA, Nada Buli\u0107"}]},{"@type":"WebSite","@id":"https:\/\/webknjizara.hr\/#website","url":"https:\/\/webknjizara.hr\/","name":"Web Knji\u017eara","description":"","publisher":{"@id":"https:\/\/webknjizara.hr\/#organization"},"potentialAction":[{"@type":"SearchAction","target":{"@type":"EntryPoint","urlTemplate":"https:\/\/webknjizara.hr\/?s={search_term_string}"},"query-input":{"@type":"PropertyValueSpecification","valueRequired":true,"valueName":"search_term_string"}}],"inLanguage":"en-US"},{"@type":"Organization","@id":"https:\/\/webknjizara.hr\/#organization","name":"REDAK D.O.O.","url":"https:\/\/webknjizara.hr\/","logo":{"@type":"ImageObject","inLanguage":"en-US","@id":"https:\/\/webknjizara.hr\/#\/schema\/logo\/image\/","url":"https:\/\/webknjizara.hr\/wp-content\/uploads\/2023\/01\/web-knjizara-logo.webp","contentUrl":"https:\/\/webknjizara.hr\/wp-content\/uploads\/2023\/01\/web-knjizara-logo.webp","width":324,"height":79,"caption":"REDAK D.O.O."},"image":{"@id":"https:\/\/webknjizara.hr\/#\/schema\/logo\/image\/"}}]}},"_links":{"self":[{"href":"https:\/\/webknjizara.hr\/en\/wp-json\/wp\/v2\/product\/7851","targetHints":{"allow":["GET"]}}],"collection":[{"href":"https:\/\/webknjizara.hr\/en\/wp-json\/wp\/v2\/product"}],"about":[{"href":"https:\/\/webknjizara.hr\/en\/wp-json\/wp\/v2\/types\/product"}],"replies":[{"embeddable":true,"href":"https:\/\/webknjizara.hr\/en\/wp-json\/wp\/v2\/comments?post=7851"}],"wp:featuredmedia":[{"embeddable":true,"href":"https:\/\/webknjizara.hr\/en\/wp-json\/wp\/v2\/media\/7852"}],"wp:attachment":[{"href":"https:\/\/webknjizara.hr\/en\/wp-json\/wp\/v2\/media?parent=7851"}],"wp:term":[{"taxonomy":"product_brand","embeddable":true,"href":"https:\/\/webknjizara.hr\/en\/wp-json\/wp\/v2\/product_brand?post=7851"},{"taxonomy":"product_cat","embeddable":true,"href":"https:\/\/webknjizara.hr\/en\/wp-json\/wp\/v2\/product_cat?post=7851"},{"taxonomy":"product_tag","embeddable":true,"href":"https:\/\/webknjizara.hr\/en\/wp-json\/wp\/v2\/product_tag?post=7851"}],"curies":[{"name":"wp","href":"https:\/\/api.w.org\/{rel}","templated":true}]}}