{"id":7849,"date":"2014-08-07T17:29:41","date_gmt":"2014-08-07T17:29:41","guid":{"rendered":"https:\/\/webknjizara.hr\/?product=suza-iz-kamena-miroslav-boric"},"modified":"2023-02-27T00:16:11","modified_gmt":"2023-02-26T23:16:11","slug":"suza-iz-kamena-miroslav-boric","status":"publish","type":"product","link":"https:\/\/webknjizara.hr\/en\/proizvod\/suza-iz-kamena-miroslav-boric\/","title":{"rendered":"SUZA IZ KAMENA, Miroslav Bori\u0107"},"content":{"rendered":"<p style=\"text-align: justify;\"><strong><br \/>Sa\u017eetak:<br \/><\/strong><br \/>Miroslav Bori\u0107 je pjesnik, \u010diji stih srce udi\u0161e a du\u0161a proizvodi. Njegova neupitna lako\u0107a izri\u010daja, mirno\u0107a je kojom u novi dan ulazi s novim stihom. Avantura rije\u010di kre\u0107e, kao prekrasna idila u kojoj poklanja sebe \u2013 nama.<\/p>\n<p style=\"text-align: justify;\"><em>&#8230;jesi me srela mo\u017eda<\/em><br \/><em> tamo<\/em><br \/><em> prije crkve<\/em><br \/><em> u jednom kafi\u0107u&#8230;<\/em><\/p>\n<p style=\"text-align: justify;\">Pita Mirko u jednoj poemi o susretu, njega, s njom, o susretu s ljubavlju. Govori o zvijezdama, o mekoj postelji i lancunima gdje ga njegova vila \u010deka. Govori o strasti, \u010de\u017enji&#8230; notu meke erotike, kao lagani u\u0161tip stavlja.<\/p>\n<p>Slast, ljubav, ostvarenje \u017eelje<\/p>\n<p>Naslov je balade o strasti koja ga obuzima, o divljoj \u017eenskoj ljepoti. I svaki mu je stih pjesma, a svaka pjesma jedan mali \u017eivot. Jedan dan u nizu dana, kao jedna velika ljubav,vje\u010dno dosanjavana, dogra\u0111ivana poljupcima.<\/p>\n<p>Suza iz kamena je zbirka bisera izme\u0111u dvije korice, kolekcija skladno uigranih modela, \u017eivot tkanrije\u010dima. I svi koji ljubav do\u017eivljavaju kao takvu, \u010distu, jasnu i bez imalo predrasuda &#8221;Suza iz kamena&#8221; \u0107e potkrijepiti tu silnu ljudsku potrebu da nikad ne presahne izvor vjerovanja i postojanja ljubavi u nama. Ovo je knjiga autenti\u010dnih osje\u0107aja koja odjekuje emotivnim vibracijama.<\/p>\n<p>Mirko ne pi\u0161e samo o ljubavi za svoju vilu, on je \u010dovjek \u0161iroka srca, vidi, osjeti patnju, razumije bol. Njegova nesebi\u010dnost je vrlina koju nemamo svi, on je u tome veli\u010danstven. <\/p>\n<p>Dragi Mirko kapa dole za svaku gestu koju si uradio i koju \u0107e\u0161 u budu\u0107nosti uradi, bez ustru\u010davanja, bez naknade ili nagrade. Ti jednostavno voli\u0161 i kro\u010di\u0161 kroz \u017eivot otvorena srca, za sve.<\/p>\n<p style=\"text-align: justify;\"><em>KATASTROFA<\/em><\/p>\n<p><em>Slavonijo \u0161to si do\u017eivila<\/em><br \/><em>sva su tvoja polja poplavila<\/em><br \/><em>poplavile oranice<\/em><br \/><em>ku\u0107e<\/em><br \/><em>desilo se ono nemogu\u0107e.<\/em><br \/><em>Ljudi vridni<\/em><br \/><em>ratari, te\u017eaci<\/em><br \/><em>\u0161to ste svojim rukama stvarali<\/em><br \/><em>te\u0161kom mukom od usta odvajali<\/em><br \/><em>da vam bude za potomke va\u0161e<\/em><br \/><em>va\u0161u dicu, unuke i sna\u0161e.<\/em><br \/><em>Pogodi vas stra\u0161na nepogoda<\/em><br \/><em>za par dana<\/em><br \/><em>sve uni\u0161ti voda.<\/em><br \/><em>Ja se nadam sve \u0107e dobro biti<\/em><br \/><em>sad se mora narod sjediniti<\/em><br \/><em>sad moramo kao jedan biti.<\/em><br \/><em>Svim ljudima kojih je trefilo(pogodilo)<\/em><br \/><em>treba pomo\u0107 <\/em><br \/><em>koliko tko mo\u017ee<\/em><br \/><em>na pomo\u0107i budi i ti Bo\u017ee.<\/em><\/p>\n<p style=\"text-align: justify;\">Namjerno izdvojih dio ove pjesme za kraj, da shvatimo, da nikad ne zaboravimo da i katastrofa toliko sna\u017ena da zaboli misao na nju, toliko duboka, da trag vje\u010dan, kao znamen ostavlja mo\u017ee biti lak\u0161a, podno\u0161ljivija, ako joj svi pri\u0111emo s ljubavlju, jer ljubav je toliko mo\u0107na da mo\u017ee u\u010diniti i \u010duda. <br \/>Ja se vi\u0161e ne pitam tko je Miroslav Bori\u0107. Odovor je u njegovim poemama, u njegovu srcu, osmijehu.<\/p>\n<p style=\"text-align: justify;\">Mo\u017eda mu ne\u0107e biti podignuti spomenici, mo\u017eda mu pojedini i ime zaborave, ali jedno znam, Mirko voli svim srcem, voli \u017eivot i ljude, i \u010dini mi se da je njemu to dovoljno, i da \u0107e mu uvijek biti dovoljno.<\/p>\n<p style=\"text-align: justify;\">Udobno se smjestite i poku\u0161ajte mirna srca \u010ditati ono \u0161to Mirko pi\u0161e,<br \/>jer, izme\u0111u redaka je mnogo poruka&#8230; prona\u0111imo ih.<\/p>\n<p><strong>Bilje\u0161ka o autoru\/autorici:<\/strong> <\/p>\n<p>Miroslav Mirko Bori\u0107,<\/p>\n<p style=\"text-align: justify;\">ro\u0111en je u Starom gradu, na otoku Rabu, u starom rodili\u0161tu na staru godinu 31.12.1959.god. Kao ugostiteljski radnik u ranoj mladosti otisnuo se na more i ve\u0107 tada osjetio potrebu za pisanjem. Pisao je, ali svoje pjesme nije objavljivao. Svoje stihove sada objavljuje na blogu i na facebooku. Ima veliku podr\u0161ku \u010ditatelja pa mu je to veliki poticaj u pisanju. Sa radovima se predstavio i u TV emisiji &#8220;Od subote do subote&#8221;, TV Nova Pula.<\/p>\n<p> Pi\u0161e na knji\u017eevnom hrvatskom jeziku i dijalektu svog zavi\u010daja, na sve teme, zavisno od trenutka i inspiracije.<\/p>\n<p style=\"text-align: justify;\"><strong>Objavljene samostalne zbirke pjesama:<\/strong><\/p>\n<p>*** <a href=\"hr\/component\/virtuemart\/?page=shop.product_details&#038;flypage=flypage.tpl&#038;category_id=5&#038;product_id=209\" target=\"_blank\" rel=\"noopener\">ZRNO STIHA<\/a>\u00a0(prvijenac) &#8211; objavljena 2012. god. u nakladni\u0161tvu Redak iz Splita<br \/>*** NA IZVORU MISLI &#8211; objavljena 2012.god. u nakladni\u0161tvu KULTure sNOVA iz Zagreba<br \/>*** NEVERA VA MENI- objavljena 2013.god. u nakladni\u0161tvu Udruge gra\u0111ana ESSEGG iz Osijeka<br \/>***KAD SE SRETNU NA\u0160A SLOVA- duet pjesme<br \/>***<a href=\"hr\/component\/virtuemart\/?page=shop.product_details&#038;flypage=flypage.tpl&#038;category_id=5&#038;product_id=289\" target=\"_blank\" rel=\"noopener\">HARTI SE SPOVIDAN<\/a><br \/>***<a href=\"hr\/component\/virtuemart\/?page=shop.product_details&#038;flypage=flypage.tpl&#038;category_id=5&#038;product_id=288\" target=\"_blank\" rel=\"noopener\">DVORI MOJE DU\u0160E<\/a> sve objavljeno 2013 godine u nakladni\u0161tvu Redak iz Splita<\/p>\n<p style=\"text-align: justify;\"><strong>Zastupljen u zajedni\u010dkim zbirkama pjesama:<\/strong><\/p>\n<p>*** MORE NA DLANU- objavljena 2012.god. u nakladni\u0161tvu KULTure sNOVA iz Zagreba<br \/>*** VALENTINOVO 2013- objavljena 2013.god. u nakladni\u0161tvu KULTure sNOVA iz Zagreba<br \/>***PJESME KOJE NAM \u017dIVOT ZNA\u010cE, Me\u0111unarodna zbirka poezije 2014 god. Pjesnici Europe zajedno,Grad Ogulin.Suizdava\u010d PROVIDENCA, Biograd na Moru<br \/>*** VALENTINOVO 2014- objavljena 2014.god. u nakladni\u0161tvu KULTure sNOVA iz Zagreba<br \/>*** MORE NA DLANU 2013.- objavljena 2013. God u nakladni\u0161tvu KULTure sNOVA iz Zagreba<br \/>***MORE NA DLANU 2014.- objavljena 2014. God u nakladni\u0161tvu KULTure sNOVA iz Zagreba<br \/>***<a href=\"hr\/about-joomla?page=shop.product_details&#038;flypage=flypage.tpl&#038;category_id=5&#038;product_id=295&#038;vmcchk=1\" target=\"_blank\" rel=\"noopener\">MEGAMAXY GIGANT PJESMA<\/a>-grupa autora- objavljena 2013. god. u nakladni\u0161tvu Redak iz Splita<\/p>\n<p style=\"text-align: justify;\">Redovni je \u010dlan HKD-a (Hrvatsko knji\u017eevno dru\u0161tvo &#8211; Croatianwriters&#8217; association)<\/p>\n<p style=\"text-align: justify;\"><strong>Naslov:<\/strong> Suza iz kamena<br \/><strong>Autor:<\/strong> Miroslav Bori\u0107<br \/><strong>Broj stranica:<\/strong> 230<br \/><strong>Nakladnik:<\/strong> REDAK<br \/><strong>Godina izdanja:<\/strong> 2014.<br \/><strong>ISBN:<\/strong> 978-953-336-153-6<br \/><strong>Tisak:<\/strong> digitalni tisak knjiga &#8211; print na zahtjev<\/p>\n","protected":false},"excerpt":{"rendered":"<p>Sa\u017eetak:Miroslav Bori\u0107 je pjesnik, \u010diji stih srce udi\u0161e a du\u0161a proizvodi. Njegova neupitna lako\u0107a izri\u010daja, mirno\u0107a je kojom u novi dan ulazi s novim stihom. Avantura rije\u010di kre\u0107e, kao prekrasna idila u kojoj poklanja sebe \u2013 nama. &#8230;jesi me srela mo\u017eda tamo prije crkve u jednom kafi\u0107u&#8230; Pita Mirko u jednoj poemi o susretu, njega, [&hellip;]<\/p>\n","protected":false},"featured_media":7850,"comment_status":"open","ping_status":"closed","template":"","meta":{"_acf_changed":false},"product_brand":[],"product_cat":[1383,1385,1388],"product_tag":[],"class_list":{"0":"post-7849","1":"product","2":"type-product","3":"status-publish","4":"has-post-thumbnail","6":"product_cat-knjige","7":"product_cat-knjizevnost","8":"product_cat-poezija","9":"pa_autor-miroslav-boric","10":"pa_nakladnik-redak","12":"first","13":"instock","14":"shipping-taxable","15":"purchasable","16":"product-type-simple"},"acf":[],"yoast_head":"<!-- This site is optimized with the Yoast SEO plugin v27.3 - https:\/\/yoast.com\/product\/yoast-seo-wordpress\/ -->\n<title>SUZA IZ KAMENA, Miroslav Bori\u0107 - Web-knji\u017eara<\/title>\n<meta name=\"robots\" content=\"index, follow, max-snippet:-1, max-image-preview:large, max-video-preview:-1\" \/>\n<link rel=\"canonical\" href=\"https:\/\/webknjizara.hr\/proizvod\/suza-iz-kamena-miroslav-boric\/\" \/>\n<meta property=\"og:locale\" content=\"en_US\" \/>\n<meta property=\"og:type\" content=\"article\" \/>\n<meta property=\"og:title\" content=\"SUZA IZ KAMENA, Miroslav Bori\u0107 - Web-knji\u017eara\" \/>\n<meta property=\"og:description\" content=\"Sa\u017eetak:Miroslav Bori\u0107 je pjesnik, \u010diji stih srce udi\u0161e a du\u0161a proizvodi. Njegova neupitna lako\u0107a izri\u010daja, mirno\u0107a je kojom u novi dan ulazi s novim stihom. Avantura rije\u010di kre\u0107e, kao prekrasna idila u kojoj poklanja sebe \u2013 nama. &#8230;jesi me srela mo\u017eda tamo prije crkve u jednom kafi\u0107u&#8230; Pita Mirko u jednoj poemi o susretu, njega, [&hellip;]\" \/>\n<meta property=\"og:url\" content=\"https:\/\/webknjizara.hr\/proizvod\/suza-iz-kamena-miroslav-boric\/\" \/>\n<meta property=\"og:site_name\" content=\"Web-knji\u017eara\" \/>\n<meta property=\"article:modified_time\" content=\"2023-02-26T23:16:11+00:00\" \/>\n<meta property=\"og:image\" content=\"https:\/\/webknjizara.hr\/wp-content\/uploads\/nc\/images\/virtuemart\/product\/suza-iz-kamena-53e3b78594f8d.jpg\" \/>\n\t<meta property=\"og:image:width\" content=\"358\" \/>\n\t<meta property=\"og:image:height\" content=\"500\" \/>\n\t<meta property=\"og:image:type\" content=\"image\/jpeg\" \/>\n<meta name=\"twitter:card\" content=\"summary_large_image\" \/>\n<meta name=\"twitter:label1\" content=\"Est. reading time\" \/>\n\t<meta name=\"twitter:data1\" content=\"4 minutes\" \/>\n<script type=\"application\/ld+json\" class=\"yoast-schema-graph\">{\"@context\":\"https:\\\/\\\/schema.org\",\"@graph\":[{\"@type\":\"WebPage\",\"@id\":\"https:\\\/\\\/webknjizara.hr\\\/proizvod\\\/suza-iz-kamena-miroslav-boric\\\/\",\"url\":\"https:\\\/\\\/webknjizara.hr\\\/proizvod\\\/suza-iz-kamena-miroslav-boric\\\/\",\"name\":\"SUZA IZ KAMENA, Miroslav Bori\u0107 - Web-knji\u017eara\",\"isPartOf\":{\"@id\":\"https:\\\/\\\/webknjizara.hr\\\/#website\"},\"primaryImageOfPage\":{\"@id\":\"https:\\\/\\\/webknjizara.hr\\\/proizvod\\\/suza-iz-kamena-miroslav-boric\\\/#primaryimage\"},\"image\":{\"@id\":\"https:\\\/\\\/webknjizara.hr\\\/proizvod\\\/suza-iz-kamena-miroslav-boric\\\/#primaryimage\"},\"thumbnailUrl\":\"https:\\\/\\\/webknjizara.hr\\\/wp-content\\\/uploads\\\/nc\\\/images\\\/virtuemart\\\/product\\\/suza-iz-kamena-53e3b78594f8d.jpg\",\"datePublished\":\"2014-08-07T17:29:41+00:00\",\"dateModified\":\"2023-02-26T23:16:11+00:00\",\"breadcrumb\":{\"@id\":\"https:\\\/\\\/webknjizara.hr\\\/proizvod\\\/suza-iz-kamena-miroslav-boric\\\/#breadcrumb\"},\"inLanguage\":\"en-US\",\"potentialAction\":[{\"@type\":\"ReadAction\",\"target\":[\"https:\\\/\\\/webknjizara.hr\\\/proizvod\\\/suza-iz-kamena-miroslav-boric\\\/\"]}]},{\"@type\":\"ImageObject\",\"inLanguage\":\"en-US\",\"@id\":\"https:\\\/\\\/webknjizara.hr\\\/proizvod\\\/suza-iz-kamena-miroslav-boric\\\/#primaryimage\",\"url\":\"https:\\\/\\\/webknjizara.hr\\\/wp-content\\\/uploads\\\/nc\\\/images\\\/virtuemart\\\/product\\\/suza-iz-kamena-53e3b78594f8d.jpg\",\"contentUrl\":\"https:\\\/\\\/webknjizara.hr\\\/wp-content\\\/uploads\\\/nc\\\/images\\\/virtuemart\\\/product\\\/suza-iz-kamena-53e3b78594f8d.jpg\",\"width\":358,\"height\":500,\"caption\":\"SUZA IZ KAMENA, Miroslav Bori\u0107\"},{\"@type\":\"BreadcrumbList\",\"@id\":\"https:\\\/\\\/webknjizara.hr\\\/proizvod\\\/suza-iz-kamena-miroslav-boric\\\/#breadcrumb\",\"itemListElement\":[{\"@type\":\"ListItem\",\"position\":1,\"name\":\"Po\u010detna stranica\",\"item\":\"https:\\\/\\\/webknjizara.hr\\\/en\\\/\"},{\"@type\":\"ListItem\",\"position\":2,\"name\":\"Shop\",\"item\":\"https:\\\/\\\/webknjizara.hr\\\/shop\\\/\"},{\"@type\":\"ListItem\",\"position\":3,\"name\":\"SUZA IZ KAMENA, Miroslav Bori\u0107\"}]},{\"@type\":\"WebSite\",\"@id\":\"https:\\\/\\\/webknjizara.hr\\\/#website\",\"url\":\"https:\\\/\\\/webknjizara.hr\\\/\",\"name\":\"Web Knji\u017eara\",\"description\":\"\",\"publisher\":{\"@id\":\"https:\\\/\\\/webknjizara.hr\\\/#organization\"},\"potentialAction\":[{\"@type\":\"SearchAction\",\"target\":{\"@type\":\"EntryPoint\",\"urlTemplate\":\"https:\\\/\\\/webknjizara.hr\\\/?s={search_term_string}\"},\"query-input\":{\"@type\":\"PropertyValueSpecification\",\"valueRequired\":true,\"valueName\":\"search_term_string\"}}],\"inLanguage\":\"en-US\"},{\"@type\":\"Organization\",\"@id\":\"https:\\\/\\\/webknjizara.hr\\\/#organization\",\"name\":\"REDAK D.O.O.\",\"url\":\"https:\\\/\\\/webknjizara.hr\\\/\",\"logo\":{\"@type\":\"ImageObject\",\"inLanguage\":\"en-US\",\"@id\":\"https:\\\/\\\/webknjizara.hr\\\/#\\\/schema\\\/logo\\\/image\\\/\",\"url\":\"https:\\\/\\\/webknjizara.hr\\\/wp-content\\\/uploads\\\/2023\\\/01\\\/web-knjizara-logo.webp\",\"contentUrl\":\"https:\\\/\\\/webknjizara.hr\\\/wp-content\\\/uploads\\\/2023\\\/01\\\/web-knjizara-logo.webp\",\"width\":324,\"height\":79,\"caption\":\"REDAK D.O.O.\"},\"image\":{\"@id\":\"https:\\\/\\\/webknjizara.hr\\\/#\\\/schema\\\/logo\\\/image\\\/\"}}]}<\/script>\n<!-- \/ Yoast SEO plugin. -->","yoast_head_json":{"title":"SUZA IZ KAMENA, Miroslav Bori\u0107 - Web-knji\u017eara","robots":{"index":"index","follow":"follow","max-snippet":"max-snippet:-1","max-image-preview":"max-image-preview:large","max-video-preview":"max-video-preview:-1"},"canonical":"https:\/\/webknjizara.hr\/proizvod\/suza-iz-kamena-miroslav-boric\/","og_locale":"en_US","og_type":"article","og_title":"SUZA IZ KAMENA, Miroslav Bori\u0107 - Web-knji\u017eara","og_description":"Sa\u017eetak:Miroslav Bori\u0107 je pjesnik, \u010diji stih srce udi\u0161e a du\u0161a proizvodi. Njegova neupitna lako\u0107a izri\u010daja, mirno\u0107a je kojom u novi dan ulazi s novim stihom. Avantura rije\u010di kre\u0107e, kao prekrasna idila u kojoj poklanja sebe \u2013 nama. &#8230;jesi me srela mo\u017eda tamo prije crkve u jednom kafi\u0107u&#8230; Pita Mirko u jednoj poemi o susretu, njega, [&hellip;]","og_url":"https:\/\/webknjizara.hr\/proizvod\/suza-iz-kamena-miroslav-boric\/","og_site_name":"Web-knji\u017eara","article_modified_time":"2023-02-26T23:16:11+00:00","og_image":[{"width":358,"height":500,"url":"https:\/\/webknjizara.hr\/wp-content\/uploads\/nc\/images\/virtuemart\/product\/suza-iz-kamena-53e3b78594f8d.jpg","type":"image\/jpeg"}],"twitter_card":"summary_large_image","twitter_misc":{"Est. reading time":"4 minutes"},"schema":{"@context":"https:\/\/schema.org","@graph":[{"@type":"WebPage","@id":"https:\/\/webknjizara.hr\/proizvod\/suza-iz-kamena-miroslav-boric\/","url":"https:\/\/webknjizara.hr\/proizvod\/suza-iz-kamena-miroslav-boric\/","name":"SUZA IZ KAMENA, Miroslav Bori\u0107 - Web-knji\u017eara","isPartOf":{"@id":"https:\/\/webknjizara.hr\/#website"},"primaryImageOfPage":{"@id":"https:\/\/webknjizara.hr\/proizvod\/suza-iz-kamena-miroslav-boric\/#primaryimage"},"image":{"@id":"https:\/\/webknjizara.hr\/proizvod\/suza-iz-kamena-miroslav-boric\/#primaryimage"},"thumbnailUrl":"https:\/\/webknjizara.hr\/wp-content\/uploads\/nc\/images\/virtuemart\/product\/suza-iz-kamena-53e3b78594f8d.jpg","datePublished":"2014-08-07T17:29:41+00:00","dateModified":"2023-02-26T23:16:11+00:00","breadcrumb":{"@id":"https:\/\/webknjizara.hr\/proizvod\/suza-iz-kamena-miroslav-boric\/#breadcrumb"},"inLanguage":"en-US","potentialAction":[{"@type":"ReadAction","target":["https:\/\/webknjizara.hr\/proizvod\/suza-iz-kamena-miroslav-boric\/"]}]},{"@type":"ImageObject","inLanguage":"en-US","@id":"https:\/\/webknjizara.hr\/proizvod\/suza-iz-kamena-miroslav-boric\/#primaryimage","url":"https:\/\/webknjizara.hr\/wp-content\/uploads\/nc\/images\/virtuemart\/product\/suza-iz-kamena-53e3b78594f8d.jpg","contentUrl":"https:\/\/webknjizara.hr\/wp-content\/uploads\/nc\/images\/virtuemart\/product\/suza-iz-kamena-53e3b78594f8d.jpg","width":358,"height":500,"caption":"SUZA IZ KAMENA, Miroslav Bori\u0107"},{"@type":"BreadcrumbList","@id":"https:\/\/webknjizara.hr\/proizvod\/suza-iz-kamena-miroslav-boric\/#breadcrumb","itemListElement":[{"@type":"ListItem","position":1,"name":"Po\u010detna stranica","item":"https:\/\/webknjizara.hr\/en\/"},{"@type":"ListItem","position":2,"name":"Shop","item":"https:\/\/webknjizara.hr\/shop\/"},{"@type":"ListItem","position":3,"name":"SUZA IZ KAMENA, Miroslav Bori\u0107"}]},{"@type":"WebSite","@id":"https:\/\/webknjizara.hr\/#website","url":"https:\/\/webknjizara.hr\/","name":"Web Knji\u017eara","description":"","publisher":{"@id":"https:\/\/webknjizara.hr\/#organization"},"potentialAction":[{"@type":"SearchAction","target":{"@type":"EntryPoint","urlTemplate":"https:\/\/webknjizara.hr\/?s={search_term_string}"},"query-input":{"@type":"PropertyValueSpecification","valueRequired":true,"valueName":"search_term_string"}}],"inLanguage":"en-US"},{"@type":"Organization","@id":"https:\/\/webknjizara.hr\/#organization","name":"REDAK D.O.O.","url":"https:\/\/webknjizara.hr\/","logo":{"@type":"ImageObject","inLanguage":"en-US","@id":"https:\/\/webknjizara.hr\/#\/schema\/logo\/image\/","url":"https:\/\/webknjizara.hr\/wp-content\/uploads\/2023\/01\/web-knjizara-logo.webp","contentUrl":"https:\/\/webknjizara.hr\/wp-content\/uploads\/2023\/01\/web-knjizara-logo.webp","width":324,"height":79,"caption":"REDAK D.O.O."},"image":{"@id":"https:\/\/webknjizara.hr\/#\/schema\/logo\/image\/"}}]}},"_links":{"self":[{"href":"https:\/\/webknjizara.hr\/en\/wp-json\/wp\/v2\/product\/7849","targetHints":{"allow":["GET"]}}],"collection":[{"href":"https:\/\/webknjizara.hr\/en\/wp-json\/wp\/v2\/product"}],"about":[{"href":"https:\/\/webknjizara.hr\/en\/wp-json\/wp\/v2\/types\/product"}],"replies":[{"embeddable":true,"href":"https:\/\/webknjizara.hr\/en\/wp-json\/wp\/v2\/comments?post=7849"}],"wp:featuredmedia":[{"embeddable":true,"href":"https:\/\/webknjizara.hr\/en\/wp-json\/wp\/v2\/media\/7850"}],"wp:attachment":[{"href":"https:\/\/webknjizara.hr\/en\/wp-json\/wp\/v2\/media?parent=7849"}],"wp:term":[{"taxonomy":"product_brand","embeddable":true,"href":"https:\/\/webknjizara.hr\/en\/wp-json\/wp\/v2\/product_brand?post=7849"},{"taxonomy":"product_cat","embeddable":true,"href":"https:\/\/webknjizara.hr\/en\/wp-json\/wp\/v2\/product_cat?post=7849"},{"taxonomy":"product_tag","embeddable":true,"href":"https:\/\/webknjizara.hr\/en\/wp-json\/wp\/v2\/product_tag?post=7849"}],"curies":[{"name":"wp","href":"https:\/\/api.w.org\/{rel}","templated":true}]}}