{"id":7837,"date":"2014-06-30T16:37:10","date_gmt":"2014-06-30T16:37:10","guid":{"rendered":"https:\/\/webknjizara.hr\/?product=st-54-tonka-alujevic"},"modified":"2023-02-27T00:16:11","modified_gmt":"2023-02-26T23:16:11","slug":"st-54-tonka-alujevic","status":"publish","type":"product","link":"https:\/\/webknjizara.hr\/en\/proizvod\/st-54-tonka-alujevic\/","title":{"rendered":"ST-54, Tonka Alujevi\u0107"},"content":{"rendered":"<p style=\"text-align: justify;\"><strong>Sa\u017eetak:<\/strong><\/p>\n<p>&#8221;ST 54&#8221; je zbirka pri\u010da sa brodskom registracijom. Pri\u010de su kratke i samo naoko izmi\u0161ljene. Rekonstrukcija broda starog 120 godina o\u017eivljava plovidbu novim rutama. Stara brodska rebra podnose smije\u0161na i nadrealna doga\u0111anja u novoj maritimnoj stvarnosti.<\/p>\n<p>Jednog dana neki neuki bankar dvoje \u0107e skipera nazvati skuterima. U tom trenutku dva glavna lika mijenjaju svoja prava imena u Piaggio i Gilera (Pja\u0111o i \u0110ilera), <br \/>Ni brod ni oni ne snalaze se u novonastaloj situaciji, ne razumiju, sudaraju se s novim morskim obi\u010dajima i bore se kao lavovi za navigaciju svijetom kojeg vi\u0161e odavno nema. <\/p>\n<p>Iako brod nije ni\u0161ta bolji od Rocinante, na njemu plove dva Don Quijota, koji ga stalno reanimiraju i spa\u0161avaju u zadnji \u010das. A on privla\u010di pri\u010du za pri\u010dom, susret za susretom, ludost za ludo\u0161\u0107u. Postaje sve vitalniji i puno inovativniji od plasti\u010dne mla\u0111arije. Koji od dosade ne znaju \u0161to bi\u2026..<\/p>\n<p><strong>Bilje\u0161ka o autorici:<\/strong> <\/p>\n<p>Tonka Alujevi\u0107 pi\u0161e kolumne, scenarije, knjige, re\u017eira putopise od kojih su \u201eMediteranski krug\u201c (avantura na motoru obalama Sredozemlja) i &#8221;Pol oriha&#8221; (film o najmanjem brodu svijeta i njegovoj pustolovini) emitirani na HTV-u, France 3, TV5Monde i Tv Thalassa. Autorica je i voditeljica televizijskog projekta &#8221;Nemiran duh&#8221;<\/p>\n<p style=\"text-align: justify;\"><strong>Klju\u010dne rije\u010di:<\/strong> Putopis, more, pustolovina, brod, leut, Jadran, Hvar, Split, Vis, kalafat, riva, Mateju\u0161ka, plovidba, jedrenje, pri\u010da, regata, lanterna, ribar<\/p>\n<p><strong>E-mail:<\/strong>\u00a0<a href=\"mailto:Tonka.alujevic@gmail.com\"><span style=\"text-decoration: underline;\">Tonka Alujevi\u0107<\/span><\/a><\/p>\n<p style=\"text-align: justify;\"><strong>Naslov:<\/strong> ST-54<br \/><strong>Autor:<\/strong> Tonka Alujevi\u0107<br \/><strong>Broj stranica:<\/strong> 150<br \/><strong>Nakladnik:<\/strong> REDAK<br \/><strong>Godina izdanja:<\/strong> 2014.<br \/><strong>ISBN:<\/strong> 978-953-336-149-9<br \/><strong>Tisak:<\/strong> digitalni tisak knjiga &#8211; print na zahtjev<\/p>\n","protected":false},"excerpt":{"rendered":"<p>Sa\u017eetak: &#8221;ST 54&#8221; je zbirka pri\u010da sa brodskom registracijom. Pri\u010de su kratke i samo naoko izmi\u0161ljene. Rekonstrukcija broda starog 120 godina o\u017eivljava plovidbu novim rutama. Stara brodska rebra podnose smije\u0161na i nadrealna doga\u0111anja u novoj maritimnoj stvarnosti. Jednog dana neki neuki bankar dvoje \u0107e skipera nazvati skuterima. U tom trenutku dva glavna lika mijenjaju svoja [&hellip;]<\/p>\n","protected":false},"featured_media":7838,"comment_status":"open","ping_status":"closed","template":"","meta":{"_acf_changed":false},"product_brand":[],"product_cat":[1383,1385],"product_tag":[],"class_list":{"0":"post-7837","1":"product","2":"type-product","3":"status-publish","4":"has-post-thumbnail","6":"product_cat-knjige","7":"product_cat-knjizevnost","8":"pa_autor-tonka-alujevic","9":"pa_nakladnik-redak","11":"first","12":"instock","13":"shipping-taxable","14":"purchasable","15":"product-type-simple"},"acf":[],"yoast_head":"<!-- This site is optimized with the Yoast SEO plugin v27.3 - https:\/\/yoast.com\/product\/yoast-seo-wordpress\/ -->\n<title>ST-54, Tonka Alujevi\u0107 - Web-knji\u017eara<\/title>\n<meta name=\"robots\" content=\"index, follow, max-snippet:-1, max-image-preview:large, max-video-preview:-1\" \/>\n<link rel=\"canonical\" href=\"https:\/\/webknjizara.hr\/proizvod\/st-54-tonka-alujevic\/\" \/>\n<meta property=\"og:locale\" content=\"en_US\" \/>\n<meta property=\"og:type\" content=\"article\" \/>\n<meta property=\"og:title\" content=\"ST-54, Tonka Alujevi\u0107 - Web-knji\u017eara\" \/>\n<meta property=\"og:description\" content=\"Sa\u017eetak: &#8221;ST 54&#8221; je zbirka pri\u010da sa brodskom registracijom. Pri\u010de su kratke i samo naoko izmi\u0161ljene. Rekonstrukcija broda starog 120 godina o\u017eivljava plovidbu novim rutama. Stara brodska rebra podnose smije\u0161na i nadrealna doga\u0111anja u novoj maritimnoj stvarnosti. Jednog dana neki neuki bankar dvoje \u0107e skipera nazvati skuterima. U tom trenutku dva glavna lika mijenjaju svoja [&hellip;]\" \/>\n<meta property=\"og:url\" content=\"https:\/\/webknjizara.hr\/proizvod\/st-54-tonka-alujevic\/\" \/>\n<meta property=\"og:site_name\" content=\"Web-knji\u017eara\" \/>\n<meta property=\"article:modified_time\" content=\"2023-02-26T23:16:11+00:00\" \/>\n<meta property=\"og:image\" content=\"https:\/\/webknjizara.hr\/wp-content\/uploads\/nc\/images\/virtuemart\/product\/st-54-tonka-alu-53b192369d75b.jpg\" \/>\n\t<meta property=\"og:image:width\" content=\"419\" \/>\n\t<meta property=\"og:image:height\" content=\"603\" \/>\n\t<meta property=\"og:image:type\" content=\"image\/jpeg\" \/>\n<meta name=\"twitter:card\" content=\"summary_large_image\" \/>\n<meta name=\"twitter:label1\" content=\"Est. reading time\" \/>\n\t<meta name=\"twitter:data1\" content=\"1 minute\" \/>\n<script type=\"application\/ld+json\" class=\"yoast-schema-graph\">{\"@context\":\"https:\\\/\\\/schema.org\",\"@graph\":[{\"@type\":\"WebPage\",\"@id\":\"https:\\\/\\\/webknjizara.hr\\\/proizvod\\\/st-54-tonka-alujevic\\\/\",\"url\":\"https:\\\/\\\/webknjizara.hr\\\/proizvod\\\/st-54-tonka-alujevic\\\/\",\"name\":\"ST-54, Tonka Alujevi\u0107 - Web-knji\u017eara\",\"isPartOf\":{\"@id\":\"https:\\\/\\\/webknjizara.hr\\\/#website\"},\"primaryImageOfPage\":{\"@id\":\"https:\\\/\\\/webknjizara.hr\\\/proizvod\\\/st-54-tonka-alujevic\\\/#primaryimage\"},\"image\":{\"@id\":\"https:\\\/\\\/webknjizara.hr\\\/proizvod\\\/st-54-tonka-alujevic\\\/#primaryimage\"},\"thumbnailUrl\":\"https:\\\/\\\/webknjizara.hr\\\/wp-content\\\/uploads\\\/nc\\\/images\\\/virtuemart\\\/product\\\/st-54-tonka-alu-53b192369d75b.jpg\",\"datePublished\":\"2014-06-30T16:37:10+00:00\",\"dateModified\":\"2023-02-26T23:16:11+00:00\",\"breadcrumb\":{\"@id\":\"https:\\\/\\\/webknjizara.hr\\\/proizvod\\\/st-54-tonka-alujevic\\\/#breadcrumb\"},\"inLanguage\":\"en-US\",\"potentialAction\":[{\"@type\":\"ReadAction\",\"target\":[\"https:\\\/\\\/webknjizara.hr\\\/proizvod\\\/st-54-tonka-alujevic\\\/\"]}]},{\"@type\":\"ImageObject\",\"inLanguage\":\"en-US\",\"@id\":\"https:\\\/\\\/webknjizara.hr\\\/proizvod\\\/st-54-tonka-alujevic\\\/#primaryimage\",\"url\":\"https:\\\/\\\/webknjizara.hr\\\/wp-content\\\/uploads\\\/nc\\\/images\\\/virtuemart\\\/product\\\/st-54-tonka-alu-53b192369d75b.jpg\",\"contentUrl\":\"https:\\\/\\\/webknjizara.hr\\\/wp-content\\\/uploads\\\/nc\\\/images\\\/virtuemart\\\/product\\\/st-54-tonka-alu-53b192369d75b.jpg\",\"width\":419,\"height\":603,\"caption\":\"ST-54, Tonka Alujevi\u0107\"},{\"@type\":\"BreadcrumbList\",\"@id\":\"https:\\\/\\\/webknjizara.hr\\\/proizvod\\\/st-54-tonka-alujevic\\\/#breadcrumb\",\"itemListElement\":[{\"@type\":\"ListItem\",\"position\":1,\"name\":\"Po\u010detna stranica\",\"item\":\"https:\\\/\\\/webknjizara.hr\\\/en\\\/\"},{\"@type\":\"ListItem\",\"position\":2,\"name\":\"Shop\",\"item\":\"https:\\\/\\\/webknjizara.hr\\\/shop\\\/\"},{\"@type\":\"ListItem\",\"position\":3,\"name\":\"ST-54, Tonka Alujevi\u0107\"}]},{\"@type\":\"WebSite\",\"@id\":\"https:\\\/\\\/webknjizara.hr\\\/#website\",\"url\":\"https:\\\/\\\/webknjizara.hr\\\/\",\"name\":\"Web Knji\u017eara\",\"description\":\"\",\"publisher\":{\"@id\":\"https:\\\/\\\/webknjizara.hr\\\/#organization\"},\"potentialAction\":[{\"@type\":\"SearchAction\",\"target\":{\"@type\":\"EntryPoint\",\"urlTemplate\":\"https:\\\/\\\/webknjizara.hr\\\/?s={search_term_string}\"},\"query-input\":{\"@type\":\"PropertyValueSpecification\",\"valueRequired\":true,\"valueName\":\"search_term_string\"}}],\"inLanguage\":\"en-US\"},{\"@type\":\"Organization\",\"@id\":\"https:\\\/\\\/webknjizara.hr\\\/#organization\",\"name\":\"REDAK D.O.O.\",\"url\":\"https:\\\/\\\/webknjizara.hr\\\/\",\"logo\":{\"@type\":\"ImageObject\",\"inLanguage\":\"en-US\",\"@id\":\"https:\\\/\\\/webknjizara.hr\\\/#\\\/schema\\\/logo\\\/image\\\/\",\"url\":\"https:\\\/\\\/webknjizara.hr\\\/wp-content\\\/uploads\\\/2023\\\/01\\\/web-knjizara-logo.webp\",\"contentUrl\":\"https:\\\/\\\/webknjizara.hr\\\/wp-content\\\/uploads\\\/2023\\\/01\\\/web-knjizara-logo.webp\",\"width\":324,\"height\":79,\"caption\":\"REDAK D.O.O.\"},\"image\":{\"@id\":\"https:\\\/\\\/webknjizara.hr\\\/#\\\/schema\\\/logo\\\/image\\\/\"}}]}<\/script>\n<!-- \/ Yoast SEO plugin. -->","yoast_head_json":{"title":"ST-54, Tonka Alujevi\u0107 - Web-knji\u017eara","robots":{"index":"index","follow":"follow","max-snippet":"max-snippet:-1","max-image-preview":"max-image-preview:large","max-video-preview":"max-video-preview:-1"},"canonical":"https:\/\/webknjizara.hr\/proizvod\/st-54-tonka-alujevic\/","og_locale":"en_US","og_type":"article","og_title":"ST-54, Tonka Alujevi\u0107 - Web-knji\u017eara","og_description":"Sa\u017eetak: &#8221;ST 54&#8221; je zbirka pri\u010da sa brodskom registracijom. Pri\u010de su kratke i samo naoko izmi\u0161ljene. Rekonstrukcija broda starog 120 godina o\u017eivljava plovidbu novim rutama. Stara brodska rebra podnose smije\u0161na i nadrealna doga\u0111anja u novoj maritimnoj stvarnosti. Jednog dana neki neuki bankar dvoje \u0107e skipera nazvati skuterima. U tom trenutku dva glavna lika mijenjaju svoja [&hellip;]","og_url":"https:\/\/webknjizara.hr\/proizvod\/st-54-tonka-alujevic\/","og_site_name":"Web-knji\u017eara","article_modified_time":"2023-02-26T23:16:11+00:00","og_image":[{"width":419,"height":603,"url":"https:\/\/webknjizara.hr\/wp-content\/uploads\/nc\/images\/virtuemart\/product\/st-54-tonka-alu-53b192369d75b.jpg","type":"image\/jpeg"}],"twitter_card":"summary_large_image","twitter_misc":{"Est. reading time":"1 minute"},"schema":{"@context":"https:\/\/schema.org","@graph":[{"@type":"WebPage","@id":"https:\/\/webknjizara.hr\/proizvod\/st-54-tonka-alujevic\/","url":"https:\/\/webknjizara.hr\/proizvod\/st-54-tonka-alujevic\/","name":"ST-54, Tonka Alujevi\u0107 - Web-knji\u017eara","isPartOf":{"@id":"https:\/\/webknjizara.hr\/#website"},"primaryImageOfPage":{"@id":"https:\/\/webknjizara.hr\/proizvod\/st-54-tonka-alujevic\/#primaryimage"},"image":{"@id":"https:\/\/webknjizara.hr\/proizvod\/st-54-tonka-alujevic\/#primaryimage"},"thumbnailUrl":"https:\/\/webknjizara.hr\/wp-content\/uploads\/nc\/images\/virtuemart\/product\/st-54-tonka-alu-53b192369d75b.jpg","datePublished":"2014-06-30T16:37:10+00:00","dateModified":"2023-02-26T23:16:11+00:00","breadcrumb":{"@id":"https:\/\/webknjizara.hr\/proizvod\/st-54-tonka-alujevic\/#breadcrumb"},"inLanguage":"en-US","potentialAction":[{"@type":"ReadAction","target":["https:\/\/webknjizara.hr\/proizvod\/st-54-tonka-alujevic\/"]}]},{"@type":"ImageObject","inLanguage":"en-US","@id":"https:\/\/webknjizara.hr\/proizvod\/st-54-tonka-alujevic\/#primaryimage","url":"https:\/\/webknjizara.hr\/wp-content\/uploads\/nc\/images\/virtuemart\/product\/st-54-tonka-alu-53b192369d75b.jpg","contentUrl":"https:\/\/webknjizara.hr\/wp-content\/uploads\/nc\/images\/virtuemart\/product\/st-54-tonka-alu-53b192369d75b.jpg","width":419,"height":603,"caption":"ST-54, Tonka Alujevi\u0107"},{"@type":"BreadcrumbList","@id":"https:\/\/webknjizara.hr\/proizvod\/st-54-tonka-alujevic\/#breadcrumb","itemListElement":[{"@type":"ListItem","position":1,"name":"Po\u010detna stranica","item":"https:\/\/webknjizara.hr\/en\/"},{"@type":"ListItem","position":2,"name":"Shop","item":"https:\/\/webknjizara.hr\/shop\/"},{"@type":"ListItem","position":3,"name":"ST-54, Tonka Alujevi\u0107"}]},{"@type":"WebSite","@id":"https:\/\/webknjizara.hr\/#website","url":"https:\/\/webknjizara.hr\/","name":"Web Knji\u017eara","description":"","publisher":{"@id":"https:\/\/webknjizara.hr\/#organization"},"potentialAction":[{"@type":"SearchAction","target":{"@type":"EntryPoint","urlTemplate":"https:\/\/webknjizara.hr\/?s={search_term_string}"},"query-input":{"@type":"PropertyValueSpecification","valueRequired":true,"valueName":"search_term_string"}}],"inLanguage":"en-US"},{"@type":"Organization","@id":"https:\/\/webknjizara.hr\/#organization","name":"REDAK D.O.O.","url":"https:\/\/webknjizara.hr\/","logo":{"@type":"ImageObject","inLanguage":"en-US","@id":"https:\/\/webknjizara.hr\/#\/schema\/logo\/image\/","url":"https:\/\/webknjizara.hr\/wp-content\/uploads\/2023\/01\/web-knjizara-logo.webp","contentUrl":"https:\/\/webknjizara.hr\/wp-content\/uploads\/2023\/01\/web-knjizara-logo.webp","width":324,"height":79,"caption":"REDAK D.O.O."},"image":{"@id":"https:\/\/webknjizara.hr\/#\/schema\/logo\/image\/"}}]}},"_links":{"self":[{"href":"https:\/\/webknjizara.hr\/en\/wp-json\/wp\/v2\/product\/7837","targetHints":{"allow":["GET"]}}],"collection":[{"href":"https:\/\/webknjizara.hr\/en\/wp-json\/wp\/v2\/product"}],"about":[{"href":"https:\/\/webknjizara.hr\/en\/wp-json\/wp\/v2\/types\/product"}],"replies":[{"embeddable":true,"href":"https:\/\/webknjizara.hr\/en\/wp-json\/wp\/v2\/comments?post=7837"}],"wp:featuredmedia":[{"embeddable":true,"href":"https:\/\/webknjizara.hr\/en\/wp-json\/wp\/v2\/media\/7838"}],"wp:attachment":[{"href":"https:\/\/webknjizara.hr\/en\/wp-json\/wp\/v2\/media?parent=7837"}],"wp:term":[{"taxonomy":"product_brand","embeddable":true,"href":"https:\/\/webknjizara.hr\/en\/wp-json\/wp\/v2\/product_brand?post=7837"},{"taxonomy":"product_cat","embeddable":true,"href":"https:\/\/webknjizara.hr\/en\/wp-json\/wp\/v2\/product_cat?post=7837"},{"taxonomy":"product_tag","embeddable":true,"href":"https:\/\/webknjizara.hr\/en\/wp-json\/wp\/v2\/product_tag?post=7837"}],"curies":[{"name":"wp","href":"https:\/\/api.w.org\/{rel}","templated":true}]}}