{"id":7829,"date":"2014-06-27T17:57:12","date_gmt":"2014-06-27T17:57:12","guid":{"rendered":"https:\/\/webknjizara.hr\/?product=poslovanje-u-morskom-brodarstvu-ivo-domijan-arneri"},"modified":"2023-02-27T00:16:10","modified_gmt":"2023-02-26T23:16:10","slug":"poslovanje-u-morskom-brodarstvu-ivo-domijan-arneri","status":"publish","type":"product","link":"https:\/\/webknjizara.hr\/en\/proizvod\/poslovanje-u-morskom-brodarstvu-ivo-domijan-arneri\/","title":{"rendered":"POSLOVANJE U MORSKOM BRODARSTVU, Ivo Domijan-Arneri"},"content":{"rendered":"<p style=\"text-align: justify;\"><strong>Sa\u017eetak:<\/strong><\/p>\n<p>Morsko je brodarstvo karakteristi\u010dno po dinami\u010dnom razvoju i kontinuiranim promjenama. Promjene se odnose na svekoliku specijalizaciju za pojedine vrste tereta. Univerzalnost i sva\u0161tarenje u morskom brodarstvu postali su besmisleni, njegova su se tr\u017ei\u0161ta definitivno odvojila jedno od drugoga. Do velikih je promjena do\u0161lo i u vanjskom okru\u017eenju u kojemu brodarstvo djeluje i to upravo zbog utjecaja morskoga brodarstva ili, jo\u0161 to\u010dnije re\u010deno, me\u0111usobnom interakcijom utjeceja procesa globalizacije i morskoga brodarstva. Proces globalizacije rezultirao je sve u\u017eom specijalizacijom, ekonomijom volumena i globalnom konkurencijom u svim segmentima ove gospodarske grane. Svekolika njezina privatizacija izmijenila je prioritete i percepciju brodarstva u sustavu nacionalnoga gospodarstva, a iznjedrila je i pojavu outsourcinga, u funkciji sni\u017eenja tro\u0161kova inputa u proizvodnji usluge morskoga brodarstva. Zbog globalne pojave privatizacije ovih poduze\u0107a, nacionalne su se legislative odmakle od za\u0161tite nacionalnih brodarstava u smjeru za\u0161tite javnog interesa, za\u0161tite okoli\u0161a i sigurnosti. Iz tih se razloga izmijenilo i poslovanje poduze\u0107a morskoga brodarstva. Postalo je vrlo slo\u017eeno. Kompleksnost je to ve\u0107a \u0161to velik broj nacionalnih brodara posluje pod utjecajem dvojakih uvjeta, nacionalnih i me\u0111unarodnih. U takvim se okolnostima gotovo sama od sebe name\u0107e potreba primjene suvremenih znanstvenih spoznaja u strate\u0161kom menad\u017ementu, koji je u stru\u010dnom i znanstvenom pristupu sna\u017eno evoluirao.<\/p>\n<p>Nadalje, kompleksnost veza i odnosa na tr\u017ei\u0161tima morskog brodarstva zahtijevaju potrebu poznavanja funkcioniranja poslovanja, te tr\u017ei\u0161nih i poslovnih rizika, kako bi se njima poku\u0161alo upravljati. Poslovni, to jest tr\u017ei\u0161ni rizici oduvijek su asocirali na nesigurnost i nelagodu, pa se o njima razmi\u0161ljalo sa strahopo\u0161tovanjem, kao o ne\u010demu \u0161to treba izbjegavati. Znanstvenici su me\u0111utim dokazali suprotno. Rizik je sastavni dio \u017eivota, osobnoga i poslovnog, pa ga kao takva treba i prihvatiti. Rizik je prigoda; zato ga dakle ne treba izbjegavati. S njim se treba suo\u010diti u te\u017enji da se njime upravlja kako bi ga se neprekidno nadvladavalo. U poslovnom smislu rizik se ve\u017ee uz definiciju poduzetnika, koji se u svom poslovanju neminovno suo\u010dava s poduzetni\u010dkim rizikom. Op\u0107e je prihva\u0107ena konstatacija da ve\u0107i rizik omogu\u0107uje ve\u0107u dobit. Istodobno, u samom pojmu rizika krije se opasnost potencijalnog poslovnog neuspjeha. Sasvim logi\u010dno, \u0161to je ve\u0107i rizik, ve\u0107a je i opasnost gubitka, ali i velika poslovna prigoda za dobitke. Dakle, nema uspje\u0161nog poduzetnika niti posla bez rizika.<\/p>\n<p>Dana\u0161nji poslovni svijet obilje\u017eavaju sve slo\u017eeniji, vi\u0161eslojni odnosi i sve vrjedniji resursi ulo\u017eeni u posao, pa je stoga logi\u010dno da i rizici samim time postaju ve\u0107i, a poslovanje slo\u017eenije. Ali ne samo zato! \u0160to mo\u017ee o\u010dekivati poduze\u0107e ili poduzetnik koji svoje poslovne odluke donosi stalno na marginama linije manjeg otpora, zasnivaju\u0107i ih na ustaljenim, op\u0107eprihva\u0107enim i konvencionalnim, dakle, \u201esigurnim\u201d opcijama odluka bez ve\u0107eg rizika, u maniri \u201emanje ali sigurnije, pa stoga sla\u0111e\u201d? Redovito, ako nema rizika, ili je on minimalan, tada su i prinosi, dakle dobit, vrlo skromni. Naime, najva\u017enija poslovna postavka proizlazi upravo iz \u010dinjenice da niskorizi\u010dna odluka ili ulaganje mo\u017ee donijeti samo niske stope prinosa, dok je ve\u0107e stope prinosa mogu\u0107e posti\u0107i samo prihva\u0107aju\u0107i opcije ve\u0107ih razina poslovnih i tr\u017ei\u0161nih rizika. Rizik i prinos imaju svoju vremensku dimenziju o kojoj su ovisni, pa kako vrijeme prolazi, ulaganja s niskim prinosom postaju sve vi\u0161e i vi\u0161e rizi\u010dnija, i to kako zbog inflacije, tako i zbog niske, uglavnom nedostatne akumulacije koja bi osigurala potrebne investicije. Pa kad se ve\u0107 rizik mora prihvatiti kao credo i neizbje\u017enost, onda je sasvim prirodno da se s rizicima treba nau\u010diti i naviknuti postupati i, nadasve, upravljati.<\/p>\n<p>Morsko brodastvo nije iznimka. Pravila i postulati teorije rizika primjenjivi su i na njega. Poslovanje u morskom brodarstvu mora se izgraditi primjenom istih na\u010dela kao za bilo koji drugi posao, po\u0161tuju\u0107i, naravno, posebnost gospodarske grane. To zahtijeva odre\u0111ivanje misije i vizije, pomno definirane ciljeve i sposobnost identifikacije rizika, te snagu su\u010deljavanja s izazovima rizika i njihovim strate\u0161kim upravljanjem.<\/p>\n<p>Sve poslovne odluke, posebice one strate\u0161ke, obvezno su i rizi\u010dne, a njih donosi menad\u017ement, ili menad\u017eer. Oni su odgovorni za poslovni uspjeh ili pak neuspjeh poduze\u0107a. Zbog toga moraju razumijeti i prakti\u010dno primijeniti znanstvene spoznaje suvremenog menad\u017ementa i njegovih temeljnih funkcija, te spoznaja i va\u017enosti marketinga i organiziranja u poduze\u0107ima morskoga brodarstva, zatim funkcioniranja institutcija, birokracije i globalnog okru\u017eenja. Kona\u010dno, za menad\u017eere vrlo je bitno da razumiju dokraja svrhu i va\u017enost, a posebice odgovornost, svojeg menad\u017eerskog vodstva u poduze\u0107u, kao i posljedice svojih odluka.<\/p>\n<p>\u010cinjenica jest da poslovanje postaje sve slo\u017eenije, pa menad\u017ement suvremenog poduze\u0107a morskoga brodarstva poprima kompleksne i vi\u0161eslojne oblike i dimenzije. Logi\u010dno je da su tehnologija i procesi poslovanja prerasli tradicionalne sadr\u017eaje ekonomike brodarstva u okviru kojega se problematika donedavno uglavnom izu\u010davala na visokim pomorskim u\u010dili\u0161tima. Znanstvene su, stru\u010dne i prakti\u010dne spoznaje uz ekonomiku, pro\u0161irile umije\u0107e i vje\u0161tinu poslovanja jo\u0161 na sadr\u017eaje menad\u017ementa i tr\u017ei\u0161nih rizika. Zbog toga je logi\u010dan cilj ove knjige da obuhvati i pribli\u017ei sveukupnu problematiku u poslovanju grane i poduze\u0107a morskoga brodarstva, kako studentima visokih pomorskih u\u010dili\u0161ta, tako i svima onima o \u010dijim odlukama ovisi poslovanje brodarskih poduze\u0107a, ali i da pomogne razumjeti procese poslovanja svima onima koji su svojim aktivnostima i u svom djelokrugu rada povezani pomorskom industrijom.<\/p>\n<p>U tom kontekstu knjiga obuhva\u0107a tri temeljne sastavnice procesa poslovanja i to: ekonomiku, menad\u017ement i tr\u017ei\u0161ne, to jest poslovne rizike poduze\u0107a ovoga podru\u010dja. Knjiga je strukturirana u osam zaokru\u017eenih, logi\u010dno raspodijeljenih i tematski povezanih poglavlja, koncipiranih tako da cjelovito i \u0161to jednostavnije elaboriraju i objasne sastavnice ove gospodarske grane. Posebno je nagla\u0161ena povezanost pozitivnih karakteristika strate\u0161kog upravljanja poslovnim rizicima u morskom brodarstvu. Radi lak\u0161eg razumijevanja, teorijske su spoznaje aplicirane brojnim primjerima, raspravama i kalkulacijama realnih problemskih situacija u poslovanju brodarskog poduze\u0107a.<\/p>\n<p><strong>Bilje\u0161ka o autoru\/autorici:<\/strong> <\/p>\n<p>Doc.dr.sc. Ivo Domijan-Arneri ro\u0111en je u Dubrovniku 1947. godine. \u0160kolovao se u Dubrovniku, gdje je zavr\u0161io Vi\u0161u pomorsku \u0161kolu i stekao zvanje kapetana duge plovidbe. Karijeru je zapo\u010deo kao pomorac plove\u0107i ukupno 5 godina na brodovima Atlantske plovidbe iz Dubrovnika i Slobodne plovidbe iz \u0160ibenika u svojstvu kadeta, 3., 2. i 1. \u010dasnika palube. <\/p>\n<p>Obna\u0161ao je du\u017enost rukovoditelja te\u0161kih tereta u Atlantskoj Plovidbi iz Dubrovnika, direktora pomorske agencijske i brokerske tvrtke Armacon Ocean Transport B.V. u Rotterdamu (1990.- 1996.), zatim direktora Anglo Adriatic Shipping Agency Ltd u Londonu (1996.- 2002.), te savjetnika u CPC-Consolidated Pool Carriers GmbH u Hamburgu i Llloyds MIU u Londonu. Kao jedan od utemeljitelja, volonterski je obna\u0161ao du\u017enost prvog direktora Britansko-hrvatske gospodarske komore u Londonu, a bio je i dugogodi\u0161nji \u010dlan pomorske burze The Baltic Exchange u Londonu. <\/p>\n<p>Diplomirao je i magistrirao na Ekonomskom fakultetu u Zagrebu, a akademski stupanj doktora dru\u0161tvenih znanosti stekao je 2007. godine na Ekonomskom fakultetu u Rijeci doktorskom disertacijom pod naslovom \u201eStrate\u0161ko upravljanje tr\u017ei\u0161nim rizicima u morskom brodarstvu\u201c. Dana 29.01.2008., izabran je u znanstveno-nastavno zvanje docenta za podru\u010dje dru\u0161tvenih znanosti, polje ekonomija, grana menad\u017ement i upravljanje (5.01.04) na Sveu\u010dili\u0161tu u Dubrovniku. <br \/>Sudionik je vi\u0161e znanstvenih i stru\u010dnih savjetovanja u zemlji i inozemstvu, autor je brojnih znanstvenih radova, studija i ekspertiza, te recenzija brojnih stru\u010dnih i znanstvenih \u010dlanaka iz podru\u010dja ekonomike morskog brodarstva, menad\u017ementa i upravljanja u brodarstvu. Dugogodi\u0161nji je \u010dlan uredni\u0161tva znanstvenog \u010dasopisa za more i pomorstvo \u201eNa\u0161e more\u201c. <\/p>\n<p>Dugogodi\u0161nji je predava\u010d kolegija \u201eEkonomika brodarstva\u201c, \u201eEkonomija za menad\u017eere\u201c, \u201ePomorsko tr\u017ei\u0161te\u201c i \u201ePoslovanje i organizacija rada\u201c na Vi\u0161oj pomorskoj \u0161koli, zatim Pomorskom fakultetu i kasnije na Sveu\u010dili\u0161tu u Dubrovniku. Godine 2007., imenovan je vr\u0161iteljem du\u017enosti pro\u010delnika Pomorskog odjela Sveu\u010dili\u0161ta u Dubrovniku, na kojem ostaje do travnja 2008. godine, kada odlazi u London zbog izrade projekta. U listopadu 2009., ponovo se vra\u0107a na Sveu\u010dili\u0161te u Dubrovniku u svojstvu docenta. Predava\u010d je kolegija \u201eEkonomika brodarstva\u201c i \u201eEkonomika iskori\u0161tavanja broda\u201c na dodiplomskom studiju Pomorskog odjela, te kolegije \u201ePoslovanje i organizacija poslovanja u pomorskoj industriji\u201c, \u201eStrate\u0161ki menad\u017ement i poslovna politika brodarskih poduze\u0107a\u201c i \u201eMenad\u017ement u pomorstvu\u201c koje je osmislio i uveo na diplomskom studiju \u201ePomorstvo\u201c Pomorskog odjela Sveu\u010dili\u0161ta u Dubrovniku. Mentor je brojnim studentima u njihovim zavr\u0161nim i diplomskim radovima.<\/p>\n<p style=\"text-align: justify;\"><strong>Klju\u010dne rije\u010di:<\/strong> Agenti, amortizacija, birokracija, brodar, brodogradnja, broker, dnevni tro\u0161kovi broda, ekologoja, ekonomija volumena, eksternalije, fiksni tro\u0161kovi, funkcije menad\u017ementa, globalizacija, institucionalizacija mo\u0107i, javni interes, konflikt, konjunkturni ciklus, kontejnerizacija, linijsko brodarstvo, logisti\u010dki lanac, menad\u017ement, misija, morsko brodarstvo, motivacija, odlu\u010divanje, nacionalno brodarstvo, odlu\u010divanje, organizacija, outsourcing, privatizacija, protekcionizam, profit, putni\u010dko brodarstvo, registar brodova, restriktivne mjere, rizici, slobodno brodarstvo, stil rukovo\u0111enja, strate\u0161ki menad\u017ement, tankersko brodarstvo, tr\u017ei\u0161tevarijabilni tro\u0161kovi, vizija, vlasni\u0161tvo, vo\u0111enje, vozarina, zastave pogodnosti<\/p>\n<p style=\"text-align: justify;\"><strong>Naslov:<\/strong> Poslovanje u morskom brodarstvu<br \/><strong>Autor:<\/strong> Ivo Domijan-Arneri<br \/><strong>Broj stranica:<\/strong> 472<br \/><strong>Nakladnik:<\/strong> REDAK<br \/><strong>Godina izdanja:<\/strong> 2014.<br \/><strong>ISBN:<\/strong> 978-953-336-145-1<br \/><strong>Tisak:<\/strong> digitalni tisak knjiga &#8211; print na zahtjev<\/p>\n","protected":false},"excerpt":{"rendered":"<p>Sa\u017eetak: Morsko je brodarstvo karakteristi\u010dno po dinami\u010dnom razvoju i kontinuiranim promjenama. Promjene se odnose na svekoliku specijalizaciju za pojedine vrste tereta. Univerzalnost i sva\u0161tarenje u morskom brodarstvu postali su besmisleni, njegova su se tr\u017ei\u0161ta definitivno odvojila jedno od drugoga. Do velikih je promjena do\u0161lo i u vanjskom okru\u017eenju u kojemu brodarstvo djeluje i to upravo [&hellip;]<\/p>\n","protected":false},"featured_media":7830,"comment_status":"open","ping_status":"closed","template":"","meta":{"_acf_changed":false},"product_brand":[],"product_cat":[1517],"product_tag":[],"class_list":{"0":"post-7829","1":"product","2":"type-product","3":"status-publish","4":"has-post-thumbnail","6":"product_cat-strucna-literatura","7":"pa_autor-ivo-domijan-arneri","8":"pa_nakladnik-redak","10":"first","11":"instock","12":"shipping-taxable","13":"purchasable","14":"product-type-simple"},"acf":[],"yoast_head":"<!-- This site is optimized with the Yoast SEO plugin v27.3 - https:\/\/yoast.com\/product\/yoast-seo-wordpress\/ -->\n<title>POSLOVANJE U MORSKOM BRODARSTVU, Ivo Domijan-Arneri - Web-knji\u017eara<\/title>\n<meta name=\"robots\" content=\"index, follow, max-snippet:-1, max-image-preview:large, max-video-preview:-1\" \/>\n<link rel=\"canonical\" href=\"https:\/\/webknjizara.hr\/proizvod\/poslovanje-u-morskom-brodarstvu-ivo-domijan-arneri\/\" \/>\n<meta property=\"og:locale\" content=\"en_US\" \/>\n<meta property=\"og:type\" content=\"article\" \/>\n<meta property=\"og:title\" content=\"POSLOVANJE U MORSKOM BRODARSTVU, Ivo Domijan-Arneri - Web-knji\u017eara\" \/>\n<meta property=\"og:description\" content=\"Sa\u017eetak: Morsko je brodarstvo karakteristi\u010dno po dinami\u010dnom razvoju i kontinuiranim promjenama. Promjene se odnose na svekoliku specijalizaciju za pojedine vrste tereta. Univerzalnost i sva\u0161tarenje u morskom brodarstvu postali su besmisleni, njegova su se tr\u017ei\u0161ta definitivno odvojila jedno od drugoga. Do velikih je promjena do\u0161lo i u vanjskom okru\u017eenju u kojemu brodarstvo djeluje i to upravo [&hellip;]\" \/>\n<meta property=\"og:url\" content=\"https:\/\/webknjizara.hr\/proizvod\/poslovanje-u-morskom-brodarstvu-ivo-domijan-arneri\/\" \/>\n<meta property=\"og:site_name\" content=\"Web-knji\u017eara\" \/>\n<meta property=\"article:modified_time\" content=\"2023-02-26T23:16:10+00:00\" \/>\n<meta property=\"og:image\" content=\"https:\/\/webknjizara.hr\/wp-content\/uploads\/nc\/images\/virtuemart\/product\/poslovanje-u-mor-53adb0780d504.jpg\" \/>\n\t<meta property=\"og:image:width\" content=\"358\" \/>\n\t<meta property=\"og:image:height\" content=\"500\" \/>\n\t<meta property=\"og:image:type\" content=\"image\/jpeg\" \/>\n<meta name=\"twitter:card\" content=\"summary_large_image\" \/>\n<meta name=\"twitter:label1\" content=\"Est. reading time\" \/>\n\t<meta name=\"twitter:data1\" content=\"8 minutes\" \/>\n<script type=\"application\/ld+json\" class=\"yoast-schema-graph\">{\"@context\":\"https:\\\/\\\/schema.org\",\"@graph\":[{\"@type\":\"WebPage\",\"@id\":\"https:\\\/\\\/webknjizara.hr\\\/proizvod\\\/poslovanje-u-morskom-brodarstvu-ivo-domijan-arneri\\\/\",\"url\":\"https:\\\/\\\/webknjizara.hr\\\/proizvod\\\/poslovanje-u-morskom-brodarstvu-ivo-domijan-arneri\\\/\",\"name\":\"POSLOVANJE U MORSKOM BRODARSTVU, Ivo Domijan-Arneri - Web-knji\u017eara\",\"isPartOf\":{\"@id\":\"https:\\\/\\\/webknjizara.hr\\\/#website\"},\"primaryImageOfPage\":{\"@id\":\"https:\\\/\\\/webknjizara.hr\\\/proizvod\\\/poslovanje-u-morskom-brodarstvu-ivo-domijan-arneri\\\/#primaryimage\"},\"image\":{\"@id\":\"https:\\\/\\\/webknjizara.hr\\\/proizvod\\\/poslovanje-u-morskom-brodarstvu-ivo-domijan-arneri\\\/#primaryimage\"},\"thumbnailUrl\":\"https:\\\/\\\/webknjizara.hr\\\/wp-content\\\/uploads\\\/nc\\\/images\\\/virtuemart\\\/product\\\/poslovanje-u-mor-53adb0780d504.jpg\",\"datePublished\":\"2014-06-27T17:57:12+00:00\",\"dateModified\":\"2023-02-26T23:16:10+00:00\",\"breadcrumb\":{\"@id\":\"https:\\\/\\\/webknjizara.hr\\\/proizvod\\\/poslovanje-u-morskom-brodarstvu-ivo-domijan-arneri\\\/#breadcrumb\"},\"inLanguage\":\"en-US\",\"potentialAction\":[{\"@type\":\"ReadAction\",\"target\":[\"https:\\\/\\\/webknjizara.hr\\\/proizvod\\\/poslovanje-u-morskom-brodarstvu-ivo-domijan-arneri\\\/\"]}]},{\"@type\":\"ImageObject\",\"inLanguage\":\"en-US\",\"@id\":\"https:\\\/\\\/webknjizara.hr\\\/proizvod\\\/poslovanje-u-morskom-brodarstvu-ivo-domijan-arneri\\\/#primaryimage\",\"url\":\"https:\\\/\\\/webknjizara.hr\\\/wp-content\\\/uploads\\\/nc\\\/images\\\/virtuemart\\\/product\\\/poslovanje-u-mor-53adb0780d504.jpg\",\"contentUrl\":\"https:\\\/\\\/webknjizara.hr\\\/wp-content\\\/uploads\\\/nc\\\/images\\\/virtuemart\\\/product\\\/poslovanje-u-mor-53adb0780d504.jpg\",\"width\":358,\"height\":500,\"caption\":\"POSLOVANJE U MORSKOM BRODARSTVU, Ivo Domijan-Arneri\"},{\"@type\":\"BreadcrumbList\",\"@id\":\"https:\\\/\\\/webknjizara.hr\\\/proizvod\\\/poslovanje-u-morskom-brodarstvu-ivo-domijan-arneri\\\/#breadcrumb\",\"itemListElement\":[{\"@type\":\"ListItem\",\"position\":1,\"name\":\"Po\u010detna stranica\",\"item\":\"https:\\\/\\\/webknjizara.hr\\\/en\\\/\"},{\"@type\":\"ListItem\",\"position\":2,\"name\":\"Shop\",\"item\":\"https:\\\/\\\/webknjizara.hr\\\/shop\\\/\"},{\"@type\":\"ListItem\",\"position\":3,\"name\":\"POSLOVANJE U MORSKOM BRODARSTVU, Ivo Domijan-Arneri\"}]},{\"@type\":\"WebSite\",\"@id\":\"https:\\\/\\\/webknjizara.hr\\\/#website\",\"url\":\"https:\\\/\\\/webknjizara.hr\\\/\",\"name\":\"Web Knji\u017eara\",\"description\":\"\",\"publisher\":{\"@id\":\"https:\\\/\\\/webknjizara.hr\\\/#organization\"},\"potentialAction\":[{\"@type\":\"SearchAction\",\"target\":{\"@type\":\"EntryPoint\",\"urlTemplate\":\"https:\\\/\\\/webknjizara.hr\\\/?s={search_term_string}\"},\"query-input\":{\"@type\":\"PropertyValueSpecification\",\"valueRequired\":true,\"valueName\":\"search_term_string\"}}],\"inLanguage\":\"en-US\"},{\"@type\":\"Organization\",\"@id\":\"https:\\\/\\\/webknjizara.hr\\\/#organization\",\"name\":\"REDAK D.O.O.\",\"url\":\"https:\\\/\\\/webknjizara.hr\\\/\",\"logo\":{\"@type\":\"ImageObject\",\"inLanguage\":\"en-US\",\"@id\":\"https:\\\/\\\/webknjizara.hr\\\/#\\\/schema\\\/logo\\\/image\\\/\",\"url\":\"https:\\\/\\\/webknjizara.hr\\\/wp-content\\\/uploads\\\/2023\\\/01\\\/web-knjizara-logo.webp\",\"contentUrl\":\"https:\\\/\\\/webknjizara.hr\\\/wp-content\\\/uploads\\\/2023\\\/01\\\/web-knjizara-logo.webp\",\"width\":324,\"height\":79,\"caption\":\"REDAK D.O.O.\"},\"image\":{\"@id\":\"https:\\\/\\\/webknjizara.hr\\\/#\\\/schema\\\/logo\\\/image\\\/\"}}]}<\/script>\n<!-- \/ Yoast SEO plugin. -->","yoast_head_json":{"title":"POSLOVANJE U MORSKOM BRODARSTVU, Ivo Domijan-Arneri - Web-knji\u017eara","robots":{"index":"index","follow":"follow","max-snippet":"max-snippet:-1","max-image-preview":"max-image-preview:large","max-video-preview":"max-video-preview:-1"},"canonical":"https:\/\/webknjizara.hr\/proizvod\/poslovanje-u-morskom-brodarstvu-ivo-domijan-arneri\/","og_locale":"en_US","og_type":"article","og_title":"POSLOVANJE U MORSKOM BRODARSTVU, Ivo Domijan-Arneri - Web-knji\u017eara","og_description":"Sa\u017eetak: Morsko je brodarstvo karakteristi\u010dno po dinami\u010dnom razvoju i kontinuiranim promjenama. Promjene se odnose na svekoliku specijalizaciju za pojedine vrste tereta. Univerzalnost i sva\u0161tarenje u morskom brodarstvu postali su besmisleni, njegova su se tr\u017ei\u0161ta definitivno odvojila jedno od drugoga. Do velikih je promjena do\u0161lo i u vanjskom okru\u017eenju u kojemu brodarstvo djeluje i to upravo [&hellip;]","og_url":"https:\/\/webknjizara.hr\/proizvod\/poslovanje-u-morskom-brodarstvu-ivo-domijan-arneri\/","og_site_name":"Web-knji\u017eara","article_modified_time":"2023-02-26T23:16:10+00:00","og_image":[{"width":358,"height":500,"url":"https:\/\/webknjizara.hr\/wp-content\/uploads\/nc\/images\/virtuemart\/product\/poslovanje-u-mor-53adb0780d504.jpg","type":"image\/jpeg"}],"twitter_card":"summary_large_image","twitter_misc":{"Est. reading time":"8 minutes"},"schema":{"@context":"https:\/\/schema.org","@graph":[{"@type":"WebPage","@id":"https:\/\/webknjizara.hr\/proizvod\/poslovanje-u-morskom-brodarstvu-ivo-domijan-arneri\/","url":"https:\/\/webknjizara.hr\/proizvod\/poslovanje-u-morskom-brodarstvu-ivo-domijan-arneri\/","name":"POSLOVANJE U MORSKOM BRODARSTVU, Ivo Domijan-Arneri - Web-knji\u017eara","isPartOf":{"@id":"https:\/\/webknjizara.hr\/#website"},"primaryImageOfPage":{"@id":"https:\/\/webknjizara.hr\/proizvod\/poslovanje-u-morskom-brodarstvu-ivo-domijan-arneri\/#primaryimage"},"image":{"@id":"https:\/\/webknjizara.hr\/proizvod\/poslovanje-u-morskom-brodarstvu-ivo-domijan-arneri\/#primaryimage"},"thumbnailUrl":"https:\/\/webknjizara.hr\/wp-content\/uploads\/nc\/images\/virtuemart\/product\/poslovanje-u-mor-53adb0780d504.jpg","datePublished":"2014-06-27T17:57:12+00:00","dateModified":"2023-02-26T23:16:10+00:00","breadcrumb":{"@id":"https:\/\/webknjizara.hr\/proizvod\/poslovanje-u-morskom-brodarstvu-ivo-domijan-arneri\/#breadcrumb"},"inLanguage":"en-US","potentialAction":[{"@type":"ReadAction","target":["https:\/\/webknjizara.hr\/proizvod\/poslovanje-u-morskom-brodarstvu-ivo-domijan-arneri\/"]}]},{"@type":"ImageObject","inLanguage":"en-US","@id":"https:\/\/webknjizara.hr\/proizvod\/poslovanje-u-morskom-brodarstvu-ivo-domijan-arneri\/#primaryimage","url":"https:\/\/webknjizara.hr\/wp-content\/uploads\/nc\/images\/virtuemart\/product\/poslovanje-u-mor-53adb0780d504.jpg","contentUrl":"https:\/\/webknjizara.hr\/wp-content\/uploads\/nc\/images\/virtuemart\/product\/poslovanje-u-mor-53adb0780d504.jpg","width":358,"height":500,"caption":"POSLOVANJE U MORSKOM BRODARSTVU, Ivo Domijan-Arneri"},{"@type":"BreadcrumbList","@id":"https:\/\/webknjizara.hr\/proizvod\/poslovanje-u-morskom-brodarstvu-ivo-domijan-arneri\/#breadcrumb","itemListElement":[{"@type":"ListItem","position":1,"name":"Po\u010detna stranica","item":"https:\/\/webknjizara.hr\/en\/"},{"@type":"ListItem","position":2,"name":"Shop","item":"https:\/\/webknjizara.hr\/shop\/"},{"@type":"ListItem","position":3,"name":"POSLOVANJE U MORSKOM BRODARSTVU, Ivo Domijan-Arneri"}]},{"@type":"WebSite","@id":"https:\/\/webknjizara.hr\/#website","url":"https:\/\/webknjizara.hr\/","name":"Web Knji\u017eara","description":"","publisher":{"@id":"https:\/\/webknjizara.hr\/#organization"},"potentialAction":[{"@type":"SearchAction","target":{"@type":"EntryPoint","urlTemplate":"https:\/\/webknjizara.hr\/?s={search_term_string}"},"query-input":{"@type":"PropertyValueSpecification","valueRequired":true,"valueName":"search_term_string"}}],"inLanguage":"en-US"},{"@type":"Organization","@id":"https:\/\/webknjizara.hr\/#organization","name":"REDAK D.O.O.","url":"https:\/\/webknjizara.hr\/","logo":{"@type":"ImageObject","inLanguage":"en-US","@id":"https:\/\/webknjizara.hr\/#\/schema\/logo\/image\/","url":"https:\/\/webknjizara.hr\/wp-content\/uploads\/2023\/01\/web-knjizara-logo.webp","contentUrl":"https:\/\/webknjizara.hr\/wp-content\/uploads\/2023\/01\/web-knjizara-logo.webp","width":324,"height":79,"caption":"REDAK D.O.O."},"image":{"@id":"https:\/\/webknjizara.hr\/#\/schema\/logo\/image\/"}}]}},"_links":{"self":[{"href":"https:\/\/webknjizara.hr\/en\/wp-json\/wp\/v2\/product\/7829","targetHints":{"allow":["GET"]}}],"collection":[{"href":"https:\/\/webknjizara.hr\/en\/wp-json\/wp\/v2\/product"}],"about":[{"href":"https:\/\/webknjizara.hr\/en\/wp-json\/wp\/v2\/types\/product"}],"replies":[{"embeddable":true,"href":"https:\/\/webknjizara.hr\/en\/wp-json\/wp\/v2\/comments?post=7829"}],"wp:featuredmedia":[{"embeddable":true,"href":"https:\/\/webknjizara.hr\/en\/wp-json\/wp\/v2\/media\/7830"}],"wp:attachment":[{"href":"https:\/\/webknjizara.hr\/en\/wp-json\/wp\/v2\/media?parent=7829"}],"wp:term":[{"taxonomy":"product_brand","embeddable":true,"href":"https:\/\/webknjizara.hr\/en\/wp-json\/wp\/v2\/product_brand?post=7829"},{"taxonomy":"product_cat","embeddable":true,"href":"https:\/\/webknjizara.hr\/en\/wp-json\/wp\/v2\/product_cat?post=7829"},{"taxonomy":"product_tag","embeddable":true,"href":"https:\/\/webknjizara.hr\/en\/wp-json\/wp\/v2\/product_tag?post=7829"}],"curies":[{"name":"wp","href":"https:\/\/api.w.org\/{rel}","templated":true}]}}