{"id":7825,"date":"2014-06-18T17:16:18","date_gmt":"2014-06-18T17:16:18","guid":{"rendered":"https:\/\/webknjizara.hr\/?product=u-krmu-slavimir-kapov"},"modified":"2023-02-27T00:16:10","modified_gmt":"2023-02-26T23:16:10","slug":"u-krmu-slavimir-kapov","status":"publish","type":"product","link":"https:\/\/webknjizara.hr\/en\/proizvod\/u-krmu-slavimir-kapov\/","title":{"rendered":"U KRMU, Slavimir Kapov"},"content":{"rendered":"<p style=\"text-align: justify;\"><strong><br \/>Bilje\u0161ka o autoru:<\/strong> <\/p>\n<p>Slavimir Kapov Mi\u0107o<\/p>\n<p>Do\u0161ao na ovaj svijet u \u0161ibenskom rodili\u0161tu 24.03.1946. u rano popodne. Svoje djetinjstvo proveo u Betini. Krajem ljeta 1957 g. njegova obitelj se odselila u \u0160ibenik, gdje poha\u0111a nastavu u Osnovnoj \u0161koli u zgradi \u0161ibenskog Sjemeni\u0161ta. 1963 g. \u0111ak je Pomorske \u0160kole u Malom Lo\u0161inju. 1963 g. poha\u0111a Pomorsku \u0160kolu u Bakru, strojarski smjer. Nakon zavr\u0161enog \u0161kolovanja na Vi\u0161oj Pomorskoj \u0160koli u Rijeci 1971 g. sve do dana\u0161njih dana plovi svim morima svijeta, zadnjih tridesetak godina u \u010dinu upravitelja stroja. Prve stihove napisao je na M\/T \u2018Orion Trader\u2019, prolaskom ovog broda kroz tjesnac Singapura 02.Sije\u010dnja 2002, na putu za luku Chiba u Japanu<\/p>\n<p style=\"text-align: justify;\"><strong>Naslov:<\/strong> U krmu<br \/><strong>Autor:<\/strong> Slavimir Kapov<br \/><strong>Broj stranica:<\/strong> 348<br \/><strong>Nakladnik:<\/strong> Slavimir Kapov<br \/><strong>Godina izdanja:<\/strong> 2014.<br \/><strong>ISBN:<\/strong> 978-953-336-085-0<br \/><strong>Tisak:<\/strong> digitalni tisak knjiga &#8211; print na zahtjev<\/p>\n","protected":false},"excerpt":{"rendered":"<p>Bilje\u0161ka o autoru: Slavimir Kapov Mi\u0107o Do\u0161ao na ovaj svijet u \u0161ibenskom rodili\u0161tu 24.03.1946. u rano popodne. Svoje djetinjstvo proveo u Betini. Krajem ljeta 1957 g. njegova obitelj se odselila u \u0160ibenik, gdje poha\u0111a nastavu u Osnovnoj \u0161koli u zgradi \u0161ibenskog Sjemeni\u0161ta. 1963 g. \u0111ak je Pomorske \u0160kole u Malom Lo\u0161inju. 1963 g. poha\u0111a Pomorsku [&hellip;]<\/p>\n","protected":false},"featured_media":7826,"comment_status":"open","ping_status":"closed","template":"","meta":{"_acf_changed":false},"product_brand":[],"product_cat":[1383,1385,1388],"product_tag":[],"class_list":{"0":"post-7825","1":"product","2":"type-product","3":"status-publish","4":"has-post-thumbnail","6":"product_cat-knjige","7":"product_cat-knjizevnost","8":"product_cat-poezija","9":"pa_autor-slavimir-kapov","10":"pa_nakladnik-redak","12":"first","13":"instock","14":"shipping-taxable","15":"purchasable","16":"product-type-simple"},"acf":[],"yoast_head":"<!-- This site is optimized with the Yoast SEO plugin v27.3 - https:\/\/yoast.com\/product\/yoast-seo-wordpress\/ -->\n<title>U KRMU, Slavimir Kapov - Web-knji\u017eara<\/title>\n<meta name=\"robots\" content=\"index, follow, max-snippet:-1, max-image-preview:large, max-video-preview:-1\" \/>\n<link rel=\"canonical\" href=\"https:\/\/webknjizara.hr\/proizvod\/u-krmu-slavimir-kapov\/\" \/>\n<meta property=\"og:locale\" content=\"en_US\" \/>\n<meta property=\"og:type\" content=\"article\" \/>\n<meta property=\"og:title\" content=\"U KRMU, Slavimir Kapov - Web-knji\u017eara\" \/>\n<meta property=\"og:description\" content=\"Bilje\u0161ka o autoru: Slavimir Kapov Mi\u0107o Do\u0161ao na ovaj svijet u \u0161ibenskom rodili\u0161tu 24.03.1946. u rano popodne. Svoje djetinjstvo proveo u Betini. Krajem ljeta 1957 g. njegova obitelj se odselila u \u0160ibenik, gdje poha\u0111a nastavu u Osnovnoj \u0161koli u zgradi \u0161ibenskog Sjemeni\u0161ta. 1963 g. \u0111ak je Pomorske \u0160kole u Malom Lo\u0161inju. 1963 g. poha\u0111a Pomorsku [&hellip;]\" \/>\n<meta property=\"og:url\" content=\"https:\/\/webknjizara.hr\/proizvod\/u-krmu-slavimir-kapov\/\" \/>\n<meta property=\"og:site_name\" content=\"Web-knji\u017eara\" \/>\n<meta property=\"article:modified_time\" content=\"2023-02-26T23:16:10+00:00\" \/>\n<meta property=\"og:image\" content=\"https:\/\/webknjizara.hr\/wp-content\/uploads\/nc\/images\/virtuemart\/product\/u-krmu-slavimir-53a1c962badd4.jpg\" \/>\n\t<meta property=\"og:image:width\" content=\"358\" \/>\n\t<meta property=\"og:image:height\" content=\"500\" \/>\n\t<meta property=\"og:image:type\" content=\"image\/jpeg\" \/>\n<meta name=\"twitter:card\" content=\"summary_large_image\" \/>\n<meta name=\"twitter:label1\" content=\"Est. reading time\" \/>\n\t<meta name=\"twitter:data1\" content=\"1 minute\" \/>\n<script type=\"application\/ld+json\" class=\"yoast-schema-graph\">{\"@context\":\"https:\\\/\\\/schema.org\",\"@graph\":[{\"@type\":\"WebPage\",\"@id\":\"https:\\\/\\\/webknjizara.hr\\\/proizvod\\\/u-krmu-slavimir-kapov\\\/\",\"url\":\"https:\\\/\\\/webknjizara.hr\\\/proizvod\\\/u-krmu-slavimir-kapov\\\/\",\"name\":\"U KRMU, Slavimir Kapov - Web-knji\u017eara\",\"isPartOf\":{\"@id\":\"https:\\\/\\\/webknjizara.hr\\\/#website\"},\"primaryImageOfPage\":{\"@id\":\"https:\\\/\\\/webknjizara.hr\\\/proizvod\\\/u-krmu-slavimir-kapov\\\/#primaryimage\"},\"image\":{\"@id\":\"https:\\\/\\\/webknjizara.hr\\\/proizvod\\\/u-krmu-slavimir-kapov\\\/#primaryimage\"},\"thumbnailUrl\":\"https:\\\/\\\/webknjizara.hr\\\/wp-content\\\/uploads\\\/nc\\\/images\\\/virtuemart\\\/product\\\/u-krmu-slavimir-53a1c962badd4.jpg\",\"datePublished\":\"2014-06-18T17:16:18+00:00\",\"dateModified\":\"2023-02-26T23:16:10+00:00\",\"breadcrumb\":{\"@id\":\"https:\\\/\\\/webknjizara.hr\\\/proizvod\\\/u-krmu-slavimir-kapov\\\/#breadcrumb\"},\"inLanguage\":\"en-US\",\"potentialAction\":[{\"@type\":\"ReadAction\",\"target\":[\"https:\\\/\\\/webknjizara.hr\\\/proizvod\\\/u-krmu-slavimir-kapov\\\/\"]}]},{\"@type\":\"ImageObject\",\"inLanguage\":\"en-US\",\"@id\":\"https:\\\/\\\/webknjizara.hr\\\/proizvod\\\/u-krmu-slavimir-kapov\\\/#primaryimage\",\"url\":\"https:\\\/\\\/webknjizara.hr\\\/wp-content\\\/uploads\\\/nc\\\/images\\\/virtuemart\\\/product\\\/u-krmu-slavimir-53a1c962badd4.jpg\",\"contentUrl\":\"https:\\\/\\\/webknjizara.hr\\\/wp-content\\\/uploads\\\/nc\\\/images\\\/virtuemart\\\/product\\\/u-krmu-slavimir-53a1c962badd4.jpg\",\"width\":358,\"height\":500,\"caption\":\"U KRMU, Slavimir Kapov\"},{\"@type\":\"BreadcrumbList\",\"@id\":\"https:\\\/\\\/webknjizara.hr\\\/proizvod\\\/u-krmu-slavimir-kapov\\\/#breadcrumb\",\"itemListElement\":[{\"@type\":\"ListItem\",\"position\":1,\"name\":\"Po\u010detna stranica\",\"item\":\"https:\\\/\\\/webknjizara.hr\\\/en\\\/\"},{\"@type\":\"ListItem\",\"position\":2,\"name\":\"Shop\",\"item\":\"https:\\\/\\\/webknjizara.hr\\\/shop\\\/\"},{\"@type\":\"ListItem\",\"position\":3,\"name\":\"U KRMU, Slavimir Kapov\"}]},{\"@type\":\"WebSite\",\"@id\":\"https:\\\/\\\/webknjizara.hr\\\/#website\",\"url\":\"https:\\\/\\\/webknjizara.hr\\\/\",\"name\":\"Web Knji\u017eara\",\"description\":\"\",\"publisher\":{\"@id\":\"https:\\\/\\\/webknjizara.hr\\\/#organization\"},\"potentialAction\":[{\"@type\":\"SearchAction\",\"target\":{\"@type\":\"EntryPoint\",\"urlTemplate\":\"https:\\\/\\\/webknjizara.hr\\\/?s={search_term_string}\"},\"query-input\":{\"@type\":\"PropertyValueSpecification\",\"valueRequired\":true,\"valueName\":\"search_term_string\"}}],\"inLanguage\":\"en-US\"},{\"@type\":\"Organization\",\"@id\":\"https:\\\/\\\/webknjizara.hr\\\/#organization\",\"name\":\"REDAK D.O.O.\",\"url\":\"https:\\\/\\\/webknjizara.hr\\\/\",\"logo\":{\"@type\":\"ImageObject\",\"inLanguage\":\"en-US\",\"@id\":\"https:\\\/\\\/webknjizara.hr\\\/#\\\/schema\\\/logo\\\/image\\\/\",\"url\":\"https:\\\/\\\/webknjizara.hr\\\/wp-content\\\/uploads\\\/2023\\\/01\\\/web-knjizara-logo.webp\",\"contentUrl\":\"https:\\\/\\\/webknjizara.hr\\\/wp-content\\\/uploads\\\/2023\\\/01\\\/web-knjizara-logo.webp\",\"width\":324,\"height\":79,\"caption\":\"REDAK D.O.O.\"},\"image\":{\"@id\":\"https:\\\/\\\/webknjizara.hr\\\/#\\\/schema\\\/logo\\\/image\\\/\"}}]}<\/script>\n<!-- \/ Yoast SEO plugin. -->","yoast_head_json":{"title":"U KRMU, Slavimir Kapov - Web-knji\u017eara","robots":{"index":"index","follow":"follow","max-snippet":"max-snippet:-1","max-image-preview":"max-image-preview:large","max-video-preview":"max-video-preview:-1"},"canonical":"https:\/\/webknjizara.hr\/proizvod\/u-krmu-slavimir-kapov\/","og_locale":"en_US","og_type":"article","og_title":"U KRMU, Slavimir Kapov - Web-knji\u017eara","og_description":"Bilje\u0161ka o autoru: Slavimir Kapov Mi\u0107o Do\u0161ao na ovaj svijet u \u0161ibenskom rodili\u0161tu 24.03.1946. u rano popodne. Svoje djetinjstvo proveo u Betini. Krajem ljeta 1957 g. njegova obitelj se odselila u \u0160ibenik, gdje poha\u0111a nastavu u Osnovnoj \u0161koli u zgradi \u0161ibenskog Sjemeni\u0161ta. 1963 g. \u0111ak je Pomorske \u0160kole u Malom Lo\u0161inju. 1963 g. poha\u0111a Pomorsku [&hellip;]","og_url":"https:\/\/webknjizara.hr\/proizvod\/u-krmu-slavimir-kapov\/","og_site_name":"Web-knji\u017eara","article_modified_time":"2023-02-26T23:16:10+00:00","og_image":[{"width":358,"height":500,"url":"https:\/\/webknjizara.hr\/wp-content\/uploads\/nc\/images\/virtuemart\/product\/u-krmu-slavimir-53a1c962badd4.jpg","type":"image\/jpeg"}],"twitter_card":"summary_large_image","twitter_misc":{"Est. reading time":"1 minute"},"schema":{"@context":"https:\/\/schema.org","@graph":[{"@type":"WebPage","@id":"https:\/\/webknjizara.hr\/proizvod\/u-krmu-slavimir-kapov\/","url":"https:\/\/webknjizara.hr\/proizvod\/u-krmu-slavimir-kapov\/","name":"U KRMU, Slavimir Kapov - Web-knji\u017eara","isPartOf":{"@id":"https:\/\/webknjizara.hr\/#website"},"primaryImageOfPage":{"@id":"https:\/\/webknjizara.hr\/proizvod\/u-krmu-slavimir-kapov\/#primaryimage"},"image":{"@id":"https:\/\/webknjizara.hr\/proizvod\/u-krmu-slavimir-kapov\/#primaryimage"},"thumbnailUrl":"https:\/\/webknjizara.hr\/wp-content\/uploads\/nc\/images\/virtuemart\/product\/u-krmu-slavimir-53a1c962badd4.jpg","datePublished":"2014-06-18T17:16:18+00:00","dateModified":"2023-02-26T23:16:10+00:00","breadcrumb":{"@id":"https:\/\/webknjizara.hr\/proizvod\/u-krmu-slavimir-kapov\/#breadcrumb"},"inLanguage":"en-US","potentialAction":[{"@type":"ReadAction","target":["https:\/\/webknjizara.hr\/proizvod\/u-krmu-slavimir-kapov\/"]}]},{"@type":"ImageObject","inLanguage":"en-US","@id":"https:\/\/webknjizara.hr\/proizvod\/u-krmu-slavimir-kapov\/#primaryimage","url":"https:\/\/webknjizara.hr\/wp-content\/uploads\/nc\/images\/virtuemart\/product\/u-krmu-slavimir-53a1c962badd4.jpg","contentUrl":"https:\/\/webknjizara.hr\/wp-content\/uploads\/nc\/images\/virtuemart\/product\/u-krmu-slavimir-53a1c962badd4.jpg","width":358,"height":500,"caption":"U KRMU, Slavimir Kapov"},{"@type":"BreadcrumbList","@id":"https:\/\/webknjizara.hr\/proizvod\/u-krmu-slavimir-kapov\/#breadcrumb","itemListElement":[{"@type":"ListItem","position":1,"name":"Po\u010detna stranica","item":"https:\/\/webknjizara.hr\/en\/"},{"@type":"ListItem","position":2,"name":"Shop","item":"https:\/\/webknjizara.hr\/shop\/"},{"@type":"ListItem","position":3,"name":"U KRMU, Slavimir Kapov"}]},{"@type":"WebSite","@id":"https:\/\/webknjizara.hr\/#website","url":"https:\/\/webknjizara.hr\/","name":"Web Knji\u017eara","description":"","publisher":{"@id":"https:\/\/webknjizara.hr\/#organization"},"potentialAction":[{"@type":"SearchAction","target":{"@type":"EntryPoint","urlTemplate":"https:\/\/webknjizara.hr\/?s={search_term_string}"},"query-input":{"@type":"PropertyValueSpecification","valueRequired":true,"valueName":"search_term_string"}}],"inLanguage":"en-US"},{"@type":"Organization","@id":"https:\/\/webknjizara.hr\/#organization","name":"REDAK D.O.O.","url":"https:\/\/webknjizara.hr\/","logo":{"@type":"ImageObject","inLanguage":"en-US","@id":"https:\/\/webknjizara.hr\/#\/schema\/logo\/image\/","url":"https:\/\/webknjizara.hr\/wp-content\/uploads\/2023\/01\/web-knjizara-logo.webp","contentUrl":"https:\/\/webknjizara.hr\/wp-content\/uploads\/2023\/01\/web-knjizara-logo.webp","width":324,"height":79,"caption":"REDAK D.O.O."},"image":{"@id":"https:\/\/webknjizara.hr\/#\/schema\/logo\/image\/"}}]}},"_links":{"self":[{"href":"https:\/\/webknjizara.hr\/en\/wp-json\/wp\/v2\/product\/7825","targetHints":{"allow":["GET"]}}],"collection":[{"href":"https:\/\/webknjizara.hr\/en\/wp-json\/wp\/v2\/product"}],"about":[{"href":"https:\/\/webknjizara.hr\/en\/wp-json\/wp\/v2\/types\/product"}],"replies":[{"embeddable":true,"href":"https:\/\/webknjizara.hr\/en\/wp-json\/wp\/v2\/comments?post=7825"}],"wp:featuredmedia":[{"embeddable":true,"href":"https:\/\/webknjizara.hr\/en\/wp-json\/wp\/v2\/media\/7826"}],"wp:attachment":[{"href":"https:\/\/webknjizara.hr\/en\/wp-json\/wp\/v2\/media?parent=7825"}],"wp:term":[{"taxonomy":"product_brand","embeddable":true,"href":"https:\/\/webknjizara.hr\/en\/wp-json\/wp\/v2\/product_brand?post=7825"},{"taxonomy":"product_cat","embeddable":true,"href":"https:\/\/webknjizara.hr\/en\/wp-json\/wp\/v2\/product_cat?post=7825"},{"taxonomy":"product_tag","embeddable":true,"href":"https:\/\/webknjizara.hr\/en\/wp-json\/wp\/v2\/product_tag?post=7825"}],"curies":[{"name":"wp","href":"https:\/\/api.w.org\/{rel}","templated":true}]}}