{"id":7823,"date":"2014-06-11T14:30:50","date_gmt":"2014-06-11T14:30:50","guid":{"rendered":"https:\/\/webknjizara.hr\/?product=poruke-ratnika-svjetlosti-poruke-s-one-strane-ivan-zganec"},"modified":"2023-02-27T00:16:09","modified_gmt":"2023-02-26T23:16:09","slug":"poruke-ratnika-svjetlosti-poruke-s-one-strane-ivan-zganec","status":"publish","type":"product","link":"https:\/\/webknjizara.hr\/en\/proizvod\/poruke-ratnika-svjetlosti-poruke-s-one-strane-ivan-zganec\/","title":{"rendered":"PORUKE RATNIKA SVJETLOSTI, PORUKE S ONE STRANE, Ivan \u017dganec"},"content":{"rendered":"<p style=\"text-align: justify;\"><strong><br \/>Sa\u017eetak:<\/strong><\/p>\n<p>\u201eVi se niste na ovom planetu na\u0161li slu\u010dajno. Vi znate da va\u0161 \u017eivot ima vi\u0161u svrhu, vi osje\u0107ate i \u010dujete unutra\u0161nji poziv. Neka vas srce vodi na ovom putu. Djelujte onako kako vam srce govori, djelujte iz \u010distog duha. Vi niste do ovih rije\u010di do\u0161li slu\u010dajno. Ove rije\u010di su napisane za vas, Ratnike Svjetlosti. One su napisane za vas hrabre koji ste se usudili do\u0107i ovdje i pohrvati se s izazovima \u017eivota. Vi znate \u0161to jeste. Nemojte u to sumnjati jer potraga vas mo\u017ee odvesti na pravi put, put srca. Vi jeste mi, mi jesmo vi, mi smo jedno, mi smo jedna velika obitelj, mi smo Obitelj svjetlosti. Znamo da vam zna biti te\u0161ko i da se promjene \u010dine sporim. Ali, vi se sada udru\u017eujete i povezujete i tako ja\u010date jedni druge. Na taj na\u010din li\u0161avate jedan drugoga osje\u0107aja usamljenosti. Iz na\u0161eg kuta gledanja, vi izrastate u divove. O vama se pri\u010da i pi\u0161e na drugim planetima. Ovaj Svemir pun je \u017eivota kao mravinjak. Dozvolite drugima da na nekim dalekim planetima o vama pri\u010daju graciozne i veli\u010danstvene pri\u010de. Ostavite tragove svjetlosti na ovom planetu za vje\u010dnost. Neka te pri\u010de jednog dana izrastu u legende o \u010duvarima svjetlosti, informacijama i ljubavi na jednom biseru, na jednom planetu. Jer, vi to i jeste: vi ste \u010duvari, vi ste Ratnici Svjetlosti\u201c.<\/p>\n<p><strong>Bilje\u0161ka o autoru\/autorici:<\/strong> <\/p>\n<p>Ivan \u017dganec ro\u0111en je 17.03.1984. u Koprivnici. Unutra\u0161nji poziv odveo je autora na nepoznati \u017eivotni put. Ova knjiga je samo otisak na tom putu, samo \u0161apat u vje\u010dnosti.<\/p>\n<p><strong>Klju\u010dne rije\u010di:<\/strong> Duhovnost, \u017eivotna potraga, smisao \u017eivota, an\u0111eli, rekonekcija, ratnici svjetlosti, putovanje du\u0161e, vi\u0161e dimenzije, Carlos Castaneda, don Juan<\/p>\n<p style=\"text-align: justify;\"><strong>Naslov:<\/strong> Poruke Ratnika Svjetlosti, Poruke s one strane<br \/><strong>Autor:<\/strong> Ivan \u017dganec<br \/><strong>Broj stranica:<\/strong> 186<br \/><strong>Nakladnik:<\/strong> REDAK<br \/><strong>Godina izdanja:<\/strong> 2014.<br \/><strong>ISBN:<\/strong> 978-953-336-133-8<br \/><strong>Tisak:<\/strong> digitalni tisak knjiga &#8211; print na zahtjev<\/p>\n","protected":false},"excerpt":{"rendered":"<p>Sa\u017eetak: \u201eVi se niste na ovom planetu na\u0161li slu\u010dajno. Vi znate da va\u0161 \u017eivot ima vi\u0161u svrhu, vi osje\u0107ate i \u010dujete unutra\u0161nji poziv. Neka vas srce vodi na ovom putu. Djelujte onako kako vam srce govori, djelujte iz \u010distog duha. Vi niste do ovih rije\u010di do\u0161li slu\u010dajno. Ove rije\u010di su napisane za vas, Ratnike Svjetlosti. [&hellip;]<\/p>\n","protected":false},"featured_media":7824,"comment_status":"open","ping_status":"closed","template":"","meta":{"_acf_changed":false},"product_brand":[],"product_cat":[1489],"product_tag":[],"class_list":{"0":"post-7823","1":"product","2":"type-product","3":"status-publish","4":"has-post-thumbnail","6":"product_cat-publicistika","7":"pa_autor-ivan-zganec","8":"pa_nakladnik-redak","10":"first","11":"instock","12":"shipping-taxable","13":"purchasable","14":"product-type-simple"},"acf":[],"yoast_head":"<!-- This site is optimized with the Yoast SEO plugin v27.3 - https:\/\/yoast.com\/product\/yoast-seo-wordpress\/ -->\n<title>PORUKE RATNIKA SVJETLOSTI, PORUKE S ONE STRANE, Ivan \u017dganec - Web-knji\u017eara<\/title>\n<meta name=\"robots\" content=\"index, follow, max-snippet:-1, max-image-preview:large, max-video-preview:-1\" \/>\n<link rel=\"canonical\" href=\"https:\/\/webknjizara.hr\/proizvod\/poruke-ratnika-svjetlosti-poruke-s-one-strane-ivan-zganec\/\" \/>\n<meta property=\"og:locale\" content=\"en_US\" \/>\n<meta property=\"og:type\" content=\"article\" \/>\n<meta property=\"og:title\" content=\"PORUKE RATNIKA SVJETLOSTI, PORUKE S ONE STRANE, Ivan \u017dganec - Web-knji\u017eara\" \/>\n<meta property=\"og:description\" content=\"Sa\u017eetak: \u201eVi se niste na ovom planetu na\u0161li slu\u010dajno. Vi znate da va\u0161 \u017eivot ima vi\u0161u svrhu, vi osje\u0107ate i \u010dujete unutra\u0161nji poziv. Neka vas srce vodi na ovom putu. Djelujte onako kako vam srce govori, djelujte iz \u010distog duha. Vi niste do ovih rije\u010di do\u0161li slu\u010dajno. Ove rije\u010di su napisane za vas, Ratnike Svjetlosti. [&hellip;]\" \/>\n<meta property=\"og:url\" content=\"https:\/\/webknjizara.hr\/proizvod\/poruke-ratnika-svjetlosti-poruke-s-one-strane-ivan-zganec\/\" \/>\n<meta property=\"og:site_name\" content=\"Web-knji\u017eara\" \/>\n<meta property=\"article:modified_time\" content=\"2023-02-26T23:16:09+00:00\" \/>\n<meta property=\"og:image\" content=\"https:\/\/webknjizara.hr\/wp-content\/uploads\/nc\/images\/virtuemart\/product\/poruke-ratnika-s-53999c1769452.jpg\" \/>\n\t<meta property=\"og:image:width\" content=\"358\" \/>\n\t<meta property=\"og:image:height\" content=\"500\" \/>\n\t<meta property=\"og:image:type\" content=\"image\/jpeg\" \/>\n<meta name=\"twitter:card\" content=\"summary_large_image\" \/>\n<meta name=\"twitter:label1\" content=\"Est. reading time\" \/>\n\t<meta name=\"twitter:data1\" content=\"2 minutes\" \/>\n<script type=\"application\/ld+json\" class=\"yoast-schema-graph\">{\"@context\":\"https:\\\/\\\/schema.org\",\"@graph\":[{\"@type\":\"WebPage\",\"@id\":\"https:\\\/\\\/webknjizara.hr\\\/proizvod\\\/poruke-ratnika-svjetlosti-poruke-s-one-strane-ivan-zganec\\\/\",\"url\":\"https:\\\/\\\/webknjizara.hr\\\/proizvod\\\/poruke-ratnika-svjetlosti-poruke-s-one-strane-ivan-zganec\\\/\",\"name\":\"PORUKE RATNIKA SVJETLOSTI, PORUKE S ONE STRANE, Ivan \u017dganec - Web-knji\u017eara\",\"isPartOf\":{\"@id\":\"https:\\\/\\\/webknjizara.hr\\\/#website\"},\"primaryImageOfPage\":{\"@id\":\"https:\\\/\\\/webknjizara.hr\\\/proizvod\\\/poruke-ratnika-svjetlosti-poruke-s-one-strane-ivan-zganec\\\/#primaryimage\"},\"image\":{\"@id\":\"https:\\\/\\\/webknjizara.hr\\\/proizvod\\\/poruke-ratnika-svjetlosti-poruke-s-one-strane-ivan-zganec\\\/#primaryimage\"},\"thumbnailUrl\":\"https:\\\/\\\/webknjizara.hr\\\/wp-content\\\/uploads\\\/nc\\\/images\\\/virtuemart\\\/product\\\/poruke-ratnika-s-53999c1769452.jpg\",\"datePublished\":\"2014-06-11T14:30:50+00:00\",\"dateModified\":\"2023-02-26T23:16:09+00:00\",\"breadcrumb\":{\"@id\":\"https:\\\/\\\/webknjizara.hr\\\/proizvod\\\/poruke-ratnika-svjetlosti-poruke-s-one-strane-ivan-zganec\\\/#breadcrumb\"},\"inLanguage\":\"en-US\",\"potentialAction\":[{\"@type\":\"ReadAction\",\"target\":[\"https:\\\/\\\/webknjizara.hr\\\/proizvod\\\/poruke-ratnika-svjetlosti-poruke-s-one-strane-ivan-zganec\\\/\"]}]},{\"@type\":\"ImageObject\",\"inLanguage\":\"en-US\",\"@id\":\"https:\\\/\\\/webknjizara.hr\\\/proizvod\\\/poruke-ratnika-svjetlosti-poruke-s-one-strane-ivan-zganec\\\/#primaryimage\",\"url\":\"https:\\\/\\\/webknjizara.hr\\\/wp-content\\\/uploads\\\/nc\\\/images\\\/virtuemart\\\/product\\\/poruke-ratnika-s-53999c1769452.jpg\",\"contentUrl\":\"https:\\\/\\\/webknjizara.hr\\\/wp-content\\\/uploads\\\/nc\\\/images\\\/virtuemart\\\/product\\\/poruke-ratnika-s-53999c1769452.jpg\",\"width\":358,\"height\":500,\"caption\":\"PORUKE RATNIKA SVJETLOSTI, PORUKE S ONE STRANE, Ivan \u017dganec\"},{\"@type\":\"BreadcrumbList\",\"@id\":\"https:\\\/\\\/webknjizara.hr\\\/proizvod\\\/poruke-ratnika-svjetlosti-poruke-s-one-strane-ivan-zganec\\\/#breadcrumb\",\"itemListElement\":[{\"@type\":\"ListItem\",\"position\":1,\"name\":\"Po\u010detna stranica\",\"item\":\"https:\\\/\\\/webknjizara.hr\\\/en\\\/\"},{\"@type\":\"ListItem\",\"position\":2,\"name\":\"Shop\",\"item\":\"https:\\\/\\\/webknjizara.hr\\\/shop\\\/\"},{\"@type\":\"ListItem\",\"position\":3,\"name\":\"PORUKE RATNIKA SVJETLOSTI, PORUKE S ONE STRANE, Ivan \u017dganec\"}]},{\"@type\":\"WebSite\",\"@id\":\"https:\\\/\\\/webknjizara.hr\\\/#website\",\"url\":\"https:\\\/\\\/webknjizara.hr\\\/\",\"name\":\"Web Knji\u017eara\",\"description\":\"\",\"publisher\":{\"@id\":\"https:\\\/\\\/webknjizara.hr\\\/#organization\"},\"potentialAction\":[{\"@type\":\"SearchAction\",\"target\":{\"@type\":\"EntryPoint\",\"urlTemplate\":\"https:\\\/\\\/webknjizara.hr\\\/?s={search_term_string}\"},\"query-input\":{\"@type\":\"PropertyValueSpecification\",\"valueRequired\":true,\"valueName\":\"search_term_string\"}}],\"inLanguage\":\"en-US\"},{\"@type\":\"Organization\",\"@id\":\"https:\\\/\\\/webknjizara.hr\\\/#organization\",\"name\":\"REDAK D.O.O.\",\"url\":\"https:\\\/\\\/webknjizara.hr\\\/\",\"logo\":{\"@type\":\"ImageObject\",\"inLanguage\":\"en-US\",\"@id\":\"https:\\\/\\\/webknjizara.hr\\\/#\\\/schema\\\/logo\\\/image\\\/\",\"url\":\"https:\\\/\\\/webknjizara.hr\\\/wp-content\\\/uploads\\\/2023\\\/01\\\/web-knjizara-logo.webp\",\"contentUrl\":\"https:\\\/\\\/webknjizara.hr\\\/wp-content\\\/uploads\\\/2023\\\/01\\\/web-knjizara-logo.webp\",\"width\":324,\"height\":79,\"caption\":\"REDAK D.O.O.\"},\"image\":{\"@id\":\"https:\\\/\\\/webknjizara.hr\\\/#\\\/schema\\\/logo\\\/image\\\/\"}}]}<\/script>\n<!-- \/ Yoast SEO plugin. -->","yoast_head_json":{"title":"PORUKE RATNIKA SVJETLOSTI, PORUKE S ONE STRANE, Ivan \u017dganec - Web-knji\u017eara","robots":{"index":"index","follow":"follow","max-snippet":"max-snippet:-1","max-image-preview":"max-image-preview:large","max-video-preview":"max-video-preview:-1"},"canonical":"https:\/\/webknjizara.hr\/proizvod\/poruke-ratnika-svjetlosti-poruke-s-one-strane-ivan-zganec\/","og_locale":"en_US","og_type":"article","og_title":"PORUKE RATNIKA SVJETLOSTI, PORUKE S ONE STRANE, Ivan \u017dganec - Web-knji\u017eara","og_description":"Sa\u017eetak: \u201eVi se niste na ovom planetu na\u0161li slu\u010dajno. Vi znate da va\u0161 \u017eivot ima vi\u0161u svrhu, vi osje\u0107ate i \u010dujete unutra\u0161nji poziv. Neka vas srce vodi na ovom putu. Djelujte onako kako vam srce govori, djelujte iz \u010distog duha. Vi niste do ovih rije\u010di do\u0161li slu\u010dajno. Ove rije\u010di su napisane za vas, Ratnike Svjetlosti. [&hellip;]","og_url":"https:\/\/webknjizara.hr\/proizvod\/poruke-ratnika-svjetlosti-poruke-s-one-strane-ivan-zganec\/","og_site_name":"Web-knji\u017eara","article_modified_time":"2023-02-26T23:16:09+00:00","og_image":[{"width":358,"height":500,"url":"https:\/\/webknjizara.hr\/wp-content\/uploads\/nc\/images\/virtuemart\/product\/poruke-ratnika-s-53999c1769452.jpg","type":"image\/jpeg"}],"twitter_card":"summary_large_image","twitter_misc":{"Est. reading time":"2 minutes"},"schema":{"@context":"https:\/\/schema.org","@graph":[{"@type":"WebPage","@id":"https:\/\/webknjizara.hr\/proizvod\/poruke-ratnika-svjetlosti-poruke-s-one-strane-ivan-zganec\/","url":"https:\/\/webknjizara.hr\/proizvod\/poruke-ratnika-svjetlosti-poruke-s-one-strane-ivan-zganec\/","name":"PORUKE RATNIKA SVJETLOSTI, PORUKE S ONE STRANE, Ivan \u017dganec - Web-knji\u017eara","isPartOf":{"@id":"https:\/\/webknjizara.hr\/#website"},"primaryImageOfPage":{"@id":"https:\/\/webknjizara.hr\/proizvod\/poruke-ratnika-svjetlosti-poruke-s-one-strane-ivan-zganec\/#primaryimage"},"image":{"@id":"https:\/\/webknjizara.hr\/proizvod\/poruke-ratnika-svjetlosti-poruke-s-one-strane-ivan-zganec\/#primaryimage"},"thumbnailUrl":"https:\/\/webknjizara.hr\/wp-content\/uploads\/nc\/images\/virtuemart\/product\/poruke-ratnika-s-53999c1769452.jpg","datePublished":"2014-06-11T14:30:50+00:00","dateModified":"2023-02-26T23:16:09+00:00","breadcrumb":{"@id":"https:\/\/webknjizara.hr\/proizvod\/poruke-ratnika-svjetlosti-poruke-s-one-strane-ivan-zganec\/#breadcrumb"},"inLanguage":"en-US","potentialAction":[{"@type":"ReadAction","target":["https:\/\/webknjizara.hr\/proizvod\/poruke-ratnika-svjetlosti-poruke-s-one-strane-ivan-zganec\/"]}]},{"@type":"ImageObject","inLanguage":"en-US","@id":"https:\/\/webknjizara.hr\/proizvod\/poruke-ratnika-svjetlosti-poruke-s-one-strane-ivan-zganec\/#primaryimage","url":"https:\/\/webknjizara.hr\/wp-content\/uploads\/nc\/images\/virtuemart\/product\/poruke-ratnika-s-53999c1769452.jpg","contentUrl":"https:\/\/webknjizara.hr\/wp-content\/uploads\/nc\/images\/virtuemart\/product\/poruke-ratnika-s-53999c1769452.jpg","width":358,"height":500,"caption":"PORUKE RATNIKA SVJETLOSTI, PORUKE S ONE STRANE, Ivan \u017dganec"},{"@type":"BreadcrumbList","@id":"https:\/\/webknjizara.hr\/proizvod\/poruke-ratnika-svjetlosti-poruke-s-one-strane-ivan-zganec\/#breadcrumb","itemListElement":[{"@type":"ListItem","position":1,"name":"Po\u010detna stranica","item":"https:\/\/webknjizara.hr\/en\/"},{"@type":"ListItem","position":2,"name":"Shop","item":"https:\/\/webknjizara.hr\/shop\/"},{"@type":"ListItem","position":3,"name":"PORUKE RATNIKA SVJETLOSTI, PORUKE S ONE STRANE, Ivan \u017dganec"}]},{"@type":"WebSite","@id":"https:\/\/webknjizara.hr\/#website","url":"https:\/\/webknjizara.hr\/","name":"Web Knji\u017eara","description":"","publisher":{"@id":"https:\/\/webknjizara.hr\/#organization"},"potentialAction":[{"@type":"SearchAction","target":{"@type":"EntryPoint","urlTemplate":"https:\/\/webknjizara.hr\/?s={search_term_string}"},"query-input":{"@type":"PropertyValueSpecification","valueRequired":true,"valueName":"search_term_string"}}],"inLanguage":"en-US"},{"@type":"Organization","@id":"https:\/\/webknjizara.hr\/#organization","name":"REDAK D.O.O.","url":"https:\/\/webknjizara.hr\/","logo":{"@type":"ImageObject","inLanguage":"en-US","@id":"https:\/\/webknjizara.hr\/#\/schema\/logo\/image\/","url":"https:\/\/webknjizara.hr\/wp-content\/uploads\/2023\/01\/web-knjizara-logo.webp","contentUrl":"https:\/\/webknjizara.hr\/wp-content\/uploads\/2023\/01\/web-knjizara-logo.webp","width":324,"height":79,"caption":"REDAK D.O.O."},"image":{"@id":"https:\/\/webknjizara.hr\/#\/schema\/logo\/image\/"}}]}},"_links":{"self":[{"href":"https:\/\/webknjizara.hr\/en\/wp-json\/wp\/v2\/product\/7823","targetHints":{"allow":["GET"]}}],"collection":[{"href":"https:\/\/webknjizara.hr\/en\/wp-json\/wp\/v2\/product"}],"about":[{"href":"https:\/\/webknjizara.hr\/en\/wp-json\/wp\/v2\/types\/product"}],"replies":[{"embeddable":true,"href":"https:\/\/webknjizara.hr\/en\/wp-json\/wp\/v2\/comments?post=7823"}],"wp:featuredmedia":[{"embeddable":true,"href":"https:\/\/webknjizara.hr\/en\/wp-json\/wp\/v2\/media\/7824"}],"wp:attachment":[{"href":"https:\/\/webknjizara.hr\/en\/wp-json\/wp\/v2\/media?parent=7823"}],"wp:term":[{"taxonomy":"product_brand","embeddable":true,"href":"https:\/\/webknjizara.hr\/en\/wp-json\/wp\/v2\/product_brand?post=7823"},{"taxonomy":"product_cat","embeddable":true,"href":"https:\/\/webknjizara.hr\/en\/wp-json\/wp\/v2\/product_cat?post=7823"},{"taxonomy":"product_tag","embeddable":true,"href":"https:\/\/webknjizara.hr\/en\/wp-json\/wp\/v2\/product_tag?post=7823"}],"curies":[{"name":"wp","href":"https:\/\/api.w.org\/{rel}","templated":true}]}}