{"id":7821,"date":"2014-06-09T14:23:48","date_gmt":"2014-06-09T14:23:48","guid":{"rendered":"https:\/\/webknjizara.hr\/?product=ljubav-u-pompejima-marija-juracic"},"modified":"2023-02-27T00:16:09","modified_gmt":"2023-02-26T23:16:09","slug":"ljubav-u-pompejima-marija-juracic","status":"publish","type":"product","link":"https:\/\/webknjizara.hr\/en\/proizvod\/ljubav-u-pompejima-marija-juracic\/","title":{"rendered":"LJUBAV U POMPEJIMA, Marija Jura\u010di\u0107"},"content":{"rendered":"<p style=\"text-align: justify;\"><strong><br \/>Sa\u017eetak:<\/strong><\/p>\n<p>\u201eLjubav u Pompejima\u201c je roman koji se sastoji iz dvije pri\u010de koje su vremenski udaljene gotovo dvije tisu\u0107e godina, a povezane su glavnim likovima u njihovim reinkaniranim \u017eivotima. <\/p>\n<p>Prva nas pri\u010da vodi u daleku 79. godinu u kojoj cvjeta \u017eivot u Pompejima, bogatom rimskom gradu na obali Sredozemnog mora. Robovlasni\u010dki poredak nije naklonjen ljubavi patricijke Aree i Aponeja, roba dovedenog sa dunavskih nizina koji ju osvaja svojim sviranjem kitare, svojim ponosnim dr\u017eanjem i pripovijedanjem. <\/p>\n<p>Obe\u0107ana drugome, Area se ne prepu\u0161ta sudbini, nego se bori za svoju ljubav u \u010demu joj zdu\u0161no poma\u017ee robinja Sena. Sva zbivanja ove zanimljive ljubavne pri\u010de odvijaju se u sjeni prijete\u0107eg vulkana Vezuva za kojeg nitko ne vjeruje da \u0107e eruptirati.<\/p>\n<p>U drugoj se pri\u010di ljubavnici nakon niza stolje\u0107a ponovno susre\u0107u. Osje\u0107aju sudbinsku privla\u010dnost, a nose i isti tajanstveni znamen na lijevome bedru, urezani znak iz pro\u0161lih \u017eivota. <\/p>\n<p>Area je mlada arheologinja koja je do\u0161la prou\u010davati Pompeje, a Aponej je profesor povijesti. U naoko mirnoj, idili\u010dnoj atmosferi arheolo\u0161kih iskapanja vreba opasnost od napuljske mafije pa Area i Apon do\u017eivljavaju niz napetih avantura koje vas moraju ostaviti bez daha. <\/p>\n<p>Ni\u017eu se doga\u0111aji koji fino i logi\u010dno zapli\u0107u radnju romana i iako je \u010ditatelju rje\u0161enje zapleta stalno pred o\u010dima, te\u0161ko da \u0107e do samoga kraja rije\u0161iti zagonetku. Ono \u0161to daje posebnu vrijednost romanu je lagani i zanimljivi prikaz \u017eivota i obi\u010daja u starom Rimu, radova na arheolo\u0161kom nalazi\u0161tu na kojem akteri ove pri\u010de, na neki na\u010din, iskopavaju i prou\u010davaju vlastitu pro\u0161lost, a pojedini prona\u0111eni artefakti u bljeskovima njihove svijesti otvaraju sje\u0107anja na zajedni\u010dki pro\u0161li \u017eivot. <\/p>\n<p><em>Area je po tko zna koji put \u010ditala pismo svog starog profesora Ivana Horvata i nije vjerovala o\u010dima. Profesor ju je pozivao da se priklju\u010di njegovoj ekipi koja putuje u Pompeje na jug Italije kako bi nastavila istra\u017eivanje i daljnje iskopavanje ovog drevnog grada.<\/em><\/p>\n<p><em>Cijenila je starog profesora. On joj je svojim zanimljivim predavanjima i strastvenim odnosom prema radu otvarao jedan davni svijet koji je \u017eivio i disao kao \u0161to mi danas \u017eivimo i di\u0161emo, koji je imao svoje obi\u010daje, zakone, stil \u017eivota, svoje protagoniste, ljude od krvi i mesa i koji je svoje korijene utkao u suvremeni \u017eivot. On je \u010dinio da davni ljudi i doga\u0111aji dobiju svoju \u017eivotnost, da postanu stvarni, da predmeti koje su rabili progovore o jednom vremenu koje je prethodilo na\u0161em, kao \u0161to na\u0161e vrijeme prethodi budu\u0107em. Zahvaljuju\u0107i njemu shvatila je da smo samo karika u beskrajnom lancu \u017eivota i da \u0107emo ostaviti trag kako su ga ostavljali na\u0161i preci. Idu\u0107i njihovim stopama bogatimo na\u0161 \u017eivot i stvaramo uvjete za one poslije nas. <\/em><\/p>\n<p><em>Pompeji! Iskopavanja! Tra\u017eenje stvarnih, materijalnih dokaza o na\u010dinu \u017eivota, vjerovanju, sanjarenju i zbilji! Sanjala je o tome da postane \u010dlan jedne takve ekspedicije, a sada joj dobri profesor Horvat nudi priliku da ostvari svoje snove.<\/em><\/p>\n<p>Ljubiteljima nje\u017enih ljubavnih pri\u010da i kriminalisti\u010dkih romana preporu\u010dam ovaj roman kako zbog zanimljive fabule koja se \u010dita u dahu, tako i zbog \u017eivog i pitkog stila autorice kojim vas ona lako uvodi u zanimljiv, pustolovni svijet.<\/p>\n<p style=\"text-align: justify;\"><em>&#8211; Bo\u017eidar Pasari\u0107, mr. sc.<\/em><\/p>\n<p><strong>Bilje\u0161ka o autorici:<\/strong> <\/p>\n<p>Marija Jura\u010di\u0107, profesorica knji\u017eevnosti i njema\u010dkog jezika do sada je objavila tri romana i nekoliko zbirki poezije. Ve\u0107 dvije godine vodi internetski portal za objavu i analizu poezije \u201eO\u010daravanje\u201c koji je sama osmislila, a koji poma\u017ee nepoznatim autorima da afirmiraju svoju poeziju.<\/p>\n<p style=\"text-align: justify;\"><strong>Klju\u010dne rije\u010di:<\/strong> Povijesno kriminalisti\u010dki roman<br \/><strong><br \/>Link:<\/strong> <a href=\"http:\/\/julijetabek.blog.hr\/\">http:\/\/julijetabek.blog.hr\/<\/a><br \/><strong><br \/>E-mail:<\/strong>\u00a0<a href=\"mailto:marijajuracic@net.hr\"><span style=\"text-decoration: underline;\">Marija Jura\u010di\u0107<\/span><\/a><\/p>\n<p style=\"text-align: justify;\"><strong>Naslov:<\/strong> Ljubav u Pompejima<br \/><strong>Autor:<\/strong> Marija Jura\u010di\u0107<br \/><strong>Broj stranica:<\/strong> 138<br \/><strong>Nakladnik:<\/strong> REDAK<br \/><strong>Godina izdanja:<\/strong> 2014.<br \/><strong>ISBN:<\/strong> 978-953-336-138-3<br \/><strong>Tisak:<\/strong> digitalni tisak knjiga &#8211; print na zahtjev<\/p>\n","protected":false},"excerpt":{"rendered":"<p>Sa\u017eetak: \u201eLjubav u Pompejima\u201c je roman koji se sastoji iz dvije pri\u010de koje su vremenski udaljene gotovo dvije tisu\u0107e godina, a povezane su glavnim likovima u njihovim reinkaniranim \u017eivotima. Prva nas pri\u010da vodi u daleku 79. godinu u kojoj cvjeta \u017eivot u Pompejima, bogatom rimskom gradu na obali Sredozemnog mora. Robovlasni\u010dki poredak nije naklonjen ljubavi [&hellip;]<\/p>\n","protected":false},"featured_media":7822,"comment_status":"open","ping_status":"closed","template":"","meta":{"_acf_changed":false},"product_brand":[],"product_cat":[1383,1385],"product_tag":[],"class_list":{"0":"post-7821","1":"product","2":"type-product","3":"status-publish","4":"has-post-thumbnail","6":"product_cat-knjige","7":"product_cat-knjizevnost","8":"pa_autor-marija-juracic","9":"pa_nakladnik-redak","11":"first","12":"instock","13":"shipping-taxable","14":"purchasable","15":"product-type-simple"},"acf":[],"yoast_head":"<!-- This site is optimized with the Yoast SEO plugin v27.3 - https:\/\/yoast.com\/product\/yoast-seo-wordpress\/ -->\n<title>LJUBAV U POMPEJIMA, Marija Jura\u010di\u0107 - Web-knji\u017eara<\/title>\n<meta name=\"robots\" content=\"index, follow, max-snippet:-1, max-image-preview:large, max-video-preview:-1\" \/>\n<link rel=\"canonical\" href=\"https:\/\/webknjizara.hr\/proizvod\/ljubav-u-pompejima-marija-juracic\/\" \/>\n<meta property=\"og:locale\" content=\"en_US\" \/>\n<meta property=\"og:type\" content=\"article\" \/>\n<meta property=\"og:title\" content=\"LJUBAV U POMPEJIMA, Marija Jura\u010di\u0107 - Web-knji\u017eara\" \/>\n<meta property=\"og:description\" content=\"Sa\u017eetak: \u201eLjubav u Pompejima\u201c je roman koji se sastoji iz dvije pri\u010de koje su vremenski udaljene gotovo dvije tisu\u0107e godina, a povezane su glavnim likovima u njihovim reinkaniranim \u017eivotima. Prva nas pri\u010da vodi u daleku 79. godinu u kojoj cvjeta \u017eivot u Pompejima, bogatom rimskom gradu na obali Sredozemnog mora. Robovlasni\u010dki poredak nije naklonjen ljubavi [&hellip;]\" \/>\n<meta property=\"og:url\" content=\"https:\/\/webknjizara.hr\/proizvod\/ljubav-u-pompejima-marija-juracic\/\" \/>\n<meta property=\"og:site_name\" content=\"Web-knji\u017eara\" \/>\n<meta property=\"article:modified_time\" content=\"2023-02-26T23:16:09+00:00\" \/>\n<meta property=\"og:image\" content=\"https:\/\/webknjizara.hr\/wp-content\/uploads\/nc\/images\/virtuemart\/product\/ljubav-u-pompeji-5395c3743e7e8.jpg\" \/>\n\t<meta property=\"og:image:width\" content=\"358\" \/>\n\t<meta property=\"og:image:height\" content=\"500\" \/>\n\t<meta property=\"og:image:type\" content=\"image\/jpeg\" \/>\n<meta name=\"twitter:card\" content=\"summary_large_image\" \/>\n<meta name=\"twitter:label1\" content=\"Est. reading time\" \/>\n\t<meta name=\"twitter:data1\" content=\"3 minutes\" \/>\n<script type=\"application\/ld+json\" class=\"yoast-schema-graph\">{\"@context\":\"https:\\\/\\\/schema.org\",\"@graph\":[{\"@type\":\"WebPage\",\"@id\":\"https:\\\/\\\/webknjizara.hr\\\/proizvod\\\/ljubav-u-pompejima-marija-juracic\\\/\",\"url\":\"https:\\\/\\\/webknjizara.hr\\\/proizvod\\\/ljubav-u-pompejima-marija-juracic\\\/\",\"name\":\"LJUBAV U POMPEJIMA, Marija Jura\u010di\u0107 - Web-knji\u017eara\",\"isPartOf\":{\"@id\":\"https:\\\/\\\/webknjizara.hr\\\/#website\"},\"primaryImageOfPage\":{\"@id\":\"https:\\\/\\\/webknjizara.hr\\\/proizvod\\\/ljubav-u-pompejima-marija-juracic\\\/#primaryimage\"},\"image\":{\"@id\":\"https:\\\/\\\/webknjizara.hr\\\/proizvod\\\/ljubav-u-pompejima-marija-juracic\\\/#primaryimage\"},\"thumbnailUrl\":\"https:\\\/\\\/webknjizara.hr\\\/wp-content\\\/uploads\\\/nc\\\/images\\\/virtuemart\\\/product\\\/ljubav-u-pompeji-5395c3743e7e8.jpg\",\"datePublished\":\"2014-06-09T14:23:48+00:00\",\"dateModified\":\"2023-02-26T23:16:09+00:00\",\"breadcrumb\":{\"@id\":\"https:\\\/\\\/webknjizara.hr\\\/proizvod\\\/ljubav-u-pompejima-marija-juracic\\\/#breadcrumb\"},\"inLanguage\":\"en-US\",\"potentialAction\":[{\"@type\":\"ReadAction\",\"target\":[\"https:\\\/\\\/webknjizara.hr\\\/proizvod\\\/ljubav-u-pompejima-marija-juracic\\\/\"]}]},{\"@type\":\"ImageObject\",\"inLanguage\":\"en-US\",\"@id\":\"https:\\\/\\\/webknjizara.hr\\\/proizvod\\\/ljubav-u-pompejima-marija-juracic\\\/#primaryimage\",\"url\":\"https:\\\/\\\/webknjizara.hr\\\/wp-content\\\/uploads\\\/nc\\\/images\\\/virtuemart\\\/product\\\/ljubav-u-pompeji-5395c3743e7e8.jpg\",\"contentUrl\":\"https:\\\/\\\/webknjizara.hr\\\/wp-content\\\/uploads\\\/nc\\\/images\\\/virtuemart\\\/product\\\/ljubav-u-pompeji-5395c3743e7e8.jpg\",\"width\":358,\"height\":500,\"caption\":\"LJUBAV U POMPEJIMA, Marija Jura\u010di\u0107\"},{\"@type\":\"BreadcrumbList\",\"@id\":\"https:\\\/\\\/webknjizara.hr\\\/proizvod\\\/ljubav-u-pompejima-marija-juracic\\\/#breadcrumb\",\"itemListElement\":[{\"@type\":\"ListItem\",\"position\":1,\"name\":\"Po\u010detna stranica\",\"item\":\"https:\\\/\\\/webknjizara.hr\\\/en\\\/\"},{\"@type\":\"ListItem\",\"position\":2,\"name\":\"Shop\",\"item\":\"https:\\\/\\\/webknjizara.hr\\\/shop\\\/\"},{\"@type\":\"ListItem\",\"position\":3,\"name\":\"LJUBAV U POMPEJIMA, Marija Jura\u010di\u0107\"}]},{\"@type\":\"WebSite\",\"@id\":\"https:\\\/\\\/webknjizara.hr\\\/#website\",\"url\":\"https:\\\/\\\/webknjizara.hr\\\/\",\"name\":\"Web Knji\u017eara\",\"description\":\"\",\"publisher\":{\"@id\":\"https:\\\/\\\/webknjizara.hr\\\/#organization\"},\"potentialAction\":[{\"@type\":\"SearchAction\",\"target\":{\"@type\":\"EntryPoint\",\"urlTemplate\":\"https:\\\/\\\/webknjizara.hr\\\/?s={search_term_string}\"},\"query-input\":{\"@type\":\"PropertyValueSpecification\",\"valueRequired\":true,\"valueName\":\"search_term_string\"}}],\"inLanguage\":\"en-US\"},{\"@type\":\"Organization\",\"@id\":\"https:\\\/\\\/webknjizara.hr\\\/#organization\",\"name\":\"REDAK D.O.O.\",\"url\":\"https:\\\/\\\/webknjizara.hr\\\/\",\"logo\":{\"@type\":\"ImageObject\",\"inLanguage\":\"en-US\",\"@id\":\"https:\\\/\\\/webknjizara.hr\\\/#\\\/schema\\\/logo\\\/image\\\/\",\"url\":\"https:\\\/\\\/webknjizara.hr\\\/wp-content\\\/uploads\\\/2023\\\/01\\\/web-knjizara-logo.webp\",\"contentUrl\":\"https:\\\/\\\/webknjizara.hr\\\/wp-content\\\/uploads\\\/2023\\\/01\\\/web-knjizara-logo.webp\",\"width\":324,\"height\":79,\"caption\":\"REDAK D.O.O.\"},\"image\":{\"@id\":\"https:\\\/\\\/webknjizara.hr\\\/#\\\/schema\\\/logo\\\/image\\\/\"}}]}<\/script>\n<!-- \/ Yoast SEO plugin. -->","yoast_head_json":{"title":"LJUBAV U POMPEJIMA, Marija Jura\u010di\u0107 - Web-knji\u017eara","robots":{"index":"index","follow":"follow","max-snippet":"max-snippet:-1","max-image-preview":"max-image-preview:large","max-video-preview":"max-video-preview:-1"},"canonical":"https:\/\/webknjizara.hr\/proizvod\/ljubav-u-pompejima-marija-juracic\/","og_locale":"en_US","og_type":"article","og_title":"LJUBAV U POMPEJIMA, Marija Jura\u010di\u0107 - Web-knji\u017eara","og_description":"Sa\u017eetak: \u201eLjubav u Pompejima\u201c je roman koji se sastoji iz dvije pri\u010de koje su vremenski udaljene gotovo dvije tisu\u0107e godina, a povezane su glavnim likovima u njihovim reinkaniranim \u017eivotima. Prva nas pri\u010da vodi u daleku 79. godinu u kojoj cvjeta \u017eivot u Pompejima, bogatom rimskom gradu na obali Sredozemnog mora. Robovlasni\u010dki poredak nije naklonjen ljubavi [&hellip;]","og_url":"https:\/\/webknjizara.hr\/proizvod\/ljubav-u-pompejima-marija-juracic\/","og_site_name":"Web-knji\u017eara","article_modified_time":"2023-02-26T23:16:09+00:00","og_image":[{"width":358,"height":500,"url":"https:\/\/webknjizara.hr\/wp-content\/uploads\/nc\/images\/virtuemart\/product\/ljubav-u-pompeji-5395c3743e7e8.jpg","type":"image\/jpeg"}],"twitter_card":"summary_large_image","twitter_misc":{"Est. reading time":"3 minutes"},"schema":{"@context":"https:\/\/schema.org","@graph":[{"@type":"WebPage","@id":"https:\/\/webknjizara.hr\/proizvod\/ljubav-u-pompejima-marija-juracic\/","url":"https:\/\/webknjizara.hr\/proizvod\/ljubav-u-pompejima-marija-juracic\/","name":"LJUBAV U POMPEJIMA, Marija Jura\u010di\u0107 - Web-knji\u017eara","isPartOf":{"@id":"https:\/\/webknjizara.hr\/#website"},"primaryImageOfPage":{"@id":"https:\/\/webknjizara.hr\/proizvod\/ljubav-u-pompejima-marija-juracic\/#primaryimage"},"image":{"@id":"https:\/\/webknjizara.hr\/proizvod\/ljubav-u-pompejima-marija-juracic\/#primaryimage"},"thumbnailUrl":"https:\/\/webknjizara.hr\/wp-content\/uploads\/nc\/images\/virtuemart\/product\/ljubav-u-pompeji-5395c3743e7e8.jpg","datePublished":"2014-06-09T14:23:48+00:00","dateModified":"2023-02-26T23:16:09+00:00","breadcrumb":{"@id":"https:\/\/webknjizara.hr\/proizvod\/ljubav-u-pompejima-marija-juracic\/#breadcrumb"},"inLanguage":"en-US","potentialAction":[{"@type":"ReadAction","target":["https:\/\/webknjizara.hr\/proizvod\/ljubav-u-pompejima-marija-juracic\/"]}]},{"@type":"ImageObject","inLanguage":"en-US","@id":"https:\/\/webknjizara.hr\/proizvod\/ljubav-u-pompejima-marija-juracic\/#primaryimage","url":"https:\/\/webknjizara.hr\/wp-content\/uploads\/nc\/images\/virtuemart\/product\/ljubav-u-pompeji-5395c3743e7e8.jpg","contentUrl":"https:\/\/webknjizara.hr\/wp-content\/uploads\/nc\/images\/virtuemart\/product\/ljubav-u-pompeji-5395c3743e7e8.jpg","width":358,"height":500,"caption":"LJUBAV U POMPEJIMA, Marija Jura\u010di\u0107"},{"@type":"BreadcrumbList","@id":"https:\/\/webknjizara.hr\/proizvod\/ljubav-u-pompejima-marija-juracic\/#breadcrumb","itemListElement":[{"@type":"ListItem","position":1,"name":"Po\u010detna stranica","item":"https:\/\/webknjizara.hr\/en\/"},{"@type":"ListItem","position":2,"name":"Shop","item":"https:\/\/webknjizara.hr\/shop\/"},{"@type":"ListItem","position":3,"name":"LJUBAV U POMPEJIMA, Marija Jura\u010di\u0107"}]},{"@type":"WebSite","@id":"https:\/\/webknjizara.hr\/#website","url":"https:\/\/webknjizara.hr\/","name":"Web Knji\u017eara","description":"","publisher":{"@id":"https:\/\/webknjizara.hr\/#organization"},"potentialAction":[{"@type":"SearchAction","target":{"@type":"EntryPoint","urlTemplate":"https:\/\/webknjizara.hr\/?s={search_term_string}"},"query-input":{"@type":"PropertyValueSpecification","valueRequired":true,"valueName":"search_term_string"}}],"inLanguage":"en-US"},{"@type":"Organization","@id":"https:\/\/webknjizara.hr\/#organization","name":"REDAK D.O.O.","url":"https:\/\/webknjizara.hr\/","logo":{"@type":"ImageObject","inLanguage":"en-US","@id":"https:\/\/webknjizara.hr\/#\/schema\/logo\/image\/","url":"https:\/\/webknjizara.hr\/wp-content\/uploads\/2023\/01\/web-knjizara-logo.webp","contentUrl":"https:\/\/webknjizara.hr\/wp-content\/uploads\/2023\/01\/web-knjizara-logo.webp","width":324,"height":79,"caption":"REDAK D.O.O."},"image":{"@id":"https:\/\/webknjizara.hr\/#\/schema\/logo\/image\/"}}]}},"_links":{"self":[{"href":"https:\/\/webknjizara.hr\/en\/wp-json\/wp\/v2\/product\/7821","targetHints":{"allow":["GET"]}}],"collection":[{"href":"https:\/\/webknjizara.hr\/en\/wp-json\/wp\/v2\/product"}],"about":[{"href":"https:\/\/webknjizara.hr\/en\/wp-json\/wp\/v2\/types\/product"}],"replies":[{"embeddable":true,"href":"https:\/\/webknjizara.hr\/en\/wp-json\/wp\/v2\/comments?post=7821"}],"wp:featuredmedia":[{"embeddable":true,"href":"https:\/\/webknjizara.hr\/en\/wp-json\/wp\/v2\/media\/7822"}],"wp:attachment":[{"href":"https:\/\/webknjizara.hr\/en\/wp-json\/wp\/v2\/media?parent=7821"}],"wp:term":[{"taxonomy":"product_brand","embeddable":true,"href":"https:\/\/webknjizara.hr\/en\/wp-json\/wp\/v2\/product_brand?post=7821"},{"taxonomy":"product_cat","embeddable":true,"href":"https:\/\/webknjizara.hr\/en\/wp-json\/wp\/v2\/product_cat?post=7821"},{"taxonomy":"product_tag","embeddable":true,"href":"https:\/\/webknjizara.hr\/en\/wp-json\/wp\/v2\/product_tag?post=7821"}],"curies":[{"name":"wp","href":"https:\/\/api.w.org\/{rel}","templated":true}]}}