{"id":7811,"date":"2014-05-22T15:57:54","date_gmt":"2014-05-22T15:57:54","guid":{"rendered":"https:\/\/webknjizara.hr\/?product=demokratski-diktatori-gospodari-mrznje-podjela-i-krize-ms"},"modified":"2023-02-27T00:16:08","modified_gmt":"2023-02-26T23:16:08","slug":"demokratski-diktatori-gospodari-mrznje-podjela-i-krize-m-s","status":"publish","type":"product","link":"https:\/\/webknjizara.hr\/en\/proizvod\/demokratski-diktatori-gospodari-mrznje-podjela-i-krize-m-s\/","title":{"rendered":"DEMOKRATSKI DIKTATORI &#8211; Gospodari mr\u017enje, podjela i krize, M.\u0160."},"content":{"rendered":"<p style=\"text-align: justify;\"><strong><br \/>Sa\u017eetak:<\/strong><\/p>\n<p>U knjizi se analizira funkcioniranje tzv. parlamentarne demokracije te uzroci i posljedice krize u Hrvatskoj. Uzroci su politi\u010dari koji za sebe tvrde da su najbolji, poput ljudi koji pripadaju sektama: gube kriti\u010dnost i objektivnost te donose nerazumne zakone, a vlast obna\u0161aju demokratsko diktatorski. Njihove slike ne vise posvuda, oni nisu krvnici niti tirani, ne ubijaju politi\u010dke protivnike, ne \u017eive obijesno, ne primaju goste u \u0161atoru, nemaju zlatnu krunu na glavi, nemaju zvanje mar\u0161ala, niti su pukovnici, ne dobivaju izbore sa 99,99% glasova, nisu okru\u017eeni generalima&#8230; Konfliktogenost je temeljno obilje\u017eje njihova obna\u0161anja vlasti. <\/p>\n<p>Ciljevi takvih politi\u010dara i naroda, odnosno gra\u0111ana, nisu isti. <\/p>\n<p>U zbilji mo\u0107 nedemokratskih demokrata koji obna\u0161aju funkcije predsjednika vlade, ministara, ravnatelja bolnica, dekana fakulteta, pro\u010delnika katedri i dr., je funkcija, a ne znanje, volja i sposobnost rada za dobrobit gra\u0111ana, niti iskrenost, po\u0161tenost, moralnost i eti\u010dnost. <\/p>\n<p>To su politi\u010dari koji imaju podr\u0161ku dvadesetak posto gra\u0111ana i \u017eive te obna\u0161aju vlast u uvjetima vi\u0161estrana\u010dja i predstavni\u010dke demokracije. Imaju tzv. izborni legitimitet, a vlast obna\u0161aju u zemlji gdje se po\u0161tuju ljudska prava i prava manjina&#8230; <\/p>\n<p>Demokratski diktatori se, naime, predstavljaju kao <em>ljevi\u010dari i desni\u010dari<\/em>, stvaraju\u0107i dojam da su demokrati, a pona\u0161aju se poput diktatora: unutar stranke obra\u010dunavaju se s neistomi\u0161ljenicima, prema politi\u010dkim suparnicima kao prema neprijateljima, \u0161ire\u0107i mr\u017enju, podjele i krizu, a Hrvatsku nastoje<em> vratiti na Balkan!<\/em> <\/p>\n<p>Kao da se svake \u010detiri godine radi o klasi\u010dnom dr\u017eavnom udaru latinoameri\u010dkog tipa, samo \u0161to ovdje lijevi na izborima (medijski uvjetovano vjeruju da) <em>ubijaju desne<\/em>, i obrnuto! Politi\u010dari koji se time nastoje okoristiti ne mogu se vratiti na put pravih socijaldemokrata i konzervativaca, po\u0161tovati demokratsku kulturu, niti osigurati razvoj i napredak, nego vode rat! <\/p>\n<p>Za sada pod kontrolom.<\/p>\n<p>Najbitnije obilje\u017ebe pona\u0161anja hrvatskih politi\u010dara je da se pona\u0161aju kao demokratski diktatori, tj. da sami odlu\u010duju u ime gra\u0111ana, nerijetko i protiv njihovih interesa, a gra\u0111ani se time mire vjeruju\u0107i demagogiji svojih politi\u010dara da je najbitnije na\u0161tetiti politi\u010dkim protivnicima: a) tzv. ljevi\u010darima koji Hrvate brane od <em>klerofa\u0161izma<\/em>, te b) tzv. desni\u010darima, koji ih brane od <em>jugokomunizma<\/em>! <\/p>\n<p>U biti, svakodnevno se bore da demokratizacija politi\u010dkog sustava i modernizacija dru\u0161tva ne prije\u0111e granice postavljene ranih devedesetih godina 20. stolje\u0107a!<\/p>\n<p>Takva demokracija utemeljena je na strahu! U zbilji, gradi se kultura ulice: gra\u0111anima se omogu\u0107ava izra\u017eavanje nezadovoljstva i prosvjeda te tra\u017eenje svojih prava ispred Vlade i Sabora, odnosno na ulici!<\/p>\n<p>U naciji u kojoj dominira samovolja prestaje vladavina morala te nema po\u0161tene vlasti, a izlaz iz krize se ne vidi. <\/p>\n<p>Demokratski diktatori su politi\u010dari koji nisu sposobni zaposliti stotine tisu\u0107a nezaposlenih mladih Hrvata, niti osigurati razvoj i napredak. To mo\u017ee ja\u010dati dezintegracijske procese, koji mogu biti stvarna prijetnja opstojnosti Hrvatske, a istarski demokratski diktatori, primjerice, s njihovim shva\u0107anjem regionalizma, uz nevi\u0111enu i sramotnu neslobodu novinara odnosno medija u Istri, na tom su putu! Da imamo politi\u010dare koji demokratski vode politi\u010dke stranke i uva\u017eavaju gra\u0111ane kao subjekt demokracije i njihove interese, do toga ne bi do\u0161lo! Me\u0111utim, nisu krivi samo politi\u010dari, krivi su gra\u0111ani koji se dadu zavesti njihovom demagogijom i daju im svoj glas. <\/p>\n<p>Dok su gra\u0111ani <em>ovce<\/em>, politi\u010dari (p)ostaju \u2013 <em>vukovi<\/em>! <\/p>\n<p>Hrvatima je potreban <em>majmun<\/em> predsjednik vlade (a \u0161to to podrazumijeva vidjeti u knjizi).<\/p>\n<p>U biti, autor analizira goru\u0107a dru\u0161tvena, ekonomska, moralna i eti\u010dna pitanja (odnos prema referendumskom izja\u0161njavanju gra\u0111ana, Vukovaru\u2026) s ciljem podizanja svijesti hrvatske javnosti o demokratskim diktatorima kao gospodarima krize, te upu\u0107uje na mogu\u0107e aktere promjena. Tako\u0111er, analizira se mogu\u0107nost da se neki budu\u0107i mirni prosvjedi, koji u obna\u0161anju tzv. demokr\u0161\u0107anske i socijaldemokratske vlasti jo\u0161 uvijek, u biti, ni\u0161ta ne mijenjaju, preokrenu u demokratsku revoluciju, ili revoluciju demokracije, \u0161to \u0107e prevladati strana\u010dki apsolutizam i kult li\u010dnosti te osigurati stvarnu demokratsku proceduru, u kojoj \u0107e gra\u0111anin postati temeljni subjekt demokracije, \u0161to podrazumijeva po\u0161tovanje procedure, moralnih i eti\u010dkih te ljudskih standarda i vrijednosti, ili \u0107e tu zada\u0107u odraditi mladi Hrvati, poput Frana Stan\u010di\u0107a Vidra\u010da i Sebastiana Kr\u010dmara, maturanata Upravne \u0161kole iz Zagreba, koji shva\u0107aju \u0161to je dojam, koji demokratski diktatori pomo\u0107u medija nastoje stvoriti o demokraciji, a \u0161to stvarnost, od koje im ovisi opstanak i ostanak u Hrvatskoj?<\/p>\n<p>U knjizi su (u fusnotama) uvr\u0161teni tekstovi: Marcele Bratovi\u0107, \u017deljke Krmpoti\u0107,\u00a0Zorane Bajt, Snje\u017eane Krneti\u0107, Orhidee Gaura, Tomislava Klau\u0161kog, D. Ba\u0161i\u0107-Palkovi\u0107, Darka Paji\u0107a, Vedrane Habereiter, Du\u0161ice Radoj\u010di\u0107, Damira Gali\u0107a, Ivanke Toma, Renate Ra\u0161ovi\u0107, Tihane Tomi\u010di\u0107, Milana Rakovca, Dra\u017eena Vukova Coli\u0107a, Branimira Bradari\u0107a, Irene Kustura, Ive Me\u0111ugorac, Borisa Ra\u0161ete, \u0110ur\u0111ice Klancir, Branka Podgornika, Galibedina Galija\u0161evi\u0107a, dr. med., Marine Jurkovi\u0107, Tamare Opa\u010dak-Klobu\u010dar, tekstovi iz Slobodne Dalmacije u kojem The Economist upozorava na mogu\u0107e dru\u0161tvene nemire u RH, Udruge za razvoj visokoga \u0161kolstva \u201cUniversitas\u201d, tportal.hr\/Jutarnji.hr, i dr.<\/p>\n<p style=\"text-align: justify;\"><strong><br \/>Bilje\u0161ka o autoru\/autorici:<\/strong> <\/p>\n<p>Ro\u0111en u Fabcima kod Pore\u010da, u Ljubljani diplomirao na Fakultetu za sociologiju, politi\u010dke znanosti i novinarstvo, te zavr\u0161io poslijediplomski studij iz sociologije, a doktorirao na Sveu\u010dili\u0161tu u Zagrebu.<\/p>\n<p>Sudjelovao s referatima na me\u0111unarodnim znanstvenim skupovima u zemlji i inozemstvu (Pula, Venezia, Bologna, Assisi, Trento, Gorizia, Osijek, Opatija, Udine, Mexico City i dr.). <\/p>\n<p>Boravio na znanstvenom usavr\u0161avanju u inozemstvu u vi\u0161e navrata. Kao gostuju\u0107i nastavnik dr\u017eao predavanja na brojnim fakultetima u inozemstvu. U suradnji s \u201eInstitute of International Sociology\u201c u rujnu mjesecu 1992. godine organizira me\u0111unarodni znanstveni skup koji je odr\u017ean u dvije dr\u017eave: Hrvatskoj i Italiji. <br \/><strong><br \/>Autor je sljede\u0107ih knjiga:<\/strong> <\/p>\n<p>1. \u201cZdravlje i bolest u dru\u0161tvenim znanostima, Kuda ide zdravlje tranzicijskog dru\u0161tva?\u201d. Izdava\u010d: \u201cJosip Tur\u010dinovi\u0107\u201d, d.o.o., Pazin, 1996. <br \/>2. \u201cLjudska prava u medicini &#8211; dru\u0161tvenohumanisti\u010dki aspekti\u201d, Medicinski fakultet Rijeka, 1995. <br \/>3. \u201cPrava pacijenata. Ili: tko \u0107e \u017eivjeti a tko umrijeti?\u201d, (koautor je Renata Dobi-Babi\u0107), Adami\u0107, Rijeka, 2000.<br \/>4. \u201cMedicinska sociologija\u201d, Adami\u0107, Rijeka, 2001. <br \/>5. \u201cSociologija turizma\u201d, Adami\u0107, Rijeka, 2002. <br \/>6. \u201cIma li nade za kute i pid\u017eame\u201d, Adami\u0107, Rijeka, 2003. <br \/>7. \u201cDobar lije\u010dnik\u201d, Adami\u0107, Rijeka, 2006. <br \/>8. \u201cPrava pacijenata. Vodi\u010d za kulturu poznavanja i po\u0161tovanja prava pacijenata\u201d, Adami\u0107, Rijeka, 2007. <br \/>9. \u201cZdravstvo po mjeri \u010covjeka\u201d, Adami\u0107, Rijeka, 2008. <br \/>10. \u201cBolesno zdravstvo. Osveta privilegiranih\u201d, Adami\u0107, Rijeka, 2008. <br \/>11. \u201cKultura umiranja, smrti i \u017ealovanja\u201d, Adami\u0107, Rijeka, 2009. <br \/>12. \u201cKriza javnoga zdravstva: prijetnje i mogu\u0107nosti. Zdravlje postaje roba koju bogati kupuju, a siroma\u0161ni umiru\u201d. Izdava\u010d: Hrvatski pokretr za prava pacijenata, Rijeka, 2010.<br \/>13. \u201ePritu\u017ebe pacijenata. Kako do pravde?\u201c Hrvatski\u00a0 pokret za prava pacijenata, Rijeka, 2011.<br \/>14. \u201eKomunikacija lije\u010dnik-pacijent. Uvod u medicinu usmjerenu osobi\u201c, Hrvatski\u00a0 pokret za prava pacijenata, Rijeka, 2012.<br \/>15. \u201e\u0160to sestre rade na fakultetu?\u201c, Hrvatski pokret za prava pacijenata, Rijeka, 2012. <br \/>16. \u201eUkradena demokracija. U potrazi za boljom Hrvatskom i direktnom demokracijom\u201c, Histria Croatica, C.A.S.H. Pula, 2013.<\/p>\n<p style=\"text-align: justify;\">Napisao brojne znanstvene radove, recenzije knjiga i drugih radova.<\/p>\n<p>\u010clan je sociolo\u0161kih udru\u017eenja u Hrvatskoj, Italiji i Sloveniji, te \u201cMe\u0111unarodnog udru\u017eenja za tanatologiju i suicidologiju\u201d (IATS) sa sjedi\u0161tem u Mexico City u koje je uklju\u010dio Hrvatsku kao jedanaestu \u010dlanicu.<\/p>\n<p>Sudjelovao je u radnoj skupini za izradu prvog hrvatskog zakona o pravima pacijenata koji je prihva\u0107en u Hrvatskom saboru 19.12.2004. godine.<\/p>\n<p>Bio je Predsjednik prvog Povjerenstva za prava pacijenata Primorsko goranske \u017eupanije (2005.-2007.).<\/p>\n<p>Bio je \u010dlan Povjerenstva Medicinskog fakulteta Sveu\u010dili\u0161ta u Rijeci za izradu Curriculuma svih studija (prema Bologni). <\/p>\n<p>Osnovao je udrugu \u00abHrvatski pokret za prava pacijenata\u00bb (Rijeka, 2007.) i od tada njezin je predsjednik.<\/p>\n<p style=\"text-align: justify;\"><strong>Klju\u010dne rije\u010di:<\/strong> politi\u010dka kasta, nedemokratski diktatori, demokratski diktatori, gospodari krize, kultura ulice, referendumska demokracija.<\/p>\n<p><strong>E-mail:<\/strong>\u00a0<a href=\"mailto:mirkostif@yahoo.com\"><span style=\"text-decoration: underline;\">Mirko \u0160tifani\u0107<\/span><\/a><\/p>\n<p style=\"text-align: justify;\"><strong>Naslov:<\/strong> DEMOKRATSKI DIKTATORI &#8211; Gospodari mr\u017enje, podjela i krize<br \/><strong>Autor:<\/strong> Mirko \u0160tifani\u0107<br \/><strong>Broj stranica:<\/strong> 218<br \/><strong>Nakladnik:<\/strong> REDAK<br \/><strong>Godina izdanja:<\/strong> 2014.<br \/><strong>ISBN:<\/strong> 978-953-336-135-2<br \/><strong>Tisak:<\/strong> digitalni tisak knjiga &#8211; print na zahtjev<\/p>\n","protected":false},"excerpt":{"rendered":"<p>Sa\u017eetak: U knjizi se analizira funkcioniranje tzv. parlamentarne demokracije te uzroci i posljedice krize u Hrvatskoj. Uzroci su politi\u010dari koji za sebe tvrde da su najbolji, poput ljudi koji pripadaju sektama: gube kriti\u010dnost i objektivnost te donose nerazumne zakone, a vlast obna\u0161aju demokratsko diktatorski. Njihove slike ne vise posvuda, oni nisu krvnici niti tirani, ne [&hellip;]<\/p>\n","protected":false},"featured_media":7812,"comment_status":"open","ping_status":"closed","template":"","meta":{"_acf_changed":false},"product_brand":[],"product_cat":[1517,1390],"product_tag":[],"class_list":{"0":"post-7811","1":"product","2":"type-product","3":"status-publish","4":"has-post-thumbnail","6":"product_cat-strucna-literatura","7":"product_cat-drustvene-znanosti","8":"pa_autor-mirko-stifanic","9":"pa_nakladnik-redak","11":"first","12":"instock","13":"shipping-taxable","14":"purchasable","15":"product-type-simple"},"acf":[],"yoast_head":"<!-- This site is optimized with the Yoast SEO plugin v27.3 - https:\/\/yoast.com\/product\/yoast-seo-wordpress\/ -->\n<title>DEMOKRATSKI DIKTATORI - Gospodari mr\u017enje, podjela i krize, M.\u0160. - Web-knji\u017eara<\/title>\n<meta name=\"robots\" content=\"index, follow, max-snippet:-1, max-image-preview:large, max-video-preview:-1\" \/>\n<link rel=\"canonical\" href=\"https:\/\/webknjizara.hr\/proizvod\/demokratski-diktatori-gospodari-mrznje-podjela-i-krize-m-s\/\" \/>\n<meta property=\"og:locale\" content=\"en_US\" \/>\n<meta property=\"og:type\" content=\"article\" \/>\n<meta property=\"og:title\" content=\"DEMOKRATSKI DIKTATORI - Gospodari mr\u017enje, podjela i krize, M.\u0160. - Web-knji\u017eara\" \/>\n<meta property=\"og:description\" content=\"Sa\u017eetak: U knjizi se analizira funkcioniranje tzv. parlamentarne demokracije te uzroci i posljedice krize u Hrvatskoj. Uzroci su politi\u010dari koji za sebe tvrde da su najbolji, poput ljudi koji pripadaju sektama: gube kriti\u010dnost i objektivnost te donose nerazumne zakone, a vlast obna\u0161aju demokratsko diktatorski. Njihove slike ne vise posvuda, oni nisu krvnici niti tirani, ne [&hellip;]\" \/>\n<meta property=\"og:url\" content=\"https:\/\/webknjizara.hr\/proizvod\/demokratski-diktatori-gospodari-mrznje-podjela-i-krize-m-s\/\" \/>\n<meta property=\"og:site_name\" content=\"Web-knji\u017eara\" \/>\n<meta property=\"article:modified_time\" content=\"2023-02-26T23:16:08+00:00\" \/>\n<meta property=\"og:image\" content=\"https:\/\/webknjizara.hr\/wp-content\/uploads\/nc\/images\/virtuemart\/product\/demokratski-dikt-537e1e8208ab8.jpg\" \/>\n\t<meta property=\"og:image:width\" content=\"453\" \/>\n\t<meta property=\"og:image:height\" content=\"636\" \/>\n\t<meta property=\"og:image:type\" content=\"image\/jpeg\" \/>\n<meta name=\"twitter:card\" content=\"summary_large_image\" \/>\n<meta name=\"twitter:label1\" content=\"Est. reading time\" \/>\n\t<meta name=\"twitter:data1\" content=\"7 minutes\" \/>\n<script type=\"application\/ld+json\" class=\"yoast-schema-graph\">{\"@context\":\"https:\\\/\\\/schema.org\",\"@graph\":[{\"@type\":\"WebPage\",\"@id\":\"https:\\\/\\\/webknjizara.hr\\\/proizvod\\\/demokratski-diktatori-gospodari-mrznje-podjela-i-krize-m-s\\\/\",\"url\":\"https:\\\/\\\/webknjizara.hr\\\/proizvod\\\/demokratski-diktatori-gospodari-mrznje-podjela-i-krize-m-s\\\/\",\"name\":\"DEMOKRATSKI DIKTATORI - Gospodari mr\u017enje, podjela i krize, M.\u0160. - Web-knji\u017eara\",\"isPartOf\":{\"@id\":\"https:\\\/\\\/webknjizara.hr\\\/#website\"},\"primaryImageOfPage\":{\"@id\":\"https:\\\/\\\/webknjizara.hr\\\/proizvod\\\/demokratski-diktatori-gospodari-mrznje-podjela-i-krize-m-s\\\/#primaryimage\"},\"image\":{\"@id\":\"https:\\\/\\\/webknjizara.hr\\\/proizvod\\\/demokratski-diktatori-gospodari-mrznje-podjela-i-krize-m-s\\\/#primaryimage\"},\"thumbnailUrl\":\"https:\\\/\\\/webknjizara.hr\\\/wp-content\\\/uploads\\\/nc\\\/images\\\/virtuemart\\\/product\\\/demokratski-dikt-537e1e8208ab8.jpg\",\"datePublished\":\"2014-05-22T15:57:54+00:00\",\"dateModified\":\"2023-02-26T23:16:08+00:00\",\"breadcrumb\":{\"@id\":\"https:\\\/\\\/webknjizara.hr\\\/proizvod\\\/demokratski-diktatori-gospodari-mrznje-podjela-i-krize-m-s\\\/#breadcrumb\"},\"inLanguage\":\"en-US\",\"potentialAction\":[{\"@type\":\"ReadAction\",\"target\":[\"https:\\\/\\\/webknjizara.hr\\\/proizvod\\\/demokratski-diktatori-gospodari-mrznje-podjela-i-krize-m-s\\\/\"]}]},{\"@type\":\"ImageObject\",\"inLanguage\":\"en-US\",\"@id\":\"https:\\\/\\\/webknjizara.hr\\\/proizvod\\\/demokratski-diktatori-gospodari-mrznje-podjela-i-krize-m-s\\\/#primaryimage\",\"url\":\"https:\\\/\\\/webknjizara.hr\\\/wp-content\\\/uploads\\\/nc\\\/images\\\/virtuemart\\\/product\\\/demokratski-dikt-537e1e8208ab8.jpg\",\"contentUrl\":\"https:\\\/\\\/webknjizara.hr\\\/wp-content\\\/uploads\\\/nc\\\/images\\\/virtuemart\\\/product\\\/demokratski-dikt-537e1e8208ab8.jpg\",\"width\":453,\"height\":636,\"caption\":\"DEMOKRATSKI DIKTATORI - Gospodari mr\u017enje, podjela i krize, M.\u0160.\"},{\"@type\":\"BreadcrumbList\",\"@id\":\"https:\\\/\\\/webknjizara.hr\\\/proizvod\\\/demokratski-diktatori-gospodari-mrznje-podjela-i-krize-m-s\\\/#breadcrumb\",\"itemListElement\":[{\"@type\":\"ListItem\",\"position\":1,\"name\":\"Po\u010detna stranica\",\"item\":\"https:\\\/\\\/webknjizara.hr\\\/en\\\/\"},{\"@type\":\"ListItem\",\"position\":2,\"name\":\"Shop\",\"item\":\"https:\\\/\\\/webknjizara.hr\\\/shop\\\/\"},{\"@type\":\"ListItem\",\"position\":3,\"name\":\"DEMOKRATSKI DIKTATORI &#8211; Gospodari mr\u017enje, podjela i krize, M.\u0160.\"}]},{\"@type\":\"WebSite\",\"@id\":\"https:\\\/\\\/webknjizara.hr\\\/#website\",\"url\":\"https:\\\/\\\/webknjizara.hr\\\/\",\"name\":\"Web Knji\u017eara\",\"description\":\"\",\"publisher\":{\"@id\":\"https:\\\/\\\/webknjizara.hr\\\/#organization\"},\"potentialAction\":[{\"@type\":\"SearchAction\",\"target\":{\"@type\":\"EntryPoint\",\"urlTemplate\":\"https:\\\/\\\/webknjizara.hr\\\/?s={search_term_string}\"},\"query-input\":{\"@type\":\"PropertyValueSpecification\",\"valueRequired\":true,\"valueName\":\"search_term_string\"}}],\"inLanguage\":\"en-US\"},{\"@type\":\"Organization\",\"@id\":\"https:\\\/\\\/webknjizara.hr\\\/#organization\",\"name\":\"REDAK D.O.O.\",\"url\":\"https:\\\/\\\/webknjizara.hr\\\/\",\"logo\":{\"@type\":\"ImageObject\",\"inLanguage\":\"en-US\",\"@id\":\"https:\\\/\\\/webknjizara.hr\\\/#\\\/schema\\\/logo\\\/image\\\/\",\"url\":\"https:\\\/\\\/webknjizara.hr\\\/wp-content\\\/uploads\\\/2023\\\/01\\\/web-knjizara-logo.webp\",\"contentUrl\":\"https:\\\/\\\/webknjizara.hr\\\/wp-content\\\/uploads\\\/2023\\\/01\\\/web-knjizara-logo.webp\",\"width\":324,\"height\":79,\"caption\":\"REDAK D.O.O.\"},\"image\":{\"@id\":\"https:\\\/\\\/webknjizara.hr\\\/#\\\/schema\\\/logo\\\/image\\\/\"}}]}<\/script>\n<!-- \/ Yoast SEO plugin. -->","yoast_head_json":{"title":"DEMOKRATSKI DIKTATORI - Gospodari mr\u017enje, podjela i krize, M.\u0160. - Web-knji\u017eara","robots":{"index":"index","follow":"follow","max-snippet":"max-snippet:-1","max-image-preview":"max-image-preview:large","max-video-preview":"max-video-preview:-1"},"canonical":"https:\/\/webknjizara.hr\/proizvod\/demokratski-diktatori-gospodari-mrznje-podjela-i-krize-m-s\/","og_locale":"en_US","og_type":"article","og_title":"DEMOKRATSKI DIKTATORI - Gospodari mr\u017enje, podjela i krize, M.\u0160. - Web-knji\u017eara","og_description":"Sa\u017eetak: U knjizi se analizira funkcioniranje tzv. parlamentarne demokracije te uzroci i posljedice krize u Hrvatskoj. Uzroci su politi\u010dari koji za sebe tvrde da su najbolji, poput ljudi koji pripadaju sektama: gube kriti\u010dnost i objektivnost te donose nerazumne zakone, a vlast obna\u0161aju demokratsko diktatorski. Njihove slike ne vise posvuda, oni nisu krvnici niti tirani, ne [&hellip;]","og_url":"https:\/\/webknjizara.hr\/proizvod\/demokratski-diktatori-gospodari-mrznje-podjela-i-krize-m-s\/","og_site_name":"Web-knji\u017eara","article_modified_time":"2023-02-26T23:16:08+00:00","og_image":[{"width":453,"height":636,"url":"https:\/\/webknjizara.hr\/wp-content\/uploads\/nc\/images\/virtuemart\/product\/demokratski-dikt-537e1e8208ab8.jpg","type":"image\/jpeg"}],"twitter_card":"summary_large_image","twitter_misc":{"Est. reading time":"7 minutes"},"schema":{"@context":"https:\/\/schema.org","@graph":[{"@type":"WebPage","@id":"https:\/\/webknjizara.hr\/proizvod\/demokratski-diktatori-gospodari-mrznje-podjela-i-krize-m-s\/","url":"https:\/\/webknjizara.hr\/proizvod\/demokratski-diktatori-gospodari-mrznje-podjela-i-krize-m-s\/","name":"DEMOKRATSKI DIKTATORI - Gospodari mr\u017enje, podjela i krize, M.\u0160. - Web-knji\u017eara","isPartOf":{"@id":"https:\/\/webknjizara.hr\/#website"},"primaryImageOfPage":{"@id":"https:\/\/webknjizara.hr\/proizvod\/demokratski-diktatori-gospodari-mrznje-podjela-i-krize-m-s\/#primaryimage"},"image":{"@id":"https:\/\/webknjizara.hr\/proizvod\/demokratski-diktatori-gospodari-mrznje-podjela-i-krize-m-s\/#primaryimage"},"thumbnailUrl":"https:\/\/webknjizara.hr\/wp-content\/uploads\/nc\/images\/virtuemart\/product\/demokratski-dikt-537e1e8208ab8.jpg","datePublished":"2014-05-22T15:57:54+00:00","dateModified":"2023-02-26T23:16:08+00:00","breadcrumb":{"@id":"https:\/\/webknjizara.hr\/proizvod\/demokratski-diktatori-gospodari-mrznje-podjela-i-krize-m-s\/#breadcrumb"},"inLanguage":"en-US","potentialAction":[{"@type":"ReadAction","target":["https:\/\/webknjizara.hr\/proizvod\/demokratski-diktatori-gospodari-mrznje-podjela-i-krize-m-s\/"]}]},{"@type":"ImageObject","inLanguage":"en-US","@id":"https:\/\/webknjizara.hr\/proizvod\/demokratski-diktatori-gospodari-mrznje-podjela-i-krize-m-s\/#primaryimage","url":"https:\/\/webknjizara.hr\/wp-content\/uploads\/nc\/images\/virtuemart\/product\/demokratski-dikt-537e1e8208ab8.jpg","contentUrl":"https:\/\/webknjizara.hr\/wp-content\/uploads\/nc\/images\/virtuemart\/product\/demokratski-dikt-537e1e8208ab8.jpg","width":453,"height":636,"caption":"DEMOKRATSKI DIKTATORI - Gospodari mr\u017enje, podjela i krize, M.\u0160."},{"@type":"BreadcrumbList","@id":"https:\/\/webknjizara.hr\/proizvod\/demokratski-diktatori-gospodari-mrznje-podjela-i-krize-m-s\/#breadcrumb","itemListElement":[{"@type":"ListItem","position":1,"name":"Po\u010detna stranica","item":"https:\/\/webknjizara.hr\/en\/"},{"@type":"ListItem","position":2,"name":"Shop","item":"https:\/\/webknjizara.hr\/shop\/"},{"@type":"ListItem","position":3,"name":"DEMOKRATSKI DIKTATORI &#8211; Gospodari mr\u017enje, podjela i krize, M.\u0160."}]},{"@type":"WebSite","@id":"https:\/\/webknjizara.hr\/#website","url":"https:\/\/webknjizara.hr\/","name":"Web Knji\u017eara","description":"","publisher":{"@id":"https:\/\/webknjizara.hr\/#organization"},"potentialAction":[{"@type":"SearchAction","target":{"@type":"EntryPoint","urlTemplate":"https:\/\/webknjizara.hr\/?s={search_term_string}"},"query-input":{"@type":"PropertyValueSpecification","valueRequired":true,"valueName":"search_term_string"}}],"inLanguage":"en-US"},{"@type":"Organization","@id":"https:\/\/webknjizara.hr\/#organization","name":"REDAK D.O.O.","url":"https:\/\/webknjizara.hr\/","logo":{"@type":"ImageObject","inLanguage":"en-US","@id":"https:\/\/webknjizara.hr\/#\/schema\/logo\/image\/","url":"https:\/\/webknjizara.hr\/wp-content\/uploads\/2023\/01\/web-knjizara-logo.webp","contentUrl":"https:\/\/webknjizara.hr\/wp-content\/uploads\/2023\/01\/web-knjizara-logo.webp","width":324,"height":79,"caption":"REDAK D.O.O."},"image":{"@id":"https:\/\/webknjizara.hr\/#\/schema\/logo\/image\/"}}]}},"_links":{"self":[{"href":"https:\/\/webknjizara.hr\/en\/wp-json\/wp\/v2\/product\/7811","targetHints":{"allow":["GET"]}}],"collection":[{"href":"https:\/\/webknjizara.hr\/en\/wp-json\/wp\/v2\/product"}],"about":[{"href":"https:\/\/webknjizara.hr\/en\/wp-json\/wp\/v2\/types\/product"}],"replies":[{"embeddable":true,"href":"https:\/\/webknjizara.hr\/en\/wp-json\/wp\/v2\/comments?post=7811"}],"wp:featuredmedia":[{"embeddable":true,"href":"https:\/\/webknjizara.hr\/en\/wp-json\/wp\/v2\/media\/7812"}],"wp:attachment":[{"href":"https:\/\/webknjizara.hr\/en\/wp-json\/wp\/v2\/media?parent=7811"}],"wp:term":[{"taxonomy":"product_brand","embeddable":true,"href":"https:\/\/webknjizara.hr\/en\/wp-json\/wp\/v2\/product_brand?post=7811"},{"taxonomy":"product_cat","embeddable":true,"href":"https:\/\/webknjizara.hr\/en\/wp-json\/wp\/v2\/product_cat?post=7811"},{"taxonomy":"product_tag","embeddable":true,"href":"https:\/\/webknjizara.hr\/en\/wp-json\/wp\/v2\/product_tag?post=7811"}],"curies":[{"name":"wp","href":"https:\/\/api.w.org\/{rel}","templated":true}]}}