{"id":7809,"date":"2014-05-16T19:40:35","date_gmt":"2014-05-16T19:40:35","guid":{"rendered":"https:\/\/webknjizara.hr\/?product=genova-jure-karamarko"},"modified":"2023-02-27T00:16:08","modified_gmt":"2023-02-26T23:16:08","slug":"genova-jure-karamarko","status":"publish","type":"product","link":"https:\/\/webknjizara.hr\/en\/proizvod\/genova-jure-karamarko\/","title":{"rendered":"GENOVA, Jure Karamarko"},"content":{"rendered":"<p style=\"text-align: justify;\"><strong><br \/>Sa\u017eetak:<\/strong><\/p>\n<p>\u201eGenova\u201c je nastavak poznatog navija\u010dkog romana <a href=\"hr\/about-joomla?page=shop.product_details&#038;category_id=36&#038;flypage=flypage.tpl&#038;product_id=207&#038;vmcchk=1\" target=\"_blank\" rel=\"noopener\">\u201eGrafi\u010dar\u201c<\/a><\/p>\n<p><strong>Bilje\u0161ka o autoru\/autorici:<\/strong><\/p>\n<ul>\n<li style=\"text-align: justify;\"><em><strong>\u00ab Posljednja generacija istoka \u00bb<\/strong><\/em><\/li>\n<li style=\"text-align: justify;\"><em><strong>\u00ab Zadnji trzaj \u00bb<\/strong><\/em><\/li>\n<li style=\"text-align: justify;\"><em><strong>\u00ab Od Subote Do Subote \u00bb<\/strong><\/em><\/li>\n<li style=\"text-align: justify;\"><em><strong>\u00ab Grafi\u010dar \u00bb<\/strong><\/em><\/li>\n<li style=\"text-align: justify;\"><em><strong>\u00ab Genova\u00bb<\/strong><\/em><\/li>\n<\/ul>\n<p style=\"text-align: justify;\"><strong>Jure Karamarko<\/strong> autor je gore navedenih 5 navija\u010dkih knjiga kao i poznatog navija\u010dkog blog-a \u010dija se \u010ditanost broji u desetcima tisu\u0107a posjeta. Ro\u0111en je u Zadru 1986-e godine i navija\u010d je nogometnog i ko\u0161arka\u0161kog kluba Zadar. Roman \u00abG.r.a.f.i.\u010d.a.r\u00bb je prvi uradak koji se nije bavio teku\u0107om problematikom hrvatskog navija\u010dkog pokreta ve\u0107 je jedna druga pri\u010da nastala u najdubljoj ma\u0161ti ovog poznatog navija\u010dkog autora.<\/p>\n<p style=\"text-align: justify;\"><strong><br \/>Klju\u010dne rije\u010di:<\/strong> Grafi\u010dar, Genova, Jure, Karamarko, Roman, Navija\u010dki<\/p>\n<p><strong>Link:<\/strong> <a href=\"http:\/\/www.facebook.com\/jure.karamarko.3\">http:\/\/www.facebook.com\/jure.karamarko.3<\/a><\/p>\n<p><strong>E-mail:<\/strong>\u00a0<a href=\"mailto:Karamarko.team@gmail.com\"><span style=\"text-decoration: underline;\">Jure Karamarko<\/span><\/a><\/p>\n<p style=\"text-align: justify;\"><strong>Naslov:<\/strong> Genova<br \/><strong>Autor:<\/strong> Jure Karamarko<br \/><strong>Broj stranica:<\/strong> 90<br \/><strong>Nakladnik:<\/strong> REDAK<br \/><strong>Godina izdanja:<\/strong> 2014.<br \/><strong>ISBN:<\/strong> 978-953-336-136-9<br \/><strong>Tisak:<\/strong> digitalni tisak knjiga &#8211; print na zahtjev\u00a0<\/p>\n<hr \/>\n<p style=\"text-align: justify;\"><strong>Kako naru\u010diti knjigu?\u00a0<\/strong>Proces online kupovine jednako funkcionira za sve kupce, s jedinom razlikom u tome \u0161to \u0161to kupci iz inozemstva za podru\u010dje dostave moraju odabrati &#8220;Europa&#8221; ili &#8220;Ostale zemlje svijeta&#8221;, a za vrstu pla\u0107anja WSPay (kreditna kartica) ili Virmanom (bankovni transfer).<\/p>\n<p style=\"text-align: justify;\">Molimo kliknite ovdje za\u00a0<a href=\"hr\/kako-kupovati\" target=\"_blank\" rel=\"noopener\">detaljni vodi\u010d kroz proces narud\u017ebe<\/a>\u00a0ili nas\u00a0<a href=\"hr\/kontakt\" target=\"_blank\" rel=\"noopener\">kontaktirajte<\/a>\u00a0za vi\u0161e informacija.<\/p>\n","protected":false},"excerpt":{"rendered":"<p>Sa\u017eetak: \u201eGenova\u201c je nastavak poznatog navija\u010dkog romana \u201eGrafi\u010dar\u201c Bilje\u0161ka o autoru\/autorici: \u00ab Posljednja generacija istoka \u00bb \u00ab Zadnji trzaj \u00bb \u00ab Od Subote Do Subote \u00bb \u00ab Grafi\u010dar \u00bb \u00ab Genova\u00bb Jure Karamarko autor je gore navedenih 5 navija\u010dkih knjiga kao i poznatog navija\u010dkog blog-a \u010dija se \u010ditanost broji u desetcima tisu\u0107a posjeta. Ro\u0111en je [&hellip;]<\/p>\n","protected":false},"featured_media":7810,"comment_status":"open","ping_status":"closed","template":"","meta":{"_acf_changed":false},"product_brand":[],"product_cat":[1517],"product_tag":[],"class_list":{"0":"post-7809","1":"product","2":"type-product","3":"status-publish","4":"has-post-thumbnail","6":"product_cat-strucna-literatura","7":"pa_autor-jure-karamarko","8":"pa_nakladnik-redak","10":"first","11":"instock","12":"shipping-taxable","13":"purchasable","14":"product-type-simple"},"acf":[],"yoast_head":"<!-- This site is optimized with the Yoast SEO plugin v27.3 - https:\/\/yoast.com\/product\/yoast-seo-wordpress\/ -->\n<title>GENOVA, Jure Karamarko - Web-knji\u017eara<\/title>\n<meta name=\"robots\" content=\"index, follow, max-snippet:-1, max-image-preview:large, max-video-preview:-1\" \/>\n<link rel=\"canonical\" href=\"https:\/\/webknjizara.hr\/proizvod\/genova-jure-karamarko\/\" \/>\n<meta property=\"og:locale\" content=\"en_US\" \/>\n<meta property=\"og:type\" content=\"article\" \/>\n<meta property=\"og:title\" content=\"GENOVA, Jure Karamarko - Web-knji\u017eara\" \/>\n<meta property=\"og:description\" content=\"Sa\u017eetak: \u201eGenova\u201c je nastavak poznatog navija\u010dkog romana \u201eGrafi\u010dar\u201c Bilje\u0161ka o autoru\/autorici: \u00ab Posljednja generacija istoka \u00bb \u00ab Zadnji trzaj \u00bb \u00ab Od Subote Do Subote \u00bb \u00ab Grafi\u010dar \u00bb \u00ab Genova\u00bb Jure Karamarko autor je gore navedenih 5 navija\u010dkih knjiga kao i poznatog navija\u010dkog blog-a \u010dija se \u010ditanost broji u desetcima tisu\u0107a posjeta. Ro\u0111en je [&hellip;]\" \/>\n<meta property=\"og:url\" content=\"https:\/\/webknjizara.hr\/proizvod\/genova-jure-karamarko\/\" \/>\n<meta property=\"og:site_name\" content=\"Web-knji\u017eara\" \/>\n<meta property=\"article:modified_time\" content=\"2023-02-26T23:16:08+00:00\" \/>\n<meta property=\"og:image\" content=\"https:\/\/webknjizara.hr\/wp-content\/uploads\/nc\/images\/virtuemart\/product\/genova-jure-kar-537669b3e14e9.jpg\" \/>\n\t<meta property=\"og:image:width\" content=\"358\" \/>\n\t<meta property=\"og:image:height\" content=\"500\" \/>\n\t<meta property=\"og:image:type\" content=\"image\/jpeg\" \/>\n<meta name=\"twitter:card\" content=\"summary_large_image\" \/>\n<meta name=\"twitter:label1\" content=\"Est. reading time\" \/>\n\t<meta name=\"twitter:data1\" content=\"1 minute\" \/>\n<script type=\"application\/ld+json\" class=\"yoast-schema-graph\">{\"@context\":\"https:\\\/\\\/schema.org\",\"@graph\":[{\"@type\":\"WebPage\",\"@id\":\"https:\\\/\\\/webknjizara.hr\\\/proizvod\\\/genova-jure-karamarko\\\/\",\"url\":\"https:\\\/\\\/webknjizara.hr\\\/proizvod\\\/genova-jure-karamarko\\\/\",\"name\":\"GENOVA, Jure Karamarko - Web-knji\u017eara\",\"isPartOf\":{\"@id\":\"https:\\\/\\\/webknjizara.hr\\\/#website\"},\"primaryImageOfPage\":{\"@id\":\"https:\\\/\\\/webknjizara.hr\\\/proizvod\\\/genova-jure-karamarko\\\/#primaryimage\"},\"image\":{\"@id\":\"https:\\\/\\\/webknjizara.hr\\\/proizvod\\\/genova-jure-karamarko\\\/#primaryimage\"},\"thumbnailUrl\":\"https:\\\/\\\/webknjizara.hr\\\/wp-content\\\/uploads\\\/nc\\\/images\\\/virtuemart\\\/product\\\/genova-jure-kar-537669b3e14e9.jpg\",\"datePublished\":\"2014-05-16T19:40:35+00:00\",\"dateModified\":\"2023-02-26T23:16:08+00:00\",\"breadcrumb\":{\"@id\":\"https:\\\/\\\/webknjizara.hr\\\/proizvod\\\/genova-jure-karamarko\\\/#breadcrumb\"},\"inLanguage\":\"en-US\",\"potentialAction\":[{\"@type\":\"ReadAction\",\"target\":[\"https:\\\/\\\/webknjizara.hr\\\/proizvod\\\/genova-jure-karamarko\\\/\"]}]},{\"@type\":\"ImageObject\",\"inLanguage\":\"en-US\",\"@id\":\"https:\\\/\\\/webknjizara.hr\\\/proizvod\\\/genova-jure-karamarko\\\/#primaryimage\",\"url\":\"https:\\\/\\\/webknjizara.hr\\\/wp-content\\\/uploads\\\/nc\\\/images\\\/virtuemart\\\/product\\\/genova-jure-kar-537669b3e14e9.jpg\",\"contentUrl\":\"https:\\\/\\\/webknjizara.hr\\\/wp-content\\\/uploads\\\/nc\\\/images\\\/virtuemart\\\/product\\\/genova-jure-kar-537669b3e14e9.jpg\",\"width\":358,\"height\":500,\"caption\":\"GENOVA, Jure Karamarko\"},{\"@type\":\"BreadcrumbList\",\"@id\":\"https:\\\/\\\/webknjizara.hr\\\/proizvod\\\/genova-jure-karamarko\\\/#breadcrumb\",\"itemListElement\":[{\"@type\":\"ListItem\",\"position\":1,\"name\":\"Po\u010detna stranica\",\"item\":\"https:\\\/\\\/webknjizara.hr\\\/en\\\/\"},{\"@type\":\"ListItem\",\"position\":2,\"name\":\"Shop\",\"item\":\"https:\\\/\\\/webknjizara.hr\\\/shop\\\/\"},{\"@type\":\"ListItem\",\"position\":3,\"name\":\"GENOVA, Jure Karamarko\"}]},{\"@type\":\"WebSite\",\"@id\":\"https:\\\/\\\/webknjizara.hr\\\/#website\",\"url\":\"https:\\\/\\\/webknjizara.hr\\\/\",\"name\":\"Web Knji\u017eara\",\"description\":\"\",\"publisher\":{\"@id\":\"https:\\\/\\\/webknjizara.hr\\\/#organization\"},\"potentialAction\":[{\"@type\":\"SearchAction\",\"target\":{\"@type\":\"EntryPoint\",\"urlTemplate\":\"https:\\\/\\\/webknjizara.hr\\\/?s={search_term_string}\"},\"query-input\":{\"@type\":\"PropertyValueSpecification\",\"valueRequired\":true,\"valueName\":\"search_term_string\"}}],\"inLanguage\":\"en-US\"},{\"@type\":\"Organization\",\"@id\":\"https:\\\/\\\/webknjizara.hr\\\/#organization\",\"name\":\"REDAK D.O.O.\",\"url\":\"https:\\\/\\\/webknjizara.hr\\\/\",\"logo\":{\"@type\":\"ImageObject\",\"inLanguage\":\"en-US\",\"@id\":\"https:\\\/\\\/webknjizara.hr\\\/#\\\/schema\\\/logo\\\/image\\\/\",\"url\":\"https:\\\/\\\/webknjizara.hr\\\/wp-content\\\/uploads\\\/2023\\\/01\\\/web-knjizara-logo.webp\",\"contentUrl\":\"https:\\\/\\\/webknjizara.hr\\\/wp-content\\\/uploads\\\/2023\\\/01\\\/web-knjizara-logo.webp\",\"width\":324,\"height\":79,\"caption\":\"REDAK D.O.O.\"},\"image\":{\"@id\":\"https:\\\/\\\/webknjizara.hr\\\/#\\\/schema\\\/logo\\\/image\\\/\"}}]}<\/script>\n<!-- \/ Yoast SEO plugin. -->","yoast_head_json":{"title":"GENOVA, Jure Karamarko - Web-knji\u017eara","robots":{"index":"index","follow":"follow","max-snippet":"max-snippet:-1","max-image-preview":"max-image-preview:large","max-video-preview":"max-video-preview:-1"},"canonical":"https:\/\/webknjizara.hr\/proizvod\/genova-jure-karamarko\/","og_locale":"en_US","og_type":"article","og_title":"GENOVA, Jure Karamarko - Web-knji\u017eara","og_description":"Sa\u017eetak: \u201eGenova\u201c je nastavak poznatog navija\u010dkog romana \u201eGrafi\u010dar\u201c Bilje\u0161ka o autoru\/autorici: \u00ab Posljednja generacija istoka \u00bb \u00ab Zadnji trzaj \u00bb \u00ab Od Subote Do Subote \u00bb \u00ab Grafi\u010dar \u00bb \u00ab Genova\u00bb Jure Karamarko autor je gore navedenih 5 navija\u010dkih knjiga kao i poznatog navija\u010dkog blog-a \u010dija se \u010ditanost broji u desetcima tisu\u0107a posjeta. Ro\u0111en je [&hellip;]","og_url":"https:\/\/webknjizara.hr\/proizvod\/genova-jure-karamarko\/","og_site_name":"Web-knji\u017eara","article_modified_time":"2023-02-26T23:16:08+00:00","og_image":[{"width":358,"height":500,"url":"https:\/\/webknjizara.hr\/wp-content\/uploads\/nc\/images\/virtuemart\/product\/genova-jure-kar-537669b3e14e9.jpg","type":"image\/jpeg"}],"twitter_card":"summary_large_image","twitter_misc":{"Est. reading time":"1 minute"},"schema":{"@context":"https:\/\/schema.org","@graph":[{"@type":"WebPage","@id":"https:\/\/webknjizara.hr\/proizvod\/genova-jure-karamarko\/","url":"https:\/\/webknjizara.hr\/proizvod\/genova-jure-karamarko\/","name":"GENOVA, Jure Karamarko - Web-knji\u017eara","isPartOf":{"@id":"https:\/\/webknjizara.hr\/#website"},"primaryImageOfPage":{"@id":"https:\/\/webknjizara.hr\/proizvod\/genova-jure-karamarko\/#primaryimage"},"image":{"@id":"https:\/\/webknjizara.hr\/proizvod\/genova-jure-karamarko\/#primaryimage"},"thumbnailUrl":"https:\/\/webknjizara.hr\/wp-content\/uploads\/nc\/images\/virtuemart\/product\/genova-jure-kar-537669b3e14e9.jpg","datePublished":"2014-05-16T19:40:35+00:00","dateModified":"2023-02-26T23:16:08+00:00","breadcrumb":{"@id":"https:\/\/webknjizara.hr\/proizvod\/genova-jure-karamarko\/#breadcrumb"},"inLanguage":"en-US","potentialAction":[{"@type":"ReadAction","target":["https:\/\/webknjizara.hr\/proizvod\/genova-jure-karamarko\/"]}]},{"@type":"ImageObject","inLanguage":"en-US","@id":"https:\/\/webknjizara.hr\/proizvod\/genova-jure-karamarko\/#primaryimage","url":"https:\/\/webknjizara.hr\/wp-content\/uploads\/nc\/images\/virtuemart\/product\/genova-jure-kar-537669b3e14e9.jpg","contentUrl":"https:\/\/webknjizara.hr\/wp-content\/uploads\/nc\/images\/virtuemart\/product\/genova-jure-kar-537669b3e14e9.jpg","width":358,"height":500,"caption":"GENOVA, Jure Karamarko"},{"@type":"BreadcrumbList","@id":"https:\/\/webknjizara.hr\/proizvod\/genova-jure-karamarko\/#breadcrumb","itemListElement":[{"@type":"ListItem","position":1,"name":"Po\u010detna stranica","item":"https:\/\/webknjizara.hr\/en\/"},{"@type":"ListItem","position":2,"name":"Shop","item":"https:\/\/webknjizara.hr\/shop\/"},{"@type":"ListItem","position":3,"name":"GENOVA, Jure Karamarko"}]},{"@type":"WebSite","@id":"https:\/\/webknjizara.hr\/#website","url":"https:\/\/webknjizara.hr\/","name":"Web Knji\u017eara","description":"","publisher":{"@id":"https:\/\/webknjizara.hr\/#organization"},"potentialAction":[{"@type":"SearchAction","target":{"@type":"EntryPoint","urlTemplate":"https:\/\/webknjizara.hr\/?s={search_term_string}"},"query-input":{"@type":"PropertyValueSpecification","valueRequired":true,"valueName":"search_term_string"}}],"inLanguage":"en-US"},{"@type":"Organization","@id":"https:\/\/webknjizara.hr\/#organization","name":"REDAK D.O.O.","url":"https:\/\/webknjizara.hr\/","logo":{"@type":"ImageObject","inLanguage":"en-US","@id":"https:\/\/webknjizara.hr\/#\/schema\/logo\/image\/","url":"https:\/\/webknjizara.hr\/wp-content\/uploads\/2023\/01\/web-knjizara-logo.webp","contentUrl":"https:\/\/webknjizara.hr\/wp-content\/uploads\/2023\/01\/web-knjizara-logo.webp","width":324,"height":79,"caption":"REDAK D.O.O."},"image":{"@id":"https:\/\/webknjizara.hr\/#\/schema\/logo\/image\/"}}]}},"_links":{"self":[{"href":"https:\/\/webknjizara.hr\/en\/wp-json\/wp\/v2\/product\/7809","targetHints":{"allow":["GET"]}}],"collection":[{"href":"https:\/\/webknjizara.hr\/en\/wp-json\/wp\/v2\/product"}],"about":[{"href":"https:\/\/webknjizara.hr\/en\/wp-json\/wp\/v2\/types\/product"}],"replies":[{"embeddable":true,"href":"https:\/\/webknjizara.hr\/en\/wp-json\/wp\/v2\/comments?post=7809"}],"wp:featuredmedia":[{"embeddable":true,"href":"https:\/\/webknjizara.hr\/en\/wp-json\/wp\/v2\/media\/7810"}],"wp:attachment":[{"href":"https:\/\/webknjizara.hr\/en\/wp-json\/wp\/v2\/media?parent=7809"}],"wp:term":[{"taxonomy":"product_brand","embeddable":true,"href":"https:\/\/webknjizara.hr\/en\/wp-json\/wp\/v2\/product_brand?post=7809"},{"taxonomy":"product_cat","embeddable":true,"href":"https:\/\/webknjizara.hr\/en\/wp-json\/wp\/v2\/product_cat?post=7809"},{"taxonomy":"product_tag","embeddable":true,"href":"https:\/\/webknjizara.hr\/en\/wp-json\/wp\/v2\/product_tag?post=7809"}],"curies":[{"name":"wp","href":"https:\/\/api.w.org\/{rel}","templated":true}]}}