{"id":7803,"date":"2014-05-07T18:46:52","date_gmt":"2014-05-07T18:46:52","guid":{"rendered":"https:\/\/webknjizara.hr\/?product=pozutjeli-listovi-dragutin-dubravcic"},"modified":"2023-02-27T00:16:07","modified_gmt":"2023-02-26T23:16:07","slug":"pozutjeli-listovi-dragutin-dubravcic","status":"publish","type":"product","link":"https:\/\/webknjizara.hr\/en\/proizvod\/pozutjeli-listovi-dragutin-dubravcic\/","title":{"rendered":"PO\u017dUTJELI LISTOVI, Dragutin Dubrav\u010di\u0107"},"content":{"rendered":"<p style=\"text-align: justify;\"><strong><br \/>Bilje\u0161ka o autoru\/autorici:<\/strong> <\/p>\n<p>Dragutin Dubrav\u010di\u0107 ro\u0111en je 26. studenoga 1950. g. u Zapre\u0161i\u0107u, a \u0161kolovao se u Zagrebu gdje pi\u0161e pjesme od srednje \u0161kole i kratke pri\u010de iz svakida\u0161njeg \u017eivota.<br \/>Iako je \u010desto javno sudjelovao na raznim pjesni\u010dkim jutrima i ve\u010derima, do nedavno nije objavljivao svoje pjesme.<\/p>\n<p>Ovaj roman je napisao za vrijem odslu\u017eenja vojnog roka u Beogradu 1972. godine.<\/p>\n<p>Povremeno mu se objavljuju i drugi \u010dlanci u raznim tiskovinama, a naj\u010de\u0161\u0107e su to stru\u010dni \u010dlanci iz sfere kolekcionarstva i razne crtice iz \u017eivota, kao i karikature.<br \/>Posebno se bavi o\u010duvanjem i za\u0161titom, tra\u017eenjem i sabiranjem, te javnim prezentiranjem predmeta i zapisa iz narodne i kulturne ba\u0161tine.<\/p>\n<p style=\"text-align: justify;\"><strong>Klju\u010dne rije\u010di:<\/strong> Roman, autobiografija, \u017eivot u socijalizmu, ljubav, mladi, popravni dom\u2026<\/p>\n<p><strong>Link:<\/strong> <a href=\"http:\/\/dragutindubravcic.blog.hr\" target=\"_blank\" rel=\"noopener\">dragutindubravcic.blog.hr<\/a><\/p>\n<p><strong>E-mail:<\/strong>\u00a0<a href=\"mailto:dragokverkus@gmail.com\" target=\"_blank\" rel=\"noopener\">Dragutin Dubrav\u010di\u0107<\/a><\/p>\n<p style=\"text-align: justify;\"><strong>Naslov:<\/strong> Po\u017eutjeli listovi<br \/><strong>Autor:<\/strong> Dragutin Dubrav\u010di\u0107<br \/><strong>Broj stranica:<\/strong> 168<br \/><strong>Nakladnik:<\/strong> REDAK<br \/><strong>Godina izdanja:<\/strong> 2014.<br \/><strong>ISBN:<\/strong> 978-953-336-129-1<br \/><strong>Tisak:<\/strong> digitalni tisak knjiga &#8211; print na zahtjev<\/p>\n","protected":false},"excerpt":{"rendered":"<p>Bilje\u0161ka o autoru\/autorici: Dragutin Dubrav\u010di\u0107 ro\u0111en je 26. studenoga 1950. g. u Zapre\u0161i\u0107u, a \u0161kolovao se u Zagrebu gdje pi\u0161e pjesme od srednje \u0161kole i kratke pri\u010de iz svakida\u0161njeg \u017eivota.Iako je \u010desto javno sudjelovao na raznim pjesni\u010dkim jutrima i ve\u010derima, do nedavno nije objavljivao svoje pjesme. Ovaj roman je napisao za vrijem odslu\u017eenja vojnog roka [&hellip;]<\/p>\n","protected":false},"featured_media":7804,"comment_status":"open","ping_status":"closed","template":"","meta":{"_acf_changed":false},"product_brand":[],"product_cat":[1383,1385],"product_tag":[],"class_list":{"0":"post-7803","1":"product","2":"type-product","3":"status-publish","4":"has-post-thumbnail","6":"product_cat-knjige","7":"product_cat-knjizevnost","8":"pa_autor-dragutin-dubravcic","9":"pa_nakladnik-redak","11":"first","12":"instock","13":"shipping-taxable","14":"purchasable","15":"product-type-simple"},"acf":[],"yoast_head":"<!-- This site is optimized with the Yoast SEO plugin v27.3 - https:\/\/yoast.com\/product\/yoast-seo-wordpress\/ -->\n<title>PO\u017dUTJELI LISTOVI, Dragutin Dubrav\u010di\u0107 - Web-knji\u017eara<\/title>\n<meta name=\"robots\" content=\"index, follow, max-snippet:-1, max-image-preview:large, max-video-preview:-1\" \/>\n<link rel=\"canonical\" href=\"https:\/\/webknjizara.hr\/proizvod\/pozutjeli-listovi-dragutin-dubravcic\/\" \/>\n<meta property=\"og:locale\" content=\"en_US\" \/>\n<meta property=\"og:type\" content=\"article\" \/>\n<meta property=\"og:title\" content=\"PO\u017dUTJELI LISTOVI, Dragutin Dubrav\u010di\u0107 - Web-knji\u017eara\" \/>\n<meta property=\"og:description\" content=\"Bilje\u0161ka o autoru\/autorici: Dragutin Dubrav\u010di\u0107 ro\u0111en je 26. studenoga 1950. g. u Zapre\u0161i\u0107u, a \u0161kolovao se u Zagrebu gdje pi\u0161e pjesme od srednje \u0161kole i kratke pri\u010de iz svakida\u0161njeg \u017eivota.Iako je \u010desto javno sudjelovao na raznim pjesni\u010dkim jutrima i ve\u010derima, do nedavno nije objavljivao svoje pjesme. Ovaj roman je napisao za vrijem odslu\u017eenja vojnog roka [&hellip;]\" \/>\n<meta property=\"og:url\" content=\"https:\/\/webknjizara.hr\/proizvod\/pozutjeli-listovi-dragutin-dubravcic\/\" \/>\n<meta property=\"og:site_name\" content=\"Web-knji\u017eara\" \/>\n<meta property=\"article:modified_time\" content=\"2023-02-26T23:16:07+00:00\" \/>\n<meta property=\"og:image\" content=\"https:\/\/webknjizara.hr\/wp-content\/uploads\/nc\/images\/virtuemart\/product\/po-utjeli-listo-536a8081d3633.jpg\" \/>\n\t<meta property=\"og:image:width\" content=\"358\" \/>\n\t<meta property=\"og:image:height\" content=\"500\" \/>\n\t<meta property=\"og:image:type\" content=\"image\/jpeg\" \/>\n<meta name=\"twitter:card\" content=\"summary_large_image\" \/>\n<meta name=\"twitter:label1\" content=\"Est. reading time\" \/>\n\t<meta name=\"twitter:data1\" content=\"1 minute\" \/>\n<script type=\"application\/ld+json\" class=\"yoast-schema-graph\">{\"@context\":\"https:\\\/\\\/schema.org\",\"@graph\":[{\"@type\":\"WebPage\",\"@id\":\"https:\\\/\\\/webknjizara.hr\\\/proizvod\\\/pozutjeli-listovi-dragutin-dubravcic\\\/\",\"url\":\"https:\\\/\\\/webknjizara.hr\\\/proizvod\\\/pozutjeli-listovi-dragutin-dubravcic\\\/\",\"name\":\"PO\u017dUTJELI LISTOVI, Dragutin Dubrav\u010di\u0107 - Web-knji\u017eara\",\"isPartOf\":{\"@id\":\"https:\\\/\\\/webknjizara.hr\\\/#website\"},\"primaryImageOfPage\":{\"@id\":\"https:\\\/\\\/webknjizara.hr\\\/proizvod\\\/pozutjeli-listovi-dragutin-dubravcic\\\/#primaryimage\"},\"image\":{\"@id\":\"https:\\\/\\\/webknjizara.hr\\\/proizvod\\\/pozutjeli-listovi-dragutin-dubravcic\\\/#primaryimage\"},\"thumbnailUrl\":\"https:\\\/\\\/webknjizara.hr\\\/wp-content\\\/uploads\\\/nc\\\/images\\\/virtuemart\\\/product\\\/po-utjeli-listo-536a8081d3633.jpg\",\"datePublished\":\"2014-05-07T18:46:52+00:00\",\"dateModified\":\"2023-02-26T23:16:07+00:00\",\"breadcrumb\":{\"@id\":\"https:\\\/\\\/webknjizara.hr\\\/proizvod\\\/pozutjeli-listovi-dragutin-dubravcic\\\/#breadcrumb\"},\"inLanguage\":\"en-US\",\"potentialAction\":[{\"@type\":\"ReadAction\",\"target\":[\"https:\\\/\\\/webknjizara.hr\\\/proizvod\\\/pozutjeli-listovi-dragutin-dubravcic\\\/\"]}]},{\"@type\":\"ImageObject\",\"inLanguage\":\"en-US\",\"@id\":\"https:\\\/\\\/webknjizara.hr\\\/proizvod\\\/pozutjeli-listovi-dragutin-dubravcic\\\/#primaryimage\",\"url\":\"https:\\\/\\\/webknjizara.hr\\\/wp-content\\\/uploads\\\/nc\\\/images\\\/virtuemart\\\/product\\\/po-utjeli-listo-536a8081d3633.jpg\",\"contentUrl\":\"https:\\\/\\\/webknjizara.hr\\\/wp-content\\\/uploads\\\/nc\\\/images\\\/virtuemart\\\/product\\\/po-utjeli-listo-536a8081d3633.jpg\",\"width\":358,\"height\":500,\"caption\":\"PO\u017dUTJELI LISTOVI, Dragutin Dubrav\u010di\u0107\"},{\"@type\":\"BreadcrumbList\",\"@id\":\"https:\\\/\\\/webknjizara.hr\\\/proizvod\\\/pozutjeli-listovi-dragutin-dubravcic\\\/#breadcrumb\",\"itemListElement\":[{\"@type\":\"ListItem\",\"position\":1,\"name\":\"Po\u010detna stranica\",\"item\":\"https:\\\/\\\/webknjizara.hr\\\/en\\\/\"},{\"@type\":\"ListItem\",\"position\":2,\"name\":\"Shop\",\"item\":\"https:\\\/\\\/webknjizara.hr\\\/shop\\\/\"},{\"@type\":\"ListItem\",\"position\":3,\"name\":\"PO\u017dUTJELI LISTOVI, Dragutin Dubrav\u010di\u0107\"}]},{\"@type\":\"WebSite\",\"@id\":\"https:\\\/\\\/webknjizara.hr\\\/#website\",\"url\":\"https:\\\/\\\/webknjizara.hr\\\/\",\"name\":\"Web Knji\u017eara\",\"description\":\"\",\"publisher\":{\"@id\":\"https:\\\/\\\/webknjizara.hr\\\/#organization\"},\"potentialAction\":[{\"@type\":\"SearchAction\",\"target\":{\"@type\":\"EntryPoint\",\"urlTemplate\":\"https:\\\/\\\/webknjizara.hr\\\/?s={search_term_string}\"},\"query-input\":{\"@type\":\"PropertyValueSpecification\",\"valueRequired\":true,\"valueName\":\"search_term_string\"}}],\"inLanguage\":\"en-US\"},{\"@type\":\"Organization\",\"@id\":\"https:\\\/\\\/webknjizara.hr\\\/#organization\",\"name\":\"REDAK D.O.O.\",\"url\":\"https:\\\/\\\/webknjizara.hr\\\/\",\"logo\":{\"@type\":\"ImageObject\",\"inLanguage\":\"en-US\",\"@id\":\"https:\\\/\\\/webknjizara.hr\\\/#\\\/schema\\\/logo\\\/image\\\/\",\"url\":\"https:\\\/\\\/webknjizara.hr\\\/wp-content\\\/uploads\\\/2023\\\/01\\\/web-knjizara-logo.webp\",\"contentUrl\":\"https:\\\/\\\/webknjizara.hr\\\/wp-content\\\/uploads\\\/2023\\\/01\\\/web-knjizara-logo.webp\",\"width\":324,\"height\":79,\"caption\":\"REDAK D.O.O.\"},\"image\":{\"@id\":\"https:\\\/\\\/webknjizara.hr\\\/#\\\/schema\\\/logo\\\/image\\\/\"}}]}<\/script>\n<!-- \/ Yoast SEO plugin. -->","yoast_head_json":{"title":"PO\u017dUTJELI LISTOVI, Dragutin Dubrav\u010di\u0107 - Web-knji\u017eara","robots":{"index":"index","follow":"follow","max-snippet":"max-snippet:-1","max-image-preview":"max-image-preview:large","max-video-preview":"max-video-preview:-1"},"canonical":"https:\/\/webknjizara.hr\/proizvod\/pozutjeli-listovi-dragutin-dubravcic\/","og_locale":"en_US","og_type":"article","og_title":"PO\u017dUTJELI LISTOVI, Dragutin Dubrav\u010di\u0107 - Web-knji\u017eara","og_description":"Bilje\u0161ka o autoru\/autorici: Dragutin Dubrav\u010di\u0107 ro\u0111en je 26. studenoga 1950. g. u Zapre\u0161i\u0107u, a \u0161kolovao se u Zagrebu gdje pi\u0161e pjesme od srednje \u0161kole i kratke pri\u010de iz svakida\u0161njeg \u017eivota.Iako je \u010desto javno sudjelovao na raznim pjesni\u010dkim jutrima i ve\u010derima, do nedavno nije objavljivao svoje pjesme. Ovaj roman je napisao za vrijem odslu\u017eenja vojnog roka [&hellip;]","og_url":"https:\/\/webknjizara.hr\/proizvod\/pozutjeli-listovi-dragutin-dubravcic\/","og_site_name":"Web-knji\u017eara","article_modified_time":"2023-02-26T23:16:07+00:00","og_image":[{"width":358,"height":500,"url":"https:\/\/webknjizara.hr\/wp-content\/uploads\/nc\/images\/virtuemart\/product\/po-utjeli-listo-536a8081d3633.jpg","type":"image\/jpeg"}],"twitter_card":"summary_large_image","twitter_misc":{"Est. reading time":"1 minute"},"schema":{"@context":"https:\/\/schema.org","@graph":[{"@type":"WebPage","@id":"https:\/\/webknjizara.hr\/proizvod\/pozutjeli-listovi-dragutin-dubravcic\/","url":"https:\/\/webknjizara.hr\/proizvod\/pozutjeli-listovi-dragutin-dubravcic\/","name":"PO\u017dUTJELI LISTOVI, Dragutin Dubrav\u010di\u0107 - Web-knji\u017eara","isPartOf":{"@id":"https:\/\/webknjizara.hr\/#website"},"primaryImageOfPage":{"@id":"https:\/\/webknjizara.hr\/proizvod\/pozutjeli-listovi-dragutin-dubravcic\/#primaryimage"},"image":{"@id":"https:\/\/webknjizara.hr\/proizvod\/pozutjeli-listovi-dragutin-dubravcic\/#primaryimage"},"thumbnailUrl":"https:\/\/webknjizara.hr\/wp-content\/uploads\/nc\/images\/virtuemart\/product\/po-utjeli-listo-536a8081d3633.jpg","datePublished":"2014-05-07T18:46:52+00:00","dateModified":"2023-02-26T23:16:07+00:00","breadcrumb":{"@id":"https:\/\/webknjizara.hr\/proizvod\/pozutjeli-listovi-dragutin-dubravcic\/#breadcrumb"},"inLanguage":"en-US","potentialAction":[{"@type":"ReadAction","target":["https:\/\/webknjizara.hr\/proizvod\/pozutjeli-listovi-dragutin-dubravcic\/"]}]},{"@type":"ImageObject","inLanguage":"en-US","@id":"https:\/\/webknjizara.hr\/proizvod\/pozutjeli-listovi-dragutin-dubravcic\/#primaryimage","url":"https:\/\/webknjizara.hr\/wp-content\/uploads\/nc\/images\/virtuemart\/product\/po-utjeli-listo-536a8081d3633.jpg","contentUrl":"https:\/\/webknjizara.hr\/wp-content\/uploads\/nc\/images\/virtuemart\/product\/po-utjeli-listo-536a8081d3633.jpg","width":358,"height":500,"caption":"PO\u017dUTJELI LISTOVI, Dragutin Dubrav\u010di\u0107"},{"@type":"BreadcrumbList","@id":"https:\/\/webknjizara.hr\/proizvod\/pozutjeli-listovi-dragutin-dubravcic\/#breadcrumb","itemListElement":[{"@type":"ListItem","position":1,"name":"Po\u010detna stranica","item":"https:\/\/webknjizara.hr\/en\/"},{"@type":"ListItem","position":2,"name":"Shop","item":"https:\/\/webknjizara.hr\/shop\/"},{"@type":"ListItem","position":3,"name":"PO\u017dUTJELI LISTOVI, Dragutin Dubrav\u010di\u0107"}]},{"@type":"WebSite","@id":"https:\/\/webknjizara.hr\/#website","url":"https:\/\/webknjizara.hr\/","name":"Web Knji\u017eara","description":"","publisher":{"@id":"https:\/\/webknjizara.hr\/#organization"},"potentialAction":[{"@type":"SearchAction","target":{"@type":"EntryPoint","urlTemplate":"https:\/\/webknjizara.hr\/?s={search_term_string}"},"query-input":{"@type":"PropertyValueSpecification","valueRequired":true,"valueName":"search_term_string"}}],"inLanguage":"en-US"},{"@type":"Organization","@id":"https:\/\/webknjizara.hr\/#organization","name":"REDAK D.O.O.","url":"https:\/\/webknjizara.hr\/","logo":{"@type":"ImageObject","inLanguage":"en-US","@id":"https:\/\/webknjizara.hr\/#\/schema\/logo\/image\/","url":"https:\/\/webknjizara.hr\/wp-content\/uploads\/2023\/01\/web-knjizara-logo.webp","contentUrl":"https:\/\/webknjizara.hr\/wp-content\/uploads\/2023\/01\/web-knjizara-logo.webp","width":324,"height":79,"caption":"REDAK D.O.O."},"image":{"@id":"https:\/\/webknjizara.hr\/#\/schema\/logo\/image\/"}}]}},"_links":{"self":[{"href":"https:\/\/webknjizara.hr\/en\/wp-json\/wp\/v2\/product\/7803","targetHints":{"allow":["GET"]}}],"collection":[{"href":"https:\/\/webknjizara.hr\/en\/wp-json\/wp\/v2\/product"}],"about":[{"href":"https:\/\/webknjizara.hr\/en\/wp-json\/wp\/v2\/types\/product"}],"replies":[{"embeddable":true,"href":"https:\/\/webknjizara.hr\/en\/wp-json\/wp\/v2\/comments?post=7803"}],"wp:featuredmedia":[{"embeddable":true,"href":"https:\/\/webknjizara.hr\/en\/wp-json\/wp\/v2\/media\/7804"}],"wp:attachment":[{"href":"https:\/\/webknjizara.hr\/en\/wp-json\/wp\/v2\/media?parent=7803"}],"wp:term":[{"taxonomy":"product_brand","embeddable":true,"href":"https:\/\/webknjizara.hr\/en\/wp-json\/wp\/v2\/product_brand?post=7803"},{"taxonomy":"product_cat","embeddable":true,"href":"https:\/\/webknjizara.hr\/en\/wp-json\/wp\/v2\/product_cat?post=7803"},{"taxonomy":"product_tag","embeddable":true,"href":"https:\/\/webknjizara.hr\/en\/wp-json\/wp\/v2\/product_tag?post=7803"}],"curies":[{"name":"wp","href":"https:\/\/api.w.org\/{rel}","templated":true}]}}