{"id":7801,"date":"2014-05-02T19:12:36","date_gmt":"2014-05-02T19:12:36","guid":{"rendered":"https:\/\/webknjizara.hr\/?product=pelincice-slavica-vlahov"},"modified":"2023-02-27T00:16:07","modified_gmt":"2023-02-26T23:16:07","slug":"pelincice-slavica-vlahov","status":"publish","type":"product","link":"https:\/\/webknjizara.hr\/en\/proizvod\/pelincice-slavica-vlahov\/","title":{"rendered":"PELIN\u010cICE, Slavica Vlahov"},"content":{"rendered":"<p style=\"text-align: justify;\"><strong>Sa\u017eetak:<\/strong><\/p>\n<p>Zbirka Pelin\u010dice je izmijenjeno izdanje zbirke Pelin i katarin\u010dice, objavljenje 1996.g. Zbirka se sastoji od sedam novela, razli\u010dite tematike, i jednog dramoleta. Svakom od tih tekstova prethodi pjesma sli\u010dne tematike. Ispred pri\u010de Nevera, pjesma je Mojoj prvoj ljubavi. Svi tekstovi su autori\u010dini rani radovi iz vremena njene mladosti.<\/p>\n<p><strong>Bilje\u0161ka o autoru\/autorici:<\/strong> <\/p>\n<p>Autorica je podrijetlom oto\u010danka, ali \u017eivotom vezana uz \u0160ibenik. Studij hrvatskog jezika i knji\u017eevnosti je zavr\u0161ila u Zadru 1980.g. Tijekom \u017eivota je objavila sljede\u0107e naslove: Zrnca, kamen\u010di\u0107i, kale\u017e ( zbirka pjesama), Pelin i katarin\u010dice ( zbirka pri\u010da ), Zrcala ( putopis i kronika ), Zrnca i kamen\u010di\u0107i ( obnovljeno i dopunjeno izdanje prve knjige ), Rijana ( roman ), Osun\u010dane pjesme ( pjesme ), Mjese\u010dari, leta\u010di, sanjari ( zbirka sf pri\u010da ). Bila je urednica \u0160epurinskog zbornika, objavljenog 1999.g, a bavi se lekturom i ure\u0111enjem knjiga i za druge autore. Godine diplomirala po drugi put, ovaj put bibliotekarstvo. Zvanje mag. bibl. stekla 2009.g. tako\u0111er u Zadru.<\/p>\n<p style=\"text-align: justify;\"><strong>Klju\u010dne rije\u010di:<\/strong> Pelin\u010dice, pelin i katarin\u010dice, mojoj prvoj ljubavi, Nevera, Poku\u0161aj preuzimanja, dijete svijeta, Anica, mra\u010dna no\u0107, Poko\u0161eni cvjetovi, Oto\u010danka, Put na operu u Split<\/p>\n<p style=\"text-align: justify;\"><strong>Naslov:<\/strong> Pelin\u010dice<br \/><strong>Autor:<\/strong> Slavica Vlahov<br \/><strong>Broj stranica:<\/strong> 96<br \/><strong>Nakladnik:<\/strong> REDAK<br \/><strong>Godina izdanja:<\/strong> 2014.<br \/><strong>ISBN:<\/strong> 978-953-336-132-1<br \/><strong>Tisak:<\/strong> digitalni tisak knjiga &#8211; print na zahtjev<\/p>\n","protected":false},"excerpt":{"rendered":"<p>Sa\u017eetak: Zbirka Pelin\u010dice je izmijenjeno izdanje zbirke Pelin i katarin\u010dice, objavljenje 1996.g. Zbirka se sastoji od sedam novela, razli\u010dite tematike, i jednog dramoleta. Svakom od tih tekstova prethodi pjesma sli\u010dne tematike. Ispred pri\u010de Nevera, pjesma je Mojoj prvoj ljubavi. Svi tekstovi su autori\u010dini rani radovi iz vremena njene mladosti. Bilje\u0161ka o autoru\/autorici: Autorica je podrijetlom [&hellip;]<\/p>\n","protected":false},"featured_media":7802,"comment_status":"open","ping_status":"closed","template":"","meta":{"_acf_changed":false},"product_brand":[],"product_cat":[1383,1385],"product_tag":[],"class_list":{"0":"post-7801","1":"product","2":"type-product","3":"status-publish","4":"has-post-thumbnail","6":"product_cat-knjige","7":"product_cat-knjizevnost","8":"pa_autor-slavica-vlahov","9":"pa_nakladnik-redak","11":"first","12":"instock","13":"shipping-taxable","14":"purchasable","15":"product-type-simple"},"acf":[],"yoast_head":"<!-- This site is optimized with the Yoast SEO plugin v27.3 - https:\/\/yoast.com\/product\/yoast-seo-wordpress\/ -->\n<title>PELIN\u010cICE, Slavica Vlahov - Web-knji\u017eara<\/title>\n<meta name=\"robots\" content=\"index, follow, max-snippet:-1, max-image-preview:large, max-video-preview:-1\" \/>\n<link rel=\"canonical\" href=\"https:\/\/webknjizara.hr\/proizvod\/pelincice-slavica-vlahov\/\" \/>\n<meta property=\"og:locale\" content=\"en_US\" \/>\n<meta property=\"og:type\" content=\"article\" \/>\n<meta property=\"og:title\" content=\"PELIN\u010cICE, Slavica Vlahov - Web-knji\u017eara\" \/>\n<meta property=\"og:description\" content=\"Sa\u017eetak: Zbirka Pelin\u010dice je izmijenjeno izdanje zbirke Pelin i katarin\u010dice, objavljenje 1996.g. Zbirka se sastoji od sedam novela, razli\u010dite tematike, i jednog dramoleta. Svakom od tih tekstova prethodi pjesma sli\u010dne tematike. Ispred pri\u010de Nevera, pjesma je Mojoj prvoj ljubavi. Svi tekstovi su autori\u010dini rani radovi iz vremena njene mladosti. Bilje\u0161ka o autoru\/autorici: Autorica je podrijetlom [&hellip;]\" \/>\n<meta property=\"og:url\" content=\"https:\/\/webknjizara.hr\/proizvod\/pelincice-slavica-vlahov\/\" \/>\n<meta property=\"og:site_name\" content=\"Web-knji\u017eara\" \/>\n<meta property=\"article:modified_time\" content=\"2023-02-26T23:16:07+00:00\" \/>\n<meta property=\"og:image\" content=\"https:\/\/webknjizara.hr\/wp-content\/uploads\/nc\/images\/virtuemart\/product\/pelin-ice-slav-5363ee24ef2ff.jpg\" \/>\n\t<meta property=\"og:image:width\" content=\"358\" \/>\n\t<meta property=\"og:image:height\" content=\"500\" \/>\n\t<meta property=\"og:image:type\" content=\"image\/jpeg\" \/>\n<meta name=\"twitter:card\" content=\"summary_large_image\" \/>\n<meta name=\"twitter:label1\" content=\"Est. reading time\" \/>\n\t<meta name=\"twitter:data1\" content=\"1 minute\" \/>\n<script type=\"application\/ld+json\" class=\"yoast-schema-graph\">{\"@context\":\"https:\\\/\\\/schema.org\",\"@graph\":[{\"@type\":\"WebPage\",\"@id\":\"https:\\\/\\\/webknjizara.hr\\\/proizvod\\\/pelincice-slavica-vlahov\\\/\",\"url\":\"https:\\\/\\\/webknjizara.hr\\\/proizvod\\\/pelincice-slavica-vlahov\\\/\",\"name\":\"PELIN\u010cICE, Slavica Vlahov - Web-knji\u017eara\",\"isPartOf\":{\"@id\":\"https:\\\/\\\/webknjizara.hr\\\/#website\"},\"primaryImageOfPage\":{\"@id\":\"https:\\\/\\\/webknjizara.hr\\\/proizvod\\\/pelincice-slavica-vlahov\\\/#primaryimage\"},\"image\":{\"@id\":\"https:\\\/\\\/webknjizara.hr\\\/proizvod\\\/pelincice-slavica-vlahov\\\/#primaryimage\"},\"thumbnailUrl\":\"https:\\\/\\\/webknjizara.hr\\\/wp-content\\\/uploads\\\/nc\\\/images\\\/virtuemart\\\/product\\\/pelin-ice-slav-5363ee24ef2ff.jpg\",\"datePublished\":\"2014-05-02T19:12:36+00:00\",\"dateModified\":\"2023-02-26T23:16:07+00:00\",\"breadcrumb\":{\"@id\":\"https:\\\/\\\/webknjizara.hr\\\/proizvod\\\/pelincice-slavica-vlahov\\\/#breadcrumb\"},\"inLanguage\":\"en-US\",\"potentialAction\":[{\"@type\":\"ReadAction\",\"target\":[\"https:\\\/\\\/webknjizara.hr\\\/proizvod\\\/pelincice-slavica-vlahov\\\/\"]}]},{\"@type\":\"ImageObject\",\"inLanguage\":\"en-US\",\"@id\":\"https:\\\/\\\/webknjizara.hr\\\/proizvod\\\/pelincice-slavica-vlahov\\\/#primaryimage\",\"url\":\"https:\\\/\\\/webknjizara.hr\\\/wp-content\\\/uploads\\\/nc\\\/images\\\/virtuemart\\\/product\\\/pelin-ice-slav-5363ee24ef2ff.jpg\",\"contentUrl\":\"https:\\\/\\\/webknjizara.hr\\\/wp-content\\\/uploads\\\/nc\\\/images\\\/virtuemart\\\/product\\\/pelin-ice-slav-5363ee24ef2ff.jpg\",\"width\":358,\"height\":500,\"caption\":\"PELIN\u010cICE, Slavica Vlahov\"},{\"@type\":\"BreadcrumbList\",\"@id\":\"https:\\\/\\\/webknjizara.hr\\\/proizvod\\\/pelincice-slavica-vlahov\\\/#breadcrumb\",\"itemListElement\":[{\"@type\":\"ListItem\",\"position\":1,\"name\":\"Po\u010detna stranica\",\"item\":\"https:\\\/\\\/webknjizara.hr\\\/en\\\/\"},{\"@type\":\"ListItem\",\"position\":2,\"name\":\"Shop\",\"item\":\"https:\\\/\\\/webknjizara.hr\\\/shop\\\/\"},{\"@type\":\"ListItem\",\"position\":3,\"name\":\"PELIN\u010cICE, Slavica Vlahov\"}]},{\"@type\":\"WebSite\",\"@id\":\"https:\\\/\\\/webknjizara.hr\\\/#website\",\"url\":\"https:\\\/\\\/webknjizara.hr\\\/\",\"name\":\"Web Knji\u017eara\",\"description\":\"\",\"publisher\":{\"@id\":\"https:\\\/\\\/webknjizara.hr\\\/#organization\"},\"potentialAction\":[{\"@type\":\"SearchAction\",\"target\":{\"@type\":\"EntryPoint\",\"urlTemplate\":\"https:\\\/\\\/webknjizara.hr\\\/?s={search_term_string}\"},\"query-input\":{\"@type\":\"PropertyValueSpecification\",\"valueRequired\":true,\"valueName\":\"search_term_string\"}}],\"inLanguage\":\"en-US\"},{\"@type\":\"Organization\",\"@id\":\"https:\\\/\\\/webknjizara.hr\\\/#organization\",\"name\":\"REDAK D.O.O.\",\"url\":\"https:\\\/\\\/webknjizara.hr\\\/\",\"logo\":{\"@type\":\"ImageObject\",\"inLanguage\":\"en-US\",\"@id\":\"https:\\\/\\\/webknjizara.hr\\\/#\\\/schema\\\/logo\\\/image\\\/\",\"url\":\"https:\\\/\\\/webknjizara.hr\\\/wp-content\\\/uploads\\\/2023\\\/01\\\/web-knjizara-logo.webp\",\"contentUrl\":\"https:\\\/\\\/webknjizara.hr\\\/wp-content\\\/uploads\\\/2023\\\/01\\\/web-knjizara-logo.webp\",\"width\":324,\"height\":79,\"caption\":\"REDAK D.O.O.\"},\"image\":{\"@id\":\"https:\\\/\\\/webknjizara.hr\\\/#\\\/schema\\\/logo\\\/image\\\/\"}}]}<\/script>\n<!-- \/ Yoast SEO plugin. -->","yoast_head_json":{"title":"PELIN\u010cICE, Slavica Vlahov - Web-knji\u017eara","robots":{"index":"index","follow":"follow","max-snippet":"max-snippet:-1","max-image-preview":"max-image-preview:large","max-video-preview":"max-video-preview:-1"},"canonical":"https:\/\/webknjizara.hr\/proizvod\/pelincice-slavica-vlahov\/","og_locale":"en_US","og_type":"article","og_title":"PELIN\u010cICE, Slavica Vlahov - Web-knji\u017eara","og_description":"Sa\u017eetak: Zbirka Pelin\u010dice je izmijenjeno izdanje zbirke Pelin i katarin\u010dice, objavljenje 1996.g. Zbirka se sastoji od sedam novela, razli\u010dite tematike, i jednog dramoleta. Svakom od tih tekstova prethodi pjesma sli\u010dne tematike. Ispred pri\u010de Nevera, pjesma je Mojoj prvoj ljubavi. Svi tekstovi su autori\u010dini rani radovi iz vremena njene mladosti. Bilje\u0161ka o autoru\/autorici: Autorica je podrijetlom [&hellip;]","og_url":"https:\/\/webknjizara.hr\/proizvod\/pelincice-slavica-vlahov\/","og_site_name":"Web-knji\u017eara","article_modified_time":"2023-02-26T23:16:07+00:00","og_image":[{"width":358,"height":500,"url":"https:\/\/webknjizara.hr\/wp-content\/uploads\/nc\/images\/virtuemart\/product\/pelin-ice-slav-5363ee24ef2ff.jpg","type":"image\/jpeg"}],"twitter_card":"summary_large_image","twitter_misc":{"Est. reading time":"1 minute"},"schema":{"@context":"https:\/\/schema.org","@graph":[{"@type":"WebPage","@id":"https:\/\/webknjizara.hr\/proizvod\/pelincice-slavica-vlahov\/","url":"https:\/\/webknjizara.hr\/proizvod\/pelincice-slavica-vlahov\/","name":"PELIN\u010cICE, Slavica Vlahov - Web-knji\u017eara","isPartOf":{"@id":"https:\/\/webknjizara.hr\/#website"},"primaryImageOfPage":{"@id":"https:\/\/webknjizara.hr\/proizvod\/pelincice-slavica-vlahov\/#primaryimage"},"image":{"@id":"https:\/\/webknjizara.hr\/proizvod\/pelincice-slavica-vlahov\/#primaryimage"},"thumbnailUrl":"https:\/\/webknjizara.hr\/wp-content\/uploads\/nc\/images\/virtuemart\/product\/pelin-ice-slav-5363ee24ef2ff.jpg","datePublished":"2014-05-02T19:12:36+00:00","dateModified":"2023-02-26T23:16:07+00:00","breadcrumb":{"@id":"https:\/\/webknjizara.hr\/proizvod\/pelincice-slavica-vlahov\/#breadcrumb"},"inLanguage":"en-US","potentialAction":[{"@type":"ReadAction","target":["https:\/\/webknjizara.hr\/proizvod\/pelincice-slavica-vlahov\/"]}]},{"@type":"ImageObject","inLanguage":"en-US","@id":"https:\/\/webknjizara.hr\/proizvod\/pelincice-slavica-vlahov\/#primaryimage","url":"https:\/\/webknjizara.hr\/wp-content\/uploads\/nc\/images\/virtuemart\/product\/pelin-ice-slav-5363ee24ef2ff.jpg","contentUrl":"https:\/\/webknjizara.hr\/wp-content\/uploads\/nc\/images\/virtuemart\/product\/pelin-ice-slav-5363ee24ef2ff.jpg","width":358,"height":500,"caption":"PELIN\u010cICE, Slavica Vlahov"},{"@type":"BreadcrumbList","@id":"https:\/\/webknjizara.hr\/proizvod\/pelincice-slavica-vlahov\/#breadcrumb","itemListElement":[{"@type":"ListItem","position":1,"name":"Po\u010detna stranica","item":"https:\/\/webknjizara.hr\/en\/"},{"@type":"ListItem","position":2,"name":"Shop","item":"https:\/\/webknjizara.hr\/shop\/"},{"@type":"ListItem","position":3,"name":"PELIN\u010cICE, Slavica Vlahov"}]},{"@type":"WebSite","@id":"https:\/\/webknjizara.hr\/#website","url":"https:\/\/webknjizara.hr\/","name":"Web Knji\u017eara","description":"","publisher":{"@id":"https:\/\/webknjizara.hr\/#organization"},"potentialAction":[{"@type":"SearchAction","target":{"@type":"EntryPoint","urlTemplate":"https:\/\/webknjizara.hr\/?s={search_term_string}"},"query-input":{"@type":"PropertyValueSpecification","valueRequired":true,"valueName":"search_term_string"}}],"inLanguage":"en-US"},{"@type":"Organization","@id":"https:\/\/webknjizara.hr\/#organization","name":"REDAK D.O.O.","url":"https:\/\/webknjizara.hr\/","logo":{"@type":"ImageObject","inLanguage":"en-US","@id":"https:\/\/webknjizara.hr\/#\/schema\/logo\/image\/","url":"https:\/\/webknjizara.hr\/wp-content\/uploads\/2023\/01\/web-knjizara-logo.webp","contentUrl":"https:\/\/webknjizara.hr\/wp-content\/uploads\/2023\/01\/web-knjizara-logo.webp","width":324,"height":79,"caption":"REDAK D.O.O."},"image":{"@id":"https:\/\/webknjizara.hr\/#\/schema\/logo\/image\/"}}]}},"_links":{"self":[{"href":"https:\/\/webknjizara.hr\/en\/wp-json\/wp\/v2\/product\/7801","targetHints":{"allow":["GET"]}}],"collection":[{"href":"https:\/\/webknjizara.hr\/en\/wp-json\/wp\/v2\/product"}],"about":[{"href":"https:\/\/webknjizara.hr\/en\/wp-json\/wp\/v2\/types\/product"}],"replies":[{"embeddable":true,"href":"https:\/\/webknjizara.hr\/en\/wp-json\/wp\/v2\/comments?post=7801"}],"wp:featuredmedia":[{"embeddable":true,"href":"https:\/\/webknjizara.hr\/en\/wp-json\/wp\/v2\/media\/7802"}],"wp:attachment":[{"href":"https:\/\/webknjizara.hr\/en\/wp-json\/wp\/v2\/media?parent=7801"}],"wp:term":[{"taxonomy":"product_brand","embeddable":true,"href":"https:\/\/webknjizara.hr\/en\/wp-json\/wp\/v2\/product_brand?post=7801"},{"taxonomy":"product_cat","embeddable":true,"href":"https:\/\/webknjizara.hr\/en\/wp-json\/wp\/v2\/product_cat?post=7801"},{"taxonomy":"product_tag","embeddable":true,"href":"https:\/\/webknjizara.hr\/en\/wp-json\/wp\/v2\/product_tag?post=7801"}],"curies":[{"name":"wp","href":"https:\/\/api.w.org\/{rel}","templated":true}]}}