{"id":7799,"date":"2014-05-01T18:42:10","date_gmt":"2014-05-01T18:42:10","guid":{"rendered":"https:\/\/webknjizara.hr\/?product=biokemija-metabolickih-procesa-i-alkoholna-fermentacija-jmikac"},"modified":"2023-02-27T00:16:07","modified_gmt":"2023-02-26T23:16:07","slug":"biokemija-metabolickih-procesa-i-alkoholna-fermentacija-j-mikac","status":"publish","type":"product","link":"https:\/\/webknjizara.hr\/en\/proizvod\/biokemija-metabolickih-procesa-i-alkoholna-fermentacija-j-mikac\/","title":{"rendered":"BIOKEMIJA METABOLI\u010cKIH PROCESA I ALKOHOLNA FERMENTACIJA, J.Mikac"},"content":{"rendered":"<p style=\"text-align: justify;\"><strong>Sa\u017eetak:<\/strong><\/p>\n<p>Knjiga \u201eBiokemija metaboli\u010dkih procesa i alkoholna fermentacija\u201c dio je zbirke tekstova \u201eOd bobice do kapljice\u201c u kojoj se procesi priprave vina iz gro\u017e\u0111a razmatraju na na\u010din koji omogu\u0107ava produbljivanje tradicionalnog, iskustvenog pristupa vinu. <br \/>Vinu se mo\u017ee pri\u0107i kao pi\u0107u koje nastaje kroz prehrambeno-tehnolo\u0161ke procese koje vodi i poznaje \u010dovjek, ali i iz rakursa \u017eivota mikroskopskog jednostani\u010dnog organizma kvasca. Slo\u017eeniji pristup implicira razmatranje metabolizma kao priskrbnog izvora energije i materije &#8211; hrane, potrebnih za odr\u017eivost \u017eivota. Metabolizam osigurava potrebnu energiju koja je nu\u017eni preduvjet termodinami\u010dke i entropijske opstojnosti \u017eivota (termodinamika i bioenergetika). \u017divot, osim toga, uklju\u010duje i sposobnost samo replikacije koja se oslanja na posebnost i kompleksnu informativnost gradbene strukture. Svi procesi u \u017eivim organizmima uvjetovani su dostupno\u0161\u0107u energije pa se logi\u010dno name\u0107e osvrt na bioenergetiku koja se bavi: izvorima energije, pretvaranjem energije iz jedne forme u drugu, preno\u0161enjem energije, ubrzanjem biolo\u0161kih procesa i kontrolom istih. Za te su transfere bitni: prenositelji energije (ATP), enzimi, energija tijeka elektrona i protona te oksidacijska fosforilacija. <\/p>\n<p>Posebnost \u017eivota karakterizira spregnutost i me\u0111usobna uvjetovanost dva protustrujna metaboli\u010dka niza, kataboli\u010dkog niza razgradnje energetski bogatih spojeva (egzergoni procesi) i energetski zahtjevnog anaboli\u010dkog niza nastajanja novog stani\u010dnog ustroja (endergoni procesi). <\/p>\n<p>Centralni dio knjige se bavi kataboli\u010dkim procesom razgradnje \u0161e\u0107era, od strane kvasca S. cerevisiae, koja dovodi do nastajanja alkohola, odnosno vina. Slo\u017eeni mehanizmi razgradnje \u0161e\u0107era, dominantne hranjive forme, ali ne i jedine sadr\u017eane u gro\u017e\u0111anom soku, provode kvasci (kompleksne gradbene strukture &#8211; diversificiranih funkcionalnosti pojedinih pod-jedinica) kroz proces takozvane alkoholne fermentacije. To rezultira transformacijom niza prisutnih kemijskih spojeva u vino, novu slo\u017eenu smjesu komponenti koja sadr\u017ei: etanol, organske kiseline, glicerol, vi\u0161e alkohole, estere, tanine, anticijanine i vodu. Fermentaciju karakteriziraju procesi koji, prvenstveno kroz glukoznu represiju, onemogu\u0107uju potpunu oksidaciju glukoze u vodu i uglji\u010dni dioksid. Istovremeno se odvijaju i procesi koji osiguravaju odr\u017eivost \u017eivota kvasaca: stani\u010dna respiracija, sinteza gradbenih elemenata: aminokiselina, proteina, enzima, masnih kiselina i lipida (metabolizam du\u0161ikovih spojeva). Svi mehanizmi i metaboli\u010dki putovi, zbog slo\u017eenosti interakcija, podlije\u017eu: regulaciji (selektivnosti enzima, redoks ravnote\u017ei, eliminaciji reaktivnih supstanci, uravnote\u017eenju koncentracije kofaktora) i uvjetovanoj internoj i eksternoj aktivaciji (geni, utjecaji okoli\u0161a). Slojevitost biokemijskih izri\u010daja evidentna je kroz pra\u0107enje doga\u0111anja na nivou biokemijskih procesa, nivou kontrole tih procesa, preko aktivnosti proteina i enzima, te na nivou nadzora, aktiviranja i inhibicije koju provode geni. No, ra\u0161\u010dlanjivanje na pojedine procese, mehanizme i metaboli\u010dke putove nije odraz stvarnosti i \u017eivotvornosti stani\u010dne strukture pa se name\u0107e potreba za sagledavanjem metaboli\u010dke integracije i regulacije metaboli\u010dke matrice ili barem nekih elemenata koji imaju vi\u0161ezna\u010dnu funkcionalnost. Stoga se dio teksta bavi analizom genske aktivacije i ekspresije i ulogom tihog informacijskog prenositelja sirtuina, posebno interesantnog zbog djelovanja na replikacijski \u017eivotni vijek kvasaca, ali i na za\u0161titnu antioksidacijsku funkciju. <\/p>\n<p>Tra\u017eenje istine o (u) vinu, koje je nedvojbeno u\u017eitni produkt \u017eivih stvorenja, jedno je od pitanja koje logi\u010dno dovodi (preko potrebe za definiranjem pojma metabolizam) i do promi\u0161ljanja o tome \u0161to \u017eivot zapravo jest. Stoga knjiga zavr\u0161ava kontemplacijom o postavkama kompleksnosti i slojevitosti fenomena pojavnosti \u017eivota. Te\u017enja za potpunijim odgovorom nas nu\u017eno vodi van biokemijske vizure. Jednim putem nas dovodi do trenutno obe\u0107avaju\u0107e teorije kvantne kemije, a name\u0107e nam se i slutnja da bez primjene ne\u010deg \u0161to izvire iz matemati\u010dkih apstrakcija (teorija kompleksnosti) nema pravog pomaka prema istini o prirodoslovnom aspektu poimanja \u017eivota.<\/p>\n<p style=\"text-align: justify;\"><strong>Bilje\u0161ka o autoru\/autorici:<\/strong> <\/p>\n<p><strong>Josip Mikac<\/strong> <\/p>\n<p>Ro\u0111en 1950. u mjestu uz Dravu, 10 km uzvodno od Vara\u017edina. Odrastao u Zagrebu, gradu na Savi, u kojem je zavr\u0161io osnovnu \u0161kolu, Matemati\u010dku gimnaziju i Prirodoslovno-matemati\u010dki fakultet &#8211; Kemijski odsjek.<\/p>\n<p>Ve\u0107i dio radnog vijeka, 35 godina, proveo u Tvornici boja, na poslovima od in\u017eenjera razvoja proizvoda do direktora tvorni\u010dkog instituta za razvoj. <\/p>\n<p>Dodatna specijalisti\u010dka usavr\u0161avanja: Akademija KoV-a, Zagreb (kemija i fizika nitro-organskih spojeva); University of Leeds, Department of Colour and Polymer Chemistry, Leeds, England (kemija boja, kemija polimera, reologija, kolorimetrija i antikorozija); Pu\u010dko otvoreno u\u010dili\u0161te, Zagreb (vinogradarstvo i vinarstvo).<\/p>\n<p>Trenutna usmjerenost i interesi: otac dviju k\u0107eri, djed \u010detvero unu\u010dadi; priprava vina za osobne potrebe (mali vinograd u Podravini, 110 km nizvodno od Vara\u017edina); pretra\u017eivanje, prou\u010davanje i bilje\u017eenje znanstvenih i popularnih spoznaja o tome \u0161to vino jest i kako ono nastaje.<\/p>\n<p><strong>Klju\u010dne rije\u010di:<\/strong> Alkoholna fermentacija, biokemija metabolizma kvasaca, vinarstvo, kvasci soja <em>Saccaharomyces cerevisiae<\/em> i vino<\/p>\n<p><strong>E-mail:<\/strong>\u00a0<a href=\"mailto:jmikac.ars@gmail.com\"><span style=\"text-decoration: underline;\">Josip Mikac<\/span><\/a><\/p>\n<p style=\"text-align: justify;\"><strong>Naslov:<\/strong> Biokemija metaboli\u010dkih procesa i alkoholna fermentacija<br \/><strong>Autor:<\/strong> Josip Mikac<br \/><strong>Broj stranica:<\/strong> 210<br \/><strong>Nakladnik:<\/strong> REDAK<br \/><strong>Godina izdanja:<\/strong> 2014.<br \/><strong>ISBN:<\/strong> 978-953-336-131-4<br \/><strong>Tisak:<\/strong> digitalni tisak knjiga &#8211; print na zahtjev<\/p>\n","protected":false},"excerpt":{"rendered":"<p>Sa\u017eetak: Knjiga \u201eBiokemija metaboli\u010dkih procesa i alkoholna fermentacija\u201c dio je zbirke tekstova \u201eOd bobice do kapljice\u201c u kojoj se procesi priprave vina iz gro\u017e\u0111a razmatraju na na\u010din koji omogu\u0107ava produbljivanje tradicionalnog, iskustvenog pristupa vinu. Vinu se mo\u017ee pri\u0107i kao pi\u0107u koje nastaje kroz prehrambeno-tehnolo\u0161ke procese koje vodi i poznaje \u010dovjek, ali i iz rakursa \u017eivota [&hellip;]<\/p>\n","protected":false},"featured_media":7800,"comment_status":"open","ping_status":"closed","template":"","meta":{"_acf_changed":false},"product_brand":[],"product_cat":[1489],"product_tag":[],"class_list":{"0":"post-7799","1":"product","2":"type-product","3":"status-publish","4":"has-post-thumbnail","6":"product_cat-publicistika","7":"pa_autor-josip-mikac","8":"pa_nakladnik-redak","10":"first","11":"instock","12":"shipping-taxable","13":"purchasable","14":"product-type-simple"},"acf":[],"yoast_head":"<!-- This site is optimized with the Yoast SEO plugin v27.3 - https:\/\/yoast.com\/product\/yoast-seo-wordpress\/ -->\n<title>BIOKEMIJA METABOLI\u010cKIH PROCESA I ALKOHOLNA FERMENTACIJA, J.Mikac - Web-knji\u017eara<\/title>\n<meta name=\"robots\" content=\"index, follow, max-snippet:-1, max-image-preview:large, max-video-preview:-1\" \/>\n<link rel=\"canonical\" href=\"https:\/\/webknjizara.hr\/proizvod\/biokemija-metabolickih-procesa-i-alkoholna-fermentacija-j-mikac\/\" \/>\n<meta property=\"og:locale\" content=\"en_US\" \/>\n<meta property=\"og:type\" content=\"article\" \/>\n<meta property=\"og:title\" content=\"BIOKEMIJA METABOLI\u010cKIH PROCESA I ALKOHOLNA FERMENTACIJA, J.Mikac - Web-knji\u017eara\" \/>\n<meta property=\"og:description\" content=\"Sa\u017eetak: Knjiga \u201eBiokemija metaboli\u010dkih procesa i alkoholna fermentacija\u201c dio je zbirke tekstova \u201eOd bobice do kapljice\u201c u kojoj se procesi priprave vina iz gro\u017e\u0111a razmatraju na na\u010din koji omogu\u0107ava produbljivanje tradicionalnog, iskustvenog pristupa vinu. Vinu se mo\u017ee pri\u0107i kao pi\u0107u koje nastaje kroz prehrambeno-tehnolo\u0161ke procese koje vodi i poznaje \u010dovjek, ali i iz rakursa \u017eivota [&hellip;]\" \/>\n<meta property=\"og:url\" content=\"https:\/\/webknjizara.hr\/proizvod\/biokemija-metabolickih-procesa-i-alkoholna-fermentacija-j-mikac\/\" \/>\n<meta property=\"og:site_name\" content=\"Web-knji\u017eara\" \/>\n<meta property=\"article:modified_time\" content=\"2023-02-26T23:16:07+00:00\" \/>\n<meta property=\"og:image\" content=\"https:\/\/webknjizara.hr\/wp-content\/uploads\/nc\/images\/virtuemart\/product\/biokemija-metabo-5362958209a42.jpg\" \/>\n\t<meta property=\"og:image:width\" content=\"358\" \/>\n\t<meta property=\"og:image:height\" content=\"500\" \/>\n\t<meta property=\"og:image:type\" content=\"image\/jpeg\" \/>\n<meta name=\"twitter:card\" content=\"summary_large_image\" \/>\n<meta name=\"twitter:label1\" content=\"Est. reading time\" \/>\n\t<meta name=\"twitter:data1\" content=\"4 minutes\" \/>\n<script type=\"application\/ld+json\" class=\"yoast-schema-graph\">{\"@context\":\"https:\\\/\\\/schema.org\",\"@graph\":[{\"@type\":\"WebPage\",\"@id\":\"https:\\\/\\\/webknjizara.hr\\\/proizvod\\\/biokemija-metabolickih-procesa-i-alkoholna-fermentacija-j-mikac\\\/\",\"url\":\"https:\\\/\\\/webknjizara.hr\\\/proizvod\\\/biokemija-metabolickih-procesa-i-alkoholna-fermentacija-j-mikac\\\/\",\"name\":\"BIOKEMIJA METABOLI\u010cKIH PROCESA I ALKOHOLNA FERMENTACIJA, J.Mikac - Web-knji\u017eara\",\"isPartOf\":{\"@id\":\"https:\\\/\\\/webknjizara.hr\\\/#website\"},\"primaryImageOfPage\":{\"@id\":\"https:\\\/\\\/webknjizara.hr\\\/proizvod\\\/biokemija-metabolickih-procesa-i-alkoholna-fermentacija-j-mikac\\\/#primaryimage\"},\"image\":{\"@id\":\"https:\\\/\\\/webknjizara.hr\\\/proizvod\\\/biokemija-metabolickih-procesa-i-alkoholna-fermentacija-j-mikac\\\/#primaryimage\"},\"thumbnailUrl\":\"https:\\\/\\\/webknjizara.hr\\\/wp-content\\\/uploads\\\/nc\\\/images\\\/virtuemart\\\/product\\\/biokemija-metabo-5362958209a42.jpg\",\"datePublished\":\"2014-05-01T18:42:10+00:00\",\"dateModified\":\"2023-02-26T23:16:07+00:00\",\"breadcrumb\":{\"@id\":\"https:\\\/\\\/webknjizara.hr\\\/proizvod\\\/biokemija-metabolickih-procesa-i-alkoholna-fermentacija-j-mikac\\\/#breadcrumb\"},\"inLanguage\":\"en-US\",\"potentialAction\":[{\"@type\":\"ReadAction\",\"target\":[\"https:\\\/\\\/webknjizara.hr\\\/proizvod\\\/biokemija-metabolickih-procesa-i-alkoholna-fermentacija-j-mikac\\\/\"]}]},{\"@type\":\"ImageObject\",\"inLanguage\":\"en-US\",\"@id\":\"https:\\\/\\\/webknjizara.hr\\\/proizvod\\\/biokemija-metabolickih-procesa-i-alkoholna-fermentacija-j-mikac\\\/#primaryimage\",\"url\":\"https:\\\/\\\/webknjizara.hr\\\/wp-content\\\/uploads\\\/nc\\\/images\\\/virtuemart\\\/product\\\/biokemija-metabo-5362958209a42.jpg\",\"contentUrl\":\"https:\\\/\\\/webknjizara.hr\\\/wp-content\\\/uploads\\\/nc\\\/images\\\/virtuemart\\\/product\\\/biokemija-metabo-5362958209a42.jpg\",\"width\":358,\"height\":500,\"caption\":\"BIOKEMIJA METABOLI\u010cKIH PROCESA I ALKOHOLNA FERMENTACIJA, J.Mikac\"},{\"@type\":\"BreadcrumbList\",\"@id\":\"https:\\\/\\\/webknjizara.hr\\\/proizvod\\\/biokemija-metabolickih-procesa-i-alkoholna-fermentacija-j-mikac\\\/#breadcrumb\",\"itemListElement\":[{\"@type\":\"ListItem\",\"position\":1,\"name\":\"Po\u010detna stranica\",\"item\":\"https:\\\/\\\/webknjizara.hr\\\/en\\\/\"},{\"@type\":\"ListItem\",\"position\":2,\"name\":\"Shop\",\"item\":\"https:\\\/\\\/webknjizara.hr\\\/shop\\\/\"},{\"@type\":\"ListItem\",\"position\":3,\"name\":\"BIOKEMIJA METABOLI\u010cKIH PROCESA I ALKOHOLNA FERMENTACIJA, J.Mikac\"}]},{\"@type\":\"WebSite\",\"@id\":\"https:\\\/\\\/webknjizara.hr\\\/#website\",\"url\":\"https:\\\/\\\/webknjizara.hr\\\/\",\"name\":\"Web Knji\u017eara\",\"description\":\"\",\"publisher\":{\"@id\":\"https:\\\/\\\/webknjizara.hr\\\/#organization\"},\"potentialAction\":[{\"@type\":\"SearchAction\",\"target\":{\"@type\":\"EntryPoint\",\"urlTemplate\":\"https:\\\/\\\/webknjizara.hr\\\/?s={search_term_string}\"},\"query-input\":{\"@type\":\"PropertyValueSpecification\",\"valueRequired\":true,\"valueName\":\"search_term_string\"}}],\"inLanguage\":\"en-US\"},{\"@type\":\"Organization\",\"@id\":\"https:\\\/\\\/webknjizara.hr\\\/#organization\",\"name\":\"REDAK D.O.O.\",\"url\":\"https:\\\/\\\/webknjizara.hr\\\/\",\"logo\":{\"@type\":\"ImageObject\",\"inLanguage\":\"en-US\",\"@id\":\"https:\\\/\\\/webknjizara.hr\\\/#\\\/schema\\\/logo\\\/image\\\/\",\"url\":\"https:\\\/\\\/webknjizara.hr\\\/wp-content\\\/uploads\\\/2023\\\/01\\\/web-knjizara-logo.webp\",\"contentUrl\":\"https:\\\/\\\/webknjizara.hr\\\/wp-content\\\/uploads\\\/2023\\\/01\\\/web-knjizara-logo.webp\",\"width\":324,\"height\":79,\"caption\":\"REDAK D.O.O.\"},\"image\":{\"@id\":\"https:\\\/\\\/webknjizara.hr\\\/#\\\/schema\\\/logo\\\/image\\\/\"}}]}<\/script>\n<!-- \/ Yoast SEO plugin. -->","yoast_head_json":{"title":"BIOKEMIJA METABOLI\u010cKIH PROCESA I ALKOHOLNA FERMENTACIJA, J.Mikac - Web-knji\u017eara","robots":{"index":"index","follow":"follow","max-snippet":"max-snippet:-1","max-image-preview":"max-image-preview:large","max-video-preview":"max-video-preview:-1"},"canonical":"https:\/\/webknjizara.hr\/proizvod\/biokemija-metabolickih-procesa-i-alkoholna-fermentacija-j-mikac\/","og_locale":"en_US","og_type":"article","og_title":"BIOKEMIJA METABOLI\u010cKIH PROCESA I ALKOHOLNA FERMENTACIJA, J.Mikac - Web-knji\u017eara","og_description":"Sa\u017eetak: Knjiga \u201eBiokemija metaboli\u010dkih procesa i alkoholna fermentacija\u201c dio je zbirke tekstova \u201eOd bobice do kapljice\u201c u kojoj se procesi priprave vina iz gro\u017e\u0111a razmatraju na na\u010din koji omogu\u0107ava produbljivanje tradicionalnog, iskustvenog pristupa vinu. Vinu se mo\u017ee pri\u0107i kao pi\u0107u koje nastaje kroz prehrambeno-tehnolo\u0161ke procese koje vodi i poznaje \u010dovjek, ali i iz rakursa \u017eivota [&hellip;]","og_url":"https:\/\/webknjizara.hr\/proizvod\/biokemija-metabolickih-procesa-i-alkoholna-fermentacija-j-mikac\/","og_site_name":"Web-knji\u017eara","article_modified_time":"2023-02-26T23:16:07+00:00","og_image":[{"width":358,"height":500,"url":"https:\/\/webknjizara.hr\/wp-content\/uploads\/nc\/images\/virtuemart\/product\/biokemija-metabo-5362958209a42.jpg","type":"image\/jpeg"}],"twitter_card":"summary_large_image","twitter_misc":{"Est. reading time":"4 minutes"},"schema":{"@context":"https:\/\/schema.org","@graph":[{"@type":"WebPage","@id":"https:\/\/webknjizara.hr\/proizvod\/biokemija-metabolickih-procesa-i-alkoholna-fermentacija-j-mikac\/","url":"https:\/\/webknjizara.hr\/proizvod\/biokemija-metabolickih-procesa-i-alkoholna-fermentacija-j-mikac\/","name":"BIOKEMIJA METABOLI\u010cKIH PROCESA I ALKOHOLNA FERMENTACIJA, J.Mikac - Web-knji\u017eara","isPartOf":{"@id":"https:\/\/webknjizara.hr\/#website"},"primaryImageOfPage":{"@id":"https:\/\/webknjizara.hr\/proizvod\/biokemija-metabolickih-procesa-i-alkoholna-fermentacija-j-mikac\/#primaryimage"},"image":{"@id":"https:\/\/webknjizara.hr\/proizvod\/biokemija-metabolickih-procesa-i-alkoholna-fermentacija-j-mikac\/#primaryimage"},"thumbnailUrl":"https:\/\/webknjizara.hr\/wp-content\/uploads\/nc\/images\/virtuemart\/product\/biokemija-metabo-5362958209a42.jpg","datePublished":"2014-05-01T18:42:10+00:00","dateModified":"2023-02-26T23:16:07+00:00","breadcrumb":{"@id":"https:\/\/webknjizara.hr\/proizvod\/biokemija-metabolickih-procesa-i-alkoholna-fermentacija-j-mikac\/#breadcrumb"},"inLanguage":"en-US","potentialAction":[{"@type":"ReadAction","target":["https:\/\/webknjizara.hr\/proizvod\/biokemija-metabolickih-procesa-i-alkoholna-fermentacija-j-mikac\/"]}]},{"@type":"ImageObject","inLanguage":"en-US","@id":"https:\/\/webknjizara.hr\/proizvod\/biokemija-metabolickih-procesa-i-alkoholna-fermentacija-j-mikac\/#primaryimage","url":"https:\/\/webknjizara.hr\/wp-content\/uploads\/nc\/images\/virtuemart\/product\/biokemija-metabo-5362958209a42.jpg","contentUrl":"https:\/\/webknjizara.hr\/wp-content\/uploads\/nc\/images\/virtuemart\/product\/biokemija-metabo-5362958209a42.jpg","width":358,"height":500,"caption":"BIOKEMIJA METABOLI\u010cKIH PROCESA I ALKOHOLNA FERMENTACIJA, J.Mikac"},{"@type":"BreadcrumbList","@id":"https:\/\/webknjizara.hr\/proizvod\/biokemija-metabolickih-procesa-i-alkoholna-fermentacija-j-mikac\/#breadcrumb","itemListElement":[{"@type":"ListItem","position":1,"name":"Po\u010detna stranica","item":"https:\/\/webknjizara.hr\/en\/"},{"@type":"ListItem","position":2,"name":"Shop","item":"https:\/\/webknjizara.hr\/shop\/"},{"@type":"ListItem","position":3,"name":"BIOKEMIJA METABOLI\u010cKIH PROCESA I ALKOHOLNA FERMENTACIJA, J.Mikac"}]},{"@type":"WebSite","@id":"https:\/\/webknjizara.hr\/#website","url":"https:\/\/webknjizara.hr\/","name":"Web Knji\u017eara","description":"","publisher":{"@id":"https:\/\/webknjizara.hr\/#organization"},"potentialAction":[{"@type":"SearchAction","target":{"@type":"EntryPoint","urlTemplate":"https:\/\/webknjizara.hr\/?s={search_term_string}"},"query-input":{"@type":"PropertyValueSpecification","valueRequired":true,"valueName":"search_term_string"}}],"inLanguage":"en-US"},{"@type":"Organization","@id":"https:\/\/webknjizara.hr\/#organization","name":"REDAK D.O.O.","url":"https:\/\/webknjizara.hr\/","logo":{"@type":"ImageObject","inLanguage":"en-US","@id":"https:\/\/webknjizara.hr\/#\/schema\/logo\/image\/","url":"https:\/\/webknjizara.hr\/wp-content\/uploads\/2023\/01\/web-knjizara-logo.webp","contentUrl":"https:\/\/webknjizara.hr\/wp-content\/uploads\/2023\/01\/web-knjizara-logo.webp","width":324,"height":79,"caption":"REDAK D.O.O."},"image":{"@id":"https:\/\/webknjizara.hr\/#\/schema\/logo\/image\/"}}]}},"_links":{"self":[{"href":"https:\/\/webknjizara.hr\/en\/wp-json\/wp\/v2\/product\/7799","targetHints":{"allow":["GET"]}}],"collection":[{"href":"https:\/\/webknjizara.hr\/en\/wp-json\/wp\/v2\/product"}],"about":[{"href":"https:\/\/webknjizara.hr\/en\/wp-json\/wp\/v2\/types\/product"}],"replies":[{"embeddable":true,"href":"https:\/\/webknjizara.hr\/en\/wp-json\/wp\/v2\/comments?post=7799"}],"wp:featuredmedia":[{"embeddable":true,"href":"https:\/\/webknjizara.hr\/en\/wp-json\/wp\/v2\/media\/7800"}],"wp:attachment":[{"href":"https:\/\/webknjizara.hr\/en\/wp-json\/wp\/v2\/media?parent=7799"}],"wp:term":[{"taxonomy":"product_brand","embeddable":true,"href":"https:\/\/webknjizara.hr\/en\/wp-json\/wp\/v2\/product_brand?post=7799"},{"taxonomy":"product_cat","embeddable":true,"href":"https:\/\/webknjizara.hr\/en\/wp-json\/wp\/v2\/product_cat?post=7799"},{"taxonomy":"product_tag","embeddable":true,"href":"https:\/\/webknjizara.hr\/en\/wp-json\/wp\/v2\/product_tag?post=7799"}],"curies":[{"name":"wp","href":"https:\/\/api.w.org\/{rel}","templated":true}]}}