{"id":7797,"date":"2014-04-30T17:17:58","date_gmt":"2014-04-30T17:17:58","guid":{"rendered":"https:\/\/webknjizara.hr\/?product=odmetnici-mate-franic"},"modified":"2023-02-27T00:16:07","modified_gmt":"2023-02-26T23:16:07","slug":"odmetnici-mate-franic","status":"publish","type":"product","link":"https:\/\/webknjizara.hr\/en\/proizvod\/odmetnici-mate-franic\/","title":{"rendered":"ODMETNICI, Mate Frani\u0107"},"content":{"rendered":"<p style=\"text-align: justify;\"><strong>Sa\u017eetak:<\/strong><\/p>\n<p>\u201eOdmetnici\u201c su roman koji u 19 pri\u010da prati desetak godina \u017eivota dru\u0161tva iz jednog zagreba\u010dkog predgra\u0111a. Idejnu poveznicu \u010dine motori, iako oni nisu u prvom planu. U tom paralelnom svijetu ulice, gdje vrijede pone\u0161to druga\u010diji zakoni od op\u0107e prihva\u0107enih, glavni junak (naj\u010de\u0161\u0107e i pripovjeda\u010d) uzdi\u017ee se od sitnog igra\u010da koji \u0107e se prihvatiti bilo \u010dega \u0161to ima izgleda da donese novac, do de\u010dka koji je \u201eu\u0161ao u veliku lovu\u201c. A uspio je, po mjerilima te iste ulice, zato jer je principijelan prihvatimo li surovost kao princip, i gleda svoga posla ne postavljaju\u0107i nikada previ\u0161e pitanja. Ni sebi, ni drugima. <\/p>\n<p><strong>Bilje\u0161ka o autoru\/autorici:<\/strong> <\/p>\n<p>Mate Frani\u0107 ro\u0111en je u Osijeku 1955. godine. Najranije djetinjstvo provodi u Argentini nakon \u010dega seli u Zagreb gdje do danas \u017eivi. Diplomirao je 1982. energetiku na Fakultetu elektrotehnike i ra\u010dunarstva, ali je u struci kratko radio. Danas je umirovljenik, otac dvoje odrasle djece i \u0161estomjese\u010dnog dje\u010daka. Uz pisanje bavi se fotografijom i slikanjem te povremeno vozi motor.<\/p>\n<p><strong>Klju\u010dne rije\u010di:<\/strong> motor, piva, trava, pi\u0161tolj, toljaga, novac, dug, kamata, murija, vatra <\/p>\n<p><strong>E-mail:<\/strong> <a href=\"mailto:Matefranic@gmail.com\" target=\"_blank\" rel=\"noopener\">Mate Frani\u0107<\/a>\u00a0<\/p>\n<p style=\"text-align: justify;\"><strong>Naslov:<\/strong> Odmetnici<br \/><strong>Autor:<\/strong> Mate Frani\u0107<br \/><strong>Broj stranica:<\/strong> 222<br \/><strong>Nakladnik:<\/strong> REDAK<br \/><strong>Godina izdanja:<\/strong> 2014.<br \/><strong>ISBN:<\/strong> 978-953-336-130-7<br \/><strong>Tisak:<\/strong> digitalni tisak knjiga &#8211; print na zahtjev<\/p>\n","protected":false},"excerpt":{"rendered":"<p>Sa\u017eetak: \u201eOdmetnici\u201c su roman koji u 19 pri\u010da prati desetak godina \u017eivota dru\u0161tva iz jednog zagreba\u010dkog predgra\u0111a. Idejnu poveznicu \u010dine motori, iako oni nisu u prvom planu. U tom paralelnom svijetu ulice, gdje vrijede pone\u0161to druga\u010diji zakoni od op\u0107e prihva\u0107enih, glavni junak (naj\u010de\u0161\u0107e i pripovjeda\u010d) uzdi\u017ee se od sitnog igra\u010da koji \u0107e se prihvatiti bilo [&hellip;]<\/p>\n","protected":false},"featured_media":7798,"comment_status":"open","ping_status":"closed","template":"","meta":{"_acf_changed":false},"product_brand":[],"product_cat":[1383,1385],"product_tag":[],"class_list":{"0":"post-7797","1":"product","2":"type-product","3":"status-publish","4":"has-post-thumbnail","6":"product_cat-knjige","7":"product_cat-knjizevnost","8":"pa_autor-mate-franic","9":"pa_nakladnik-redak","11":"first","12":"instock","13":"shipping-taxable","14":"purchasable","15":"product-type-simple"},"acf":[],"yoast_head":"<!-- This site is optimized with the Yoast SEO plugin v27.3 - https:\/\/yoast.com\/product\/yoast-seo-wordpress\/ -->\n<title>ODMETNICI, Mate Frani\u0107 - Web-knji\u017eara<\/title>\n<meta name=\"robots\" content=\"index, follow, max-snippet:-1, max-image-preview:large, max-video-preview:-1\" \/>\n<link rel=\"canonical\" href=\"https:\/\/webknjizara.hr\/proizvod\/odmetnici-mate-franic\/\" \/>\n<meta property=\"og:locale\" content=\"en_US\" \/>\n<meta property=\"og:type\" content=\"article\" \/>\n<meta property=\"og:title\" content=\"ODMETNICI, Mate Frani\u0107 - Web-knji\u017eara\" \/>\n<meta property=\"og:description\" content=\"Sa\u017eetak: \u201eOdmetnici\u201c su roman koji u 19 pri\u010da prati desetak godina \u017eivota dru\u0161tva iz jednog zagreba\u010dkog predgra\u0111a. Idejnu poveznicu \u010dine motori, iako oni nisu u prvom planu. U tom paralelnom svijetu ulice, gdje vrijede pone\u0161to druga\u010diji zakoni od op\u0107e prihva\u0107enih, glavni junak (naj\u010de\u0161\u0107e i pripovjeda\u010d) uzdi\u017ee se od sitnog igra\u010da koji \u0107e se prihvatiti bilo [&hellip;]\" \/>\n<meta property=\"og:url\" content=\"https:\/\/webknjizara.hr\/proizvod\/odmetnici-mate-franic\/\" \/>\n<meta property=\"og:site_name\" content=\"Web-knji\u017eara\" \/>\n<meta property=\"article:modified_time\" content=\"2023-02-26T23:16:07+00:00\" \/>\n<meta property=\"og:image\" content=\"https:\/\/webknjizara.hr\/wp-content\/uploads\/nc\/images\/virtuemart\/product\/odmetnici-mate-5361304651b7e.jpg\" \/>\n\t<meta property=\"og:image:width\" content=\"321\" \/>\n\t<meta property=\"og:image:height\" content=\"500\" \/>\n\t<meta property=\"og:image:type\" content=\"image\/jpeg\" \/>\n<meta name=\"twitter:card\" content=\"summary_large_image\" \/>\n<meta name=\"twitter:label1\" content=\"Est. reading time\" \/>\n\t<meta name=\"twitter:data1\" content=\"1 minute\" \/>\n<script type=\"application\/ld+json\" class=\"yoast-schema-graph\">{\"@context\":\"https:\\\/\\\/schema.org\",\"@graph\":[{\"@type\":\"WebPage\",\"@id\":\"https:\\\/\\\/webknjizara.hr\\\/proizvod\\\/odmetnici-mate-franic\\\/\",\"url\":\"https:\\\/\\\/webknjizara.hr\\\/proizvod\\\/odmetnici-mate-franic\\\/\",\"name\":\"ODMETNICI, Mate Frani\u0107 - Web-knji\u017eara\",\"isPartOf\":{\"@id\":\"https:\\\/\\\/webknjizara.hr\\\/#website\"},\"primaryImageOfPage\":{\"@id\":\"https:\\\/\\\/webknjizara.hr\\\/proizvod\\\/odmetnici-mate-franic\\\/#primaryimage\"},\"image\":{\"@id\":\"https:\\\/\\\/webknjizara.hr\\\/proizvod\\\/odmetnici-mate-franic\\\/#primaryimage\"},\"thumbnailUrl\":\"https:\\\/\\\/webknjizara.hr\\\/wp-content\\\/uploads\\\/nc\\\/images\\\/virtuemart\\\/product\\\/odmetnici-mate-5361304651b7e.jpg\",\"datePublished\":\"2014-04-30T17:17:58+00:00\",\"dateModified\":\"2023-02-26T23:16:07+00:00\",\"breadcrumb\":{\"@id\":\"https:\\\/\\\/webknjizara.hr\\\/proizvod\\\/odmetnici-mate-franic\\\/#breadcrumb\"},\"inLanguage\":\"en-US\",\"potentialAction\":[{\"@type\":\"ReadAction\",\"target\":[\"https:\\\/\\\/webknjizara.hr\\\/proizvod\\\/odmetnici-mate-franic\\\/\"]}]},{\"@type\":\"ImageObject\",\"inLanguage\":\"en-US\",\"@id\":\"https:\\\/\\\/webknjizara.hr\\\/proizvod\\\/odmetnici-mate-franic\\\/#primaryimage\",\"url\":\"https:\\\/\\\/webknjizara.hr\\\/wp-content\\\/uploads\\\/nc\\\/images\\\/virtuemart\\\/product\\\/odmetnici-mate-5361304651b7e.jpg\",\"contentUrl\":\"https:\\\/\\\/webknjizara.hr\\\/wp-content\\\/uploads\\\/nc\\\/images\\\/virtuemart\\\/product\\\/odmetnici-mate-5361304651b7e.jpg\",\"width\":321,\"height\":500,\"caption\":\"ODMETNICI, Mate Frani\u0107\"},{\"@type\":\"BreadcrumbList\",\"@id\":\"https:\\\/\\\/webknjizara.hr\\\/proizvod\\\/odmetnici-mate-franic\\\/#breadcrumb\",\"itemListElement\":[{\"@type\":\"ListItem\",\"position\":1,\"name\":\"Po\u010detna stranica\",\"item\":\"https:\\\/\\\/webknjizara.hr\\\/en\\\/\"},{\"@type\":\"ListItem\",\"position\":2,\"name\":\"Shop\",\"item\":\"https:\\\/\\\/webknjizara.hr\\\/shop\\\/\"},{\"@type\":\"ListItem\",\"position\":3,\"name\":\"ODMETNICI, Mate Frani\u0107\"}]},{\"@type\":\"WebSite\",\"@id\":\"https:\\\/\\\/webknjizara.hr\\\/#website\",\"url\":\"https:\\\/\\\/webknjizara.hr\\\/\",\"name\":\"Web Knji\u017eara\",\"description\":\"\",\"publisher\":{\"@id\":\"https:\\\/\\\/webknjizara.hr\\\/#organization\"},\"potentialAction\":[{\"@type\":\"SearchAction\",\"target\":{\"@type\":\"EntryPoint\",\"urlTemplate\":\"https:\\\/\\\/webknjizara.hr\\\/?s={search_term_string}\"},\"query-input\":{\"@type\":\"PropertyValueSpecification\",\"valueRequired\":true,\"valueName\":\"search_term_string\"}}],\"inLanguage\":\"en-US\"},{\"@type\":\"Organization\",\"@id\":\"https:\\\/\\\/webknjizara.hr\\\/#organization\",\"name\":\"REDAK D.O.O.\",\"url\":\"https:\\\/\\\/webknjizara.hr\\\/\",\"logo\":{\"@type\":\"ImageObject\",\"inLanguage\":\"en-US\",\"@id\":\"https:\\\/\\\/webknjizara.hr\\\/#\\\/schema\\\/logo\\\/image\\\/\",\"url\":\"https:\\\/\\\/webknjizara.hr\\\/wp-content\\\/uploads\\\/2023\\\/01\\\/web-knjizara-logo.webp\",\"contentUrl\":\"https:\\\/\\\/webknjizara.hr\\\/wp-content\\\/uploads\\\/2023\\\/01\\\/web-knjizara-logo.webp\",\"width\":324,\"height\":79,\"caption\":\"REDAK D.O.O.\"},\"image\":{\"@id\":\"https:\\\/\\\/webknjizara.hr\\\/#\\\/schema\\\/logo\\\/image\\\/\"}}]}<\/script>\n<!-- \/ Yoast SEO plugin. -->","yoast_head_json":{"title":"ODMETNICI, Mate Frani\u0107 - Web-knji\u017eara","robots":{"index":"index","follow":"follow","max-snippet":"max-snippet:-1","max-image-preview":"max-image-preview:large","max-video-preview":"max-video-preview:-1"},"canonical":"https:\/\/webknjizara.hr\/proizvod\/odmetnici-mate-franic\/","og_locale":"en_US","og_type":"article","og_title":"ODMETNICI, Mate Frani\u0107 - Web-knji\u017eara","og_description":"Sa\u017eetak: \u201eOdmetnici\u201c su roman koji u 19 pri\u010da prati desetak godina \u017eivota dru\u0161tva iz jednog zagreba\u010dkog predgra\u0111a. Idejnu poveznicu \u010dine motori, iako oni nisu u prvom planu. U tom paralelnom svijetu ulice, gdje vrijede pone\u0161to druga\u010diji zakoni od op\u0107e prihva\u0107enih, glavni junak (naj\u010de\u0161\u0107e i pripovjeda\u010d) uzdi\u017ee se od sitnog igra\u010da koji \u0107e se prihvatiti bilo [&hellip;]","og_url":"https:\/\/webknjizara.hr\/proizvod\/odmetnici-mate-franic\/","og_site_name":"Web-knji\u017eara","article_modified_time":"2023-02-26T23:16:07+00:00","og_image":[{"width":321,"height":500,"url":"https:\/\/webknjizara.hr\/wp-content\/uploads\/nc\/images\/virtuemart\/product\/odmetnici-mate-5361304651b7e.jpg","type":"image\/jpeg"}],"twitter_card":"summary_large_image","twitter_misc":{"Est. reading time":"1 minute"},"schema":{"@context":"https:\/\/schema.org","@graph":[{"@type":"WebPage","@id":"https:\/\/webknjizara.hr\/proizvod\/odmetnici-mate-franic\/","url":"https:\/\/webknjizara.hr\/proizvod\/odmetnici-mate-franic\/","name":"ODMETNICI, Mate Frani\u0107 - Web-knji\u017eara","isPartOf":{"@id":"https:\/\/webknjizara.hr\/#website"},"primaryImageOfPage":{"@id":"https:\/\/webknjizara.hr\/proizvod\/odmetnici-mate-franic\/#primaryimage"},"image":{"@id":"https:\/\/webknjizara.hr\/proizvod\/odmetnici-mate-franic\/#primaryimage"},"thumbnailUrl":"https:\/\/webknjizara.hr\/wp-content\/uploads\/nc\/images\/virtuemart\/product\/odmetnici-mate-5361304651b7e.jpg","datePublished":"2014-04-30T17:17:58+00:00","dateModified":"2023-02-26T23:16:07+00:00","breadcrumb":{"@id":"https:\/\/webknjizara.hr\/proizvod\/odmetnici-mate-franic\/#breadcrumb"},"inLanguage":"en-US","potentialAction":[{"@type":"ReadAction","target":["https:\/\/webknjizara.hr\/proizvod\/odmetnici-mate-franic\/"]}]},{"@type":"ImageObject","inLanguage":"en-US","@id":"https:\/\/webknjizara.hr\/proizvod\/odmetnici-mate-franic\/#primaryimage","url":"https:\/\/webknjizara.hr\/wp-content\/uploads\/nc\/images\/virtuemart\/product\/odmetnici-mate-5361304651b7e.jpg","contentUrl":"https:\/\/webknjizara.hr\/wp-content\/uploads\/nc\/images\/virtuemart\/product\/odmetnici-mate-5361304651b7e.jpg","width":321,"height":500,"caption":"ODMETNICI, Mate Frani\u0107"},{"@type":"BreadcrumbList","@id":"https:\/\/webknjizara.hr\/proizvod\/odmetnici-mate-franic\/#breadcrumb","itemListElement":[{"@type":"ListItem","position":1,"name":"Po\u010detna stranica","item":"https:\/\/webknjizara.hr\/en\/"},{"@type":"ListItem","position":2,"name":"Shop","item":"https:\/\/webknjizara.hr\/shop\/"},{"@type":"ListItem","position":3,"name":"ODMETNICI, Mate Frani\u0107"}]},{"@type":"WebSite","@id":"https:\/\/webknjizara.hr\/#website","url":"https:\/\/webknjizara.hr\/","name":"Web Knji\u017eara","description":"","publisher":{"@id":"https:\/\/webknjizara.hr\/#organization"},"potentialAction":[{"@type":"SearchAction","target":{"@type":"EntryPoint","urlTemplate":"https:\/\/webknjizara.hr\/?s={search_term_string}"},"query-input":{"@type":"PropertyValueSpecification","valueRequired":true,"valueName":"search_term_string"}}],"inLanguage":"en-US"},{"@type":"Organization","@id":"https:\/\/webknjizara.hr\/#organization","name":"REDAK D.O.O.","url":"https:\/\/webknjizara.hr\/","logo":{"@type":"ImageObject","inLanguage":"en-US","@id":"https:\/\/webknjizara.hr\/#\/schema\/logo\/image\/","url":"https:\/\/webknjizara.hr\/wp-content\/uploads\/2023\/01\/web-knjizara-logo.webp","contentUrl":"https:\/\/webknjizara.hr\/wp-content\/uploads\/2023\/01\/web-knjizara-logo.webp","width":324,"height":79,"caption":"REDAK D.O.O."},"image":{"@id":"https:\/\/webknjizara.hr\/#\/schema\/logo\/image\/"}}]}},"_links":{"self":[{"href":"https:\/\/webknjizara.hr\/en\/wp-json\/wp\/v2\/product\/7797","targetHints":{"allow":["GET"]}}],"collection":[{"href":"https:\/\/webknjizara.hr\/en\/wp-json\/wp\/v2\/product"}],"about":[{"href":"https:\/\/webknjizara.hr\/en\/wp-json\/wp\/v2\/types\/product"}],"replies":[{"embeddable":true,"href":"https:\/\/webknjizara.hr\/en\/wp-json\/wp\/v2\/comments?post=7797"}],"wp:featuredmedia":[{"embeddable":true,"href":"https:\/\/webknjizara.hr\/en\/wp-json\/wp\/v2\/media\/7798"}],"wp:attachment":[{"href":"https:\/\/webknjizara.hr\/en\/wp-json\/wp\/v2\/media?parent=7797"}],"wp:term":[{"taxonomy":"product_brand","embeddable":true,"href":"https:\/\/webknjizara.hr\/en\/wp-json\/wp\/v2\/product_brand?post=7797"},{"taxonomy":"product_cat","embeddable":true,"href":"https:\/\/webknjizara.hr\/en\/wp-json\/wp\/v2\/product_cat?post=7797"},{"taxonomy":"product_tag","embeddable":true,"href":"https:\/\/webknjizara.hr\/en\/wp-json\/wp\/v2\/product_tag?post=7797"}],"curies":[{"name":"wp","href":"https:\/\/api.w.org\/{rel}","templated":true}]}}