{"id":7791,"date":"2014-04-01T19:34:30","date_gmt":"2014-04-01T19:34:30","guid":{"rendered":"https:\/\/webknjizara.hr\/?product=boje-tvojih-dodira-maja-siprak-brletic"},"modified":"2023-02-27T00:16:07","modified_gmt":"2023-02-26T23:16:07","slug":"boje-tvojih-dodira-maja-siprak-brletic","status":"publish","type":"product","link":"https:\/\/webknjizara.hr\/en\/proizvod\/boje-tvojih-dodira-maja-siprak-brletic\/","title":{"rendered":"BOJE TVOJIH DODIRA, Maja \u0160iprak Brleti\u0107"},"content":{"rendered":"<p style=\"text-align: justify;\"><strong><br \/>Bilje\u0161ka o autoru\/autorici:<\/strong><\/p>\n<p style=\"text-align: justify;\">Maja \u0160iprak Brleti\u0107 ro\u0111ena je u Sisku gdje \u017eivi, radi i poeziju pi\u0161e iz vremena srednjo\u0161kolskih dana. Amaterski se bavi fotografijom i astrologijom.<\/p>\n<p>Objavila je \u010detiri samostalne zbirke poezije:<\/p>\n<p style=\"text-align: justify;\">\u201e\u017dena u Meni\u201c izdane u o\u017eujku 2012. godine i <br \/> \u201eKapi \u017divota\u201c izdane u studenom 2012. godine<br \/>\u201eUsana Pe\u010dat\u201c izdane u o\u017eujku 2013. Godine<br \/>\u201eBoje tvojih dodira\u201c \u2013 o\u017eujak 2014.<\/p>\n<p>-Pjesme su joj uvr\u0161tene u brojne hrvatske i me\u0111unarodne zbornike s podru\u010dja Srbije, Crne Gore, R B i H, Njema\u010dke i \u0160vicarske.<\/p>\n<p>-Jedna je od pet dobitnica Prigodnog priznanja za najljep\u0161u neobjavljenu ljubavnu pjesmu \u201eZvonimir Golob 2012.\u201c godine koja je dodijeljena 01. lipnja 2012. godine u Zagrebu, ispred UBIDUR Podravka. <\/p>\n<p>-Jedna je od dobitnica priznanja za pjesmu o prolje\u0107u Udruge SPARK iz Velike Gorice.<\/p>\n<p>-Dobitnica je priznanja Hrvatskog sabora kulture 2013. godine.<\/p>\n<p>\u010clan je: <\/p>\n<p>&#8211; Matice hrvatske \u2013 Zagreb<br \/>&#8211; Udruge umjetnika Vjekoslav Majer iz Zagreba<br \/>&#8211; Udruge hrvatskih zavi\u010dajnih knji\u017eevnika<br \/>&#8211; KLD Re\u0161etari<br \/>&#8211; Hrvatskog sabora kulture \u2013 Zagreb<br \/>&#8211; HAZU- Basel<br \/>&#8211; Colegiuma Herge\u0161i\u0107 &#8211; Zagreb<\/p>\n<p><strong>Klju\u010dne rije\u010di:<\/strong> Boje tvojih dodira, Majino, Maja \u0160iprak Brleti\u0107<\/p>\n<p style=\"text-align: justify;\"><strong>Link:<\/strong> <a href=\"http:\/\/www.majino.bloger.hr\">http:\/\/www.majino.bloger.hr<\/a> <\/p>\n<p><strong>Naslov:<\/strong> Boje tvojih dodira<br \/><strong>Autor:<\/strong> Maja \u0160iprak Brleti\u0107<br \/><strong>Broj stranica:<\/strong> 110<br \/><strong>Nakladnik:<\/strong> REDAK<br \/><strong>Godina izdanja:<\/strong> 2014.<br \/><strong>ISBN:<\/strong> 978-953-336-128-4<br \/><strong>Tisak:<\/strong> digitalni tisak knjiga &#8211; print na zahtjev<\/p>\n","protected":false},"excerpt":{"rendered":"<p>Bilje\u0161ka o autoru\/autorici: Maja \u0160iprak Brleti\u0107 ro\u0111ena je u Sisku gdje \u017eivi, radi i poeziju pi\u0161e iz vremena srednjo\u0161kolskih dana. Amaterski se bavi fotografijom i astrologijom. Objavila je \u010detiri samostalne zbirke poezije: \u201e\u017dena u Meni\u201c izdane u o\u017eujku 2012. godine i \u201eKapi \u017divota\u201c izdane u studenom 2012. godine\u201eUsana Pe\u010dat\u201c izdane u o\u017eujku 2013. Godine\u201eBoje tvojih [&hellip;]<\/p>\n","protected":false},"featured_media":7792,"comment_status":"open","ping_status":"closed","template":"","meta":{"_acf_changed":false},"product_brand":[],"product_cat":[1383,1385,1388],"product_tag":[],"class_list":{"0":"post-7791","1":"product","2":"type-product","3":"status-publish","4":"has-post-thumbnail","6":"product_cat-knjige","7":"product_cat-knjizevnost","8":"product_cat-poezija","9":"pa_autor-maja-siprak-brletic","10":"pa_nakladnik-redak","12":"first","13":"instock","14":"shipping-taxable","15":"purchasable","16":"product-type-simple"},"acf":[],"yoast_head":"<!-- This site is optimized with the Yoast SEO plugin v27.3 - https:\/\/yoast.com\/product\/yoast-seo-wordpress\/ -->\n<title>BOJE TVOJIH DODIRA, Maja \u0160iprak Brleti\u0107 - Web-knji\u017eara<\/title>\n<meta name=\"robots\" content=\"index, follow, max-snippet:-1, max-image-preview:large, max-video-preview:-1\" \/>\n<link rel=\"canonical\" href=\"https:\/\/webknjizara.hr\/proizvod\/boje-tvojih-dodira-maja-siprak-brletic\/\" \/>\n<meta property=\"og:locale\" content=\"en_US\" \/>\n<meta property=\"og:type\" content=\"article\" \/>\n<meta property=\"og:title\" content=\"BOJE TVOJIH DODIRA, Maja \u0160iprak Brleti\u0107 - Web-knji\u017eara\" \/>\n<meta property=\"og:description\" content=\"Bilje\u0161ka o autoru\/autorici: Maja \u0160iprak Brleti\u0107 ro\u0111ena je u Sisku gdje \u017eivi, radi i poeziju pi\u0161e iz vremena srednjo\u0161kolskih dana. Amaterski se bavi fotografijom i astrologijom. Objavila je \u010detiri samostalne zbirke poezije: \u201e\u017dena u Meni\u201c izdane u o\u017eujku 2012. godine i \u201eKapi \u017divota\u201c izdane u studenom 2012. godine\u201eUsana Pe\u010dat\u201c izdane u o\u017eujku 2013. Godine\u201eBoje tvojih [&hellip;]\" \/>\n<meta property=\"og:url\" content=\"https:\/\/webknjizara.hr\/proizvod\/boje-tvojih-dodira-maja-siprak-brletic\/\" \/>\n<meta property=\"og:site_name\" content=\"Web-knji\u017eara\" \/>\n<meta property=\"article:modified_time\" content=\"2023-02-26T23:16:07+00:00\" \/>\n<meta property=\"og:image\" content=\"https:\/\/webknjizara.hr\/wp-content\/uploads\/nc\/images\/virtuemart\/product\/boje-tvojih-dodi-533b14c6186ce.jpg\" \/>\n\t<meta property=\"og:image:width\" content=\"358\" \/>\n\t<meta property=\"og:image:height\" content=\"500\" \/>\n\t<meta property=\"og:image:type\" content=\"image\/jpeg\" \/>\n<meta name=\"twitter:card\" content=\"summary_large_image\" \/>\n<meta name=\"twitter:label1\" content=\"Est. reading time\" \/>\n\t<meta name=\"twitter:data1\" content=\"1 minute\" \/>\n<script type=\"application\/ld+json\" class=\"yoast-schema-graph\">{\"@context\":\"https:\\\/\\\/schema.org\",\"@graph\":[{\"@type\":\"WebPage\",\"@id\":\"https:\\\/\\\/webknjizara.hr\\\/proizvod\\\/boje-tvojih-dodira-maja-siprak-brletic\\\/\",\"url\":\"https:\\\/\\\/webknjizara.hr\\\/proizvod\\\/boje-tvojih-dodira-maja-siprak-brletic\\\/\",\"name\":\"BOJE TVOJIH DODIRA, Maja \u0160iprak Brleti\u0107 - Web-knji\u017eara\",\"isPartOf\":{\"@id\":\"https:\\\/\\\/webknjizara.hr\\\/#website\"},\"primaryImageOfPage\":{\"@id\":\"https:\\\/\\\/webknjizara.hr\\\/proizvod\\\/boje-tvojih-dodira-maja-siprak-brletic\\\/#primaryimage\"},\"image\":{\"@id\":\"https:\\\/\\\/webknjizara.hr\\\/proizvod\\\/boje-tvojih-dodira-maja-siprak-brletic\\\/#primaryimage\"},\"thumbnailUrl\":\"https:\\\/\\\/webknjizara.hr\\\/wp-content\\\/uploads\\\/nc\\\/images\\\/virtuemart\\\/product\\\/boje-tvojih-dodi-533b14c6186ce.jpg\",\"datePublished\":\"2014-04-01T19:34:30+00:00\",\"dateModified\":\"2023-02-26T23:16:07+00:00\",\"breadcrumb\":{\"@id\":\"https:\\\/\\\/webknjizara.hr\\\/proizvod\\\/boje-tvojih-dodira-maja-siprak-brletic\\\/#breadcrumb\"},\"inLanguage\":\"en-US\",\"potentialAction\":[{\"@type\":\"ReadAction\",\"target\":[\"https:\\\/\\\/webknjizara.hr\\\/proizvod\\\/boje-tvojih-dodira-maja-siprak-brletic\\\/\"]}]},{\"@type\":\"ImageObject\",\"inLanguage\":\"en-US\",\"@id\":\"https:\\\/\\\/webknjizara.hr\\\/proizvod\\\/boje-tvojih-dodira-maja-siprak-brletic\\\/#primaryimage\",\"url\":\"https:\\\/\\\/webknjizara.hr\\\/wp-content\\\/uploads\\\/nc\\\/images\\\/virtuemart\\\/product\\\/boje-tvojih-dodi-533b14c6186ce.jpg\",\"contentUrl\":\"https:\\\/\\\/webknjizara.hr\\\/wp-content\\\/uploads\\\/nc\\\/images\\\/virtuemart\\\/product\\\/boje-tvojih-dodi-533b14c6186ce.jpg\",\"width\":358,\"height\":500,\"caption\":\"BOJE TVOJIH DODIRA, Maja \u0160iprak Brleti\u0107\"},{\"@type\":\"BreadcrumbList\",\"@id\":\"https:\\\/\\\/webknjizara.hr\\\/proizvod\\\/boje-tvojih-dodira-maja-siprak-brletic\\\/#breadcrumb\",\"itemListElement\":[{\"@type\":\"ListItem\",\"position\":1,\"name\":\"Po\u010detna stranica\",\"item\":\"https:\\\/\\\/webknjizara.hr\\\/en\\\/\"},{\"@type\":\"ListItem\",\"position\":2,\"name\":\"Shop\",\"item\":\"https:\\\/\\\/webknjizara.hr\\\/shop\\\/\"},{\"@type\":\"ListItem\",\"position\":3,\"name\":\"BOJE TVOJIH DODIRA, Maja \u0160iprak Brleti\u0107\"}]},{\"@type\":\"WebSite\",\"@id\":\"https:\\\/\\\/webknjizara.hr\\\/#website\",\"url\":\"https:\\\/\\\/webknjizara.hr\\\/\",\"name\":\"Web Knji\u017eara\",\"description\":\"\",\"publisher\":{\"@id\":\"https:\\\/\\\/webknjizara.hr\\\/#organization\"},\"potentialAction\":[{\"@type\":\"SearchAction\",\"target\":{\"@type\":\"EntryPoint\",\"urlTemplate\":\"https:\\\/\\\/webknjizara.hr\\\/?s={search_term_string}\"},\"query-input\":{\"@type\":\"PropertyValueSpecification\",\"valueRequired\":true,\"valueName\":\"search_term_string\"}}],\"inLanguage\":\"en-US\"},{\"@type\":\"Organization\",\"@id\":\"https:\\\/\\\/webknjizara.hr\\\/#organization\",\"name\":\"REDAK D.O.O.\",\"url\":\"https:\\\/\\\/webknjizara.hr\\\/\",\"logo\":{\"@type\":\"ImageObject\",\"inLanguage\":\"en-US\",\"@id\":\"https:\\\/\\\/webknjizara.hr\\\/#\\\/schema\\\/logo\\\/image\\\/\",\"url\":\"https:\\\/\\\/webknjizara.hr\\\/wp-content\\\/uploads\\\/2023\\\/01\\\/web-knjizara-logo.webp\",\"contentUrl\":\"https:\\\/\\\/webknjizara.hr\\\/wp-content\\\/uploads\\\/2023\\\/01\\\/web-knjizara-logo.webp\",\"width\":324,\"height\":79,\"caption\":\"REDAK D.O.O.\"},\"image\":{\"@id\":\"https:\\\/\\\/webknjizara.hr\\\/#\\\/schema\\\/logo\\\/image\\\/\"}}]}<\/script>\n<!-- \/ Yoast SEO plugin. -->","yoast_head_json":{"title":"BOJE TVOJIH DODIRA, Maja \u0160iprak Brleti\u0107 - Web-knji\u017eara","robots":{"index":"index","follow":"follow","max-snippet":"max-snippet:-1","max-image-preview":"max-image-preview:large","max-video-preview":"max-video-preview:-1"},"canonical":"https:\/\/webknjizara.hr\/proizvod\/boje-tvojih-dodira-maja-siprak-brletic\/","og_locale":"en_US","og_type":"article","og_title":"BOJE TVOJIH DODIRA, Maja \u0160iprak Brleti\u0107 - Web-knji\u017eara","og_description":"Bilje\u0161ka o autoru\/autorici: Maja \u0160iprak Brleti\u0107 ro\u0111ena je u Sisku gdje \u017eivi, radi i poeziju pi\u0161e iz vremena srednjo\u0161kolskih dana. Amaterski se bavi fotografijom i astrologijom. Objavila je \u010detiri samostalne zbirke poezije: \u201e\u017dena u Meni\u201c izdane u o\u017eujku 2012. godine i \u201eKapi \u017divota\u201c izdane u studenom 2012. godine\u201eUsana Pe\u010dat\u201c izdane u o\u017eujku 2013. Godine\u201eBoje tvojih [&hellip;]","og_url":"https:\/\/webknjizara.hr\/proizvod\/boje-tvojih-dodira-maja-siprak-brletic\/","og_site_name":"Web-knji\u017eara","article_modified_time":"2023-02-26T23:16:07+00:00","og_image":[{"width":358,"height":500,"url":"https:\/\/webknjizara.hr\/wp-content\/uploads\/nc\/images\/virtuemart\/product\/boje-tvojih-dodi-533b14c6186ce.jpg","type":"image\/jpeg"}],"twitter_card":"summary_large_image","twitter_misc":{"Est. reading time":"1 minute"},"schema":{"@context":"https:\/\/schema.org","@graph":[{"@type":"WebPage","@id":"https:\/\/webknjizara.hr\/proizvod\/boje-tvojih-dodira-maja-siprak-brletic\/","url":"https:\/\/webknjizara.hr\/proizvod\/boje-tvojih-dodira-maja-siprak-brletic\/","name":"BOJE TVOJIH DODIRA, Maja \u0160iprak Brleti\u0107 - Web-knji\u017eara","isPartOf":{"@id":"https:\/\/webknjizara.hr\/#website"},"primaryImageOfPage":{"@id":"https:\/\/webknjizara.hr\/proizvod\/boje-tvojih-dodira-maja-siprak-brletic\/#primaryimage"},"image":{"@id":"https:\/\/webknjizara.hr\/proizvod\/boje-tvojih-dodira-maja-siprak-brletic\/#primaryimage"},"thumbnailUrl":"https:\/\/webknjizara.hr\/wp-content\/uploads\/nc\/images\/virtuemart\/product\/boje-tvojih-dodi-533b14c6186ce.jpg","datePublished":"2014-04-01T19:34:30+00:00","dateModified":"2023-02-26T23:16:07+00:00","breadcrumb":{"@id":"https:\/\/webknjizara.hr\/proizvod\/boje-tvojih-dodira-maja-siprak-brletic\/#breadcrumb"},"inLanguage":"en-US","potentialAction":[{"@type":"ReadAction","target":["https:\/\/webknjizara.hr\/proizvod\/boje-tvojih-dodira-maja-siprak-brletic\/"]}]},{"@type":"ImageObject","inLanguage":"en-US","@id":"https:\/\/webknjizara.hr\/proizvod\/boje-tvojih-dodira-maja-siprak-brletic\/#primaryimage","url":"https:\/\/webknjizara.hr\/wp-content\/uploads\/nc\/images\/virtuemart\/product\/boje-tvojih-dodi-533b14c6186ce.jpg","contentUrl":"https:\/\/webknjizara.hr\/wp-content\/uploads\/nc\/images\/virtuemart\/product\/boje-tvojih-dodi-533b14c6186ce.jpg","width":358,"height":500,"caption":"BOJE TVOJIH DODIRA, Maja \u0160iprak Brleti\u0107"},{"@type":"BreadcrumbList","@id":"https:\/\/webknjizara.hr\/proizvod\/boje-tvojih-dodira-maja-siprak-brletic\/#breadcrumb","itemListElement":[{"@type":"ListItem","position":1,"name":"Po\u010detna stranica","item":"https:\/\/webknjizara.hr\/en\/"},{"@type":"ListItem","position":2,"name":"Shop","item":"https:\/\/webknjizara.hr\/shop\/"},{"@type":"ListItem","position":3,"name":"BOJE TVOJIH DODIRA, Maja \u0160iprak Brleti\u0107"}]},{"@type":"WebSite","@id":"https:\/\/webknjizara.hr\/#website","url":"https:\/\/webknjizara.hr\/","name":"Web Knji\u017eara","description":"","publisher":{"@id":"https:\/\/webknjizara.hr\/#organization"},"potentialAction":[{"@type":"SearchAction","target":{"@type":"EntryPoint","urlTemplate":"https:\/\/webknjizara.hr\/?s={search_term_string}"},"query-input":{"@type":"PropertyValueSpecification","valueRequired":true,"valueName":"search_term_string"}}],"inLanguage":"en-US"},{"@type":"Organization","@id":"https:\/\/webknjizara.hr\/#organization","name":"REDAK D.O.O.","url":"https:\/\/webknjizara.hr\/","logo":{"@type":"ImageObject","inLanguage":"en-US","@id":"https:\/\/webknjizara.hr\/#\/schema\/logo\/image\/","url":"https:\/\/webknjizara.hr\/wp-content\/uploads\/2023\/01\/web-knjizara-logo.webp","contentUrl":"https:\/\/webknjizara.hr\/wp-content\/uploads\/2023\/01\/web-knjizara-logo.webp","width":324,"height":79,"caption":"REDAK D.O.O."},"image":{"@id":"https:\/\/webknjizara.hr\/#\/schema\/logo\/image\/"}}]}},"_links":{"self":[{"href":"https:\/\/webknjizara.hr\/en\/wp-json\/wp\/v2\/product\/7791","targetHints":{"allow":["GET"]}}],"collection":[{"href":"https:\/\/webknjizara.hr\/en\/wp-json\/wp\/v2\/product"}],"about":[{"href":"https:\/\/webknjizara.hr\/en\/wp-json\/wp\/v2\/types\/product"}],"replies":[{"embeddable":true,"href":"https:\/\/webknjizara.hr\/en\/wp-json\/wp\/v2\/comments?post=7791"}],"wp:featuredmedia":[{"embeddable":true,"href":"https:\/\/webknjizara.hr\/en\/wp-json\/wp\/v2\/media\/7792"}],"wp:attachment":[{"href":"https:\/\/webknjizara.hr\/en\/wp-json\/wp\/v2\/media?parent=7791"}],"wp:term":[{"taxonomy":"product_brand","embeddable":true,"href":"https:\/\/webknjizara.hr\/en\/wp-json\/wp\/v2\/product_brand?post=7791"},{"taxonomy":"product_cat","embeddable":true,"href":"https:\/\/webknjizara.hr\/en\/wp-json\/wp\/v2\/product_cat?post=7791"},{"taxonomy":"product_tag","embeddable":true,"href":"https:\/\/webknjizara.hr\/en\/wp-json\/wp\/v2\/product_tag?post=7791"}],"curies":[{"name":"wp","href":"https:\/\/api.w.org\/{rel}","templated":true}]}}