{"id":7787,"date":"2014-03-28T07:26:02","date_gmt":"2014-03-28T07:26:02","guid":{"rendered":"https:\/\/webknjizara.hr\/?product=una-marija-juracic"},"modified":"2023-02-27T00:16:06","modified_gmt":"2023-02-26T23:16:06","slug":"una-marija-juracic","status":"publish","type":"product","link":"https:\/\/webknjizara.hr\/en\/proizvod\/una-marija-juracic\/","title":{"rendered":"UNA, Marija Jura\u010di\u0107"},"content":{"rendered":"<p style=\"text-align: justify;\"><strong><br \/>Sa\u017eetak:<br \/><\/strong><br \/>\u201cUna\u201c je pustolovno kriminalisti\u010dki roman koji nisam mogao prestati \u010ditati dok nisam zaklopio i posljednju stranicu. Pri\u010da je to o izdaji, ljubavi, sposobnosti glavne junakinje da se odupre zlu, da pre\u017eivi u nemogu\u0107im uvjetima, ali i kriminalisti\u010dki roman koji se razlikuje od svih ostalih romana te vrste jer nema krvavog, sirovog nasilja pa ga mirne du\u0161e mogu preporu\u010diti i djeci ne\u0161to starije dobi.<\/p>\n<p>Prvi dio romana vodi nas u jedan olujni dan, zlosutni petak koji Unu, glavnu junakinju, odvodi na pusti otok nakon \u0161to je pre\u017eivjela podmukao i silovit napad njezinog supruga Tomasa. <\/p>\n<p><em>A onda je zapuhalo. Iznenada. Kao da su se sve paklene sile probudile razjarene u potrazi za \u017ertvom. More se uzjogunilo, podiglo valove, a sna\u017ena bura je u brzom rezu preko morske povr\u0161ine nosila posolicu, zid vodene pra\u0161ine koji onemogu\u0107ava disanje i prijeti gu\u0161enjem. \u201cTomase!\u201c vikala je Una. \u201cVratimo se, okreni brodicu!\u201c Tomas ju je pogledao i stavio ruku na uho kao da ne \u010duje \u0161to to ona vi\u010de, a onda kao da je shvatio, nasmije se mangupski prpo\u0161no i zaklima potvrdno glavom.<\/em><\/p>\n<p><em>\u201cAli, \u0161to on to radi?\u201c zapitala se Una u\u017easnuto. Polako je okrenuo plovilo, a onda isto tako polako, odvezao konop kojim je mali, gumeni \u010damac bio vezan za brodi\u0107. Una je protrnula. Krik joj se zagu\u0161io u grlu. Zaustavio disanje. U\u017eas se poja\u010dao. Vidjela je Tomasa kako se uspravlja, njegov smije\u0161ak koji je otkrivao pravilne, bijele zube i no\u017e kojim je ga\u0111ao gumeni \u010dam\u010di\u0107.<\/em> <\/p>\n<p>Nakon niza zanimljivih dogodov\u0161tina na nenaseljenom oto\u010di\u0107u u kojima se Una \u010deli\u010di, a uspijeva pre\u017eivjeti zahvaljuju\u0107i bogatom du\u0161evnom \u017eivotu \u010diji opis razlikuje ovaj roman od svih dosada\u0161njih \u201erobinzonijada\u201c, Una se vra\u0107a u civilizaciju i uz pomo\u0107 privatnog istra\u017eitelja Kaleba nastoji primorati Tomasa da prizna svoj \u010din. <\/p>\n<p>Una ne vjeruje u\u010dinkovitosti pravnog sustava, ali \u017eeli da Tomas osjeti sav u\u017eas koji je njoj priu\u0161tio. Pogotovo mu ne mo\u017ee oprostiti poku\u0161aj ubojstva njezine majke, Sane.<\/p>\n<p>Dolazi na niz zanimljivih ideja koje trebaju zavarati Tomasa, ali se sama neprekidno nalazi u velikoj opasnosti.<\/p>\n<p>Uz Unu u romanu susre\u0107emo malo sporednih likova \u0161to logi\u010dki proizlazi iz radnje romana; Unine osamljenosti i kasnijeg neprekidnog skrivanja i djelovanja.<\/p>\n<p>Una je lik koji \u0107e vas osvojiti svojim pona\u0161anjem, svojim na\u010dinom razmi\u0161ljanja, hrabro\u0161\u0107u. Vjerujem da \u0107ete se u\u017eivjeti u njezinu sudbinu, disati s njom neko vrijeme, razumjeti njene svijetle i tamne strane, po\u017eeljeti i sami pro\u017eivjeti jedan dio njezina \u017eivota.<\/p>\n<p>Roman je pisan nevjerojatnom lako\u0107om. Te\u010de logi\u010dno, glatko, bez zastoja, jednostavnim, razumljivim, ali lijepim stilom s povremenim natruhama lirskog izraza, nenametljivo prekidan Uninim refleksijama koje bude radoznalost i vlastita promi\u0161ljanja. <\/p>\n<p>Opisi mediteranskog podneblja i fina, \u017eiva naracija pokazuju da autorica dobro poznaje podru\u010dje o kojem pi\u0161e i prezentira ga na na\u010din koji nam ne dopu\u0161ta odlo\u017eiti roman dok ga do kraja ne pro\u010ditamo.<\/p>\n<p><strong>Bilje\u0161ka o autorici:<\/strong> <\/p>\n<p>Marija Jura\u010di\u0107, profesorica knji\u017eevnosti i njema\u010dkog jezika, voditeljica poetskog portala \u201eO\u010daravanje\u201c objavila je zbirke pjesama: \u201cCrni plamen\u201c, \u201cMore, bura i ti\u201c, \u201cStope u pijesku\u201c, \u201cLjubav, pisci i ostale trice\u201c , romane \u201cTara\u201c i \u201cToma\u201c.<\/p>\n<p>Objavila je tri me\u0111udr\u017eavna zbornika poezije grupe autora \u201e Pomaknuti haiku\u201c, \u201eLjubavne pjesme autora portala O\u010daravanje\u201c i \u201eUmre\u017eeni snovi\u201c.<br \/>\u201eUna\u201c je njezin tre\u0107i roman.<\/p>\n<p><strong>Klju\u010dne rije\u010di:<\/strong> Pustolovno kriminalisti\u010dki roman<\/p>\n<p style=\"text-align: justify;\"><strong>Link:<\/strong> <a href=\"http:\/\/julijetabek.blog.hr\/\">http:\/\/julijetabek.blog.hr\/<\/a><br \/><strong>E-mail:<\/strong>\u00a0<a href=\"mailto:marijajuracic@net.hr\">Marija Jura\u010di\u0107<\/a><\/p>\n<p style=\"text-align: justify;\"><strong>Naslov:<\/strong> Una<br \/><strong>Autor:<\/strong> Marija Jura\u010di\u0107<br \/><strong>Broj stranica:<\/strong> 120<br \/><strong>Nakladnik:<\/strong> REDAK<br \/><strong>Godina izdanja:<\/strong> 2014.<br \/><strong>ISBN:<\/strong> 978-953-336-125-3<br \/><strong>Tisak:<\/strong> digitalni tisak knjiga &#8211; print na zahtjev<\/p>\n","protected":false},"excerpt":{"rendered":"<p>Sa\u017eetak:\u201cUna\u201c je pustolovno kriminalisti\u010dki roman koji nisam mogao prestati \u010ditati dok nisam zaklopio i posljednju stranicu. Pri\u010da je to o izdaji, ljubavi, sposobnosti glavne junakinje da se odupre zlu, da pre\u017eivi u nemogu\u0107im uvjetima, ali i kriminalisti\u010dki roman koji se razlikuje od svih ostalih romana te vrste jer nema krvavog, sirovog nasilja pa ga mirne [&hellip;]<\/p>\n","protected":false},"featured_media":7788,"comment_status":"open","ping_status":"closed","template":"","meta":{"_acf_changed":false},"product_brand":[],"product_cat":[1383,1385],"product_tag":[],"class_list":{"0":"post-7787","1":"product","2":"type-product","3":"status-publish","4":"has-post-thumbnail","6":"product_cat-knjige","7":"product_cat-knjizevnost","8":"pa_autor-marija-juracic","9":"pa_nakladnik-redak","11":"first","12":"instock","13":"shipping-taxable","14":"purchasable","15":"product-type-simple"},"acf":[],"yoast_head":"<!-- This site is optimized with the Yoast SEO plugin v27.3 - https:\/\/yoast.com\/product\/yoast-seo-wordpress\/ -->\n<title>UNA, Marija Jura\u010di\u0107 - Web-knji\u017eara<\/title>\n<meta name=\"robots\" content=\"index, follow, max-snippet:-1, max-image-preview:large, max-video-preview:-1\" \/>\n<link rel=\"canonical\" href=\"https:\/\/webknjizara.hr\/proizvod\/una-marija-juracic\/\" \/>\n<meta property=\"og:locale\" content=\"en_US\" \/>\n<meta property=\"og:type\" content=\"article\" \/>\n<meta property=\"og:title\" content=\"UNA, Marija Jura\u010di\u0107 - Web-knji\u017eara\" \/>\n<meta property=\"og:description\" content=\"Sa\u017eetak:\u201cUna\u201c je pustolovno kriminalisti\u010dki roman koji nisam mogao prestati \u010ditati dok nisam zaklopio i posljednju stranicu. Pri\u010da je to o izdaji, ljubavi, sposobnosti glavne junakinje da se odupre zlu, da pre\u017eivi u nemogu\u0107im uvjetima, ali i kriminalisti\u010dki roman koji se razlikuje od svih ostalih romana te vrste jer nema krvavog, sirovog nasilja pa ga mirne [&hellip;]\" \/>\n<meta property=\"og:url\" content=\"https:\/\/webknjizara.hr\/proizvod\/una-marija-juracic\/\" \/>\n<meta property=\"og:site_name\" content=\"Web-knji\u017eara\" \/>\n<meta property=\"article:modified_time\" content=\"2023-02-26T23:16:06+00:00\" \/>\n<meta property=\"og:image\" content=\"https:\/\/webknjizara.hr\/wp-content\/uploads\/nc\/images\/virtuemart\/product\/una-marija-jura-5335240a8d1f4.jpg\" \/>\n\t<meta property=\"og:image:width\" content=\"358\" \/>\n\t<meta property=\"og:image:height\" content=\"500\" \/>\n\t<meta property=\"og:image:type\" content=\"image\/jpeg\" \/>\n<meta name=\"twitter:card\" content=\"summary_large_image\" \/>\n<meta name=\"twitter:label1\" content=\"Est. reading time\" \/>\n\t<meta name=\"twitter:data1\" content=\"3 minutes\" \/>\n<script type=\"application\/ld+json\" class=\"yoast-schema-graph\">{\"@context\":\"https:\\\/\\\/schema.org\",\"@graph\":[{\"@type\":\"WebPage\",\"@id\":\"https:\\\/\\\/webknjizara.hr\\\/proizvod\\\/una-marija-juracic\\\/\",\"url\":\"https:\\\/\\\/webknjizara.hr\\\/proizvod\\\/una-marija-juracic\\\/\",\"name\":\"UNA, Marija Jura\u010di\u0107 - Web-knji\u017eara\",\"isPartOf\":{\"@id\":\"https:\\\/\\\/webknjizara.hr\\\/#website\"},\"primaryImageOfPage\":{\"@id\":\"https:\\\/\\\/webknjizara.hr\\\/proizvod\\\/una-marija-juracic\\\/#primaryimage\"},\"image\":{\"@id\":\"https:\\\/\\\/webknjizara.hr\\\/proizvod\\\/una-marija-juracic\\\/#primaryimage\"},\"thumbnailUrl\":\"https:\\\/\\\/webknjizara.hr\\\/wp-content\\\/uploads\\\/nc\\\/images\\\/virtuemart\\\/product\\\/una-marija-jura-5335240a8d1f4.jpg\",\"datePublished\":\"2014-03-28T07:26:02+00:00\",\"dateModified\":\"2023-02-26T23:16:06+00:00\",\"breadcrumb\":{\"@id\":\"https:\\\/\\\/webknjizara.hr\\\/proizvod\\\/una-marija-juracic\\\/#breadcrumb\"},\"inLanguage\":\"en-US\",\"potentialAction\":[{\"@type\":\"ReadAction\",\"target\":[\"https:\\\/\\\/webknjizara.hr\\\/proizvod\\\/una-marija-juracic\\\/\"]}]},{\"@type\":\"ImageObject\",\"inLanguage\":\"en-US\",\"@id\":\"https:\\\/\\\/webknjizara.hr\\\/proizvod\\\/una-marija-juracic\\\/#primaryimage\",\"url\":\"https:\\\/\\\/webknjizara.hr\\\/wp-content\\\/uploads\\\/nc\\\/images\\\/virtuemart\\\/product\\\/una-marija-jura-5335240a8d1f4.jpg\",\"contentUrl\":\"https:\\\/\\\/webknjizara.hr\\\/wp-content\\\/uploads\\\/nc\\\/images\\\/virtuemart\\\/product\\\/una-marija-jura-5335240a8d1f4.jpg\",\"width\":358,\"height\":500,\"caption\":\"UNA, Marija Jura\u010di\u0107\"},{\"@type\":\"BreadcrumbList\",\"@id\":\"https:\\\/\\\/webknjizara.hr\\\/proizvod\\\/una-marija-juracic\\\/#breadcrumb\",\"itemListElement\":[{\"@type\":\"ListItem\",\"position\":1,\"name\":\"Po\u010detna stranica\",\"item\":\"https:\\\/\\\/webknjizara.hr\\\/en\\\/\"},{\"@type\":\"ListItem\",\"position\":2,\"name\":\"Shop\",\"item\":\"https:\\\/\\\/webknjizara.hr\\\/shop\\\/\"},{\"@type\":\"ListItem\",\"position\":3,\"name\":\"UNA, Marija Jura\u010di\u0107\"}]},{\"@type\":\"WebSite\",\"@id\":\"https:\\\/\\\/webknjizara.hr\\\/#website\",\"url\":\"https:\\\/\\\/webknjizara.hr\\\/\",\"name\":\"Web Knji\u017eara\",\"description\":\"\",\"publisher\":{\"@id\":\"https:\\\/\\\/webknjizara.hr\\\/#organization\"},\"potentialAction\":[{\"@type\":\"SearchAction\",\"target\":{\"@type\":\"EntryPoint\",\"urlTemplate\":\"https:\\\/\\\/webknjizara.hr\\\/?s={search_term_string}\"},\"query-input\":{\"@type\":\"PropertyValueSpecification\",\"valueRequired\":true,\"valueName\":\"search_term_string\"}}],\"inLanguage\":\"en-US\"},{\"@type\":\"Organization\",\"@id\":\"https:\\\/\\\/webknjizara.hr\\\/#organization\",\"name\":\"REDAK D.O.O.\",\"url\":\"https:\\\/\\\/webknjizara.hr\\\/\",\"logo\":{\"@type\":\"ImageObject\",\"inLanguage\":\"en-US\",\"@id\":\"https:\\\/\\\/webknjizara.hr\\\/#\\\/schema\\\/logo\\\/image\\\/\",\"url\":\"https:\\\/\\\/webknjizara.hr\\\/wp-content\\\/uploads\\\/2023\\\/01\\\/web-knjizara-logo.webp\",\"contentUrl\":\"https:\\\/\\\/webknjizara.hr\\\/wp-content\\\/uploads\\\/2023\\\/01\\\/web-knjizara-logo.webp\",\"width\":324,\"height\":79,\"caption\":\"REDAK D.O.O.\"},\"image\":{\"@id\":\"https:\\\/\\\/webknjizara.hr\\\/#\\\/schema\\\/logo\\\/image\\\/\"}}]}<\/script>\n<!-- \/ Yoast SEO plugin. -->","yoast_head_json":{"title":"UNA, Marija Jura\u010di\u0107 - Web-knji\u017eara","robots":{"index":"index","follow":"follow","max-snippet":"max-snippet:-1","max-image-preview":"max-image-preview:large","max-video-preview":"max-video-preview:-1"},"canonical":"https:\/\/webknjizara.hr\/proizvod\/una-marija-juracic\/","og_locale":"en_US","og_type":"article","og_title":"UNA, Marija Jura\u010di\u0107 - Web-knji\u017eara","og_description":"Sa\u017eetak:\u201cUna\u201c je pustolovno kriminalisti\u010dki roman koji nisam mogao prestati \u010ditati dok nisam zaklopio i posljednju stranicu. Pri\u010da je to o izdaji, ljubavi, sposobnosti glavne junakinje da se odupre zlu, da pre\u017eivi u nemogu\u0107im uvjetima, ali i kriminalisti\u010dki roman koji se razlikuje od svih ostalih romana te vrste jer nema krvavog, sirovog nasilja pa ga mirne [&hellip;]","og_url":"https:\/\/webknjizara.hr\/proizvod\/una-marija-juracic\/","og_site_name":"Web-knji\u017eara","article_modified_time":"2023-02-26T23:16:06+00:00","og_image":[{"width":358,"height":500,"url":"https:\/\/webknjizara.hr\/wp-content\/uploads\/nc\/images\/virtuemart\/product\/una-marija-jura-5335240a8d1f4.jpg","type":"image\/jpeg"}],"twitter_card":"summary_large_image","twitter_misc":{"Est. reading time":"3 minutes"},"schema":{"@context":"https:\/\/schema.org","@graph":[{"@type":"WebPage","@id":"https:\/\/webknjizara.hr\/proizvod\/una-marija-juracic\/","url":"https:\/\/webknjizara.hr\/proizvod\/una-marija-juracic\/","name":"UNA, Marija Jura\u010di\u0107 - Web-knji\u017eara","isPartOf":{"@id":"https:\/\/webknjizara.hr\/#website"},"primaryImageOfPage":{"@id":"https:\/\/webknjizara.hr\/proizvod\/una-marija-juracic\/#primaryimage"},"image":{"@id":"https:\/\/webknjizara.hr\/proizvod\/una-marija-juracic\/#primaryimage"},"thumbnailUrl":"https:\/\/webknjizara.hr\/wp-content\/uploads\/nc\/images\/virtuemart\/product\/una-marija-jura-5335240a8d1f4.jpg","datePublished":"2014-03-28T07:26:02+00:00","dateModified":"2023-02-26T23:16:06+00:00","breadcrumb":{"@id":"https:\/\/webknjizara.hr\/proizvod\/una-marija-juracic\/#breadcrumb"},"inLanguage":"en-US","potentialAction":[{"@type":"ReadAction","target":["https:\/\/webknjizara.hr\/proizvod\/una-marija-juracic\/"]}]},{"@type":"ImageObject","inLanguage":"en-US","@id":"https:\/\/webknjizara.hr\/proizvod\/una-marija-juracic\/#primaryimage","url":"https:\/\/webknjizara.hr\/wp-content\/uploads\/nc\/images\/virtuemart\/product\/una-marija-jura-5335240a8d1f4.jpg","contentUrl":"https:\/\/webknjizara.hr\/wp-content\/uploads\/nc\/images\/virtuemart\/product\/una-marija-jura-5335240a8d1f4.jpg","width":358,"height":500,"caption":"UNA, Marija Jura\u010di\u0107"},{"@type":"BreadcrumbList","@id":"https:\/\/webknjizara.hr\/proizvod\/una-marija-juracic\/#breadcrumb","itemListElement":[{"@type":"ListItem","position":1,"name":"Po\u010detna stranica","item":"https:\/\/webknjizara.hr\/en\/"},{"@type":"ListItem","position":2,"name":"Shop","item":"https:\/\/webknjizara.hr\/shop\/"},{"@type":"ListItem","position":3,"name":"UNA, Marija Jura\u010di\u0107"}]},{"@type":"WebSite","@id":"https:\/\/webknjizara.hr\/#website","url":"https:\/\/webknjizara.hr\/","name":"Web Knji\u017eara","description":"","publisher":{"@id":"https:\/\/webknjizara.hr\/#organization"},"potentialAction":[{"@type":"SearchAction","target":{"@type":"EntryPoint","urlTemplate":"https:\/\/webknjizara.hr\/?s={search_term_string}"},"query-input":{"@type":"PropertyValueSpecification","valueRequired":true,"valueName":"search_term_string"}}],"inLanguage":"en-US"},{"@type":"Organization","@id":"https:\/\/webknjizara.hr\/#organization","name":"REDAK D.O.O.","url":"https:\/\/webknjizara.hr\/","logo":{"@type":"ImageObject","inLanguage":"en-US","@id":"https:\/\/webknjizara.hr\/#\/schema\/logo\/image\/","url":"https:\/\/webknjizara.hr\/wp-content\/uploads\/2023\/01\/web-knjizara-logo.webp","contentUrl":"https:\/\/webknjizara.hr\/wp-content\/uploads\/2023\/01\/web-knjizara-logo.webp","width":324,"height":79,"caption":"REDAK D.O.O."},"image":{"@id":"https:\/\/webknjizara.hr\/#\/schema\/logo\/image\/"}}]}},"_links":{"self":[{"href":"https:\/\/webknjizara.hr\/en\/wp-json\/wp\/v2\/product\/7787","targetHints":{"allow":["GET"]}}],"collection":[{"href":"https:\/\/webknjizara.hr\/en\/wp-json\/wp\/v2\/product"}],"about":[{"href":"https:\/\/webknjizara.hr\/en\/wp-json\/wp\/v2\/types\/product"}],"replies":[{"embeddable":true,"href":"https:\/\/webknjizara.hr\/en\/wp-json\/wp\/v2\/comments?post=7787"}],"wp:featuredmedia":[{"embeddable":true,"href":"https:\/\/webknjizara.hr\/en\/wp-json\/wp\/v2\/media\/7788"}],"wp:attachment":[{"href":"https:\/\/webknjizara.hr\/en\/wp-json\/wp\/v2\/media?parent=7787"}],"wp:term":[{"taxonomy":"product_brand","embeddable":true,"href":"https:\/\/webknjizara.hr\/en\/wp-json\/wp\/v2\/product_brand?post=7787"},{"taxonomy":"product_cat","embeddable":true,"href":"https:\/\/webknjizara.hr\/en\/wp-json\/wp\/v2\/product_cat?post=7787"},{"taxonomy":"product_tag","embeddable":true,"href":"https:\/\/webknjizara.hr\/en\/wp-json\/wp\/v2\/product_tag?post=7787"}],"curies":[{"name":"wp","href":"https:\/\/api.w.org\/{rel}","templated":true}]}}