{"id":7781,"date":"2014-03-19T20:11:32","date_gmt":"2014-03-19T20:11:32","guid":{"rendered":"https:\/\/webknjizara.hr\/?product=vrata-bijega-odabrane-pjesme-vinko-hajnc"},"modified":"2023-02-27T00:16:05","modified_gmt":"2023-02-26T23:16:05","slug":"vrata-bijega-odabrane-pjesme-vinko-hajnc","status":"publish","type":"product","link":"https:\/\/webknjizara.hr\/en\/proizvod\/vrata-bijega-odabrane-pjesme-vinko-hajnc\/","title":{"rendered":"VRATA BIJEGA (odabrane pjesme), Vinko Hajnc"},"content":{"rendered":"<p style=\"text-align: justify;\"><strong><br \/>Bilje\u0161ka o autoru:<\/strong> <\/p>\n<p>U Trogiru je 29. Kolovoza 1942. ro\u0111en Vinko Hajnc, hrvatski pjesnik.<\/p>\n<p>Osnovnu i srednju pomorsku \u0161kolu zavr\u0161io je u Piranu te Pomorski fakultet u Rijeci, dobiv\u0161i zvanje diplomiranog in\u017eenjera pomorskog prometa. <br \/>Cijeli svoj radni vijek proveo je u zadarskoj tvrtki Tankerska plovidba, najprije kao pomorski \u010dasnik i upravitelj stroja, a potom kao tehni\u010dki inspektor, ostvariv\u0161i tako ukupno 43 godine plovidbe i putovanja po cijelom svijetu.<\/p>\n<p>Poezijom se po\u010deo baviti rano, a prvu zbirku pjesama pod naslovom \u201eJaha\u010d kamenog konja\u201c objavio je 1976.<br \/>Kao vrlo plodan pjesnik do sada je ostvario 11 zbirki pjesama, znatan broj eseja, reporta\u017ea i pri\u010da. Uvr\u0161ten je u vi\u0161e raznovrsnih hrvatskih antologija pjesni\u0161tva, te je dobitnik niza doma\u0107ih i me\u0111unarodnih priznanja i nagrada za svoje pjesni\u0161tvo.<\/p>\n<p>Pjesme su mu prevo\u0111ene uglavnom na engleski jezik. Aktivno sudjeluje u kulturnom \u017eivotu grada Zadra i zadarske \u017eupanije.<\/p>\n<p>\u010clan je Me\u0111unarodne organizacije \u201eWHO is WHO\u201c za Hrvatsku.<\/p>\n<p style=\"text-align: justify;\"><strong><br \/>Klju\u010dne rije\u010di:<\/strong>\u00a0\u00a0ljubav, prolaznost, smrt, \u017eena, more, bog, <br \/><strong><br \/>E-mail:<\/strong>\u00a0<a href=\"mailto:vinko.hajnc@zd.t-com.hr\">Vinko Hajnc<\/a><\/p>\n<p style=\"text-align: justify;\"><strong>Naslov:<\/strong> VRATA BIJEGA (odabrane pjesme)<br \/><strong>Autor:<\/strong> Vinko Hajnc<br \/><strong>Nakladnik:<\/strong> REDAK<br \/><strong>Godina izdanja:<\/strong> 2013.<br \/><strong>Broj stranica:<\/strong> 194<br \/><strong>ISBN:<\/strong> 978-953-336-107-9<br \/><strong>Tisak:<\/strong> digitalni tisak knjiga &#8211; print na zahtjev<\/p>\n","protected":false},"excerpt":{"rendered":"<p>Bilje\u0161ka o autoru: U Trogiru je 29. Kolovoza 1942. ro\u0111en Vinko Hajnc, hrvatski pjesnik. Osnovnu i srednju pomorsku \u0161kolu zavr\u0161io je u Piranu te Pomorski fakultet u Rijeci, dobiv\u0161i zvanje diplomiranog in\u017eenjera pomorskog prometa. Cijeli svoj radni vijek proveo je u zadarskoj tvrtki Tankerska plovidba, najprije kao pomorski \u010dasnik i upravitelj stroja, a potom kao [&hellip;]<\/p>\n","protected":false},"featured_media":7782,"comment_status":"open","ping_status":"closed","template":"","meta":{"_acf_changed":false},"product_brand":[],"product_cat":[1383,1385,1388],"product_tag":[],"class_list":{"0":"post-7781","1":"product","2":"type-product","3":"status-publish","4":"has-post-thumbnail","6":"product_cat-knjige","7":"product_cat-knjizevnost","8":"product_cat-poezija","9":"pa_autor-vinko-hajnc","10":"pa_nakladnik-redak","12":"first","13":"instock","14":"shipping-taxable","15":"purchasable","16":"product-type-simple"},"acf":[],"yoast_head":"<!-- This site is optimized with the Yoast SEO plugin v27.3 - https:\/\/yoast.com\/product\/yoast-seo-wordpress\/ -->\n<title>VRATA BIJEGA (odabrane pjesme), Vinko Hajnc - Web-knji\u017eara<\/title>\n<meta name=\"robots\" content=\"index, follow, max-snippet:-1, max-image-preview:large, max-video-preview:-1\" \/>\n<link rel=\"canonical\" href=\"https:\/\/webknjizara.hr\/proizvod\/vrata-bijega-odabrane-pjesme-vinko-hajnc\/\" \/>\n<meta property=\"og:locale\" content=\"en_US\" \/>\n<meta property=\"og:type\" content=\"article\" \/>\n<meta property=\"og:title\" content=\"VRATA BIJEGA (odabrane pjesme), Vinko Hajnc - Web-knji\u017eara\" \/>\n<meta property=\"og:description\" content=\"Bilje\u0161ka o autoru: U Trogiru je 29. Kolovoza 1942. ro\u0111en Vinko Hajnc, hrvatski pjesnik. Osnovnu i srednju pomorsku \u0161kolu zavr\u0161io je u Piranu te Pomorski fakultet u Rijeci, dobiv\u0161i zvanje diplomiranog in\u017eenjera pomorskog prometa. Cijeli svoj radni vijek proveo je u zadarskoj tvrtki Tankerska plovidba, najprije kao pomorski \u010dasnik i upravitelj stroja, a potom kao [&hellip;]\" \/>\n<meta property=\"og:url\" content=\"https:\/\/webknjizara.hr\/proizvod\/vrata-bijega-odabrane-pjesme-vinko-hajnc\/\" \/>\n<meta property=\"og:site_name\" content=\"Web-knji\u017eara\" \/>\n<meta property=\"article:modified_time\" content=\"2023-02-26T23:16:05+00:00\" \/>\n<meta property=\"og:image\" content=\"https:\/\/webknjizara.hr\/wp-content\/uploads\/nc\/images\/virtuemart\/product\/vrata-bijega-od-5329f9f4ce3d2.jpg\" \/>\n\t<meta property=\"og:image:width\" content=\"358\" \/>\n\t<meta property=\"og:image:height\" content=\"500\" \/>\n\t<meta property=\"og:image:type\" content=\"image\/jpeg\" \/>\n<meta name=\"twitter:card\" content=\"summary_large_image\" \/>\n<meta name=\"twitter:label1\" content=\"Est. reading time\" \/>\n\t<meta name=\"twitter:data1\" content=\"1 minute\" \/>\n<script type=\"application\/ld+json\" class=\"yoast-schema-graph\">{\"@context\":\"https:\\\/\\\/schema.org\",\"@graph\":[{\"@type\":\"WebPage\",\"@id\":\"https:\\\/\\\/webknjizara.hr\\\/proizvod\\\/vrata-bijega-odabrane-pjesme-vinko-hajnc\\\/\",\"url\":\"https:\\\/\\\/webknjizara.hr\\\/proizvod\\\/vrata-bijega-odabrane-pjesme-vinko-hajnc\\\/\",\"name\":\"VRATA BIJEGA (odabrane pjesme), Vinko Hajnc - Web-knji\u017eara\",\"isPartOf\":{\"@id\":\"https:\\\/\\\/webknjizara.hr\\\/#website\"},\"primaryImageOfPage\":{\"@id\":\"https:\\\/\\\/webknjizara.hr\\\/proizvod\\\/vrata-bijega-odabrane-pjesme-vinko-hajnc\\\/#primaryimage\"},\"image\":{\"@id\":\"https:\\\/\\\/webknjizara.hr\\\/proizvod\\\/vrata-bijega-odabrane-pjesme-vinko-hajnc\\\/#primaryimage\"},\"thumbnailUrl\":\"https:\\\/\\\/webknjizara.hr\\\/wp-content\\\/uploads\\\/nc\\\/images\\\/virtuemart\\\/product\\\/vrata-bijega-od-5329f9f4ce3d2.jpg\",\"datePublished\":\"2014-03-19T20:11:32+00:00\",\"dateModified\":\"2023-02-26T23:16:05+00:00\",\"breadcrumb\":{\"@id\":\"https:\\\/\\\/webknjizara.hr\\\/proizvod\\\/vrata-bijega-odabrane-pjesme-vinko-hajnc\\\/#breadcrumb\"},\"inLanguage\":\"en-US\",\"potentialAction\":[{\"@type\":\"ReadAction\",\"target\":[\"https:\\\/\\\/webknjizara.hr\\\/proizvod\\\/vrata-bijega-odabrane-pjesme-vinko-hajnc\\\/\"]}]},{\"@type\":\"ImageObject\",\"inLanguage\":\"en-US\",\"@id\":\"https:\\\/\\\/webknjizara.hr\\\/proizvod\\\/vrata-bijega-odabrane-pjesme-vinko-hajnc\\\/#primaryimage\",\"url\":\"https:\\\/\\\/webknjizara.hr\\\/wp-content\\\/uploads\\\/nc\\\/images\\\/virtuemart\\\/product\\\/vrata-bijega-od-5329f9f4ce3d2.jpg\",\"contentUrl\":\"https:\\\/\\\/webknjizara.hr\\\/wp-content\\\/uploads\\\/nc\\\/images\\\/virtuemart\\\/product\\\/vrata-bijega-od-5329f9f4ce3d2.jpg\",\"width\":358,\"height\":500,\"caption\":\"VRATA BIJEGA (odabrane pjesme), Vinko Hajnc\"},{\"@type\":\"BreadcrumbList\",\"@id\":\"https:\\\/\\\/webknjizara.hr\\\/proizvod\\\/vrata-bijega-odabrane-pjesme-vinko-hajnc\\\/#breadcrumb\",\"itemListElement\":[{\"@type\":\"ListItem\",\"position\":1,\"name\":\"Po\u010detna stranica\",\"item\":\"https:\\\/\\\/webknjizara.hr\\\/en\\\/\"},{\"@type\":\"ListItem\",\"position\":2,\"name\":\"Shop\",\"item\":\"https:\\\/\\\/webknjizara.hr\\\/shop\\\/\"},{\"@type\":\"ListItem\",\"position\":3,\"name\":\"VRATA BIJEGA (odabrane pjesme), Vinko Hajnc\"}]},{\"@type\":\"WebSite\",\"@id\":\"https:\\\/\\\/webknjizara.hr\\\/#website\",\"url\":\"https:\\\/\\\/webknjizara.hr\\\/\",\"name\":\"Web Knji\u017eara\",\"description\":\"\",\"publisher\":{\"@id\":\"https:\\\/\\\/webknjizara.hr\\\/#organization\"},\"potentialAction\":[{\"@type\":\"SearchAction\",\"target\":{\"@type\":\"EntryPoint\",\"urlTemplate\":\"https:\\\/\\\/webknjizara.hr\\\/?s={search_term_string}\"},\"query-input\":{\"@type\":\"PropertyValueSpecification\",\"valueRequired\":true,\"valueName\":\"search_term_string\"}}],\"inLanguage\":\"en-US\"},{\"@type\":\"Organization\",\"@id\":\"https:\\\/\\\/webknjizara.hr\\\/#organization\",\"name\":\"REDAK D.O.O.\",\"url\":\"https:\\\/\\\/webknjizara.hr\\\/\",\"logo\":{\"@type\":\"ImageObject\",\"inLanguage\":\"en-US\",\"@id\":\"https:\\\/\\\/webknjizara.hr\\\/#\\\/schema\\\/logo\\\/image\\\/\",\"url\":\"https:\\\/\\\/webknjizara.hr\\\/wp-content\\\/uploads\\\/2023\\\/01\\\/web-knjizara-logo.webp\",\"contentUrl\":\"https:\\\/\\\/webknjizara.hr\\\/wp-content\\\/uploads\\\/2023\\\/01\\\/web-knjizara-logo.webp\",\"width\":324,\"height\":79,\"caption\":\"REDAK D.O.O.\"},\"image\":{\"@id\":\"https:\\\/\\\/webknjizara.hr\\\/#\\\/schema\\\/logo\\\/image\\\/\"}}]}<\/script>\n<!-- \/ Yoast SEO plugin. -->","yoast_head_json":{"title":"VRATA BIJEGA (odabrane pjesme), Vinko Hajnc - Web-knji\u017eara","robots":{"index":"index","follow":"follow","max-snippet":"max-snippet:-1","max-image-preview":"max-image-preview:large","max-video-preview":"max-video-preview:-1"},"canonical":"https:\/\/webknjizara.hr\/proizvod\/vrata-bijega-odabrane-pjesme-vinko-hajnc\/","og_locale":"en_US","og_type":"article","og_title":"VRATA BIJEGA (odabrane pjesme), Vinko Hajnc - Web-knji\u017eara","og_description":"Bilje\u0161ka o autoru: U Trogiru je 29. Kolovoza 1942. ro\u0111en Vinko Hajnc, hrvatski pjesnik. Osnovnu i srednju pomorsku \u0161kolu zavr\u0161io je u Piranu te Pomorski fakultet u Rijeci, dobiv\u0161i zvanje diplomiranog in\u017eenjera pomorskog prometa. Cijeli svoj radni vijek proveo je u zadarskoj tvrtki Tankerska plovidba, najprije kao pomorski \u010dasnik i upravitelj stroja, a potom kao [&hellip;]","og_url":"https:\/\/webknjizara.hr\/proizvod\/vrata-bijega-odabrane-pjesme-vinko-hajnc\/","og_site_name":"Web-knji\u017eara","article_modified_time":"2023-02-26T23:16:05+00:00","og_image":[{"width":358,"height":500,"url":"https:\/\/webknjizara.hr\/wp-content\/uploads\/nc\/images\/virtuemart\/product\/vrata-bijega-od-5329f9f4ce3d2.jpg","type":"image\/jpeg"}],"twitter_card":"summary_large_image","twitter_misc":{"Est. reading time":"1 minute"},"schema":{"@context":"https:\/\/schema.org","@graph":[{"@type":"WebPage","@id":"https:\/\/webknjizara.hr\/proizvod\/vrata-bijega-odabrane-pjesme-vinko-hajnc\/","url":"https:\/\/webknjizara.hr\/proizvod\/vrata-bijega-odabrane-pjesme-vinko-hajnc\/","name":"VRATA BIJEGA (odabrane pjesme), Vinko Hajnc - Web-knji\u017eara","isPartOf":{"@id":"https:\/\/webknjizara.hr\/#website"},"primaryImageOfPage":{"@id":"https:\/\/webknjizara.hr\/proizvod\/vrata-bijega-odabrane-pjesme-vinko-hajnc\/#primaryimage"},"image":{"@id":"https:\/\/webknjizara.hr\/proizvod\/vrata-bijega-odabrane-pjesme-vinko-hajnc\/#primaryimage"},"thumbnailUrl":"https:\/\/webknjizara.hr\/wp-content\/uploads\/nc\/images\/virtuemart\/product\/vrata-bijega-od-5329f9f4ce3d2.jpg","datePublished":"2014-03-19T20:11:32+00:00","dateModified":"2023-02-26T23:16:05+00:00","breadcrumb":{"@id":"https:\/\/webknjizara.hr\/proizvod\/vrata-bijega-odabrane-pjesme-vinko-hajnc\/#breadcrumb"},"inLanguage":"en-US","potentialAction":[{"@type":"ReadAction","target":["https:\/\/webknjizara.hr\/proizvod\/vrata-bijega-odabrane-pjesme-vinko-hajnc\/"]}]},{"@type":"ImageObject","inLanguage":"en-US","@id":"https:\/\/webknjizara.hr\/proizvod\/vrata-bijega-odabrane-pjesme-vinko-hajnc\/#primaryimage","url":"https:\/\/webknjizara.hr\/wp-content\/uploads\/nc\/images\/virtuemart\/product\/vrata-bijega-od-5329f9f4ce3d2.jpg","contentUrl":"https:\/\/webknjizara.hr\/wp-content\/uploads\/nc\/images\/virtuemart\/product\/vrata-bijega-od-5329f9f4ce3d2.jpg","width":358,"height":500,"caption":"VRATA BIJEGA (odabrane pjesme), Vinko Hajnc"},{"@type":"BreadcrumbList","@id":"https:\/\/webknjizara.hr\/proizvod\/vrata-bijega-odabrane-pjesme-vinko-hajnc\/#breadcrumb","itemListElement":[{"@type":"ListItem","position":1,"name":"Po\u010detna stranica","item":"https:\/\/webknjizara.hr\/en\/"},{"@type":"ListItem","position":2,"name":"Shop","item":"https:\/\/webknjizara.hr\/shop\/"},{"@type":"ListItem","position":3,"name":"VRATA BIJEGA (odabrane pjesme), Vinko Hajnc"}]},{"@type":"WebSite","@id":"https:\/\/webknjizara.hr\/#website","url":"https:\/\/webknjizara.hr\/","name":"Web Knji\u017eara","description":"","publisher":{"@id":"https:\/\/webknjizara.hr\/#organization"},"potentialAction":[{"@type":"SearchAction","target":{"@type":"EntryPoint","urlTemplate":"https:\/\/webknjizara.hr\/?s={search_term_string}"},"query-input":{"@type":"PropertyValueSpecification","valueRequired":true,"valueName":"search_term_string"}}],"inLanguage":"en-US"},{"@type":"Organization","@id":"https:\/\/webknjizara.hr\/#organization","name":"REDAK D.O.O.","url":"https:\/\/webknjizara.hr\/","logo":{"@type":"ImageObject","inLanguage":"en-US","@id":"https:\/\/webknjizara.hr\/#\/schema\/logo\/image\/","url":"https:\/\/webknjizara.hr\/wp-content\/uploads\/2023\/01\/web-knjizara-logo.webp","contentUrl":"https:\/\/webknjizara.hr\/wp-content\/uploads\/2023\/01\/web-knjizara-logo.webp","width":324,"height":79,"caption":"REDAK D.O.O."},"image":{"@id":"https:\/\/webknjizara.hr\/#\/schema\/logo\/image\/"}}]}},"_links":{"self":[{"href":"https:\/\/webknjizara.hr\/en\/wp-json\/wp\/v2\/product\/7781","targetHints":{"allow":["GET"]}}],"collection":[{"href":"https:\/\/webknjizara.hr\/en\/wp-json\/wp\/v2\/product"}],"about":[{"href":"https:\/\/webknjizara.hr\/en\/wp-json\/wp\/v2\/types\/product"}],"replies":[{"embeddable":true,"href":"https:\/\/webknjizara.hr\/en\/wp-json\/wp\/v2\/comments?post=7781"}],"wp:featuredmedia":[{"embeddable":true,"href":"https:\/\/webknjizara.hr\/en\/wp-json\/wp\/v2\/media\/7782"}],"wp:attachment":[{"href":"https:\/\/webknjizara.hr\/en\/wp-json\/wp\/v2\/media?parent=7781"}],"wp:term":[{"taxonomy":"product_brand","embeddable":true,"href":"https:\/\/webknjizara.hr\/en\/wp-json\/wp\/v2\/product_brand?post=7781"},{"taxonomy":"product_cat","embeddable":true,"href":"https:\/\/webknjizara.hr\/en\/wp-json\/wp\/v2\/product_cat?post=7781"},{"taxonomy":"product_tag","embeddable":true,"href":"https:\/\/webknjizara.hr\/en\/wp-json\/wp\/v2\/product_tag?post=7781"}],"curies":[{"name":"wp","href":"https:\/\/api.w.org\/{rel}","templated":true}]}}