{"id":7779,"date":"2014-03-18T18:53:14","date_gmt":"2014-03-18T18:53:14","guid":{"rendered":"https:\/\/webknjizara.hr\/?product=bol-%e2%80%93-peti-vitalni-znak"},"modified":"2023-02-27T00:16:05","modified_gmt":"2023-02-26T23:16:05","slug":"bol-peti-vitalni-znak","status":"publish","type":"product","link":"https:\/\/webknjizara.hr\/en\/proizvod\/bol-peti-vitalni-znak\/","title":{"rendered":"BOL \u2013 PETI VITALNI ZNAK"},"content":{"rendered":"<p style=\"text-align: justify;\"><strong>Sa\u017eetak V Zbornika:<\/strong><\/p>\n<p>Bol je subjektivno iskustvo na koje uti\u010du fizi\u010dki, psihi\u010dki, socijalni i duhovni \u010dimbenici. Koncept totalne boli, prema konceptu Svjetske zdravstvene organizacije (SZO), prepoznaje zna\u010daj svih tih dimenzija, a bez pridavanja pozornosti svakoj od njih nije mogu\u0107e posti\u0107i dobro lije\u010denje boli. Kako se bol razlikuje po svojem izvoru, karakteru, i zna\u010denju tako je i pristup rje\u0161avanju i lije\u010denju boli u ordinaciji obiteljske medicine raznolik.<\/p>\n<p>Zna\u010denje boli i prepoznavanje svih dimenzija boli u radu lije\u010dnika obiteljske medicine, prepoznalo je i DNOOM te posvetilo toj temi cijeli kongres. Kongres je odr\u017ean u o\u017eujku 2014.<\/p>\n<p>Zbornik kongresa tiskan je na 566 stranice. Sam kongres podijeljen je u 7 sesija: \u201ePristup boli u obiteljskoj medicini&#8221;, \u201eKlini\u010dki pristup boli: bol u trbuhu, bol u prsnom ko\u0161u&#8221;, \u201eLije\u010denje neuropatske boli&#8221;, \u201eMaligna bol&#8221;, \u201ePsiholo\u0161ka komponenta boli&#8221; i \u201eTraumatska bol&#8221;. Pregledni \u010dlanci Zbornika slijede takav raspored pristupu boli.<\/p>\n<p>Ovaj Zbornik, kao i svi ostali, zbir su tekstova napisanih u obliku preglednih \u010dlanaka koji slu\u017ee kao nastavno \u0161tivo. Namijenjen je poslije diplomantima u okviru specijalizacije iz obiteljske medicine, ali i studentima. Od koristi \u0107e biti poglavito lije\u010dnicima obiteljske medicine u svakodnevnom radu, kada treba odlu\u010diti o dijagnosti\u010dkom postupku ili na\u010dinu lije\u010denja boli.<br \/><strong><br \/>Bilje\u0161ka o urednici:<\/strong><\/p>\n<p style=\"text-align: justify;\"><strong>Prof.dr.sc. Biserka Bergman Markovi\u0107<\/strong>, ro\u0111ena 13.01.1952. u Zagrebu, Hrvatska. Od 1976 godine radi u Ordinaciji op\u0107e medicine. Nakon specijalizacije iz obiteljske medicine 1982, zapo\u0161ljava se Katedri za obiteljsku medicine Medicinskog fakulteta u Zagrebu. Polje u\u017eeg interesa je prevencija kardiovaskularnih bolesti. Kao predsjednik Dru\u0161tva nastavnika op\u0107e\/obiteljske medicine od 2008. godine organizirala je svake godine kongres i dvadesetak radionica na kojima poti\u010de da lije\u010dnici obiteljske medicine sudjeluju kao nastavnici u trajnoj edukaciji lije\u010dnika obiteljske medicine. Autor nekoliko desetaka znanstvenih i stru\u010dnih radova, voditelj projekta o utjecaju intervenciji lije\u010dnika obiteljske medicine na sr\u010dano \u017eilnu bolest, redoviti profesor na Medicinskom fakultetu Zagreb. <\/p>\n<p><strong>Klju\u010dne rije\u010di:<\/strong> obiteljska medicina, zbornik, bol, peti vitalni znak<\/p>\n<p><strong>Link:<\/strong> <a href=\"http:\/\/www.dnoom.org\" target=\"_blank\" rel=\"noopener\">www.dnoom.org<\/a><br \/><strong>E-mail:<\/strong> <a href=\"mailto:bbergmanmarkovic@gmail.com\">Biserka Bergman Markovi\u0107<\/a>\u00a0<\/p>\n<p style=\"text-align: justify;\"><strong>Naslov:<\/strong> Bol \u2013 peti vitalni znak<br \/><strong>Autor:<\/strong> GRUPA AUTORA, Biserka Bergman Markovi\u0107 (ur.)<br \/><strong>Nakladnik:<\/strong> REDAK<br \/><strong>Godina izdanja:<\/strong> 2014.<br \/><strong>Tisak:<\/strong> digitalni tisak knjiga &#8211; print na zahtjev<\/p>\n","protected":false},"excerpt":{"rendered":"<p>Sa\u017eetak V Zbornika: Bol je subjektivno iskustvo na koje uti\u010du fizi\u010dki, psihi\u010dki, socijalni i duhovni \u010dimbenici. Koncept totalne boli, prema konceptu Svjetske zdravstvene organizacije (SZO), prepoznaje zna\u010daj svih tih dimenzija, a bez pridavanja pozornosti svakoj od njih nije mogu\u0107e posti\u0107i dobro lije\u010denje boli. Kako se bol razlikuje po svojem izvoru, karakteru, i zna\u010denju tako je [&hellip;]<\/p>\n","protected":false},"featured_media":7780,"comment_status":"open","ping_status":"closed","template":"","meta":{"_acf_changed":false},"product_brand":[],"product_cat":[1540,1517],"product_tag":[],"class_list":{"0":"post-7779","1":"product","2":"type-product","3":"status-publish","4":"has-post-thumbnail","6":"product_cat-biomedicina-i-zdravstvo","7":"product_cat-strucna-literatura","8":"pa_autor-grupa-autora","9":"pa_autor-biserka-bergman-markovic-ur","10":"pa_nakladnik-redak","12":"first","13":"instock","14":"shipping-taxable","15":"purchasable","16":"product-type-simple"},"acf":[],"yoast_head":"<!-- This site is optimized with the Yoast SEO plugin v27.3 - https:\/\/yoast.com\/product\/yoast-seo-wordpress\/ -->\n<title>BOL \u2013 PETI VITALNI ZNAK - Web-knji\u017eara<\/title>\n<meta name=\"robots\" content=\"index, follow, max-snippet:-1, max-image-preview:large, max-video-preview:-1\" \/>\n<link rel=\"canonical\" href=\"https:\/\/webknjizara.hr\/proizvod\/bol-peti-vitalni-znak\/\" \/>\n<meta property=\"og:locale\" content=\"en_US\" \/>\n<meta property=\"og:type\" content=\"article\" \/>\n<meta property=\"og:title\" content=\"BOL \u2013 PETI VITALNI ZNAK - Web-knji\u017eara\" \/>\n<meta property=\"og:description\" content=\"Sa\u017eetak V Zbornika: Bol je subjektivno iskustvo na koje uti\u010du fizi\u010dki, psihi\u010dki, socijalni i duhovni \u010dimbenici. Koncept totalne boli, prema konceptu Svjetske zdravstvene organizacije (SZO), prepoznaje zna\u010daj svih tih dimenzija, a bez pridavanja pozornosti svakoj od njih nije mogu\u0107e posti\u0107i dobro lije\u010denje boli. Kako se bol razlikuje po svojem izvoru, karakteru, i zna\u010denju tako je [&hellip;]\" \/>\n<meta property=\"og:url\" content=\"https:\/\/webknjizara.hr\/proizvod\/bol-peti-vitalni-znak\/\" \/>\n<meta property=\"og:site_name\" content=\"Web-knji\u017eara\" \/>\n<meta property=\"article:modified_time\" content=\"2023-02-26T23:16:05+00:00\" \/>\n<meta property=\"og:image\" content=\"https:\/\/webknjizara.hr\/wp-content\/uploads\/nc\/images\/virtuemart\/product\/bol-peti-vit-533524b022099.jpg\" \/>\n\t<meta property=\"og:image:width\" content=\"358\" \/>\n\t<meta property=\"og:image:height\" content=\"500\" \/>\n\t<meta property=\"og:image:type\" content=\"image\/jpeg\" \/>\n<meta name=\"twitter:card\" content=\"summary_large_image\" \/>\n<meta name=\"twitter:label1\" content=\"Est. reading time\" \/>\n\t<meta name=\"twitter:data1\" content=\"2 minutes\" \/>\n<script type=\"application\/ld+json\" class=\"yoast-schema-graph\">{\"@context\":\"https:\\\/\\\/schema.org\",\"@graph\":[{\"@type\":\"WebPage\",\"@id\":\"https:\\\/\\\/webknjizara.hr\\\/proizvod\\\/bol-peti-vitalni-znak\\\/\",\"url\":\"https:\\\/\\\/webknjizara.hr\\\/proizvod\\\/bol-peti-vitalni-znak\\\/\",\"name\":\"BOL \u2013 PETI VITALNI ZNAK - Web-knji\u017eara\",\"isPartOf\":{\"@id\":\"https:\\\/\\\/webknjizara.hr\\\/#website\"},\"primaryImageOfPage\":{\"@id\":\"https:\\\/\\\/webknjizara.hr\\\/proizvod\\\/bol-peti-vitalni-znak\\\/#primaryimage\"},\"image\":{\"@id\":\"https:\\\/\\\/webknjizara.hr\\\/proizvod\\\/bol-peti-vitalni-znak\\\/#primaryimage\"},\"thumbnailUrl\":\"https:\\\/\\\/webknjizara.hr\\\/wp-content\\\/uploads\\\/nc\\\/images\\\/virtuemart\\\/product\\\/bol-peti-vit-533524b022099.jpg\",\"datePublished\":\"2014-03-18T18:53:14+00:00\",\"dateModified\":\"2023-02-26T23:16:05+00:00\",\"breadcrumb\":{\"@id\":\"https:\\\/\\\/webknjizara.hr\\\/proizvod\\\/bol-peti-vitalni-znak\\\/#breadcrumb\"},\"inLanguage\":\"en-US\",\"potentialAction\":[{\"@type\":\"ReadAction\",\"target\":[\"https:\\\/\\\/webknjizara.hr\\\/proizvod\\\/bol-peti-vitalni-znak\\\/\"]}]},{\"@type\":\"ImageObject\",\"inLanguage\":\"en-US\",\"@id\":\"https:\\\/\\\/webknjizara.hr\\\/proizvod\\\/bol-peti-vitalni-znak\\\/#primaryimage\",\"url\":\"https:\\\/\\\/webknjizara.hr\\\/wp-content\\\/uploads\\\/nc\\\/images\\\/virtuemart\\\/product\\\/bol-peti-vit-533524b022099.jpg\",\"contentUrl\":\"https:\\\/\\\/webknjizara.hr\\\/wp-content\\\/uploads\\\/nc\\\/images\\\/virtuemart\\\/product\\\/bol-peti-vit-533524b022099.jpg\",\"width\":358,\"height\":500,\"caption\":\"BOL \u2013 PETI VITALNI ZNAK\"},{\"@type\":\"BreadcrumbList\",\"@id\":\"https:\\\/\\\/webknjizara.hr\\\/proizvod\\\/bol-peti-vitalni-znak\\\/#breadcrumb\",\"itemListElement\":[{\"@type\":\"ListItem\",\"position\":1,\"name\":\"Po\u010detna stranica\",\"item\":\"https:\\\/\\\/webknjizara.hr\\\/en\\\/\"},{\"@type\":\"ListItem\",\"position\":2,\"name\":\"Shop\",\"item\":\"https:\\\/\\\/webknjizara.hr\\\/shop\\\/\"},{\"@type\":\"ListItem\",\"position\":3,\"name\":\"BOL \u2013 PETI VITALNI ZNAK\"}]},{\"@type\":\"WebSite\",\"@id\":\"https:\\\/\\\/webknjizara.hr\\\/#website\",\"url\":\"https:\\\/\\\/webknjizara.hr\\\/\",\"name\":\"Web Knji\u017eara\",\"description\":\"\",\"publisher\":{\"@id\":\"https:\\\/\\\/webknjizara.hr\\\/#organization\"},\"potentialAction\":[{\"@type\":\"SearchAction\",\"target\":{\"@type\":\"EntryPoint\",\"urlTemplate\":\"https:\\\/\\\/webknjizara.hr\\\/?s={search_term_string}\"},\"query-input\":{\"@type\":\"PropertyValueSpecification\",\"valueRequired\":true,\"valueName\":\"search_term_string\"}}],\"inLanguage\":\"en-US\"},{\"@type\":\"Organization\",\"@id\":\"https:\\\/\\\/webknjizara.hr\\\/#organization\",\"name\":\"REDAK D.O.O.\",\"url\":\"https:\\\/\\\/webknjizara.hr\\\/\",\"logo\":{\"@type\":\"ImageObject\",\"inLanguage\":\"en-US\",\"@id\":\"https:\\\/\\\/webknjizara.hr\\\/#\\\/schema\\\/logo\\\/image\\\/\",\"url\":\"https:\\\/\\\/webknjizara.hr\\\/wp-content\\\/uploads\\\/2023\\\/01\\\/web-knjizara-logo.webp\",\"contentUrl\":\"https:\\\/\\\/webknjizara.hr\\\/wp-content\\\/uploads\\\/2023\\\/01\\\/web-knjizara-logo.webp\",\"width\":324,\"height\":79,\"caption\":\"REDAK D.O.O.\"},\"image\":{\"@id\":\"https:\\\/\\\/webknjizara.hr\\\/#\\\/schema\\\/logo\\\/image\\\/\"}}]}<\/script>\n<!-- \/ Yoast SEO plugin. -->","yoast_head_json":{"title":"BOL \u2013 PETI VITALNI ZNAK - Web-knji\u017eara","robots":{"index":"index","follow":"follow","max-snippet":"max-snippet:-1","max-image-preview":"max-image-preview:large","max-video-preview":"max-video-preview:-1"},"canonical":"https:\/\/webknjizara.hr\/proizvod\/bol-peti-vitalni-znak\/","og_locale":"en_US","og_type":"article","og_title":"BOL \u2013 PETI VITALNI ZNAK - Web-knji\u017eara","og_description":"Sa\u017eetak V Zbornika: Bol je subjektivno iskustvo na koje uti\u010du fizi\u010dki, psihi\u010dki, socijalni i duhovni \u010dimbenici. Koncept totalne boli, prema konceptu Svjetske zdravstvene organizacije (SZO), prepoznaje zna\u010daj svih tih dimenzija, a bez pridavanja pozornosti svakoj od njih nije mogu\u0107e posti\u0107i dobro lije\u010denje boli. Kako se bol razlikuje po svojem izvoru, karakteru, i zna\u010denju tako je [&hellip;]","og_url":"https:\/\/webknjizara.hr\/proizvod\/bol-peti-vitalni-znak\/","og_site_name":"Web-knji\u017eara","article_modified_time":"2023-02-26T23:16:05+00:00","og_image":[{"width":358,"height":500,"url":"https:\/\/webknjizara.hr\/wp-content\/uploads\/nc\/images\/virtuemart\/product\/bol-peti-vit-533524b022099.jpg","type":"image\/jpeg"}],"twitter_card":"summary_large_image","twitter_misc":{"Est. reading time":"2 minutes"},"schema":{"@context":"https:\/\/schema.org","@graph":[{"@type":"WebPage","@id":"https:\/\/webknjizara.hr\/proizvod\/bol-peti-vitalni-znak\/","url":"https:\/\/webknjizara.hr\/proizvod\/bol-peti-vitalni-znak\/","name":"BOL \u2013 PETI VITALNI ZNAK - Web-knji\u017eara","isPartOf":{"@id":"https:\/\/webknjizara.hr\/#website"},"primaryImageOfPage":{"@id":"https:\/\/webknjizara.hr\/proizvod\/bol-peti-vitalni-znak\/#primaryimage"},"image":{"@id":"https:\/\/webknjizara.hr\/proizvod\/bol-peti-vitalni-znak\/#primaryimage"},"thumbnailUrl":"https:\/\/webknjizara.hr\/wp-content\/uploads\/nc\/images\/virtuemart\/product\/bol-peti-vit-533524b022099.jpg","datePublished":"2014-03-18T18:53:14+00:00","dateModified":"2023-02-26T23:16:05+00:00","breadcrumb":{"@id":"https:\/\/webknjizara.hr\/proizvod\/bol-peti-vitalni-znak\/#breadcrumb"},"inLanguage":"en-US","potentialAction":[{"@type":"ReadAction","target":["https:\/\/webknjizara.hr\/proizvod\/bol-peti-vitalni-znak\/"]}]},{"@type":"ImageObject","inLanguage":"en-US","@id":"https:\/\/webknjizara.hr\/proizvod\/bol-peti-vitalni-znak\/#primaryimage","url":"https:\/\/webknjizara.hr\/wp-content\/uploads\/nc\/images\/virtuemart\/product\/bol-peti-vit-533524b022099.jpg","contentUrl":"https:\/\/webknjizara.hr\/wp-content\/uploads\/nc\/images\/virtuemart\/product\/bol-peti-vit-533524b022099.jpg","width":358,"height":500,"caption":"BOL \u2013 PETI VITALNI ZNAK"},{"@type":"BreadcrumbList","@id":"https:\/\/webknjizara.hr\/proizvod\/bol-peti-vitalni-znak\/#breadcrumb","itemListElement":[{"@type":"ListItem","position":1,"name":"Po\u010detna stranica","item":"https:\/\/webknjizara.hr\/en\/"},{"@type":"ListItem","position":2,"name":"Shop","item":"https:\/\/webknjizara.hr\/shop\/"},{"@type":"ListItem","position":3,"name":"BOL \u2013 PETI VITALNI ZNAK"}]},{"@type":"WebSite","@id":"https:\/\/webknjizara.hr\/#website","url":"https:\/\/webknjizara.hr\/","name":"Web Knji\u017eara","description":"","publisher":{"@id":"https:\/\/webknjizara.hr\/#organization"},"potentialAction":[{"@type":"SearchAction","target":{"@type":"EntryPoint","urlTemplate":"https:\/\/webknjizara.hr\/?s={search_term_string}"},"query-input":{"@type":"PropertyValueSpecification","valueRequired":true,"valueName":"search_term_string"}}],"inLanguage":"en-US"},{"@type":"Organization","@id":"https:\/\/webknjizara.hr\/#organization","name":"REDAK D.O.O.","url":"https:\/\/webknjizara.hr\/","logo":{"@type":"ImageObject","inLanguage":"en-US","@id":"https:\/\/webknjizara.hr\/#\/schema\/logo\/image\/","url":"https:\/\/webknjizara.hr\/wp-content\/uploads\/2023\/01\/web-knjizara-logo.webp","contentUrl":"https:\/\/webknjizara.hr\/wp-content\/uploads\/2023\/01\/web-knjizara-logo.webp","width":324,"height":79,"caption":"REDAK D.O.O."},"image":{"@id":"https:\/\/webknjizara.hr\/#\/schema\/logo\/image\/"}}]}},"_links":{"self":[{"href":"https:\/\/webknjizara.hr\/en\/wp-json\/wp\/v2\/product\/7779","targetHints":{"allow":["GET"]}}],"collection":[{"href":"https:\/\/webknjizara.hr\/en\/wp-json\/wp\/v2\/product"}],"about":[{"href":"https:\/\/webknjizara.hr\/en\/wp-json\/wp\/v2\/types\/product"}],"replies":[{"embeddable":true,"href":"https:\/\/webknjizara.hr\/en\/wp-json\/wp\/v2\/comments?post=7779"}],"wp:featuredmedia":[{"embeddable":true,"href":"https:\/\/webknjizara.hr\/en\/wp-json\/wp\/v2\/media\/7780"}],"wp:attachment":[{"href":"https:\/\/webknjizara.hr\/en\/wp-json\/wp\/v2\/media?parent=7779"}],"wp:term":[{"taxonomy":"product_brand","embeddable":true,"href":"https:\/\/webknjizara.hr\/en\/wp-json\/wp\/v2\/product_brand?post=7779"},{"taxonomy":"product_cat","embeddable":true,"href":"https:\/\/webknjizara.hr\/en\/wp-json\/wp\/v2\/product_cat?post=7779"},{"taxonomy":"product_tag","embeddable":true,"href":"https:\/\/webknjizara.hr\/en\/wp-json\/wp\/v2\/product_tag?post=7779"}],"curies":[{"name":"wp","href":"https:\/\/api.w.org\/{rel}","templated":true}]}}